{"id":102925,"date":"2020-05-28T13:24:13","date_gmt":"2020-05-28T11:24:13","guid":{"rendered":"https:\/\/socialdesignmagazine.com\/mag\/products-selection\/?post_type=product&#038;p=102925"},"modified":"2023-03-23T16:58:58","modified_gmt":"2023-03-23T15:58:58","slug":"mobile-contenitore-componibili-smile-n2-2-cassetti-rosso-design-anna-castelli-ferrierifabio-novembre-for-kartell","status":"publish","type":"product","link":"https:\/\/socialdesignmagazine.com\/mag\/products-selection\/product\/mobile-contenitore-componibili-smile-n2-2-cassetti-rosso-design-anna-castelli-ferrierifabio-novembre-for-kartell\/","title":{"rendered":"Mobile contenitore Componibili Smile N\u00b02 \/ 2 cassetti Rosso design Anna Castelli Ferrieri|Fabio Novembre for Kartell"},"content":{"rendered":"<p>Kartell non smette di reinventare l&#8217;iconica Componibili, creata da Anna Castelli Ferreri nel 1968. Il designer italiano Fabio Novembre ci propone una versione \u2018\u20192.0\u2019\u2019 di questo grande classico. Fun e di tendenza, questa nuova edizione si ispira agli emoticon o agli smile. Questi piccoli pittogrammi che spopolano sulla rete costituiscono ormai un vero linguaggio a parte! Il leggendario mobile rotondo prende vita e si anima: i fori che servono tradizionalmente da manici si trasformano in bocca e occhi. Un omaggio, una risata e un sorriso risvegliano questa collezione in un colore rosso davvero dinamico. La sua forma ludica, stimola l&#8217;immaginazione e suscita una simpatia immediata. Carismatico, Componibili Smile apporta il suo buonumore ovunque in casa: salotto, cucina, studio, ingresso, cameretta dei bambini&#8230; E&#8217; nel 1968 che la designer Anna Castelli Ferreri, sposa il fondatore di Kartell, e crea i celebri Componibili. Questo cilindro in plastica sagomato con le sue linee sobrie e funzionali \u00e8 un simbolo di rottura con il design nel corso degli anni &#8216;1960. Pop, democratico, accessibile, pratico, modulabile: questo piccolo modulo risponde pienamente alle esigenze di una nuova societ\u00e0 che si prende vita. Il Componibili presto conoscer\u00e0 un successo crescente grazie alla sua grande funzionalit\u00e0. Compatto e versatile Componibili \u00e8 ideale in qualsiasi stanza di casa, per terra o su di un mobile. Risponde a diverse funzioni: comodino in camera, tavolino in salotto, piccolo scomparto in bagno o in cucina, sgabello se necessario&#8230; In questa versione &#8220;&#8221;Smile&#8221;&#8221; \u00e8 compatibile per un utilizzo in esterno. La sua aria da bambino scherzoso lo rende particolarmente adatto ad uno spazio Kid. Prodotto da quasi mezzo secolo, il Componibili si \u00e8 imposto nel corso dei decenni come un vero classico del design. Ricompensato da diversi premi, \u00e8 esposto al Museo d&#8217;Arte Moderna di New York e al Centre Pompidou di Parigi. Data di creazione: 1968 &#8211; Compatibile interno\/esterno &#8211; Prodotto in Italia &#8211; Icona del design italiano &#8211; Esposto al Museo d&#8217;Arte moderna di New York e al Centre Pompidou di Parigi &#8211; 2 cassetti con anta scorrevole<\/p>\n","protected":false},"excerpt":{"rendered":"<p>Il designer italiano Fabio Novembre ci propone una versione \u2018\u20192.0\u2019\u2019 di questo grande classico. Fun e di tendenza, questa nuova edizione si ispira agli emoticon o agli smile.<\/p>\n","protected":false},"featured_media":135572,"template":"","meta":{"_acf_changed":false,"jetpack_post_was_ever_published":false,"jetpack_publicize_message":"","jetpack_publicize_feature_enabled":true,"jetpack_social_post_already_shared":false,"jetpack_social_options":{"image_generator_settings":{"template":"highway","default_image_id":0,"font":"","enabled":false},"version":2}},"pwb-brand":[1226],"product_brand":[],"product_cat":[703,337,374,607,1229,702],"product_tag":[166],"class_list":{"0":"post-102925","1":"product","2":"type-product","3":"status-publish","4":"has-post-thumbnail","6":"pwb-brand-kartell","7":"product_cat-anna-castelli-ferrieri","8":"product_cat-arredamento","9":"product_cat-complementi","10":"product_cat-designers","11":"product_cat-fabio-novembre","12":"product_cat-mobile-contenitore","13":"product_tag-portaoggetti","14":"pa_colore-rosso","15":"pa_designer-anna-castelli-ferrieri","16":"pa_designer-fabio-novembre","17":"pa_downloads-2d","18":"pa_downloads-3d","19":"pa_materiale-abs","20":"pa_produttore-kartell","21":"pa_serie-componibili","22":"pa_tipo-di-prodotto-mobile-contenitore","24":"first","25":"instock","26":"featured","27":"product-type-external"},"acf":[],"yoast_head":"<!-- This site is optimized with the Yoast SEO plugin v27.2 - https:\/\/yoast.com\/product\/yoast-seo-wordpress\/ -->\n<title>Mobile contenitore Componibili Smile N\u00b02 \/ 2 cassetti Rosso design Anna Castelli Ferrieri|Fabio Novembre for Kartell - SDM Product Selection<\/title>\n<meta name=\"description\" content=\"Il designer italiano Fabio Novembre ci propone una versione \u2018\u20192.0\u2019\u2019 di questo grande classico. Fun e di tendenza, questa nuova edizione si ispira agli emoticon o agli smile.\" \/>\n<meta name=\"robots\" content=\"index, follow, max-snippet:-1, max-image-preview:large, max-video-preview:-1\" \/>\n<link rel=\"canonical\" href=\"https:\/\/socialdesignmagazine.com\/mag\/products-selection\/product\/mobile-contenitore-componibili-smile-n2-2-cassetti-rosso-design-anna-castelli-ferrierifabio-novembre-for-kartell\/\" \/>\n<meta property=\"og:locale\" content=\"it_IT\" \/>\n<meta property=\"og:type\" content=\"article\" \/>\n<meta property=\"og:title\" content=\"Mobile contenitore Componibili Smile N\u00b02 \/ 2 cassetti Rosso design Anna Castelli Ferrieri|Fabio Novembre for Kartell - SDM Product Selection\" \/>\n<meta property=\"og:description\" content=\"Il designer italiano Fabio Novembre ci propone una versione \u2018\u20192.0\u2019\u2019 di questo grande classico. Fun e di tendenza, questa nuova edizione si ispira agli emoticon o agli smile.\" \/>\n<meta property=\"og:url\" content=\"https:\/\/socialdesignmagazine.com\/mag\/products-selection\/product\/mobile-contenitore-componibili-smile-n2-2-cassetti-rosso-design-anna-castelli-ferrierifabio-novembre-for-kartell\/\" \/>\n<meta property=\"og:site_name\" content=\"SDM Product Selection\" \/>\n<meta property=\"article:publisher\" content=\"https:\/\/www.facebook.com\/socialdesignmag\" \/>\n<meta property=\"article:modified_time\" content=\"2023-03-23T15:58:58+00:00\" \/>\n<meta property=\"og:image\" content=\"https:\/\/socialdesignmagazine.com\/mag\/products-selection\/wp-content\/uploads\/sites\/2\/2020\/12\/Mobile-contenitore-Componibili-Smile-N\u00b02-2-cassetti-Rosso-Kartell-Anna-Castelli-FerrieriFabio-Novembre.jpg\" \/>\n\t<meta property=\"og:image:width\" content=\"684\" \/>\n\t<meta property=\"og:image:height\" content=\"852\" \/>\n\t<meta property=\"og:image:type\" content=\"image\/jpeg\" \/>\n<meta name=\"twitter:card\" content=\"summary_large_image\" \/>\n<meta name=\"twitter:site\" content=\"@socialdesignmag\" \/>\n<meta name=\"twitter:label1\" content=\"Tempo di lettura stimato\" \/>\n\t<meta name=\"twitter:data1\" content=\"2 minuti\" \/>\n<script type=\"application\/ld+json\" class=\"yoast-schema-graph\">{\"@context\":\"https:\/\/schema.org\",\"@graph\":[{\"@type\":\"WebPage\",\"@id\":\"https:\/\/socialdesignmagazine.com\/mag\/products-selection\/product\/mobile-contenitore-componibili-smile-n2-2-cassetti-rosso-design-anna-castelli-ferrierifabio-novembre-for-kartell\/\",\"url\":\"https:\/\/socialdesignmagazine.com\/mag\/products-selection\/product\/mobile-contenitore-componibili-smile-n2-2-cassetti-rosso-design-anna-castelli-ferrierifabio-novembre-for-kartell\/\",\"name\":\"Mobile contenitore Componibili Smile N\u00b02 \/ 2 cassetti Rosso design Anna Castelli Ferrieri|Fabio Novembre for Kartell - SDM Product Selection\",\"isPartOf\":{\"@id\":\"https:\/\/socialdesignmagazine.com\/mag\/products-selection\/#website\"},\"primaryImageOfPage\":{\"@id\":\"https:\/\/socialdesignmagazine.com\/mag\/products-selection\/product\/mobile-contenitore-componibili-smile-n2-2-cassetti-rosso-design-anna-castelli-ferrierifabio-novembre-for-kartell\/#primaryimage\"},\"image\":{\"@id\":\"https:\/\/socialdesignmagazine.com\/mag\/products-selection\/product\/mobile-contenitore-componibili-smile-n2-2-cassetti-rosso-design-anna-castelli-ferrierifabio-novembre-for-kartell\/#primaryimage\"},\"thumbnailUrl\":\"https:\/\/socialdesignmagazine.com\/mag\/products-selection\/wp-content\/uploads\/sites\/2\/2020\/12\/Mobile-contenitore-Componibili-Smile-N\u00b02-2-cassetti-Rosso-Kartell-Anna-Castelli-FerrieriFabio-Novembre.jpg\",\"datePublished\":\"2020-05-28T11:24:13+00:00\",\"dateModified\":\"2023-03-23T15:58:58+00:00\",\"description\":\"Il designer italiano Fabio Novembre ci propone una versione \u2018\u20192.0\u2019\u2019 di questo grande classico. Fun e di tendenza, questa nuova edizione si ispira agli emoticon o agli smile.\",\"breadcrumb\":{\"@id\":\"https:\/\/socialdesignmagazine.com\/mag\/products-selection\/product\/mobile-contenitore-componibili-smile-n2-2-cassetti-rosso-design-anna-castelli-ferrierifabio-novembre-for-kartell\/#breadcrumb\"},\"inLanguage\":\"it-IT\",\"potentialAction\":[{\"@type\":\"ReadAction\",\"target\":[\"https:\/\/socialdesignmagazine.com\/mag\/products-selection\/product\/mobile-contenitore-componibili-smile-n2-2-cassetti-rosso-design-anna-castelli-ferrierifabio-novembre-for-kartell\/\"]}]},{\"@type\":\"ImageObject\",\"inLanguage\":\"it-IT\",\"@id\":\"https:\/\/socialdesignmagazine.com\/mag\/products-selection\/product\/mobile-contenitore-componibili-smile-n2-2-cassetti-rosso-design-anna-castelli-ferrierifabio-novembre-for-kartell\/#primaryimage\",\"url\":\"https:\/\/socialdesignmagazine.com\/mag\/products-selection\/wp-content\/uploads\/sites\/2\/2020\/12\/Mobile-contenitore-Componibili-Smile-N\u00b02-2-cassetti-Rosso-Kartell-Anna-Castelli-FerrieriFabio-Novembre.jpg\",\"contentUrl\":\"https:\/\/socialdesignmagazine.com\/mag\/products-selection\/wp-content\/uploads\/sites\/2\/2020\/12\/Mobile-contenitore-Componibili-Smile-N\u00b02-2-cassetti-Rosso-Kartell-Anna-Castelli-FerrieriFabio-Novembre.jpg\",\"width\":684,\"height\":852,\"caption\":\"Mobile contenitore Componibili Smile N\u00b02 \/ 2 cassetti Rosso Kartell Anna Castelli Ferrieri|Fabio Novembre 1\"},{\"@type\":\"BreadcrumbList\",\"@id\":\"https:\/\/socialdesignmagazine.com\/mag\/products-selection\/product\/mobile-contenitore-componibili-smile-n2-2-cassetti-rosso-design-anna-castelli-ferrierifabio-novembre-for-kartell\/#breadcrumb\",\"itemListElement\":[{\"@type\":\"ListItem\",\"position\":1,\"name\":\"Home\",\"item\":\"https:\/\/socialdesignmagazine.com\/mag\/products-selection\/\"},{\"@type\":\"ListItem\",\"position\":2,\"name\":\"Tutti i prodotti\",\"item\":\"https:\/\/socialdesignmagazine.com\/mag\/products-selection\/tutti-i-prodotti\/\"},{\"@type\":\"ListItem\",\"position\":3,\"name\":\"Mobile contenitore Componibili Smile N\u00b02 \/ 2 cassetti Rosso design Anna Castelli Ferrieri|Fabio Novembre for Kartell\"}]},{\"@type\":\"WebSite\",\"@id\":\"https:\/\/socialdesignmagazine.com\/mag\/products-selection\/#website\",\"url\":\"https:\/\/socialdesignmagazine.com\/mag\/products-selection\/\",\"name\":\"SDM Product Selection\",\"description\":\"Una selezioni di prodotti dei brand pi\u00f9 interessanti per arredare e progettare\",\"publisher\":{\"@id\":\"https:\/\/socialdesignmagazine.com\/mag\/products-selection\/#organization\"},\"potentialAction\":[{\"@type\":\"SearchAction\",\"target\":{\"@type\":\"EntryPoint\",\"urlTemplate\":\"https:\/\/socialdesignmagazine.com\/mag\/products-selection\/?s={search_term_string}\"},\"query-input\":{\"@type\":\"PropertyValueSpecification\",\"valueRequired\":true,\"valueName\":\"search_term_string\"}}],\"inLanguage\":\"it-IT\"},{\"@type\":\"Organization\",\"@id\":\"https:\/\/socialdesignmagazine.com\/mag\/products-selection\/#organization\",\"name\":\"Social Design Magazine\",\"url\":\"https:\/\/socialdesignmagazine.com\/mag\/products-selection\/\",\"logo\":{\"@type\":\"ImageObject\",\"inLanguage\":\"it-IT\",\"@id\":\"https:\/\/socialdesignmagazine.com\/mag\/products-selection\/#\/schema\/logo\/image\/\",\"url\":\"https:\/\/socialdesignmagazine.com\/mag\/products-selection\/wp-content\/uploads\/sites\/2\/2015\/05\/social-design-magazine-logo.png\",\"contentUrl\":\"https:\/\/socialdesignmagazine.com\/mag\/products-selection\/wp-content\/uploads\/sites\/2\/2015\/05\/social-design-magazine-logo.png\",\"width\":251,\"height\":101,\"caption\":\"Social Design Magazine\"},\"image\":{\"@id\":\"https:\/\/socialdesignmagazine.com\/mag\/products-selection\/#\/schema\/logo\/image\/\"},\"sameAs\":[\"https:\/\/www.facebook.com\/socialdesignmag\",\"https:\/\/x.com\/socialdesignmag\",\"http:\/\/instagram.com\/social_design_magazine\/\",\"http:\/\/pinterest.com\/socialdesignmag\/\",\"http:\/\/www.youtube.com\/user\/socialdesignmagazine\"]}]}<\/script>\n<!-- \/ Yoast SEO plugin. -->","yoast_head_json":{"title":"Mobile contenitore Componibili Smile N\u00b02 \/ 2 cassetti Rosso design Anna Castelli Ferrieri|Fabio Novembre for Kartell - SDM Product Selection","description":"Il designer italiano Fabio Novembre ci propone una versione \u2018\u20192.0\u2019\u2019 di questo grande classico. Fun e di tendenza, questa nuova edizione si ispira agli emoticon o agli smile.","robots":{"index":"index","follow":"follow","max-snippet":"max-snippet:-1","max-image-preview":"max-image-preview:large","max-video-preview":"max-video-preview:-1"},"canonical":"https:\/\/socialdesignmagazine.com\/mag\/products-selection\/product\/mobile-contenitore-componibili-smile-n2-2-cassetti-rosso-design-anna-castelli-ferrierifabio-novembre-for-kartell\/","og_locale":"it_IT","og_type":"article","og_title":"Mobile contenitore Componibili Smile N\u00b02 \/ 2 cassetti Rosso design Anna Castelli Ferrieri|Fabio Novembre for Kartell - SDM Product Selection","og_description":"Il designer italiano Fabio Novembre ci propone una versione \u2018\u20192.0\u2019\u2019 di questo grande classico. Fun e di tendenza, questa nuova edizione si ispira agli emoticon o agli smile.","og_url":"https:\/\/socialdesignmagazine.com\/mag\/products-selection\/product\/mobile-contenitore-componibili-smile-n2-2-cassetti-rosso-design-anna-castelli-ferrierifabio-novembre-for-kartell\/","og_site_name":"SDM Product Selection","article_publisher":"https:\/\/www.facebook.com\/socialdesignmag","article_modified_time":"2023-03-23T15:58:58+00:00","og_image":[{"width":684,"height":852,"url":"https:\/\/socialdesignmagazine.com\/mag\/products-selection\/wp-content\/uploads\/sites\/2\/2020\/12\/Mobile-contenitore-Componibili-Smile-N\u00b02-2-cassetti-Rosso-Kartell-Anna-Castelli-FerrieriFabio-Novembre.jpg","type":"image\/jpeg"}],"twitter_card":"summary_large_image","twitter_site":"@socialdesignmag","twitter_misc":{"Tempo di lettura stimato":"2 minuti"},"schema":{"@context":"https:\/\/schema.org","@graph":[{"@type":"WebPage","@id":"https:\/\/socialdesignmagazine.com\/mag\/products-selection\/product\/mobile-contenitore-componibili-smile-n2-2-cassetti-rosso-design-anna-castelli-ferrierifabio-novembre-for-kartell\/","url":"https:\/\/socialdesignmagazine.com\/mag\/products-selection\/product\/mobile-contenitore-componibili-smile-n2-2-cassetti-rosso-design-anna-castelli-ferrierifabio-novembre-for-kartell\/","name":"Mobile contenitore Componibili Smile N\u00b02 \/ 2 cassetti Rosso design Anna Castelli Ferrieri|Fabio Novembre for Kartell - SDM Product Selection","isPartOf":{"@id":"https:\/\/socialdesignmagazine.com\/mag\/products-selection\/#website"},"primaryImageOfPage":{"@id":"https:\/\/socialdesignmagazine.com\/mag\/products-selection\/product\/mobile-contenitore-componibili-smile-n2-2-cassetti-rosso-design-anna-castelli-ferrierifabio-novembre-for-kartell\/#primaryimage"},"image":{"@id":"https:\/\/socialdesignmagazine.com\/mag\/products-selection\/product\/mobile-contenitore-componibili-smile-n2-2-cassetti-rosso-design-anna-castelli-ferrierifabio-novembre-for-kartell\/#primaryimage"},"thumbnailUrl":"https:\/\/socialdesignmagazine.com\/mag\/products-selection\/wp-content\/uploads\/sites\/2\/2020\/12\/Mobile-contenitore-Componibili-Smile-N\u00b02-2-cassetti-Rosso-Kartell-Anna-Castelli-FerrieriFabio-Novembre.jpg","datePublished":"2020-05-28T11:24:13+00:00","dateModified":"2023-03-23T15:58:58+00:00","description":"Il designer italiano Fabio Novembre ci propone una versione \u2018\u20192.0\u2019\u2019 di questo grande classico. Fun e di tendenza, questa nuova edizione si ispira agli emoticon o agli smile.","breadcrumb":{"@id":"https:\/\/socialdesignmagazine.com\/mag\/products-selection\/product\/mobile-contenitore-componibili-smile-n2-2-cassetti-rosso-design-anna-castelli-ferrierifabio-novembre-for-kartell\/#breadcrumb"},"inLanguage":"it-IT","potentialAction":[{"@type":"ReadAction","target":["https:\/\/socialdesignmagazine.com\/mag\/products-selection\/product\/mobile-contenitore-componibili-smile-n2-2-cassetti-rosso-design-anna-castelli-ferrierifabio-novembre-for-kartell\/"]}]},{"@type":"ImageObject","inLanguage":"it-IT","@id":"https:\/\/socialdesignmagazine.com\/mag\/products-selection\/product\/mobile-contenitore-componibili-smile-n2-2-cassetti-rosso-design-anna-castelli-ferrierifabio-novembre-for-kartell\/#primaryimage","url":"https:\/\/socialdesignmagazine.com\/mag\/products-selection\/wp-content\/uploads\/sites\/2\/2020\/12\/Mobile-contenitore-Componibili-Smile-N\u00b02-2-cassetti-Rosso-Kartell-Anna-Castelli-FerrieriFabio-Novembre.jpg","contentUrl":"https:\/\/socialdesignmagazine.com\/mag\/products-selection\/wp-content\/uploads\/sites\/2\/2020\/12\/Mobile-contenitore-Componibili-Smile-N\u00b02-2-cassetti-Rosso-Kartell-Anna-Castelli-FerrieriFabio-Novembre.jpg","width":684,"height":852,"caption":"Mobile contenitore Componibili Smile N\u00b02 \/ 2 cassetti Rosso Kartell Anna Castelli Ferrieri|Fabio Novembre 1"},{"@type":"BreadcrumbList","@id":"https:\/\/socialdesignmagazine.com\/mag\/products-selection\/product\/mobile-contenitore-componibili-smile-n2-2-cassetti-rosso-design-anna-castelli-ferrierifabio-novembre-for-kartell\/#breadcrumb","itemListElement":[{"@type":"ListItem","position":1,"name":"Home","item":"https:\/\/socialdesignmagazine.com\/mag\/products-selection\/"},{"@type":"ListItem","position":2,"name":"Tutti i prodotti","item":"https:\/\/socialdesignmagazine.com\/mag\/products-selection\/tutti-i-prodotti\/"},{"@type":"ListItem","position":3,"name":"Mobile contenitore Componibili Smile N\u00b02 \/ 2 cassetti Rosso design Anna Castelli Ferrieri|Fabio Novembre for Kartell"}]},{"@type":"WebSite","@id":"https:\/\/socialdesignmagazine.com\/mag\/products-selection\/#website","url":"https:\/\/socialdesignmagazine.com\/mag\/products-selection\/","name":"SDM Product Selection","description":"Una selezioni di prodotti dei brand pi\u00f9 interessanti per arredare e progettare","publisher":{"@id":"https:\/\/socialdesignmagazine.com\/mag\/products-selection\/#organization"},"potentialAction":[{"@type":"SearchAction","target":{"@type":"EntryPoint","urlTemplate":"https:\/\/socialdesignmagazine.com\/mag\/products-selection\/?s={search_term_string}"},"query-input":{"@type":"PropertyValueSpecification","valueRequired":true,"valueName":"search_term_string"}}],"inLanguage":"it-IT"},{"@type":"Organization","@id":"https:\/\/socialdesignmagazine.com\/mag\/products-selection\/#organization","name":"Social Design Magazine","url":"https:\/\/socialdesignmagazine.com\/mag\/products-selection\/","logo":{"@type":"ImageObject","inLanguage":"it-IT","@id":"https:\/\/socialdesignmagazine.com\/mag\/products-selection\/#\/schema\/logo\/image\/","url":"https:\/\/socialdesignmagazine.com\/mag\/products-selection\/wp-content\/uploads\/sites\/2\/2015\/05\/social-design-magazine-logo.png","contentUrl":"https:\/\/socialdesignmagazine.com\/mag\/products-selection\/wp-content\/uploads\/sites\/2\/2015\/05\/social-design-magazine-logo.png","width":251,"height":101,"caption":"Social Design Magazine"},"image":{"@id":"https:\/\/socialdesignmagazine.com\/mag\/products-selection\/#\/schema\/logo\/image\/"},"sameAs":["https:\/\/www.facebook.com\/socialdesignmag","https:\/\/x.com\/socialdesignmag","http:\/\/instagram.com\/social_design_magazine\/","http:\/\/pinterest.com\/socialdesignmag\/","http:\/\/www.youtube.com\/user\/socialdesignmagazine"]}]}},"jetpack_publicize_connections":[],"jetpack_sharing_enabled":true,"brands":[{"id":1226,"name":"Kartell","slug":"kartell"}],"_links":{"self":[{"href":"https:\/\/socialdesignmagazine.com\/mag\/products-selection\/wp-json\/wp\/v2\/product\/102925","targetHints":{"allow":["GET"]}}],"collection":[{"href":"https:\/\/socialdesignmagazine.com\/mag\/products-selection\/wp-json\/wp\/v2\/product"}],"about":[{"href":"https:\/\/socialdesignmagazine.com\/mag\/products-selection\/wp-json\/wp\/v2\/types\/product"}],"wp:featuredmedia":[{"embeddable":true,"href":"https:\/\/socialdesignmagazine.com\/mag\/products-selection\/wp-json\/wp\/v2\/media\/135572"}],"wp:attachment":[{"href":"https:\/\/socialdesignmagazine.com\/mag\/products-selection\/wp-json\/wp\/v2\/media?parent=102925"}],"wp:term":[{"taxonomy":"pwb-brand","embeddable":true,"href":"https:\/\/socialdesignmagazine.com\/mag\/products-selection\/wp-json\/wp\/v2\/pwb-brand?post=102925"},{"taxonomy":"product_brand","embeddable":true,"href":"https:\/\/socialdesignmagazine.com\/mag\/products-selection\/wp-json\/wp\/v2\/product_brand?post=102925"},{"taxonomy":"product_cat","embeddable":true,"href":"https:\/\/socialdesignmagazine.com\/mag\/products-selection\/wp-json\/wp\/v2\/product_cat?post=102925"},{"taxonomy":"product_tag","embeddable":true,"href":"https:\/\/socialdesignmagazine.com\/mag\/products-selection\/wp-json\/wp\/v2\/product_tag?post=102925"}],"curies":[{"name":"wp","href":"https:\/\/api.w.org\/{rel}","templated":true}]}}