{"id":102950,"date":"2020-05-28T13:24:18","date_gmt":"2020-05-28T11:24:18","guid":{"rendered":"https:\/\/socialdesignmagazine.com\/mag\/products-selection\/?post_type=product&#038;p=102950"},"modified":"2020-12-25T16:03:10","modified_gmt":"2020-12-25T15:03:10","slug":"mobile-contenitore-componibili-3-cassetti-rosso-design-anna-castelli-ferrieri-for-kartell","status":"publish","type":"product","link":"https:\/\/socialdesignmagazine.com\/mag\/products-selection\/product\/mobile-contenitore-componibili-3-cassetti-rosso-design-anna-castelli-ferrieri-for-kartell\/","title":{"rendered":"Mobile contenitore Componibili \/ 3 cassetti Rosso design Anna Castelli Ferrieri for Kartell"},"content":{"rendered":"<p>Per le feste di fine anno, Kartell propone un&#8217;edizione speciale dei famosi Componibili in colore rosso! Questo mobile contenitore in stile anni settanta, creato da Anna Castelli Ferrieri nel 1968, \u00e8 di grande tendenza in questo nuovo colore! Un tocco di allegria e di originalit\u00e0 e una grande variet\u00e0 di usi: comodino in camera da letto, mobiletto in salotto, mobile contenitore in studio, in cucina o in bagno&#8230;\u00c8 inoltre disponibile con due elementi.   3 elementi con piano<\/p>\n","protected":false},"excerpt":{"rendered":"<p>Per le feste di fine anno, Kartell propone un&#8217;edizione speciale dei famosi Componibili in colore rosso!<\/p>\n","protected":false},"featured_media":135623,"template":"","meta":{"_acf_changed":false,"jetpack_post_was_ever_published":false,"jetpack_publicize_message":"","jetpack_publicize_feature_enabled":true,"jetpack_social_post_already_shared":false,"jetpack_social_options":{"image_generator_settings":{"template":"highway","default_image_id":0,"font":"","enabled":false},"version":2}},"pwb-brand":[1226],"product_brand":[],"product_cat":[703,337,374,607,702],"product_tag":[166],"class_list":{"0":"post-102950","1":"product","2":"type-product","3":"status-publish","4":"has-post-thumbnail","6":"pwb-brand-kartell","7":"product_cat-anna-castelli-ferrieri","8":"product_cat-arredamento","9":"product_cat-complementi","10":"product_cat-designers","11":"product_cat-mobile-contenitore","12":"product_tag-portaoggetti","13":"pa_altezza-585-mm","14":"pa_colore-rosso","15":"pa_designer-anna-castelli-ferrieri","16":"pa_downloads-2d","17":"pa_downloads-3d","18":"pa_larghezza-320-mm","19":"pa_materiale-abs","20":"pa_produttore-kartell","21":"pa_profondita-320-mm","22":"pa_serie-componibili","23":"pa_tipo-di-prodotto-mobile-contenitore","25":"first","26":"instock","27":"product-type-external"},"acf":[],"yoast_head":"<!-- This site is optimized with the Yoast SEO plugin v27.2 - https:\/\/yoast.com\/product\/yoast-seo-wordpress\/ -->\n<title>Mobile contenitore Componibili \/ 3 cassetti Rosso design Anna Castelli Ferrieri for Kartell - SDM Product Selection<\/title>\n<meta name=\"description\" content=\"Per le feste di fine anno, Kartell propone un&#039;edizione speciale dei famosi Componibili in colore rosso!\" \/>\n<meta name=\"robots\" content=\"index, follow, max-snippet:-1, max-image-preview:large, max-video-preview:-1\" \/>\n<link rel=\"canonical\" href=\"https:\/\/socialdesignmagazine.com\/mag\/products-selection\/product\/mobile-contenitore-componibili-3-cassetti-rosso-design-anna-castelli-ferrieri-for-kartell\/\" \/>\n<meta property=\"og:locale\" content=\"it_IT\" \/>\n<meta property=\"og:type\" content=\"article\" \/>\n<meta property=\"og:title\" content=\"Mobile contenitore Componibili \/ 3 cassetti Rosso design Anna Castelli Ferrieri for Kartell - SDM Product Selection\" \/>\n<meta property=\"og:description\" content=\"Per le feste di fine anno, Kartell propone un&#039;edizione speciale dei famosi Componibili in colore rosso!\" \/>\n<meta property=\"og:url\" content=\"https:\/\/socialdesignmagazine.com\/mag\/products-selection\/product\/mobile-contenitore-componibili-3-cassetti-rosso-design-anna-castelli-ferrieri-for-kartell\/\" \/>\n<meta property=\"og:site_name\" content=\"SDM Product Selection\" \/>\n<meta property=\"article:publisher\" content=\"https:\/\/www.facebook.com\/socialdesignmag\" \/>\n<meta property=\"article:modified_time\" content=\"2020-12-25T15:03:10+00:00\" \/>\n<meta property=\"og:image\" content=\"https:\/\/socialdesignmagazine.com\/mag\/products-selection\/wp-content\/uploads\/sites\/2\/2020\/12\/Mobile-contenitore-Componibili-3-cassetti-Rosso-Kartell-Anna-Castelli-Ferrieri.jpg\" \/>\n\t<meta property=\"og:image:width\" content=\"228\" \/>\n\t<meta property=\"og:image:height\" content=\"400\" \/>\n\t<meta property=\"og:image:type\" content=\"image\/jpeg\" \/>\n<meta name=\"twitter:card\" content=\"summary_large_image\" \/>\n<meta name=\"twitter:site\" content=\"@socialdesignmag\" \/>\n<script type=\"application\/ld+json\" class=\"yoast-schema-graph\">{\"@context\":\"https:\/\/schema.org\",\"@graph\":[{\"@type\":\"WebPage\",\"@id\":\"https:\/\/socialdesignmagazine.com\/mag\/products-selection\/product\/mobile-contenitore-componibili-3-cassetti-rosso-design-anna-castelli-ferrieri-for-kartell\/\",\"url\":\"https:\/\/socialdesignmagazine.com\/mag\/products-selection\/product\/mobile-contenitore-componibili-3-cassetti-rosso-design-anna-castelli-ferrieri-for-kartell\/\",\"name\":\"Mobile contenitore Componibili \/ 3 cassetti Rosso design Anna Castelli Ferrieri for Kartell - SDM Product Selection\",\"isPartOf\":{\"@id\":\"https:\/\/socialdesignmagazine.com\/mag\/products-selection\/#website\"},\"primaryImageOfPage\":{\"@id\":\"https:\/\/socialdesignmagazine.com\/mag\/products-selection\/product\/mobile-contenitore-componibili-3-cassetti-rosso-design-anna-castelli-ferrieri-for-kartell\/#primaryimage\"},\"image\":{\"@id\":\"https:\/\/socialdesignmagazine.com\/mag\/products-selection\/product\/mobile-contenitore-componibili-3-cassetti-rosso-design-anna-castelli-ferrieri-for-kartell\/#primaryimage\"},\"thumbnailUrl\":\"https:\/\/socialdesignmagazine.com\/mag\/products-selection\/wp-content\/uploads\/sites\/2\/2020\/12\/Mobile-contenitore-Componibili-3-cassetti-Rosso-Kartell-Anna-Castelli-Ferrieri.jpg\",\"datePublished\":\"2020-05-28T11:24:18+00:00\",\"dateModified\":\"2020-12-25T15:03:10+00:00\",\"description\":\"Per le feste di fine anno, Kartell propone un'edizione speciale dei famosi Componibili in colore rosso!\",\"breadcrumb\":{\"@id\":\"https:\/\/socialdesignmagazine.com\/mag\/products-selection\/product\/mobile-contenitore-componibili-3-cassetti-rosso-design-anna-castelli-ferrieri-for-kartell\/#breadcrumb\"},\"inLanguage\":\"it-IT\",\"potentialAction\":[{\"@type\":\"ReadAction\",\"target\":[\"https:\/\/socialdesignmagazine.com\/mag\/products-selection\/product\/mobile-contenitore-componibili-3-cassetti-rosso-design-anna-castelli-ferrieri-for-kartell\/\"]}]},{\"@type\":\"ImageObject\",\"inLanguage\":\"it-IT\",\"@id\":\"https:\/\/socialdesignmagazine.com\/mag\/products-selection\/product\/mobile-contenitore-componibili-3-cassetti-rosso-design-anna-castelli-ferrieri-for-kartell\/#primaryimage\",\"url\":\"https:\/\/socialdesignmagazine.com\/mag\/products-selection\/wp-content\/uploads\/sites\/2\/2020\/12\/Mobile-contenitore-Componibili-3-cassetti-Rosso-Kartell-Anna-Castelli-Ferrieri.jpg\",\"contentUrl\":\"https:\/\/socialdesignmagazine.com\/mag\/products-selection\/wp-content\/uploads\/sites\/2\/2020\/12\/Mobile-contenitore-Componibili-3-cassetti-Rosso-Kartell-Anna-Castelli-Ferrieri.jpg\",\"width\":228,\"height\":400,\"caption\":\"Mobile contenitore Componibili \/ 3 cassetti Rosso Kartell Anna Castelli Ferrieri 1\"},{\"@type\":\"BreadcrumbList\",\"@id\":\"https:\/\/socialdesignmagazine.com\/mag\/products-selection\/product\/mobile-contenitore-componibili-3-cassetti-rosso-design-anna-castelli-ferrieri-for-kartell\/#breadcrumb\",\"itemListElement\":[{\"@type\":\"ListItem\",\"position\":1,\"name\":\"Home\",\"item\":\"https:\/\/socialdesignmagazine.com\/mag\/products-selection\/\"},{\"@type\":\"ListItem\",\"position\":2,\"name\":\"Tutti i prodotti\",\"item\":\"https:\/\/socialdesignmagazine.com\/mag\/products-selection\/tutti-i-prodotti\/\"},{\"@type\":\"ListItem\",\"position\":3,\"name\":\"Mobile contenitore Componibili \/ 3 cassetti Rosso design Anna Castelli Ferrieri for Kartell\"}]},{\"@type\":\"WebSite\",\"@id\":\"https:\/\/socialdesignmagazine.com\/mag\/products-selection\/#website\",\"url\":\"https:\/\/socialdesignmagazine.com\/mag\/products-selection\/\",\"name\":\"SDM Product Selection\",\"description\":\"Una selezioni di prodotti dei brand pi\u00f9 interessanti per arredare e progettare\",\"publisher\":{\"@id\":\"https:\/\/socialdesignmagazine.com\/mag\/products-selection\/#organization\"},\"potentialAction\":[{\"@type\":\"SearchAction\",\"target\":{\"@type\":\"EntryPoint\",\"urlTemplate\":\"https:\/\/socialdesignmagazine.com\/mag\/products-selection\/?s={search_term_string}\"},\"query-input\":{\"@type\":\"PropertyValueSpecification\",\"valueRequired\":true,\"valueName\":\"search_term_string\"}}],\"inLanguage\":\"it-IT\"},{\"@type\":\"Organization\",\"@id\":\"https:\/\/socialdesignmagazine.com\/mag\/products-selection\/#organization\",\"name\":\"Social Design Magazine\",\"url\":\"https:\/\/socialdesignmagazine.com\/mag\/products-selection\/\",\"logo\":{\"@type\":\"ImageObject\",\"inLanguage\":\"it-IT\",\"@id\":\"https:\/\/socialdesignmagazine.com\/mag\/products-selection\/#\/schema\/logo\/image\/\",\"url\":\"https:\/\/socialdesignmagazine.com\/mag\/products-selection\/wp-content\/uploads\/sites\/2\/2015\/05\/social-design-magazine-logo.png\",\"contentUrl\":\"https:\/\/socialdesignmagazine.com\/mag\/products-selection\/wp-content\/uploads\/sites\/2\/2015\/05\/social-design-magazine-logo.png\",\"width\":251,\"height\":101,\"caption\":\"Social Design Magazine\"},\"image\":{\"@id\":\"https:\/\/socialdesignmagazine.com\/mag\/products-selection\/#\/schema\/logo\/image\/\"},\"sameAs\":[\"https:\/\/www.facebook.com\/socialdesignmag\",\"https:\/\/x.com\/socialdesignmag\",\"http:\/\/instagram.com\/social_design_magazine\/\",\"http:\/\/pinterest.com\/socialdesignmag\/\",\"http:\/\/www.youtube.com\/user\/socialdesignmagazine\"]}]}<\/script>\n<!-- \/ Yoast SEO plugin. -->","yoast_head_json":{"title":"Mobile contenitore Componibili \/ 3 cassetti Rosso design Anna Castelli Ferrieri for Kartell - SDM Product Selection","description":"Per le feste di fine anno, Kartell propone un'edizione speciale dei famosi Componibili in colore rosso!","robots":{"index":"index","follow":"follow","max-snippet":"max-snippet:-1","max-image-preview":"max-image-preview:large","max-video-preview":"max-video-preview:-1"},"canonical":"https:\/\/socialdesignmagazine.com\/mag\/products-selection\/product\/mobile-contenitore-componibili-3-cassetti-rosso-design-anna-castelli-ferrieri-for-kartell\/","og_locale":"it_IT","og_type":"article","og_title":"Mobile contenitore Componibili \/ 3 cassetti Rosso design Anna Castelli Ferrieri for Kartell - SDM Product Selection","og_description":"Per le feste di fine anno, Kartell propone un'edizione speciale dei famosi Componibili in colore rosso!","og_url":"https:\/\/socialdesignmagazine.com\/mag\/products-selection\/product\/mobile-contenitore-componibili-3-cassetti-rosso-design-anna-castelli-ferrieri-for-kartell\/","og_site_name":"SDM Product Selection","article_publisher":"https:\/\/www.facebook.com\/socialdesignmag","article_modified_time":"2020-12-25T15:03:10+00:00","og_image":[{"width":228,"height":400,"url":"https:\/\/socialdesignmagazine.com\/mag\/products-selection\/wp-content\/uploads\/sites\/2\/2020\/12\/Mobile-contenitore-Componibili-3-cassetti-Rosso-Kartell-Anna-Castelli-Ferrieri.jpg","type":"image\/jpeg"}],"twitter_card":"summary_large_image","twitter_site":"@socialdesignmag","schema":{"@context":"https:\/\/schema.org","@graph":[{"@type":"WebPage","@id":"https:\/\/socialdesignmagazine.com\/mag\/products-selection\/product\/mobile-contenitore-componibili-3-cassetti-rosso-design-anna-castelli-ferrieri-for-kartell\/","url":"https:\/\/socialdesignmagazine.com\/mag\/products-selection\/product\/mobile-contenitore-componibili-3-cassetti-rosso-design-anna-castelli-ferrieri-for-kartell\/","name":"Mobile contenitore Componibili \/ 3 cassetti Rosso design Anna Castelli Ferrieri for Kartell - SDM Product Selection","isPartOf":{"@id":"https:\/\/socialdesignmagazine.com\/mag\/products-selection\/#website"},"primaryImageOfPage":{"@id":"https:\/\/socialdesignmagazine.com\/mag\/products-selection\/product\/mobile-contenitore-componibili-3-cassetti-rosso-design-anna-castelli-ferrieri-for-kartell\/#primaryimage"},"image":{"@id":"https:\/\/socialdesignmagazine.com\/mag\/products-selection\/product\/mobile-contenitore-componibili-3-cassetti-rosso-design-anna-castelli-ferrieri-for-kartell\/#primaryimage"},"thumbnailUrl":"https:\/\/socialdesignmagazine.com\/mag\/products-selection\/wp-content\/uploads\/sites\/2\/2020\/12\/Mobile-contenitore-Componibili-3-cassetti-Rosso-Kartell-Anna-Castelli-Ferrieri.jpg","datePublished":"2020-05-28T11:24:18+00:00","dateModified":"2020-12-25T15:03:10+00:00","description":"Per le feste di fine anno, Kartell propone un'edizione speciale dei famosi Componibili in colore rosso!","breadcrumb":{"@id":"https:\/\/socialdesignmagazine.com\/mag\/products-selection\/product\/mobile-contenitore-componibili-3-cassetti-rosso-design-anna-castelli-ferrieri-for-kartell\/#breadcrumb"},"inLanguage":"it-IT","potentialAction":[{"@type":"ReadAction","target":["https:\/\/socialdesignmagazine.com\/mag\/products-selection\/product\/mobile-contenitore-componibili-3-cassetti-rosso-design-anna-castelli-ferrieri-for-kartell\/"]}]},{"@type":"ImageObject","inLanguage":"it-IT","@id":"https:\/\/socialdesignmagazine.com\/mag\/products-selection\/product\/mobile-contenitore-componibili-3-cassetti-rosso-design-anna-castelli-ferrieri-for-kartell\/#primaryimage","url":"https:\/\/socialdesignmagazine.com\/mag\/products-selection\/wp-content\/uploads\/sites\/2\/2020\/12\/Mobile-contenitore-Componibili-3-cassetti-Rosso-Kartell-Anna-Castelli-Ferrieri.jpg","contentUrl":"https:\/\/socialdesignmagazine.com\/mag\/products-selection\/wp-content\/uploads\/sites\/2\/2020\/12\/Mobile-contenitore-Componibili-3-cassetti-Rosso-Kartell-Anna-Castelli-Ferrieri.jpg","width":228,"height":400,"caption":"Mobile contenitore Componibili \/ 3 cassetti Rosso Kartell Anna Castelli Ferrieri 1"},{"@type":"BreadcrumbList","@id":"https:\/\/socialdesignmagazine.com\/mag\/products-selection\/product\/mobile-contenitore-componibili-3-cassetti-rosso-design-anna-castelli-ferrieri-for-kartell\/#breadcrumb","itemListElement":[{"@type":"ListItem","position":1,"name":"Home","item":"https:\/\/socialdesignmagazine.com\/mag\/products-selection\/"},{"@type":"ListItem","position":2,"name":"Tutti i prodotti","item":"https:\/\/socialdesignmagazine.com\/mag\/products-selection\/tutti-i-prodotti\/"},{"@type":"ListItem","position":3,"name":"Mobile contenitore Componibili \/ 3 cassetti Rosso design Anna Castelli Ferrieri for Kartell"}]},{"@type":"WebSite","@id":"https:\/\/socialdesignmagazine.com\/mag\/products-selection\/#website","url":"https:\/\/socialdesignmagazine.com\/mag\/products-selection\/","name":"SDM Product Selection","description":"Una selezioni di prodotti dei brand pi\u00f9 interessanti per arredare e progettare","publisher":{"@id":"https:\/\/socialdesignmagazine.com\/mag\/products-selection\/#organization"},"potentialAction":[{"@type":"SearchAction","target":{"@type":"EntryPoint","urlTemplate":"https:\/\/socialdesignmagazine.com\/mag\/products-selection\/?s={search_term_string}"},"query-input":{"@type":"PropertyValueSpecification","valueRequired":true,"valueName":"search_term_string"}}],"inLanguage":"it-IT"},{"@type":"Organization","@id":"https:\/\/socialdesignmagazine.com\/mag\/products-selection\/#organization","name":"Social Design Magazine","url":"https:\/\/socialdesignmagazine.com\/mag\/products-selection\/","logo":{"@type":"ImageObject","inLanguage":"it-IT","@id":"https:\/\/socialdesignmagazine.com\/mag\/products-selection\/#\/schema\/logo\/image\/","url":"https:\/\/socialdesignmagazine.com\/mag\/products-selection\/wp-content\/uploads\/sites\/2\/2015\/05\/social-design-magazine-logo.png","contentUrl":"https:\/\/socialdesignmagazine.com\/mag\/products-selection\/wp-content\/uploads\/sites\/2\/2015\/05\/social-design-magazine-logo.png","width":251,"height":101,"caption":"Social Design Magazine"},"image":{"@id":"https:\/\/socialdesignmagazine.com\/mag\/products-selection\/#\/schema\/logo\/image\/"},"sameAs":["https:\/\/www.facebook.com\/socialdesignmag","https:\/\/x.com\/socialdesignmag","http:\/\/instagram.com\/social_design_magazine\/","http:\/\/pinterest.com\/socialdesignmag\/","http:\/\/www.youtube.com\/user\/socialdesignmagazine"]}]}},"jetpack_publicize_connections":[],"jetpack_sharing_enabled":true,"brands":[{"id":1226,"name":"Kartell","slug":"kartell"}],"_links":{"self":[{"href":"https:\/\/socialdesignmagazine.com\/mag\/products-selection\/wp-json\/wp\/v2\/product\/102950","targetHints":{"allow":["GET"]}}],"collection":[{"href":"https:\/\/socialdesignmagazine.com\/mag\/products-selection\/wp-json\/wp\/v2\/product"}],"about":[{"href":"https:\/\/socialdesignmagazine.com\/mag\/products-selection\/wp-json\/wp\/v2\/types\/product"}],"wp:featuredmedia":[{"embeddable":true,"href":"https:\/\/socialdesignmagazine.com\/mag\/products-selection\/wp-json\/wp\/v2\/media\/135623"}],"wp:attachment":[{"href":"https:\/\/socialdesignmagazine.com\/mag\/products-selection\/wp-json\/wp\/v2\/media?parent=102950"}],"wp:term":[{"taxonomy":"pwb-brand","embeddable":true,"href":"https:\/\/socialdesignmagazine.com\/mag\/products-selection\/wp-json\/wp\/v2\/pwb-brand?post=102950"},{"taxonomy":"product_brand","embeddable":true,"href":"https:\/\/socialdesignmagazine.com\/mag\/products-selection\/wp-json\/wp\/v2\/product_brand?post=102950"},{"taxonomy":"product_cat","embeddable":true,"href":"https:\/\/socialdesignmagazine.com\/mag\/products-selection\/wp-json\/wp\/v2\/product_cat?post=102950"},{"taxonomy":"product_tag","embeddable":true,"href":"https:\/\/socialdesignmagazine.com\/mag\/products-selection\/wp-json\/wp\/v2\/product_tag?post=102950"}],"curies":[{"name":"wp","href":"https:\/\/api.w.org\/{rel}","templated":true}]}}