{"id":102962,"date":"2020-05-28T13:24:21","date_gmt":"2020-05-28T11:24:21","guid":{"rendered":"https:\/\/socialdesignmagazine.com\/mag\/products-selection\/?post_type=product&#038;p=102962"},"modified":"2020-12-25T16:03:13","modified_gmt":"2020-12-25T15:03:13","slug":"lampada-da-terra-kabuki-outdoor-trasparente-design-ferruccio-laviani-for-kartell","status":"publish","type":"product","link":"https:\/\/socialdesignmagazine.com\/mag\/products-selection\/product\/lampada-da-terra-kabuki-outdoor-trasparente-design-ferruccio-laviani-for-kartell\/","title":{"rendered":"Lampada da terra Kabuki Outdoor Trasparente design Ferruccio Laviani for Kartell"},"content":{"rendered":"<p>&#8220;Seducente e femminile, questa lampada dalle curve sensuali \u00e8 abbellita di pizzo dalla testa ai piedi! Con le sue forme lavorate e sofisticate, Kabuki presenta uno stile barocco rivisitato dal materiale plastico traforato. Questa preziosa rete dai motivi delicati gioca con la trasparenza e la luce, e d\u00e0 vita a delle splendide proiezioni d&#8217;ombre. Nonostante le linee massicce, la silhouette di Kabuki \u00e8 eterea, leggera, delicata, quasi impalpabile&#8230; La finezza dei motivi, la ricchezza del lavoro di intreccio sono ottenuti grazie ad un procedimento industriale complesso che ricorda la tecnica artigianalae del crochet. Kabuki ci fa scoprire la plastica sotto un aspetto assolutamente inedito e innovativo! La ricchezza della lavorazione rivisita un aspetto prezioso e &#8220;&#8221;fatto a mano&#8221;&#8221;. Questa lampada \u00e8 adatta ad un utilizzo in esterno (\u00e8 disponibile anche in una versione solamente per l&#8217;interno). Per l&#8217;interno &#038; l&#8217;esterno (\u00e8 disponibile in una versione solamente per l&#8217;interno) &#8211; IP 44 &#8211; Variatore posto sul corpo della lampada &#8211; Sorgente LED integrata (non sostituibile): 26W, 2700K &#8211; 220-240V&#8221;<\/p>\n","protected":false},"excerpt":{"rendered":"<p>&#8220;Seducente e femminile, questa lampada dalle curve sensuali \u00e8 abbellita di pizzo dalla testa ai piedi! Con le sue forme lavorate e sofisticate, Kabuki presenta uno stile barocco rivisitato dal<\/p>\n","protected":false},"featured_media":135640,"template":"","meta":{"_acf_changed":false,"jetpack_post_was_ever_published":false,"jetpack_publicize_message":"","jetpack_publicize_feature_enabled":true,"jetpack_social_post_already_shared":false,"jetpack_social_options":{"image_generator_settings":{"template":"highway","default_image_id":0,"font":"","enabled":false},"version":2}},"pwb-brand":[1226],"product_brand":[],"product_cat":[607,698,546,547,492],"product_tag":[],"class_list":{"0":"post-102962","1":"product","2":"type-product","3":"status-publish","4":"has-post-thumbnail","6":"pwb-brand-kartell","7":"product_cat-designers","8":"product_cat-ferruccio-laviani","9":"product_cat-illuminazione-outdoor","10":"product_cat-lampada-da-terra","11":"product_cat-outdoor","12":"pa_altezza-1650-mm","13":"pa_colore-trasparente","14":"pa_designer-ferruccio-laviani","15":"pa_larghezza-500-mm","16":"pa_materiale-tecnolopolimero-termoplastico-iniettato","17":"pa_produttore-kartell","18":"pa_profondita-500-mm","19":"pa_serie-kabuki","20":"pa_tipo-di-prodotto-lampada-da-terra","22":"first","23":"instock","24":"product-type-external"},"acf":[],"yoast_head":"<!-- This site is optimized with the Yoast SEO plugin v27.2 - https:\/\/yoast.com\/product\/yoast-seo-wordpress\/ -->\n<title>Lampada da terra Kabuki Outdoor Trasparente design Ferruccio Laviani for Kartell - SDM Product Selection<\/title>\n<meta name=\"robots\" content=\"index, follow, max-snippet:-1, max-image-preview:large, max-video-preview:-1\" \/>\n<link rel=\"canonical\" href=\"https:\/\/socialdesignmagazine.com\/mag\/products-selection\/product\/lampada-da-terra-kabuki-outdoor-trasparente-design-ferruccio-laviani-for-kartell\/\" \/>\n<meta property=\"og:locale\" content=\"it_IT\" \/>\n<meta property=\"og:type\" content=\"article\" \/>\n<meta property=\"og:title\" content=\"Lampada da terra Kabuki Outdoor Trasparente design Ferruccio Laviani for Kartell - SDM Product Selection\" \/>\n<meta property=\"og:description\" content=\"&#8220;Seducente e femminile, questa lampada dalle curve sensuali \u00e8 abbellita di pizzo dalla testa ai piedi! Con le sue forme lavorate e sofisticate, Kabuki presenta uno stile barocco rivisitato dal\" \/>\n<meta property=\"og:url\" content=\"https:\/\/socialdesignmagazine.com\/mag\/products-selection\/product\/lampada-da-terra-kabuki-outdoor-trasparente-design-ferruccio-laviani-for-kartell\/\" \/>\n<meta property=\"og:site_name\" content=\"SDM Product Selection\" \/>\n<meta property=\"article:publisher\" content=\"https:\/\/www.facebook.com\/socialdesignmag\" \/>\n<meta property=\"article:modified_time\" content=\"2020-12-25T15:03:13+00:00\" \/>\n<meta property=\"og:image\" content=\"https:\/\/socialdesignmagazine.com\/mag\/products-selection\/wp-content\/uploads\/sites\/2\/2020\/12\/Lampada-da-terra-Kabuki-Outdoor-Trasparente-Kartell-Ferruccio-Laviani-scaled.jpg\" \/>\n\t<meta property=\"og:image:width\" content=\"1325\" \/>\n\t<meta property=\"og:image:height\" content=\"2560\" \/>\n\t<meta property=\"og:image:type\" content=\"image\/jpeg\" \/>\n<meta name=\"twitter:card\" content=\"summary_large_image\" \/>\n<meta name=\"twitter:site\" content=\"@socialdesignmag\" \/>\n<meta name=\"twitter:label1\" content=\"Tempo di lettura stimato\" \/>\n\t<meta name=\"twitter:data1\" content=\"1 minuto\" \/>\n<script type=\"application\/ld+json\" class=\"yoast-schema-graph\">{\"@context\":\"https:\/\/schema.org\",\"@graph\":[{\"@type\":\"WebPage\",\"@id\":\"https:\/\/socialdesignmagazine.com\/mag\/products-selection\/product\/lampada-da-terra-kabuki-outdoor-trasparente-design-ferruccio-laviani-for-kartell\/\",\"url\":\"https:\/\/socialdesignmagazine.com\/mag\/products-selection\/product\/lampada-da-terra-kabuki-outdoor-trasparente-design-ferruccio-laviani-for-kartell\/\",\"name\":\"Lampada da terra Kabuki Outdoor Trasparente design Ferruccio Laviani for Kartell - SDM Product Selection\",\"isPartOf\":{\"@id\":\"https:\/\/socialdesignmagazine.com\/mag\/products-selection\/#website\"},\"primaryImageOfPage\":{\"@id\":\"https:\/\/socialdesignmagazine.com\/mag\/products-selection\/product\/lampada-da-terra-kabuki-outdoor-trasparente-design-ferruccio-laviani-for-kartell\/#primaryimage\"},\"image\":{\"@id\":\"https:\/\/socialdesignmagazine.com\/mag\/products-selection\/product\/lampada-da-terra-kabuki-outdoor-trasparente-design-ferruccio-laviani-for-kartell\/#primaryimage\"},\"thumbnailUrl\":\"https:\/\/socialdesignmagazine.com\/mag\/products-selection\/wp-content\/uploads\/sites\/2\/2020\/12\/Lampada-da-terra-Kabuki-Outdoor-Trasparente-Kartell-Ferruccio-Laviani-scaled.jpg\",\"datePublished\":\"2020-05-28T11:24:21+00:00\",\"dateModified\":\"2020-12-25T15:03:13+00:00\",\"breadcrumb\":{\"@id\":\"https:\/\/socialdesignmagazine.com\/mag\/products-selection\/product\/lampada-da-terra-kabuki-outdoor-trasparente-design-ferruccio-laviani-for-kartell\/#breadcrumb\"},\"inLanguage\":\"it-IT\",\"potentialAction\":[{\"@type\":\"ReadAction\",\"target\":[\"https:\/\/socialdesignmagazine.com\/mag\/products-selection\/product\/lampada-da-terra-kabuki-outdoor-trasparente-design-ferruccio-laviani-for-kartell\/\"]}]},{\"@type\":\"ImageObject\",\"inLanguage\":\"it-IT\",\"@id\":\"https:\/\/socialdesignmagazine.com\/mag\/products-selection\/product\/lampada-da-terra-kabuki-outdoor-trasparente-design-ferruccio-laviani-for-kartell\/#primaryimage\",\"url\":\"https:\/\/socialdesignmagazine.com\/mag\/products-selection\/wp-content\/uploads\/sites\/2\/2020\/12\/Lampada-da-terra-Kabuki-Outdoor-Trasparente-Kartell-Ferruccio-Laviani-scaled.jpg\",\"contentUrl\":\"https:\/\/socialdesignmagazine.com\/mag\/products-selection\/wp-content\/uploads\/sites\/2\/2020\/12\/Lampada-da-terra-Kabuki-Outdoor-Trasparente-Kartell-Ferruccio-Laviani-scaled.jpg\",\"width\":1325,\"height\":2560,\"caption\":\"Lampada da terra Kabuki Outdoor Trasparente Kartell Ferruccio Laviani 1\"},{\"@type\":\"BreadcrumbList\",\"@id\":\"https:\/\/socialdesignmagazine.com\/mag\/products-selection\/product\/lampada-da-terra-kabuki-outdoor-trasparente-design-ferruccio-laviani-for-kartell\/#breadcrumb\",\"itemListElement\":[{\"@type\":\"ListItem\",\"position\":1,\"name\":\"Home\",\"item\":\"https:\/\/socialdesignmagazine.com\/mag\/products-selection\/\"},{\"@type\":\"ListItem\",\"position\":2,\"name\":\"Tutti i prodotti\",\"item\":\"https:\/\/socialdesignmagazine.com\/mag\/products-selection\/tutti-i-prodotti\/\"},{\"@type\":\"ListItem\",\"position\":3,\"name\":\"Lampada da terra Kabuki Outdoor Trasparente design Ferruccio Laviani for Kartell\"}]},{\"@type\":\"WebSite\",\"@id\":\"https:\/\/socialdesignmagazine.com\/mag\/products-selection\/#website\",\"url\":\"https:\/\/socialdesignmagazine.com\/mag\/products-selection\/\",\"name\":\"SDM Product Selection\",\"description\":\"Una selezioni di prodotti dei brand pi\u00f9 interessanti per arredare e progettare\",\"publisher\":{\"@id\":\"https:\/\/socialdesignmagazine.com\/mag\/products-selection\/#organization\"},\"potentialAction\":[{\"@type\":\"SearchAction\",\"target\":{\"@type\":\"EntryPoint\",\"urlTemplate\":\"https:\/\/socialdesignmagazine.com\/mag\/products-selection\/?s={search_term_string}\"},\"query-input\":{\"@type\":\"PropertyValueSpecification\",\"valueRequired\":true,\"valueName\":\"search_term_string\"}}],\"inLanguage\":\"it-IT\"},{\"@type\":\"Organization\",\"@id\":\"https:\/\/socialdesignmagazine.com\/mag\/products-selection\/#organization\",\"name\":\"Social Design Magazine\",\"url\":\"https:\/\/socialdesignmagazine.com\/mag\/products-selection\/\",\"logo\":{\"@type\":\"ImageObject\",\"inLanguage\":\"it-IT\",\"@id\":\"https:\/\/socialdesignmagazine.com\/mag\/products-selection\/#\/schema\/logo\/image\/\",\"url\":\"https:\/\/socialdesignmagazine.com\/mag\/products-selection\/wp-content\/uploads\/sites\/2\/2015\/05\/social-design-magazine-logo.png\",\"contentUrl\":\"https:\/\/socialdesignmagazine.com\/mag\/products-selection\/wp-content\/uploads\/sites\/2\/2015\/05\/social-design-magazine-logo.png\",\"width\":251,\"height\":101,\"caption\":\"Social Design Magazine\"},\"image\":{\"@id\":\"https:\/\/socialdesignmagazine.com\/mag\/products-selection\/#\/schema\/logo\/image\/\"},\"sameAs\":[\"https:\/\/www.facebook.com\/socialdesignmag\",\"https:\/\/x.com\/socialdesignmag\",\"http:\/\/instagram.com\/social_design_magazine\/\",\"http:\/\/pinterest.com\/socialdesignmag\/\",\"http:\/\/www.youtube.com\/user\/socialdesignmagazine\"]}]}<\/script>\n<!-- \/ Yoast SEO plugin. -->","yoast_head_json":{"title":"Lampada da terra Kabuki Outdoor Trasparente design Ferruccio Laviani for Kartell - SDM Product Selection","robots":{"index":"index","follow":"follow","max-snippet":"max-snippet:-1","max-image-preview":"max-image-preview:large","max-video-preview":"max-video-preview:-1"},"canonical":"https:\/\/socialdesignmagazine.com\/mag\/products-selection\/product\/lampada-da-terra-kabuki-outdoor-trasparente-design-ferruccio-laviani-for-kartell\/","og_locale":"it_IT","og_type":"article","og_title":"Lampada da terra Kabuki Outdoor Trasparente design Ferruccio Laviani for Kartell - SDM Product Selection","og_description":"&#8220;Seducente e femminile, questa lampada dalle curve sensuali \u00e8 abbellita di pizzo dalla testa ai piedi! Con le sue forme lavorate e sofisticate, Kabuki presenta uno stile barocco rivisitato dal","og_url":"https:\/\/socialdesignmagazine.com\/mag\/products-selection\/product\/lampada-da-terra-kabuki-outdoor-trasparente-design-ferruccio-laviani-for-kartell\/","og_site_name":"SDM Product Selection","article_publisher":"https:\/\/www.facebook.com\/socialdesignmag","article_modified_time":"2020-12-25T15:03:13+00:00","og_image":[{"width":1325,"height":2560,"url":"https:\/\/socialdesignmagazine.com\/mag\/products-selection\/wp-content\/uploads\/sites\/2\/2020\/12\/Lampada-da-terra-Kabuki-Outdoor-Trasparente-Kartell-Ferruccio-Laviani-scaled.jpg","type":"image\/jpeg"}],"twitter_card":"summary_large_image","twitter_site":"@socialdesignmag","twitter_misc":{"Tempo di lettura stimato":"1 minuto"},"schema":{"@context":"https:\/\/schema.org","@graph":[{"@type":"WebPage","@id":"https:\/\/socialdesignmagazine.com\/mag\/products-selection\/product\/lampada-da-terra-kabuki-outdoor-trasparente-design-ferruccio-laviani-for-kartell\/","url":"https:\/\/socialdesignmagazine.com\/mag\/products-selection\/product\/lampada-da-terra-kabuki-outdoor-trasparente-design-ferruccio-laviani-for-kartell\/","name":"Lampada da terra Kabuki Outdoor Trasparente design Ferruccio Laviani for Kartell - SDM Product Selection","isPartOf":{"@id":"https:\/\/socialdesignmagazine.com\/mag\/products-selection\/#website"},"primaryImageOfPage":{"@id":"https:\/\/socialdesignmagazine.com\/mag\/products-selection\/product\/lampada-da-terra-kabuki-outdoor-trasparente-design-ferruccio-laviani-for-kartell\/#primaryimage"},"image":{"@id":"https:\/\/socialdesignmagazine.com\/mag\/products-selection\/product\/lampada-da-terra-kabuki-outdoor-trasparente-design-ferruccio-laviani-for-kartell\/#primaryimage"},"thumbnailUrl":"https:\/\/socialdesignmagazine.com\/mag\/products-selection\/wp-content\/uploads\/sites\/2\/2020\/12\/Lampada-da-terra-Kabuki-Outdoor-Trasparente-Kartell-Ferruccio-Laviani-scaled.jpg","datePublished":"2020-05-28T11:24:21+00:00","dateModified":"2020-12-25T15:03:13+00:00","breadcrumb":{"@id":"https:\/\/socialdesignmagazine.com\/mag\/products-selection\/product\/lampada-da-terra-kabuki-outdoor-trasparente-design-ferruccio-laviani-for-kartell\/#breadcrumb"},"inLanguage":"it-IT","potentialAction":[{"@type":"ReadAction","target":["https:\/\/socialdesignmagazine.com\/mag\/products-selection\/product\/lampada-da-terra-kabuki-outdoor-trasparente-design-ferruccio-laviani-for-kartell\/"]}]},{"@type":"ImageObject","inLanguage":"it-IT","@id":"https:\/\/socialdesignmagazine.com\/mag\/products-selection\/product\/lampada-da-terra-kabuki-outdoor-trasparente-design-ferruccio-laviani-for-kartell\/#primaryimage","url":"https:\/\/socialdesignmagazine.com\/mag\/products-selection\/wp-content\/uploads\/sites\/2\/2020\/12\/Lampada-da-terra-Kabuki-Outdoor-Trasparente-Kartell-Ferruccio-Laviani-scaled.jpg","contentUrl":"https:\/\/socialdesignmagazine.com\/mag\/products-selection\/wp-content\/uploads\/sites\/2\/2020\/12\/Lampada-da-terra-Kabuki-Outdoor-Trasparente-Kartell-Ferruccio-Laviani-scaled.jpg","width":1325,"height":2560,"caption":"Lampada da terra Kabuki Outdoor Trasparente Kartell Ferruccio Laviani 1"},{"@type":"BreadcrumbList","@id":"https:\/\/socialdesignmagazine.com\/mag\/products-selection\/product\/lampada-da-terra-kabuki-outdoor-trasparente-design-ferruccio-laviani-for-kartell\/#breadcrumb","itemListElement":[{"@type":"ListItem","position":1,"name":"Home","item":"https:\/\/socialdesignmagazine.com\/mag\/products-selection\/"},{"@type":"ListItem","position":2,"name":"Tutti i prodotti","item":"https:\/\/socialdesignmagazine.com\/mag\/products-selection\/tutti-i-prodotti\/"},{"@type":"ListItem","position":3,"name":"Lampada da terra Kabuki Outdoor Trasparente design Ferruccio Laviani for Kartell"}]},{"@type":"WebSite","@id":"https:\/\/socialdesignmagazine.com\/mag\/products-selection\/#website","url":"https:\/\/socialdesignmagazine.com\/mag\/products-selection\/","name":"SDM Product Selection","description":"Una selezioni di prodotti dei brand pi\u00f9 interessanti per arredare e progettare","publisher":{"@id":"https:\/\/socialdesignmagazine.com\/mag\/products-selection\/#organization"},"potentialAction":[{"@type":"SearchAction","target":{"@type":"EntryPoint","urlTemplate":"https:\/\/socialdesignmagazine.com\/mag\/products-selection\/?s={search_term_string}"},"query-input":{"@type":"PropertyValueSpecification","valueRequired":true,"valueName":"search_term_string"}}],"inLanguage":"it-IT"},{"@type":"Organization","@id":"https:\/\/socialdesignmagazine.com\/mag\/products-selection\/#organization","name":"Social Design Magazine","url":"https:\/\/socialdesignmagazine.com\/mag\/products-selection\/","logo":{"@type":"ImageObject","inLanguage":"it-IT","@id":"https:\/\/socialdesignmagazine.com\/mag\/products-selection\/#\/schema\/logo\/image\/","url":"https:\/\/socialdesignmagazine.com\/mag\/products-selection\/wp-content\/uploads\/sites\/2\/2015\/05\/social-design-magazine-logo.png","contentUrl":"https:\/\/socialdesignmagazine.com\/mag\/products-selection\/wp-content\/uploads\/sites\/2\/2015\/05\/social-design-magazine-logo.png","width":251,"height":101,"caption":"Social Design Magazine"},"image":{"@id":"https:\/\/socialdesignmagazine.com\/mag\/products-selection\/#\/schema\/logo\/image\/"},"sameAs":["https:\/\/www.facebook.com\/socialdesignmag","https:\/\/x.com\/socialdesignmag","http:\/\/instagram.com\/social_design_magazine\/","http:\/\/pinterest.com\/socialdesignmag\/","http:\/\/www.youtube.com\/user\/socialdesignmagazine"]}]}},"jetpack_publicize_connections":[],"jetpack_sharing_enabled":true,"brands":[{"id":1226,"name":"Kartell","slug":"kartell"}],"_links":{"self":[{"href":"https:\/\/socialdesignmagazine.com\/mag\/products-selection\/wp-json\/wp\/v2\/product\/102962","targetHints":{"allow":["GET"]}}],"collection":[{"href":"https:\/\/socialdesignmagazine.com\/mag\/products-selection\/wp-json\/wp\/v2\/product"}],"about":[{"href":"https:\/\/socialdesignmagazine.com\/mag\/products-selection\/wp-json\/wp\/v2\/types\/product"}],"wp:featuredmedia":[{"embeddable":true,"href":"https:\/\/socialdesignmagazine.com\/mag\/products-selection\/wp-json\/wp\/v2\/media\/135640"}],"wp:attachment":[{"href":"https:\/\/socialdesignmagazine.com\/mag\/products-selection\/wp-json\/wp\/v2\/media?parent=102962"}],"wp:term":[{"taxonomy":"pwb-brand","embeddable":true,"href":"https:\/\/socialdesignmagazine.com\/mag\/products-selection\/wp-json\/wp\/v2\/pwb-brand?post=102962"},{"taxonomy":"product_brand","embeddable":true,"href":"https:\/\/socialdesignmagazine.com\/mag\/products-selection\/wp-json\/wp\/v2\/product_brand?post=102962"},{"taxonomy":"product_cat","embeddable":true,"href":"https:\/\/socialdesignmagazine.com\/mag\/products-selection\/wp-json\/wp\/v2\/product_cat?post=102962"},{"taxonomy":"product_tag","embeddable":true,"href":"https:\/\/socialdesignmagazine.com\/mag\/products-selection\/wp-json\/wp\/v2\/product_tag?post=102962"}],"curies":[{"name":"wp","href":"https:\/\/api.w.org\/{rel}","templated":true}]}}