{"id":104399,"date":"2020-05-29T17:39:44","date_gmt":"2020-05-29T15:39:44","guid":{"rendered":"https:\/\/socialdesignmagazine.com\/mag\/products-selection\/?post_type=product&#038;p=104399"},"modified":"2020-12-25T16:03:49","modified_gmt":"2020-12-25T15:03:49","slug":"poltrona-imbottita-madame-la-double-j-trasparenteuccelini-design-philippe-starck-for-kartell","status":"publish","type":"product","link":"https:\/\/socialdesignmagazine.com\/mag\/products-selection\/product\/poltrona-imbottita-madame-la-double-j-trasparenteuccelini-design-philippe-starck-for-kartell\/","title":{"rendered":"Poltrona imbottita Madame La Double J &#8211; Trasparente|Uccelini design Philippe Starck for Kartell"},"content":{"rendered":"<p>Firmata Philippe Starck, Madame \u00e8 la poltrona pi\u00f9 alla moda di Kartell! Questa piccola poltrona imbottita presenta con regolarit\u00e0 dei nuovi rivestimenti per essere sempre alla moda e per adattarsi a tutti i gusti&#8230; Madame \u00e8 proposta in quattro nuove versioni: dei tessuti con motivi al tempo stesso eleganti e grafici. Il rivestimento in tessuto alta gamma \u00e8 decorato da bei motivi geometrici originali ed eleganti per un look chic e senza tempo. Questa poltrona Madame unisce con stile la modernit\u00e0 di una base in policarbonato ad un&#8217;elegante seduta imbottita. Confortevole e resistente, questa poltrona presenta delle dimensioni compatte. E&#8217; ideale per la casa (in un salotto o intorno al tavolo da pranzo) o per ambienti professionali (uffici, sale riunioni, ristoranti).<\/p>\n","protected":false},"excerpt":{"rendered":"<p>Firmata Philippe Starck, Madame \u00e8 la poltrona pi\u00f9 alla moda di Kartell! Questa piccola poltrona imbottita presenta con regolarit\u00e0 dei nuovi rivestimenti per essere sempre alla moda<\/p>\n","protected":false},"featured_media":135772,"template":"","meta":{"_acf_changed":false,"jetpack_post_was_ever_published":false,"jetpack_publicize_message":"","jetpack_publicize_feature_enabled":true,"jetpack_social_post_already_shared":false,"jetpack_social_options":{"image_generator_settings":{"template":"highway","default_image_id":0,"font":"","enabled":false},"version":2}},"pwb-brand":[1226],"product_brand":[],"product_cat":[337,607,746,534,533],"product_tag":[2146],"class_list":{"0":"post-104399","1":"product","2":"type-product","3":"status-publish","4":"has-post-thumbnail","6":"pwb-brand-kartell","7":"product_cat-arredamento","8":"product_cat-designers","9":"product_cat-philippe-starck","10":"product_cat-poltrona-sedute","11":"product_cat-sedute","12":"product_tag-poltrona-imbottita","13":"pa_altezza-800-mm","14":"pa_colore-trasparente","15":"pa_colore-uccelini","16":"pa_designer-philippe-starck","17":"pa_downloads-2d","18":"pa_downloads-3d","19":"pa_larghezza-540-mm","20":"pa_materiale-policarbonato","21":"pa_materiale-schiuma-di-poliuretano","22":"pa_materiale-tessuto","23":"pa_produttore-kartell","24":"pa_profondita-530-mm","25":"pa_serie-la-double-j","26":"pa_serie-madame","27":"pa_tipo-di-prodotto-poltrona-imbottita","29":"first","30":"instock","31":"product-type-external"},"acf":[],"yoast_head":"<!-- This site is optimized with the Yoast SEO plugin v27.2 - https:\/\/yoast.com\/product\/yoast-seo-wordpress\/ -->\n<title>Poltrona imbottita Madame La Double J - Trasparente|Uccelini design Philippe Starck for Kartell - SDM Product Selection<\/title>\n<meta name=\"description\" content=\"Firmata Philippe Starck, Madame \u00e8 la poltrona pi\u00f9 alla moda di Kartell! Questa piccola poltrona imbottita presenta con regolarit\u00e0 dei nuovi rivestimenti per essere sempre alla moda\" \/>\n<meta name=\"robots\" content=\"index, follow, max-snippet:-1, max-image-preview:large, max-video-preview:-1\" \/>\n<link rel=\"canonical\" href=\"https:\/\/socialdesignmagazine.com\/mag\/products-selection\/product\/poltrona-imbottita-madame-la-double-j-trasparenteuccelini-design-philippe-starck-for-kartell\/\" \/>\n<meta property=\"og:locale\" content=\"it_IT\" \/>\n<meta property=\"og:type\" content=\"article\" \/>\n<meta property=\"og:title\" content=\"Poltrona imbottita Madame La Double J - Trasparente|Uccelini design Philippe Starck for Kartell - SDM Product Selection\" \/>\n<meta property=\"og:description\" content=\"Firmata Philippe Starck, Madame \u00e8 la poltrona pi\u00f9 alla moda di Kartell! Questa piccola poltrona imbottita presenta con regolarit\u00e0 dei nuovi rivestimenti per essere sempre alla moda\" \/>\n<meta property=\"og:url\" content=\"https:\/\/socialdesignmagazine.com\/mag\/products-selection\/product\/poltrona-imbottita-madame-la-double-j-trasparenteuccelini-design-philippe-starck-for-kartell\/\" \/>\n<meta property=\"og:site_name\" content=\"SDM Product Selection\" \/>\n<meta property=\"article:publisher\" content=\"https:\/\/www.facebook.com\/socialdesignmag\" \/>\n<meta property=\"article:modified_time\" content=\"2020-12-25T15:03:49+00:00\" \/>\n<meta property=\"og:image\" content=\"https:\/\/socialdesignmagazine.com\/mag\/products-selection\/wp-content\/uploads\/sites\/2\/2020\/12\/Poltrona-imbottita-Madame-La-Double-J-TrasparenteUccelini-Kartell-Philippe-Starck.jpg\" \/>\n\t<meta property=\"og:image:width\" content=\"1295\" \/>\n\t<meta property=\"og:image:height\" content=\"1608\" \/>\n\t<meta property=\"og:image:type\" content=\"image\/jpeg\" \/>\n<meta name=\"twitter:card\" content=\"summary_large_image\" \/>\n<meta name=\"twitter:site\" content=\"@socialdesignmag\" \/>\n<meta name=\"twitter:label1\" content=\"Tempo di lettura stimato\" \/>\n\t<meta name=\"twitter:data1\" content=\"1 minuto\" \/>\n<script type=\"application\/ld+json\" class=\"yoast-schema-graph\">{\"@context\":\"https:\/\/schema.org\",\"@graph\":[{\"@type\":\"WebPage\",\"@id\":\"https:\/\/socialdesignmagazine.com\/mag\/products-selection\/product\/poltrona-imbottita-madame-la-double-j-trasparenteuccelini-design-philippe-starck-for-kartell\/\",\"url\":\"https:\/\/socialdesignmagazine.com\/mag\/products-selection\/product\/poltrona-imbottita-madame-la-double-j-trasparenteuccelini-design-philippe-starck-for-kartell\/\",\"name\":\"Poltrona imbottita Madame La Double J - Trasparente|Uccelini design Philippe Starck for Kartell - SDM Product Selection\",\"isPartOf\":{\"@id\":\"https:\/\/socialdesignmagazine.com\/mag\/products-selection\/#website\"},\"primaryImageOfPage\":{\"@id\":\"https:\/\/socialdesignmagazine.com\/mag\/products-selection\/product\/poltrona-imbottita-madame-la-double-j-trasparenteuccelini-design-philippe-starck-for-kartell\/#primaryimage\"},\"image\":{\"@id\":\"https:\/\/socialdesignmagazine.com\/mag\/products-selection\/product\/poltrona-imbottita-madame-la-double-j-trasparenteuccelini-design-philippe-starck-for-kartell\/#primaryimage\"},\"thumbnailUrl\":\"https:\/\/socialdesignmagazine.com\/mag\/products-selection\/wp-content\/uploads\/sites\/2\/2020\/12\/Poltrona-imbottita-Madame-La-Double-J-TrasparenteUccelini-Kartell-Philippe-Starck.jpg\",\"datePublished\":\"2020-05-29T15:39:44+00:00\",\"dateModified\":\"2020-12-25T15:03:49+00:00\",\"description\":\"Firmata Philippe Starck, Madame \u00e8 la poltrona pi\u00f9 alla moda di Kartell! Questa piccola poltrona imbottita presenta con regolarit\u00e0 dei nuovi rivestimenti per essere sempre alla moda\",\"breadcrumb\":{\"@id\":\"https:\/\/socialdesignmagazine.com\/mag\/products-selection\/product\/poltrona-imbottita-madame-la-double-j-trasparenteuccelini-design-philippe-starck-for-kartell\/#breadcrumb\"},\"inLanguage\":\"it-IT\",\"potentialAction\":[{\"@type\":\"ReadAction\",\"target\":[\"https:\/\/socialdesignmagazine.com\/mag\/products-selection\/product\/poltrona-imbottita-madame-la-double-j-trasparenteuccelini-design-philippe-starck-for-kartell\/\"]}]},{\"@type\":\"ImageObject\",\"inLanguage\":\"it-IT\",\"@id\":\"https:\/\/socialdesignmagazine.com\/mag\/products-selection\/product\/poltrona-imbottita-madame-la-double-j-trasparenteuccelini-design-philippe-starck-for-kartell\/#primaryimage\",\"url\":\"https:\/\/socialdesignmagazine.com\/mag\/products-selection\/wp-content\/uploads\/sites\/2\/2020\/12\/Poltrona-imbottita-Madame-La-Double-J-TrasparenteUccelini-Kartell-Philippe-Starck.jpg\",\"contentUrl\":\"https:\/\/socialdesignmagazine.com\/mag\/products-selection\/wp-content\/uploads\/sites\/2\/2020\/12\/Poltrona-imbottita-Madame-La-Double-J-TrasparenteUccelini-Kartell-Philippe-Starck.jpg\",\"width\":1295,\"height\":1608,\"caption\":\"Poltrona imbottita Madame La Double J - Trasparente|Uccelini Kartell Philippe Starck 1\"},{\"@type\":\"BreadcrumbList\",\"@id\":\"https:\/\/socialdesignmagazine.com\/mag\/products-selection\/product\/poltrona-imbottita-madame-la-double-j-trasparenteuccelini-design-philippe-starck-for-kartell\/#breadcrumb\",\"itemListElement\":[{\"@type\":\"ListItem\",\"position\":1,\"name\":\"Home\",\"item\":\"https:\/\/socialdesignmagazine.com\/mag\/products-selection\/\"},{\"@type\":\"ListItem\",\"position\":2,\"name\":\"Tutti i prodotti\",\"item\":\"https:\/\/socialdesignmagazine.com\/mag\/products-selection\/tutti-i-prodotti\/\"},{\"@type\":\"ListItem\",\"position\":3,\"name\":\"Poltrona imbottita Madame La Double J &#8211; Trasparente|Uccelini design Philippe Starck for Kartell\"}]},{\"@type\":\"WebSite\",\"@id\":\"https:\/\/socialdesignmagazine.com\/mag\/products-selection\/#website\",\"url\":\"https:\/\/socialdesignmagazine.com\/mag\/products-selection\/\",\"name\":\"SDM Product Selection\",\"description\":\"Una selezioni di prodotti dei brand pi\u00f9 interessanti per arredare e progettare\",\"publisher\":{\"@id\":\"https:\/\/socialdesignmagazine.com\/mag\/products-selection\/#organization\"},\"potentialAction\":[{\"@type\":\"SearchAction\",\"target\":{\"@type\":\"EntryPoint\",\"urlTemplate\":\"https:\/\/socialdesignmagazine.com\/mag\/products-selection\/?s={search_term_string}\"},\"query-input\":{\"@type\":\"PropertyValueSpecification\",\"valueRequired\":true,\"valueName\":\"search_term_string\"}}],\"inLanguage\":\"it-IT\"},{\"@type\":\"Organization\",\"@id\":\"https:\/\/socialdesignmagazine.com\/mag\/products-selection\/#organization\",\"name\":\"Social Design Magazine\",\"url\":\"https:\/\/socialdesignmagazine.com\/mag\/products-selection\/\",\"logo\":{\"@type\":\"ImageObject\",\"inLanguage\":\"it-IT\",\"@id\":\"https:\/\/socialdesignmagazine.com\/mag\/products-selection\/#\/schema\/logo\/image\/\",\"url\":\"https:\/\/socialdesignmagazine.com\/mag\/products-selection\/wp-content\/uploads\/sites\/2\/2015\/05\/social-design-magazine-logo.png\",\"contentUrl\":\"https:\/\/socialdesignmagazine.com\/mag\/products-selection\/wp-content\/uploads\/sites\/2\/2015\/05\/social-design-magazine-logo.png\",\"width\":251,\"height\":101,\"caption\":\"Social Design Magazine\"},\"image\":{\"@id\":\"https:\/\/socialdesignmagazine.com\/mag\/products-selection\/#\/schema\/logo\/image\/\"},\"sameAs\":[\"https:\/\/www.facebook.com\/socialdesignmag\",\"https:\/\/x.com\/socialdesignmag\",\"http:\/\/instagram.com\/social_design_magazine\/\",\"http:\/\/pinterest.com\/socialdesignmag\/\",\"http:\/\/www.youtube.com\/user\/socialdesignmagazine\"]}]}<\/script>\n<!-- \/ Yoast SEO plugin. -->","yoast_head_json":{"title":"Poltrona imbottita Madame La Double J - Trasparente|Uccelini design Philippe Starck for Kartell - SDM Product Selection","description":"Firmata Philippe Starck, Madame \u00e8 la poltrona pi\u00f9 alla moda di Kartell! Questa piccola poltrona imbottita presenta con regolarit\u00e0 dei nuovi rivestimenti per essere sempre alla moda","robots":{"index":"index","follow":"follow","max-snippet":"max-snippet:-1","max-image-preview":"max-image-preview:large","max-video-preview":"max-video-preview:-1"},"canonical":"https:\/\/socialdesignmagazine.com\/mag\/products-selection\/product\/poltrona-imbottita-madame-la-double-j-trasparenteuccelini-design-philippe-starck-for-kartell\/","og_locale":"it_IT","og_type":"article","og_title":"Poltrona imbottita Madame La Double J - Trasparente|Uccelini design Philippe Starck for Kartell - SDM Product Selection","og_description":"Firmata Philippe Starck, Madame \u00e8 la poltrona pi\u00f9 alla moda di Kartell! Questa piccola poltrona imbottita presenta con regolarit\u00e0 dei nuovi rivestimenti per essere sempre alla moda","og_url":"https:\/\/socialdesignmagazine.com\/mag\/products-selection\/product\/poltrona-imbottita-madame-la-double-j-trasparenteuccelini-design-philippe-starck-for-kartell\/","og_site_name":"SDM Product Selection","article_publisher":"https:\/\/www.facebook.com\/socialdesignmag","article_modified_time":"2020-12-25T15:03:49+00:00","og_image":[{"width":1295,"height":1608,"url":"https:\/\/socialdesignmagazine.com\/mag\/products-selection\/wp-content\/uploads\/sites\/2\/2020\/12\/Poltrona-imbottita-Madame-La-Double-J-TrasparenteUccelini-Kartell-Philippe-Starck.jpg","type":"image\/jpeg"}],"twitter_card":"summary_large_image","twitter_site":"@socialdesignmag","twitter_misc":{"Tempo di lettura stimato":"1 minuto"},"schema":{"@context":"https:\/\/schema.org","@graph":[{"@type":"WebPage","@id":"https:\/\/socialdesignmagazine.com\/mag\/products-selection\/product\/poltrona-imbottita-madame-la-double-j-trasparenteuccelini-design-philippe-starck-for-kartell\/","url":"https:\/\/socialdesignmagazine.com\/mag\/products-selection\/product\/poltrona-imbottita-madame-la-double-j-trasparenteuccelini-design-philippe-starck-for-kartell\/","name":"Poltrona imbottita Madame La Double J - Trasparente|Uccelini design Philippe Starck for Kartell - SDM Product Selection","isPartOf":{"@id":"https:\/\/socialdesignmagazine.com\/mag\/products-selection\/#website"},"primaryImageOfPage":{"@id":"https:\/\/socialdesignmagazine.com\/mag\/products-selection\/product\/poltrona-imbottita-madame-la-double-j-trasparenteuccelini-design-philippe-starck-for-kartell\/#primaryimage"},"image":{"@id":"https:\/\/socialdesignmagazine.com\/mag\/products-selection\/product\/poltrona-imbottita-madame-la-double-j-trasparenteuccelini-design-philippe-starck-for-kartell\/#primaryimage"},"thumbnailUrl":"https:\/\/socialdesignmagazine.com\/mag\/products-selection\/wp-content\/uploads\/sites\/2\/2020\/12\/Poltrona-imbottita-Madame-La-Double-J-TrasparenteUccelini-Kartell-Philippe-Starck.jpg","datePublished":"2020-05-29T15:39:44+00:00","dateModified":"2020-12-25T15:03:49+00:00","description":"Firmata Philippe Starck, Madame \u00e8 la poltrona pi\u00f9 alla moda di Kartell! Questa piccola poltrona imbottita presenta con regolarit\u00e0 dei nuovi rivestimenti per essere sempre alla moda","breadcrumb":{"@id":"https:\/\/socialdesignmagazine.com\/mag\/products-selection\/product\/poltrona-imbottita-madame-la-double-j-trasparenteuccelini-design-philippe-starck-for-kartell\/#breadcrumb"},"inLanguage":"it-IT","potentialAction":[{"@type":"ReadAction","target":["https:\/\/socialdesignmagazine.com\/mag\/products-selection\/product\/poltrona-imbottita-madame-la-double-j-trasparenteuccelini-design-philippe-starck-for-kartell\/"]}]},{"@type":"ImageObject","inLanguage":"it-IT","@id":"https:\/\/socialdesignmagazine.com\/mag\/products-selection\/product\/poltrona-imbottita-madame-la-double-j-trasparenteuccelini-design-philippe-starck-for-kartell\/#primaryimage","url":"https:\/\/socialdesignmagazine.com\/mag\/products-selection\/wp-content\/uploads\/sites\/2\/2020\/12\/Poltrona-imbottita-Madame-La-Double-J-TrasparenteUccelini-Kartell-Philippe-Starck.jpg","contentUrl":"https:\/\/socialdesignmagazine.com\/mag\/products-selection\/wp-content\/uploads\/sites\/2\/2020\/12\/Poltrona-imbottita-Madame-La-Double-J-TrasparenteUccelini-Kartell-Philippe-Starck.jpg","width":1295,"height":1608,"caption":"Poltrona imbottita Madame La Double J - Trasparente|Uccelini Kartell Philippe Starck 1"},{"@type":"BreadcrumbList","@id":"https:\/\/socialdesignmagazine.com\/mag\/products-selection\/product\/poltrona-imbottita-madame-la-double-j-trasparenteuccelini-design-philippe-starck-for-kartell\/#breadcrumb","itemListElement":[{"@type":"ListItem","position":1,"name":"Home","item":"https:\/\/socialdesignmagazine.com\/mag\/products-selection\/"},{"@type":"ListItem","position":2,"name":"Tutti i prodotti","item":"https:\/\/socialdesignmagazine.com\/mag\/products-selection\/tutti-i-prodotti\/"},{"@type":"ListItem","position":3,"name":"Poltrona imbottita Madame La Double J &#8211; Trasparente|Uccelini design Philippe Starck for Kartell"}]},{"@type":"WebSite","@id":"https:\/\/socialdesignmagazine.com\/mag\/products-selection\/#website","url":"https:\/\/socialdesignmagazine.com\/mag\/products-selection\/","name":"SDM Product Selection","description":"Una selezioni di prodotti dei brand pi\u00f9 interessanti per arredare e progettare","publisher":{"@id":"https:\/\/socialdesignmagazine.com\/mag\/products-selection\/#organization"},"potentialAction":[{"@type":"SearchAction","target":{"@type":"EntryPoint","urlTemplate":"https:\/\/socialdesignmagazine.com\/mag\/products-selection\/?s={search_term_string}"},"query-input":{"@type":"PropertyValueSpecification","valueRequired":true,"valueName":"search_term_string"}}],"inLanguage":"it-IT"},{"@type":"Organization","@id":"https:\/\/socialdesignmagazine.com\/mag\/products-selection\/#organization","name":"Social Design Magazine","url":"https:\/\/socialdesignmagazine.com\/mag\/products-selection\/","logo":{"@type":"ImageObject","inLanguage":"it-IT","@id":"https:\/\/socialdesignmagazine.com\/mag\/products-selection\/#\/schema\/logo\/image\/","url":"https:\/\/socialdesignmagazine.com\/mag\/products-selection\/wp-content\/uploads\/sites\/2\/2015\/05\/social-design-magazine-logo.png","contentUrl":"https:\/\/socialdesignmagazine.com\/mag\/products-selection\/wp-content\/uploads\/sites\/2\/2015\/05\/social-design-magazine-logo.png","width":251,"height":101,"caption":"Social Design Magazine"},"image":{"@id":"https:\/\/socialdesignmagazine.com\/mag\/products-selection\/#\/schema\/logo\/image\/"},"sameAs":["https:\/\/www.facebook.com\/socialdesignmag","https:\/\/x.com\/socialdesignmag","http:\/\/instagram.com\/social_design_magazine\/","http:\/\/pinterest.com\/socialdesignmag\/","http:\/\/www.youtube.com\/user\/socialdesignmagazine"]}]}},"jetpack_publicize_connections":[],"jetpack_sharing_enabled":true,"brands":[{"id":1226,"name":"Kartell","slug":"kartell"}],"_links":{"self":[{"href":"https:\/\/socialdesignmagazine.com\/mag\/products-selection\/wp-json\/wp\/v2\/product\/104399","targetHints":{"allow":["GET"]}}],"collection":[{"href":"https:\/\/socialdesignmagazine.com\/mag\/products-selection\/wp-json\/wp\/v2\/product"}],"about":[{"href":"https:\/\/socialdesignmagazine.com\/mag\/products-selection\/wp-json\/wp\/v2\/types\/product"}],"wp:featuredmedia":[{"embeddable":true,"href":"https:\/\/socialdesignmagazine.com\/mag\/products-selection\/wp-json\/wp\/v2\/media\/135772"}],"wp:attachment":[{"href":"https:\/\/socialdesignmagazine.com\/mag\/products-selection\/wp-json\/wp\/v2\/media?parent=104399"}],"wp:term":[{"taxonomy":"pwb-brand","embeddable":true,"href":"https:\/\/socialdesignmagazine.com\/mag\/products-selection\/wp-json\/wp\/v2\/pwb-brand?post=104399"},{"taxonomy":"product_brand","embeddable":true,"href":"https:\/\/socialdesignmagazine.com\/mag\/products-selection\/wp-json\/wp\/v2\/product_brand?post=104399"},{"taxonomy":"product_cat","embeddable":true,"href":"https:\/\/socialdesignmagazine.com\/mag\/products-selection\/wp-json\/wp\/v2\/product_cat?post=104399"},{"taxonomy":"product_tag","embeddable":true,"href":"https:\/\/socialdesignmagazine.com\/mag\/products-selection\/wp-json\/wp\/v2\/product_tag?post=104399"}],"curies":[{"name":"wp","href":"https:\/\/api.w.org\/{rel}","templated":true}]}}