{"id":104427,"date":"2020-05-29T17:40:06","date_gmt":"2020-05-29T15:40:06","guid":{"rendered":"https:\/\/socialdesignmagazine.com\/mag\/products-selection\/?post_type=product&#038;p=104427"},"modified":"2020-12-25T16:03:54","modified_gmt":"2020-12-25T15:03:54","slug":"mobile-contenitore-componibili-la-double-j-3-cassetti-h-58-cm-bianconinfea-design-anna-castelli-ferrieri-for-kartell","status":"publish","type":"product","link":"https:\/\/socialdesignmagazine.com\/mag\/products-selection\/product\/mobile-contenitore-componibili-la-double-j-3-cassetti-h-58-cm-bianconinfea-design-anna-castelli-ferrieri-for-kartell\/","title":{"rendered":"Mobile contenitore Componibili La Double J &#8211; \/ 3 cassetti &#8211; H 58 cm Bianco|Ninfea design Anna Castelli Ferrieri for Kartell"},"content":{"rendered":"<p>Vera icona di design, il celebre Componibili presenta nuovi colori vivaci e motivi: bianco galletti, rosso geometrico e bianco ninfea. E&#8217; nel 1968 che la designer Anna Castelli Ferreri, sposa del fondatore di Kartell, crea la famosa Componibili. Questo cilindro in plastica modellato, dalle linee sobrie e funzionali \u00e8 un simbolo della rottura che \u00e8 avvenuta nel design nel corso degli anni &#8217;60. Pop, democratico, accessibile, audace, pratico, modulabile: questo mobiletto risponde pienamente alle esigenze di una nuova societ\u00e0 che si crea. Componibili conoscer\u00e0 ben presto un grande successo crescente grazie alla sua estrema funzionalit\u00e0. Compatto e versatile, si adatta a tutti gli ambienti di casa, a terra o su di un mobile. Risponde a diverse funzioni: comodino da notte in camera, tavolino in salotto, mobiletto in bagno o in cucina, sgabello all&#8217;occorrenza&#8230;. Prodotto da quasi mezzo secolo, Componibili si \u00e8 imposto nel corso dei decenni come un vero classico del design. Premiato da diversi premi, \u00e8 esposto presso il Museo di Arte Moderna di New York e al Centre Pompidou di Parigi.<\/p>\n","protected":false},"excerpt":{"rendered":"<p>Vera icona di design, il celebre Componibili presenta nuovi colori vivaci e motivi: bianco galletti, rosso geometrico e bianco ninfea.<\/p>\n","protected":false},"featured_media":135789,"template":"","meta":{"_acf_changed":false,"jetpack_post_was_ever_published":false,"jetpack_publicize_message":"","jetpack_publicize_feature_enabled":true,"jetpack_social_post_already_shared":false,"jetpack_social_options":{"image_generator_settings":{"template":"highway","default_image_id":0,"font":"","enabled":false},"version":2}},"pwb-brand":[1226],"product_brand":[],"product_cat":[703,337,374,607,702],"product_tag":[166],"class_list":{"0":"post-104427","1":"product","2":"type-product","3":"status-publish","4":"has-post-thumbnail","6":"pwb-brand-kartell","7":"product_cat-anna-castelli-ferrieri","8":"product_cat-arredamento","9":"product_cat-complementi","10":"product_cat-designers","11":"product_cat-mobile-contenitore","12":"product_tag-portaoggetti","13":"pa_altezza-585-mm","14":"pa_colore-bianco","15":"pa_colore-ninfea","16":"pa_designer-anna-castelli-ferrieri","17":"pa_downloads-2d","18":"pa_downloads-3d","19":"pa_larghezza-320-mm","20":"pa_materiale-abs","21":"pa_produttore-kartell","22":"pa_profondita-320-mm","23":"pa_serie-componibili","24":"pa_serie-la-double-j","25":"pa_tipo-di-prodotto-mobile-contenitore","27":"first","28":"instock","29":"product-type-external"},"acf":[],"yoast_head":"<!-- This site is optimized with the Yoast SEO plugin v27.2 - https:\/\/yoast.com\/product\/yoast-seo-wordpress\/ -->\n<title>Mobile contenitore Componibili La Double J - \/ 3 cassetti - H 58 cm Bianco|Ninfea design Anna Castelli Ferrieri for Kartell - SDM Product Selection<\/title>\n<meta name=\"description\" content=\"Vera icona di design, il celebre Componibili presenta nuovi colori vivaci e motivi: bianco galletti, rosso geometrico e bianco ninfea.\" \/>\n<meta name=\"robots\" content=\"index, follow, max-snippet:-1, max-image-preview:large, max-video-preview:-1\" \/>\n<link rel=\"canonical\" href=\"https:\/\/socialdesignmagazine.com\/mag\/products-selection\/product\/mobile-contenitore-componibili-la-double-j-3-cassetti-h-58-cm-bianconinfea-design-anna-castelli-ferrieri-for-kartell\/\" \/>\n<meta property=\"og:locale\" content=\"it_IT\" \/>\n<meta property=\"og:type\" content=\"article\" \/>\n<meta property=\"og:title\" content=\"Mobile contenitore Componibili La Double J - \/ 3 cassetti - H 58 cm Bianco|Ninfea design Anna Castelli Ferrieri for Kartell - SDM Product Selection\" \/>\n<meta property=\"og:description\" content=\"Vera icona di design, il celebre Componibili presenta nuovi colori vivaci e motivi: bianco galletti, rosso geometrico e bianco ninfea.\" \/>\n<meta property=\"og:url\" content=\"https:\/\/socialdesignmagazine.com\/mag\/products-selection\/product\/mobile-contenitore-componibili-la-double-j-3-cassetti-h-58-cm-bianconinfea-design-anna-castelli-ferrieri-for-kartell\/\" \/>\n<meta property=\"og:site_name\" content=\"SDM Product Selection\" \/>\n<meta property=\"article:publisher\" content=\"https:\/\/www.facebook.com\/socialdesignmag\" \/>\n<meta property=\"article:modified_time\" content=\"2020-12-25T15:03:54+00:00\" \/>\n<meta property=\"og:image\" content=\"https:\/\/socialdesignmagazine.com\/mag\/products-selection\/wp-content\/uploads\/sites\/2\/2020\/12\/Mobile-contenitore-Componibili-La-Double-J-3-cassetti-H-58-cm-BiancoNinfea-Kartell-Anna-Castelli-Ferrieri.jpg\" \/>\n\t<meta property=\"og:image:width\" content=\"693\" \/>\n\t<meta property=\"og:image:height\" content=\"1120\" \/>\n\t<meta property=\"og:image:type\" content=\"image\/jpeg\" \/>\n<meta name=\"twitter:card\" content=\"summary_large_image\" \/>\n<meta name=\"twitter:site\" content=\"@socialdesignmag\" \/>\n<meta name=\"twitter:label1\" content=\"Tempo di lettura stimato\" \/>\n\t<meta name=\"twitter:data1\" content=\"1 minuto\" \/>\n<script type=\"application\/ld+json\" class=\"yoast-schema-graph\">{\"@context\":\"https:\/\/schema.org\",\"@graph\":[{\"@type\":\"WebPage\",\"@id\":\"https:\/\/socialdesignmagazine.com\/mag\/products-selection\/product\/mobile-contenitore-componibili-la-double-j-3-cassetti-h-58-cm-bianconinfea-design-anna-castelli-ferrieri-for-kartell\/\",\"url\":\"https:\/\/socialdesignmagazine.com\/mag\/products-selection\/product\/mobile-contenitore-componibili-la-double-j-3-cassetti-h-58-cm-bianconinfea-design-anna-castelli-ferrieri-for-kartell\/\",\"name\":\"Mobile contenitore Componibili La Double J - \/ 3 cassetti - H 58 cm Bianco|Ninfea design Anna Castelli Ferrieri for Kartell - SDM Product Selection\",\"isPartOf\":{\"@id\":\"https:\/\/socialdesignmagazine.com\/mag\/products-selection\/#website\"},\"primaryImageOfPage\":{\"@id\":\"https:\/\/socialdesignmagazine.com\/mag\/products-selection\/product\/mobile-contenitore-componibili-la-double-j-3-cassetti-h-58-cm-bianconinfea-design-anna-castelli-ferrieri-for-kartell\/#primaryimage\"},\"image\":{\"@id\":\"https:\/\/socialdesignmagazine.com\/mag\/products-selection\/product\/mobile-contenitore-componibili-la-double-j-3-cassetti-h-58-cm-bianconinfea-design-anna-castelli-ferrieri-for-kartell\/#primaryimage\"},\"thumbnailUrl\":\"https:\/\/socialdesignmagazine.com\/mag\/products-selection\/wp-content\/uploads\/sites\/2\/2020\/12\/Mobile-contenitore-Componibili-La-Double-J-3-cassetti-H-58-cm-BiancoNinfea-Kartell-Anna-Castelli-Ferrieri.jpg\",\"datePublished\":\"2020-05-29T15:40:06+00:00\",\"dateModified\":\"2020-12-25T15:03:54+00:00\",\"description\":\"Vera icona di design, il celebre Componibili presenta nuovi colori vivaci e motivi: bianco galletti, rosso geometrico e bianco ninfea.\",\"breadcrumb\":{\"@id\":\"https:\/\/socialdesignmagazine.com\/mag\/products-selection\/product\/mobile-contenitore-componibili-la-double-j-3-cassetti-h-58-cm-bianconinfea-design-anna-castelli-ferrieri-for-kartell\/#breadcrumb\"},\"inLanguage\":\"it-IT\",\"potentialAction\":[{\"@type\":\"ReadAction\",\"target\":[\"https:\/\/socialdesignmagazine.com\/mag\/products-selection\/product\/mobile-contenitore-componibili-la-double-j-3-cassetti-h-58-cm-bianconinfea-design-anna-castelli-ferrieri-for-kartell\/\"]}]},{\"@type\":\"ImageObject\",\"inLanguage\":\"it-IT\",\"@id\":\"https:\/\/socialdesignmagazine.com\/mag\/products-selection\/product\/mobile-contenitore-componibili-la-double-j-3-cassetti-h-58-cm-bianconinfea-design-anna-castelli-ferrieri-for-kartell\/#primaryimage\",\"url\":\"https:\/\/socialdesignmagazine.com\/mag\/products-selection\/wp-content\/uploads\/sites\/2\/2020\/12\/Mobile-contenitore-Componibili-La-Double-J-3-cassetti-H-58-cm-BiancoNinfea-Kartell-Anna-Castelli-Ferrieri.jpg\",\"contentUrl\":\"https:\/\/socialdesignmagazine.com\/mag\/products-selection\/wp-content\/uploads\/sites\/2\/2020\/12\/Mobile-contenitore-Componibili-La-Double-J-3-cassetti-H-58-cm-BiancoNinfea-Kartell-Anna-Castelli-Ferrieri.jpg\",\"width\":693,\"height\":1120,\"caption\":\"Mobile contenitore Componibili La Double J - \/ 3 cassetti - H 58 cm Bianco|Ninfea Kartell Anna Castelli Ferrieri 1\"},{\"@type\":\"BreadcrumbList\",\"@id\":\"https:\/\/socialdesignmagazine.com\/mag\/products-selection\/product\/mobile-contenitore-componibili-la-double-j-3-cassetti-h-58-cm-bianconinfea-design-anna-castelli-ferrieri-for-kartell\/#breadcrumb\",\"itemListElement\":[{\"@type\":\"ListItem\",\"position\":1,\"name\":\"Home\",\"item\":\"https:\/\/socialdesignmagazine.com\/mag\/products-selection\/\"},{\"@type\":\"ListItem\",\"position\":2,\"name\":\"Tutti i prodotti\",\"item\":\"https:\/\/socialdesignmagazine.com\/mag\/products-selection\/tutti-i-prodotti\/\"},{\"@type\":\"ListItem\",\"position\":3,\"name\":\"Mobile contenitore Componibili La Double J &#8211; \/ 3 cassetti &#8211; H 58 cm Bianco|Ninfea design Anna Castelli Ferrieri for Kartell\"}]},{\"@type\":\"WebSite\",\"@id\":\"https:\/\/socialdesignmagazine.com\/mag\/products-selection\/#website\",\"url\":\"https:\/\/socialdesignmagazine.com\/mag\/products-selection\/\",\"name\":\"SDM Product Selection\",\"description\":\"Una selezioni di prodotti dei brand pi\u00f9 interessanti per arredare e progettare\",\"publisher\":{\"@id\":\"https:\/\/socialdesignmagazine.com\/mag\/products-selection\/#organization\"},\"potentialAction\":[{\"@type\":\"SearchAction\",\"target\":{\"@type\":\"EntryPoint\",\"urlTemplate\":\"https:\/\/socialdesignmagazine.com\/mag\/products-selection\/?s={search_term_string}\"},\"query-input\":{\"@type\":\"PropertyValueSpecification\",\"valueRequired\":true,\"valueName\":\"search_term_string\"}}],\"inLanguage\":\"it-IT\"},{\"@type\":\"Organization\",\"@id\":\"https:\/\/socialdesignmagazine.com\/mag\/products-selection\/#organization\",\"name\":\"Social Design Magazine\",\"url\":\"https:\/\/socialdesignmagazine.com\/mag\/products-selection\/\",\"logo\":{\"@type\":\"ImageObject\",\"inLanguage\":\"it-IT\",\"@id\":\"https:\/\/socialdesignmagazine.com\/mag\/products-selection\/#\/schema\/logo\/image\/\",\"url\":\"https:\/\/socialdesignmagazine.com\/mag\/products-selection\/wp-content\/uploads\/sites\/2\/2015\/05\/social-design-magazine-logo.png\",\"contentUrl\":\"https:\/\/socialdesignmagazine.com\/mag\/products-selection\/wp-content\/uploads\/sites\/2\/2015\/05\/social-design-magazine-logo.png\",\"width\":251,\"height\":101,\"caption\":\"Social Design Magazine\"},\"image\":{\"@id\":\"https:\/\/socialdesignmagazine.com\/mag\/products-selection\/#\/schema\/logo\/image\/\"},\"sameAs\":[\"https:\/\/www.facebook.com\/socialdesignmag\",\"https:\/\/x.com\/socialdesignmag\",\"http:\/\/instagram.com\/social_design_magazine\/\",\"http:\/\/pinterest.com\/socialdesignmag\/\",\"http:\/\/www.youtube.com\/user\/socialdesignmagazine\"]}]}<\/script>\n<!-- \/ Yoast SEO plugin. -->","yoast_head_json":{"title":"Mobile contenitore Componibili La Double J - \/ 3 cassetti - H 58 cm Bianco|Ninfea design Anna Castelli Ferrieri for Kartell - SDM Product Selection","description":"Vera icona di design, il celebre Componibili presenta nuovi colori vivaci e motivi: bianco galletti, rosso geometrico e bianco ninfea.","robots":{"index":"index","follow":"follow","max-snippet":"max-snippet:-1","max-image-preview":"max-image-preview:large","max-video-preview":"max-video-preview:-1"},"canonical":"https:\/\/socialdesignmagazine.com\/mag\/products-selection\/product\/mobile-contenitore-componibili-la-double-j-3-cassetti-h-58-cm-bianconinfea-design-anna-castelli-ferrieri-for-kartell\/","og_locale":"it_IT","og_type":"article","og_title":"Mobile contenitore Componibili La Double J - \/ 3 cassetti - H 58 cm Bianco|Ninfea design Anna Castelli Ferrieri for Kartell - SDM Product Selection","og_description":"Vera icona di design, il celebre Componibili presenta nuovi colori vivaci e motivi: bianco galletti, rosso geometrico e bianco ninfea.","og_url":"https:\/\/socialdesignmagazine.com\/mag\/products-selection\/product\/mobile-contenitore-componibili-la-double-j-3-cassetti-h-58-cm-bianconinfea-design-anna-castelli-ferrieri-for-kartell\/","og_site_name":"SDM Product Selection","article_publisher":"https:\/\/www.facebook.com\/socialdesignmag","article_modified_time":"2020-12-25T15:03:54+00:00","og_image":[{"width":693,"height":1120,"url":"https:\/\/socialdesignmagazine.com\/mag\/products-selection\/wp-content\/uploads\/sites\/2\/2020\/12\/Mobile-contenitore-Componibili-La-Double-J-3-cassetti-H-58-cm-BiancoNinfea-Kartell-Anna-Castelli-Ferrieri.jpg","type":"image\/jpeg"}],"twitter_card":"summary_large_image","twitter_site":"@socialdesignmag","twitter_misc":{"Tempo di lettura stimato":"1 minuto"},"schema":{"@context":"https:\/\/schema.org","@graph":[{"@type":"WebPage","@id":"https:\/\/socialdesignmagazine.com\/mag\/products-selection\/product\/mobile-contenitore-componibili-la-double-j-3-cassetti-h-58-cm-bianconinfea-design-anna-castelli-ferrieri-for-kartell\/","url":"https:\/\/socialdesignmagazine.com\/mag\/products-selection\/product\/mobile-contenitore-componibili-la-double-j-3-cassetti-h-58-cm-bianconinfea-design-anna-castelli-ferrieri-for-kartell\/","name":"Mobile contenitore Componibili La Double J - \/ 3 cassetti - H 58 cm Bianco|Ninfea design Anna Castelli Ferrieri for Kartell - SDM Product Selection","isPartOf":{"@id":"https:\/\/socialdesignmagazine.com\/mag\/products-selection\/#website"},"primaryImageOfPage":{"@id":"https:\/\/socialdesignmagazine.com\/mag\/products-selection\/product\/mobile-contenitore-componibili-la-double-j-3-cassetti-h-58-cm-bianconinfea-design-anna-castelli-ferrieri-for-kartell\/#primaryimage"},"image":{"@id":"https:\/\/socialdesignmagazine.com\/mag\/products-selection\/product\/mobile-contenitore-componibili-la-double-j-3-cassetti-h-58-cm-bianconinfea-design-anna-castelli-ferrieri-for-kartell\/#primaryimage"},"thumbnailUrl":"https:\/\/socialdesignmagazine.com\/mag\/products-selection\/wp-content\/uploads\/sites\/2\/2020\/12\/Mobile-contenitore-Componibili-La-Double-J-3-cassetti-H-58-cm-BiancoNinfea-Kartell-Anna-Castelli-Ferrieri.jpg","datePublished":"2020-05-29T15:40:06+00:00","dateModified":"2020-12-25T15:03:54+00:00","description":"Vera icona di design, il celebre Componibili presenta nuovi colori vivaci e motivi: bianco galletti, rosso geometrico e bianco ninfea.","breadcrumb":{"@id":"https:\/\/socialdesignmagazine.com\/mag\/products-selection\/product\/mobile-contenitore-componibili-la-double-j-3-cassetti-h-58-cm-bianconinfea-design-anna-castelli-ferrieri-for-kartell\/#breadcrumb"},"inLanguage":"it-IT","potentialAction":[{"@type":"ReadAction","target":["https:\/\/socialdesignmagazine.com\/mag\/products-selection\/product\/mobile-contenitore-componibili-la-double-j-3-cassetti-h-58-cm-bianconinfea-design-anna-castelli-ferrieri-for-kartell\/"]}]},{"@type":"ImageObject","inLanguage":"it-IT","@id":"https:\/\/socialdesignmagazine.com\/mag\/products-selection\/product\/mobile-contenitore-componibili-la-double-j-3-cassetti-h-58-cm-bianconinfea-design-anna-castelli-ferrieri-for-kartell\/#primaryimage","url":"https:\/\/socialdesignmagazine.com\/mag\/products-selection\/wp-content\/uploads\/sites\/2\/2020\/12\/Mobile-contenitore-Componibili-La-Double-J-3-cassetti-H-58-cm-BiancoNinfea-Kartell-Anna-Castelli-Ferrieri.jpg","contentUrl":"https:\/\/socialdesignmagazine.com\/mag\/products-selection\/wp-content\/uploads\/sites\/2\/2020\/12\/Mobile-contenitore-Componibili-La-Double-J-3-cassetti-H-58-cm-BiancoNinfea-Kartell-Anna-Castelli-Ferrieri.jpg","width":693,"height":1120,"caption":"Mobile contenitore Componibili La Double J - \/ 3 cassetti - H 58 cm Bianco|Ninfea Kartell Anna Castelli Ferrieri 1"},{"@type":"BreadcrumbList","@id":"https:\/\/socialdesignmagazine.com\/mag\/products-selection\/product\/mobile-contenitore-componibili-la-double-j-3-cassetti-h-58-cm-bianconinfea-design-anna-castelli-ferrieri-for-kartell\/#breadcrumb","itemListElement":[{"@type":"ListItem","position":1,"name":"Home","item":"https:\/\/socialdesignmagazine.com\/mag\/products-selection\/"},{"@type":"ListItem","position":2,"name":"Tutti i prodotti","item":"https:\/\/socialdesignmagazine.com\/mag\/products-selection\/tutti-i-prodotti\/"},{"@type":"ListItem","position":3,"name":"Mobile contenitore Componibili La Double J &#8211; \/ 3 cassetti &#8211; H 58 cm Bianco|Ninfea design Anna Castelli Ferrieri for Kartell"}]},{"@type":"WebSite","@id":"https:\/\/socialdesignmagazine.com\/mag\/products-selection\/#website","url":"https:\/\/socialdesignmagazine.com\/mag\/products-selection\/","name":"SDM Product Selection","description":"Una selezioni di prodotti dei brand pi\u00f9 interessanti per arredare e progettare","publisher":{"@id":"https:\/\/socialdesignmagazine.com\/mag\/products-selection\/#organization"},"potentialAction":[{"@type":"SearchAction","target":{"@type":"EntryPoint","urlTemplate":"https:\/\/socialdesignmagazine.com\/mag\/products-selection\/?s={search_term_string}"},"query-input":{"@type":"PropertyValueSpecification","valueRequired":true,"valueName":"search_term_string"}}],"inLanguage":"it-IT"},{"@type":"Organization","@id":"https:\/\/socialdesignmagazine.com\/mag\/products-selection\/#organization","name":"Social Design Magazine","url":"https:\/\/socialdesignmagazine.com\/mag\/products-selection\/","logo":{"@type":"ImageObject","inLanguage":"it-IT","@id":"https:\/\/socialdesignmagazine.com\/mag\/products-selection\/#\/schema\/logo\/image\/","url":"https:\/\/socialdesignmagazine.com\/mag\/products-selection\/wp-content\/uploads\/sites\/2\/2015\/05\/social-design-magazine-logo.png","contentUrl":"https:\/\/socialdesignmagazine.com\/mag\/products-selection\/wp-content\/uploads\/sites\/2\/2015\/05\/social-design-magazine-logo.png","width":251,"height":101,"caption":"Social Design Magazine"},"image":{"@id":"https:\/\/socialdesignmagazine.com\/mag\/products-selection\/#\/schema\/logo\/image\/"},"sameAs":["https:\/\/www.facebook.com\/socialdesignmag","https:\/\/x.com\/socialdesignmag","http:\/\/instagram.com\/social_design_magazine\/","http:\/\/pinterest.com\/socialdesignmag\/","http:\/\/www.youtube.com\/user\/socialdesignmagazine"]}]}},"jetpack_publicize_connections":[],"jetpack_sharing_enabled":true,"brands":[{"id":1226,"name":"Kartell","slug":"kartell"}],"_links":{"self":[{"href":"https:\/\/socialdesignmagazine.com\/mag\/products-selection\/wp-json\/wp\/v2\/product\/104427","targetHints":{"allow":["GET"]}}],"collection":[{"href":"https:\/\/socialdesignmagazine.com\/mag\/products-selection\/wp-json\/wp\/v2\/product"}],"about":[{"href":"https:\/\/socialdesignmagazine.com\/mag\/products-selection\/wp-json\/wp\/v2\/types\/product"}],"wp:featuredmedia":[{"embeddable":true,"href":"https:\/\/socialdesignmagazine.com\/mag\/products-selection\/wp-json\/wp\/v2\/media\/135789"}],"wp:attachment":[{"href":"https:\/\/socialdesignmagazine.com\/mag\/products-selection\/wp-json\/wp\/v2\/media?parent=104427"}],"wp:term":[{"taxonomy":"pwb-brand","embeddable":true,"href":"https:\/\/socialdesignmagazine.com\/mag\/products-selection\/wp-json\/wp\/v2\/pwb-brand?post=104427"},{"taxonomy":"product_brand","embeddable":true,"href":"https:\/\/socialdesignmagazine.com\/mag\/products-selection\/wp-json\/wp\/v2\/product_brand?post=104427"},{"taxonomy":"product_cat","embeddable":true,"href":"https:\/\/socialdesignmagazine.com\/mag\/products-selection\/wp-json\/wp\/v2\/product_cat?post=104427"},{"taxonomy":"product_tag","embeddable":true,"href":"https:\/\/socialdesignmagazine.com\/mag\/products-selection\/wp-json\/wp\/v2\/product_tag?post=104427"}],"curies":[{"name":"wp","href":"https:\/\/api.w.org\/{rel}","templated":true}]}}