{"id":104754,"date":"2020-05-31T00:06:49","date_gmt":"2020-05-30T22:06:49","guid":{"rendered":"https:\/\/socialdesignmagazine.com\/mag\/products-selection\/?post_type=product&#038;p=104754"},"modified":"2020-12-25T16:04:15","modified_gmt":"2020-12-25T15:04:15","slug":"sedia-impilabile-victoria-ghost-set-di-4-fume-design-philippe-starck-for-kartell","status":"publish","type":"product","link":"https:\/\/socialdesignmagazine.com\/mag\/products-selection\/product\/sedia-impilabile-victoria-ghost-set-di-4-fume-design-philippe-starck-for-kartell\/","title":{"rendered":"Sedia impilabile Victoria Ghost &#8211; Set di 4 Fum\u00e9 design Philippe Starck for Kartell"},"content":{"rendered":"<p>Set di 4 sedie Victoria Ghost. Victoria Ghost \u00e8 nata sulla falsariga delle linee classiche della poltroncina Louis Ghost. Lo schienale \u00e8 arrotondato e ricorda la forma degli antichi medaglioni. Questa sedia carismatica ha una forte personalit\u00e0. Impone la sua eleganza negli ambienti moderni come in quelli pi\u00f9 classici. Realizzata in policarbonato trasparente, \u00e8 comoda, raffinata e versatile! Il prezzo indicato si riferisce ad un set di 4 sedie Victoria Ghost<\/p>\n","protected":false},"excerpt":{"rendered":"<p>Set di 4 sedie Victoria Ghost trasparenti. Victoria Ghost \u00e8 nata sulla falsariga delle linee classiche della poltroncina Louis Ghost.<\/p>\n","protected":false},"featured_media":135846,"template":"","meta":{"_acf_changed":false,"jetpack_post_was_ever_published":false,"jetpack_publicize_message":"","jetpack_publicize_feature_enabled":true,"jetpack_social_post_already_shared":false,"jetpack_social_options":{"image_generator_settings":{"template":"highway","default_image_id":0,"font":"","enabled":false},"version":2}},"pwb-brand":[1226],"product_brand":[],"product_cat":[337,607,746,2177,533],"product_tag":[2178],"class_list":{"0":"post-104754","1":"product","2":"type-product","3":"status-publish","4":"has-post-thumbnail","6":"pwb-brand-kartell","7":"product_cat-arredamento","8":"product_cat-designers","9":"product_cat-philippe-starck","10":"product_cat-sedia-impilabile","11":"product_cat-sedute","12":"product_tag-sedia-impilabile","13":"pa_altezza-900-mm","14":"pa_colore-fume","15":"pa_designer-philippe-starck","16":"pa_downloads-2d","17":"pa_downloads-3d","18":"pa_larghezza-380-mm","19":"pa_materiale-policarbonato","20":"pa_produttore-kartell","21":"pa_profondita-400-mm","22":"pa_serie-ghost","23":"pa_tipo-di-prodotto-sedia-impilabile","25":"first","26":"instock","27":"product-type-external"},"acf":[],"yoast_head":"<!-- This site is optimized with the Yoast SEO plugin v27.2 - https:\/\/yoast.com\/product\/yoast-seo-wordpress\/ -->\n<title>Sedia impilabile Victoria Ghost - Set di 4 Fum\u00e9 design Philippe Starck for Kartell - SDM Product Selection<\/title>\n<meta name=\"description\" content=\"Set di 4 sedie Victoria Ghost trasparenti. Victoria Ghost \u00e8 nata sulla falsariga delle linee classiche della poltroncina Louis Ghost.\" \/>\n<meta name=\"robots\" content=\"index, follow, max-snippet:-1, max-image-preview:large, max-video-preview:-1\" \/>\n<link rel=\"canonical\" href=\"https:\/\/socialdesignmagazine.com\/mag\/products-selection\/product\/sedia-impilabile-victoria-ghost-set-di-4-fume-design-philippe-starck-for-kartell\/\" \/>\n<meta property=\"og:locale\" content=\"it_IT\" \/>\n<meta property=\"og:type\" content=\"article\" \/>\n<meta property=\"og:title\" content=\"Sedia impilabile Victoria Ghost - Set di 4 Fum\u00e9 design Philippe Starck for Kartell - SDM Product Selection\" \/>\n<meta property=\"og:description\" content=\"Set di 4 sedie Victoria Ghost trasparenti. Victoria Ghost \u00e8 nata sulla falsariga delle linee classiche della poltroncina Louis Ghost.\" \/>\n<meta property=\"og:url\" content=\"https:\/\/socialdesignmagazine.com\/mag\/products-selection\/product\/sedia-impilabile-victoria-ghost-set-di-4-fume-design-philippe-starck-for-kartell\/\" \/>\n<meta property=\"og:site_name\" content=\"SDM Product Selection\" \/>\n<meta property=\"article:publisher\" content=\"https:\/\/www.facebook.com\/socialdesignmag\" \/>\n<meta property=\"article:modified_time\" content=\"2020-12-25T15:04:15+00:00\" \/>\n<meta property=\"og:image\" content=\"https:\/\/socialdesignmagazine.com\/mag\/products-selection\/wp-content\/uploads\/sites\/2\/2020\/12\/Sedia-impilabile-Victoria-Ghost-Set-di-4-Fum\u00e9-Kartell-Philippe-Starck.jpg\" \/>\n\t<meta property=\"og:image:width\" content=\"1272\" \/>\n\t<meta property=\"og:image:height\" content=\"1980\" \/>\n\t<meta property=\"og:image:type\" content=\"image\/jpeg\" \/>\n<meta name=\"twitter:card\" content=\"summary_large_image\" \/>\n<meta name=\"twitter:site\" content=\"@socialdesignmag\" \/>\n<script type=\"application\/ld+json\" class=\"yoast-schema-graph\">{\"@context\":\"https:\/\/schema.org\",\"@graph\":[{\"@type\":\"WebPage\",\"@id\":\"https:\/\/socialdesignmagazine.com\/mag\/products-selection\/product\/sedia-impilabile-victoria-ghost-set-di-4-fume-design-philippe-starck-for-kartell\/\",\"url\":\"https:\/\/socialdesignmagazine.com\/mag\/products-selection\/product\/sedia-impilabile-victoria-ghost-set-di-4-fume-design-philippe-starck-for-kartell\/\",\"name\":\"Sedia impilabile Victoria Ghost - Set di 4 Fum\u00e9 design Philippe Starck for Kartell - SDM Product Selection\",\"isPartOf\":{\"@id\":\"https:\/\/socialdesignmagazine.com\/mag\/products-selection\/#website\"},\"primaryImageOfPage\":{\"@id\":\"https:\/\/socialdesignmagazine.com\/mag\/products-selection\/product\/sedia-impilabile-victoria-ghost-set-di-4-fume-design-philippe-starck-for-kartell\/#primaryimage\"},\"image\":{\"@id\":\"https:\/\/socialdesignmagazine.com\/mag\/products-selection\/product\/sedia-impilabile-victoria-ghost-set-di-4-fume-design-philippe-starck-for-kartell\/#primaryimage\"},\"thumbnailUrl\":\"https:\/\/socialdesignmagazine.com\/mag\/products-selection\/wp-content\/uploads\/sites\/2\/2020\/12\/Sedia-impilabile-Victoria-Ghost-Set-di-4-Fum\u00e9-Kartell-Philippe-Starck.jpg\",\"datePublished\":\"2020-05-30T22:06:49+00:00\",\"dateModified\":\"2020-12-25T15:04:15+00:00\",\"description\":\"Set di 4 sedie Victoria Ghost trasparenti. Victoria Ghost \u00e8 nata sulla falsariga delle linee classiche della poltroncina Louis Ghost.\",\"breadcrumb\":{\"@id\":\"https:\/\/socialdesignmagazine.com\/mag\/products-selection\/product\/sedia-impilabile-victoria-ghost-set-di-4-fume-design-philippe-starck-for-kartell\/#breadcrumb\"},\"inLanguage\":\"it-IT\",\"potentialAction\":[{\"@type\":\"ReadAction\",\"target\":[\"https:\/\/socialdesignmagazine.com\/mag\/products-selection\/product\/sedia-impilabile-victoria-ghost-set-di-4-fume-design-philippe-starck-for-kartell\/\"]}]},{\"@type\":\"ImageObject\",\"inLanguage\":\"it-IT\",\"@id\":\"https:\/\/socialdesignmagazine.com\/mag\/products-selection\/product\/sedia-impilabile-victoria-ghost-set-di-4-fume-design-philippe-starck-for-kartell\/#primaryimage\",\"url\":\"https:\/\/socialdesignmagazine.com\/mag\/products-selection\/wp-content\/uploads\/sites\/2\/2020\/12\/Sedia-impilabile-Victoria-Ghost-Set-di-4-Fum\u00e9-Kartell-Philippe-Starck.jpg\",\"contentUrl\":\"https:\/\/socialdesignmagazine.com\/mag\/products-selection\/wp-content\/uploads\/sites\/2\/2020\/12\/Sedia-impilabile-Victoria-Ghost-Set-di-4-Fum\u00e9-Kartell-Philippe-Starck.jpg\",\"width\":1272,\"height\":1980,\"caption\":\"Sedia impilabile Victoria Ghost - Set di 4 Fum\u00e9 Kartell Philippe Starck 1\"},{\"@type\":\"BreadcrumbList\",\"@id\":\"https:\/\/socialdesignmagazine.com\/mag\/products-selection\/product\/sedia-impilabile-victoria-ghost-set-di-4-fume-design-philippe-starck-for-kartell\/#breadcrumb\",\"itemListElement\":[{\"@type\":\"ListItem\",\"position\":1,\"name\":\"Home\",\"item\":\"https:\/\/socialdesignmagazine.com\/mag\/products-selection\/\"},{\"@type\":\"ListItem\",\"position\":2,\"name\":\"Tutti i prodotti\",\"item\":\"https:\/\/socialdesignmagazine.com\/mag\/products-selection\/tutti-i-prodotti\/\"},{\"@type\":\"ListItem\",\"position\":3,\"name\":\"Sedia impilabile Victoria Ghost &#8211; Set di 4 Fum\u00e9 design Philippe Starck for Kartell\"}]},{\"@type\":\"WebSite\",\"@id\":\"https:\/\/socialdesignmagazine.com\/mag\/products-selection\/#website\",\"url\":\"https:\/\/socialdesignmagazine.com\/mag\/products-selection\/\",\"name\":\"SDM Product Selection\",\"description\":\"Una selezioni di prodotti dei brand pi\u00f9 interessanti per arredare e progettare\",\"publisher\":{\"@id\":\"https:\/\/socialdesignmagazine.com\/mag\/products-selection\/#organization\"},\"potentialAction\":[{\"@type\":\"SearchAction\",\"target\":{\"@type\":\"EntryPoint\",\"urlTemplate\":\"https:\/\/socialdesignmagazine.com\/mag\/products-selection\/?s={search_term_string}\"},\"query-input\":{\"@type\":\"PropertyValueSpecification\",\"valueRequired\":true,\"valueName\":\"search_term_string\"}}],\"inLanguage\":\"it-IT\"},{\"@type\":\"Organization\",\"@id\":\"https:\/\/socialdesignmagazine.com\/mag\/products-selection\/#organization\",\"name\":\"Social Design Magazine\",\"url\":\"https:\/\/socialdesignmagazine.com\/mag\/products-selection\/\",\"logo\":{\"@type\":\"ImageObject\",\"inLanguage\":\"it-IT\",\"@id\":\"https:\/\/socialdesignmagazine.com\/mag\/products-selection\/#\/schema\/logo\/image\/\",\"url\":\"https:\/\/socialdesignmagazine.com\/mag\/products-selection\/wp-content\/uploads\/sites\/2\/2015\/05\/social-design-magazine-logo.png\",\"contentUrl\":\"https:\/\/socialdesignmagazine.com\/mag\/products-selection\/wp-content\/uploads\/sites\/2\/2015\/05\/social-design-magazine-logo.png\",\"width\":251,\"height\":101,\"caption\":\"Social Design Magazine\"},\"image\":{\"@id\":\"https:\/\/socialdesignmagazine.com\/mag\/products-selection\/#\/schema\/logo\/image\/\"},\"sameAs\":[\"https:\/\/www.facebook.com\/socialdesignmag\",\"https:\/\/x.com\/socialdesignmag\",\"http:\/\/instagram.com\/social_design_magazine\/\",\"http:\/\/pinterest.com\/socialdesignmag\/\",\"http:\/\/www.youtube.com\/user\/socialdesignmagazine\"]}]}<\/script>\n<!-- \/ Yoast SEO plugin. -->","yoast_head_json":{"title":"Sedia impilabile Victoria Ghost - Set di 4 Fum\u00e9 design Philippe Starck for Kartell - SDM Product Selection","description":"Set di 4 sedie Victoria Ghost trasparenti. Victoria Ghost \u00e8 nata sulla falsariga delle linee classiche della poltroncina Louis Ghost.","robots":{"index":"index","follow":"follow","max-snippet":"max-snippet:-1","max-image-preview":"max-image-preview:large","max-video-preview":"max-video-preview:-1"},"canonical":"https:\/\/socialdesignmagazine.com\/mag\/products-selection\/product\/sedia-impilabile-victoria-ghost-set-di-4-fume-design-philippe-starck-for-kartell\/","og_locale":"it_IT","og_type":"article","og_title":"Sedia impilabile Victoria Ghost - Set di 4 Fum\u00e9 design Philippe Starck for Kartell - SDM Product Selection","og_description":"Set di 4 sedie Victoria Ghost trasparenti. Victoria Ghost \u00e8 nata sulla falsariga delle linee classiche della poltroncina Louis Ghost.","og_url":"https:\/\/socialdesignmagazine.com\/mag\/products-selection\/product\/sedia-impilabile-victoria-ghost-set-di-4-fume-design-philippe-starck-for-kartell\/","og_site_name":"SDM Product Selection","article_publisher":"https:\/\/www.facebook.com\/socialdesignmag","article_modified_time":"2020-12-25T15:04:15+00:00","og_image":[{"width":1272,"height":1980,"url":"https:\/\/socialdesignmagazine.com\/mag\/products-selection\/wp-content\/uploads\/sites\/2\/2020\/12\/Sedia-impilabile-Victoria-Ghost-Set-di-4-Fum\u00e9-Kartell-Philippe-Starck.jpg","type":"image\/jpeg"}],"twitter_card":"summary_large_image","twitter_site":"@socialdesignmag","schema":{"@context":"https:\/\/schema.org","@graph":[{"@type":"WebPage","@id":"https:\/\/socialdesignmagazine.com\/mag\/products-selection\/product\/sedia-impilabile-victoria-ghost-set-di-4-fume-design-philippe-starck-for-kartell\/","url":"https:\/\/socialdesignmagazine.com\/mag\/products-selection\/product\/sedia-impilabile-victoria-ghost-set-di-4-fume-design-philippe-starck-for-kartell\/","name":"Sedia impilabile Victoria Ghost - Set di 4 Fum\u00e9 design Philippe Starck for Kartell - SDM Product Selection","isPartOf":{"@id":"https:\/\/socialdesignmagazine.com\/mag\/products-selection\/#website"},"primaryImageOfPage":{"@id":"https:\/\/socialdesignmagazine.com\/mag\/products-selection\/product\/sedia-impilabile-victoria-ghost-set-di-4-fume-design-philippe-starck-for-kartell\/#primaryimage"},"image":{"@id":"https:\/\/socialdesignmagazine.com\/mag\/products-selection\/product\/sedia-impilabile-victoria-ghost-set-di-4-fume-design-philippe-starck-for-kartell\/#primaryimage"},"thumbnailUrl":"https:\/\/socialdesignmagazine.com\/mag\/products-selection\/wp-content\/uploads\/sites\/2\/2020\/12\/Sedia-impilabile-Victoria-Ghost-Set-di-4-Fum\u00e9-Kartell-Philippe-Starck.jpg","datePublished":"2020-05-30T22:06:49+00:00","dateModified":"2020-12-25T15:04:15+00:00","description":"Set di 4 sedie Victoria Ghost trasparenti. Victoria Ghost \u00e8 nata sulla falsariga delle linee classiche della poltroncina Louis Ghost.","breadcrumb":{"@id":"https:\/\/socialdesignmagazine.com\/mag\/products-selection\/product\/sedia-impilabile-victoria-ghost-set-di-4-fume-design-philippe-starck-for-kartell\/#breadcrumb"},"inLanguage":"it-IT","potentialAction":[{"@type":"ReadAction","target":["https:\/\/socialdesignmagazine.com\/mag\/products-selection\/product\/sedia-impilabile-victoria-ghost-set-di-4-fume-design-philippe-starck-for-kartell\/"]}]},{"@type":"ImageObject","inLanguage":"it-IT","@id":"https:\/\/socialdesignmagazine.com\/mag\/products-selection\/product\/sedia-impilabile-victoria-ghost-set-di-4-fume-design-philippe-starck-for-kartell\/#primaryimage","url":"https:\/\/socialdesignmagazine.com\/mag\/products-selection\/wp-content\/uploads\/sites\/2\/2020\/12\/Sedia-impilabile-Victoria-Ghost-Set-di-4-Fum\u00e9-Kartell-Philippe-Starck.jpg","contentUrl":"https:\/\/socialdesignmagazine.com\/mag\/products-selection\/wp-content\/uploads\/sites\/2\/2020\/12\/Sedia-impilabile-Victoria-Ghost-Set-di-4-Fum\u00e9-Kartell-Philippe-Starck.jpg","width":1272,"height":1980,"caption":"Sedia impilabile Victoria Ghost - Set di 4 Fum\u00e9 Kartell Philippe Starck 1"},{"@type":"BreadcrumbList","@id":"https:\/\/socialdesignmagazine.com\/mag\/products-selection\/product\/sedia-impilabile-victoria-ghost-set-di-4-fume-design-philippe-starck-for-kartell\/#breadcrumb","itemListElement":[{"@type":"ListItem","position":1,"name":"Home","item":"https:\/\/socialdesignmagazine.com\/mag\/products-selection\/"},{"@type":"ListItem","position":2,"name":"Tutti i prodotti","item":"https:\/\/socialdesignmagazine.com\/mag\/products-selection\/tutti-i-prodotti\/"},{"@type":"ListItem","position":3,"name":"Sedia impilabile Victoria Ghost &#8211; Set di 4 Fum\u00e9 design Philippe Starck for Kartell"}]},{"@type":"WebSite","@id":"https:\/\/socialdesignmagazine.com\/mag\/products-selection\/#website","url":"https:\/\/socialdesignmagazine.com\/mag\/products-selection\/","name":"SDM Product Selection","description":"Una selezioni di prodotti dei brand pi\u00f9 interessanti per arredare e progettare","publisher":{"@id":"https:\/\/socialdesignmagazine.com\/mag\/products-selection\/#organization"},"potentialAction":[{"@type":"SearchAction","target":{"@type":"EntryPoint","urlTemplate":"https:\/\/socialdesignmagazine.com\/mag\/products-selection\/?s={search_term_string}"},"query-input":{"@type":"PropertyValueSpecification","valueRequired":true,"valueName":"search_term_string"}}],"inLanguage":"it-IT"},{"@type":"Organization","@id":"https:\/\/socialdesignmagazine.com\/mag\/products-selection\/#organization","name":"Social Design Magazine","url":"https:\/\/socialdesignmagazine.com\/mag\/products-selection\/","logo":{"@type":"ImageObject","inLanguage":"it-IT","@id":"https:\/\/socialdesignmagazine.com\/mag\/products-selection\/#\/schema\/logo\/image\/","url":"https:\/\/socialdesignmagazine.com\/mag\/products-selection\/wp-content\/uploads\/sites\/2\/2015\/05\/social-design-magazine-logo.png","contentUrl":"https:\/\/socialdesignmagazine.com\/mag\/products-selection\/wp-content\/uploads\/sites\/2\/2015\/05\/social-design-magazine-logo.png","width":251,"height":101,"caption":"Social Design Magazine"},"image":{"@id":"https:\/\/socialdesignmagazine.com\/mag\/products-selection\/#\/schema\/logo\/image\/"},"sameAs":["https:\/\/www.facebook.com\/socialdesignmag","https:\/\/x.com\/socialdesignmag","http:\/\/instagram.com\/social_design_magazine\/","http:\/\/pinterest.com\/socialdesignmag\/","http:\/\/www.youtube.com\/user\/socialdesignmagazine"]}]}},"jetpack_publicize_connections":[],"jetpack_sharing_enabled":true,"brands":[{"id":1226,"name":"Kartell","slug":"kartell"}],"_links":{"self":[{"href":"https:\/\/socialdesignmagazine.com\/mag\/products-selection\/wp-json\/wp\/v2\/product\/104754","targetHints":{"allow":["GET"]}}],"collection":[{"href":"https:\/\/socialdesignmagazine.com\/mag\/products-selection\/wp-json\/wp\/v2\/product"}],"about":[{"href":"https:\/\/socialdesignmagazine.com\/mag\/products-selection\/wp-json\/wp\/v2\/types\/product"}],"wp:featuredmedia":[{"embeddable":true,"href":"https:\/\/socialdesignmagazine.com\/mag\/products-selection\/wp-json\/wp\/v2\/media\/135846"}],"wp:attachment":[{"href":"https:\/\/socialdesignmagazine.com\/mag\/products-selection\/wp-json\/wp\/v2\/media?parent=104754"}],"wp:term":[{"taxonomy":"pwb-brand","embeddable":true,"href":"https:\/\/socialdesignmagazine.com\/mag\/products-selection\/wp-json\/wp\/v2\/pwb-brand?post=104754"},{"taxonomy":"product_brand","embeddable":true,"href":"https:\/\/socialdesignmagazine.com\/mag\/products-selection\/wp-json\/wp\/v2\/product_brand?post=104754"},{"taxonomy":"product_cat","embeddable":true,"href":"https:\/\/socialdesignmagazine.com\/mag\/products-selection\/wp-json\/wp\/v2\/product_cat?post=104754"},{"taxonomy":"product_tag","embeddable":true,"href":"https:\/\/socialdesignmagazine.com\/mag\/products-selection\/wp-json\/wp\/v2\/product_tag?post=104754"}],"curies":[{"name":"wp","href":"https:\/\/api.w.org\/{rel}","templated":true}]}}