{"id":105216,"date":"2020-06-21T17:49:09","date_gmt":"2020-06-21T15:49:09","guid":{"rendered":"https:\/\/socialdesignmagazine.com\/mag\/products-selection\/?post_type=product&#038;p=105216"},"modified":"2020-12-25T16:03:17","modified_gmt":"2020-12-25T15:03:17","slug":"sgabello-alto-masters-h-65-cm-titanio-design-philippe-starckeugeni-quitllet-for-kartell","status":"publish","type":"product","link":"https:\/\/socialdesignmagazine.com\/mag\/products-selection\/product\/sgabello-alto-masters-h-65-cm-titanio-design-philippe-starckeugeni-quitllet-for-kartell\/","title":{"rendered":"Sgabello alto Masters &#8211; H 65 cm Titanio design Philippe Starck|Eugeni Quitllet for Kartell"},"content":{"rendered":"<p>Precious Kartell&#8230; I grandi classici Kartell cambiano look e si illuminano di nuove finiture metallizzate esclusive e scintillanti: cromata, oro, ramata. La plastica si nobilita e risulta sofisticata, dando una dimensione lussosa e glamour ai best-seller Kartell. Frutto di diversi anni di ricerche, il processo di metallizzazione messo a punto appositamente da Kartell \u00e8 assolutamente all&#8217;avanguardia e di grandissima qualit\u00e0: il risultato \u00e8 impeccabile sia a livello estetico sia al tatto; presenta una grande robustezza e cos\u00ec lo sono le lacche utilizzate. Uscita nel 2009, la poltrona Masters di Philippe Starck ha gi\u00e0 raggiunto lo status di icona del design. Ha ricevuto dei prestigiosi premi come il Good Design Award 2010 e il Red Dot Award 2013; Masters \u00e8 un vero best-seller internazionale. Questa sedia da bar presenta uno stile futurista e rende omaggio alle icone che hanno segnato la storia del design. In un intreccio di linee sinuose e dinamiche, lo schienale ricorda le silhouette di tre classici del design contemporaneo: la Tulip Armchair di Eero Saarinen, la Eiffel Chair di Charles Eames e la Series 7 d&#8217;Arne Jacobsen&#8230; Questa \u00ab sintesi stilistica\u00bb ibride e attraente \u00e8 caratterizzata da uno splendido gioco di pieni e vuoti. Prodota in polipropilene, questa seduta originale \u00e8 al tempo stesso semplice e confortevole. Ci piace il suo stile e il suo prezzo contenuto.<\/p>\n","protected":false},"excerpt":{"rendered":"<p>Precious Kartell&#8230; I grandi classici Kartell si illuminano con nuove finiture metallizzate, esclusive e scintillanti: cromata, oro, rame. La plastica acquista un aspetto nobile e sofisticato, che d\u00e0 una dimensione luminosa e glamour ai best-seller Kartell.<\/p>\n","protected":false},"featured_media":135656,"template":"","meta":{"_acf_changed":false,"jetpack_post_was_ever_published":false,"jetpack_publicize_message":"","jetpack_publicize_feature_enabled":true,"jetpack_social_post_already_shared":false,"jetpack_social_options":{"image_generator_settings":{"template":"highway","default_image_id":0,"font":"","enabled":false},"version":2}},"pwb-brand":[1226],"product_brand":[],"product_cat":[337,607,747,746,533,539],"product_tag":[206],"class_list":{"0":"post-105216","1":"product","2":"type-product","3":"status-publish","4":"has-post-thumbnail","6":"pwb-brand-kartell","7":"product_cat-arredamento","8":"product_cat-designers","9":"product_cat-eugeni-quitllet","10":"product_cat-philippe-starck","11":"product_cat-sedute","12":"product_cat-sgabello-alto-sedute","13":"product_tag-sgabello-alto","14":"pa_altezza-990-mm","15":"pa_colore-titanio","16":"pa_designer-eugeni-quitllet","17":"pa_designer-philippe-starck","18":"pa_larghezza-500-mm","19":"pa_materiale-polipropilene","20":"pa_produttore-kartell","21":"pa_profondita-500-mm","22":"pa_serie-masters","23":"pa_serie-precious-kartell","24":"pa_tipo-di-prodotto-sgabello-alto","26":"first","27":"instock","28":"product-type-external"},"acf":[],"yoast_head":"<!-- This site is optimized with the Yoast SEO plugin v27.2 - https:\/\/yoast.com\/product\/yoast-seo-wordpress\/ -->\n<title>Sgabello alto Masters - H 65 cm Titanio design Philippe Starck|Eugeni Quitllet for Kartell - SDM Product Selection<\/title>\n<meta name=\"description\" content=\"Precious Kartell... I grandi classici Kartell si illuminano con nuove finiture metallizzate, esclusive e scintillanti: cromata, oro, rame. La plastica acquista un aspetto nobile e sofisticato, che d\u00e0 una dimensione luminosa e glamour ai best-seller Kartell.\" \/>\n<meta name=\"robots\" content=\"index, follow, max-snippet:-1, max-image-preview:large, max-video-preview:-1\" \/>\n<link rel=\"canonical\" href=\"https:\/\/socialdesignmagazine.com\/mag\/products-selection\/product\/sgabello-alto-masters-h-65-cm-titanio-design-philippe-starckeugeni-quitllet-for-kartell\/\" \/>\n<meta property=\"og:locale\" content=\"it_IT\" \/>\n<meta property=\"og:type\" content=\"article\" \/>\n<meta property=\"og:title\" content=\"Sgabello alto Masters - H 65 cm Titanio design Philippe Starck|Eugeni Quitllet for Kartell - SDM Product Selection\" \/>\n<meta property=\"og:description\" content=\"Precious Kartell... I grandi classici Kartell si illuminano con nuove finiture metallizzate, esclusive e scintillanti: cromata, oro, rame. La plastica acquista un aspetto nobile e sofisticato, che d\u00e0 una dimensione luminosa e glamour ai best-seller Kartell.\" \/>\n<meta property=\"og:url\" content=\"https:\/\/socialdesignmagazine.com\/mag\/products-selection\/product\/sgabello-alto-masters-h-65-cm-titanio-design-philippe-starckeugeni-quitllet-for-kartell\/\" \/>\n<meta property=\"og:site_name\" content=\"SDM Product Selection\" \/>\n<meta property=\"article:publisher\" content=\"https:\/\/www.facebook.com\/socialdesignmag\" \/>\n<meta property=\"article:modified_time\" content=\"2020-12-25T15:03:17+00:00\" \/>\n<meta property=\"og:image\" content=\"https:\/\/socialdesignmagazine.com\/mag\/products-selection\/wp-content\/uploads\/sites\/2\/2020\/12\/Sgabello-alto-Masters-H-65-cm-Titanio-Kartell-Philippe-StarckEugeni-Quitllet.jpg\" \/>\n\t<meta property=\"og:image:width\" content=\"1181\" \/>\n\t<meta property=\"og:image:height\" content=\"2400\" \/>\n\t<meta property=\"og:image:type\" content=\"image\/jpeg\" \/>\n<meta name=\"twitter:card\" content=\"summary_large_image\" \/>\n<meta name=\"twitter:site\" content=\"@socialdesignmag\" \/>\n<meta name=\"twitter:label1\" content=\"Tempo di lettura stimato\" \/>\n\t<meta name=\"twitter:data1\" content=\"1 minuto\" \/>\n<script type=\"application\/ld+json\" class=\"yoast-schema-graph\">{\"@context\":\"https:\/\/schema.org\",\"@graph\":[{\"@type\":\"WebPage\",\"@id\":\"https:\/\/socialdesignmagazine.com\/mag\/products-selection\/product\/sgabello-alto-masters-h-65-cm-titanio-design-philippe-starckeugeni-quitllet-for-kartell\/\",\"url\":\"https:\/\/socialdesignmagazine.com\/mag\/products-selection\/product\/sgabello-alto-masters-h-65-cm-titanio-design-philippe-starckeugeni-quitllet-for-kartell\/\",\"name\":\"Sgabello alto Masters - H 65 cm Titanio design Philippe Starck|Eugeni Quitllet for Kartell - SDM Product Selection\",\"isPartOf\":{\"@id\":\"https:\/\/socialdesignmagazine.com\/mag\/products-selection\/#website\"},\"primaryImageOfPage\":{\"@id\":\"https:\/\/socialdesignmagazine.com\/mag\/products-selection\/product\/sgabello-alto-masters-h-65-cm-titanio-design-philippe-starckeugeni-quitllet-for-kartell\/#primaryimage\"},\"image\":{\"@id\":\"https:\/\/socialdesignmagazine.com\/mag\/products-selection\/product\/sgabello-alto-masters-h-65-cm-titanio-design-philippe-starckeugeni-quitllet-for-kartell\/#primaryimage\"},\"thumbnailUrl\":\"https:\/\/socialdesignmagazine.com\/mag\/products-selection\/wp-content\/uploads\/sites\/2\/2020\/12\/Sgabello-alto-Masters-H-65-cm-Titanio-Kartell-Philippe-StarckEugeni-Quitllet.jpg\",\"datePublished\":\"2020-06-21T15:49:09+00:00\",\"dateModified\":\"2020-12-25T15:03:17+00:00\",\"description\":\"Precious Kartell... I grandi classici Kartell si illuminano con nuove finiture metallizzate, esclusive e scintillanti: cromata, oro, rame. La plastica acquista un aspetto nobile e sofisticato, che d\u00e0 una dimensione luminosa e glamour ai best-seller Kartell.\",\"breadcrumb\":{\"@id\":\"https:\/\/socialdesignmagazine.com\/mag\/products-selection\/product\/sgabello-alto-masters-h-65-cm-titanio-design-philippe-starckeugeni-quitllet-for-kartell\/#breadcrumb\"},\"inLanguage\":\"it-IT\",\"potentialAction\":[{\"@type\":\"ReadAction\",\"target\":[\"https:\/\/socialdesignmagazine.com\/mag\/products-selection\/product\/sgabello-alto-masters-h-65-cm-titanio-design-philippe-starckeugeni-quitllet-for-kartell\/\"]}]},{\"@type\":\"ImageObject\",\"inLanguage\":\"it-IT\",\"@id\":\"https:\/\/socialdesignmagazine.com\/mag\/products-selection\/product\/sgabello-alto-masters-h-65-cm-titanio-design-philippe-starckeugeni-quitllet-for-kartell\/#primaryimage\",\"url\":\"https:\/\/socialdesignmagazine.com\/mag\/products-selection\/wp-content\/uploads\/sites\/2\/2020\/12\/Sgabello-alto-Masters-H-65-cm-Titanio-Kartell-Philippe-StarckEugeni-Quitllet.jpg\",\"contentUrl\":\"https:\/\/socialdesignmagazine.com\/mag\/products-selection\/wp-content\/uploads\/sites\/2\/2020\/12\/Sgabello-alto-Masters-H-65-cm-Titanio-Kartell-Philippe-StarckEugeni-Quitllet.jpg\",\"width\":1181,\"height\":2400,\"caption\":\"Sgabello alto Masters - H 65 cm Titanio Kartell Philippe Starck|Eugeni Quitllet 1\"},{\"@type\":\"BreadcrumbList\",\"@id\":\"https:\/\/socialdesignmagazine.com\/mag\/products-selection\/product\/sgabello-alto-masters-h-65-cm-titanio-design-philippe-starckeugeni-quitllet-for-kartell\/#breadcrumb\",\"itemListElement\":[{\"@type\":\"ListItem\",\"position\":1,\"name\":\"Home\",\"item\":\"https:\/\/socialdesignmagazine.com\/mag\/products-selection\/\"},{\"@type\":\"ListItem\",\"position\":2,\"name\":\"Tutti i prodotti\",\"item\":\"https:\/\/socialdesignmagazine.com\/mag\/products-selection\/tutti-i-prodotti\/\"},{\"@type\":\"ListItem\",\"position\":3,\"name\":\"Sgabello alto Masters &#8211; H 65 cm Titanio design Philippe Starck|Eugeni Quitllet for Kartell\"}]},{\"@type\":\"WebSite\",\"@id\":\"https:\/\/socialdesignmagazine.com\/mag\/products-selection\/#website\",\"url\":\"https:\/\/socialdesignmagazine.com\/mag\/products-selection\/\",\"name\":\"SDM Product Selection\",\"description\":\"Una selezioni di prodotti dei brand pi\u00f9 interessanti per arredare e progettare\",\"publisher\":{\"@id\":\"https:\/\/socialdesignmagazine.com\/mag\/products-selection\/#organization\"},\"potentialAction\":[{\"@type\":\"SearchAction\",\"target\":{\"@type\":\"EntryPoint\",\"urlTemplate\":\"https:\/\/socialdesignmagazine.com\/mag\/products-selection\/?s={search_term_string}\"},\"query-input\":{\"@type\":\"PropertyValueSpecification\",\"valueRequired\":true,\"valueName\":\"search_term_string\"}}],\"inLanguage\":\"it-IT\"},{\"@type\":\"Organization\",\"@id\":\"https:\/\/socialdesignmagazine.com\/mag\/products-selection\/#organization\",\"name\":\"Social Design Magazine\",\"url\":\"https:\/\/socialdesignmagazine.com\/mag\/products-selection\/\",\"logo\":{\"@type\":\"ImageObject\",\"inLanguage\":\"it-IT\",\"@id\":\"https:\/\/socialdesignmagazine.com\/mag\/products-selection\/#\/schema\/logo\/image\/\",\"url\":\"https:\/\/socialdesignmagazine.com\/mag\/products-selection\/wp-content\/uploads\/sites\/2\/2015\/05\/social-design-magazine-logo.png\",\"contentUrl\":\"https:\/\/socialdesignmagazine.com\/mag\/products-selection\/wp-content\/uploads\/sites\/2\/2015\/05\/social-design-magazine-logo.png\",\"width\":251,\"height\":101,\"caption\":\"Social Design Magazine\"},\"image\":{\"@id\":\"https:\/\/socialdesignmagazine.com\/mag\/products-selection\/#\/schema\/logo\/image\/\"},\"sameAs\":[\"https:\/\/www.facebook.com\/socialdesignmag\",\"https:\/\/x.com\/socialdesignmag\",\"http:\/\/instagram.com\/social_design_magazine\/\",\"http:\/\/pinterest.com\/socialdesignmag\/\",\"http:\/\/www.youtube.com\/user\/socialdesignmagazine\"]}]}<\/script>\n<!-- \/ Yoast SEO plugin. -->","yoast_head_json":{"title":"Sgabello alto Masters - H 65 cm Titanio design Philippe Starck|Eugeni Quitllet for Kartell - SDM Product Selection","description":"Precious Kartell... I grandi classici Kartell si illuminano con nuove finiture metallizzate, esclusive e scintillanti: cromata, oro, rame. La plastica acquista un aspetto nobile e sofisticato, che d\u00e0 una dimensione luminosa e glamour ai best-seller Kartell.","robots":{"index":"index","follow":"follow","max-snippet":"max-snippet:-1","max-image-preview":"max-image-preview:large","max-video-preview":"max-video-preview:-1"},"canonical":"https:\/\/socialdesignmagazine.com\/mag\/products-selection\/product\/sgabello-alto-masters-h-65-cm-titanio-design-philippe-starckeugeni-quitllet-for-kartell\/","og_locale":"it_IT","og_type":"article","og_title":"Sgabello alto Masters - H 65 cm Titanio design Philippe Starck|Eugeni Quitllet for Kartell - SDM Product Selection","og_description":"Precious Kartell... I grandi classici Kartell si illuminano con nuove finiture metallizzate, esclusive e scintillanti: cromata, oro, rame. La plastica acquista un aspetto nobile e sofisticato, che d\u00e0 una dimensione luminosa e glamour ai best-seller Kartell.","og_url":"https:\/\/socialdesignmagazine.com\/mag\/products-selection\/product\/sgabello-alto-masters-h-65-cm-titanio-design-philippe-starckeugeni-quitllet-for-kartell\/","og_site_name":"SDM Product Selection","article_publisher":"https:\/\/www.facebook.com\/socialdesignmag","article_modified_time":"2020-12-25T15:03:17+00:00","og_image":[{"width":1181,"height":2400,"url":"https:\/\/socialdesignmagazine.com\/mag\/products-selection\/wp-content\/uploads\/sites\/2\/2020\/12\/Sgabello-alto-Masters-H-65-cm-Titanio-Kartell-Philippe-StarckEugeni-Quitllet.jpg","type":"image\/jpeg"}],"twitter_card":"summary_large_image","twitter_site":"@socialdesignmag","twitter_misc":{"Tempo di lettura stimato":"1 minuto"},"schema":{"@context":"https:\/\/schema.org","@graph":[{"@type":"WebPage","@id":"https:\/\/socialdesignmagazine.com\/mag\/products-selection\/product\/sgabello-alto-masters-h-65-cm-titanio-design-philippe-starckeugeni-quitllet-for-kartell\/","url":"https:\/\/socialdesignmagazine.com\/mag\/products-selection\/product\/sgabello-alto-masters-h-65-cm-titanio-design-philippe-starckeugeni-quitllet-for-kartell\/","name":"Sgabello alto Masters - H 65 cm Titanio design Philippe Starck|Eugeni Quitllet for Kartell - SDM Product Selection","isPartOf":{"@id":"https:\/\/socialdesignmagazine.com\/mag\/products-selection\/#website"},"primaryImageOfPage":{"@id":"https:\/\/socialdesignmagazine.com\/mag\/products-selection\/product\/sgabello-alto-masters-h-65-cm-titanio-design-philippe-starckeugeni-quitllet-for-kartell\/#primaryimage"},"image":{"@id":"https:\/\/socialdesignmagazine.com\/mag\/products-selection\/product\/sgabello-alto-masters-h-65-cm-titanio-design-philippe-starckeugeni-quitllet-for-kartell\/#primaryimage"},"thumbnailUrl":"https:\/\/socialdesignmagazine.com\/mag\/products-selection\/wp-content\/uploads\/sites\/2\/2020\/12\/Sgabello-alto-Masters-H-65-cm-Titanio-Kartell-Philippe-StarckEugeni-Quitllet.jpg","datePublished":"2020-06-21T15:49:09+00:00","dateModified":"2020-12-25T15:03:17+00:00","description":"Precious Kartell... I grandi classici Kartell si illuminano con nuove finiture metallizzate, esclusive e scintillanti: cromata, oro, rame. La plastica acquista un aspetto nobile e sofisticato, che d\u00e0 una dimensione luminosa e glamour ai best-seller Kartell.","breadcrumb":{"@id":"https:\/\/socialdesignmagazine.com\/mag\/products-selection\/product\/sgabello-alto-masters-h-65-cm-titanio-design-philippe-starckeugeni-quitllet-for-kartell\/#breadcrumb"},"inLanguage":"it-IT","potentialAction":[{"@type":"ReadAction","target":["https:\/\/socialdesignmagazine.com\/mag\/products-selection\/product\/sgabello-alto-masters-h-65-cm-titanio-design-philippe-starckeugeni-quitllet-for-kartell\/"]}]},{"@type":"ImageObject","inLanguage":"it-IT","@id":"https:\/\/socialdesignmagazine.com\/mag\/products-selection\/product\/sgabello-alto-masters-h-65-cm-titanio-design-philippe-starckeugeni-quitllet-for-kartell\/#primaryimage","url":"https:\/\/socialdesignmagazine.com\/mag\/products-selection\/wp-content\/uploads\/sites\/2\/2020\/12\/Sgabello-alto-Masters-H-65-cm-Titanio-Kartell-Philippe-StarckEugeni-Quitllet.jpg","contentUrl":"https:\/\/socialdesignmagazine.com\/mag\/products-selection\/wp-content\/uploads\/sites\/2\/2020\/12\/Sgabello-alto-Masters-H-65-cm-Titanio-Kartell-Philippe-StarckEugeni-Quitllet.jpg","width":1181,"height":2400,"caption":"Sgabello alto Masters - H 65 cm Titanio Kartell Philippe Starck|Eugeni Quitllet 1"},{"@type":"BreadcrumbList","@id":"https:\/\/socialdesignmagazine.com\/mag\/products-selection\/product\/sgabello-alto-masters-h-65-cm-titanio-design-philippe-starckeugeni-quitllet-for-kartell\/#breadcrumb","itemListElement":[{"@type":"ListItem","position":1,"name":"Home","item":"https:\/\/socialdesignmagazine.com\/mag\/products-selection\/"},{"@type":"ListItem","position":2,"name":"Tutti i prodotti","item":"https:\/\/socialdesignmagazine.com\/mag\/products-selection\/tutti-i-prodotti\/"},{"@type":"ListItem","position":3,"name":"Sgabello alto Masters &#8211; H 65 cm Titanio design Philippe Starck|Eugeni Quitllet for Kartell"}]},{"@type":"WebSite","@id":"https:\/\/socialdesignmagazine.com\/mag\/products-selection\/#website","url":"https:\/\/socialdesignmagazine.com\/mag\/products-selection\/","name":"SDM Product Selection","description":"Una selezioni di prodotti dei brand pi\u00f9 interessanti per arredare e progettare","publisher":{"@id":"https:\/\/socialdesignmagazine.com\/mag\/products-selection\/#organization"},"potentialAction":[{"@type":"SearchAction","target":{"@type":"EntryPoint","urlTemplate":"https:\/\/socialdesignmagazine.com\/mag\/products-selection\/?s={search_term_string}"},"query-input":{"@type":"PropertyValueSpecification","valueRequired":true,"valueName":"search_term_string"}}],"inLanguage":"it-IT"},{"@type":"Organization","@id":"https:\/\/socialdesignmagazine.com\/mag\/products-selection\/#organization","name":"Social Design Magazine","url":"https:\/\/socialdesignmagazine.com\/mag\/products-selection\/","logo":{"@type":"ImageObject","inLanguage":"it-IT","@id":"https:\/\/socialdesignmagazine.com\/mag\/products-selection\/#\/schema\/logo\/image\/","url":"https:\/\/socialdesignmagazine.com\/mag\/products-selection\/wp-content\/uploads\/sites\/2\/2015\/05\/social-design-magazine-logo.png","contentUrl":"https:\/\/socialdesignmagazine.com\/mag\/products-selection\/wp-content\/uploads\/sites\/2\/2015\/05\/social-design-magazine-logo.png","width":251,"height":101,"caption":"Social Design Magazine"},"image":{"@id":"https:\/\/socialdesignmagazine.com\/mag\/products-selection\/#\/schema\/logo\/image\/"},"sameAs":["https:\/\/www.facebook.com\/socialdesignmag","https:\/\/x.com\/socialdesignmag","http:\/\/instagram.com\/social_design_magazine\/","http:\/\/pinterest.com\/socialdesignmag\/","http:\/\/www.youtube.com\/user\/socialdesignmagazine"]}]}},"jetpack_publicize_connections":[],"jetpack_sharing_enabled":true,"brands":[{"id":1226,"name":"Kartell","slug":"kartell"}],"_links":{"self":[{"href":"https:\/\/socialdesignmagazine.com\/mag\/products-selection\/wp-json\/wp\/v2\/product\/105216","targetHints":{"allow":["GET"]}}],"collection":[{"href":"https:\/\/socialdesignmagazine.com\/mag\/products-selection\/wp-json\/wp\/v2\/product"}],"about":[{"href":"https:\/\/socialdesignmagazine.com\/mag\/products-selection\/wp-json\/wp\/v2\/types\/product"}],"wp:featuredmedia":[{"embeddable":true,"href":"https:\/\/socialdesignmagazine.com\/mag\/products-selection\/wp-json\/wp\/v2\/media\/135656"}],"wp:attachment":[{"href":"https:\/\/socialdesignmagazine.com\/mag\/products-selection\/wp-json\/wp\/v2\/media?parent=105216"}],"wp:term":[{"taxonomy":"pwb-brand","embeddable":true,"href":"https:\/\/socialdesignmagazine.com\/mag\/products-selection\/wp-json\/wp\/v2\/pwb-brand?post=105216"},{"taxonomy":"product_brand","embeddable":true,"href":"https:\/\/socialdesignmagazine.com\/mag\/products-selection\/wp-json\/wp\/v2\/product_brand?post=105216"},{"taxonomy":"product_cat","embeddable":true,"href":"https:\/\/socialdesignmagazine.com\/mag\/products-selection\/wp-json\/wp\/v2\/product_cat?post=105216"},{"taxonomy":"product_tag","embeddable":true,"href":"https:\/\/socialdesignmagazine.com\/mag\/products-selection\/wp-json\/wp\/v2\/product_tag?post=105216"}],"curies":[{"name":"wp","href":"https:\/\/api.w.org\/{rel}","templated":true}]}}