{"id":108799,"date":"2020-07-01T15:09:12","date_gmt":"2020-07-01T13:09:12","guid":{"rendered":"https:\/\/socialdesignmagazine.com\/mag\/products-selection\/?post_type=product&#038;p=108799"},"modified":"2023-11-20T00:19:22","modified_gmt":"2023-11-19T23:19:22","slug":"lampada-da-tavolo-senza-fili-bon-jour-unplugged-led-trasparentecromato-design-philippe-starck-for-flos","status":"publish","type":"product","link":"https:\/\/socialdesignmagazine.com\/mag\/products-selection\/product\/lampada-da-tavolo-senza-fili-bon-jour-unplugged-led-trasparentecromato-design-philippe-starck-for-flos\/","title":{"rendered":"Lampada Da Tavolo Senza Fili Bon Jour Unplugged &#8211; \/ LED Trasparente|Cromato design Philippe Starck for Flos"},"content":{"rendered":"<p>Un design minimal davvero contemporaneo per questa lampada nomade senza fili, firmata Philippe Stark. Interamente realizzata in PMMA e disponibile in finiture metallizzate davvero chic, Bon Jour gioca con la trasparenza e il colore, con i pieni e i vuoti. Questa lampada senza fili si sposta in base alle vostre esigenze: piccola lampada d&#8217;ambiente in un salotto o in un ingresso, come lampada da notte in camera, sar\u00e0 perfetta per creare un&#8217;atmosfera luminosa soffusa sul tavolo in occasione dei pasti. Dotata di una porta micro USB, questa lampada senza fili si ricarica con collegamento alla presa elettrica o tramite computer (caricatore e batteria inclusi). Una volta ricaricata, diffonde una luce soffusa che pu\u00f2 durare fino a 6 ore, in funzione dell&#8217;intensit\u00e0 scelta. Un variatore touch posto sulla base permette con un semplice gesto di variare l&#8217;intensit\u00e0 della luce (4 posizioni). Grazie alla rivoluzionaria tecnologia &#8220;Edge Lighting&#8221;, la sorgente luminosa LED ultra piatta \u00e8 quasi invisibile. Questo disco luminoso ultra sottile \u00e8 posto sotto il cappello del paralume. Esprime pienamente le capacit\u00e0 del LED con uno spessore minimo e garantisce una luce perfettamente uniforme, una performance e un&#8217;efficacia otitmali. L&#8217;interruttore on\/off \u00e8 posto sotto la base. Lampada senza fili con variatore sensibile sulla base (4 intensit\u00e0) &#8211; Batteria ricaricabile micro &#8211; USB (Include: batteria, cavo di carica USB-C, blocco caricabatteria) &#8211; Autonomia: 6 ore &#8211; Interruttore on\/off sotto la base &#8211; Sorgente LED tecnologia Edge Lighting integrata (non sostituibile): 2700K 250lm CRI90 2,5W &#8211; Luce diretta &#8211; IP20<\/p>\n","protected":false},"excerpt":{"rendered":"<p>Un design minimalista ultra contemporaneo per questa lampada errante senza fili, firmata da Philippe Stark.<\/p>\n","protected":false},"featured_media":141173,"template":"","meta":{"_acf_changed":false,"jetpack_post_was_ever_published":false,"jetpack_publicize_message":"","jetpack_publicize_feature_enabled":true,"jetpack_social_post_already_shared":false,"jetpack_social_options":{"image_generator_settings":{"template":"highway","default_image_id":0,"font":"","enabled":false},"version":2}},"pwb-brand":[1427],"product_brand":[],"product_cat":[607,312,313,1570,746],"product_tag":[101,1571],"class_list":{"0":"post-108799","1":"product","2":"type-product","3":"status-publish","4":"has-post-thumbnail","6":"pwb-brand-flos","7":"product_cat-designers","8":"product_cat-illuminazione","9":"product_cat-lampada-da-tavolo-illuminazione","10":"product_cat-lampada-da-tavolo-senza-fili","11":"product_cat-philippe-starck","12":"product_tag-lampada-da-tavolo","13":"product_tag-lampada-senza-fili","14":"pa_altezza-270-mm","15":"pa_colore-cromato","16":"pa_colore-trasparente","17":"pa_designer-philippe-starck","18":"pa_downloads-2d","19":"pa_downloads-3d","20":"pa_downloads-pdf","21":"pa_larghezza-130-mm","22":"pa_materiale-pmma","23":"pa_produttore-flos","24":"pa_profondita-130-mm","25":"pa_serie-bon-jour","26":"pa_tipo-di-prodotto-lampada-da-tavolo-senza-fili","28":"first","29":"instock","30":"product-type-external"},"acf":[],"yoast_head":"<!-- This site is optimized with the Yoast SEO plugin v27.2 - https:\/\/yoast.com\/product\/yoast-seo-wordpress\/ -->\n<title>Lampada Da Tavolo Senza Fili Bon Jour Unplugged - \/ LED Trasparente|Cromato design Philippe Starck for Flos - SDM Product Selection<\/title>\n<meta name=\"description\" content=\"Un design minimalista ultra contemporaneo per questa lampada errante senza fili, firmata da Philippe Stark.\" \/>\n<meta name=\"robots\" content=\"index, follow, max-snippet:-1, max-image-preview:large, max-video-preview:-1\" \/>\n<link rel=\"canonical\" href=\"https:\/\/socialdesignmagazine.com\/mag\/products-selection\/product\/lampada-da-tavolo-senza-fili-bon-jour-unplugged-led-trasparentecromato-design-philippe-starck-for-flos\/\" \/>\n<meta property=\"og:locale\" content=\"it_IT\" \/>\n<meta property=\"og:type\" content=\"article\" \/>\n<meta property=\"og:title\" content=\"Lampada Da Tavolo Senza Fili Bon Jour Unplugged - \/ LED Trasparente|Cromato design Philippe Starck for Flos - SDM Product Selection\" \/>\n<meta property=\"og:description\" content=\"Un design minimalista ultra contemporaneo per questa lampada errante senza fili, firmata da Philippe Stark.\" \/>\n<meta property=\"og:url\" content=\"https:\/\/socialdesignmagazine.com\/mag\/products-selection\/product\/lampada-da-tavolo-senza-fili-bon-jour-unplugged-led-trasparentecromato-design-philippe-starck-for-flos\/\" \/>\n<meta property=\"og:site_name\" content=\"SDM Product Selection\" \/>\n<meta property=\"article:publisher\" content=\"https:\/\/www.facebook.com\/socialdesignmag\" \/>\n<meta property=\"article:modified_time\" content=\"2023-11-19T23:19:22+00:00\" \/>\n<meta property=\"og:image\" content=\"https:\/\/socialdesignmagazine.com\/mag\/products-selection\/wp-content\/uploads\/sites\/2\/2023\/02\/Lampada-Da-Tavolo-Senza-Fili-Bon-Jour-Unplugged-LED-TrasparenteCromato-Flos-Philippe-Starck-scaled.jpg\" \/>\n\t<meta property=\"og:image:width\" content=\"1840\" \/>\n\t<meta property=\"og:image:height\" content=\"2560\" \/>\n\t<meta property=\"og:image:type\" content=\"image\/jpeg\" \/>\n<meta name=\"twitter:card\" content=\"summary_large_image\" \/>\n<meta name=\"twitter:site\" content=\"@socialdesignmag\" \/>\n<meta name=\"twitter:label1\" content=\"Tempo di lettura stimato\" \/>\n\t<meta name=\"twitter:data1\" content=\"1 minuto\" \/>\n<script type=\"application\/ld+json\" class=\"yoast-schema-graph\">{\"@context\":\"https:\/\/schema.org\",\"@graph\":[{\"@type\":\"WebPage\",\"@id\":\"https:\/\/socialdesignmagazine.com\/mag\/products-selection\/product\/lampada-da-tavolo-senza-fili-bon-jour-unplugged-led-trasparentecromato-design-philippe-starck-for-flos\/\",\"url\":\"https:\/\/socialdesignmagazine.com\/mag\/products-selection\/product\/lampada-da-tavolo-senza-fili-bon-jour-unplugged-led-trasparentecromato-design-philippe-starck-for-flos\/\",\"name\":\"Lampada Da Tavolo Senza Fili Bon Jour Unplugged - \/ LED Trasparente|Cromato design Philippe Starck for Flos - SDM Product Selection\",\"isPartOf\":{\"@id\":\"https:\/\/socialdesignmagazine.com\/mag\/products-selection\/#website\"},\"primaryImageOfPage\":{\"@id\":\"https:\/\/socialdesignmagazine.com\/mag\/products-selection\/product\/lampada-da-tavolo-senza-fili-bon-jour-unplugged-led-trasparentecromato-design-philippe-starck-for-flos\/#primaryimage\"},\"image\":{\"@id\":\"https:\/\/socialdesignmagazine.com\/mag\/products-selection\/product\/lampada-da-tavolo-senza-fili-bon-jour-unplugged-led-trasparentecromato-design-philippe-starck-for-flos\/#primaryimage\"},\"thumbnailUrl\":\"https:\/\/socialdesignmagazine.com\/mag\/products-selection\/wp-content\/uploads\/sites\/2\/2023\/02\/Lampada-Da-Tavolo-Senza-Fili-Bon-Jour-Unplugged-LED-TrasparenteCromato-Flos-Philippe-Starck-scaled.jpg\",\"datePublished\":\"2020-07-01T13:09:12+00:00\",\"dateModified\":\"2023-11-19T23:19:22+00:00\",\"description\":\"Un design minimalista ultra contemporaneo per questa lampada errante senza fili, firmata da Philippe Stark.\",\"breadcrumb\":{\"@id\":\"https:\/\/socialdesignmagazine.com\/mag\/products-selection\/product\/lampada-da-tavolo-senza-fili-bon-jour-unplugged-led-trasparentecromato-design-philippe-starck-for-flos\/#breadcrumb\"},\"inLanguage\":\"it-IT\",\"potentialAction\":[{\"@type\":\"ReadAction\",\"target\":[\"https:\/\/socialdesignmagazine.com\/mag\/products-selection\/product\/lampada-da-tavolo-senza-fili-bon-jour-unplugged-led-trasparentecromato-design-philippe-starck-for-flos\/\"]}]},{\"@type\":\"ImageObject\",\"inLanguage\":\"it-IT\",\"@id\":\"https:\/\/socialdesignmagazine.com\/mag\/products-selection\/product\/lampada-da-tavolo-senza-fili-bon-jour-unplugged-led-trasparentecromato-design-philippe-starck-for-flos\/#primaryimage\",\"url\":\"https:\/\/socialdesignmagazine.com\/mag\/products-selection\/wp-content\/uploads\/sites\/2\/2023\/02\/Lampada-Da-Tavolo-Senza-Fili-Bon-Jour-Unplugged-LED-TrasparenteCromato-Flos-Philippe-Starck-scaled.jpg\",\"contentUrl\":\"https:\/\/socialdesignmagazine.com\/mag\/products-selection\/wp-content\/uploads\/sites\/2\/2023\/02\/Lampada-Da-Tavolo-Senza-Fili-Bon-Jour-Unplugged-LED-TrasparenteCromato-Flos-Philippe-Starck-scaled.jpg\",\"width\":1840,\"height\":2560,\"caption\":\"Lampada Da Tavolo Senza Fili Bon Jour Unplugged - \/ LED Trasparente|Cromato Flos Philippe Starck\"},{\"@type\":\"BreadcrumbList\",\"@id\":\"https:\/\/socialdesignmagazine.com\/mag\/products-selection\/product\/lampada-da-tavolo-senza-fili-bon-jour-unplugged-led-trasparentecromato-design-philippe-starck-for-flos\/#breadcrumb\",\"itemListElement\":[{\"@type\":\"ListItem\",\"position\":1,\"name\":\"Home\",\"item\":\"https:\/\/socialdesignmagazine.com\/mag\/products-selection\/\"},{\"@type\":\"ListItem\",\"position\":2,\"name\":\"Tutti i prodotti\",\"item\":\"https:\/\/socialdesignmagazine.com\/mag\/products-selection\/tutti-i-prodotti\/\"},{\"@type\":\"ListItem\",\"position\":3,\"name\":\"Lampada Da Tavolo Senza Fili Bon Jour Unplugged &#8211; \/ LED Trasparente|Cromato design Philippe Starck for Flos\"}]},{\"@type\":\"WebSite\",\"@id\":\"https:\/\/socialdesignmagazine.com\/mag\/products-selection\/#website\",\"url\":\"https:\/\/socialdesignmagazine.com\/mag\/products-selection\/\",\"name\":\"SDM Product Selection\",\"description\":\"Una selezioni di prodotti dei brand pi\u00f9 interessanti per arredare e progettare\",\"publisher\":{\"@id\":\"https:\/\/socialdesignmagazine.com\/mag\/products-selection\/#organization\"},\"potentialAction\":[{\"@type\":\"SearchAction\",\"target\":{\"@type\":\"EntryPoint\",\"urlTemplate\":\"https:\/\/socialdesignmagazine.com\/mag\/products-selection\/?s={search_term_string}\"},\"query-input\":{\"@type\":\"PropertyValueSpecification\",\"valueRequired\":true,\"valueName\":\"search_term_string\"}}],\"inLanguage\":\"it-IT\"},{\"@type\":\"Organization\",\"@id\":\"https:\/\/socialdesignmagazine.com\/mag\/products-selection\/#organization\",\"name\":\"Social Design Magazine\",\"url\":\"https:\/\/socialdesignmagazine.com\/mag\/products-selection\/\",\"logo\":{\"@type\":\"ImageObject\",\"inLanguage\":\"it-IT\",\"@id\":\"https:\/\/socialdesignmagazine.com\/mag\/products-selection\/#\/schema\/logo\/image\/\",\"url\":\"https:\/\/socialdesignmagazine.com\/mag\/products-selection\/wp-content\/uploads\/sites\/2\/2015\/05\/social-design-magazine-logo.png\",\"contentUrl\":\"https:\/\/socialdesignmagazine.com\/mag\/products-selection\/wp-content\/uploads\/sites\/2\/2015\/05\/social-design-magazine-logo.png\",\"width\":251,\"height\":101,\"caption\":\"Social Design Magazine\"},\"image\":{\"@id\":\"https:\/\/socialdesignmagazine.com\/mag\/products-selection\/#\/schema\/logo\/image\/\"},\"sameAs\":[\"https:\/\/www.facebook.com\/socialdesignmag\",\"https:\/\/x.com\/socialdesignmag\",\"http:\/\/instagram.com\/social_design_magazine\/\",\"http:\/\/pinterest.com\/socialdesignmag\/\",\"http:\/\/www.youtube.com\/user\/socialdesignmagazine\"]}]}<\/script>\n<!-- \/ Yoast SEO plugin. -->","yoast_head_json":{"title":"Lampada Da Tavolo Senza Fili Bon Jour Unplugged - \/ LED Trasparente|Cromato design Philippe Starck for Flos - SDM Product Selection","description":"Un design minimalista ultra contemporaneo per questa lampada errante senza fili, firmata da Philippe Stark.","robots":{"index":"index","follow":"follow","max-snippet":"max-snippet:-1","max-image-preview":"max-image-preview:large","max-video-preview":"max-video-preview:-1"},"canonical":"https:\/\/socialdesignmagazine.com\/mag\/products-selection\/product\/lampada-da-tavolo-senza-fili-bon-jour-unplugged-led-trasparentecromato-design-philippe-starck-for-flos\/","og_locale":"it_IT","og_type":"article","og_title":"Lampada Da Tavolo Senza Fili Bon Jour Unplugged - \/ LED Trasparente|Cromato design Philippe Starck for Flos - SDM Product Selection","og_description":"Un design minimalista ultra contemporaneo per questa lampada errante senza fili, firmata da Philippe Stark.","og_url":"https:\/\/socialdesignmagazine.com\/mag\/products-selection\/product\/lampada-da-tavolo-senza-fili-bon-jour-unplugged-led-trasparentecromato-design-philippe-starck-for-flos\/","og_site_name":"SDM Product Selection","article_publisher":"https:\/\/www.facebook.com\/socialdesignmag","article_modified_time":"2023-11-19T23:19:22+00:00","og_image":[{"width":1840,"height":2560,"url":"https:\/\/socialdesignmagazine.com\/mag\/products-selection\/wp-content\/uploads\/sites\/2\/2023\/02\/Lampada-Da-Tavolo-Senza-Fili-Bon-Jour-Unplugged-LED-TrasparenteCromato-Flos-Philippe-Starck-scaled.jpg","type":"image\/jpeg"}],"twitter_card":"summary_large_image","twitter_site":"@socialdesignmag","twitter_misc":{"Tempo di lettura stimato":"1 minuto"},"schema":{"@context":"https:\/\/schema.org","@graph":[{"@type":"WebPage","@id":"https:\/\/socialdesignmagazine.com\/mag\/products-selection\/product\/lampada-da-tavolo-senza-fili-bon-jour-unplugged-led-trasparentecromato-design-philippe-starck-for-flos\/","url":"https:\/\/socialdesignmagazine.com\/mag\/products-selection\/product\/lampada-da-tavolo-senza-fili-bon-jour-unplugged-led-trasparentecromato-design-philippe-starck-for-flos\/","name":"Lampada Da Tavolo Senza Fili Bon Jour Unplugged - \/ LED Trasparente|Cromato design Philippe Starck for Flos - SDM Product Selection","isPartOf":{"@id":"https:\/\/socialdesignmagazine.com\/mag\/products-selection\/#website"},"primaryImageOfPage":{"@id":"https:\/\/socialdesignmagazine.com\/mag\/products-selection\/product\/lampada-da-tavolo-senza-fili-bon-jour-unplugged-led-trasparentecromato-design-philippe-starck-for-flos\/#primaryimage"},"image":{"@id":"https:\/\/socialdesignmagazine.com\/mag\/products-selection\/product\/lampada-da-tavolo-senza-fili-bon-jour-unplugged-led-trasparentecromato-design-philippe-starck-for-flos\/#primaryimage"},"thumbnailUrl":"https:\/\/socialdesignmagazine.com\/mag\/products-selection\/wp-content\/uploads\/sites\/2\/2023\/02\/Lampada-Da-Tavolo-Senza-Fili-Bon-Jour-Unplugged-LED-TrasparenteCromato-Flos-Philippe-Starck-scaled.jpg","datePublished":"2020-07-01T13:09:12+00:00","dateModified":"2023-11-19T23:19:22+00:00","description":"Un design minimalista ultra contemporaneo per questa lampada errante senza fili, firmata da Philippe Stark.","breadcrumb":{"@id":"https:\/\/socialdesignmagazine.com\/mag\/products-selection\/product\/lampada-da-tavolo-senza-fili-bon-jour-unplugged-led-trasparentecromato-design-philippe-starck-for-flos\/#breadcrumb"},"inLanguage":"it-IT","potentialAction":[{"@type":"ReadAction","target":["https:\/\/socialdesignmagazine.com\/mag\/products-selection\/product\/lampada-da-tavolo-senza-fili-bon-jour-unplugged-led-trasparentecromato-design-philippe-starck-for-flos\/"]}]},{"@type":"ImageObject","inLanguage":"it-IT","@id":"https:\/\/socialdesignmagazine.com\/mag\/products-selection\/product\/lampada-da-tavolo-senza-fili-bon-jour-unplugged-led-trasparentecromato-design-philippe-starck-for-flos\/#primaryimage","url":"https:\/\/socialdesignmagazine.com\/mag\/products-selection\/wp-content\/uploads\/sites\/2\/2023\/02\/Lampada-Da-Tavolo-Senza-Fili-Bon-Jour-Unplugged-LED-TrasparenteCromato-Flos-Philippe-Starck-scaled.jpg","contentUrl":"https:\/\/socialdesignmagazine.com\/mag\/products-selection\/wp-content\/uploads\/sites\/2\/2023\/02\/Lampada-Da-Tavolo-Senza-Fili-Bon-Jour-Unplugged-LED-TrasparenteCromato-Flos-Philippe-Starck-scaled.jpg","width":1840,"height":2560,"caption":"Lampada Da Tavolo Senza Fili Bon Jour Unplugged - \/ LED Trasparente|Cromato Flos Philippe Starck"},{"@type":"BreadcrumbList","@id":"https:\/\/socialdesignmagazine.com\/mag\/products-selection\/product\/lampada-da-tavolo-senza-fili-bon-jour-unplugged-led-trasparentecromato-design-philippe-starck-for-flos\/#breadcrumb","itemListElement":[{"@type":"ListItem","position":1,"name":"Home","item":"https:\/\/socialdesignmagazine.com\/mag\/products-selection\/"},{"@type":"ListItem","position":2,"name":"Tutti i prodotti","item":"https:\/\/socialdesignmagazine.com\/mag\/products-selection\/tutti-i-prodotti\/"},{"@type":"ListItem","position":3,"name":"Lampada Da Tavolo Senza Fili Bon Jour Unplugged &#8211; \/ LED Trasparente|Cromato design Philippe Starck for Flos"}]},{"@type":"WebSite","@id":"https:\/\/socialdesignmagazine.com\/mag\/products-selection\/#website","url":"https:\/\/socialdesignmagazine.com\/mag\/products-selection\/","name":"SDM Product Selection","description":"Una selezioni di prodotti dei brand pi\u00f9 interessanti per arredare e progettare","publisher":{"@id":"https:\/\/socialdesignmagazine.com\/mag\/products-selection\/#organization"},"potentialAction":[{"@type":"SearchAction","target":{"@type":"EntryPoint","urlTemplate":"https:\/\/socialdesignmagazine.com\/mag\/products-selection\/?s={search_term_string}"},"query-input":{"@type":"PropertyValueSpecification","valueRequired":true,"valueName":"search_term_string"}}],"inLanguage":"it-IT"},{"@type":"Organization","@id":"https:\/\/socialdesignmagazine.com\/mag\/products-selection\/#organization","name":"Social Design Magazine","url":"https:\/\/socialdesignmagazine.com\/mag\/products-selection\/","logo":{"@type":"ImageObject","inLanguage":"it-IT","@id":"https:\/\/socialdesignmagazine.com\/mag\/products-selection\/#\/schema\/logo\/image\/","url":"https:\/\/socialdesignmagazine.com\/mag\/products-selection\/wp-content\/uploads\/sites\/2\/2015\/05\/social-design-magazine-logo.png","contentUrl":"https:\/\/socialdesignmagazine.com\/mag\/products-selection\/wp-content\/uploads\/sites\/2\/2015\/05\/social-design-magazine-logo.png","width":251,"height":101,"caption":"Social Design Magazine"},"image":{"@id":"https:\/\/socialdesignmagazine.com\/mag\/products-selection\/#\/schema\/logo\/image\/"},"sameAs":["https:\/\/www.facebook.com\/socialdesignmag","https:\/\/x.com\/socialdesignmag","http:\/\/instagram.com\/social_design_magazine\/","http:\/\/pinterest.com\/socialdesignmag\/","http:\/\/www.youtube.com\/user\/socialdesignmagazine"]}]}},"jetpack_publicize_connections":[],"jetpack_sharing_enabled":true,"brands":[{"id":1427,"name":"Flos","slug":"flos"}],"_links":{"self":[{"href":"https:\/\/socialdesignmagazine.com\/mag\/products-selection\/wp-json\/wp\/v2\/product\/108799","targetHints":{"allow":["GET"]}}],"collection":[{"href":"https:\/\/socialdesignmagazine.com\/mag\/products-selection\/wp-json\/wp\/v2\/product"}],"about":[{"href":"https:\/\/socialdesignmagazine.com\/mag\/products-selection\/wp-json\/wp\/v2\/types\/product"}],"wp:featuredmedia":[{"embeddable":true,"href":"https:\/\/socialdesignmagazine.com\/mag\/products-selection\/wp-json\/wp\/v2\/media\/141173"}],"wp:attachment":[{"href":"https:\/\/socialdesignmagazine.com\/mag\/products-selection\/wp-json\/wp\/v2\/media?parent=108799"}],"wp:term":[{"taxonomy":"pwb-brand","embeddable":true,"href":"https:\/\/socialdesignmagazine.com\/mag\/products-selection\/wp-json\/wp\/v2\/pwb-brand?post=108799"},{"taxonomy":"product_brand","embeddable":true,"href":"https:\/\/socialdesignmagazine.com\/mag\/products-selection\/wp-json\/wp\/v2\/product_brand?post=108799"},{"taxonomy":"product_cat","embeddable":true,"href":"https:\/\/socialdesignmagazine.com\/mag\/products-selection\/wp-json\/wp\/v2\/product_cat?post=108799"},{"taxonomy":"product_tag","embeddable":true,"href":"https:\/\/socialdesignmagazine.com\/mag\/products-selection\/wp-json\/wp\/v2\/product_tag?post=108799"}],"curies":[{"name":"wp","href":"https:\/\/api.w.org\/{rel}","templated":true}]}}