{"id":123743,"date":"2020-09-23T16:45:58","date_gmt":"2020-09-23T14:45:58","guid":{"rendered":"https:\/\/socialdesignmagazine.com\/mag\/products-selection\/?post_type=product&#038;p=123743"},"modified":"2020-12-08T16:46:24","modified_gmt":"2020-12-08T15:46:24","slug":"lampada-a-sospensione-tu-v-1-sp-led-s-bianco-design-centro-design-llg-for-linea-light-group","status":"publish","type":"product","link":"https:\/\/socialdesignmagazine.com\/mag\/products-selection\/product\/lampada-a-sospensione-tu-v-1-sp-led-s-bianco-design-centro-design-llg-for-linea-light-group\/","title":{"rendered":"Lampada A Sospensione TU-V 1 SP LED S Bianco design Centro Design LLG for Linea Light Group"},"content":{"rendered":"<p>Tu-V_1 \u00e8 un lampadario moderno realizzato con uno stile minimalista e perfetto per ambienti sobri. Disponibile in diverse dimensioni \u00e8 dotato di un lungo diffusore cilindrico in polietilene naturale ed \u00e8 chiuso alle estremit\u00e0 da tappi in alluminio verniciati in bianco goffrato. La luce viene diffusa in maniera omogenea attraverso il diffusore creando un effetto decorativo particolare. Tecnologia LED e luce bianca calda.<\/p>\n","protected":false},"excerpt":{"rendered":"<p>Lampadario tubolare misura S<\/p>\n","protected":false},"featured_media":136675,"template":"","meta":{"_acf_changed":false,"jetpack_post_was_ever_published":false,"jetpack_publicize_message":"","jetpack_publicize_feature_enabled":true,"jetpack_social_post_already_shared":false,"jetpack_social_options":{"image_generator_settings":{"template":"highway","default_image_id":0,"font":"","enabled":false},"version":2}},"pwb-brand":[1218],"product_brand":[],"product_cat":[312,314],"product_tag":[94],"class_list":{"0":"post-123743","1":"product","2":"type-product","3":"status-publish","4":"has-post-thumbnail","6":"pwb-brand-linea-light-group","7":"product_cat-illuminazione","8":"product_cat-lampada-a-sospensione-illuminazione","9":"product_tag-lampada-a-sospensione","10":"pa_altezza-2600-mm","11":"pa_colore-bianco","12":"pa_designer-centro-design-llg","13":"pa_larghezza-179-mm","14":"pa_materiale-metallo","15":"pa_materiale-polietilene","16":"pa_produttore-linea-light-group","17":"pa_profondita-179-mm","18":"pa_serie-tu","19":"pa_tipo-di-prodotto-lampada-a-sospensione","21":"first","22":"instock","23":"product-type-external"},"acf":[],"yoast_head":"<!-- This site is optimized with the Yoast SEO plugin v27.2 - https:\/\/yoast.com\/product\/yoast-seo-wordpress\/ -->\n<title>Lampada A Sospensione TU-V 1 SP LED S Bianco design Centro Design LLG for Linea Light Group - SDM Product Selection<\/title>\n<meta name=\"description\" content=\"Lampadario tubolare misura S\" \/>\n<meta name=\"robots\" content=\"index, follow, max-snippet:-1, max-image-preview:large, max-video-preview:-1\" \/>\n<link rel=\"canonical\" href=\"https:\/\/socialdesignmagazine.com\/mag\/products-selection\/product\/lampada-a-sospensione-tu-v-1-sp-led-s-bianco-design-centro-design-llg-for-linea-light-group\/\" \/>\n<meta property=\"og:locale\" content=\"it_IT\" \/>\n<meta property=\"og:type\" content=\"article\" \/>\n<meta property=\"og:title\" content=\"Lampada A Sospensione TU-V 1 SP LED S Bianco design Centro Design LLG for Linea Light Group - SDM Product Selection\" \/>\n<meta property=\"og:description\" content=\"Lampadario tubolare misura S\" \/>\n<meta property=\"og:url\" content=\"https:\/\/socialdesignmagazine.com\/mag\/products-selection\/product\/lampada-a-sospensione-tu-v-1-sp-led-s-bianco-design-centro-design-llg-for-linea-light-group\/\" \/>\n<meta property=\"og:site_name\" content=\"SDM Product Selection\" \/>\n<meta property=\"article:publisher\" content=\"https:\/\/www.facebook.com\/socialdesignmag\" \/>\n<meta property=\"article:modified_time\" content=\"2020-12-08T15:46:24+00:00\" \/>\n<meta property=\"og:image\" content=\"https:\/\/socialdesignmagazine.com\/mag\/products-selection\/wp-content\/uploads\/sites\/2\/2020\/12\/Lampada-A-Sospensione-TU-V-1-SP-LED-S-Bianco-Linea-Light-Group-Centro-Design-LLG.jpg\" \/>\n\t<meta property=\"og:image:width\" content=\"600\" \/>\n\t<meta property=\"og:image:height\" content=\"600\" \/>\n\t<meta property=\"og:image:type\" content=\"image\/jpeg\" \/>\n<meta name=\"twitter:card\" content=\"summary_large_image\" \/>\n<meta name=\"twitter:site\" content=\"@socialdesignmag\" \/>\n<script type=\"application\/ld+json\" class=\"yoast-schema-graph\">{\"@context\":\"https:\/\/schema.org\",\"@graph\":[{\"@type\":\"WebPage\",\"@id\":\"https:\/\/socialdesignmagazine.com\/mag\/products-selection\/product\/lampada-a-sospensione-tu-v-1-sp-led-s-bianco-design-centro-design-llg-for-linea-light-group\/\",\"url\":\"https:\/\/socialdesignmagazine.com\/mag\/products-selection\/product\/lampada-a-sospensione-tu-v-1-sp-led-s-bianco-design-centro-design-llg-for-linea-light-group\/\",\"name\":\"Lampada A Sospensione TU-V 1 SP LED S Bianco design Centro Design LLG for Linea Light Group - SDM Product Selection\",\"isPartOf\":{\"@id\":\"https:\/\/socialdesignmagazine.com\/mag\/products-selection\/#website\"},\"primaryImageOfPage\":{\"@id\":\"https:\/\/socialdesignmagazine.com\/mag\/products-selection\/product\/lampada-a-sospensione-tu-v-1-sp-led-s-bianco-design-centro-design-llg-for-linea-light-group\/#primaryimage\"},\"image\":{\"@id\":\"https:\/\/socialdesignmagazine.com\/mag\/products-selection\/product\/lampada-a-sospensione-tu-v-1-sp-led-s-bianco-design-centro-design-llg-for-linea-light-group\/#primaryimage\"},\"thumbnailUrl\":\"https:\/\/socialdesignmagazine.com\/mag\/products-selection\/wp-content\/uploads\/sites\/2\/2020\/12\/Lampada-A-Sospensione-TU-V-1-SP-LED-S-Bianco-Linea-Light-Group-Centro-Design-LLG.jpg\",\"datePublished\":\"2020-09-23T14:45:58+00:00\",\"dateModified\":\"2020-12-08T15:46:24+00:00\",\"description\":\"Lampadario tubolare misura S\",\"breadcrumb\":{\"@id\":\"https:\/\/socialdesignmagazine.com\/mag\/products-selection\/product\/lampada-a-sospensione-tu-v-1-sp-led-s-bianco-design-centro-design-llg-for-linea-light-group\/#breadcrumb\"},\"inLanguage\":\"it-IT\",\"potentialAction\":[{\"@type\":\"ReadAction\",\"target\":[\"https:\/\/socialdesignmagazine.com\/mag\/products-selection\/product\/lampada-a-sospensione-tu-v-1-sp-led-s-bianco-design-centro-design-llg-for-linea-light-group\/\"]}]},{\"@type\":\"ImageObject\",\"inLanguage\":\"it-IT\",\"@id\":\"https:\/\/socialdesignmagazine.com\/mag\/products-selection\/product\/lampada-a-sospensione-tu-v-1-sp-led-s-bianco-design-centro-design-llg-for-linea-light-group\/#primaryimage\",\"url\":\"https:\/\/socialdesignmagazine.com\/mag\/products-selection\/wp-content\/uploads\/sites\/2\/2020\/12\/Lampada-A-Sospensione-TU-V-1-SP-LED-S-Bianco-Linea-Light-Group-Centro-Design-LLG.jpg\",\"contentUrl\":\"https:\/\/socialdesignmagazine.com\/mag\/products-selection\/wp-content\/uploads\/sites\/2\/2020\/12\/Lampada-A-Sospensione-TU-V-1-SP-LED-S-Bianco-Linea-Light-Group-Centro-Design-LLG.jpg\",\"width\":600,\"height\":600,\"caption\":\"Lampada A Sospensione TU-V 1 SP LED S Bianco Linea Light Group Centro Design LLG\"},{\"@type\":\"BreadcrumbList\",\"@id\":\"https:\/\/socialdesignmagazine.com\/mag\/products-selection\/product\/lampada-a-sospensione-tu-v-1-sp-led-s-bianco-design-centro-design-llg-for-linea-light-group\/#breadcrumb\",\"itemListElement\":[{\"@type\":\"ListItem\",\"position\":1,\"name\":\"Home\",\"item\":\"https:\/\/socialdesignmagazine.com\/mag\/products-selection\/\"},{\"@type\":\"ListItem\",\"position\":2,\"name\":\"Tutti i prodotti\",\"item\":\"https:\/\/socialdesignmagazine.com\/mag\/products-selection\/tutti-i-prodotti\/\"},{\"@type\":\"ListItem\",\"position\":3,\"name\":\"Lampada A Sospensione TU-V 1 SP LED S Bianco design Centro Design LLG for Linea Light Group\"}]},{\"@type\":\"WebSite\",\"@id\":\"https:\/\/socialdesignmagazine.com\/mag\/products-selection\/#website\",\"url\":\"https:\/\/socialdesignmagazine.com\/mag\/products-selection\/\",\"name\":\"SDM Product Selection\",\"description\":\"Una selezioni di prodotti dei brand pi\u00f9 interessanti per arredare e progettare\",\"publisher\":{\"@id\":\"https:\/\/socialdesignmagazine.com\/mag\/products-selection\/#organization\"},\"potentialAction\":[{\"@type\":\"SearchAction\",\"target\":{\"@type\":\"EntryPoint\",\"urlTemplate\":\"https:\/\/socialdesignmagazine.com\/mag\/products-selection\/?s={search_term_string}\"},\"query-input\":{\"@type\":\"PropertyValueSpecification\",\"valueRequired\":true,\"valueName\":\"search_term_string\"}}],\"inLanguage\":\"it-IT\"},{\"@type\":\"Organization\",\"@id\":\"https:\/\/socialdesignmagazine.com\/mag\/products-selection\/#organization\",\"name\":\"Social Design Magazine\",\"url\":\"https:\/\/socialdesignmagazine.com\/mag\/products-selection\/\",\"logo\":{\"@type\":\"ImageObject\",\"inLanguage\":\"it-IT\",\"@id\":\"https:\/\/socialdesignmagazine.com\/mag\/products-selection\/#\/schema\/logo\/image\/\",\"url\":\"https:\/\/socialdesignmagazine.com\/mag\/products-selection\/wp-content\/uploads\/sites\/2\/2015\/05\/social-design-magazine-logo.png\",\"contentUrl\":\"https:\/\/socialdesignmagazine.com\/mag\/products-selection\/wp-content\/uploads\/sites\/2\/2015\/05\/social-design-magazine-logo.png\",\"width\":251,\"height\":101,\"caption\":\"Social Design Magazine\"},\"image\":{\"@id\":\"https:\/\/socialdesignmagazine.com\/mag\/products-selection\/#\/schema\/logo\/image\/\"},\"sameAs\":[\"https:\/\/www.facebook.com\/socialdesignmag\",\"https:\/\/x.com\/socialdesignmag\",\"http:\/\/instagram.com\/social_design_magazine\/\",\"http:\/\/pinterest.com\/socialdesignmag\/\",\"http:\/\/www.youtube.com\/user\/socialdesignmagazine\"]}]}<\/script>\n<!-- \/ Yoast SEO plugin. -->","yoast_head_json":{"title":"Lampada A Sospensione TU-V 1 SP LED S Bianco design Centro Design LLG for Linea Light Group - SDM Product Selection","description":"Lampadario tubolare misura S","robots":{"index":"index","follow":"follow","max-snippet":"max-snippet:-1","max-image-preview":"max-image-preview:large","max-video-preview":"max-video-preview:-1"},"canonical":"https:\/\/socialdesignmagazine.com\/mag\/products-selection\/product\/lampada-a-sospensione-tu-v-1-sp-led-s-bianco-design-centro-design-llg-for-linea-light-group\/","og_locale":"it_IT","og_type":"article","og_title":"Lampada A Sospensione TU-V 1 SP LED S Bianco design Centro Design LLG for Linea Light Group - SDM Product Selection","og_description":"Lampadario tubolare misura S","og_url":"https:\/\/socialdesignmagazine.com\/mag\/products-selection\/product\/lampada-a-sospensione-tu-v-1-sp-led-s-bianco-design-centro-design-llg-for-linea-light-group\/","og_site_name":"SDM Product Selection","article_publisher":"https:\/\/www.facebook.com\/socialdesignmag","article_modified_time":"2020-12-08T15:46:24+00:00","og_image":[{"width":600,"height":600,"url":"https:\/\/socialdesignmagazine.com\/mag\/products-selection\/wp-content\/uploads\/sites\/2\/2020\/12\/Lampada-A-Sospensione-TU-V-1-SP-LED-S-Bianco-Linea-Light-Group-Centro-Design-LLG.jpg","type":"image\/jpeg"}],"twitter_card":"summary_large_image","twitter_site":"@socialdesignmag","schema":{"@context":"https:\/\/schema.org","@graph":[{"@type":"WebPage","@id":"https:\/\/socialdesignmagazine.com\/mag\/products-selection\/product\/lampada-a-sospensione-tu-v-1-sp-led-s-bianco-design-centro-design-llg-for-linea-light-group\/","url":"https:\/\/socialdesignmagazine.com\/mag\/products-selection\/product\/lampada-a-sospensione-tu-v-1-sp-led-s-bianco-design-centro-design-llg-for-linea-light-group\/","name":"Lampada A Sospensione TU-V 1 SP LED S Bianco design Centro Design LLG for Linea Light Group - SDM Product Selection","isPartOf":{"@id":"https:\/\/socialdesignmagazine.com\/mag\/products-selection\/#website"},"primaryImageOfPage":{"@id":"https:\/\/socialdesignmagazine.com\/mag\/products-selection\/product\/lampada-a-sospensione-tu-v-1-sp-led-s-bianco-design-centro-design-llg-for-linea-light-group\/#primaryimage"},"image":{"@id":"https:\/\/socialdesignmagazine.com\/mag\/products-selection\/product\/lampada-a-sospensione-tu-v-1-sp-led-s-bianco-design-centro-design-llg-for-linea-light-group\/#primaryimage"},"thumbnailUrl":"https:\/\/socialdesignmagazine.com\/mag\/products-selection\/wp-content\/uploads\/sites\/2\/2020\/12\/Lampada-A-Sospensione-TU-V-1-SP-LED-S-Bianco-Linea-Light-Group-Centro-Design-LLG.jpg","datePublished":"2020-09-23T14:45:58+00:00","dateModified":"2020-12-08T15:46:24+00:00","description":"Lampadario tubolare misura S","breadcrumb":{"@id":"https:\/\/socialdesignmagazine.com\/mag\/products-selection\/product\/lampada-a-sospensione-tu-v-1-sp-led-s-bianco-design-centro-design-llg-for-linea-light-group\/#breadcrumb"},"inLanguage":"it-IT","potentialAction":[{"@type":"ReadAction","target":["https:\/\/socialdesignmagazine.com\/mag\/products-selection\/product\/lampada-a-sospensione-tu-v-1-sp-led-s-bianco-design-centro-design-llg-for-linea-light-group\/"]}]},{"@type":"ImageObject","inLanguage":"it-IT","@id":"https:\/\/socialdesignmagazine.com\/mag\/products-selection\/product\/lampada-a-sospensione-tu-v-1-sp-led-s-bianco-design-centro-design-llg-for-linea-light-group\/#primaryimage","url":"https:\/\/socialdesignmagazine.com\/mag\/products-selection\/wp-content\/uploads\/sites\/2\/2020\/12\/Lampada-A-Sospensione-TU-V-1-SP-LED-S-Bianco-Linea-Light-Group-Centro-Design-LLG.jpg","contentUrl":"https:\/\/socialdesignmagazine.com\/mag\/products-selection\/wp-content\/uploads\/sites\/2\/2020\/12\/Lampada-A-Sospensione-TU-V-1-SP-LED-S-Bianco-Linea-Light-Group-Centro-Design-LLG.jpg","width":600,"height":600,"caption":"Lampada A Sospensione TU-V 1 SP LED S Bianco Linea Light Group Centro Design LLG"},{"@type":"BreadcrumbList","@id":"https:\/\/socialdesignmagazine.com\/mag\/products-selection\/product\/lampada-a-sospensione-tu-v-1-sp-led-s-bianco-design-centro-design-llg-for-linea-light-group\/#breadcrumb","itemListElement":[{"@type":"ListItem","position":1,"name":"Home","item":"https:\/\/socialdesignmagazine.com\/mag\/products-selection\/"},{"@type":"ListItem","position":2,"name":"Tutti i prodotti","item":"https:\/\/socialdesignmagazine.com\/mag\/products-selection\/tutti-i-prodotti\/"},{"@type":"ListItem","position":3,"name":"Lampada A Sospensione TU-V 1 SP LED S Bianco design Centro Design LLG for Linea Light Group"}]},{"@type":"WebSite","@id":"https:\/\/socialdesignmagazine.com\/mag\/products-selection\/#website","url":"https:\/\/socialdesignmagazine.com\/mag\/products-selection\/","name":"SDM Product Selection","description":"Una selezioni di prodotti dei brand pi\u00f9 interessanti per arredare e progettare","publisher":{"@id":"https:\/\/socialdesignmagazine.com\/mag\/products-selection\/#organization"},"potentialAction":[{"@type":"SearchAction","target":{"@type":"EntryPoint","urlTemplate":"https:\/\/socialdesignmagazine.com\/mag\/products-selection\/?s={search_term_string}"},"query-input":{"@type":"PropertyValueSpecification","valueRequired":true,"valueName":"search_term_string"}}],"inLanguage":"it-IT"},{"@type":"Organization","@id":"https:\/\/socialdesignmagazine.com\/mag\/products-selection\/#organization","name":"Social Design Magazine","url":"https:\/\/socialdesignmagazine.com\/mag\/products-selection\/","logo":{"@type":"ImageObject","inLanguage":"it-IT","@id":"https:\/\/socialdesignmagazine.com\/mag\/products-selection\/#\/schema\/logo\/image\/","url":"https:\/\/socialdesignmagazine.com\/mag\/products-selection\/wp-content\/uploads\/sites\/2\/2015\/05\/social-design-magazine-logo.png","contentUrl":"https:\/\/socialdesignmagazine.com\/mag\/products-selection\/wp-content\/uploads\/sites\/2\/2015\/05\/social-design-magazine-logo.png","width":251,"height":101,"caption":"Social Design Magazine"},"image":{"@id":"https:\/\/socialdesignmagazine.com\/mag\/products-selection\/#\/schema\/logo\/image\/"},"sameAs":["https:\/\/www.facebook.com\/socialdesignmag","https:\/\/x.com\/socialdesignmag","http:\/\/instagram.com\/social_design_magazine\/","http:\/\/pinterest.com\/socialdesignmag\/","http:\/\/www.youtube.com\/user\/socialdesignmagazine"]}]}},"jetpack_publicize_connections":[],"jetpack_sharing_enabled":true,"brands":[{"id":1218,"name":"Linea Light Group","slug":"linea-light-group"}],"_links":{"self":[{"href":"https:\/\/socialdesignmagazine.com\/mag\/products-selection\/wp-json\/wp\/v2\/product\/123743","targetHints":{"allow":["GET"]}}],"collection":[{"href":"https:\/\/socialdesignmagazine.com\/mag\/products-selection\/wp-json\/wp\/v2\/product"}],"about":[{"href":"https:\/\/socialdesignmagazine.com\/mag\/products-selection\/wp-json\/wp\/v2\/types\/product"}],"wp:featuredmedia":[{"embeddable":true,"href":"https:\/\/socialdesignmagazine.com\/mag\/products-selection\/wp-json\/wp\/v2\/media\/136675"}],"wp:attachment":[{"href":"https:\/\/socialdesignmagazine.com\/mag\/products-selection\/wp-json\/wp\/v2\/media?parent=123743"}],"wp:term":[{"taxonomy":"pwb-brand","embeddable":true,"href":"https:\/\/socialdesignmagazine.com\/mag\/products-selection\/wp-json\/wp\/v2\/pwb-brand?post=123743"},{"taxonomy":"product_brand","embeddable":true,"href":"https:\/\/socialdesignmagazine.com\/mag\/products-selection\/wp-json\/wp\/v2\/product_brand?post=123743"},{"taxonomy":"product_cat","embeddable":true,"href":"https:\/\/socialdesignmagazine.com\/mag\/products-selection\/wp-json\/wp\/v2\/product_cat?post=123743"},{"taxonomy":"product_tag","embeddable":true,"href":"https:\/\/socialdesignmagazine.com\/mag\/products-selection\/wp-json\/wp\/v2\/product_tag?post=123743"}],"curies":[{"name":"wp","href":"https:\/\/api.w.org\/{rel}","templated":true}]}}