{"id":124774,"date":"2020-09-25T22:36:28","date_gmt":"2020-09-25T20:36:28","guid":{"rendered":"https:\/\/socialdesignmagazine.com\/mag\/products-selection\/?post_type=product&#038;p=124774"},"modified":"2020-12-08T16:34:53","modified_gmt":"2020-12-08T15:34:53","slug":"lampada-a-sospensione-chouchin-mini-1-sp-arancione-design-ionna-vautrin-for-foscarini","status":"publish","type":"product","link":"https:\/\/socialdesignmagazine.com\/mag\/products-selection\/product\/lampada-a-sospensione-chouchin-mini-1-sp-arancione-design-ionna-vautrin-for-foscarini\/","title":{"rendered":"Lampada a Sospensione Chouchin Mini 1 SP Arancione design Ionna Vautrin for Foscarini"},"content":{"rendered":"<p>Chouchin \u00e8 un lampadario di design che si ispira nella forma alle tradizionali lanterne giapponesi di carta e di bamb\u00f9. Chouchin si contraddistingue per il diffusore in vetro soffiato verniciato a liquido con finitura lucida colorata che lascia il bordo inferiore bianco. In questo modo il diffusore risulta completamente impermeabile alla luce ad eccezione del colletto luminoso inferiore dal quale si sprigiona una luce calda e intesa diretta verso il basso. Il lampadario Chouchin \u00e8 studiato per essere impiegato anche in composizioni multiple, e per questo \u00e8 proposto in pi\u00f9 dimensioni e modelli con diffusore sferisco oppure allungato.<\/p>\n","protected":false},"excerpt":{"rendered":"<p>Lampadario design<\/p>\n","protected":false},"featured_media":136107,"template":"","meta":{"_acf_changed":false,"jetpack_post_was_ever_published":false,"jetpack_publicize_message":"","jetpack_publicize_feature_enabled":true,"jetpack_social_post_already_shared":false,"jetpack_social_options":{"image_generator_settings":{"template":"highway","default_image_id":0,"font":"","enabled":false},"version":2}},"pwb-brand":[2264],"product_brand":[],"product_cat":[607,312,2372,314],"product_tag":[94],"class_list":{"0":"post-124774","1":"product","2":"type-product","3":"status-publish","4":"has-post-thumbnail","6":"pwb-brand-foscarini","7":"product_cat-designers","8":"product_cat-illuminazione","9":"product_cat-ionna-vautrin","10":"product_cat-lampada-a-sospensione-illuminazione","11":"product_tag-lampada-a-sospensione","12":"pa_altezza-140-mm","13":"pa_colore-arancione","14":"pa_designer-ionna-vautrin","15":"pa_downloads-2d","16":"pa_downloads-3d","17":"pa_downloads-pdf","18":"pa_larghezza-170-mm","19":"pa_materiale-vetro-soffiato-laccato","20":"pa_produttore-foscarini","21":"pa_profondita-170-mm","22":"pa_serie-chouchin","23":"pa_tipo-di-prodotto-lampada-a-sospensione","25":"first","26":"instock","27":"product-type-external"},"acf":[],"yoast_head":"<!-- This site is optimized with the Yoast SEO plugin v27.2 - https:\/\/yoast.com\/product\/yoast-seo-wordpress\/ -->\n<title>Lampada a Sospensione Chouchin Mini 1 SP Arancione design Ionna Vautrin for Foscarini - SDM Product Selection<\/title>\n<meta name=\"description\" content=\"Lampadario design\" \/>\n<meta name=\"robots\" content=\"index, follow, max-snippet:-1, max-image-preview:large, max-video-preview:-1\" \/>\n<link rel=\"canonical\" href=\"https:\/\/socialdesignmagazine.com\/mag\/products-selection\/product\/lampada-a-sospensione-chouchin-mini-1-sp-arancione-design-ionna-vautrin-for-foscarini\/\" \/>\n<meta property=\"og:locale\" content=\"it_IT\" \/>\n<meta property=\"og:type\" content=\"article\" \/>\n<meta property=\"og:title\" content=\"Lampada a Sospensione Chouchin Mini 1 SP Arancione design Ionna Vautrin for Foscarini - SDM Product Selection\" \/>\n<meta property=\"og:description\" content=\"Lampadario design\" \/>\n<meta property=\"og:url\" content=\"https:\/\/socialdesignmagazine.com\/mag\/products-selection\/product\/lampada-a-sospensione-chouchin-mini-1-sp-arancione-design-ionna-vautrin-for-foscarini\/\" \/>\n<meta property=\"og:site_name\" content=\"SDM Product Selection\" \/>\n<meta property=\"article:publisher\" content=\"https:\/\/www.facebook.com\/socialdesignmag\" \/>\n<meta property=\"article:modified_time\" content=\"2020-12-08T15:34:53+00:00\" \/>\n<meta property=\"og:image\" content=\"https:\/\/socialdesignmagazine.com\/mag\/products-selection\/wp-content\/uploads\/sites\/2\/2020\/12\/Lampada-a-Sospensione-Chouchin-Mini-1-SP-Arancione-Foscarini-Ionna-Vautrin.jpg\" \/>\n\t<meta property=\"og:image:width\" content=\"600\" \/>\n\t<meta property=\"og:image:height\" content=\"600\" \/>\n\t<meta property=\"og:image:type\" content=\"image\/jpeg\" \/>\n<meta name=\"twitter:card\" content=\"summary_large_image\" \/>\n<meta name=\"twitter:site\" content=\"@socialdesignmag\" \/>\n<script type=\"application\/ld+json\" class=\"yoast-schema-graph\">{\"@context\":\"https:\/\/schema.org\",\"@graph\":[{\"@type\":\"WebPage\",\"@id\":\"https:\/\/socialdesignmagazine.com\/mag\/products-selection\/product\/lampada-a-sospensione-chouchin-mini-1-sp-arancione-design-ionna-vautrin-for-foscarini\/\",\"url\":\"https:\/\/socialdesignmagazine.com\/mag\/products-selection\/product\/lampada-a-sospensione-chouchin-mini-1-sp-arancione-design-ionna-vautrin-for-foscarini\/\",\"name\":\"Lampada a Sospensione Chouchin Mini 1 SP Arancione design Ionna Vautrin for Foscarini - SDM Product Selection\",\"isPartOf\":{\"@id\":\"https:\/\/socialdesignmagazine.com\/mag\/products-selection\/#website\"},\"primaryImageOfPage\":{\"@id\":\"https:\/\/socialdesignmagazine.com\/mag\/products-selection\/product\/lampada-a-sospensione-chouchin-mini-1-sp-arancione-design-ionna-vautrin-for-foscarini\/#primaryimage\"},\"image\":{\"@id\":\"https:\/\/socialdesignmagazine.com\/mag\/products-selection\/product\/lampada-a-sospensione-chouchin-mini-1-sp-arancione-design-ionna-vautrin-for-foscarini\/#primaryimage\"},\"thumbnailUrl\":\"https:\/\/socialdesignmagazine.com\/mag\/products-selection\/wp-content\/uploads\/sites\/2\/2020\/12\/Lampada-a-Sospensione-Chouchin-Mini-1-SP-Arancione-Foscarini-Ionna-Vautrin.jpg\",\"datePublished\":\"2020-09-25T20:36:28+00:00\",\"dateModified\":\"2020-12-08T15:34:53+00:00\",\"description\":\"Lampadario design\",\"breadcrumb\":{\"@id\":\"https:\/\/socialdesignmagazine.com\/mag\/products-selection\/product\/lampada-a-sospensione-chouchin-mini-1-sp-arancione-design-ionna-vautrin-for-foscarini\/#breadcrumb\"},\"inLanguage\":\"it-IT\",\"potentialAction\":[{\"@type\":\"ReadAction\",\"target\":[\"https:\/\/socialdesignmagazine.com\/mag\/products-selection\/product\/lampada-a-sospensione-chouchin-mini-1-sp-arancione-design-ionna-vautrin-for-foscarini\/\"]}]},{\"@type\":\"ImageObject\",\"inLanguage\":\"it-IT\",\"@id\":\"https:\/\/socialdesignmagazine.com\/mag\/products-selection\/product\/lampada-a-sospensione-chouchin-mini-1-sp-arancione-design-ionna-vautrin-for-foscarini\/#primaryimage\",\"url\":\"https:\/\/socialdesignmagazine.com\/mag\/products-selection\/wp-content\/uploads\/sites\/2\/2020\/12\/Lampada-a-Sospensione-Chouchin-Mini-1-SP-Arancione-Foscarini-Ionna-Vautrin.jpg\",\"contentUrl\":\"https:\/\/socialdesignmagazine.com\/mag\/products-selection\/wp-content\/uploads\/sites\/2\/2020\/12\/Lampada-a-Sospensione-Chouchin-Mini-1-SP-Arancione-Foscarini-Ionna-Vautrin.jpg\",\"width\":600,\"height\":600,\"caption\":\"Lampada a Sospensione Chouchin Mini 1 SP Arancione Foscarini Ionna Vautrin 1\"},{\"@type\":\"BreadcrumbList\",\"@id\":\"https:\/\/socialdesignmagazine.com\/mag\/products-selection\/product\/lampada-a-sospensione-chouchin-mini-1-sp-arancione-design-ionna-vautrin-for-foscarini\/#breadcrumb\",\"itemListElement\":[{\"@type\":\"ListItem\",\"position\":1,\"name\":\"Home\",\"item\":\"https:\/\/socialdesignmagazine.com\/mag\/products-selection\/\"},{\"@type\":\"ListItem\",\"position\":2,\"name\":\"Tutti i prodotti\",\"item\":\"https:\/\/socialdesignmagazine.com\/mag\/products-selection\/tutti-i-prodotti\/\"},{\"@type\":\"ListItem\",\"position\":3,\"name\":\"Lampada a Sospensione Chouchin Mini 1 SP Arancione design Ionna Vautrin for Foscarini\"}]},{\"@type\":\"WebSite\",\"@id\":\"https:\/\/socialdesignmagazine.com\/mag\/products-selection\/#website\",\"url\":\"https:\/\/socialdesignmagazine.com\/mag\/products-selection\/\",\"name\":\"SDM Product Selection\",\"description\":\"Una selezioni di prodotti dei brand pi\u00f9 interessanti per arredare e progettare\",\"publisher\":{\"@id\":\"https:\/\/socialdesignmagazine.com\/mag\/products-selection\/#organization\"},\"potentialAction\":[{\"@type\":\"SearchAction\",\"target\":{\"@type\":\"EntryPoint\",\"urlTemplate\":\"https:\/\/socialdesignmagazine.com\/mag\/products-selection\/?s={search_term_string}\"},\"query-input\":{\"@type\":\"PropertyValueSpecification\",\"valueRequired\":true,\"valueName\":\"search_term_string\"}}],\"inLanguage\":\"it-IT\"},{\"@type\":\"Organization\",\"@id\":\"https:\/\/socialdesignmagazine.com\/mag\/products-selection\/#organization\",\"name\":\"Social Design Magazine\",\"url\":\"https:\/\/socialdesignmagazine.com\/mag\/products-selection\/\",\"logo\":{\"@type\":\"ImageObject\",\"inLanguage\":\"it-IT\",\"@id\":\"https:\/\/socialdesignmagazine.com\/mag\/products-selection\/#\/schema\/logo\/image\/\",\"url\":\"https:\/\/socialdesignmagazine.com\/mag\/products-selection\/wp-content\/uploads\/sites\/2\/2015\/05\/social-design-magazine-logo.png\",\"contentUrl\":\"https:\/\/socialdesignmagazine.com\/mag\/products-selection\/wp-content\/uploads\/sites\/2\/2015\/05\/social-design-magazine-logo.png\",\"width\":251,\"height\":101,\"caption\":\"Social Design Magazine\"},\"image\":{\"@id\":\"https:\/\/socialdesignmagazine.com\/mag\/products-selection\/#\/schema\/logo\/image\/\"},\"sameAs\":[\"https:\/\/www.facebook.com\/socialdesignmag\",\"https:\/\/x.com\/socialdesignmag\",\"http:\/\/instagram.com\/social_design_magazine\/\",\"http:\/\/pinterest.com\/socialdesignmag\/\",\"http:\/\/www.youtube.com\/user\/socialdesignmagazine\"]}]}<\/script>\n<!-- \/ Yoast SEO plugin. -->","yoast_head_json":{"title":"Lampada a Sospensione Chouchin Mini 1 SP Arancione design Ionna Vautrin for Foscarini - SDM Product Selection","description":"Lampadario design","robots":{"index":"index","follow":"follow","max-snippet":"max-snippet:-1","max-image-preview":"max-image-preview:large","max-video-preview":"max-video-preview:-1"},"canonical":"https:\/\/socialdesignmagazine.com\/mag\/products-selection\/product\/lampada-a-sospensione-chouchin-mini-1-sp-arancione-design-ionna-vautrin-for-foscarini\/","og_locale":"it_IT","og_type":"article","og_title":"Lampada a Sospensione Chouchin Mini 1 SP Arancione design Ionna Vautrin for Foscarini - SDM Product Selection","og_description":"Lampadario design","og_url":"https:\/\/socialdesignmagazine.com\/mag\/products-selection\/product\/lampada-a-sospensione-chouchin-mini-1-sp-arancione-design-ionna-vautrin-for-foscarini\/","og_site_name":"SDM Product Selection","article_publisher":"https:\/\/www.facebook.com\/socialdesignmag","article_modified_time":"2020-12-08T15:34:53+00:00","og_image":[{"width":600,"height":600,"url":"https:\/\/socialdesignmagazine.com\/mag\/products-selection\/wp-content\/uploads\/sites\/2\/2020\/12\/Lampada-a-Sospensione-Chouchin-Mini-1-SP-Arancione-Foscarini-Ionna-Vautrin.jpg","type":"image\/jpeg"}],"twitter_card":"summary_large_image","twitter_site":"@socialdesignmag","schema":{"@context":"https:\/\/schema.org","@graph":[{"@type":"WebPage","@id":"https:\/\/socialdesignmagazine.com\/mag\/products-selection\/product\/lampada-a-sospensione-chouchin-mini-1-sp-arancione-design-ionna-vautrin-for-foscarini\/","url":"https:\/\/socialdesignmagazine.com\/mag\/products-selection\/product\/lampada-a-sospensione-chouchin-mini-1-sp-arancione-design-ionna-vautrin-for-foscarini\/","name":"Lampada a Sospensione Chouchin Mini 1 SP Arancione design Ionna Vautrin for Foscarini - SDM Product Selection","isPartOf":{"@id":"https:\/\/socialdesignmagazine.com\/mag\/products-selection\/#website"},"primaryImageOfPage":{"@id":"https:\/\/socialdesignmagazine.com\/mag\/products-selection\/product\/lampada-a-sospensione-chouchin-mini-1-sp-arancione-design-ionna-vautrin-for-foscarini\/#primaryimage"},"image":{"@id":"https:\/\/socialdesignmagazine.com\/mag\/products-selection\/product\/lampada-a-sospensione-chouchin-mini-1-sp-arancione-design-ionna-vautrin-for-foscarini\/#primaryimage"},"thumbnailUrl":"https:\/\/socialdesignmagazine.com\/mag\/products-selection\/wp-content\/uploads\/sites\/2\/2020\/12\/Lampada-a-Sospensione-Chouchin-Mini-1-SP-Arancione-Foscarini-Ionna-Vautrin.jpg","datePublished":"2020-09-25T20:36:28+00:00","dateModified":"2020-12-08T15:34:53+00:00","description":"Lampadario design","breadcrumb":{"@id":"https:\/\/socialdesignmagazine.com\/mag\/products-selection\/product\/lampada-a-sospensione-chouchin-mini-1-sp-arancione-design-ionna-vautrin-for-foscarini\/#breadcrumb"},"inLanguage":"it-IT","potentialAction":[{"@type":"ReadAction","target":["https:\/\/socialdesignmagazine.com\/mag\/products-selection\/product\/lampada-a-sospensione-chouchin-mini-1-sp-arancione-design-ionna-vautrin-for-foscarini\/"]}]},{"@type":"ImageObject","inLanguage":"it-IT","@id":"https:\/\/socialdesignmagazine.com\/mag\/products-selection\/product\/lampada-a-sospensione-chouchin-mini-1-sp-arancione-design-ionna-vautrin-for-foscarini\/#primaryimage","url":"https:\/\/socialdesignmagazine.com\/mag\/products-selection\/wp-content\/uploads\/sites\/2\/2020\/12\/Lampada-a-Sospensione-Chouchin-Mini-1-SP-Arancione-Foscarini-Ionna-Vautrin.jpg","contentUrl":"https:\/\/socialdesignmagazine.com\/mag\/products-selection\/wp-content\/uploads\/sites\/2\/2020\/12\/Lampada-a-Sospensione-Chouchin-Mini-1-SP-Arancione-Foscarini-Ionna-Vautrin.jpg","width":600,"height":600,"caption":"Lampada a Sospensione Chouchin Mini 1 SP Arancione Foscarini Ionna Vautrin 1"},{"@type":"BreadcrumbList","@id":"https:\/\/socialdesignmagazine.com\/mag\/products-selection\/product\/lampada-a-sospensione-chouchin-mini-1-sp-arancione-design-ionna-vautrin-for-foscarini\/#breadcrumb","itemListElement":[{"@type":"ListItem","position":1,"name":"Home","item":"https:\/\/socialdesignmagazine.com\/mag\/products-selection\/"},{"@type":"ListItem","position":2,"name":"Tutti i prodotti","item":"https:\/\/socialdesignmagazine.com\/mag\/products-selection\/tutti-i-prodotti\/"},{"@type":"ListItem","position":3,"name":"Lampada a Sospensione Chouchin Mini 1 SP Arancione design Ionna Vautrin for Foscarini"}]},{"@type":"WebSite","@id":"https:\/\/socialdesignmagazine.com\/mag\/products-selection\/#website","url":"https:\/\/socialdesignmagazine.com\/mag\/products-selection\/","name":"SDM Product Selection","description":"Una selezioni di prodotti dei brand pi\u00f9 interessanti per arredare e progettare","publisher":{"@id":"https:\/\/socialdesignmagazine.com\/mag\/products-selection\/#organization"},"potentialAction":[{"@type":"SearchAction","target":{"@type":"EntryPoint","urlTemplate":"https:\/\/socialdesignmagazine.com\/mag\/products-selection\/?s={search_term_string}"},"query-input":{"@type":"PropertyValueSpecification","valueRequired":true,"valueName":"search_term_string"}}],"inLanguage":"it-IT"},{"@type":"Organization","@id":"https:\/\/socialdesignmagazine.com\/mag\/products-selection\/#organization","name":"Social Design Magazine","url":"https:\/\/socialdesignmagazine.com\/mag\/products-selection\/","logo":{"@type":"ImageObject","inLanguage":"it-IT","@id":"https:\/\/socialdesignmagazine.com\/mag\/products-selection\/#\/schema\/logo\/image\/","url":"https:\/\/socialdesignmagazine.com\/mag\/products-selection\/wp-content\/uploads\/sites\/2\/2015\/05\/social-design-magazine-logo.png","contentUrl":"https:\/\/socialdesignmagazine.com\/mag\/products-selection\/wp-content\/uploads\/sites\/2\/2015\/05\/social-design-magazine-logo.png","width":251,"height":101,"caption":"Social Design Magazine"},"image":{"@id":"https:\/\/socialdesignmagazine.com\/mag\/products-selection\/#\/schema\/logo\/image\/"},"sameAs":["https:\/\/www.facebook.com\/socialdesignmag","https:\/\/x.com\/socialdesignmag","http:\/\/instagram.com\/social_design_magazine\/","http:\/\/pinterest.com\/socialdesignmag\/","http:\/\/www.youtube.com\/user\/socialdesignmagazine"]}]}},"jetpack_publicize_connections":[],"jetpack_sharing_enabled":true,"brands":[{"id":2264,"name":"Foscarini","slug":"foscarini"}],"_links":{"self":[{"href":"https:\/\/socialdesignmagazine.com\/mag\/products-selection\/wp-json\/wp\/v2\/product\/124774","targetHints":{"allow":["GET"]}}],"collection":[{"href":"https:\/\/socialdesignmagazine.com\/mag\/products-selection\/wp-json\/wp\/v2\/product"}],"about":[{"href":"https:\/\/socialdesignmagazine.com\/mag\/products-selection\/wp-json\/wp\/v2\/types\/product"}],"wp:featuredmedia":[{"embeddable":true,"href":"https:\/\/socialdesignmagazine.com\/mag\/products-selection\/wp-json\/wp\/v2\/media\/136107"}],"wp:attachment":[{"href":"https:\/\/socialdesignmagazine.com\/mag\/products-selection\/wp-json\/wp\/v2\/media?parent=124774"}],"wp:term":[{"taxonomy":"pwb-brand","embeddable":true,"href":"https:\/\/socialdesignmagazine.com\/mag\/products-selection\/wp-json\/wp\/v2\/pwb-brand?post=124774"},{"taxonomy":"product_brand","embeddable":true,"href":"https:\/\/socialdesignmagazine.com\/mag\/products-selection\/wp-json\/wp\/v2\/product_brand?post=124774"},{"taxonomy":"product_cat","embeddable":true,"href":"https:\/\/socialdesignmagazine.com\/mag\/products-selection\/wp-json\/wp\/v2\/product_cat?post=124774"},{"taxonomy":"product_tag","embeddable":true,"href":"https:\/\/socialdesignmagazine.com\/mag\/products-selection\/wp-json\/wp\/v2\/product_tag?post=124774"}],"curies":[{"name":"wp","href":"https:\/\/api.w.org\/{rel}","templated":true}]}}