{"id":127539,"date":"2020-10-16T22:43:31","date_gmt":"2020-10-16T20:43:31","guid":{"rendered":"https:\/\/socialdesignmagazine.com\/mag\/products-selection\/?post_type=product&#038;p=127539"},"modified":"2020-12-25T16:06:36","modified_gmt":"2020-12-25T15:06:36","slug":"sedia-zoe-sl-rosso-design-guglielmo-berchicci-for-slide","status":"publish","type":"product","link":"https:\/\/socialdesignmagazine.com\/mag\/products-selection\/product\/sedia-zoe-sl-rosso-design-guglielmo-berchicci-for-slide\/","title":{"rendered":"Sedia Zoe Sl Rosso design Guglielmo Berchicci for Slide"},"content":{"rendered":"<p>Una forma purificata per questa superba\u00a0sedia ultra moderna, progettata da\u00a0Guglielmo Berchicci. Questo blocco di\u00a0polietilene prodotto mediante\u00a0stampaggio rotazionale, presenta una silhouette accogliente con forme arrotondate. Molto confortevole, la seduta leggermente curvata avvolge dolcemente il corpo. Funzionale,\u00a0Zoe\u00a0\u00e8 leggera e resistente. Questa sedia pu\u00f2 essere usata all&#8217;interno o all&#8217;esterno, \u00e8 adatto sia per uso privato sia collettivo.\u00a0Zoe\u00a0si fonde perfettamente con il tavolo luminoso ED:\u00a0forme sorprendentemente complementari. PRODOTTO 100% MADE IN ITALY<\/p>\n","protected":false},"excerpt":{"rendered":"<p>Una forma purificata per questa superba sedia ultra moderna, progettata da Guglielmo Berchicci che ha disegnato una silhouette accogliente con forme arrotondate.<\/p>\n","protected":false},"featured_media":135248,"template":"","meta":{"_acf_changed":false,"jetpack_post_was_ever_published":false,"jetpack_publicize_message":"","jetpack_publicize_feature_enabled":true,"jetpack_social_post_already_shared":false,"jetpack_social_options":{"image_generator_settings":{"template":"highway","default_image_id":0,"font":"","enabled":false},"version":2}},"pwb-brand":[2496],"product_brand":[],"product_cat":[337,607,2534,537,533],"product_tag":[154],"class_list":{"0":"post-127539","1":"product","2":"type-product","3":"status-publish","4":"has-post-thumbnail","6":"pwb-brand-slide","7":"product_cat-arredamento","8":"product_cat-designers","9":"product_cat-guglielmo-berchicci","10":"product_cat-sedia-sedute","11":"product_cat-sedute","12":"product_tag-sedia","13":"pa_colore-rosso","14":"pa_designer-guglielmo-berchicci","15":"pa_produttore-slide","16":"pa_tipo-di-prodotto-sedia","18":"first","19":"instock","20":"product-type-external"},"acf":[],"yoast_head":"<!-- This site is optimized with the Yoast SEO plugin v27.2 - https:\/\/yoast.com\/product\/yoast-seo-wordpress\/ -->\n<title>Sedia Zoe Sl Rosso design Guglielmo Berchicci for Slide - SDM Product Selection<\/title>\n<meta name=\"description\" content=\"Una forma purificata per questa superba sedia ultra moderna, progettata da Guglielmo Berchicci che ha disegnato una silhouette accogliente con forme arrotondate.\" \/>\n<meta name=\"robots\" content=\"index, follow, max-snippet:-1, max-image-preview:large, max-video-preview:-1\" \/>\n<link rel=\"canonical\" href=\"https:\/\/socialdesignmagazine.com\/mag\/products-selection\/product\/sedia-zoe-sl-rosso-design-guglielmo-berchicci-for-slide\/\" \/>\n<meta property=\"og:locale\" content=\"it_IT\" \/>\n<meta property=\"og:type\" content=\"article\" \/>\n<meta property=\"og:title\" content=\"Sedia Zoe Sl Rosso design Guglielmo Berchicci for Slide - SDM Product Selection\" \/>\n<meta property=\"og:description\" content=\"Una forma purificata per questa superba sedia ultra moderna, progettata da Guglielmo Berchicci che ha disegnato una silhouette accogliente con forme arrotondate.\" \/>\n<meta property=\"og:url\" content=\"https:\/\/socialdesignmagazine.com\/mag\/products-selection\/product\/sedia-zoe-sl-rosso-design-guglielmo-berchicci-for-slide\/\" \/>\n<meta property=\"og:site_name\" content=\"SDM Product Selection\" \/>\n<meta property=\"article:publisher\" content=\"https:\/\/www.facebook.com\/socialdesignmag\" \/>\n<meta property=\"article:modified_time\" content=\"2020-12-25T15:06:36+00:00\" \/>\n<meta property=\"og:image\" content=\"https:\/\/socialdesignmagazine.com\/mag\/products-selection\/wp-content\/uploads\/sites\/2\/2020\/12\/Sedia-Zoe-Sl-Rosso-Slide-Guglielmo-Berchicci.jpg\" \/>\n\t<meta property=\"og:image:width\" content=\"700\" \/>\n\t<meta property=\"og:image:height\" content=\"700\" \/>\n\t<meta property=\"og:image:type\" content=\"image\/jpeg\" \/>\n<meta name=\"twitter:card\" content=\"summary_large_image\" \/>\n<meta name=\"twitter:site\" content=\"@socialdesignmag\" \/>\n<script type=\"application\/ld+json\" class=\"yoast-schema-graph\">{\"@context\":\"https:\/\/schema.org\",\"@graph\":[{\"@type\":\"WebPage\",\"@id\":\"https:\/\/socialdesignmagazine.com\/mag\/products-selection\/product\/sedia-zoe-sl-rosso-design-guglielmo-berchicci-for-slide\/\",\"url\":\"https:\/\/socialdesignmagazine.com\/mag\/products-selection\/product\/sedia-zoe-sl-rosso-design-guglielmo-berchicci-for-slide\/\",\"name\":\"Sedia Zoe Sl Rosso design Guglielmo Berchicci for Slide - SDM Product Selection\",\"isPartOf\":{\"@id\":\"https:\/\/socialdesignmagazine.com\/mag\/products-selection\/#website\"},\"primaryImageOfPage\":{\"@id\":\"https:\/\/socialdesignmagazine.com\/mag\/products-selection\/product\/sedia-zoe-sl-rosso-design-guglielmo-berchicci-for-slide\/#primaryimage\"},\"image\":{\"@id\":\"https:\/\/socialdesignmagazine.com\/mag\/products-selection\/product\/sedia-zoe-sl-rosso-design-guglielmo-berchicci-for-slide\/#primaryimage\"},\"thumbnailUrl\":\"https:\/\/socialdesignmagazine.com\/mag\/products-selection\/wp-content\/uploads\/sites\/2\/2020\/12\/Sedia-Zoe-Sl-Rosso-Slide-Guglielmo-Berchicci.jpg\",\"datePublished\":\"2020-10-16T20:43:31+00:00\",\"dateModified\":\"2020-12-25T15:06:36+00:00\",\"description\":\"Una forma purificata per questa superba sedia ultra moderna, progettata da Guglielmo Berchicci che ha disegnato una silhouette accogliente con forme arrotondate.\",\"breadcrumb\":{\"@id\":\"https:\/\/socialdesignmagazine.com\/mag\/products-selection\/product\/sedia-zoe-sl-rosso-design-guglielmo-berchicci-for-slide\/#breadcrumb\"},\"inLanguage\":\"it-IT\",\"potentialAction\":[{\"@type\":\"ReadAction\",\"target\":[\"https:\/\/socialdesignmagazine.com\/mag\/products-selection\/product\/sedia-zoe-sl-rosso-design-guglielmo-berchicci-for-slide\/\"]}]},{\"@type\":\"ImageObject\",\"inLanguage\":\"it-IT\",\"@id\":\"https:\/\/socialdesignmagazine.com\/mag\/products-selection\/product\/sedia-zoe-sl-rosso-design-guglielmo-berchicci-for-slide\/#primaryimage\",\"url\":\"https:\/\/socialdesignmagazine.com\/mag\/products-selection\/wp-content\/uploads\/sites\/2\/2020\/12\/Sedia-Zoe-Sl-Rosso-Slide-Guglielmo-Berchicci.jpg\",\"contentUrl\":\"https:\/\/socialdesignmagazine.com\/mag\/products-selection\/wp-content\/uploads\/sites\/2\/2020\/12\/Sedia-Zoe-Sl-Rosso-Slide-Guglielmo-Berchicci.jpg\",\"width\":700,\"height\":700,\"caption\":\"Sedia Zoe Sl Rosso Slide Guglielmo Berchicci 1\"},{\"@type\":\"BreadcrumbList\",\"@id\":\"https:\/\/socialdesignmagazine.com\/mag\/products-selection\/product\/sedia-zoe-sl-rosso-design-guglielmo-berchicci-for-slide\/#breadcrumb\",\"itemListElement\":[{\"@type\":\"ListItem\",\"position\":1,\"name\":\"Home\",\"item\":\"https:\/\/socialdesignmagazine.com\/mag\/products-selection\/\"},{\"@type\":\"ListItem\",\"position\":2,\"name\":\"Tutti i prodotti\",\"item\":\"https:\/\/socialdesignmagazine.com\/mag\/products-selection\/tutti-i-prodotti\/\"},{\"@type\":\"ListItem\",\"position\":3,\"name\":\"Sedia Zoe Sl Rosso design Guglielmo Berchicci for Slide\"}]},{\"@type\":\"WebSite\",\"@id\":\"https:\/\/socialdesignmagazine.com\/mag\/products-selection\/#website\",\"url\":\"https:\/\/socialdesignmagazine.com\/mag\/products-selection\/\",\"name\":\"SDM Product Selection\",\"description\":\"Una selezioni di prodotti dei brand pi\u00f9 interessanti per arredare e progettare\",\"publisher\":{\"@id\":\"https:\/\/socialdesignmagazine.com\/mag\/products-selection\/#organization\"},\"potentialAction\":[{\"@type\":\"SearchAction\",\"target\":{\"@type\":\"EntryPoint\",\"urlTemplate\":\"https:\/\/socialdesignmagazine.com\/mag\/products-selection\/?s={search_term_string}\"},\"query-input\":{\"@type\":\"PropertyValueSpecification\",\"valueRequired\":true,\"valueName\":\"search_term_string\"}}],\"inLanguage\":\"it-IT\"},{\"@type\":\"Organization\",\"@id\":\"https:\/\/socialdesignmagazine.com\/mag\/products-selection\/#organization\",\"name\":\"Social Design Magazine\",\"url\":\"https:\/\/socialdesignmagazine.com\/mag\/products-selection\/\",\"logo\":{\"@type\":\"ImageObject\",\"inLanguage\":\"it-IT\",\"@id\":\"https:\/\/socialdesignmagazine.com\/mag\/products-selection\/#\/schema\/logo\/image\/\",\"url\":\"https:\/\/socialdesignmagazine.com\/mag\/products-selection\/wp-content\/uploads\/sites\/2\/2015\/05\/social-design-magazine-logo.png\",\"contentUrl\":\"https:\/\/socialdesignmagazine.com\/mag\/products-selection\/wp-content\/uploads\/sites\/2\/2015\/05\/social-design-magazine-logo.png\",\"width\":251,\"height\":101,\"caption\":\"Social Design Magazine\"},\"image\":{\"@id\":\"https:\/\/socialdesignmagazine.com\/mag\/products-selection\/#\/schema\/logo\/image\/\"},\"sameAs\":[\"https:\/\/www.facebook.com\/socialdesignmag\",\"https:\/\/x.com\/socialdesignmag\",\"http:\/\/instagram.com\/social_design_magazine\/\",\"http:\/\/pinterest.com\/socialdesignmag\/\",\"http:\/\/www.youtube.com\/user\/socialdesignmagazine\"]}]}<\/script>\n<!-- \/ Yoast SEO plugin. -->","yoast_head_json":{"title":"Sedia Zoe Sl Rosso design Guglielmo Berchicci for Slide - SDM Product Selection","description":"Una forma purificata per questa superba sedia ultra moderna, progettata da Guglielmo Berchicci che ha disegnato una silhouette accogliente con forme arrotondate.","robots":{"index":"index","follow":"follow","max-snippet":"max-snippet:-1","max-image-preview":"max-image-preview:large","max-video-preview":"max-video-preview:-1"},"canonical":"https:\/\/socialdesignmagazine.com\/mag\/products-selection\/product\/sedia-zoe-sl-rosso-design-guglielmo-berchicci-for-slide\/","og_locale":"it_IT","og_type":"article","og_title":"Sedia Zoe Sl Rosso design Guglielmo Berchicci for Slide - SDM Product Selection","og_description":"Una forma purificata per questa superba sedia ultra moderna, progettata da Guglielmo Berchicci che ha disegnato una silhouette accogliente con forme arrotondate.","og_url":"https:\/\/socialdesignmagazine.com\/mag\/products-selection\/product\/sedia-zoe-sl-rosso-design-guglielmo-berchicci-for-slide\/","og_site_name":"SDM Product Selection","article_publisher":"https:\/\/www.facebook.com\/socialdesignmag","article_modified_time":"2020-12-25T15:06:36+00:00","og_image":[{"width":700,"height":700,"url":"https:\/\/socialdesignmagazine.com\/mag\/products-selection\/wp-content\/uploads\/sites\/2\/2020\/12\/Sedia-Zoe-Sl-Rosso-Slide-Guglielmo-Berchicci.jpg","type":"image\/jpeg"}],"twitter_card":"summary_large_image","twitter_site":"@socialdesignmag","schema":{"@context":"https:\/\/schema.org","@graph":[{"@type":"WebPage","@id":"https:\/\/socialdesignmagazine.com\/mag\/products-selection\/product\/sedia-zoe-sl-rosso-design-guglielmo-berchicci-for-slide\/","url":"https:\/\/socialdesignmagazine.com\/mag\/products-selection\/product\/sedia-zoe-sl-rosso-design-guglielmo-berchicci-for-slide\/","name":"Sedia Zoe Sl Rosso design Guglielmo Berchicci for Slide - SDM Product Selection","isPartOf":{"@id":"https:\/\/socialdesignmagazine.com\/mag\/products-selection\/#website"},"primaryImageOfPage":{"@id":"https:\/\/socialdesignmagazine.com\/mag\/products-selection\/product\/sedia-zoe-sl-rosso-design-guglielmo-berchicci-for-slide\/#primaryimage"},"image":{"@id":"https:\/\/socialdesignmagazine.com\/mag\/products-selection\/product\/sedia-zoe-sl-rosso-design-guglielmo-berchicci-for-slide\/#primaryimage"},"thumbnailUrl":"https:\/\/socialdesignmagazine.com\/mag\/products-selection\/wp-content\/uploads\/sites\/2\/2020\/12\/Sedia-Zoe-Sl-Rosso-Slide-Guglielmo-Berchicci.jpg","datePublished":"2020-10-16T20:43:31+00:00","dateModified":"2020-12-25T15:06:36+00:00","description":"Una forma purificata per questa superba sedia ultra moderna, progettata da Guglielmo Berchicci che ha disegnato una silhouette accogliente con forme arrotondate.","breadcrumb":{"@id":"https:\/\/socialdesignmagazine.com\/mag\/products-selection\/product\/sedia-zoe-sl-rosso-design-guglielmo-berchicci-for-slide\/#breadcrumb"},"inLanguage":"it-IT","potentialAction":[{"@type":"ReadAction","target":["https:\/\/socialdesignmagazine.com\/mag\/products-selection\/product\/sedia-zoe-sl-rosso-design-guglielmo-berchicci-for-slide\/"]}]},{"@type":"ImageObject","inLanguage":"it-IT","@id":"https:\/\/socialdesignmagazine.com\/mag\/products-selection\/product\/sedia-zoe-sl-rosso-design-guglielmo-berchicci-for-slide\/#primaryimage","url":"https:\/\/socialdesignmagazine.com\/mag\/products-selection\/wp-content\/uploads\/sites\/2\/2020\/12\/Sedia-Zoe-Sl-Rosso-Slide-Guglielmo-Berchicci.jpg","contentUrl":"https:\/\/socialdesignmagazine.com\/mag\/products-selection\/wp-content\/uploads\/sites\/2\/2020\/12\/Sedia-Zoe-Sl-Rosso-Slide-Guglielmo-Berchicci.jpg","width":700,"height":700,"caption":"Sedia Zoe Sl Rosso Slide Guglielmo Berchicci 1"},{"@type":"BreadcrumbList","@id":"https:\/\/socialdesignmagazine.com\/mag\/products-selection\/product\/sedia-zoe-sl-rosso-design-guglielmo-berchicci-for-slide\/#breadcrumb","itemListElement":[{"@type":"ListItem","position":1,"name":"Home","item":"https:\/\/socialdesignmagazine.com\/mag\/products-selection\/"},{"@type":"ListItem","position":2,"name":"Tutti i prodotti","item":"https:\/\/socialdesignmagazine.com\/mag\/products-selection\/tutti-i-prodotti\/"},{"@type":"ListItem","position":3,"name":"Sedia Zoe Sl Rosso design Guglielmo Berchicci for Slide"}]},{"@type":"WebSite","@id":"https:\/\/socialdesignmagazine.com\/mag\/products-selection\/#website","url":"https:\/\/socialdesignmagazine.com\/mag\/products-selection\/","name":"SDM Product Selection","description":"Una selezioni di prodotti dei brand pi\u00f9 interessanti per arredare e progettare","publisher":{"@id":"https:\/\/socialdesignmagazine.com\/mag\/products-selection\/#organization"},"potentialAction":[{"@type":"SearchAction","target":{"@type":"EntryPoint","urlTemplate":"https:\/\/socialdesignmagazine.com\/mag\/products-selection\/?s={search_term_string}"},"query-input":{"@type":"PropertyValueSpecification","valueRequired":true,"valueName":"search_term_string"}}],"inLanguage":"it-IT"},{"@type":"Organization","@id":"https:\/\/socialdesignmagazine.com\/mag\/products-selection\/#organization","name":"Social Design Magazine","url":"https:\/\/socialdesignmagazine.com\/mag\/products-selection\/","logo":{"@type":"ImageObject","inLanguage":"it-IT","@id":"https:\/\/socialdesignmagazine.com\/mag\/products-selection\/#\/schema\/logo\/image\/","url":"https:\/\/socialdesignmagazine.com\/mag\/products-selection\/wp-content\/uploads\/sites\/2\/2015\/05\/social-design-magazine-logo.png","contentUrl":"https:\/\/socialdesignmagazine.com\/mag\/products-selection\/wp-content\/uploads\/sites\/2\/2015\/05\/social-design-magazine-logo.png","width":251,"height":101,"caption":"Social Design Magazine"},"image":{"@id":"https:\/\/socialdesignmagazine.com\/mag\/products-selection\/#\/schema\/logo\/image\/"},"sameAs":["https:\/\/www.facebook.com\/socialdesignmag","https:\/\/x.com\/socialdesignmag","http:\/\/instagram.com\/social_design_magazine\/","http:\/\/pinterest.com\/socialdesignmag\/","http:\/\/www.youtube.com\/user\/socialdesignmagazine"]}]}},"jetpack_publicize_connections":[],"jetpack_sharing_enabled":true,"brands":[{"id":2496,"name":"Slide","slug":"slide"}],"_links":{"self":[{"href":"https:\/\/socialdesignmagazine.com\/mag\/products-selection\/wp-json\/wp\/v2\/product\/127539","targetHints":{"allow":["GET"]}}],"collection":[{"href":"https:\/\/socialdesignmagazine.com\/mag\/products-selection\/wp-json\/wp\/v2\/product"}],"about":[{"href":"https:\/\/socialdesignmagazine.com\/mag\/products-selection\/wp-json\/wp\/v2\/types\/product"}],"wp:featuredmedia":[{"embeddable":true,"href":"https:\/\/socialdesignmagazine.com\/mag\/products-selection\/wp-json\/wp\/v2\/media\/135248"}],"wp:attachment":[{"href":"https:\/\/socialdesignmagazine.com\/mag\/products-selection\/wp-json\/wp\/v2\/media?parent=127539"}],"wp:term":[{"taxonomy":"pwb-brand","embeddable":true,"href":"https:\/\/socialdesignmagazine.com\/mag\/products-selection\/wp-json\/wp\/v2\/pwb-brand?post=127539"},{"taxonomy":"product_brand","embeddable":true,"href":"https:\/\/socialdesignmagazine.com\/mag\/products-selection\/wp-json\/wp\/v2\/product_brand?post=127539"},{"taxonomy":"product_cat","embeddable":true,"href":"https:\/\/socialdesignmagazine.com\/mag\/products-selection\/wp-json\/wp\/v2\/product_cat?post=127539"},{"taxonomy":"product_tag","embeddable":true,"href":"https:\/\/socialdesignmagazine.com\/mag\/products-selection\/wp-json\/wp\/v2\/product_tag?post=127539"}],"curies":[{"name":"wp","href":"https:\/\/api.w.org\/{rel}","templated":true}]}}