{"id":127545,"date":"2020-10-16T22:43:37","date_gmt":"2020-10-16T20:43:37","guid":{"rendered":"https:\/\/socialdesignmagazine.com\/mag\/products-selection\/?post_type=product&#038;p=127545"},"modified":"2020-12-25T16:06:38","modified_gmt":"2020-12-25T15:06:38","slug":"pouf-gelee-grand-grigio-design-roberto-paoli-for-slide","status":"publish","type":"product","link":"https:\/\/socialdesignmagazine.com\/mag\/products-selection\/product\/pouf-gelee-grand-grigio-design-roberto-paoli-for-slide\/","title":{"rendered":"Pouf Gelee Grand Grigio design Roberto Paoli for Slide"},"content":{"rendered":"<p>Il pouf GEL\u00c9E GRAND \u00e8 il secondo elemento della collezione nato dalla fantasia e dalla profonda conoscenza dei materiali del designer Roberto Paoli. Il pouf riprende le linee del modello precedente ma pi\u00f9 grande, rimanendo fedele per\u00f2 al concept che richiama la caramella gommosa amata dai bambini. Anche nella versione pi\u00f9 grande, GEL\u00c9E GRAND rapisce al primo sguardo, che invoglia ad assaporare tutta la sua comodit\u00e0 e morbidezza: il pouf coniuga design, svago e tecnologia, ideale per personalizzare gli spazi di un evento o per i contract, indoor e outdoor. PRODOTTO 100% MADE IN ITALY<\/p>\n","protected":false},"excerpt":{"rendered":"<p>Il pouf GEL\u00c9E GRAND \u00e8 il secondo elemento della collezione nato dalla fantasia e dalla profonda conoscenza dei materiali del designer Roberto Paoli.<\/p>\n","protected":false},"featured_media":135251,"template":"","meta":{"_acf_changed":false,"jetpack_post_was_ever_published":false,"jetpack_publicize_message":"","jetpack_publicize_feature_enabled":true,"jetpack_social_post_already_shared":false,"jetpack_social_options":{"image_generator_settings":{"template":"highway","default_image_id":0,"font":"","enabled":false},"version":2}},"pwb-brand":[2496],"product_brand":[],"product_cat":[337,607,786,617,533],"product_tag":[790],"class_list":{"0":"post-127545","1":"product","2":"type-product","3":"status-publish","4":"has-post-thumbnail","6":"pwb-brand-slide","7":"product_cat-arredamento","8":"product_cat-designers","9":"product_cat-pouf","10":"product_cat-roberto-paoli","11":"product_cat-sedute","12":"product_tag-pouf","13":"pa_altezza-400-mm","14":"pa_colore-grigio","15":"pa_designer-roberto-paoli","16":"pa_larghezza-1120-mm","17":"pa_produttore-slide","18":"pa_profondita-1120-mm","19":"pa_serie-gelee","20":"pa_tipo-di-prodotto-pouf","22":"first","23":"instock","24":"product-type-external"},"acf":[],"yoast_head":"<!-- This site is optimized with the Yoast SEO plugin v27.2 - https:\/\/yoast.com\/product\/yoast-seo-wordpress\/ -->\n<title>Pouf Gelee Grand Grigio design Roberto Paoli for Slide - SDM Product Selection<\/title>\n<meta name=\"description\" content=\"Il pouf GEL\u00c9E GRAND \u00e8 il secondo elemento della collezione nato dalla fantasia e dalla profonda conoscenza dei materiali del designer Roberto Paoli.\" \/>\n<meta name=\"robots\" content=\"index, follow, max-snippet:-1, max-image-preview:large, max-video-preview:-1\" \/>\n<link rel=\"canonical\" href=\"https:\/\/socialdesignmagazine.com\/mag\/products-selection\/product\/pouf-gelee-grand-grigio-design-roberto-paoli-for-slide\/\" \/>\n<meta property=\"og:locale\" content=\"it_IT\" \/>\n<meta property=\"og:type\" content=\"article\" \/>\n<meta property=\"og:title\" content=\"Pouf Gelee Grand Grigio design Roberto Paoli for Slide - SDM Product Selection\" \/>\n<meta property=\"og:description\" content=\"Il pouf GEL\u00c9E GRAND \u00e8 il secondo elemento della collezione nato dalla fantasia e dalla profonda conoscenza dei materiali del designer Roberto Paoli.\" \/>\n<meta property=\"og:url\" content=\"https:\/\/socialdesignmagazine.com\/mag\/products-selection\/product\/pouf-gelee-grand-grigio-design-roberto-paoli-for-slide\/\" \/>\n<meta property=\"og:site_name\" content=\"SDM Product Selection\" \/>\n<meta property=\"article:publisher\" content=\"https:\/\/www.facebook.com\/socialdesignmag\" \/>\n<meta property=\"article:modified_time\" content=\"2020-12-25T15:06:38+00:00\" \/>\n<meta property=\"og:image\" content=\"https:\/\/socialdesignmagazine.com\/mag\/products-selection\/wp-content\/uploads\/sites\/2\/2020\/12\/Pouf-Gelee-Grand-Grigio-Slide-Roberto-Paoli.jpg\" \/>\n\t<meta property=\"og:image:width\" content=\"700\" \/>\n\t<meta property=\"og:image:height\" content=\"700\" \/>\n\t<meta property=\"og:image:type\" content=\"image\/jpeg\" \/>\n<meta name=\"twitter:card\" content=\"summary_large_image\" \/>\n<meta name=\"twitter:site\" content=\"@socialdesignmag\" \/>\n<script type=\"application\/ld+json\" class=\"yoast-schema-graph\">{\"@context\":\"https:\/\/schema.org\",\"@graph\":[{\"@type\":\"WebPage\",\"@id\":\"https:\/\/socialdesignmagazine.com\/mag\/products-selection\/product\/pouf-gelee-grand-grigio-design-roberto-paoli-for-slide\/\",\"url\":\"https:\/\/socialdesignmagazine.com\/mag\/products-selection\/product\/pouf-gelee-grand-grigio-design-roberto-paoli-for-slide\/\",\"name\":\"Pouf Gelee Grand Grigio design Roberto Paoli for Slide - SDM Product Selection\",\"isPartOf\":{\"@id\":\"https:\/\/socialdesignmagazine.com\/mag\/products-selection\/#website\"},\"primaryImageOfPage\":{\"@id\":\"https:\/\/socialdesignmagazine.com\/mag\/products-selection\/product\/pouf-gelee-grand-grigio-design-roberto-paoli-for-slide\/#primaryimage\"},\"image\":{\"@id\":\"https:\/\/socialdesignmagazine.com\/mag\/products-selection\/product\/pouf-gelee-grand-grigio-design-roberto-paoli-for-slide\/#primaryimage\"},\"thumbnailUrl\":\"https:\/\/socialdesignmagazine.com\/mag\/products-selection\/wp-content\/uploads\/sites\/2\/2020\/12\/Pouf-Gelee-Grand-Grigio-Slide-Roberto-Paoli.jpg\",\"datePublished\":\"2020-10-16T20:43:37+00:00\",\"dateModified\":\"2020-12-25T15:06:38+00:00\",\"description\":\"Il pouf GEL\u00c9E GRAND \u00e8 il secondo elemento della collezione nato dalla fantasia e dalla profonda conoscenza dei materiali del designer Roberto Paoli.\",\"breadcrumb\":{\"@id\":\"https:\/\/socialdesignmagazine.com\/mag\/products-selection\/product\/pouf-gelee-grand-grigio-design-roberto-paoli-for-slide\/#breadcrumb\"},\"inLanguage\":\"it-IT\",\"potentialAction\":[{\"@type\":\"ReadAction\",\"target\":[\"https:\/\/socialdesignmagazine.com\/mag\/products-selection\/product\/pouf-gelee-grand-grigio-design-roberto-paoli-for-slide\/\"]}]},{\"@type\":\"ImageObject\",\"inLanguage\":\"it-IT\",\"@id\":\"https:\/\/socialdesignmagazine.com\/mag\/products-selection\/product\/pouf-gelee-grand-grigio-design-roberto-paoli-for-slide\/#primaryimage\",\"url\":\"https:\/\/socialdesignmagazine.com\/mag\/products-selection\/wp-content\/uploads\/sites\/2\/2020\/12\/Pouf-Gelee-Grand-Grigio-Slide-Roberto-Paoli.jpg\",\"contentUrl\":\"https:\/\/socialdesignmagazine.com\/mag\/products-selection\/wp-content\/uploads\/sites\/2\/2020\/12\/Pouf-Gelee-Grand-Grigio-Slide-Roberto-Paoli.jpg\",\"width\":700,\"height\":700,\"caption\":\"Pouf Gelee Grand Grigio Slide Roberto Paoli 1\"},{\"@type\":\"BreadcrumbList\",\"@id\":\"https:\/\/socialdesignmagazine.com\/mag\/products-selection\/product\/pouf-gelee-grand-grigio-design-roberto-paoli-for-slide\/#breadcrumb\",\"itemListElement\":[{\"@type\":\"ListItem\",\"position\":1,\"name\":\"Home\",\"item\":\"https:\/\/socialdesignmagazine.com\/mag\/products-selection\/\"},{\"@type\":\"ListItem\",\"position\":2,\"name\":\"Tutti i prodotti\",\"item\":\"https:\/\/socialdesignmagazine.com\/mag\/products-selection\/tutti-i-prodotti\/\"},{\"@type\":\"ListItem\",\"position\":3,\"name\":\"Pouf Gelee Grand Grigio design Roberto Paoli for Slide\"}]},{\"@type\":\"WebSite\",\"@id\":\"https:\/\/socialdesignmagazine.com\/mag\/products-selection\/#website\",\"url\":\"https:\/\/socialdesignmagazine.com\/mag\/products-selection\/\",\"name\":\"SDM Product Selection\",\"description\":\"Una selezioni di prodotti dei brand pi\u00f9 interessanti per arredare e progettare\",\"publisher\":{\"@id\":\"https:\/\/socialdesignmagazine.com\/mag\/products-selection\/#organization\"},\"potentialAction\":[{\"@type\":\"SearchAction\",\"target\":{\"@type\":\"EntryPoint\",\"urlTemplate\":\"https:\/\/socialdesignmagazine.com\/mag\/products-selection\/?s={search_term_string}\"},\"query-input\":{\"@type\":\"PropertyValueSpecification\",\"valueRequired\":true,\"valueName\":\"search_term_string\"}}],\"inLanguage\":\"it-IT\"},{\"@type\":\"Organization\",\"@id\":\"https:\/\/socialdesignmagazine.com\/mag\/products-selection\/#organization\",\"name\":\"Social Design Magazine\",\"url\":\"https:\/\/socialdesignmagazine.com\/mag\/products-selection\/\",\"logo\":{\"@type\":\"ImageObject\",\"inLanguage\":\"it-IT\",\"@id\":\"https:\/\/socialdesignmagazine.com\/mag\/products-selection\/#\/schema\/logo\/image\/\",\"url\":\"https:\/\/socialdesignmagazine.com\/mag\/products-selection\/wp-content\/uploads\/sites\/2\/2015\/05\/social-design-magazine-logo.png\",\"contentUrl\":\"https:\/\/socialdesignmagazine.com\/mag\/products-selection\/wp-content\/uploads\/sites\/2\/2015\/05\/social-design-magazine-logo.png\",\"width\":251,\"height\":101,\"caption\":\"Social Design Magazine\"},\"image\":{\"@id\":\"https:\/\/socialdesignmagazine.com\/mag\/products-selection\/#\/schema\/logo\/image\/\"},\"sameAs\":[\"https:\/\/www.facebook.com\/socialdesignmag\",\"https:\/\/x.com\/socialdesignmag\",\"http:\/\/instagram.com\/social_design_magazine\/\",\"http:\/\/pinterest.com\/socialdesignmag\/\",\"http:\/\/www.youtube.com\/user\/socialdesignmagazine\"]}]}<\/script>\n<!-- \/ Yoast SEO plugin. -->","yoast_head_json":{"title":"Pouf Gelee Grand Grigio design Roberto Paoli for Slide - SDM Product Selection","description":"Il pouf GEL\u00c9E GRAND \u00e8 il secondo elemento della collezione nato dalla fantasia e dalla profonda conoscenza dei materiali del designer Roberto Paoli.","robots":{"index":"index","follow":"follow","max-snippet":"max-snippet:-1","max-image-preview":"max-image-preview:large","max-video-preview":"max-video-preview:-1"},"canonical":"https:\/\/socialdesignmagazine.com\/mag\/products-selection\/product\/pouf-gelee-grand-grigio-design-roberto-paoli-for-slide\/","og_locale":"it_IT","og_type":"article","og_title":"Pouf Gelee Grand Grigio design Roberto Paoli for Slide - SDM Product Selection","og_description":"Il pouf GEL\u00c9E GRAND \u00e8 il secondo elemento della collezione nato dalla fantasia e dalla profonda conoscenza dei materiali del designer Roberto Paoli.","og_url":"https:\/\/socialdesignmagazine.com\/mag\/products-selection\/product\/pouf-gelee-grand-grigio-design-roberto-paoli-for-slide\/","og_site_name":"SDM Product Selection","article_publisher":"https:\/\/www.facebook.com\/socialdesignmag","article_modified_time":"2020-12-25T15:06:38+00:00","og_image":[{"width":700,"height":700,"url":"https:\/\/socialdesignmagazine.com\/mag\/products-selection\/wp-content\/uploads\/sites\/2\/2020\/12\/Pouf-Gelee-Grand-Grigio-Slide-Roberto-Paoli.jpg","type":"image\/jpeg"}],"twitter_card":"summary_large_image","twitter_site":"@socialdesignmag","schema":{"@context":"https:\/\/schema.org","@graph":[{"@type":"WebPage","@id":"https:\/\/socialdesignmagazine.com\/mag\/products-selection\/product\/pouf-gelee-grand-grigio-design-roberto-paoli-for-slide\/","url":"https:\/\/socialdesignmagazine.com\/mag\/products-selection\/product\/pouf-gelee-grand-grigio-design-roberto-paoli-for-slide\/","name":"Pouf Gelee Grand Grigio design Roberto Paoli for Slide - SDM Product Selection","isPartOf":{"@id":"https:\/\/socialdesignmagazine.com\/mag\/products-selection\/#website"},"primaryImageOfPage":{"@id":"https:\/\/socialdesignmagazine.com\/mag\/products-selection\/product\/pouf-gelee-grand-grigio-design-roberto-paoli-for-slide\/#primaryimage"},"image":{"@id":"https:\/\/socialdesignmagazine.com\/mag\/products-selection\/product\/pouf-gelee-grand-grigio-design-roberto-paoli-for-slide\/#primaryimage"},"thumbnailUrl":"https:\/\/socialdesignmagazine.com\/mag\/products-selection\/wp-content\/uploads\/sites\/2\/2020\/12\/Pouf-Gelee-Grand-Grigio-Slide-Roberto-Paoli.jpg","datePublished":"2020-10-16T20:43:37+00:00","dateModified":"2020-12-25T15:06:38+00:00","description":"Il pouf GEL\u00c9E GRAND \u00e8 il secondo elemento della collezione nato dalla fantasia e dalla profonda conoscenza dei materiali del designer Roberto Paoli.","breadcrumb":{"@id":"https:\/\/socialdesignmagazine.com\/mag\/products-selection\/product\/pouf-gelee-grand-grigio-design-roberto-paoli-for-slide\/#breadcrumb"},"inLanguage":"it-IT","potentialAction":[{"@type":"ReadAction","target":["https:\/\/socialdesignmagazine.com\/mag\/products-selection\/product\/pouf-gelee-grand-grigio-design-roberto-paoli-for-slide\/"]}]},{"@type":"ImageObject","inLanguage":"it-IT","@id":"https:\/\/socialdesignmagazine.com\/mag\/products-selection\/product\/pouf-gelee-grand-grigio-design-roberto-paoli-for-slide\/#primaryimage","url":"https:\/\/socialdesignmagazine.com\/mag\/products-selection\/wp-content\/uploads\/sites\/2\/2020\/12\/Pouf-Gelee-Grand-Grigio-Slide-Roberto-Paoli.jpg","contentUrl":"https:\/\/socialdesignmagazine.com\/mag\/products-selection\/wp-content\/uploads\/sites\/2\/2020\/12\/Pouf-Gelee-Grand-Grigio-Slide-Roberto-Paoli.jpg","width":700,"height":700,"caption":"Pouf Gelee Grand Grigio Slide Roberto Paoli 1"},{"@type":"BreadcrumbList","@id":"https:\/\/socialdesignmagazine.com\/mag\/products-selection\/product\/pouf-gelee-grand-grigio-design-roberto-paoli-for-slide\/#breadcrumb","itemListElement":[{"@type":"ListItem","position":1,"name":"Home","item":"https:\/\/socialdesignmagazine.com\/mag\/products-selection\/"},{"@type":"ListItem","position":2,"name":"Tutti i prodotti","item":"https:\/\/socialdesignmagazine.com\/mag\/products-selection\/tutti-i-prodotti\/"},{"@type":"ListItem","position":3,"name":"Pouf Gelee Grand Grigio design Roberto Paoli for Slide"}]},{"@type":"WebSite","@id":"https:\/\/socialdesignmagazine.com\/mag\/products-selection\/#website","url":"https:\/\/socialdesignmagazine.com\/mag\/products-selection\/","name":"SDM Product Selection","description":"Una selezioni di prodotti dei brand pi\u00f9 interessanti per arredare e progettare","publisher":{"@id":"https:\/\/socialdesignmagazine.com\/mag\/products-selection\/#organization"},"potentialAction":[{"@type":"SearchAction","target":{"@type":"EntryPoint","urlTemplate":"https:\/\/socialdesignmagazine.com\/mag\/products-selection\/?s={search_term_string}"},"query-input":{"@type":"PropertyValueSpecification","valueRequired":true,"valueName":"search_term_string"}}],"inLanguage":"it-IT"},{"@type":"Organization","@id":"https:\/\/socialdesignmagazine.com\/mag\/products-selection\/#organization","name":"Social Design Magazine","url":"https:\/\/socialdesignmagazine.com\/mag\/products-selection\/","logo":{"@type":"ImageObject","inLanguage":"it-IT","@id":"https:\/\/socialdesignmagazine.com\/mag\/products-selection\/#\/schema\/logo\/image\/","url":"https:\/\/socialdesignmagazine.com\/mag\/products-selection\/wp-content\/uploads\/sites\/2\/2015\/05\/social-design-magazine-logo.png","contentUrl":"https:\/\/socialdesignmagazine.com\/mag\/products-selection\/wp-content\/uploads\/sites\/2\/2015\/05\/social-design-magazine-logo.png","width":251,"height":101,"caption":"Social Design Magazine"},"image":{"@id":"https:\/\/socialdesignmagazine.com\/mag\/products-selection\/#\/schema\/logo\/image\/"},"sameAs":["https:\/\/www.facebook.com\/socialdesignmag","https:\/\/x.com\/socialdesignmag","http:\/\/instagram.com\/social_design_magazine\/","http:\/\/pinterest.com\/socialdesignmag\/","http:\/\/www.youtube.com\/user\/socialdesignmagazine"]}]}},"jetpack_publicize_connections":[],"jetpack_sharing_enabled":true,"brands":[{"id":2496,"name":"Slide","slug":"slide"}],"_links":{"self":[{"href":"https:\/\/socialdesignmagazine.com\/mag\/products-selection\/wp-json\/wp\/v2\/product\/127545","targetHints":{"allow":["GET"]}}],"collection":[{"href":"https:\/\/socialdesignmagazine.com\/mag\/products-selection\/wp-json\/wp\/v2\/product"}],"about":[{"href":"https:\/\/socialdesignmagazine.com\/mag\/products-selection\/wp-json\/wp\/v2\/types\/product"}],"wp:featuredmedia":[{"embeddable":true,"href":"https:\/\/socialdesignmagazine.com\/mag\/products-selection\/wp-json\/wp\/v2\/media\/135251"}],"wp:attachment":[{"href":"https:\/\/socialdesignmagazine.com\/mag\/products-selection\/wp-json\/wp\/v2\/media?parent=127545"}],"wp:term":[{"taxonomy":"pwb-brand","embeddable":true,"href":"https:\/\/socialdesignmagazine.com\/mag\/products-selection\/wp-json\/wp\/v2\/pwb-brand?post=127545"},{"taxonomy":"product_brand","embeddable":true,"href":"https:\/\/socialdesignmagazine.com\/mag\/products-selection\/wp-json\/wp\/v2\/product_brand?post=127545"},{"taxonomy":"product_cat","embeddable":true,"href":"https:\/\/socialdesignmagazine.com\/mag\/products-selection\/wp-json\/wp\/v2\/product_cat?post=127545"},{"taxonomy":"product_tag","embeddable":true,"href":"https:\/\/socialdesignmagazine.com\/mag\/products-selection\/wp-json\/wp\/v2\/product_tag?post=127545"}],"curies":[{"name":"wp","href":"https:\/\/api.w.org\/{rel}","templated":true}]}}