{"id":128976,"date":"2020-11-04T21:37:56","date_gmt":"2020-11-04T20:37:56","guid":{"rendered":"https:\/\/socialdesignmagazine.com\/mag\/products-selection\/?post_type=product&#038;p=128976"},"modified":"2023-11-20T00:21:31","modified_gmt":"2023-11-19T23:21:31","slug":"lampada-da-soffitto-skygarden-bianco-design-marcel-wanders-for-flos","status":"publish","type":"product","link":"https:\/\/socialdesignmagazine.com\/mag\/products-selection\/product\/lampada-da-soffitto-skygarden-bianco-design-marcel-wanders-for-flos\/","title":{"rendered":"Lampada Da Soffitto Skygarden Bianco design Marcel Wanders for Flos"},"content":{"rendered":"<p>Questa plafoniera si iscrive nella linea della celebre sospensione Skygarden, vera e propria icona del design fin dalla sua presentazione al salone di Milano 2007. Skygarden \u00e8 un vero capolavoro che ci immerge in un universo di estrema raffinatezza. La grande cupola (\u00d8 30 cm x H 22,5 cm) in lega d&#8217;alluminio si incastra nel controsoffitto. Il diffusore interno in vetro opalino \u00e8 ricoperto di un pizzo barocco in acciaio. Per realizzare questa straordinaria plafoniera, il designer Marcel Wanders si \u00e8 ispirato ai fregi che decorano i soffitti della casa d&#8217;infanzia su quali adorava osservare i giochi di luce. Skygarden offre un&#8217;illuminazione che non \u00e8 abbagliante. Pu\u00f2 essere facilmente posizionato al di sopra di un tavoo senza abbagliare gli ospiti. Il diffusore crea spendide proiezioni d&#8217;ombra&#8230; Sar\u00e0 irresistibile l&#8217;effetto magico di Skygarden! L&#8217;istallazione di questa plafoniera per essere fissata necessita di uno spazio minimo al di sopra del controsoffitto di 24 cm. Si deve prevedere un&#8217;installazione realizzata da personale specializzato e un quadrato per l&#8217;incasso di 41 cm x 41 cm. Una fiche di montaggio \u00e8 in dotazione. Lampadina alogena (non in dotazione) : 1 x max 50W-12V GY6,35 &#8211; Da incastrare ad un controsoffitto (spazio minimo necessario al di sotto del controsoffitto: 24 cm) &#8211; Trasformatore non in dotazione &#8211; Foglio illustrativo per il montaggio, incluso.<\/p>\n","protected":false},"excerpt":{"rendered":"<p>Skygarden \u00e8 un vero e proprio capolavoro che ci immerge in un universo di estrema raffinatezza con la sua sontuosa decorazione in gesso bianco.<\/p>\n","protected":false},"featured_media":141293,"template":"","meta":{"_acf_changed":false,"jetpack_post_was_ever_published":false,"jetpack_publicize_message":"","jetpack_publicize_feature_enabled":true,"jetpack_social_post_already_shared":false,"jetpack_social_options":{"image_generator_settings":{"template":"highway","default_image_id":0,"font":"","enabled":false},"version":2}},"pwb-brand":[1427],"product_brand":[],"product_cat":[607,312,598,830],"product_tag":[599],"class_list":{"0":"post-128976","1":"product","2":"type-product","3":"status-publish","4":"has-post-thumbnail","6":"pwb-brand-flos","7":"product_cat-designers","8":"product_cat-illuminazione","9":"product_cat-lampada-da-soffitto","10":"product_cat-marcel-wanders","11":"product_tag-lampada-da-soffitto","12":"pa_altezza-225-mm","13":"pa_colore-bianco","14":"pa_designer-marcel-wanders","15":"pa_downloads-2d","16":"pa_downloads-3d","17":"pa_downloads-pdf","18":"pa_larghezza-300-mm","19":"pa_materiale-alluminio","20":"pa_materiale-gesso","21":"pa_produttore-flos","22":"pa_profondita-300-mm","23":"pa_serie-skygarden","24":"pa_tipo-di-prodotto-lampada-da-soffitto","26":"first","27":"instock","28":"product-type-external"},"acf":[],"yoast_head":"<!-- This site is optimized with the Yoast SEO plugin v27.2 - https:\/\/yoast.com\/product\/yoast-seo-wordpress\/ -->\n<title>Lampada Da Soffitto Skygarden Bianco design Marcel Wanders for Flos - SDM Product Selection<\/title>\n<meta name=\"description\" content=\"Skygarden \u00e8 un vero e proprio capolavoro che ci immerge in un universo di estrema raffinatezza con la sua sontuosa decorazione in gesso bianco.\" \/>\n<meta name=\"robots\" content=\"index, follow, max-snippet:-1, max-image-preview:large, max-video-preview:-1\" \/>\n<link rel=\"canonical\" href=\"https:\/\/socialdesignmagazine.com\/mag\/products-selection\/product\/lampada-da-soffitto-skygarden-bianco-design-marcel-wanders-for-flos\/\" \/>\n<meta property=\"og:locale\" content=\"it_IT\" \/>\n<meta property=\"og:type\" content=\"article\" \/>\n<meta property=\"og:title\" content=\"Lampada Da Soffitto Skygarden Bianco design Marcel Wanders for Flos - SDM Product Selection\" \/>\n<meta property=\"og:description\" content=\"Skygarden \u00e8 un vero e proprio capolavoro che ci immerge in un universo di estrema raffinatezza con la sua sontuosa decorazione in gesso bianco.\" \/>\n<meta property=\"og:url\" content=\"https:\/\/socialdesignmagazine.com\/mag\/products-selection\/product\/lampada-da-soffitto-skygarden-bianco-design-marcel-wanders-for-flos\/\" \/>\n<meta property=\"og:site_name\" content=\"SDM Product Selection\" \/>\n<meta property=\"article:publisher\" content=\"https:\/\/www.facebook.com\/socialdesignmag\" \/>\n<meta property=\"article:modified_time\" content=\"2023-11-19T23:21:31+00:00\" \/>\n<meta property=\"og:image\" content=\"https:\/\/socialdesignmagazine.com\/mag\/products-selection\/wp-content\/uploads\/sites\/2\/2023\/02\/Lampada-Da-Soffitto-Skygarden-Bianco-Flos-Marcel-Wanders.jpg\" \/>\n\t<meta property=\"og:image:width\" content=\"1674\" \/>\n\t<meta property=\"og:image:height\" content=\"1241\" \/>\n\t<meta property=\"og:image:type\" content=\"image\/jpeg\" \/>\n<meta name=\"twitter:card\" content=\"summary_large_image\" \/>\n<meta name=\"twitter:site\" content=\"@socialdesignmag\" \/>\n<meta name=\"twitter:label1\" content=\"Tempo di lettura stimato\" \/>\n\t<meta name=\"twitter:data1\" content=\"1 minuto\" \/>\n<script type=\"application\/ld+json\" class=\"yoast-schema-graph\">{\"@context\":\"https:\/\/schema.org\",\"@graph\":[{\"@type\":\"WebPage\",\"@id\":\"https:\/\/socialdesignmagazine.com\/mag\/products-selection\/product\/lampada-da-soffitto-skygarden-bianco-design-marcel-wanders-for-flos\/\",\"url\":\"https:\/\/socialdesignmagazine.com\/mag\/products-selection\/product\/lampada-da-soffitto-skygarden-bianco-design-marcel-wanders-for-flos\/\",\"name\":\"Lampada Da Soffitto Skygarden Bianco design Marcel Wanders for Flos - SDM Product Selection\",\"isPartOf\":{\"@id\":\"https:\/\/socialdesignmagazine.com\/mag\/products-selection\/#website\"},\"primaryImageOfPage\":{\"@id\":\"https:\/\/socialdesignmagazine.com\/mag\/products-selection\/product\/lampada-da-soffitto-skygarden-bianco-design-marcel-wanders-for-flos\/#primaryimage\"},\"image\":{\"@id\":\"https:\/\/socialdesignmagazine.com\/mag\/products-selection\/product\/lampada-da-soffitto-skygarden-bianco-design-marcel-wanders-for-flos\/#primaryimage\"},\"thumbnailUrl\":\"https:\/\/socialdesignmagazine.com\/mag\/products-selection\/wp-content\/uploads\/sites\/2\/2023\/02\/Lampada-Da-Soffitto-Skygarden-Bianco-Flos-Marcel-Wanders.jpg\",\"datePublished\":\"2020-11-04T20:37:56+00:00\",\"dateModified\":\"2023-11-19T23:21:31+00:00\",\"description\":\"Skygarden \u00e8 un vero e proprio capolavoro che ci immerge in un universo di estrema raffinatezza con la sua sontuosa decorazione in gesso bianco.\",\"breadcrumb\":{\"@id\":\"https:\/\/socialdesignmagazine.com\/mag\/products-selection\/product\/lampada-da-soffitto-skygarden-bianco-design-marcel-wanders-for-flos\/#breadcrumb\"},\"inLanguage\":\"it-IT\",\"potentialAction\":[{\"@type\":\"ReadAction\",\"target\":[\"https:\/\/socialdesignmagazine.com\/mag\/products-selection\/product\/lampada-da-soffitto-skygarden-bianco-design-marcel-wanders-for-flos\/\"]}]},{\"@type\":\"ImageObject\",\"inLanguage\":\"it-IT\",\"@id\":\"https:\/\/socialdesignmagazine.com\/mag\/products-selection\/product\/lampada-da-soffitto-skygarden-bianco-design-marcel-wanders-for-flos\/#primaryimage\",\"url\":\"https:\/\/socialdesignmagazine.com\/mag\/products-selection\/wp-content\/uploads\/sites\/2\/2023\/02\/Lampada-Da-Soffitto-Skygarden-Bianco-Flos-Marcel-Wanders.jpg\",\"contentUrl\":\"https:\/\/socialdesignmagazine.com\/mag\/products-selection\/wp-content\/uploads\/sites\/2\/2023\/02\/Lampada-Da-Soffitto-Skygarden-Bianco-Flos-Marcel-Wanders.jpg\",\"width\":1674,\"height\":1241,\"caption\":\"Lampada Da Soffitto Skygarden Bianco Flos Marcel Wanders\"},{\"@type\":\"BreadcrumbList\",\"@id\":\"https:\/\/socialdesignmagazine.com\/mag\/products-selection\/product\/lampada-da-soffitto-skygarden-bianco-design-marcel-wanders-for-flos\/#breadcrumb\",\"itemListElement\":[{\"@type\":\"ListItem\",\"position\":1,\"name\":\"Home\",\"item\":\"https:\/\/socialdesignmagazine.com\/mag\/products-selection\/\"},{\"@type\":\"ListItem\",\"position\":2,\"name\":\"Tutti i prodotti\",\"item\":\"https:\/\/socialdesignmagazine.com\/mag\/products-selection\/tutti-i-prodotti\/\"},{\"@type\":\"ListItem\",\"position\":3,\"name\":\"Lampada Da Soffitto Skygarden Bianco design Marcel Wanders for Flos\"}]},{\"@type\":\"WebSite\",\"@id\":\"https:\/\/socialdesignmagazine.com\/mag\/products-selection\/#website\",\"url\":\"https:\/\/socialdesignmagazine.com\/mag\/products-selection\/\",\"name\":\"SDM Product Selection\",\"description\":\"Una selezioni di prodotti dei brand pi\u00f9 interessanti per arredare e progettare\",\"publisher\":{\"@id\":\"https:\/\/socialdesignmagazine.com\/mag\/products-selection\/#organization\"},\"potentialAction\":[{\"@type\":\"SearchAction\",\"target\":{\"@type\":\"EntryPoint\",\"urlTemplate\":\"https:\/\/socialdesignmagazine.com\/mag\/products-selection\/?s={search_term_string}\"},\"query-input\":{\"@type\":\"PropertyValueSpecification\",\"valueRequired\":true,\"valueName\":\"search_term_string\"}}],\"inLanguage\":\"it-IT\"},{\"@type\":\"Organization\",\"@id\":\"https:\/\/socialdesignmagazine.com\/mag\/products-selection\/#organization\",\"name\":\"Social Design Magazine\",\"url\":\"https:\/\/socialdesignmagazine.com\/mag\/products-selection\/\",\"logo\":{\"@type\":\"ImageObject\",\"inLanguage\":\"it-IT\",\"@id\":\"https:\/\/socialdesignmagazine.com\/mag\/products-selection\/#\/schema\/logo\/image\/\",\"url\":\"https:\/\/socialdesignmagazine.com\/mag\/products-selection\/wp-content\/uploads\/sites\/2\/2015\/05\/social-design-magazine-logo.png\",\"contentUrl\":\"https:\/\/socialdesignmagazine.com\/mag\/products-selection\/wp-content\/uploads\/sites\/2\/2015\/05\/social-design-magazine-logo.png\",\"width\":251,\"height\":101,\"caption\":\"Social Design Magazine\"},\"image\":{\"@id\":\"https:\/\/socialdesignmagazine.com\/mag\/products-selection\/#\/schema\/logo\/image\/\"},\"sameAs\":[\"https:\/\/www.facebook.com\/socialdesignmag\",\"https:\/\/x.com\/socialdesignmag\",\"http:\/\/instagram.com\/social_design_magazine\/\",\"http:\/\/pinterest.com\/socialdesignmag\/\",\"http:\/\/www.youtube.com\/user\/socialdesignmagazine\"]}]}<\/script>\n<!-- \/ Yoast SEO plugin. -->","yoast_head_json":{"title":"Lampada Da Soffitto Skygarden Bianco design Marcel Wanders for Flos - SDM Product Selection","description":"Skygarden \u00e8 un vero e proprio capolavoro che ci immerge in un universo di estrema raffinatezza con la sua sontuosa decorazione in gesso bianco.","robots":{"index":"index","follow":"follow","max-snippet":"max-snippet:-1","max-image-preview":"max-image-preview:large","max-video-preview":"max-video-preview:-1"},"canonical":"https:\/\/socialdesignmagazine.com\/mag\/products-selection\/product\/lampada-da-soffitto-skygarden-bianco-design-marcel-wanders-for-flos\/","og_locale":"it_IT","og_type":"article","og_title":"Lampada Da Soffitto Skygarden Bianco design Marcel Wanders for Flos - SDM Product Selection","og_description":"Skygarden \u00e8 un vero e proprio capolavoro che ci immerge in un universo di estrema raffinatezza con la sua sontuosa decorazione in gesso bianco.","og_url":"https:\/\/socialdesignmagazine.com\/mag\/products-selection\/product\/lampada-da-soffitto-skygarden-bianco-design-marcel-wanders-for-flos\/","og_site_name":"SDM Product Selection","article_publisher":"https:\/\/www.facebook.com\/socialdesignmag","article_modified_time":"2023-11-19T23:21:31+00:00","og_image":[{"width":1674,"height":1241,"url":"https:\/\/socialdesignmagazine.com\/mag\/products-selection\/wp-content\/uploads\/sites\/2\/2023\/02\/Lampada-Da-Soffitto-Skygarden-Bianco-Flos-Marcel-Wanders.jpg","type":"image\/jpeg"}],"twitter_card":"summary_large_image","twitter_site":"@socialdesignmag","twitter_misc":{"Tempo di lettura stimato":"1 minuto"},"schema":{"@context":"https:\/\/schema.org","@graph":[{"@type":"WebPage","@id":"https:\/\/socialdesignmagazine.com\/mag\/products-selection\/product\/lampada-da-soffitto-skygarden-bianco-design-marcel-wanders-for-flos\/","url":"https:\/\/socialdesignmagazine.com\/mag\/products-selection\/product\/lampada-da-soffitto-skygarden-bianco-design-marcel-wanders-for-flos\/","name":"Lampada Da Soffitto Skygarden Bianco design Marcel Wanders for Flos - SDM Product Selection","isPartOf":{"@id":"https:\/\/socialdesignmagazine.com\/mag\/products-selection\/#website"},"primaryImageOfPage":{"@id":"https:\/\/socialdesignmagazine.com\/mag\/products-selection\/product\/lampada-da-soffitto-skygarden-bianco-design-marcel-wanders-for-flos\/#primaryimage"},"image":{"@id":"https:\/\/socialdesignmagazine.com\/mag\/products-selection\/product\/lampada-da-soffitto-skygarden-bianco-design-marcel-wanders-for-flos\/#primaryimage"},"thumbnailUrl":"https:\/\/socialdesignmagazine.com\/mag\/products-selection\/wp-content\/uploads\/sites\/2\/2023\/02\/Lampada-Da-Soffitto-Skygarden-Bianco-Flos-Marcel-Wanders.jpg","datePublished":"2020-11-04T20:37:56+00:00","dateModified":"2023-11-19T23:21:31+00:00","description":"Skygarden \u00e8 un vero e proprio capolavoro che ci immerge in un universo di estrema raffinatezza con la sua sontuosa decorazione in gesso bianco.","breadcrumb":{"@id":"https:\/\/socialdesignmagazine.com\/mag\/products-selection\/product\/lampada-da-soffitto-skygarden-bianco-design-marcel-wanders-for-flos\/#breadcrumb"},"inLanguage":"it-IT","potentialAction":[{"@type":"ReadAction","target":["https:\/\/socialdesignmagazine.com\/mag\/products-selection\/product\/lampada-da-soffitto-skygarden-bianco-design-marcel-wanders-for-flos\/"]}]},{"@type":"ImageObject","inLanguage":"it-IT","@id":"https:\/\/socialdesignmagazine.com\/mag\/products-selection\/product\/lampada-da-soffitto-skygarden-bianco-design-marcel-wanders-for-flos\/#primaryimage","url":"https:\/\/socialdesignmagazine.com\/mag\/products-selection\/wp-content\/uploads\/sites\/2\/2023\/02\/Lampada-Da-Soffitto-Skygarden-Bianco-Flos-Marcel-Wanders.jpg","contentUrl":"https:\/\/socialdesignmagazine.com\/mag\/products-selection\/wp-content\/uploads\/sites\/2\/2023\/02\/Lampada-Da-Soffitto-Skygarden-Bianco-Flos-Marcel-Wanders.jpg","width":1674,"height":1241,"caption":"Lampada Da Soffitto Skygarden Bianco Flos Marcel Wanders"},{"@type":"BreadcrumbList","@id":"https:\/\/socialdesignmagazine.com\/mag\/products-selection\/product\/lampada-da-soffitto-skygarden-bianco-design-marcel-wanders-for-flos\/#breadcrumb","itemListElement":[{"@type":"ListItem","position":1,"name":"Home","item":"https:\/\/socialdesignmagazine.com\/mag\/products-selection\/"},{"@type":"ListItem","position":2,"name":"Tutti i prodotti","item":"https:\/\/socialdesignmagazine.com\/mag\/products-selection\/tutti-i-prodotti\/"},{"@type":"ListItem","position":3,"name":"Lampada Da Soffitto Skygarden Bianco design Marcel Wanders for Flos"}]},{"@type":"WebSite","@id":"https:\/\/socialdesignmagazine.com\/mag\/products-selection\/#website","url":"https:\/\/socialdesignmagazine.com\/mag\/products-selection\/","name":"SDM Product Selection","description":"Una selezioni di prodotti dei brand pi\u00f9 interessanti per arredare e progettare","publisher":{"@id":"https:\/\/socialdesignmagazine.com\/mag\/products-selection\/#organization"},"potentialAction":[{"@type":"SearchAction","target":{"@type":"EntryPoint","urlTemplate":"https:\/\/socialdesignmagazine.com\/mag\/products-selection\/?s={search_term_string}"},"query-input":{"@type":"PropertyValueSpecification","valueRequired":true,"valueName":"search_term_string"}}],"inLanguage":"it-IT"},{"@type":"Organization","@id":"https:\/\/socialdesignmagazine.com\/mag\/products-selection\/#organization","name":"Social Design Magazine","url":"https:\/\/socialdesignmagazine.com\/mag\/products-selection\/","logo":{"@type":"ImageObject","inLanguage":"it-IT","@id":"https:\/\/socialdesignmagazine.com\/mag\/products-selection\/#\/schema\/logo\/image\/","url":"https:\/\/socialdesignmagazine.com\/mag\/products-selection\/wp-content\/uploads\/sites\/2\/2015\/05\/social-design-magazine-logo.png","contentUrl":"https:\/\/socialdesignmagazine.com\/mag\/products-selection\/wp-content\/uploads\/sites\/2\/2015\/05\/social-design-magazine-logo.png","width":251,"height":101,"caption":"Social Design Magazine"},"image":{"@id":"https:\/\/socialdesignmagazine.com\/mag\/products-selection\/#\/schema\/logo\/image\/"},"sameAs":["https:\/\/www.facebook.com\/socialdesignmag","https:\/\/x.com\/socialdesignmag","http:\/\/instagram.com\/social_design_magazine\/","http:\/\/pinterest.com\/socialdesignmag\/","http:\/\/www.youtube.com\/user\/socialdesignmagazine"]}]}},"jetpack_publicize_connections":[],"jetpack_sharing_enabled":true,"brands":[{"id":1427,"name":"Flos","slug":"flos"}],"_links":{"self":[{"href":"https:\/\/socialdesignmagazine.com\/mag\/products-selection\/wp-json\/wp\/v2\/product\/128976","targetHints":{"allow":["GET"]}}],"collection":[{"href":"https:\/\/socialdesignmagazine.com\/mag\/products-selection\/wp-json\/wp\/v2\/product"}],"about":[{"href":"https:\/\/socialdesignmagazine.com\/mag\/products-selection\/wp-json\/wp\/v2\/types\/product"}],"wp:featuredmedia":[{"embeddable":true,"href":"https:\/\/socialdesignmagazine.com\/mag\/products-selection\/wp-json\/wp\/v2\/media\/141293"}],"wp:attachment":[{"href":"https:\/\/socialdesignmagazine.com\/mag\/products-selection\/wp-json\/wp\/v2\/media?parent=128976"}],"wp:term":[{"taxonomy":"pwb-brand","embeddable":true,"href":"https:\/\/socialdesignmagazine.com\/mag\/products-selection\/wp-json\/wp\/v2\/pwb-brand?post=128976"},{"taxonomy":"product_brand","embeddable":true,"href":"https:\/\/socialdesignmagazine.com\/mag\/products-selection\/wp-json\/wp\/v2\/product_brand?post=128976"},{"taxonomy":"product_cat","embeddable":true,"href":"https:\/\/socialdesignmagazine.com\/mag\/products-selection\/wp-json\/wp\/v2\/product_cat?post=128976"},{"taxonomy":"product_tag","embeddable":true,"href":"https:\/\/socialdesignmagazine.com\/mag\/products-selection\/wp-json\/wp\/v2\/product_tag?post=128976"}],"curies":[{"name":"wp","href":"https:\/\/api.w.org\/{rel}","templated":true}]}}