{"id":130747,"date":"2020-11-28T13:36:40","date_gmt":"2020-11-28T12:36:40","guid":{"rendered":"https:\/\/socialdesignmagazine.com\/mag\/products-selection\/?post_type=product&#038;p=130747"},"modified":"2023-11-20T00:16:34","modified_gmt":"2023-11-19T23:16:34","slug":"lampada-da-terra-superarchimoon-alluminiotessuto-design-philippe-starck-for-flos","status":"publish","type":"product","link":"https:\/\/socialdesignmagazine.com\/mag\/products-selection\/product\/lampada-da-terra-superarchimoon-alluminiotessuto-design-philippe-starck-for-flos\/","title":{"rendered":"Lampada Da Terra Superarchimoon Alluminio|Tessuto design Philippe Starck for Flos"},"content":{"rendered":"<p>Veramente eccezionale, questa lampada Superarchimoon, creazione di Philippe Starck, presenta dimensioni spettacolari (altezza 214 cm \/ larghezza 242 cm \/ peso : 96 kg). Questa versione XXL del modello della lampada da tavolo \u00e8 un oggetto straordinario che render\u00e0 unico il vostro interno! Il paralume in tessuto plissettato ha un lato molto classico, tradizionale, che contrasta in modo sorprendente con la modernit\u00e0 delle enormi braccia in tubi d&#8217;alluminio. Un diffusore interno in vetro borosilicato soffiato a bocca e acidificato offre una luce al tempo stesso diretta e diffusa. Un variatore permette di regolarne l&#8217;intensit\u00e0. Superarchimoon pu\u00f2 anche sostituire l&#8217;uso di una sospensione. La base \u00e8 in alluminio pressofuso e contiene sei contrappesi in piombo. Il cavo elettrico \u00e8 rivestito di tessuto color argento. 1 lampadina 250W E27 HSGS\/F in dotazione &#8211; dimmer<\/p>\n","protected":false},"excerpt":{"rendered":"<p>Superarchimoon, creazione di Philippe Starck, presenta dimensioni spettacolari, una versione XXL del modello della lampada da tavolo, un oggetto straordinario che render\u00e0 unico il vostro interno!<\/p>\n","protected":false},"featured_media":141039,"template":"","meta":{"_acf_changed":false,"jetpack_post_was_ever_published":false,"jetpack_publicize_message":"","jetpack_publicize_feature_enabled":true,"jetpack_social_post_already_shared":false,"jetpack_social_options":{"image_generator_settings":{"template":"highway","default_image_id":0,"font":"","enabled":false},"version":2}},"pwb-brand":[1427],"product_brand":[],"product_cat":[607,312,316,746],"product_tag":[102],"class_list":{"0":"post-130747","1":"product","2":"type-product","3":"status-publish","4":"has-post-thumbnail","6":"pwb-brand-flos","7":"product_cat-designers","8":"product_cat-illuminazione","9":"product_cat-lampada-da-terra-illuminazione","10":"product_cat-philippe-starck","11":"product_tag-lampada-da-terra","12":"pa_altezza-2140-mm","13":"pa_colore-alluminio","14":"pa_colore-tessuto","15":"pa_designer-philippe-starck","16":"pa_downloads-2d","17":"pa_downloads-pdf","18":"pa_larghezza-2420-mm","19":"pa_materiale-alluminio","20":"pa_materiale-tessuto","21":"pa_produttore-flos","22":"pa_profondita-790-mm","23":"pa_serie-superarchimoon","24":"pa_tipo-di-prodotto-lampada-da-terra","26":"first","27":"instock","28":"product-type-external"},"acf":[],"yoast_head":"<!-- This site is optimized with the Yoast SEO plugin v27.2 - https:\/\/yoast.com\/product\/yoast-seo-wordpress\/ -->\n<title>Lampada Da Terra Superarchimoon Alluminio|Tessuto design Philippe Starck for Flos - SDM Product Selection<\/title>\n<meta name=\"description\" content=\"Superarchimoon, creazione di Philippe Starck, presenta dimensioni spettacolari, una versione XXL del modello della lampada da tavolo, un oggetto straordinario che render\u00e0 unico il vostro interno!\" \/>\n<meta name=\"robots\" content=\"index, follow, max-snippet:-1, max-image-preview:large, max-video-preview:-1\" \/>\n<link rel=\"canonical\" href=\"https:\/\/socialdesignmagazine.com\/mag\/products-selection\/product\/lampada-da-terra-superarchimoon-alluminiotessuto-design-philippe-starck-for-flos\/\" \/>\n<meta property=\"og:locale\" content=\"it_IT\" \/>\n<meta property=\"og:type\" content=\"article\" \/>\n<meta property=\"og:title\" content=\"Lampada Da Terra Superarchimoon Alluminio|Tessuto design Philippe Starck for Flos - SDM Product Selection\" \/>\n<meta property=\"og:description\" content=\"Superarchimoon, creazione di Philippe Starck, presenta dimensioni spettacolari, una versione XXL del modello della lampada da tavolo, un oggetto straordinario che render\u00e0 unico il vostro interno!\" \/>\n<meta property=\"og:url\" content=\"https:\/\/socialdesignmagazine.com\/mag\/products-selection\/product\/lampada-da-terra-superarchimoon-alluminiotessuto-design-philippe-starck-for-flos\/\" \/>\n<meta property=\"og:site_name\" content=\"SDM Product Selection\" \/>\n<meta property=\"article:publisher\" content=\"https:\/\/www.facebook.com\/socialdesignmag\" \/>\n<meta property=\"article:modified_time\" content=\"2023-11-19T23:16:34+00:00\" \/>\n<meta property=\"og:image\" content=\"https:\/\/socialdesignmagazine.com\/mag\/products-selection\/wp-content\/uploads\/sites\/2\/2023\/02\/Lampada-Da-Terra-Superarchimoon-AlluminioTessuto-Flos-Philippe-Starck.jpg\" \/>\n\t<meta property=\"og:image:width\" content=\"2532\" \/>\n\t<meta property=\"og:image:height\" content=\"2316\" \/>\n\t<meta property=\"og:image:type\" content=\"image\/jpeg\" \/>\n<meta name=\"twitter:card\" content=\"summary_large_image\" \/>\n<meta name=\"twitter:site\" content=\"@socialdesignmag\" \/>\n<meta name=\"twitter:label1\" content=\"Tempo di lettura stimato\" \/>\n\t<meta name=\"twitter:data1\" content=\"1 minuto\" \/>\n<script type=\"application\/ld+json\" class=\"yoast-schema-graph\">{\"@context\":\"https:\/\/schema.org\",\"@graph\":[{\"@type\":\"WebPage\",\"@id\":\"https:\/\/socialdesignmagazine.com\/mag\/products-selection\/product\/lampada-da-terra-superarchimoon-alluminiotessuto-design-philippe-starck-for-flos\/\",\"url\":\"https:\/\/socialdesignmagazine.com\/mag\/products-selection\/product\/lampada-da-terra-superarchimoon-alluminiotessuto-design-philippe-starck-for-flos\/\",\"name\":\"Lampada Da Terra Superarchimoon Alluminio|Tessuto design Philippe Starck for Flos - SDM Product Selection\",\"isPartOf\":{\"@id\":\"https:\/\/socialdesignmagazine.com\/mag\/products-selection\/#website\"},\"primaryImageOfPage\":{\"@id\":\"https:\/\/socialdesignmagazine.com\/mag\/products-selection\/product\/lampada-da-terra-superarchimoon-alluminiotessuto-design-philippe-starck-for-flos\/#primaryimage\"},\"image\":{\"@id\":\"https:\/\/socialdesignmagazine.com\/mag\/products-selection\/product\/lampada-da-terra-superarchimoon-alluminiotessuto-design-philippe-starck-for-flos\/#primaryimage\"},\"thumbnailUrl\":\"https:\/\/socialdesignmagazine.com\/mag\/products-selection\/wp-content\/uploads\/sites\/2\/2023\/02\/Lampada-Da-Terra-Superarchimoon-AlluminioTessuto-Flos-Philippe-Starck.jpg\",\"datePublished\":\"2020-11-28T12:36:40+00:00\",\"dateModified\":\"2023-11-19T23:16:34+00:00\",\"description\":\"Superarchimoon, creazione di Philippe Starck, presenta dimensioni spettacolari, una versione XXL del modello della lampada da tavolo, un oggetto straordinario che render\u00e0 unico il vostro interno!\",\"breadcrumb\":{\"@id\":\"https:\/\/socialdesignmagazine.com\/mag\/products-selection\/product\/lampada-da-terra-superarchimoon-alluminiotessuto-design-philippe-starck-for-flos\/#breadcrumb\"},\"inLanguage\":\"it-IT\",\"potentialAction\":[{\"@type\":\"ReadAction\",\"target\":[\"https:\/\/socialdesignmagazine.com\/mag\/products-selection\/product\/lampada-da-terra-superarchimoon-alluminiotessuto-design-philippe-starck-for-flos\/\"]}]},{\"@type\":\"ImageObject\",\"inLanguage\":\"it-IT\",\"@id\":\"https:\/\/socialdesignmagazine.com\/mag\/products-selection\/product\/lampada-da-terra-superarchimoon-alluminiotessuto-design-philippe-starck-for-flos\/#primaryimage\",\"url\":\"https:\/\/socialdesignmagazine.com\/mag\/products-selection\/wp-content\/uploads\/sites\/2\/2023\/02\/Lampada-Da-Terra-Superarchimoon-AlluminioTessuto-Flos-Philippe-Starck.jpg\",\"contentUrl\":\"https:\/\/socialdesignmagazine.com\/mag\/products-selection\/wp-content\/uploads\/sites\/2\/2023\/02\/Lampada-Da-Terra-Superarchimoon-AlluminioTessuto-Flos-Philippe-Starck.jpg\",\"width\":2532,\"height\":2316,\"caption\":\"Lampada Da Terra Superarchimoon Alluminio|Tessuto Flos Philippe Starck\"},{\"@type\":\"BreadcrumbList\",\"@id\":\"https:\/\/socialdesignmagazine.com\/mag\/products-selection\/product\/lampada-da-terra-superarchimoon-alluminiotessuto-design-philippe-starck-for-flos\/#breadcrumb\",\"itemListElement\":[{\"@type\":\"ListItem\",\"position\":1,\"name\":\"Home\",\"item\":\"https:\/\/socialdesignmagazine.com\/mag\/products-selection\/\"},{\"@type\":\"ListItem\",\"position\":2,\"name\":\"Tutti i prodotti\",\"item\":\"https:\/\/socialdesignmagazine.com\/mag\/products-selection\/tutti-i-prodotti\/\"},{\"@type\":\"ListItem\",\"position\":3,\"name\":\"Lampada Da Terra Superarchimoon Alluminio|Tessuto design Philippe Starck for Flos\"}]},{\"@type\":\"WebSite\",\"@id\":\"https:\/\/socialdesignmagazine.com\/mag\/products-selection\/#website\",\"url\":\"https:\/\/socialdesignmagazine.com\/mag\/products-selection\/\",\"name\":\"SDM Product Selection\",\"description\":\"Una selezioni di prodotti dei brand pi\u00f9 interessanti per arredare e progettare\",\"publisher\":{\"@id\":\"https:\/\/socialdesignmagazine.com\/mag\/products-selection\/#organization\"},\"potentialAction\":[{\"@type\":\"SearchAction\",\"target\":{\"@type\":\"EntryPoint\",\"urlTemplate\":\"https:\/\/socialdesignmagazine.com\/mag\/products-selection\/?s={search_term_string}\"},\"query-input\":{\"@type\":\"PropertyValueSpecification\",\"valueRequired\":true,\"valueName\":\"search_term_string\"}}],\"inLanguage\":\"it-IT\"},{\"@type\":\"Organization\",\"@id\":\"https:\/\/socialdesignmagazine.com\/mag\/products-selection\/#organization\",\"name\":\"Social Design Magazine\",\"url\":\"https:\/\/socialdesignmagazine.com\/mag\/products-selection\/\",\"logo\":{\"@type\":\"ImageObject\",\"inLanguage\":\"it-IT\",\"@id\":\"https:\/\/socialdesignmagazine.com\/mag\/products-selection\/#\/schema\/logo\/image\/\",\"url\":\"https:\/\/socialdesignmagazine.com\/mag\/products-selection\/wp-content\/uploads\/sites\/2\/2015\/05\/social-design-magazine-logo.png\",\"contentUrl\":\"https:\/\/socialdesignmagazine.com\/mag\/products-selection\/wp-content\/uploads\/sites\/2\/2015\/05\/social-design-magazine-logo.png\",\"width\":251,\"height\":101,\"caption\":\"Social Design Magazine\"},\"image\":{\"@id\":\"https:\/\/socialdesignmagazine.com\/mag\/products-selection\/#\/schema\/logo\/image\/\"},\"sameAs\":[\"https:\/\/www.facebook.com\/socialdesignmag\",\"https:\/\/x.com\/socialdesignmag\",\"http:\/\/instagram.com\/social_design_magazine\/\",\"http:\/\/pinterest.com\/socialdesignmag\/\",\"http:\/\/www.youtube.com\/user\/socialdesignmagazine\"]}]}<\/script>\n<!-- \/ Yoast SEO plugin. -->","yoast_head_json":{"title":"Lampada Da Terra Superarchimoon Alluminio|Tessuto design Philippe Starck for Flos - SDM Product Selection","description":"Superarchimoon, creazione di Philippe Starck, presenta dimensioni spettacolari, una versione XXL del modello della lampada da tavolo, un oggetto straordinario che render\u00e0 unico il vostro interno!","robots":{"index":"index","follow":"follow","max-snippet":"max-snippet:-1","max-image-preview":"max-image-preview:large","max-video-preview":"max-video-preview:-1"},"canonical":"https:\/\/socialdesignmagazine.com\/mag\/products-selection\/product\/lampada-da-terra-superarchimoon-alluminiotessuto-design-philippe-starck-for-flos\/","og_locale":"it_IT","og_type":"article","og_title":"Lampada Da Terra Superarchimoon Alluminio|Tessuto design Philippe Starck for Flos - SDM Product Selection","og_description":"Superarchimoon, creazione di Philippe Starck, presenta dimensioni spettacolari, una versione XXL del modello della lampada da tavolo, un oggetto straordinario che render\u00e0 unico il vostro interno!","og_url":"https:\/\/socialdesignmagazine.com\/mag\/products-selection\/product\/lampada-da-terra-superarchimoon-alluminiotessuto-design-philippe-starck-for-flos\/","og_site_name":"SDM Product Selection","article_publisher":"https:\/\/www.facebook.com\/socialdesignmag","article_modified_time":"2023-11-19T23:16:34+00:00","og_image":[{"width":2532,"height":2316,"url":"https:\/\/socialdesignmagazine.com\/mag\/products-selection\/wp-content\/uploads\/sites\/2\/2023\/02\/Lampada-Da-Terra-Superarchimoon-AlluminioTessuto-Flos-Philippe-Starck.jpg","type":"image\/jpeg"}],"twitter_card":"summary_large_image","twitter_site":"@socialdesignmag","twitter_misc":{"Tempo di lettura stimato":"1 minuto"},"schema":{"@context":"https:\/\/schema.org","@graph":[{"@type":"WebPage","@id":"https:\/\/socialdesignmagazine.com\/mag\/products-selection\/product\/lampada-da-terra-superarchimoon-alluminiotessuto-design-philippe-starck-for-flos\/","url":"https:\/\/socialdesignmagazine.com\/mag\/products-selection\/product\/lampada-da-terra-superarchimoon-alluminiotessuto-design-philippe-starck-for-flos\/","name":"Lampada Da Terra Superarchimoon Alluminio|Tessuto design Philippe Starck for Flos - SDM Product Selection","isPartOf":{"@id":"https:\/\/socialdesignmagazine.com\/mag\/products-selection\/#website"},"primaryImageOfPage":{"@id":"https:\/\/socialdesignmagazine.com\/mag\/products-selection\/product\/lampada-da-terra-superarchimoon-alluminiotessuto-design-philippe-starck-for-flos\/#primaryimage"},"image":{"@id":"https:\/\/socialdesignmagazine.com\/mag\/products-selection\/product\/lampada-da-terra-superarchimoon-alluminiotessuto-design-philippe-starck-for-flos\/#primaryimage"},"thumbnailUrl":"https:\/\/socialdesignmagazine.com\/mag\/products-selection\/wp-content\/uploads\/sites\/2\/2023\/02\/Lampada-Da-Terra-Superarchimoon-AlluminioTessuto-Flos-Philippe-Starck.jpg","datePublished":"2020-11-28T12:36:40+00:00","dateModified":"2023-11-19T23:16:34+00:00","description":"Superarchimoon, creazione di Philippe Starck, presenta dimensioni spettacolari, una versione XXL del modello della lampada da tavolo, un oggetto straordinario che render\u00e0 unico il vostro interno!","breadcrumb":{"@id":"https:\/\/socialdesignmagazine.com\/mag\/products-selection\/product\/lampada-da-terra-superarchimoon-alluminiotessuto-design-philippe-starck-for-flos\/#breadcrumb"},"inLanguage":"it-IT","potentialAction":[{"@type":"ReadAction","target":["https:\/\/socialdesignmagazine.com\/mag\/products-selection\/product\/lampada-da-terra-superarchimoon-alluminiotessuto-design-philippe-starck-for-flos\/"]}]},{"@type":"ImageObject","inLanguage":"it-IT","@id":"https:\/\/socialdesignmagazine.com\/mag\/products-selection\/product\/lampada-da-terra-superarchimoon-alluminiotessuto-design-philippe-starck-for-flos\/#primaryimage","url":"https:\/\/socialdesignmagazine.com\/mag\/products-selection\/wp-content\/uploads\/sites\/2\/2023\/02\/Lampada-Da-Terra-Superarchimoon-AlluminioTessuto-Flos-Philippe-Starck.jpg","contentUrl":"https:\/\/socialdesignmagazine.com\/mag\/products-selection\/wp-content\/uploads\/sites\/2\/2023\/02\/Lampada-Da-Terra-Superarchimoon-AlluminioTessuto-Flos-Philippe-Starck.jpg","width":2532,"height":2316,"caption":"Lampada Da Terra Superarchimoon Alluminio|Tessuto Flos Philippe Starck"},{"@type":"BreadcrumbList","@id":"https:\/\/socialdesignmagazine.com\/mag\/products-selection\/product\/lampada-da-terra-superarchimoon-alluminiotessuto-design-philippe-starck-for-flos\/#breadcrumb","itemListElement":[{"@type":"ListItem","position":1,"name":"Home","item":"https:\/\/socialdesignmagazine.com\/mag\/products-selection\/"},{"@type":"ListItem","position":2,"name":"Tutti i prodotti","item":"https:\/\/socialdesignmagazine.com\/mag\/products-selection\/tutti-i-prodotti\/"},{"@type":"ListItem","position":3,"name":"Lampada Da Terra Superarchimoon Alluminio|Tessuto design Philippe Starck for Flos"}]},{"@type":"WebSite","@id":"https:\/\/socialdesignmagazine.com\/mag\/products-selection\/#website","url":"https:\/\/socialdesignmagazine.com\/mag\/products-selection\/","name":"SDM Product Selection","description":"Una selezioni di prodotti dei brand pi\u00f9 interessanti per arredare e progettare","publisher":{"@id":"https:\/\/socialdesignmagazine.com\/mag\/products-selection\/#organization"},"potentialAction":[{"@type":"SearchAction","target":{"@type":"EntryPoint","urlTemplate":"https:\/\/socialdesignmagazine.com\/mag\/products-selection\/?s={search_term_string}"},"query-input":{"@type":"PropertyValueSpecification","valueRequired":true,"valueName":"search_term_string"}}],"inLanguage":"it-IT"},{"@type":"Organization","@id":"https:\/\/socialdesignmagazine.com\/mag\/products-selection\/#organization","name":"Social Design Magazine","url":"https:\/\/socialdesignmagazine.com\/mag\/products-selection\/","logo":{"@type":"ImageObject","inLanguage":"it-IT","@id":"https:\/\/socialdesignmagazine.com\/mag\/products-selection\/#\/schema\/logo\/image\/","url":"https:\/\/socialdesignmagazine.com\/mag\/products-selection\/wp-content\/uploads\/sites\/2\/2015\/05\/social-design-magazine-logo.png","contentUrl":"https:\/\/socialdesignmagazine.com\/mag\/products-selection\/wp-content\/uploads\/sites\/2\/2015\/05\/social-design-magazine-logo.png","width":251,"height":101,"caption":"Social Design Magazine"},"image":{"@id":"https:\/\/socialdesignmagazine.com\/mag\/products-selection\/#\/schema\/logo\/image\/"},"sameAs":["https:\/\/www.facebook.com\/socialdesignmag","https:\/\/x.com\/socialdesignmag","http:\/\/instagram.com\/social_design_magazine\/","http:\/\/pinterest.com\/socialdesignmag\/","http:\/\/www.youtube.com\/user\/socialdesignmagazine"]}]}},"jetpack_publicize_connections":[],"jetpack_sharing_enabled":true,"brands":[{"id":1427,"name":"Flos","slug":"flos"}],"_links":{"self":[{"href":"https:\/\/socialdesignmagazine.com\/mag\/products-selection\/wp-json\/wp\/v2\/product\/130747","targetHints":{"allow":["GET"]}}],"collection":[{"href":"https:\/\/socialdesignmagazine.com\/mag\/products-selection\/wp-json\/wp\/v2\/product"}],"about":[{"href":"https:\/\/socialdesignmagazine.com\/mag\/products-selection\/wp-json\/wp\/v2\/types\/product"}],"wp:featuredmedia":[{"embeddable":true,"href":"https:\/\/socialdesignmagazine.com\/mag\/products-selection\/wp-json\/wp\/v2\/media\/141039"}],"wp:attachment":[{"href":"https:\/\/socialdesignmagazine.com\/mag\/products-selection\/wp-json\/wp\/v2\/media?parent=130747"}],"wp:term":[{"taxonomy":"pwb-brand","embeddable":true,"href":"https:\/\/socialdesignmagazine.com\/mag\/products-selection\/wp-json\/wp\/v2\/pwb-brand?post=130747"},{"taxonomy":"product_brand","embeddable":true,"href":"https:\/\/socialdesignmagazine.com\/mag\/products-selection\/wp-json\/wp\/v2\/product_brand?post=130747"},{"taxonomy":"product_cat","embeddable":true,"href":"https:\/\/socialdesignmagazine.com\/mag\/products-selection\/wp-json\/wp\/v2\/product_cat?post=130747"},{"taxonomy":"product_tag","embeddable":true,"href":"https:\/\/socialdesignmagazine.com\/mag\/products-selection\/wp-json\/wp\/v2\/product_tag?post=130747"}],"curies":[{"name":"wp","href":"https:\/\/api.w.org\/{rel}","templated":true}]}}