{"id":130835,"date":"2020-11-28T13:39:14","date_gmt":"2020-11-28T12:39:14","guid":{"rendered":"https:\/\/socialdesignmagazine.com\/mag\/products-selection\/?post_type=product&#038;p=130835"},"modified":"2023-11-20T00:18:03","modified_gmt":"2023-11-19T23:18:03","slug":"lampada-da-terra-superarchimoon-outdoor-h-214-cm-alluminiopanama-design-philippe-starck-for-flos","status":"publish","type":"product","link":"https:\/\/socialdesignmagazine.com\/mag\/products-selection\/product\/lampada-da-terra-superarchimoon-outdoor-h-214-cm-alluminiopanama-design-philippe-starck-for-flos\/","title":{"rendered":"Lampada Da Terra Superarchimoon Outdoor &#8211; H 214 cm Alluminio|Panama design Philippe Starck for Flos"},"content":{"rendered":"<p>Flos e Philippe Starck ci offrono qualcosa di spettacolare, di eccezionale, con la lampada Superarchimoon Outdoor. La famosa lampada Superarchimoon \u00e8 nata dal desiderio di Philippe Starck di ideare una lampada dall&#8217;architettura surrealista dalle dimensioni giganti. Questa lampada fuori misura (altezza 214 cm \/ Larg 242 cm \/ peso: 96 kg) \u00e8 ormai adattata alle nostre terrazze e giardini! Con la lampada, il design d&#8217;interno si adatta all&#8217;esterno. Il suo diffusore esterno XL (\u00d8 55 cm) intrecciato lascia filtrare la luce con un effetto di sfumature e di magia. I materiali sono lavorati ad arte per un gioco di luci assolutamente straordinario. Il diffusore interno in policarbonato opalino appare attraverso il diffusore esterno non appena Superarchimoon \u00e8 accesa. Le sue braccia permettono di soddisfare le esigenze le pi\u00f9 diverse, la sua altezza permette di sostituirsi ad una sospensione. Superarchimoon Outdoor \u00e8 dotata di un cavo d&#8217;alimentazione bipolare trasparente (10 m) e di una scatola di derivazione. Per l&#8217;interno e l&#8217;esterno &#8211; lampadina (non in dotazione) : 1 x 230W max E27 220\/240V &#8211; IP55 &#8211; scatola di derivazione a tenuta stanga per uso esterno &#8211; cavo elettrico trasparente: L 10 metri (senza interruttore n\u00e9 variatore) &#8211; Piedi della base regolabili per una perfetta stabilit\u00e0<\/p>\n","protected":false},"excerpt":{"rendered":"<p>Superarchimoon Outdoor. Flos e Philippe Starck ci offrono qualcosa di spettacolare, di eccezionale,. la famosa lampada Superarchimoon, nata dal desiderio di Philippe Starck di ideare una lampada dall&#8217;architettura surrealista dalle dimensioni giganti.<\/p>\n","protected":false},"featured_media":141125,"template":"","meta":{"_acf_changed":false,"jetpack_post_was_ever_published":false,"jetpack_publicize_message":"","jetpack_publicize_feature_enabled":true,"jetpack_social_post_already_shared":false,"jetpack_social_options":{"image_generator_settings":{"template":"highway","default_image_id":0,"font":"","enabled":false},"version":2}},"pwb-brand":[1427],"product_brand":[],"product_cat":[607,546,547,492,746],"product_tag":[102,531],"class_list":{"0":"post-130835","1":"product","2":"type-product","3":"status-publish","4":"has-post-thumbnail","6":"pwb-brand-flos","7":"product_cat-designers","8":"product_cat-illuminazione-outdoor","9":"product_cat-lampada-da-terra","10":"product_cat-outdoor","11":"product_cat-philippe-starck","12":"product_tag-lampada-da-terra","13":"product_tag-outdoor","14":"pa_altezza-2140-mm","15":"pa_colore-alluminio","16":"pa_colore-panama","17":"pa_designer-philippe-starck","18":"pa_downloads-2d","19":"pa_downloads-pdf","20":"pa_larghezza-2420-mm","21":"pa_materiale-alluminio","22":"pa_materiale-policarbonato","23":"pa_materiale-pvc","24":"pa_produttore-flos","25":"pa_profondita-790-mm","26":"pa_serie-superarchimoon","27":"pa_tipo-di-prodotto-lampada-da-terra","29":"first","30":"instock","31":"product-type-external"},"acf":[],"yoast_head":"<!-- This site is optimized with the Yoast SEO plugin v27.2 - https:\/\/yoast.com\/product\/yoast-seo-wordpress\/ -->\n<title>Lampada Da Terra Superarchimoon Outdoor - H 214 cm Alluminio|Panama design Philippe Starck for Flos - SDM Product Selection<\/title>\n<meta name=\"description\" content=\"Superarchimoon Outdoor. Flos e Philippe Starck ci offrono qualcosa di spettacolare, di eccezionale,. la famosa lampada Superarchimoon, nata dal desiderio di Philippe Starck di ideare una lampada dall&#039;architettura surrealista dalle dimensioni giganti.\" \/>\n<meta name=\"robots\" content=\"index, follow, max-snippet:-1, max-image-preview:large, max-video-preview:-1\" \/>\n<link rel=\"canonical\" href=\"https:\/\/socialdesignmagazine.com\/mag\/products-selection\/product\/lampada-da-terra-superarchimoon-outdoor-h-214-cm-alluminiopanama-design-philippe-starck-for-flos\/\" \/>\n<meta property=\"og:locale\" content=\"it_IT\" \/>\n<meta property=\"og:type\" content=\"article\" \/>\n<meta property=\"og:title\" content=\"Lampada Da Terra Superarchimoon Outdoor - H 214 cm Alluminio|Panama design Philippe Starck for Flos - SDM Product Selection\" \/>\n<meta property=\"og:description\" content=\"Superarchimoon Outdoor. Flos e Philippe Starck ci offrono qualcosa di spettacolare, di eccezionale,. la famosa lampada Superarchimoon, nata dal desiderio di Philippe Starck di ideare una lampada dall&#039;architettura surrealista dalle dimensioni giganti.\" \/>\n<meta property=\"og:url\" content=\"https:\/\/socialdesignmagazine.com\/mag\/products-selection\/product\/lampada-da-terra-superarchimoon-outdoor-h-214-cm-alluminiopanama-design-philippe-starck-for-flos\/\" \/>\n<meta property=\"og:site_name\" content=\"SDM Product Selection\" \/>\n<meta property=\"article:publisher\" content=\"https:\/\/www.facebook.com\/socialdesignmag\" \/>\n<meta property=\"article:modified_time\" content=\"2023-11-19T23:18:03+00:00\" \/>\n<meta property=\"og:image\" content=\"https:\/\/socialdesignmagazine.com\/mag\/products-selection\/wp-content\/uploads\/sites\/2\/2023\/02\/Lampada-Da-Terra-Superarchimoon-Outdoor-H-214-cm-AlluminioPanama-Flos-Philippe-Starck.jpg\" \/>\n\t<meta property=\"og:image:width\" content=\"1950\" \/>\n\t<meta property=\"og:image:height\" content=\"1950\" \/>\n\t<meta property=\"og:image:type\" content=\"image\/jpeg\" \/>\n<meta name=\"twitter:card\" content=\"summary_large_image\" \/>\n<meta name=\"twitter:site\" content=\"@socialdesignmag\" \/>\n<meta name=\"twitter:label1\" content=\"Tempo di lettura stimato\" \/>\n\t<meta name=\"twitter:data1\" content=\"1 minuto\" \/>\n<script type=\"application\/ld+json\" class=\"yoast-schema-graph\">{\"@context\":\"https:\/\/schema.org\",\"@graph\":[{\"@type\":\"WebPage\",\"@id\":\"https:\/\/socialdesignmagazine.com\/mag\/products-selection\/product\/lampada-da-terra-superarchimoon-outdoor-h-214-cm-alluminiopanama-design-philippe-starck-for-flos\/\",\"url\":\"https:\/\/socialdesignmagazine.com\/mag\/products-selection\/product\/lampada-da-terra-superarchimoon-outdoor-h-214-cm-alluminiopanama-design-philippe-starck-for-flos\/\",\"name\":\"Lampada Da Terra Superarchimoon Outdoor - H 214 cm Alluminio|Panama design Philippe Starck for Flos - SDM Product Selection\",\"isPartOf\":{\"@id\":\"https:\/\/socialdesignmagazine.com\/mag\/products-selection\/#website\"},\"primaryImageOfPage\":{\"@id\":\"https:\/\/socialdesignmagazine.com\/mag\/products-selection\/product\/lampada-da-terra-superarchimoon-outdoor-h-214-cm-alluminiopanama-design-philippe-starck-for-flos\/#primaryimage\"},\"image\":{\"@id\":\"https:\/\/socialdesignmagazine.com\/mag\/products-selection\/product\/lampada-da-terra-superarchimoon-outdoor-h-214-cm-alluminiopanama-design-philippe-starck-for-flos\/#primaryimage\"},\"thumbnailUrl\":\"https:\/\/socialdesignmagazine.com\/mag\/products-selection\/wp-content\/uploads\/sites\/2\/2023\/02\/Lampada-Da-Terra-Superarchimoon-Outdoor-H-214-cm-AlluminioPanama-Flos-Philippe-Starck.jpg\",\"datePublished\":\"2020-11-28T12:39:14+00:00\",\"dateModified\":\"2023-11-19T23:18:03+00:00\",\"description\":\"Superarchimoon Outdoor. Flos e Philippe Starck ci offrono qualcosa di spettacolare, di eccezionale,. la famosa lampada Superarchimoon, nata dal desiderio di Philippe Starck di ideare una lampada dall'architettura surrealista dalle dimensioni giganti.\",\"breadcrumb\":{\"@id\":\"https:\/\/socialdesignmagazine.com\/mag\/products-selection\/product\/lampada-da-terra-superarchimoon-outdoor-h-214-cm-alluminiopanama-design-philippe-starck-for-flos\/#breadcrumb\"},\"inLanguage\":\"it-IT\",\"potentialAction\":[{\"@type\":\"ReadAction\",\"target\":[\"https:\/\/socialdesignmagazine.com\/mag\/products-selection\/product\/lampada-da-terra-superarchimoon-outdoor-h-214-cm-alluminiopanama-design-philippe-starck-for-flos\/\"]}]},{\"@type\":\"ImageObject\",\"inLanguage\":\"it-IT\",\"@id\":\"https:\/\/socialdesignmagazine.com\/mag\/products-selection\/product\/lampada-da-terra-superarchimoon-outdoor-h-214-cm-alluminiopanama-design-philippe-starck-for-flos\/#primaryimage\",\"url\":\"https:\/\/socialdesignmagazine.com\/mag\/products-selection\/wp-content\/uploads\/sites\/2\/2023\/02\/Lampada-Da-Terra-Superarchimoon-Outdoor-H-214-cm-AlluminioPanama-Flos-Philippe-Starck.jpg\",\"contentUrl\":\"https:\/\/socialdesignmagazine.com\/mag\/products-selection\/wp-content\/uploads\/sites\/2\/2023\/02\/Lampada-Da-Terra-Superarchimoon-Outdoor-H-214-cm-AlluminioPanama-Flos-Philippe-Starck.jpg\",\"width\":1950,\"height\":1950,\"caption\":\"Lampada Da Terra Superarchimoon Outdoor - H 214 cm Alluminio|Panama Flos Philippe Starck\"},{\"@type\":\"BreadcrumbList\",\"@id\":\"https:\/\/socialdesignmagazine.com\/mag\/products-selection\/product\/lampada-da-terra-superarchimoon-outdoor-h-214-cm-alluminiopanama-design-philippe-starck-for-flos\/#breadcrumb\",\"itemListElement\":[{\"@type\":\"ListItem\",\"position\":1,\"name\":\"Home\",\"item\":\"https:\/\/socialdesignmagazine.com\/mag\/products-selection\/\"},{\"@type\":\"ListItem\",\"position\":2,\"name\":\"Tutti i prodotti\",\"item\":\"https:\/\/socialdesignmagazine.com\/mag\/products-selection\/tutti-i-prodotti\/\"},{\"@type\":\"ListItem\",\"position\":3,\"name\":\"Lampada Da Terra Superarchimoon Outdoor &#8211; H 214 cm Alluminio|Panama design Philippe Starck for Flos\"}]},{\"@type\":\"WebSite\",\"@id\":\"https:\/\/socialdesignmagazine.com\/mag\/products-selection\/#website\",\"url\":\"https:\/\/socialdesignmagazine.com\/mag\/products-selection\/\",\"name\":\"SDM Product Selection\",\"description\":\"Una selezioni di prodotti dei brand pi\u00f9 interessanti per arredare e progettare\",\"publisher\":{\"@id\":\"https:\/\/socialdesignmagazine.com\/mag\/products-selection\/#organization\"},\"potentialAction\":[{\"@type\":\"SearchAction\",\"target\":{\"@type\":\"EntryPoint\",\"urlTemplate\":\"https:\/\/socialdesignmagazine.com\/mag\/products-selection\/?s={search_term_string}\"},\"query-input\":{\"@type\":\"PropertyValueSpecification\",\"valueRequired\":true,\"valueName\":\"search_term_string\"}}],\"inLanguage\":\"it-IT\"},{\"@type\":\"Organization\",\"@id\":\"https:\/\/socialdesignmagazine.com\/mag\/products-selection\/#organization\",\"name\":\"Social Design Magazine\",\"url\":\"https:\/\/socialdesignmagazine.com\/mag\/products-selection\/\",\"logo\":{\"@type\":\"ImageObject\",\"inLanguage\":\"it-IT\",\"@id\":\"https:\/\/socialdesignmagazine.com\/mag\/products-selection\/#\/schema\/logo\/image\/\",\"url\":\"https:\/\/socialdesignmagazine.com\/mag\/products-selection\/wp-content\/uploads\/sites\/2\/2015\/05\/social-design-magazine-logo.png\",\"contentUrl\":\"https:\/\/socialdesignmagazine.com\/mag\/products-selection\/wp-content\/uploads\/sites\/2\/2015\/05\/social-design-magazine-logo.png\",\"width\":251,\"height\":101,\"caption\":\"Social Design Magazine\"},\"image\":{\"@id\":\"https:\/\/socialdesignmagazine.com\/mag\/products-selection\/#\/schema\/logo\/image\/\"},\"sameAs\":[\"https:\/\/www.facebook.com\/socialdesignmag\",\"https:\/\/x.com\/socialdesignmag\",\"http:\/\/instagram.com\/social_design_magazine\/\",\"http:\/\/pinterest.com\/socialdesignmag\/\",\"http:\/\/www.youtube.com\/user\/socialdesignmagazine\"]}]}<\/script>\n<!-- \/ Yoast SEO plugin. -->","yoast_head_json":{"title":"Lampada Da Terra Superarchimoon Outdoor - H 214 cm Alluminio|Panama design Philippe Starck for Flos - SDM Product Selection","description":"Superarchimoon Outdoor. Flos e Philippe Starck ci offrono qualcosa di spettacolare, di eccezionale,. la famosa lampada Superarchimoon, nata dal desiderio di Philippe Starck di ideare una lampada dall'architettura surrealista dalle dimensioni giganti.","robots":{"index":"index","follow":"follow","max-snippet":"max-snippet:-1","max-image-preview":"max-image-preview:large","max-video-preview":"max-video-preview:-1"},"canonical":"https:\/\/socialdesignmagazine.com\/mag\/products-selection\/product\/lampada-da-terra-superarchimoon-outdoor-h-214-cm-alluminiopanama-design-philippe-starck-for-flos\/","og_locale":"it_IT","og_type":"article","og_title":"Lampada Da Terra Superarchimoon Outdoor - H 214 cm Alluminio|Panama design Philippe Starck for Flos - SDM Product Selection","og_description":"Superarchimoon Outdoor. Flos e Philippe Starck ci offrono qualcosa di spettacolare, di eccezionale,. la famosa lampada Superarchimoon, nata dal desiderio di Philippe Starck di ideare una lampada dall'architettura surrealista dalle dimensioni giganti.","og_url":"https:\/\/socialdesignmagazine.com\/mag\/products-selection\/product\/lampada-da-terra-superarchimoon-outdoor-h-214-cm-alluminiopanama-design-philippe-starck-for-flos\/","og_site_name":"SDM Product Selection","article_publisher":"https:\/\/www.facebook.com\/socialdesignmag","article_modified_time":"2023-11-19T23:18:03+00:00","og_image":[{"width":1950,"height":1950,"url":"https:\/\/socialdesignmagazine.com\/mag\/products-selection\/wp-content\/uploads\/sites\/2\/2023\/02\/Lampada-Da-Terra-Superarchimoon-Outdoor-H-214-cm-AlluminioPanama-Flos-Philippe-Starck.jpg","type":"image\/jpeg"}],"twitter_card":"summary_large_image","twitter_site":"@socialdesignmag","twitter_misc":{"Tempo di lettura stimato":"1 minuto"},"schema":{"@context":"https:\/\/schema.org","@graph":[{"@type":"WebPage","@id":"https:\/\/socialdesignmagazine.com\/mag\/products-selection\/product\/lampada-da-terra-superarchimoon-outdoor-h-214-cm-alluminiopanama-design-philippe-starck-for-flos\/","url":"https:\/\/socialdesignmagazine.com\/mag\/products-selection\/product\/lampada-da-terra-superarchimoon-outdoor-h-214-cm-alluminiopanama-design-philippe-starck-for-flos\/","name":"Lampada Da Terra Superarchimoon Outdoor - H 214 cm Alluminio|Panama design Philippe Starck for Flos - SDM Product Selection","isPartOf":{"@id":"https:\/\/socialdesignmagazine.com\/mag\/products-selection\/#website"},"primaryImageOfPage":{"@id":"https:\/\/socialdesignmagazine.com\/mag\/products-selection\/product\/lampada-da-terra-superarchimoon-outdoor-h-214-cm-alluminiopanama-design-philippe-starck-for-flos\/#primaryimage"},"image":{"@id":"https:\/\/socialdesignmagazine.com\/mag\/products-selection\/product\/lampada-da-terra-superarchimoon-outdoor-h-214-cm-alluminiopanama-design-philippe-starck-for-flos\/#primaryimage"},"thumbnailUrl":"https:\/\/socialdesignmagazine.com\/mag\/products-selection\/wp-content\/uploads\/sites\/2\/2023\/02\/Lampada-Da-Terra-Superarchimoon-Outdoor-H-214-cm-AlluminioPanama-Flos-Philippe-Starck.jpg","datePublished":"2020-11-28T12:39:14+00:00","dateModified":"2023-11-19T23:18:03+00:00","description":"Superarchimoon Outdoor. Flos e Philippe Starck ci offrono qualcosa di spettacolare, di eccezionale,. la famosa lampada Superarchimoon, nata dal desiderio di Philippe Starck di ideare una lampada dall'architettura surrealista dalle dimensioni giganti.","breadcrumb":{"@id":"https:\/\/socialdesignmagazine.com\/mag\/products-selection\/product\/lampada-da-terra-superarchimoon-outdoor-h-214-cm-alluminiopanama-design-philippe-starck-for-flos\/#breadcrumb"},"inLanguage":"it-IT","potentialAction":[{"@type":"ReadAction","target":["https:\/\/socialdesignmagazine.com\/mag\/products-selection\/product\/lampada-da-terra-superarchimoon-outdoor-h-214-cm-alluminiopanama-design-philippe-starck-for-flos\/"]}]},{"@type":"ImageObject","inLanguage":"it-IT","@id":"https:\/\/socialdesignmagazine.com\/mag\/products-selection\/product\/lampada-da-terra-superarchimoon-outdoor-h-214-cm-alluminiopanama-design-philippe-starck-for-flos\/#primaryimage","url":"https:\/\/socialdesignmagazine.com\/mag\/products-selection\/wp-content\/uploads\/sites\/2\/2023\/02\/Lampada-Da-Terra-Superarchimoon-Outdoor-H-214-cm-AlluminioPanama-Flos-Philippe-Starck.jpg","contentUrl":"https:\/\/socialdesignmagazine.com\/mag\/products-selection\/wp-content\/uploads\/sites\/2\/2023\/02\/Lampada-Da-Terra-Superarchimoon-Outdoor-H-214-cm-AlluminioPanama-Flos-Philippe-Starck.jpg","width":1950,"height":1950,"caption":"Lampada Da Terra Superarchimoon Outdoor - H 214 cm Alluminio|Panama Flos Philippe Starck"},{"@type":"BreadcrumbList","@id":"https:\/\/socialdesignmagazine.com\/mag\/products-selection\/product\/lampada-da-terra-superarchimoon-outdoor-h-214-cm-alluminiopanama-design-philippe-starck-for-flos\/#breadcrumb","itemListElement":[{"@type":"ListItem","position":1,"name":"Home","item":"https:\/\/socialdesignmagazine.com\/mag\/products-selection\/"},{"@type":"ListItem","position":2,"name":"Tutti i prodotti","item":"https:\/\/socialdesignmagazine.com\/mag\/products-selection\/tutti-i-prodotti\/"},{"@type":"ListItem","position":3,"name":"Lampada Da Terra Superarchimoon Outdoor &#8211; H 214 cm Alluminio|Panama design Philippe Starck for Flos"}]},{"@type":"WebSite","@id":"https:\/\/socialdesignmagazine.com\/mag\/products-selection\/#website","url":"https:\/\/socialdesignmagazine.com\/mag\/products-selection\/","name":"SDM Product Selection","description":"Una selezioni di prodotti dei brand pi\u00f9 interessanti per arredare e progettare","publisher":{"@id":"https:\/\/socialdesignmagazine.com\/mag\/products-selection\/#organization"},"potentialAction":[{"@type":"SearchAction","target":{"@type":"EntryPoint","urlTemplate":"https:\/\/socialdesignmagazine.com\/mag\/products-selection\/?s={search_term_string}"},"query-input":{"@type":"PropertyValueSpecification","valueRequired":true,"valueName":"search_term_string"}}],"inLanguage":"it-IT"},{"@type":"Organization","@id":"https:\/\/socialdesignmagazine.com\/mag\/products-selection\/#organization","name":"Social Design Magazine","url":"https:\/\/socialdesignmagazine.com\/mag\/products-selection\/","logo":{"@type":"ImageObject","inLanguage":"it-IT","@id":"https:\/\/socialdesignmagazine.com\/mag\/products-selection\/#\/schema\/logo\/image\/","url":"https:\/\/socialdesignmagazine.com\/mag\/products-selection\/wp-content\/uploads\/sites\/2\/2015\/05\/social-design-magazine-logo.png","contentUrl":"https:\/\/socialdesignmagazine.com\/mag\/products-selection\/wp-content\/uploads\/sites\/2\/2015\/05\/social-design-magazine-logo.png","width":251,"height":101,"caption":"Social Design Magazine"},"image":{"@id":"https:\/\/socialdesignmagazine.com\/mag\/products-selection\/#\/schema\/logo\/image\/"},"sameAs":["https:\/\/www.facebook.com\/socialdesignmag","https:\/\/x.com\/socialdesignmag","http:\/\/instagram.com\/social_design_magazine\/","http:\/\/pinterest.com\/socialdesignmag\/","http:\/\/www.youtube.com\/user\/socialdesignmagazine"]}]}},"jetpack_publicize_connections":[],"jetpack_sharing_enabled":true,"brands":[{"id":1427,"name":"Flos","slug":"flos"}],"_links":{"self":[{"href":"https:\/\/socialdesignmagazine.com\/mag\/products-selection\/wp-json\/wp\/v2\/product\/130835","targetHints":{"allow":["GET"]}}],"collection":[{"href":"https:\/\/socialdesignmagazine.com\/mag\/products-selection\/wp-json\/wp\/v2\/product"}],"about":[{"href":"https:\/\/socialdesignmagazine.com\/mag\/products-selection\/wp-json\/wp\/v2\/types\/product"}],"wp:featuredmedia":[{"embeddable":true,"href":"https:\/\/socialdesignmagazine.com\/mag\/products-selection\/wp-json\/wp\/v2\/media\/141125"}],"wp:attachment":[{"href":"https:\/\/socialdesignmagazine.com\/mag\/products-selection\/wp-json\/wp\/v2\/media?parent=130835"}],"wp:term":[{"taxonomy":"pwb-brand","embeddable":true,"href":"https:\/\/socialdesignmagazine.com\/mag\/products-selection\/wp-json\/wp\/v2\/pwb-brand?post=130835"},{"taxonomy":"product_brand","embeddable":true,"href":"https:\/\/socialdesignmagazine.com\/mag\/products-selection\/wp-json\/wp\/v2\/product_brand?post=130835"},{"taxonomy":"product_cat","embeddable":true,"href":"https:\/\/socialdesignmagazine.com\/mag\/products-selection\/wp-json\/wp\/v2\/product_cat?post=130835"},{"taxonomy":"product_tag","embeddable":true,"href":"https:\/\/socialdesignmagazine.com\/mag\/products-selection\/wp-json\/wp\/v2\/product_tag?post=130835"}],"curies":[{"name":"wp","href":"https:\/\/api.w.org\/{rel}","templated":true}]}}