{"id":131879,"date":"2020-12-01T09:46:47","date_gmt":"2020-12-01T08:46:47","guid":{"rendered":"https:\/\/socialdesignmagazine.com\/mag\/products-selection\/?post_type=product&#038;p=131879"},"modified":"2023-05-07T23:33:09","modified_gmt":"2023-05-07T21:33:09","slug":"lampada-da-terra-giraffe-in-love-xs-nero-design-marcantonio-raimondi-malerba-for-qeeboo","status":"publish","type":"product","link":"https:\/\/socialdesignmagazine.com\/mag\/products-selection\/product\/lampada-da-terra-giraffe-in-love-xs-nero-design-marcantonio-raimondi-malerba-for-qeeboo\/","title":{"rendered":"Lampada da Terra Giraffe in Love XS Nero design Marcantonio Raimondi Malerba for Qeeboo"},"content":{"rendered":"<p>Giraffe In Love XS \u00e8 una giraffa che sostiene una replica in metallo del lampadario in stile Marie-Th\u00e9r\u00e8se, nella versione in miniatura di 100 cm di altezza (della riproduzione esatta della giraffa a grandezza naturale). La lampada diventa un oggetto di design versatile e iconico.<\/p>\n<p>&#8220;Giraffe in Love&#8221; \u00e8 una giraffa sognante che regge un classico lampadario in stile Marie-Th\u00e9r\u00e8se. &#8220;Giraffe in Love&#8221; rappresenta l&#8217;ironia e la leggerezza: la giraffa \u00e8 innamorata ma ancora non lo sa perch\u00e9 il suo cuore \u00e8 lontano dalla sua testa e vive l&#8217;amore con leggerezza. Disponibile in versione XL (altezza 4 m), versione M (altezza 2,65 m), versione applique e versione XS (altezza 1 m).<\/p>\n","protected":false},"excerpt":{"rendered":"<p>Giraffe In Love XS \u00e8 una giraffa che sostiene una replica in metallo del lampadario in stile Marie-Th\u00e9r\u00e8se.<\/p>\n","protected":false},"featured_media":139109,"template":"","meta":{"_acf_changed":false,"jetpack_post_was_ever_published":false,"jetpack_publicize_message":"","jetpack_publicize_feature_enabled":true,"jetpack_social_post_already_shared":false,"jetpack_social_options":{"image_generator_settings":{"template":"highway","default_image_id":0,"font":"","enabled":false},"version":2}},"pwb-brand":[2650],"product_brand":[],"product_cat":[607,312,316,2225],"product_tag":[102],"class_list":{"0":"post-131879","1":"product","2":"type-product","3":"status-publish","4":"has-post-thumbnail","6":"pwb-brand-qeeboo","7":"product_cat-designers","8":"product_cat-illuminazione","9":"product_cat-lampada-da-terra-illuminazione","10":"product_cat-marcantonio-raimondi-malerba","11":"product_tag-lampada-da-terra","12":"pa_altezza-1000-mm","13":"pa_colore-nero","14":"pa_designer-marcantonio-raimondi-malerba","15":"pa_larghezza-600-mm","16":"pa_materiale-polietilene","17":"pa_produttore-qeeboo","18":"pa_profondita-270-mm","19":"pa_serie-giraffe-in-love","20":"pa_tipo-di-prodotto-lampada-da-terra","22":"first","23":"instock","24":"product-type-external"},"acf":[],"yoast_head":"<!-- This site is optimized with the Yoast SEO plugin v27.2 - https:\/\/yoast.com\/product\/yoast-seo-wordpress\/ -->\n<title>Lampada da Terra Giraffe in Love XS Nero design Marcantonio Raimondi Malerba for Qeeboo - SDM Product Selection<\/title>\n<meta name=\"description\" content=\"Giraffe In Love XS \u00e8 una giraffa che sostiene una replica in metallo del lampadario in stile Marie-Th\u00e9r\u00e8se.\" \/>\n<meta name=\"robots\" content=\"index, follow, max-snippet:-1, max-image-preview:large, max-video-preview:-1\" \/>\n<link rel=\"canonical\" href=\"https:\/\/socialdesignmagazine.com\/mag\/products-selection\/product\/lampada-da-terra-giraffe-in-love-xs-nero-design-marcantonio-raimondi-malerba-for-qeeboo\/\" \/>\n<meta property=\"og:locale\" content=\"it_IT\" \/>\n<meta property=\"og:type\" content=\"article\" \/>\n<meta property=\"og:title\" content=\"Lampada da Terra Giraffe in Love XS Nero design Marcantonio Raimondi Malerba for Qeeboo - SDM Product Selection\" \/>\n<meta property=\"og:description\" content=\"Giraffe In Love XS \u00e8 una giraffa che sostiene una replica in metallo del lampadario in stile Marie-Th\u00e9r\u00e8se.\" \/>\n<meta property=\"og:url\" content=\"https:\/\/socialdesignmagazine.com\/mag\/products-selection\/product\/lampada-da-terra-giraffe-in-love-xs-nero-design-marcantonio-raimondi-malerba-for-qeeboo\/\" \/>\n<meta property=\"og:site_name\" content=\"SDM Product Selection\" \/>\n<meta property=\"article:publisher\" content=\"https:\/\/www.facebook.com\/socialdesignmag\" \/>\n<meta property=\"article:modified_time\" content=\"2023-05-07T21:33:09+00:00\" \/>\n<meta property=\"og:image\" content=\"https:\/\/socialdesignmagazine.com\/mag\/products-selection\/wp-content\/uploads\/sites\/2\/2020\/12\/Lampada-da-Terra-Giraffe-in-Love-XS-Nero-Qeeboo-Marcantonio-Raimondi-Malerba-9.jpg\" \/>\n\t<meta property=\"og:image:width\" content=\"961\" \/>\n\t<meta property=\"og:image:height\" content=\"1500\" \/>\n\t<meta property=\"og:image:type\" content=\"image\/jpeg\" \/>\n<meta name=\"twitter:card\" content=\"summary_large_image\" \/>\n<meta name=\"twitter:site\" content=\"@socialdesignmag\" \/>\n<meta name=\"twitter:label1\" content=\"Tempo di lettura stimato\" \/>\n\t<meta name=\"twitter:data1\" content=\"1 minuto\" \/>\n<script type=\"application\/ld+json\" class=\"yoast-schema-graph\">{\"@context\":\"https:\/\/schema.org\",\"@graph\":[{\"@type\":\"WebPage\",\"@id\":\"https:\/\/socialdesignmagazine.com\/mag\/products-selection\/product\/lampada-da-terra-giraffe-in-love-xs-nero-design-marcantonio-raimondi-malerba-for-qeeboo\/\",\"url\":\"https:\/\/socialdesignmagazine.com\/mag\/products-selection\/product\/lampada-da-terra-giraffe-in-love-xs-nero-design-marcantonio-raimondi-malerba-for-qeeboo\/\",\"name\":\"Lampada da Terra Giraffe in Love XS Nero design Marcantonio Raimondi Malerba for Qeeboo - SDM Product Selection\",\"isPartOf\":{\"@id\":\"https:\/\/socialdesignmagazine.com\/mag\/products-selection\/#website\"},\"primaryImageOfPage\":{\"@id\":\"https:\/\/socialdesignmagazine.com\/mag\/products-selection\/product\/lampada-da-terra-giraffe-in-love-xs-nero-design-marcantonio-raimondi-malerba-for-qeeboo\/#primaryimage\"},\"image\":{\"@id\":\"https:\/\/socialdesignmagazine.com\/mag\/products-selection\/product\/lampada-da-terra-giraffe-in-love-xs-nero-design-marcantonio-raimondi-malerba-for-qeeboo\/#primaryimage\"},\"thumbnailUrl\":\"https:\/\/socialdesignmagazine.com\/mag\/products-selection\/wp-content\/uploads\/sites\/2\/2020\/12\/Lampada-da-Terra-Giraffe-in-Love-XS-Nero-Qeeboo-Marcantonio-Raimondi-Malerba-9.jpg\",\"datePublished\":\"2020-12-01T08:46:47+00:00\",\"dateModified\":\"2023-05-07T21:33:09+00:00\",\"description\":\"Giraffe In Love XS \u00e8 una giraffa che sostiene una replica in metallo del lampadario in stile Marie-Th\u00e9r\u00e8se.\",\"breadcrumb\":{\"@id\":\"https:\/\/socialdesignmagazine.com\/mag\/products-selection\/product\/lampada-da-terra-giraffe-in-love-xs-nero-design-marcantonio-raimondi-malerba-for-qeeboo\/#breadcrumb\"},\"inLanguage\":\"it-IT\",\"potentialAction\":[{\"@type\":\"ReadAction\",\"target\":[\"https:\/\/socialdesignmagazine.com\/mag\/products-selection\/product\/lampada-da-terra-giraffe-in-love-xs-nero-design-marcantonio-raimondi-malerba-for-qeeboo\/\"]}]},{\"@type\":\"ImageObject\",\"inLanguage\":\"it-IT\",\"@id\":\"https:\/\/socialdesignmagazine.com\/mag\/products-selection\/product\/lampada-da-terra-giraffe-in-love-xs-nero-design-marcantonio-raimondi-malerba-for-qeeboo\/#primaryimage\",\"url\":\"https:\/\/socialdesignmagazine.com\/mag\/products-selection\/wp-content\/uploads\/sites\/2\/2020\/12\/Lampada-da-Terra-Giraffe-in-Love-XS-Nero-Qeeboo-Marcantonio-Raimondi-Malerba-9.jpg\",\"contentUrl\":\"https:\/\/socialdesignmagazine.com\/mag\/products-selection\/wp-content\/uploads\/sites\/2\/2020\/12\/Lampada-da-Terra-Giraffe-in-Love-XS-Nero-Qeeboo-Marcantonio-Raimondi-Malerba-9.jpg\",\"width\":961,\"height\":1500,\"caption\":\"Lampada da Terra Giraffe in Love XS Nero Qeeboo Marcantonio Raimondi Malerba 1\"},{\"@type\":\"BreadcrumbList\",\"@id\":\"https:\/\/socialdesignmagazine.com\/mag\/products-selection\/product\/lampada-da-terra-giraffe-in-love-xs-nero-design-marcantonio-raimondi-malerba-for-qeeboo\/#breadcrumb\",\"itemListElement\":[{\"@type\":\"ListItem\",\"position\":1,\"name\":\"Home\",\"item\":\"https:\/\/socialdesignmagazine.com\/mag\/products-selection\/\"},{\"@type\":\"ListItem\",\"position\":2,\"name\":\"Tutti i prodotti\",\"item\":\"https:\/\/socialdesignmagazine.com\/mag\/products-selection\/tutti-i-prodotti\/\"},{\"@type\":\"ListItem\",\"position\":3,\"name\":\"Lampada da Terra Giraffe in Love XS Nero design Marcantonio Raimondi Malerba for Qeeboo\"}]},{\"@type\":\"WebSite\",\"@id\":\"https:\/\/socialdesignmagazine.com\/mag\/products-selection\/#website\",\"url\":\"https:\/\/socialdesignmagazine.com\/mag\/products-selection\/\",\"name\":\"SDM Product Selection\",\"description\":\"Una selezioni di prodotti dei brand pi\u00f9 interessanti per arredare e progettare\",\"publisher\":{\"@id\":\"https:\/\/socialdesignmagazine.com\/mag\/products-selection\/#organization\"},\"potentialAction\":[{\"@type\":\"SearchAction\",\"target\":{\"@type\":\"EntryPoint\",\"urlTemplate\":\"https:\/\/socialdesignmagazine.com\/mag\/products-selection\/?s={search_term_string}\"},\"query-input\":{\"@type\":\"PropertyValueSpecification\",\"valueRequired\":true,\"valueName\":\"search_term_string\"}}],\"inLanguage\":\"it-IT\"},{\"@type\":\"Organization\",\"@id\":\"https:\/\/socialdesignmagazine.com\/mag\/products-selection\/#organization\",\"name\":\"Social Design Magazine\",\"url\":\"https:\/\/socialdesignmagazine.com\/mag\/products-selection\/\",\"logo\":{\"@type\":\"ImageObject\",\"inLanguage\":\"it-IT\",\"@id\":\"https:\/\/socialdesignmagazine.com\/mag\/products-selection\/#\/schema\/logo\/image\/\",\"url\":\"https:\/\/socialdesignmagazine.com\/mag\/products-selection\/wp-content\/uploads\/sites\/2\/2015\/05\/social-design-magazine-logo.png\",\"contentUrl\":\"https:\/\/socialdesignmagazine.com\/mag\/products-selection\/wp-content\/uploads\/sites\/2\/2015\/05\/social-design-magazine-logo.png\",\"width\":251,\"height\":101,\"caption\":\"Social Design Magazine\"},\"image\":{\"@id\":\"https:\/\/socialdesignmagazine.com\/mag\/products-selection\/#\/schema\/logo\/image\/\"},\"sameAs\":[\"https:\/\/www.facebook.com\/socialdesignmag\",\"https:\/\/x.com\/socialdesignmag\",\"http:\/\/instagram.com\/social_design_magazine\/\",\"http:\/\/pinterest.com\/socialdesignmag\/\",\"http:\/\/www.youtube.com\/user\/socialdesignmagazine\"]}]}<\/script>\n<!-- \/ Yoast SEO plugin. -->","yoast_head_json":{"title":"Lampada da Terra Giraffe in Love XS Nero design Marcantonio Raimondi Malerba for Qeeboo - SDM Product Selection","description":"Giraffe In Love XS \u00e8 una giraffa che sostiene una replica in metallo del lampadario in stile Marie-Th\u00e9r\u00e8se.","robots":{"index":"index","follow":"follow","max-snippet":"max-snippet:-1","max-image-preview":"max-image-preview:large","max-video-preview":"max-video-preview:-1"},"canonical":"https:\/\/socialdesignmagazine.com\/mag\/products-selection\/product\/lampada-da-terra-giraffe-in-love-xs-nero-design-marcantonio-raimondi-malerba-for-qeeboo\/","og_locale":"it_IT","og_type":"article","og_title":"Lampada da Terra Giraffe in Love XS Nero design Marcantonio Raimondi Malerba for Qeeboo - SDM Product Selection","og_description":"Giraffe In Love XS \u00e8 una giraffa che sostiene una replica in metallo del lampadario in stile Marie-Th\u00e9r\u00e8se.","og_url":"https:\/\/socialdesignmagazine.com\/mag\/products-selection\/product\/lampada-da-terra-giraffe-in-love-xs-nero-design-marcantonio-raimondi-malerba-for-qeeboo\/","og_site_name":"SDM Product Selection","article_publisher":"https:\/\/www.facebook.com\/socialdesignmag","article_modified_time":"2023-05-07T21:33:09+00:00","og_image":[{"width":961,"height":1500,"url":"https:\/\/socialdesignmagazine.com\/mag\/products-selection\/wp-content\/uploads\/sites\/2\/2020\/12\/Lampada-da-Terra-Giraffe-in-Love-XS-Nero-Qeeboo-Marcantonio-Raimondi-Malerba-9.jpg","type":"image\/jpeg"}],"twitter_card":"summary_large_image","twitter_site":"@socialdesignmag","twitter_misc":{"Tempo di lettura stimato":"1 minuto"},"schema":{"@context":"https:\/\/schema.org","@graph":[{"@type":"WebPage","@id":"https:\/\/socialdesignmagazine.com\/mag\/products-selection\/product\/lampada-da-terra-giraffe-in-love-xs-nero-design-marcantonio-raimondi-malerba-for-qeeboo\/","url":"https:\/\/socialdesignmagazine.com\/mag\/products-selection\/product\/lampada-da-terra-giraffe-in-love-xs-nero-design-marcantonio-raimondi-malerba-for-qeeboo\/","name":"Lampada da Terra Giraffe in Love XS Nero design Marcantonio Raimondi Malerba for Qeeboo - SDM Product Selection","isPartOf":{"@id":"https:\/\/socialdesignmagazine.com\/mag\/products-selection\/#website"},"primaryImageOfPage":{"@id":"https:\/\/socialdesignmagazine.com\/mag\/products-selection\/product\/lampada-da-terra-giraffe-in-love-xs-nero-design-marcantonio-raimondi-malerba-for-qeeboo\/#primaryimage"},"image":{"@id":"https:\/\/socialdesignmagazine.com\/mag\/products-selection\/product\/lampada-da-terra-giraffe-in-love-xs-nero-design-marcantonio-raimondi-malerba-for-qeeboo\/#primaryimage"},"thumbnailUrl":"https:\/\/socialdesignmagazine.com\/mag\/products-selection\/wp-content\/uploads\/sites\/2\/2020\/12\/Lampada-da-Terra-Giraffe-in-Love-XS-Nero-Qeeboo-Marcantonio-Raimondi-Malerba-9.jpg","datePublished":"2020-12-01T08:46:47+00:00","dateModified":"2023-05-07T21:33:09+00:00","description":"Giraffe In Love XS \u00e8 una giraffa che sostiene una replica in metallo del lampadario in stile Marie-Th\u00e9r\u00e8se.","breadcrumb":{"@id":"https:\/\/socialdesignmagazine.com\/mag\/products-selection\/product\/lampada-da-terra-giraffe-in-love-xs-nero-design-marcantonio-raimondi-malerba-for-qeeboo\/#breadcrumb"},"inLanguage":"it-IT","potentialAction":[{"@type":"ReadAction","target":["https:\/\/socialdesignmagazine.com\/mag\/products-selection\/product\/lampada-da-terra-giraffe-in-love-xs-nero-design-marcantonio-raimondi-malerba-for-qeeboo\/"]}]},{"@type":"ImageObject","inLanguage":"it-IT","@id":"https:\/\/socialdesignmagazine.com\/mag\/products-selection\/product\/lampada-da-terra-giraffe-in-love-xs-nero-design-marcantonio-raimondi-malerba-for-qeeboo\/#primaryimage","url":"https:\/\/socialdesignmagazine.com\/mag\/products-selection\/wp-content\/uploads\/sites\/2\/2020\/12\/Lampada-da-Terra-Giraffe-in-Love-XS-Nero-Qeeboo-Marcantonio-Raimondi-Malerba-9.jpg","contentUrl":"https:\/\/socialdesignmagazine.com\/mag\/products-selection\/wp-content\/uploads\/sites\/2\/2020\/12\/Lampada-da-Terra-Giraffe-in-Love-XS-Nero-Qeeboo-Marcantonio-Raimondi-Malerba-9.jpg","width":961,"height":1500,"caption":"Lampada da Terra Giraffe in Love XS Nero Qeeboo Marcantonio Raimondi Malerba 1"},{"@type":"BreadcrumbList","@id":"https:\/\/socialdesignmagazine.com\/mag\/products-selection\/product\/lampada-da-terra-giraffe-in-love-xs-nero-design-marcantonio-raimondi-malerba-for-qeeboo\/#breadcrumb","itemListElement":[{"@type":"ListItem","position":1,"name":"Home","item":"https:\/\/socialdesignmagazine.com\/mag\/products-selection\/"},{"@type":"ListItem","position":2,"name":"Tutti i prodotti","item":"https:\/\/socialdesignmagazine.com\/mag\/products-selection\/tutti-i-prodotti\/"},{"@type":"ListItem","position":3,"name":"Lampada da Terra Giraffe in Love XS Nero design Marcantonio Raimondi Malerba for Qeeboo"}]},{"@type":"WebSite","@id":"https:\/\/socialdesignmagazine.com\/mag\/products-selection\/#website","url":"https:\/\/socialdesignmagazine.com\/mag\/products-selection\/","name":"SDM Product Selection","description":"Una selezioni di prodotti dei brand pi\u00f9 interessanti per arredare e progettare","publisher":{"@id":"https:\/\/socialdesignmagazine.com\/mag\/products-selection\/#organization"},"potentialAction":[{"@type":"SearchAction","target":{"@type":"EntryPoint","urlTemplate":"https:\/\/socialdesignmagazine.com\/mag\/products-selection\/?s={search_term_string}"},"query-input":{"@type":"PropertyValueSpecification","valueRequired":true,"valueName":"search_term_string"}}],"inLanguage":"it-IT"},{"@type":"Organization","@id":"https:\/\/socialdesignmagazine.com\/mag\/products-selection\/#organization","name":"Social Design Magazine","url":"https:\/\/socialdesignmagazine.com\/mag\/products-selection\/","logo":{"@type":"ImageObject","inLanguage":"it-IT","@id":"https:\/\/socialdesignmagazine.com\/mag\/products-selection\/#\/schema\/logo\/image\/","url":"https:\/\/socialdesignmagazine.com\/mag\/products-selection\/wp-content\/uploads\/sites\/2\/2015\/05\/social-design-magazine-logo.png","contentUrl":"https:\/\/socialdesignmagazine.com\/mag\/products-selection\/wp-content\/uploads\/sites\/2\/2015\/05\/social-design-magazine-logo.png","width":251,"height":101,"caption":"Social Design Magazine"},"image":{"@id":"https:\/\/socialdesignmagazine.com\/mag\/products-selection\/#\/schema\/logo\/image\/"},"sameAs":["https:\/\/www.facebook.com\/socialdesignmag","https:\/\/x.com\/socialdesignmag","http:\/\/instagram.com\/social_design_magazine\/","http:\/\/pinterest.com\/socialdesignmag\/","http:\/\/www.youtube.com\/user\/socialdesignmagazine"]}]}},"jetpack_publicize_connections":[],"jetpack_sharing_enabled":true,"brands":[{"id":2650,"name":"Qeeboo","slug":"qeeboo"}],"_links":{"self":[{"href":"https:\/\/socialdesignmagazine.com\/mag\/products-selection\/wp-json\/wp\/v2\/product\/131879","targetHints":{"allow":["GET"]}}],"collection":[{"href":"https:\/\/socialdesignmagazine.com\/mag\/products-selection\/wp-json\/wp\/v2\/product"}],"about":[{"href":"https:\/\/socialdesignmagazine.com\/mag\/products-selection\/wp-json\/wp\/v2\/types\/product"}],"wp:featuredmedia":[{"embeddable":true,"href":"https:\/\/socialdesignmagazine.com\/mag\/products-selection\/wp-json\/wp\/v2\/media\/139109"}],"wp:attachment":[{"href":"https:\/\/socialdesignmagazine.com\/mag\/products-selection\/wp-json\/wp\/v2\/media?parent=131879"}],"wp:term":[{"taxonomy":"pwb-brand","embeddable":true,"href":"https:\/\/socialdesignmagazine.com\/mag\/products-selection\/wp-json\/wp\/v2\/pwb-brand?post=131879"},{"taxonomy":"product_brand","embeddable":true,"href":"https:\/\/socialdesignmagazine.com\/mag\/products-selection\/wp-json\/wp\/v2\/product_brand?post=131879"},{"taxonomy":"product_cat","embeddable":true,"href":"https:\/\/socialdesignmagazine.com\/mag\/products-selection\/wp-json\/wp\/v2\/product_cat?post=131879"},{"taxonomy":"product_tag","embeddable":true,"href":"https:\/\/socialdesignmagazine.com\/mag\/products-selection\/wp-json\/wp\/v2\/product_tag?post=131879"}],"curies":[{"name":"wp","href":"https:\/\/api.w.org\/{rel}","templated":true}]}}