{"id":133884,"date":"2020-12-07T13:12:26","date_gmt":"2020-12-07T12:12:26","guid":{"rendered":"https:\/\/socialdesignmagazine.com\/mag\/products-selection\/?post_type=product&#038;p=133884"},"modified":"2023-05-07T23:34:03","modified_gmt":"2023-05-07T21:34:03","slug":"lampada-da-terra-kong-avorio-design-stefano-giovannoni-for-qeeboo","status":"publish","type":"product","link":"https:\/\/socialdesignmagazine.com\/mag\/products-selection\/product\/lampada-da-terra-kong-avorio-design-stefano-giovannoni-for-qeeboo\/","title":{"rendered":"Lampada da Terra Kong Avorio design Stefano Giovannoni for Qeeboo"},"content":{"rendered":"<p>Kong \u00e8 una lampada a forma di gorilla con un braccio regolabile per dirigere il fascio di luce a diverse angolazioni. Adatto per ambienti interni ed esterni.<\/p>\n<p>Disponibile in 3 colori.<\/p>\n<p>\u00c8 passato del tempo dal suo debutto cinematografico nel 1933: (King) Kong, la bestia feroce divenne un buon eroe quando i sentimenti iniziarono a riemergere e, con riluttanza, abbandon\u00f2 la giungla. La citt\u00e0 ora sembra essere diventata casa, che sia New York o qualsiasi altra citt\u00e0. Il Kong di Stefano Giovannoni \u00e8 sorprendentemente tecnologico e quasi umano. \u00c8 fuori scala per essere un giocattolo, fuori scala per essere una lampada, ma \u00e8 fuori scala anche per essere un gorilla. Kong diventa un oggetto potente, con un braccio regolabile per dirigere il fascio luminoso con diverse angolazioni, regolabile all&#8217;infinito e con innumerevoli utilizzi. Soprattutto, Kong non fa pi\u00f9 paura grazie all&#8217;immaginazione e alla creativit\u00e0 del designer.<\/p>\n","protected":false},"excerpt":{"rendered":"<p>Kong \u00e8 una lampada a forma di gorilla con un braccio regolabile per dirigere il fascio di luce a diverse angolazioni. Adatto per ambienti interni ed esterni.<\/p>\n","protected":false},"featured_media":139210,"template":"","meta":{"_acf_changed":false,"jetpack_post_was_ever_published":false,"jetpack_publicize_message":"","jetpack_publicize_feature_enabled":true,"jetpack_social_post_already_shared":false,"jetpack_social_options":{"image_generator_settings":{"template":"highway","default_image_id":0,"font":"","enabled":false},"version":2}},"pwb-brand":[2650],"product_brand":[],"product_cat":[607,546,312,316,547,492,840],"product_tag":[102,531],"class_list":{"0":"post-133884","1":"product","2":"type-product","3":"status-publish","4":"has-post-thumbnail","6":"pwb-brand-qeeboo","7":"product_cat-designers","8":"product_cat-illuminazione-outdoor","9":"product_cat-illuminazione","10":"product_cat-lampada-da-terra-illuminazione","11":"product_cat-lampada-da-terra","12":"product_cat-outdoor","13":"product_cat-stefano-giovannoni","14":"product_tag-lampada-da-terra","15":"product_tag-outdoor","16":"pa_altezza-1400-mm","17":"pa_colore-avorio","18":"pa_designer-stefano-giovannoni","19":"pa_larghezza-770-mm","20":"pa_materiale-polietilene","21":"pa_produttore-qeeboo","22":"pa_profondita-1800-mm","23":"pa_serie-kong","24":"pa_tipo-di-prodotto-lampada-da-terra","26":"first","27":"instock","28":"product-type-external"},"acf":[],"yoast_head":"<!-- This site is optimized with the Yoast SEO plugin v27.2 - https:\/\/yoast.com\/product\/yoast-seo-wordpress\/ -->\n<title>Lampada da Terra Kong Avorio design Stefano Giovannoni for Qeeboo - SDM Product Selection<\/title>\n<meta name=\"description\" content=\"Kong \u00e8 una lampada a forma di gorilla con un braccio regolabile per dirigere il fascio di luce a diverse angolazioni. Adatto per ambienti interni ed esterni.\" \/>\n<meta name=\"robots\" content=\"index, follow, max-snippet:-1, max-image-preview:large, max-video-preview:-1\" \/>\n<link rel=\"canonical\" href=\"https:\/\/socialdesignmagazine.com\/mag\/products-selection\/product\/lampada-da-terra-kong-avorio-design-stefano-giovannoni-for-qeeboo\/\" \/>\n<meta property=\"og:locale\" content=\"it_IT\" \/>\n<meta property=\"og:type\" content=\"article\" \/>\n<meta property=\"og:title\" content=\"Lampada da Terra Kong Avorio design Stefano Giovannoni for Qeeboo - SDM Product Selection\" \/>\n<meta property=\"og:description\" content=\"Kong \u00e8 una lampada a forma di gorilla con un braccio regolabile per dirigere il fascio di luce a diverse angolazioni. Adatto per ambienti interni ed esterni.\" \/>\n<meta property=\"og:url\" content=\"https:\/\/socialdesignmagazine.com\/mag\/products-selection\/product\/lampada-da-terra-kong-avorio-design-stefano-giovannoni-for-qeeboo\/\" \/>\n<meta property=\"og:site_name\" content=\"SDM Product Selection\" \/>\n<meta property=\"article:publisher\" content=\"https:\/\/www.facebook.com\/socialdesignmag\" \/>\n<meta property=\"article:modified_time\" content=\"2023-05-07T21:34:03+00:00\" \/>\n<meta property=\"og:image\" content=\"https:\/\/socialdesignmagazine.com\/mag\/products-selection\/wp-content\/uploads\/sites\/2\/2020\/12\/Lampada-da-Terra-Kong-Avorio-Qeeboo-Stefano-Giovannoni-3.jpg\" \/>\n\t<meta property=\"og:image:width\" content=\"1500\" \/>\n\t<meta property=\"og:image:height\" content=\"1195\" \/>\n\t<meta property=\"og:image:type\" content=\"image\/jpeg\" \/>\n<meta name=\"twitter:card\" content=\"summary_large_image\" \/>\n<meta name=\"twitter:site\" content=\"@socialdesignmag\" \/>\n<meta name=\"twitter:label1\" content=\"Tempo di lettura stimato\" \/>\n\t<meta name=\"twitter:data1\" content=\"1 minuto\" \/>\n<script type=\"application\/ld+json\" class=\"yoast-schema-graph\">{\"@context\":\"https:\/\/schema.org\",\"@graph\":[{\"@type\":\"WebPage\",\"@id\":\"https:\/\/socialdesignmagazine.com\/mag\/products-selection\/product\/lampada-da-terra-kong-avorio-design-stefano-giovannoni-for-qeeboo\/\",\"url\":\"https:\/\/socialdesignmagazine.com\/mag\/products-selection\/product\/lampada-da-terra-kong-avorio-design-stefano-giovannoni-for-qeeboo\/\",\"name\":\"Lampada da Terra Kong Avorio design Stefano Giovannoni for Qeeboo - SDM Product Selection\",\"isPartOf\":{\"@id\":\"https:\/\/socialdesignmagazine.com\/mag\/products-selection\/#website\"},\"primaryImageOfPage\":{\"@id\":\"https:\/\/socialdesignmagazine.com\/mag\/products-selection\/product\/lampada-da-terra-kong-avorio-design-stefano-giovannoni-for-qeeboo\/#primaryimage\"},\"image\":{\"@id\":\"https:\/\/socialdesignmagazine.com\/mag\/products-selection\/product\/lampada-da-terra-kong-avorio-design-stefano-giovannoni-for-qeeboo\/#primaryimage\"},\"thumbnailUrl\":\"https:\/\/socialdesignmagazine.com\/mag\/products-selection\/wp-content\/uploads\/sites\/2\/2020\/12\/Lampada-da-Terra-Kong-Avorio-Qeeboo-Stefano-Giovannoni-3.jpg\",\"datePublished\":\"2020-12-07T12:12:26+00:00\",\"dateModified\":\"2023-05-07T21:34:03+00:00\",\"description\":\"Kong \u00e8 una lampada a forma di gorilla con un braccio regolabile per dirigere il fascio di luce a diverse angolazioni. Adatto per ambienti interni ed esterni.\",\"breadcrumb\":{\"@id\":\"https:\/\/socialdesignmagazine.com\/mag\/products-selection\/product\/lampada-da-terra-kong-avorio-design-stefano-giovannoni-for-qeeboo\/#breadcrumb\"},\"inLanguage\":\"it-IT\",\"potentialAction\":[{\"@type\":\"ReadAction\",\"target\":[\"https:\/\/socialdesignmagazine.com\/mag\/products-selection\/product\/lampada-da-terra-kong-avorio-design-stefano-giovannoni-for-qeeboo\/\"]}]},{\"@type\":\"ImageObject\",\"inLanguage\":\"it-IT\",\"@id\":\"https:\/\/socialdesignmagazine.com\/mag\/products-selection\/product\/lampada-da-terra-kong-avorio-design-stefano-giovannoni-for-qeeboo\/#primaryimage\",\"url\":\"https:\/\/socialdesignmagazine.com\/mag\/products-selection\/wp-content\/uploads\/sites\/2\/2020\/12\/Lampada-da-Terra-Kong-Avorio-Qeeboo-Stefano-Giovannoni-3.jpg\",\"contentUrl\":\"https:\/\/socialdesignmagazine.com\/mag\/products-selection\/wp-content\/uploads\/sites\/2\/2020\/12\/Lampada-da-Terra-Kong-Avorio-Qeeboo-Stefano-Giovannoni-3.jpg\",\"width\":1500,\"height\":1195,\"caption\":\"Lampada da Terra Kong Avorio Qeeboo Stefano Giovannoni 1\"},{\"@type\":\"BreadcrumbList\",\"@id\":\"https:\/\/socialdesignmagazine.com\/mag\/products-selection\/product\/lampada-da-terra-kong-avorio-design-stefano-giovannoni-for-qeeboo\/#breadcrumb\",\"itemListElement\":[{\"@type\":\"ListItem\",\"position\":1,\"name\":\"Home\",\"item\":\"https:\/\/socialdesignmagazine.com\/mag\/products-selection\/\"},{\"@type\":\"ListItem\",\"position\":2,\"name\":\"Tutti i prodotti\",\"item\":\"https:\/\/socialdesignmagazine.com\/mag\/products-selection\/tutti-i-prodotti\/\"},{\"@type\":\"ListItem\",\"position\":3,\"name\":\"Lampada da Terra Kong Avorio design Stefano Giovannoni for Qeeboo\"}]},{\"@type\":\"WebSite\",\"@id\":\"https:\/\/socialdesignmagazine.com\/mag\/products-selection\/#website\",\"url\":\"https:\/\/socialdesignmagazine.com\/mag\/products-selection\/\",\"name\":\"SDM Product Selection\",\"description\":\"Una selezioni di prodotti dei brand pi\u00f9 interessanti per arredare e progettare\",\"publisher\":{\"@id\":\"https:\/\/socialdesignmagazine.com\/mag\/products-selection\/#organization\"},\"potentialAction\":[{\"@type\":\"SearchAction\",\"target\":{\"@type\":\"EntryPoint\",\"urlTemplate\":\"https:\/\/socialdesignmagazine.com\/mag\/products-selection\/?s={search_term_string}\"},\"query-input\":{\"@type\":\"PropertyValueSpecification\",\"valueRequired\":true,\"valueName\":\"search_term_string\"}}],\"inLanguage\":\"it-IT\"},{\"@type\":\"Organization\",\"@id\":\"https:\/\/socialdesignmagazine.com\/mag\/products-selection\/#organization\",\"name\":\"Social Design Magazine\",\"url\":\"https:\/\/socialdesignmagazine.com\/mag\/products-selection\/\",\"logo\":{\"@type\":\"ImageObject\",\"inLanguage\":\"it-IT\",\"@id\":\"https:\/\/socialdesignmagazine.com\/mag\/products-selection\/#\/schema\/logo\/image\/\",\"url\":\"https:\/\/socialdesignmagazine.com\/mag\/products-selection\/wp-content\/uploads\/sites\/2\/2015\/05\/social-design-magazine-logo.png\",\"contentUrl\":\"https:\/\/socialdesignmagazine.com\/mag\/products-selection\/wp-content\/uploads\/sites\/2\/2015\/05\/social-design-magazine-logo.png\",\"width\":251,\"height\":101,\"caption\":\"Social Design Magazine\"},\"image\":{\"@id\":\"https:\/\/socialdesignmagazine.com\/mag\/products-selection\/#\/schema\/logo\/image\/\"},\"sameAs\":[\"https:\/\/www.facebook.com\/socialdesignmag\",\"https:\/\/x.com\/socialdesignmag\",\"http:\/\/instagram.com\/social_design_magazine\/\",\"http:\/\/pinterest.com\/socialdesignmag\/\",\"http:\/\/www.youtube.com\/user\/socialdesignmagazine\"]}]}<\/script>\n<!-- \/ Yoast SEO plugin. -->","yoast_head_json":{"title":"Lampada da Terra Kong Avorio design Stefano Giovannoni for Qeeboo - SDM Product Selection","description":"Kong \u00e8 una lampada a forma di gorilla con un braccio regolabile per dirigere il fascio di luce a diverse angolazioni. Adatto per ambienti interni ed esterni.","robots":{"index":"index","follow":"follow","max-snippet":"max-snippet:-1","max-image-preview":"max-image-preview:large","max-video-preview":"max-video-preview:-1"},"canonical":"https:\/\/socialdesignmagazine.com\/mag\/products-selection\/product\/lampada-da-terra-kong-avorio-design-stefano-giovannoni-for-qeeboo\/","og_locale":"it_IT","og_type":"article","og_title":"Lampada da Terra Kong Avorio design Stefano Giovannoni for Qeeboo - SDM Product Selection","og_description":"Kong \u00e8 una lampada a forma di gorilla con un braccio regolabile per dirigere il fascio di luce a diverse angolazioni. Adatto per ambienti interni ed esterni.","og_url":"https:\/\/socialdesignmagazine.com\/mag\/products-selection\/product\/lampada-da-terra-kong-avorio-design-stefano-giovannoni-for-qeeboo\/","og_site_name":"SDM Product Selection","article_publisher":"https:\/\/www.facebook.com\/socialdesignmag","article_modified_time":"2023-05-07T21:34:03+00:00","og_image":[{"width":1500,"height":1195,"url":"https:\/\/socialdesignmagazine.com\/mag\/products-selection\/wp-content\/uploads\/sites\/2\/2020\/12\/Lampada-da-Terra-Kong-Avorio-Qeeboo-Stefano-Giovannoni-3.jpg","type":"image\/jpeg"}],"twitter_card":"summary_large_image","twitter_site":"@socialdesignmag","twitter_misc":{"Tempo di lettura stimato":"1 minuto"},"schema":{"@context":"https:\/\/schema.org","@graph":[{"@type":"WebPage","@id":"https:\/\/socialdesignmagazine.com\/mag\/products-selection\/product\/lampada-da-terra-kong-avorio-design-stefano-giovannoni-for-qeeboo\/","url":"https:\/\/socialdesignmagazine.com\/mag\/products-selection\/product\/lampada-da-terra-kong-avorio-design-stefano-giovannoni-for-qeeboo\/","name":"Lampada da Terra Kong Avorio design Stefano Giovannoni for Qeeboo - SDM Product Selection","isPartOf":{"@id":"https:\/\/socialdesignmagazine.com\/mag\/products-selection\/#website"},"primaryImageOfPage":{"@id":"https:\/\/socialdesignmagazine.com\/mag\/products-selection\/product\/lampada-da-terra-kong-avorio-design-stefano-giovannoni-for-qeeboo\/#primaryimage"},"image":{"@id":"https:\/\/socialdesignmagazine.com\/mag\/products-selection\/product\/lampada-da-terra-kong-avorio-design-stefano-giovannoni-for-qeeboo\/#primaryimage"},"thumbnailUrl":"https:\/\/socialdesignmagazine.com\/mag\/products-selection\/wp-content\/uploads\/sites\/2\/2020\/12\/Lampada-da-Terra-Kong-Avorio-Qeeboo-Stefano-Giovannoni-3.jpg","datePublished":"2020-12-07T12:12:26+00:00","dateModified":"2023-05-07T21:34:03+00:00","description":"Kong \u00e8 una lampada a forma di gorilla con un braccio regolabile per dirigere il fascio di luce a diverse angolazioni. Adatto per ambienti interni ed esterni.","breadcrumb":{"@id":"https:\/\/socialdesignmagazine.com\/mag\/products-selection\/product\/lampada-da-terra-kong-avorio-design-stefano-giovannoni-for-qeeboo\/#breadcrumb"},"inLanguage":"it-IT","potentialAction":[{"@type":"ReadAction","target":["https:\/\/socialdesignmagazine.com\/mag\/products-selection\/product\/lampada-da-terra-kong-avorio-design-stefano-giovannoni-for-qeeboo\/"]}]},{"@type":"ImageObject","inLanguage":"it-IT","@id":"https:\/\/socialdesignmagazine.com\/mag\/products-selection\/product\/lampada-da-terra-kong-avorio-design-stefano-giovannoni-for-qeeboo\/#primaryimage","url":"https:\/\/socialdesignmagazine.com\/mag\/products-selection\/wp-content\/uploads\/sites\/2\/2020\/12\/Lampada-da-Terra-Kong-Avorio-Qeeboo-Stefano-Giovannoni-3.jpg","contentUrl":"https:\/\/socialdesignmagazine.com\/mag\/products-selection\/wp-content\/uploads\/sites\/2\/2020\/12\/Lampada-da-Terra-Kong-Avorio-Qeeboo-Stefano-Giovannoni-3.jpg","width":1500,"height":1195,"caption":"Lampada da Terra Kong Avorio Qeeboo Stefano Giovannoni 1"},{"@type":"BreadcrumbList","@id":"https:\/\/socialdesignmagazine.com\/mag\/products-selection\/product\/lampada-da-terra-kong-avorio-design-stefano-giovannoni-for-qeeboo\/#breadcrumb","itemListElement":[{"@type":"ListItem","position":1,"name":"Home","item":"https:\/\/socialdesignmagazine.com\/mag\/products-selection\/"},{"@type":"ListItem","position":2,"name":"Tutti i prodotti","item":"https:\/\/socialdesignmagazine.com\/mag\/products-selection\/tutti-i-prodotti\/"},{"@type":"ListItem","position":3,"name":"Lampada da Terra Kong Avorio design Stefano Giovannoni for Qeeboo"}]},{"@type":"WebSite","@id":"https:\/\/socialdesignmagazine.com\/mag\/products-selection\/#website","url":"https:\/\/socialdesignmagazine.com\/mag\/products-selection\/","name":"SDM Product Selection","description":"Una selezioni di prodotti dei brand pi\u00f9 interessanti per arredare e progettare","publisher":{"@id":"https:\/\/socialdesignmagazine.com\/mag\/products-selection\/#organization"},"potentialAction":[{"@type":"SearchAction","target":{"@type":"EntryPoint","urlTemplate":"https:\/\/socialdesignmagazine.com\/mag\/products-selection\/?s={search_term_string}"},"query-input":{"@type":"PropertyValueSpecification","valueRequired":true,"valueName":"search_term_string"}}],"inLanguage":"it-IT"},{"@type":"Organization","@id":"https:\/\/socialdesignmagazine.com\/mag\/products-selection\/#organization","name":"Social Design Magazine","url":"https:\/\/socialdesignmagazine.com\/mag\/products-selection\/","logo":{"@type":"ImageObject","inLanguage":"it-IT","@id":"https:\/\/socialdesignmagazine.com\/mag\/products-selection\/#\/schema\/logo\/image\/","url":"https:\/\/socialdesignmagazine.com\/mag\/products-selection\/wp-content\/uploads\/sites\/2\/2015\/05\/social-design-magazine-logo.png","contentUrl":"https:\/\/socialdesignmagazine.com\/mag\/products-selection\/wp-content\/uploads\/sites\/2\/2015\/05\/social-design-magazine-logo.png","width":251,"height":101,"caption":"Social Design Magazine"},"image":{"@id":"https:\/\/socialdesignmagazine.com\/mag\/products-selection\/#\/schema\/logo\/image\/"},"sameAs":["https:\/\/www.facebook.com\/socialdesignmag","https:\/\/x.com\/socialdesignmag","http:\/\/instagram.com\/social_design_magazine\/","http:\/\/pinterest.com\/socialdesignmag\/","http:\/\/www.youtube.com\/user\/socialdesignmagazine"]}]}},"jetpack_publicize_connections":[],"jetpack_sharing_enabled":true,"brands":[{"id":2650,"name":"Qeeboo","slug":"qeeboo"}],"_links":{"self":[{"href":"https:\/\/socialdesignmagazine.com\/mag\/products-selection\/wp-json\/wp\/v2\/product\/133884","targetHints":{"allow":["GET"]}}],"collection":[{"href":"https:\/\/socialdesignmagazine.com\/mag\/products-selection\/wp-json\/wp\/v2\/product"}],"about":[{"href":"https:\/\/socialdesignmagazine.com\/mag\/products-selection\/wp-json\/wp\/v2\/types\/product"}],"wp:featuredmedia":[{"embeddable":true,"href":"https:\/\/socialdesignmagazine.com\/mag\/products-selection\/wp-json\/wp\/v2\/media\/139210"}],"wp:attachment":[{"href":"https:\/\/socialdesignmagazine.com\/mag\/products-selection\/wp-json\/wp\/v2\/media?parent=133884"}],"wp:term":[{"taxonomy":"pwb-brand","embeddable":true,"href":"https:\/\/socialdesignmagazine.com\/mag\/products-selection\/wp-json\/wp\/v2\/pwb-brand?post=133884"},{"taxonomy":"product_brand","embeddable":true,"href":"https:\/\/socialdesignmagazine.com\/mag\/products-selection\/wp-json\/wp\/v2\/product_brand?post=133884"},{"taxonomy":"product_cat","embeddable":true,"href":"https:\/\/socialdesignmagazine.com\/mag\/products-selection\/wp-json\/wp\/v2\/product_cat?post=133884"},{"taxonomy":"product_tag","embeddable":true,"href":"https:\/\/socialdesignmagazine.com\/mag\/products-selection\/wp-json\/wp\/v2\/product_tag?post=133884"}],"curies":[{"name":"wp","href":"https:\/\/api.w.org\/{rel}","templated":true}]}}