{"id":139502,"date":"2020-12-16T12:40:29","date_gmt":"2020-12-16T11:40:29","guid":{"rendered":"https:\/\/socialdesignmagazine.com\/mag\/products-selection\/?post_type=product&#038;p=139502"},"modified":"2020-12-27T22:54:23","modified_gmt":"2020-12-27T21:54:23","slug":"ciotola-alvar-aalto-h-50-mm-bianco-design-alvar-aalto-for-iittala","status":"publish","type":"product","link":"https:\/\/socialdesignmagazine.com\/mag\/products-selection\/product\/ciotola-alvar-aalto-h-50-mm-bianco-design-alvar-aalto-for-iittala\/","title":{"rendered":"Ciotola Alvar Aalto &#8211; H 50 mm Bianco design Alvar Aalto for Iittala"},"content":{"rendered":"<p>Nel 1936, la serie di vasi in vetro di Alvar Aalto vinse il primo premio nel 1936 Karhula-Iittala Glass Design Competition. Rispetto agli oggetti decorativi dell&#8217;epoca, la forma semplice ma organica di questo vaso era un&#8217;affermazione rivoluzionaria. Ispirato dalle onde (\u201caalto\u201d in finlandese) nell&#8217;acqua, il vaso \u00e8 un simbolo del design finlandese e uno degli oggetti in vetro pi\u00f9 famosi al mondo.<\/p>\n<p>Ogni vaso della collezione Alvar Aalto continua ad essere soffiato a bocca nello stabilimento di Iittala ed \u00e8 disponibile in un&#8217;ampia gamma di colori e dimensioni. La collezione \u00e8 un punto fermo del moderno design scandinavo e la serie pi\u00f9 iconica di Iittala.<\/p>\n","protected":false},"excerpt":{"rendered":"<p>Ogni vaso della collezione Alvar Aalto continua ad essere soffiato a bocca nello stabilimento di Iittala ed \u00e8 disponibile in un&#8217;ampia gamma di colori e dimensioni.<\/p>\n","protected":false},"featured_media":139538,"template":"","meta":{"_acf_changed":false,"jetpack_post_was_ever_published":false,"jetpack_publicize_message":"","jetpack_publicize_feature_enabled":true,"jetpack_social_post_already_shared":false,"jetpack_social_options":{"image_generator_settings":{"template":"highway","default_image_id":0,"font":"","enabled":false},"version":2}},"pwb-brand":[2885],"product_brand":[],"product_cat":[2886,416,290,607,291],"product_tag":[417],"class_list":{"0":"post-139502","1":"product","2":"type-product","3":"status-publish","4":"has-post-thumbnail","6":"pwb-brand-iittala","7":"product_cat-alvar-aalto","8":"product_cat-ciotola","9":"product_cat-cucina","10":"product_cat-designers","11":"product_cat-tavola","12":"product_tag-ciotola","13":"pa_altezza-50-mm","14":"pa_colore-bianco","15":"pa_designer-alvar-aalto","16":"pa_larghezza-195-mm","17":"pa_materiale-vetro-soffiato","18":"pa_produttore-iittala","19":"pa_serie-alvar-aalto-collection","20":"pa_tipo-di-prodotto-ciotola","22":"first","23":"instock","24":"product-type-external"},"acf":[],"yoast_head":"<!-- This site is optimized with the Yoast SEO plugin v27.2 - https:\/\/yoast.com\/product\/yoast-seo-wordpress\/ -->\n<title>Ciotola Alvar Aalto - H 50 mm Bianco design Alvar Aalto for Iittala - SDM Product Selection<\/title>\n<meta name=\"description\" content=\"Ogni vaso della collezione Alvar Aalto continua ad essere soffiato a bocca nello stabilimento di Iittala ed \u00e8 disponibile in un&#039;ampia gamma di colori e dimensioni.\" \/>\n<meta name=\"robots\" content=\"index, follow, max-snippet:-1, max-image-preview:large, max-video-preview:-1\" \/>\n<link rel=\"canonical\" href=\"https:\/\/socialdesignmagazine.com\/mag\/products-selection\/product\/ciotola-alvar-aalto-h-50-mm-bianco-design-alvar-aalto-for-iittala\/\" \/>\n<meta property=\"og:locale\" content=\"it_IT\" \/>\n<meta property=\"og:type\" content=\"article\" \/>\n<meta property=\"og:title\" content=\"Ciotola Alvar Aalto - H 50 mm Bianco design Alvar Aalto for Iittala - SDM Product Selection\" \/>\n<meta property=\"og:description\" content=\"Ogni vaso della collezione Alvar Aalto continua ad essere soffiato a bocca nello stabilimento di Iittala ed \u00e8 disponibile in un&#039;ampia gamma di colori e dimensioni.\" \/>\n<meta property=\"og:url\" content=\"https:\/\/socialdesignmagazine.com\/mag\/products-selection\/product\/ciotola-alvar-aalto-h-50-mm-bianco-design-alvar-aalto-for-iittala\/\" \/>\n<meta property=\"og:site_name\" content=\"SDM Product Selection\" \/>\n<meta property=\"article:publisher\" content=\"https:\/\/www.facebook.com\/socialdesignmag\" \/>\n<meta property=\"article:modified_time\" content=\"2020-12-27T21:54:23+00:00\" \/>\n<meta property=\"og:image\" content=\"https:\/\/socialdesignmagazine.com\/mag\/products-selection\/wp-content\/uploads\/sites\/2\/2020\/12\/Ciotola-Alvar-Aalto-H-50-mm-Bianco-Iittala-Alvar-Aalto.jpg\" \/>\n\t<meta property=\"og:image:width\" content=\"1050\" \/>\n\t<meta property=\"og:image:height\" content=\"539\" \/>\n\t<meta property=\"og:image:type\" content=\"image\/jpeg\" \/>\n<meta name=\"twitter:card\" content=\"summary_large_image\" \/>\n<meta name=\"twitter:site\" content=\"@socialdesignmag\" \/>\n<meta name=\"twitter:label1\" content=\"Tempo di lettura stimato\" \/>\n\t<meta name=\"twitter:data1\" content=\"1 minuto\" \/>\n<script type=\"application\/ld+json\" class=\"yoast-schema-graph\">{\"@context\":\"https:\/\/schema.org\",\"@graph\":[{\"@type\":\"WebPage\",\"@id\":\"https:\/\/socialdesignmagazine.com\/mag\/products-selection\/product\/ciotola-alvar-aalto-h-50-mm-bianco-design-alvar-aalto-for-iittala\/\",\"url\":\"https:\/\/socialdesignmagazine.com\/mag\/products-selection\/product\/ciotola-alvar-aalto-h-50-mm-bianco-design-alvar-aalto-for-iittala\/\",\"name\":\"Ciotola Alvar Aalto - H 50 mm Bianco design Alvar Aalto for Iittala - SDM Product Selection\",\"isPartOf\":{\"@id\":\"https:\/\/socialdesignmagazine.com\/mag\/products-selection\/#website\"},\"primaryImageOfPage\":{\"@id\":\"https:\/\/socialdesignmagazine.com\/mag\/products-selection\/product\/ciotola-alvar-aalto-h-50-mm-bianco-design-alvar-aalto-for-iittala\/#primaryimage\"},\"image\":{\"@id\":\"https:\/\/socialdesignmagazine.com\/mag\/products-selection\/product\/ciotola-alvar-aalto-h-50-mm-bianco-design-alvar-aalto-for-iittala\/#primaryimage\"},\"thumbnailUrl\":\"https:\/\/socialdesignmagazine.com\/mag\/products-selection\/wp-content\/uploads\/sites\/2\/2020\/12\/Ciotola-Alvar-Aalto-H-50-mm-Bianco-Iittala-Alvar-Aalto.jpg\",\"datePublished\":\"2020-12-16T11:40:29+00:00\",\"dateModified\":\"2020-12-27T21:54:23+00:00\",\"description\":\"Ogni vaso della collezione Alvar Aalto continua ad essere soffiato a bocca nello stabilimento di Iittala ed \u00e8 disponibile in un'ampia gamma di colori e dimensioni.\",\"breadcrumb\":{\"@id\":\"https:\/\/socialdesignmagazine.com\/mag\/products-selection\/product\/ciotola-alvar-aalto-h-50-mm-bianco-design-alvar-aalto-for-iittala\/#breadcrumb\"},\"inLanguage\":\"it-IT\",\"potentialAction\":[{\"@type\":\"ReadAction\",\"target\":[\"https:\/\/socialdesignmagazine.com\/mag\/products-selection\/product\/ciotola-alvar-aalto-h-50-mm-bianco-design-alvar-aalto-for-iittala\/\"]}]},{\"@type\":\"ImageObject\",\"inLanguage\":\"it-IT\",\"@id\":\"https:\/\/socialdesignmagazine.com\/mag\/products-selection\/product\/ciotola-alvar-aalto-h-50-mm-bianco-design-alvar-aalto-for-iittala\/#primaryimage\",\"url\":\"https:\/\/socialdesignmagazine.com\/mag\/products-selection\/wp-content\/uploads\/sites\/2\/2020\/12\/Ciotola-Alvar-Aalto-H-50-mm-Bianco-Iittala-Alvar-Aalto.jpg\",\"contentUrl\":\"https:\/\/socialdesignmagazine.com\/mag\/products-selection\/wp-content\/uploads\/sites\/2\/2020\/12\/Ciotola-Alvar-Aalto-H-50-mm-Bianco-Iittala-Alvar-Aalto.jpg\",\"width\":1050,\"height\":539,\"caption\":\"Ciotola Alvar Aalto - H 50 mm Bianco Iittala Alvar Aalto 1\"},{\"@type\":\"BreadcrumbList\",\"@id\":\"https:\/\/socialdesignmagazine.com\/mag\/products-selection\/product\/ciotola-alvar-aalto-h-50-mm-bianco-design-alvar-aalto-for-iittala\/#breadcrumb\",\"itemListElement\":[{\"@type\":\"ListItem\",\"position\":1,\"name\":\"Home\",\"item\":\"https:\/\/socialdesignmagazine.com\/mag\/products-selection\/\"},{\"@type\":\"ListItem\",\"position\":2,\"name\":\"Tutti i prodotti\",\"item\":\"https:\/\/socialdesignmagazine.com\/mag\/products-selection\/tutti-i-prodotti\/\"},{\"@type\":\"ListItem\",\"position\":3,\"name\":\"Ciotola Alvar Aalto &#8211; H 50 mm Bianco design Alvar Aalto for Iittala\"}]},{\"@type\":\"WebSite\",\"@id\":\"https:\/\/socialdesignmagazine.com\/mag\/products-selection\/#website\",\"url\":\"https:\/\/socialdesignmagazine.com\/mag\/products-selection\/\",\"name\":\"SDM Product Selection\",\"description\":\"Una selezioni di prodotti dei brand pi\u00f9 interessanti per arredare e progettare\",\"publisher\":{\"@id\":\"https:\/\/socialdesignmagazine.com\/mag\/products-selection\/#organization\"},\"potentialAction\":[{\"@type\":\"SearchAction\",\"target\":{\"@type\":\"EntryPoint\",\"urlTemplate\":\"https:\/\/socialdesignmagazine.com\/mag\/products-selection\/?s={search_term_string}\"},\"query-input\":{\"@type\":\"PropertyValueSpecification\",\"valueRequired\":true,\"valueName\":\"search_term_string\"}}],\"inLanguage\":\"it-IT\"},{\"@type\":\"Organization\",\"@id\":\"https:\/\/socialdesignmagazine.com\/mag\/products-selection\/#organization\",\"name\":\"Social Design Magazine\",\"url\":\"https:\/\/socialdesignmagazine.com\/mag\/products-selection\/\",\"logo\":{\"@type\":\"ImageObject\",\"inLanguage\":\"it-IT\",\"@id\":\"https:\/\/socialdesignmagazine.com\/mag\/products-selection\/#\/schema\/logo\/image\/\",\"url\":\"https:\/\/socialdesignmagazine.com\/mag\/products-selection\/wp-content\/uploads\/sites\/2\/2015\/05\/social-design-magazine-logo.png\",\"contentUrl\":\"https:\/\/socialdesignmagazine.com\/mag\/products-selection\/wp-content\/uploads\/sites\/2\/2015\/05\/social-design-magazine-logo.png\",\"width\":251,\"height\":101,\"caption\":\"Social Design Magazine\"},\"image\":{\"@id\":\"https:\/\/socialdesignmagazine.com\/mag\/products-selection\/#\/schema\/logo\/image\/\"},\"sameAs\":[\"https:\/\/www.facebook.com\/socialdesignmag\",\"https:\/\/x.com\/socialdesignmag\",\"http:\/\/instagram.com\/social_design_magazine\/\",\"http:\/\/pinterest.com\/socialdesignmag\/\",\"http:\/\/www.youtube.com\/user\/socialdesignmagazine\"]}]}<\/script>\n<!-- \/ Yoast SEO plugin. -->","yoast_head_json":{"title":"Ciotola Alvar Aalto - H 50 mm Bianco design Alvar Aalto for Iittala - SDM Product Selection","description":"Ogni vaso della collezione Alvar Aalto continua ad essere soffiato a bocca nello stabilimento di Iittala ed \u00e8 disponibile in un'ampia gamma di colori e dimensioni.","robots":{"index":"index","follow":"follow","max-snippet":"max-snippet:-1","max-image-preview":"max-image-preview:large","max-video-preview":"max-video-preview:-1"},"canonical":"https:\/\/socialdesignmagazine.com\/mag\/products-selection\/product\/ciotola-alvar-aalto-h-50-mm-bianco-design-alvar-aalto-for-iittala\/","og_locale":"it_IT","og_type":"article","og_title":"Ciotola Alvar Aalto - H 50 mm Bianco design Alvar Aalto for Iittala - SDM Product Selection","og_description":"Ogni vaso della collezione Alvar Aalto continua ad essere soffiato a bocca nello stabilimento di Iittala ed \u00e8 disponibile in un'ampia gamma di colori e dimensioni.","og_url":"https:\/\/socialdesignmagazine.com\/mag\/products-selection\/product\/ciotola-alvar-aalto-h-50-mm-bianco-design-alvar-aalto-for-iittala\/","og_site_name":"SDM Product Selection","article_publisher":"https:\/\/www.facebook.com\/socialdesignmag","article_modified_time":"2020-12-27T21:54:23+00:00","og_image":[{"width":1050,"height":539,"url":"https:\/\/socialdesignmagazine.com\/mag\/products-selection\/wp-content\/uploads\/sites\/2\/2020\/12\/Ciotola-Alvar-Aalto-H-50-mm-Bianco-Iittala-Alvar-Aalto.jpg","type":"image\/jpeg"}],"twitter_card":"summary_large_image","twitter_site":"@socialdesignmag","twitter_misc":{"Tempo di lettura stimato":"1 minuto"},"schema":{"@context":"https:\/\/schema.org","@graph":[{"@type":"WebPage","@id":"https:\/\/socialdesignmagazine.com\/mag\/products-selection\/product\/ciotola-alvar-aalto-h-50-mm-bianco-design-alvar-aalto-for-iittala\/","url":"https:\/\/socialdesignmagazine.com\/mag\/products-selection\/product\/ciotola-alvar-aalto-h-50-mm-bianco-design-alvar-aalto-for-iittala\/","name":"Ciotola Alvar Aalto - H 50 mm Bianco design Alvar Aalto for Iittala - SDM Product Selection","isPartOf":{"@id":"https:\/\/socialdesignmagazine.com\/mag\/products-selection\/#website"},"primaryImageOfPage":{"@id":"https:\/\/socialdesignmagazine.com\/mag\/products-selection\/product\/ciotola-alvar-aalto-h-50-mm-bianco-design-alvar-aalto-for-iittala\/#primaryimage"},"image":{"@id":"https:\/\/socialdesignmagazine.com\/mag\/products-selection\/product\/ciotola-alvar-aalto-h-50-mm-bianco-design-alvar-aalto-for-iittala\/#primaryimage"},"thumbnailUrl":"https:\/\/socialdesignmagazine.com\/mag\/products-selection\/wp-content\/uploads\/sites\/2\/2020\/12\/Ciotola-Alvar-Aalto-H-50-mm-Bianco-Iittala-Alvar-Aalto.jpg","datePublished":"2020-12-16T11:40:29+00:00","dateModified":"2020-12-27T21:54:23+00:00","description":"Ogni vaso della collezione Alvar Aalto continua ad essere soffiato a bocca nello stabilimento di Iittala ed \u00e8 disponibile in un'ampia gamma di colori e dimensioni.","breadcrumb":{"@id":"https:\/\/socialdesignmagazine.com\/mag\/products-selection\/product\/ciotola-alvar-aalto-h-50-mm-bianco-design-alvar-aalto-for-iittala\/#breadcrumb"},"inLanguage":"it-IT","potentialAction":[{"@type":"ReadAction","target":["https:\/\/socialdesignmagazine.com\/mag\/products-selection\/product\/ciotola-alvar-aalto-h-50-mm-bianco-design-alvar-aalto-for-iittala\/"]}]},{"@type":"ImageObject","inLanguage":"it-IT","@id":"https:\/\/socialdesignmagazine.com\/mag\/products-selection\/product\/ciotola-alvar-aalto-h-50-mm-bianco-design-alvar-aalto-for-iittala\/#primaryimage","url":"https:\/\/socialdesignmagazine.com\/mag\/products-selection\/wp-content\/uploads\/sites\/2\/2020\/12\/Ciotola-Alvar-Aalto-H-50-mm-Bianco-Iittala-Alvar-Aalto.jpg","contentUrl":"https:\/\/socialdesignmagazine.com\/mag\/products-selection\/wp-content\/uploads\/sites\/2\/2020\/12\/Ciotola-Alvar-Aalto-H-50-mm-Bianco-Iittala-Alvar-Aalto.jpg","width":1050,"height":539,"caption":"Ciotola Alvar Aalto - H 50 mm Bianco Iittala Alvar Aalto 1"},{"@type":"BreadcrumbList","@id":"https:\/\/socialdesignmagazine.com\/mag\/products-selection\/product\/ciotola-alvar-aalto-h-50-mm-bianco-design-alvar-aalto-for-iittala\/#breadcrumb","itemListElement":[{"@type":"ListItem","position":1,"name":"Home","item":"https:\/\/socialdesignmagazine.com\/mag\/products-selection\/"},{"@type":"ListItem","position":2,"name":"Tutti i prodotti","item":"https:\/\/socialdesignmagazine.com\/mag\/products-selection\/tutti-i-prodotti\/"},{"@type":"ListItem","position":3,"name":"Ciotola Alvar Aalto &#8211; H 50 mm Bianco design Alvar Aalto for Iittala"}]},{"@type":"WebSite","@id":"https:\/\/socialdesignmagazine.com\/mag\/products-selection\/#website","url":"https:\/\/socialdesignmagazine.com\/mag\/products-selection\/","name":"SDM Product Selection","description":"Una selezioni di prodotti dei brand pi\u00f9 interessanti per arredare e progettare","publisher":{"@id":"https:\/\/socialdesignmagazine.com\/mag\/products-selection\/#organization"},"potentialAction":[{"@type":"SearchAction","target":{"@type":"EntryPoint","urlTemplate":"https:\/\/socialdesignmagazine.com\/mag\/products-selection\/?s={search_term_string}"},"query-input":{"@type":"PropertyValueSpecification","valueRequired":true,"valueName":"search_term_string"}}],"inLanguage":"it-IT"},{"@type":"Organization","@id":"https:\/\/socialdesignmagazine.com\/mag\/products-selection\/#organization","name":"Social Design Magazine","url":"https:\/\/socialdesignmagazine.com\/mag\/products-selection\/","logo":{"@type":"ImageObject","inLanguage":"it-IT","@id":"https:\/\/socialdesignmagazine.com\/mag\/products-selection\/#\/schema\/logo\/image\/","url":"https:\/\/socialdesignmagazine.com\/mag\/products-selection\/wp-content\/uploads\/sites\/2\/2015\/05\/social-design-magazine-logo.png","contentUrl":"https:\/\/socialdesignmagazine.com\/mag\/products-selection\/wp-content\/uploads\/sites\/2\/2015\/05\/social-design-magazine-logo.png","width":251,"height":101,"caption":"Social Design Magazine"},"image":{"@id":"https:\/\/socialdesignmagazine.com\/mag\/products-selection\/#\/schema\/logo\/image\/"},"sameAs":["https:\/\/www.facebook.com\/socialdesignmag","https:\/\/x.com\/socialdesignmag","http:\/\/instagram.com\/social_design_magazine\/","http:\/\/pinterest.com\/socialdesignmag\/","http:\/\/www.youtube.com\/user\/socialdesignmagazine"]}]}},"jetpack_publicize_connections":[],"jetpack_sharing_enabled":true,"brands":[{"id":2885,"name":"Iittala","slug":"iittala"}],"_links":{"self":[{"href":"https:\/\/socialdesignmagazine.com\/mag\/products-selection\/wp-json\/wp\/v2\/product\/139502","targetHints":{"allow":["GET"]}}],"collection":[{"href":"https:\/\/socialdesignmagazine.com\/mag\/products-selection\/wp-json\/wp\/v2\/product"}],"about":[{"href":"https:\/\/socialdesignmagazine.com\/mag\/products-selection\/wp-json\/wp\/v2\/types\/product"}],"wp:featuredmedia":[{"embeddable":true,"href":"https:\/\/socialdesignmagazine.com\/mag\/products-selection\/wp-json\/wp\/v2\/media\/139538"}],"wp:attachment":[{"href":"https:\/\/socialdesignmagazine.com\/mag\/products-selection\/wp-json\/wp\/v2\/media?parent=139502"}],"wp:term":[{"taxonomy":"pwb-brand","embeddable":true,"href":"https:\/\/socialdesignmagazine.com\/mag\/products-selection\/wp-json\/wp\/v2\/pwb-brand?post=139502"},{"taxonomy":"product_brand","embeddable":true,"href":"https:\/\/socialdesignmagazine.com\/mag\/products-selection\/wp-json\/wp\/v2\/product_brand?post=139502"},{"taxonomy":"product_cat","embeddable":true,"href":"https:\/\/socialdesignmagazine.com\/mag\/products-selection\/wp-json\/wp\/v2\/product_cat?post=139502"},{"taxonomy":"product_tag","embeddable":true,"href":"https:\/\/socialdesignmagazine.com\/mag\/products-selection\/wp-json\/wp\/v2\/product_tag?post=139502"}],"curies":[{"name":"wp","href":"https:\/\/api.w.org\/{rel}","templated":true}]}}