{"id":140173,"date":"2021-05-02T18:27:45","date_gmt":"2021-05-02T16:27:45","guid":{"rendered":"https:\/\/socialdesignmagazine.com\/mag\/products-selection\/?post_type=product&#038;p=140173"},"modified":"2021-05-02T18:33:58","modified_gmt":"2021-05-02T16:33:58","slug":"orologi-urban-cuckoo-nero-design-patrizia-dalla-pace-for-progetti","status":"publish","type":"product","link":"https:\/\/socialdesignmagazine.com\/mag\/products-selection\/product\/orologi-urban-cuckoo-nero-design-patrizia-dalla-pace-for-progetti\/","title":{"rendered":"OROLOGI Urban Cuckoo Nero design Patrizia Dalla Pace for Progetti"},"content":{"rendered":"<p>URBAN CUCKOO \u00e8 un innovativo cuc\u00f9 da tavolo o da parete disegnato da Patrizia Dalla Pace. Il designer vuole farci guardare e sentire la natura anche in citt\u00e0 creando una vera rappresentazione di architettura ecosostenibil. Il verde, che simbolicamente sporge dai davanzali, \u00e8 realizzato con il muschio stabilizzato. Pu\u00f2 essere appeso alla parete ma anche appoggiato sul tavolo dell&#8217;ufficio o tra i ripiani della libreria di casa. Prodotto con materiali riciclabili che rispettano l&#8217;ambiente \u00e8 finito con vernici atossiche. Il movimento a cuc\u00f9 a batteria di progettazione tedesca ha un sensore fotosensibile che non lo fa cantare quando \u00e8 buio inoltre, una pulsantiera permette di regolare l&#8217;intensit\u00e0 del suono o di spegnerlo del tutto. Prodotto da Progetti Srl azienda complementi di design Made in Italy.<\/p>\n","protected":false},"excerpt":{"rendered":"<p>Il designer vuole farci guardare e sentire la natura anche in citt\u00e0 creando una vera rappresentazione di architettura ecosostenibil.<\/p>\n","protected":false},"featured_media":140174,"template":"","meta":{"_acf_changed":false,"jetpack_post_was_ever_published":false,"jetpack_publicize_message":"","jetpack_publicize_feature_enabled":true,"jetpack_social_post_already_shared":true,"jetpack_social_options":{"image_generator_settings":{"template":"highway","default_image_id":0,"font":"","enabled":false},"version":2}},"pwb-brand":[2567],"product_brand":[],"product_cat":[304,607,2568,2996],"product_tag":[2625,2619],"class_list":{"0":"post-140173","1":"product","2":"type-product","3":"status-publish","4":"has-post-thumbnail","6":"pwb-brand-progetti","7":"product_cat-decor","8":"product_cat-designers","9":"product_cat-orologio-da-parete","10":"product_cat-patrizia-dalla-pace","11":"product_tag-cucu","12":"product_tag-orologio-da-parete","13":"pa_altezza-290-mm","14":"pa_colore-nero","15":"pa_designer-patrizia-dalla-pace","16":"pa_downloads-pdf","17":"pa_larghezza-170-mm","18":"pa_materiale-legno-verniciato","19":"pa_materiale-muschio-stabilizzato","20":"pa_produttore-progetti","21":"pa_profondita-130-mm","22":"pa_serie-cucu","23":"pa_tipo-di-prodotto-orologi","25":"first","26":"instock","27":"product-type-external"},"acf":[],"yoast_head":"<!-- This site is optimized with the Yoast SEO plugin v27.2 - https:\/\/yoast.com\/product\/yoast-seo-wordpress\/ -->\n<title>OROLOGI Urban Cuckoo Nero design Patrizia Dalla Pace for Progetti - SDM Product Selection<\/title>\n<meta name=\"description\" content=\"Il designer vuole farci guardare e sentire la natura anche in citt\u00e0 creando una vera rappresentazione di architettura ecosostenibil.\" \/>\n<meta name=\"robots\" content=\"index, follow, max-snippet:-1, max-image-preview:large, max-video-preview:-1\" \/>\n<link rel=\"canonical\" href=\"https:\/\/socialdesignmagazine.com\/mag\/products-selection\/product\/orologi-urban-cuckoo-nero-design-patrizia-dalla-pace-for-progetti\/\" \/>\n<meta property=\"og:locale\" content=\"it_IT\" \/>\n<meta property=\"og:type\" content=\"article\" \/>\n<meta property=\"og:title\" content=\"OROLOGI Urban Cuckoo Nero design Patrizia Dalla Pace for Progetti - SDM Product Selection\" \/>\n<meta property=\"og:description\" content=\"Il designer vuole farci guardare e sentire la natura anche in citt\u00e0 creando una vera rappresentazione di architettura ecosostenibil.\" \/>\n<meta property=\"og:url\" content=\"https:\/\/socialdesignmagazine.com\/mag\/products-selection\/product\/orologi-urban-cuckoo-nero-design-patrizia-dalla-pace-for-progetti\/\" \/>\n<meta property=\"og:site_name\" content=\"SDM Product Selection\" \/>\n<meta property=\"article:publisher\" content=\"https:\/\/www.facebook.com\/socialdesignmag\" \/>\n<meta property=\"article:modified_time\" content=\"2021-05-02T16:33:58+00:00\" \/>\n<meta property=\"og:image\" content=\"https:\/\/socialdesignmagazine.com\/mag\/products-selection\/wp-content\/uploads\/sites\/2\/2021\/05\/OROLOGI-Urban-Cuckoo-Nero-Progetti-Patrizia-Dalla-Pace.jpg\" \/>\n\t<meta property=\"og:image:width\" content=\"700\" \/>\n\t<meta property=\"og:image:height\" content=\"700\" \/>\n\t<meta property=\"og:image:type\" content=\"image\/jpeg\" \/>\n<meta name=\"twitter:card\" content=\"summary_large_image\" \/>\n<meta name=\"twitter:site\" content=\"@socialdesignmag\" \/>\n<meta name=\"twitter:label1\" content=\"Tempo di lettura stimato\" \/>\n\t<meta name=\"twitter:data1\" content=\"1 minuto\" \/>\n<script type=\"application\/ld+json\" class=\"yoast-schema-graph\">{\"@context\":\"https:\/\/schema.org\",\"@graph\":[{\"@type\":\"WebPage\",\"@id\":\"https:\/\/socialdesignmagazine.com\/mag\/products-selection\/product\/orologi-urban-cuckoo-nero-design-patrizia-dalla-pace-for-progetti\/\",\"url\":\"https:\/\/socialdesignmagazine.com\/mag\/products-selection\/product\/orologi-urban-cuckoo-nero-design-patrizia-dalla-pace-for-progetti\/\",\"name\":\"OROLOGI Urban Cuckoo Nero design Patrizia Dalla Pace for Progetti - SDM Product Selection\",\"isPartOf\":{\"@id\":\"https:\/\/socialdesignmagazine.com\/mag\/products-selection\/#website\"},\"primaryImageOfPage\":{\"@id\":\"https:\/\/socialdesignmagazine.com\/mag\/products-selection\/product\/orologi-urban-cuckoo-nero-design-patrizia-dalla-pace-for-progetti\/#primaryimage\"},\"image\":{\"@id\":\"https:\/\/socialdesignmagazine.com\/mag\/products-selection\/product\/orologi-urban-cuckoo-nero-design-patrizia-dalla-pace-for-progetti\/#primaryimage\"},\"thumbnailUrl\":\"https:\/\/socialdesignmagazine.com\/mag\/products-selection\/wp-content\/uploads\/sites\/2\/2021\/05\/OROLOGI-Urban-Cuckoo-Nero-Progetti-Patrizia-Dalla-Pace.jpg\",\"datePublished\":\"2021-05-02T16:27:45+00:00\",\"dateModified\":\"2021-05-02T16:33:58+00:00\",\"description\":\"Il designer vuole farci guardare e sentire la natura anche in citt\u00e0 creando una vera rappresentazione di architettura ecosostenibil.\",\"breadcrumb\":{\"@id\":\"https:\/\/socialdesignmagazine.com\/mag\/products-selection\/product\/orologi-urban-cuckoo-nero-design-patrizia-dalla-pace-for-progetti\/#breadcrumb\"},\"inLanguage\":\"it-IT\",\"potentialAction\":[{\"@type\":\"ReadAction\",\"target\":[\"https:\/\/socialdesignmagazine.com\/mag\/products-selection\/product\/orologi-urban-cuckoo-nero-design-patrizia-dalla-pace-for-progetti\/\"]}]},{\"@type\":\"ImageObject\",\"inLanguage\":\"it-IT\",\"@id\":\"https:\/\/socialdesignmagazine.com\/mag\/products-selection\/product\/orologi-urban-cuckoo-nero-design-patrizia-dalla-pace-for-progetti\/#primaryimage\",\"url\":\"https:\/\/socialdesignmagazine.com\/mag\/products-selection\/wp-content\/uploads\/sites\/2\/2021\/05\/OROLOGI-Urban-Cuckoo-Nero-Progetti-Patrizia-Dalla-Pace.jpg\",\"contentUrl\":\"https:\/\/socialdesignmagazine.com\/mag\/products-selection\/wp-content\/uploads\/sites\/2\/2021\/05\/OROLOGI-Urban-Cuckoo-Nero-Progetti-Patrizia-Dalla-Pace.jpg\",\"width\":700,\"height\":700,\"caption\":\"OROLOGI Urban Cuckoo Nero Progetti Patrizia Dalla Pace 1\"},{\"@type\":\"BreadcrumbList\",\"@id\":\"https:\/\/socialdesignmagazine.com\/mag\/products-selection\/product\/orologi-urban-cuckoo-nero-design-patrizia-dalla-pace-for-progetti\/#breadcrumb\",\"itemListElement\":[{\"@type\":\"ListItem\",\"position\":1,\"name\":\"Home\",\"item\":\"https:\/\/socialdesignmagazine.com\/mag\/products-selection\/\"},{\"@type\":\"ListItem\",\"position\":2,\"name\":\"Tutti i prodotti\",\"item\":\"https:\/\/socialdesignmagazine.com\/mag\/products-selection\/tutti-i-prodotti\/\"},{\"@type\":\"ListItem\",\"position\":3,\"name\":\"OROLOGI Urban Cuckoo Nero design Patrizia Dalla Pace for Progetti\"}]},{\"@type\":\"WebSite\",\"@id\":\"https:\/\/socialdesignmagazine.com\/mag\/products-selection\/#website\",\"url\":\"https:\/\/socialdesignmagazine.com\/mag\/products-selection\/\",\"name\":\"SDM Product Selection\",\"description\":\"Una selezioni di prodotti dei brand pi\u00f9 interessanti per arredare e progettare\",\"publisher\":{\"@id\":\"https:\/\/socialdesignmagazine.com\/mag\/products-selection\/#organization\"},\"potentialAction\":[{\"@type\":\"SearchAction\",\"target\":{\"@type\":\"EntryPoint\",\"urlTemplate\":\"https:\/\/socialdesignmagazine.com\/mag\/products-selection\/?s={search_term_string}\"},\"query-input\":{\"@type\":\"PropertyValueSpecification\",\"valueRequired\":true,\"valueName\":\"search_term_string\"}}],\"inLanguage\":\"it-IT\"},{\"@type\":\"Organization\",\"@id\":\"https:\/\/socialdesignmagazine.com\/mag\/products-selection\/#organization\",\"name\":\"Social Design Magazine\",\"url\":\"https:\/\/socialdesignmagazine.com\/mag\/products-selection\/\",\"logo\":{\"@type\":\"ImageObject\",\"inLanguage\":\"it-IT\",\"@id\":\"https:\/\/socialdesignmagazine.com\/mag\/products-selection\/#\/schema\/logo\/image\/\",\"url\":\"https:\/\/socialdesignmagazine.com\/mag\/products-selection\/wp-content\/uploads\/sites\/2\/2015\/05\/social-design-magazine-logo.png\",\"contentUrl\":\"https:\/\/socialdesignmagazine.com\/mag\/products-selection\/wp-content\/uploads\/sites\/2\/2015\/05\/social-design-magazine-logo.png\",\"width\":251,\"height\":101,\"caption\":\"Social Design Magazine\"},\"image\":{\"@id\":\"https:\/\/socialdesignmagazine.com\/mag\/products-selection\/#\/schema\/logo\/image\/\"},\"sameAs\":[\"https:\/\/www.facebook.com\/socialdesignmag\",\"https:\/\/x.com\/socialdesignmag\",\"http:\/\/instagram.com\/social_design_magazine\/\",\"http:\/\/pinterest.com\/socialdesignmag\/\",\"http:\/\/www.youtube.com\/user\/socialdesignmagazine\"]}]}<\/script>\n<!-- \/ Yoast SEO plugin. -->","yoast_head_json":{"title":"OROLOGI Urban Cuckoo Nero design Patrizia Dalla Pace for Progetti - SDM Product Selection","description":"Il designer vuole farci guardare e sentire la natura anche in citt\u00e0 creando una vera rappresentazione di architettura ecosostenibil.","robots":{"index":"index","follow":"follow","max-snippet":"max-snippet:-1","max-image-preview":"max-image-preview:large","max-video-preview":"max-video-preview:-1"},"canonical":"https:\/\/socialdesignmagazine.com\/mag\/products-selection\/product\/orologi-urban-cuckoo-nero-design-patrizia-dalla-pace-for-progetti\/","og_locale":"it_IT","og_type":"article","og_title":"OROLOGI Urban Cuckoo Nero design Patrizia Dalla Pace for Progetti - SDM Product Selection","og_description":"Il designer vuole farci guardare e sentire la natura anche in citt\u00e0 creando una vera rappresentazione di architettura ecosostenibil.","og_url":"https:\/\/socialdesignmagazine.com\/mag\/products-selection\/product\/orologi-urban-cuckoo-nero-design-patrizia-dalla-pace-for-progetti\/","og_site_name":"SDM Product Selection","article_publisher":"https:\/\/www.facebook.com\/socialdesignmag","article_modified_time":"2021-05-02T16:33:58+00:00","og_image":[{"width":700,"height":700,"url":"https:\/\/socialdesignmagazine.com\/mag\/products-selection\/wp-content\/uploads\/sites\/2\/2021\/05\/OROLOGI-Urban-Cuckoo-Nero-Progetti-Patrizia-Dalla-Pace.jpg","type":"image\/jpeg"}],"twitter_card":"summary_large_image","twitter_site":"@socialdesignmag","twitter_misc":{"Tempo di lettura stimato":"1 minuto"},"schema":{"@context":"https:\/\/schema.org","@graph":[{"@type":"WebPage","@id":"https:\/\/socialdesignmagazine.com\/mag\/products-selection\/product\/orologi-urban-cuckoo-nero-design-patrizia-dalla-pace-for-progetti\/","url":"https:\/\/socialdesignmagazine.com\/mag\/products-selection\/product\/orologi-urban-cuckoo-nero-design-patrizia-dalla-pace-for-progetti\/","name":"OROLOGI Urban Cuckoo Nero design Patrizia Dalla Pace for Progetti - SDM Product Selection","isPartOf":{"@id":"https:\/\/socialdesignmagazine.com\/mag\/products-selection\/#website"},"primaryImageOfPage":{"@id":"https:\/\/socialdesignmagazine.com\/mag\/products-selection\/product\/orologi-urban-cuckoo-nero-design-patrizia-dalla-pace-for-progetti\/#primaryimage"},"image":{"@id":"https:\/\/socialdesignmagazine.com\/mag\/products-selection\/product\/orologi-urban-cuckoo-nero-design-patrizia-dalla-pace-for-progetti\/#primaryimage"},"thumbnailUrl":"https:\/\/socialdesignmagazine.com\/mag\/products-selection\/wp-content\/uploads\/sites\/2\/2021\/05\/OROLOGI-Urban-Cuckoo-Nero-Progetti-Patrizia-Dalla-Pace.jpg","datePublished":"2021-05-02T16:27:45+00:00","dateModified":"2021-05-02T16:33:58+00:00","description":"Il designer vuole farci guardare e sentire la natura anche in citt\u00e0 creando una vera rappresentazione di architettura ecosostenibil.","breadcrumb":{"@id":"https:\/\/socialdesignmagazine.com\/mag\/products-selection\/product\/orologi-urban-cuckoo-nero-design-patrizia-dalla-pace-for-progetti\/#breadcrumb"},"inLanguage":"it-IT","potentialAction":[{"@type":"ReadAction","target":["https:\/\/socialdesignmagazine.com\/mag\/products-selection\/product\/orologi-urban-cuckoo-nero-design-patrizia-dalla-pace-for-progetti\/"]}]},{"@type":"ImageObject","inLanguage":"it-IT","@id":"https:\/\/socialdesignmagazine.com\/mag\/products-selection\/product\/orologi-urban-cuckoo-nero-design-patrizia-dalla-pace-for-progetti\/#primaryimage","url":"https:\/\/socialdesignmagazine.com\/mag\/products-selection\/wp-content\/uploads\/sites\/2\/2021\/05\/OROLOGI-Urban-Cuckoo-Nero-Progetti-Patrizia-Dalla-Pace.jpg","contentUrl":"https:\/\/socialdesignmagazine.com\/mag\/products-selection\/wp-content\/uploads\/sites\/2\/2021\/05\/OROLOGI-Urban-Cuckoo-Nero-Progetti-Patrizia-Dalla-Pace.jpg","width":700,"height":700,"caption":"OROLOGI Urban Cuckoo Nero Progetti Patrizia Dalla Pace 1"},{"@type":"BreadcrumbList","@id":"https:\/\/socialdesignmagazine.com\/mag\/products-selection\/product\/orologi-urban-cuckoo-nero-design-patrizia-dalla-pace-for-progetti\/#breadcrumb","itemListElement":[{"@type":"ListItem","position":1,"name":"Home","item":"https:\/\/socialdesignmagazine.com\/mag\/products-selection\/"},{"@type":"ListItem","position":2,"name":"Tutti i prodotti","item":"https:\/\/socialdesignmagazine.com\/mag\/products-selection\/tutti-i-prodotti\/"},{"@type":"ListItem","position":3,"name":"OROLOGI Urban Cuckoo Nero design Patrizia Dalla Pace for Progetti"}]},{"@type":"WebSite","@id":"https:\/\/socialdesignmagazine.com\/mag\/products-selection\/#website","url":"https:\/\/socialdesignmagazine.com\/mag\/products-selection\/","name":"SDM Product Selection","description":"Una selezioni di prodotti dei brand pi\u00f9 interessanti per arredare e progettare","publisher":{"@id":"https:\/\/socialdesignmagazine.com\/mag\/products-selection\/#organization"},"potentialAction":[{"@type":"SearchAction","target":{"@type":"EntryPoint","urlTemplate":"https:\/\/socialdesignmagazine.com\/mag\/products-selection\/?s={search_term_string}"},"query-input":{"@type":"PropertyValueSpecification","valueRequired":true,"valueName":"search_term_string"}}],"inLanguage":"it-IT"},{"@type":"Organization","@id":"https:\/\/socialdesignmagazine.com\/mag\/products-selection\/#organization","name":"Social Design Magazine","url":"https:\/\/socialdesignmagazine.com\/mag\/products-selection\/","logo":{"@type":"ImageObject","inLanguage":"it-IT","@id":"https:\/\/socialdesignmagazine.com\/mag\/products-selection\/#\/schema\/logo\/image\/","url":"https:\/\/socialdesignmagazine.com\/mag\/products-selection\/wp-content\/uploads\/sites\/2\/2015\/05\/social-design-magazine-logo.png","contentUrl":"https:\/\/socialdesignmagazine.com\/mag\/products-selection\/wp-content\/uploads\/sites\/2\/2015\/05\/social-design-magazine-logo.png","width":251,"height":101,"caption":"Social Design Magazine"},"image":{"@id":"https:\/\/socialdesignmagazine.com\/mag\/products-selection\/#\/schema\/logo\/image\/"},"sameAs":["https:\/\/www.facebook.com\/socialdesignmag","https:\/\/x.com\/socialdesignmag","http:\/\/instagram.com\/social_design_magazine\/","http:\/\/pinterest.com\/socialdesignmag\/","http:\/\/www.youtube.com\/user\/socialdesignmagazine"]}]}},"jetpack_publicize_connections":[],"jetpack_sharing_enabled":true,"brands":[{"id":2567,"name":"Progetti","slug":"progetti"}],"_links":{"self":[{"href":"https:\/\/socialdesignmagazine.com\/mag\/products-selection\/wp-json\/wp\/v2\/product\/140173","targetHints":{"allow":["GET"]}}],"collection":[{"href":"https:\/\/socialdesignmagazine.com\/mag\/products-selection\/wp-json\/wp\/v2\/product"}],"about":[{"href":"https:\/\/socialdesignmagazine.com\/mag\/products-selection\/wp-json\/wp\/v2\/types\/product"}],"wp:featuredmedia":[{"embeddable":true,"href":"https:\/\/socialdesignmagazine.com\/mag\/products-selection\/wp-json\/wp\/v2\/media\/140174"}],"wp:attachment":[{"href":"https:\/\/socialdesignmagazine.com\/mag\/products-selection\/wp-json\/wp\/v2\/media?parent=140173"}],"wp:term":[{"taxonomy":"pwb-brand","embeddable":true,"href":"https:\/\/socialdesignmagazine.com\/mag\/products-selection\/wp-json\/wp\/v2\/pwb-brand?post=140173"},{"taxonomy":"product_brand","embeddable":true,"href":"https:\/\/socialdesignmagazine.com\/mag\/products-selection\/wp-json\/wp\/v2\/product_brand?post=140173"},{"taxonomy":"product_cat","embeddable":true,"href":"https:\/\/socialdesignmagazine.com\/mag\/products-selection\/wp-json\/wp\/v2\/product_cat?post=140173"},{"taxonomy":"product_tag","embeddable":true,"href":"https:\/\/socialdesignmagazine.com\/mag\/products-selection\/wp-json\/wp\/v2\/product_tag?post=140173"}],"curies":[{"name":"wp","href":"https:\/\/api.w.org\/{rel}","templated":true}]}}