{"id":140195,"date":"2021-05-02T18:27:51","date_gmt":"2021-05-02T16:27:51","guid":{"rendered":"https:\/\/socialdesignmagazine.com\/mag\/products-selection\/?post_type=product&#038;p=140195"},"modified":"2021-05-02T18:33:57","modified_gmt":"2021-05-02T16:33:57","slug":"orologio-da-parete-cucuruku-wengearancione-design-riccardo-paolino-matteo-fusi-for-progetti","status":"publish","type":"product","link":"https:\/\/socialdesignmagazine.com\/mag\/products-selection\/product\/orologio-da-parete-cucuruku-wengearancione-design-riccardo-paolino-matteo-fusi-for-progetti\/","title":{"rendered":"Orologio da parete C\u00f9c\u00f9r\u00f9k\u00f9 Weng\u00e8|Arancione design Riccardo Paolino &#038; Matteo Fusi for Progetti"},"content":{"rendered":"<p>Orologio da parete C\u00f9C\u00f9R\u00f9K\u00f9 semplice, delicato, lineare ma di grande impatto; un quadro di pochi elementi ma che si fa notare. Questo \u00e8\u00a0C\u00f9C\u00f9R\u00f9K\u00f9 un oggetto di design tra i best seller, ideato da Riccardo Paolino e Matteo Fusi apprezzato proprio per la sua eleganza senza eccessi.\u00a0C\u00f9C\u00f9R\u00f9K\u00f9 \u00e8 un omaggio alla natura, in particolare al periodo autunnale e invernale quando gli alberi perdono le foglie, il legno diventa protagonista e i colori prima caldi e poi freddi della neve prendono il sopravvento. \u00a0Sul ramo pi\u00f9 lungo poggia il c\u00f9c\u00f9, al riparo dalle intemperie. Le lancette, con la forma imprecisa propria de rami, possono essere di colore arancione, bianco o verde.\u00a0 Movimento al quarzo alimentato a batteria. Un sensore sensibile alla luce ferma automaticamente la suoneria in assenza di luce.\u00a0Design by Riccardo Paolino Matteo Fusi Prodotto da Progetti Srl e interamente Made in Italy.<\/p>\n","protected":false},"excerpt":{"rendered":"<p>Orologio da parete C\u00f9C\u00f9R\u00f9K\u00f9 semplice, delicato, lineare ma di grande impatto; un quadro di pochi elementi ma che si fa notare.<\/p>\n","protected":false},"featured_media":140196,"template":"","meta":{"_acf_changed":false,"jetpack_post_was_ever_published":false,"jetpack_publicize_message":"","jetpack_publicize_feature_enabled":true,"jetpack_social_post_already_shared":true,"jetpack_social_options":{"image_generator_settings":{"template":"highway","default_image_id":0,"font":"","enabled":false},"version":2}},"pwb-brand":[2567],"product_brand":[],"product_cat":[304,607,2568,2574],"product_tag":[2625,2619],"class_list":{"0":"post-140195","1":"product","2":"type-product","3":"status-publish","4":"has-post-thumbnail","6":"pwb-brand-progetti","7":"product_cat-decor","8":"product_cat-designers","9":"product_cat-orologio-da-parete","10":"product_cat-riccardo-paolino-matteo-fusi","11":"product_tag-cucu","12":"product_tag-orologio-da-parete","13":"pa_altezza-300-mm","14":"pa_colore-arancione","15":"pa_colore-wenge","16":"pa_designer-riccardo-paolino-matteo-fusi","17":"pa_downloads-pdf","18":"pa_larghezza-400-mm","19":"pa_materiale-legno-verniciato","20":"pa_produttore-progetti","21":"pa_profondita-100-mm","22":"pa_serie-cucu","23":"pa_tipo-di-prodotto-orologio-da-parete","25":"first","26":"instock","27":"product-type-external"},"acf":[],"yoast_head":"<!-- This site is optimized with the Yoast SEO plugin v27.2 - https:\/\/yoast.com\/product\/yoast-seo-wordpress\/ -->\n<title>Orologio da parete C\u00f9c\u00f9r\u00f9k\u00f9 Weng\u00e8|Arancione design Riccardo Paolino &amp; Matteo Fusi for Progetti - SDM Product Selection<\/title>\n<meta name=\"description\" content=\"Orologio da parete C\u00f9C\u00f9R\u00f9K\u00f9 semplice, delicato, lineare ma di grande impatto; un quadro di pochi elementi ma che si fa notare.\" \/>\n<meta name=\"robots\" content=\"index, follow, max-snippet:-1, max-image-preview:large, max-video-preview:-1\" \/>\n<link rel=\"canonical\" href=\"https:\/\/socialdesignmagazine.com\/mag\/products-selection\/product\/orologio-da-parete-cucuruku-wengearancione-design-riccardo-paolino-matteo-fusi-for-progetti\/\" \/>\n<meta property=\"og:locale\" content=\"it_IT\" \/>\n<meta property=\"og:type\" content=\"article\" \/>\n<meta property=\"og:title\" content=\"Orologio da parete C\u00f9c\u00f9r\u00f9k\u00f9 Weng\u00e8|Arancione design Riccardo Paolino &amp; Matteo Fusi for Progetti - SDM Product Selection\" \/>\n<meta property=\"og:description\" content=\"Orologio da parete C\u00f9C\u00f9R\u00f9K\u00f9 semplice, delicato, lineare ma di grande impatto; un quadro di pochi elementi ma che si fa notare.\" \/>\n<meta property=\"og:url\" content=\"https:\/\/socialdesignmagazine.com\/mag\/products-selection\/product\/orologio-da-parete-cucuruku-wengearancione-design-riccardo-paolino-matteo-fusi-for-progetti\/\" \/>\n<meta property=\"og:site_name\" content=\"SDM Product Selection\" \/>\n<meta property=\"article:publisher\" content=\"https:\/\/www.facebook.com\/socialdesignmag\" \/>\n<meta property=\"article:modified_time\" content=\"2021-05-02T16:33:57+00:00\" \/>\n<meta property=\"og:image\" content=\"https:\/\/socialdesignmagazine.com\/mag\/products-selection\/wp-content\/uploads\/sites\/2\/2021\/05\/Orologio-da-parete-Cucuruku-WengeArancione-Progetti-Riccardo-Paolino-Matteo-Fusi.jpg\" \/>\n\t<meta property=\"og:image:width\" content=\"700\" \/>\n\t<meta property=\"og:image:height\" content=\"700\" \/>\n\t<meta property=\"og:image:type\" content=\"image\/jpeg\" \/>\n<meta name=\"twitter:card\" content=\"summary_large_image\" \/>\n<meta name=\"twitter:site\" content=\"@socialdesignmag\" \/>\n<meta name=\"twitter:label1\" content=\"Tempo di lettura stimato\" \/>\n\t<meta name=\"twitter:data1\" content=\"1 minuto\" \/>\n<script type=\"application\/ld+json\" class=\"yoast-schema-graph\">{\"@context\":\"https:\/\/schema.org\",\"@graph\":[{\"@type\":\"WebPage\",\"@id\":\"https:\/\/socialdesignmagazine.com\/mag\/products-selection\/product\/orologio-da-parete-cucuruku-wengearancione-design-riccardo-paolino-matteo-fusi-for-progetti\/\",\"url\":\"https:\/\/socialdesignmagazine.com\/mag\/products-selection\/product\/orologio-da-parete-cucuruku-wengearancione-design-riccardo-paolino-matteo-fusi-for-progetti\/\",\"name\":\"Orologio da parete C\u00f9c\u00f9r\u00f9k\u00f9 Weng\u00e8|Arancione design Riccardo Paolino & Matteo Fusi for Progetti - SDM Product Selection\",\"isPartOf\":{\"@id\":\"https:\/\/socialdesignmagazine.com\/mag\/products-selection\/#website\"},\"primaryImageOfPage\":{\"@id\":\"https:\/\/socialdesignmagazine.com\/mag\/products-selection\/product\/orologio-da-parete-cucuruku-wengearancione-design-riccardo-paolino-matteo-fusi-for-progetti\/#primaryimage\"},\"image\":{\"@id\":\"https:\/\/socialdesignmagazine.com\/mag\/products-selection\/product\/orologio-da-parete-cucuruku-wengearancione-design-riccardo-paolino-matteo-fusi-for-progetti\/#primaryimage\"},\"thumbnailUrl\":\"https:\/\/socialdesignmagazine.com\/mag\/products-selection\/wp-content\/uploads\/sites\/2\/2021\/05\/Orologio-da-parete-Cucuruku-WengeArancione-Progetti-Riccardo-Paolino-Matteo-Fusi.jpg\",\"datePublished\":\"2021-05-02T16:27:51+00:00\",\"dateModified\":\"2021-05-02T16:33:57+00:00\",\"description\":\"Orologio da parete C\u00f9C\u00f9R\u00f9K\u00f9 semplice, delicato, lineare ma di grande impatto; un quadro di pochi elementi ma che si fa notare.\",\"breadcrumb\":{\"@id\":\"https:\/\/socialdesignmagazine.com\/mag\/products-selection\/product\/orologio-da-parete-cucuruku-wengearancione-design-riccardo-paolino-matteo-fusi-for-progetti\/#breadcrumb\"},\"inLanguage\":\"it-IT\",\"potentialAction\":[{\"@type\":\"ReadAction\",\"target\":[\"https:\/\/socialdesignmagazine.com\/mag\/products-selection\/product\/orologio-da-parete-cucuruku-wengearancione-design-riccardo-paolino-matteo-fusi-for-progetti\/\"]}]},{\"@type\":\"ImageObject\",\"inLanguage\":\"it-IT\",\"@id\":\"https:\/\/socialdesignmagazine.com\/mag\/products-selection\/product\/orologio-da-parete-cucuruku-wengearancione-design-riccardo-paolino-matteo-fusi-for-progetti\/#primaryimage\",\"url\":\"https:\/\/socialdesignmagazine.com\/mag\/products-selection\/wp-content\/uploads\/sites\/2\/2021\/05\/Orologio-da-parete-Cucuruku-WengeArancione-Progetti-Riccardo-Paolino-Matteo-Fusi.jpg\",\"contentUrl\":\"https:\/\/socialdesignmagazine.com\/mag\/products-selection\/wp-content\/uploads\/sites\/2\/2021\/05\/Orologio-da-parete-Cucuruku-WengeArancione-Progetti-Riccardo-Paolino-Matteo-Fusi.jpg\",\"width\":700,\"height\":700,\"caption\":\"Orologio da parete C\u00f9c\u00f9r\u00f9k\u00f9 Weng\u00e8|Arancione Progetti Riccardo Paolino & Matteo Fusi 1\"},{\"@type\":\"BreadcrumbList\",\"@id\":\"https:\/\/socialdesignmagazine.com\/mag\/products-selection\/product\/orologio-da-parete-cucuruku-wengearancione-design-riccardo-paolino-matteo-fusi-for-progetti\/#breadcrumb\",\"itemListElement\":[{\"@type\":\"ListItem\",\"position\":1,\"name\":\"Home\",\"item\":\"https:\/\/socialdesignmagazine.com\/mag\/products-selection\/\"},{\"@type\":\"ListItem\",\"position\":2,\"name\":\"Tutti i prodotti\",\"item\":\"https:\/\/socialdesignmagazine.com\/mag\/products-selection\/tutti-i-prodotti\/\"},{\"@type\":\"ListItem\",\"position\":3,\"name\":\"Orologio da parete C\u00f9c\u00f9r\u00f9k\u00f9 Weng\u00e8|Arancione design Riccardo Paolino &#038; Matteo Fusi for Progetti\"}]},{\"@type\":\"WebSite\",\"@id\":\"https:\/\/socialdesignmagazine.com\/mag\/products-selection\/#website\",\"url\":\"https:\/\/socialdesignmagazine.com\/mag\/products-selection\/\",\"name\":\"SDM Product Selection\",\"description\":\"Una selezioni di prodotti dei brand pi\u00f9 interessanti per arredare e progettare\",\"publisher\":{\"@id\":\"https:\/\/socialdesignmagazine.com\/mag\/products-selection\/#organization\"},\"potentialAction\":[{\"@type\":\"SearchAction\",\"target\":{\"@type\":\"EntryPoint\",\"urlTemplate\":\"https:\/\/socialdesignmagazine.com\/mag\/products-selection\/?s={search_term_string}\"},\"query-input\":{\"@type\":\"PropertyValueSpecification\",\"valueRequired\":true,\"valueName\":\"search_term_string\"}}],\"inLanguage\":\"it-IT\"},{\"@type\":\"Organization\",\"@id\":\"https:\/\/socialdesignmagazine.com\/mag\/products-selection\/#organization\",\"name\":\"Social Design Magazine\",\"url\":\"https:\/\/socialdesignmagazine.com\/mag\/products-selection\/\",\"logo\":{\"@type\":\"ImageObject\",\"inLanguage\":\"it-IT\",\"@id\":\"https:\/\/socialdesignmagazine.com\/mag\/products-selection\/#\/schema\/logo\/image\/\",\"url\":\"https:\/\/socialdesignmagazine.com\/mag\/products-selection\/wp-content\/uploads\/sites\/2\/2015\/05\/social-design-magazine-logo.png\",\"contentUrl\":\"https:\/\/socialdesignmagazine.com\/mag\/products-selection\/wp-content\/uploads\/sites\/2\/2015\/05\/social-design-magazine-logo.png\",\"width\":251,\"height\":101,\"caption\":\"Social Design Magazine\"},\"image\":{\"@id\":\"https:\/\/socialdesignmagazine.com\/mag\/products-selection\/#\/schema\/logo\/image\/\"},\"sameAs\":[\"https:\/\/www.facebook.com\/socialdesignmag\",\"https:\/\/x.com\/socialdesignmag\",\"http:\/\/instagram.com\/social_design_magazine\/\",\"http:\/\/pinterest.com\/socialdesignmag\/\",\"http:\/\/www.youtube.com\/user\/socialdesignmagazine\"]}]}<\/script>\n<!-- \/ Yoast SEO plugin. -->","yoast_head_json":{"title":"Orologio da parete C\u00f9c\u00f9r\u00f9k\u00f9 Weng\u00e8|Arancione design Riccardo Paolino & Matteo Fusi for Progetti - SDM Product Selection","description":"Orologio da parete C\u00f9C\u00f9R\u00f9K\u00f9 semplice, delicato, lineare ma di grande impatto; un quadro di pochi elementi ma che si fa notare.","robots":{"index":"index","follow":"follow","max-snippet":"max-snippet:-1","max-image-preview":"max-image-preview:large","max-video-preview":"max-video-preview:-1"},"canonical":"https:\/\/socialdesignmagazine.com\/mag\/products-selection\/product\/orologio-da-parete-cucuruku-wengearancione-design-riccardo-paolino-matteo-fusi-for-progetti\/","og_locale":"it_IT","og_type":"article","og_title":"Orologio da parete C\u00f9c\u00f9r\u00f9k\u00f9 Weng\u00e8|Arancione design Riccardo Paolino & Matteo Fusi for Progetti - SDM Product Selection","og_description":"Orologio da parete C\u00f9C\u00f9R\u00f9K\u00f9 semplice, delicato, lineare ma di grande impatto; un quadro di pochi elementi ma che si fa notare.","og_url":"https:\/\/socialdesignmagazine.com\/mag\/products-selection\/product\/orologio-da-parete-cucuruku-wengearancione-design-riccardo-paolino-matteo-fusi-for-progetti\/","og_site_name":"SDM Product Selection","article_publisher":"https:\/\/www.facebook.com\/socialdesignmag","article_modified_time":"2021-05-02T16:33:57+00:00","og_image":[{"width":700,"height":700,"url":"https:\/\/socialdesignmagazine.com\/mag\/products-selection\/wp-content\/uploads\/sites\/2\/2021\/05\/Orologio-da-parete-Cucuruku-WengeArancione-Progetti-Riccardo-Paolino-Matteo-Fusi.jpg","type":"image\/jpeg"}],"twitter_card":"summary_large_image","twitter_site":"@socialdesignmag","twitter_misc":{"Tempo di lettura stimato":"1 minuto"},"schema":{"@context":"https:\/\/schema.org","@graph":[{"@type":"WebPage","@id":"https:\/\/socialdesignmagazine.com\/mag\/products-selection\/product\/orologio-da-parete-cucuruku-wengearancione-design-riccardo-paolino-matteo-fusi-for-progetti\/","url":"https:\/\/socialdesignmagazine.com\/mag\/products-selection\/product\/orologio-da-parete-cucuruku-wengearancione-design-riccardo-paolino-matteo-fusi-for-progetti\/","name":"Orologio da parete C\u00f9c\u00f9r\u00f9k\u00f9 Weng\u00e8|Arancione design Riccardo Paolino & Matteo Fusi for Progetti - SDM Product Selection","isPartOf":{"@id":"https:\/\/socialdesignmagazine.com\/mag\/products-selection\/#website"},"primaryImageOfPage":{"@id":"https:\/\/socialdesignmagazine.com\/mag\/products-selection\/product\/orologio-da-parete-cucuruku-wengearancione-design-riccardo-paolino-matteo-fusi-for-progetti\/#primaryimage"},"image":{"@id":"https:\/\/socialdesignmagazine.com\/mag\/products-selection\/product\/orologio-da-parete-cucuruku-wengearancione-design-riccardo-paolino-matteo-fusi-for-progetti\/#primaryimage"},"thumbnailUrl":"https:\/\/socialdesignmagazine.com\/mag\/products-selection\/wp-content\/uploads\/sites\/2\/2021\/05\/Orologio-da-parete-Cucuruku-WengeArancione-Progetti-Riccardo-Paolino-Matteo-Fusi.jpg","datePublished":"2021-05-02T16:27:51+00:00","dateModified":"2021-05-02T16:33:57+00:00","description":"Orologio da parete C\u00f9C\u00f9R\u00f9K\u00f9 semplice, delicato, lineare ma di grande impatto; un quadro di pochi elementi ma che si fa notare.","breadcrumb":{"@id":"https:\/\/socialdesignmagazine.com\/mag\/products-selection\/product\/orologio-da-parete-cucuruku-wengearancione-design-riccardo-paolino-matteo-fusi-for-progetti\/#breadcrumb"},"inLanguage":"it-IT","potentialAction":[{"@type":"ReadAction","target":["https:\/\/socialdesignmagazine.com\/mag\/products-selection\/product\/orologio-da-parete-cucuruku-wengearancione-design-riccardo-paolino-matteo-fusi-for-progetti\/"]}]},{"@type":"ImageObject","inLanguage":"it-IT","@id":"https:\/\/socialdesignmagazine.com\/mag\/products-selection\/product\/orologio-da-parete-cucuruku-wengearancione-design-riccardo-paolino-matteo-fusi-for-progetti\/#primaryimage","url":"https:\/\/socialdesignmagazine.com\/mag\/products-selection\/wp-content\/uploads\/sites\/2\/2021\/05\/Orologio-da-parete-Cucuruku-WengeArancione-Progetti-Riccardo-Paolino-Matteo-Fusi.jpg","contentUrl":"https:\/\/socialdesignmagazine.com\/mag\/products-selection\/wp-content\/uploads\/sites\/2\/2021\/05\/Orologio-da-parete-Cucuruku-WengeArancione-Progetti-Riccardo-Paolino-Matteo-Fusi.jpg","width":700,"height":700,"caption":"Orologio da parete C\u00f9c\u00f9r\u00f9k\u00f9 Weng\u00e8|Arancione Progetti Riccardo Paolino & Matteo Fusi 1"},{"@type":"BreadcrumbList","@id":"https:\/\/socialdesignmagazine.com\/mag\/products-selection\/product\/orologio-da-parete-cucuruku-wengearancione-design-riccardo-paolino-matteo-fusi-for-progetti\/#breadcrumb","itemListElement":[{"@type":"ListItem","position":1,"name":"Home","item":"https:\/\/socialdesignmagazine.com\/mag\/products-selection\/"},{"@type":"ListItem","position":2,"name":"Tutti i prodotti","item":"https:\/\/socialdesignmagazine.com\/mag\/products-selection\/tutti-i-prodotti\/"},{"@type":"ListItem","position":3,"name":"Orologio da parete C\u00f9c\u00f9r\u00f9k\u00f9 Weng\u00e8|Arancione design Riccardo Paolino &#038; Matteo Fusi for Progetti"}]},{"@type":"WebSite","@id":"https:\/\/socialdesignmagazine.com\/mag\/products-selection\/#website","url":"https:\/\/socialdesignmagazine.com\/mag\/products-selection\/","name":"SDM Product Selection","description":"Una selezioni di prodotti dei brand pi\u00f9 interessanti per arredare e progettare","publisher":{"@id":"https:\/\/socialdesignmagazine.com\/mag\/products-selection\/#organization"},"potentialAction":[{"@type":"SearchAction","target":{"@type":"EntryPoint","urlTemplate":"https:\/\/socialdesignmagazine.com\/mag\/products-selection\/?s={search_term_string}"},"query-input":{"@type":"PropertyValueSpecification","valueRequired":true,"valueName":"search_term_string"}}],"inLanguage":"it-IT"},{"@type":"Organization","@id":"https:\/\/socialdesignmagazine.com\/mag\/products-selection\/#organization","name":"Social Design Magazine","url":"https:\/\/socialdesignmagazine.com\/mag\/products-selection\/","logo":{"@type":"ImageObject","inLanguage":"it-IT","@id":"https:\/\/socialdesignmagazine.com\/mag\/products-selection\/#\/schema\/logo\/image\/","url":"https:\/\/socialdesignmagazine.com\/mag\/products-selection\/wp-content\/uploads\/sites\/2\/2015\/05\/social-design-magazine-logo.png","contentUrl":"https:\/\/socialdesignmagazine.com\/mag\/products-selection\/wp-content\/uploads\/sites\/2\/2015\/05\/social-design-magazine-logo.png","width":251,"height":101,"caption":"Social Design Magazine"},"image":{"@id":"https:\/\/socialdesignmagazine.com\/mag\/products-selection\/#\/schema\/logo\/image\/"},"sameAs":["https:\/\/www.facebook.com\/socialdesignmag","https:\/\/x.com\/socialdesignmag","http:\/\/instagram.com\/social_design_magazine\/","http:\/\/pinterest.com\/socialdesignmag\/","http:\/\/www.youtube.com\/user\/socialdesignmagazine"]}]}},"jetpack_publicize_connections":[],"jetpack_sharing_enabled":true,"brands":[{"id":2567,"name":"Progetti","slug":"progetti"}],"_links":{"self":[{"href":"https:\/\/socialdesignmagazine.com\/mag\/products-selection\/wp-json\/wp\/v2\/product\/140195","targetHints":{"allow":["GET"]}}],"collection":[{"href":"https:\/\/socialdesignmagazine.com\/mag\/products-selection\/wp-json\/wp\/v2\/product"}],"about":[{"href":"https:\/\/socialdesignmagazine.com\/mag\/products-selection\/wp-json\/wp\/v2\/types\/product"}],"wp:featuredmedia":[{"embeddable":true,"href":"https:\/\/socialdesignmagazine.com\/mag\/products-selection\/wp-json\/wp\/v2\/media\/140196"}],"wp:attachment":[{"href":"https:\/\/socialdesignmagazine.com\/mag\/products-selection\/wp-json\/wp\/v2\/media?parent=140195"}],"wp:term":[{"taxonomy":"pwb-brand","embeddable":true,"href":"https:\/\/socialdesignmagazine.com\/mag\/products-selection\/wp-json\/wp\/v2\/pwb-brand?post=140195"},{"taxonomy":"product_brand","embeddable":true,"href":"https:\/\/socialdesignmagazine.com\/mag\/products-selection\/wp-json\/wp\/v2\/product_brand?post=140195"},{"taxonomy":"product_cat","embeddable":true,"href":"https:\/\/socialdesignmagazine.com\/mag\/products-selection\/wp-json\/wp\/v2\/product_cat?post=140195"},{"taxonomy":"product_tag","embeddable":true,"href":"https:\/\/socialdesignmagazine.com\/mag\/products-selection\/wp-json\/wp\/v2\/product_tag?post=140195"}],"curies":[{"name":"wp","href":"https:\/\/api.w.org\/{rel}","templated":true}]}}