{"id":140217,"date":"2021-05-02T18:28:07","date_gmt":"2021-05-02T16:28:07","guid":{"rendered":"https:\/\/socialdesignmagazine.com\/mag\/products-selection\/?post_type=product&#038;p=140217"},"modified":"2021-05-02T18:33:53","modified_gmt":"2021-05-02T16:33:53","slug":"orologi-amazon-bianco-design-ewald-winkelbauer-for-progetti","status":"publish","type":"product","link":"https:\/\/socialdesignmagazine.com\/mag\/products-selection\/product\/orologi-amazon-bianco-design-ewald-winkelbauer-for-progetti\/","title":{"rendered":"OROLOGI Amazon Bianco design Ewald Winkelbauer for Progetti"},"content":{"rendered":"<p>Orologio AMAZON della serie Made in Italy di Progetti \u00a0Il cuc\u00f9 Amazon, disegnato da Ewald Winkelbauer, come il nome suggerisce, \u00e8 immerso nella foresta Amazzonica dalla quale esce ogni ora per cantare e battere le ore. La struttura a parallelepipedo a spigoli vivi ed il design essenziale lo rendono moderno ed adatto a qualunque ambiente. \u00c8 disponibile in tre colori: bianco, nero o marrone metallizzato con effetto materico. Realizzato in legno e verniciato con vernici atossiche. Il movimento a cuc\u00f9, di progettazione tedesca di alta qualit\u00e0 \u00e8 alimentato da due batterie, ha un sensore fotosensibile che non lo fa cantare quando \u00e8 buio ed ha una pulsantiera che permette di regolare l&#8217;intensit\u00e0 del suono o di spegnerlo del tutto. Design by Ewald Winkelbauer. Prodotto da Progetti Srl e interamente Made in Italy. Dimensioni: H. 40 &#8211; L. 20 &#8211; P. 12 cm<\/p>\n","protected":false},"excerpt":{"rendered":"<p>Orologio AMAZON della serie Made in Italy di Progetti  Il cuc\u00f9 Amazon, disegnato da Ewald Winkelbauer, come il nome suggerisce, \u00e8 immerso nella foresta Amazzonica dalla quale esce ogni ora per cantare e battere le ore.<\/p>\n","protected":false},"featured_media":140218,"template":"","meta":{"_acf_changed":false,"jetpack_post_was_ever_published":false,"jetpack_publicize_message":"","jetpack_publicize_feature_enabled":true,"jetpack_social_post_already_shared":true,"jetpack_social_options":{"image_generator_settings":{"template":"highway","default_image_id":0,"font":"","enabled":false},"version":2}},"pwb-brand":[2567],"product_brand":[],"product_cat":[304,607,3006,2568],"product_tag":[2625,2619],"class_list":{"0":"post-140217","1":"product","2":"type-product","3":"status-publish","4":"has-post-thumbnail","6":"pwb-brand-progetti","7":"product_cat-decor","8":"product_cat-designers","9":"product_cat-ewald-winkelbaue","10":"product_cat-orologio-da-parete","11":"product_tag-cucu","12":"product_tag-orologio-da-parete","13":"pa_altezza-400-mm","14":"pa_colore-bianco","15":"pa_designer-ewald-winkelbauer","16":"pa_downloads-pdf","17":"pa_larghezza-200-mm","18":"pa_materiale-legno-verniciato","19":"pa_produttore-progetti","20":"pa_profondita-120-mm","21":"pa_serie-cucu","22":"pa_tipo-di-prodotto-orologi","24":"first","25":"instock","26":"product-type-external"},"acf":[],"yoast_head":"<!-- This site is optimized with the Yoast SEO plugin v27.2 - https:\/\/yoast.com\/product\/yoast-seo-wordpress\/ -->\n<title>OROLOGI Amazon Bianco design Ewald Winkelbauer for Progetti - SDM Product Selection<\/title>\n<meta name=\"description\" content=\"Orologio AMAZON della serie Made in Italy di Progetti Il cuc\u00f9 Amazon, disegnato da Ewald Winkelbauer, come il nome suggerisce, \u00e8 immerso nella foresta Amazzonica dalla quale esce ogni ora per cantare e battere le ore.\" \/>\n<meta name=\"robots\" content=\"index, follow, max-snippet:-1, max-image-preview:large, max-video-preview:-1\" \/>\n<link rel=\"canonical\" href=\"https:\/\/socialdesignmagazine.com\/mag\/products-selection\/product\/orologi-amazon-bianco-design-ewald-winkelbauer-for-progetti\/\" \/>\n<meta property=\"og:locale\" content=\"it_IT\" \/>\n<meta property=\"og:type\" content=\"article\" \/>\n<meta property=\"og:title\" content=\"OROLOGI Amazon Bianco design Ewald Winkelbauer for Progetti - SDM Product Selection\" \/>\n<meta property=\"og:description\" content=\"Orologio AMAZON della serie Made in Italy di Progetti Il cuc\u00f9 Amazon, disegnato da Ewald Winkelbauer, come il nome suggerisce, \u00e8 immerso nella foresta Amazzonica dalla quale esce ogni ora per cantare e battere le ore.\" \/>\n<meta property=\"og:url\" content=\"https:\/\/socialdesignmagazine.com\/mag\/products-selection\/product\/orologi-amazon-bianco-design-ewald-winkelbauer-for-progetti\/\" \/>\n<meta property=\"og:site_name\" content=\"SDM Product Selection\" \/>\n<meta property=\"article:publisher\" content=\"https:\/\/www.facebook.com\/socialdesignmag\" \/>\n<meta property=\"article:modified_time\" content=\"2021-05-02T16:33:53+00:00\" \/>\n<meta property=\"og:image\" content=\"https:\/\/socialdesignmagazine.com\/mag\/products-selection\/wp-content\/uploads\/sites\/2\/2021\/05\/OROLOGI-Amazon-Bianco-Progetti-Ewald-Winkelbauer.jpg\" \/>\n\t<meta property=\"og:image:width\" content=\"700\" \/>\n\t<meta property=\"og:image:height\" content=\"800\" \/>\n\t<meta property=\"og:image:type\" content=\"image\/jpeg\" \/>\n<meta name=\"twitter:card\" content=\"summary_large_image\" \/>\n<meta name=\"twitter:site\" content=\"@socialdesignmag\" \/>\n<meta name=\"twitter:label1\" content=\"Tempo di lettura stimato\" \/>\n\t<meta name=\"twitter:data1\" content=\"1 minuto\" \/>\n<script type=\"application\/ld+json\" class=\"yoast-schema-graph\">{\"@context\":\"https:\/\/schema.org\",\"@graph\":[{\"@type\":\"WebPage\",\"@id\":\"https:\/\/socialdesignmagazine.com\/mag\/products-selection\/product\/orologi-amazon-bianco-design-ewald-winkelbauer-for-progetti\/\",\"url\":\"https:\/\/socialdesignmagazine.com\/mag\/products-selection\/product\/orologi-amazon-bianco-design-ewald-winkelbauer-for-progetti\/\",\"name\":\"OROLOGI Amazon Bianco design Ewald Winkelbauer for Progetti - SDM Product Selection\",\"isPartOf\":{\"@id\":\"https:\/\/socialdesignmagazine.com\/mag\/products-selection\/#website\"},\"primaryImageOfPage\":{\"@id\":\"https:\/\/socialdesignmagazine.com\/mag\/products-selection\/product\/orologi-amazon-bianco-design-ewald-winkelbauer-for-progetti\/#primaryimage\"},\"image\":{\"@id\":\"https:\/\/socialdesignmagazine.com\/mag\/products-selection\/product\/orologi-amazon-bianco-design-ewald-winkelbauer-for-progetti\/#primaryimage\"},\"thumbnailUrl\":\"https:\/\/socialdesignmagazine.com\/mag\/products-selection\/wp-content\/uploads\/sites\/2\/2021\/05\/OROLOGI-Amazon-Bianco-Progetti-Ewald-Winkelbauer.jpg\",\"datePublished\":\"2021-05-02T16:28:07+00:00\",\"dateModified\":\"2021-05-02T16:33:53+00:00\",\"description\":\"Orologio AMAZON della serie Made in Italy di Progetti Il cuc\u00f9 Amazon, disegnato da Ewald Winkelbauer, come il nome suggerisce, \u00e8 immerso nella foresta Amazzonica dalla quale esce ogni ora per cantare e battere le ore.\",\"breadcrumb\":{\"@id\":\"https:\/\/socialdesignmagazine.com\/mag\/products-selection\/product\/orologi-amazon-bianco-design-ewald-winkelbauer-for-progetti\/#breadcrumb\"},\"inLanguage\":\"it-IT\",\"potentialAction\":[{\"@type\":\"ReadAction\",\"target\":[\"https:\/\/socialdesignmagazine.com\/mag\/products-selection\/product\/orologi-amazon-bianco-design-ewald-winkelbauer-for-progetti\/\"]}]},{\"@type\":\"ImageObject\",\"inLanguage\":\"it-IT\",\"@id\":\"https:\/\/socialdesignmagazine.com\/mag\/products-selection\/product\/orologi-amazon-bianco-design-ewald-winkelbauer-for-progetti\/#primaryimage\",\"url\":\"https:\/\/socialdesignmagazine.com\/mag\/products-selection\/wp-content\/uploads\/sites\/2\/2021\/05\/OROLOGI-Amazon-Bianco-Progetti-Ewald-Winkelbauer.jpg\",\"contentUrl\":\"https:\/\/socialdesignmagazine.com\/mag\/products-selection\/wp-content\/uploads\/sites\/2\/2021\/05\/OROLOGI-Amazon-Bianco-Progetti-Ewald-Winkelbauer.jpg\",\"width\":700,\"height\":800,\"caption\":\"OROLOGI Amazon Bianco Progetti Ewald Winkelbauer 1\"},{\"@type\":\"BreadcrumbList\",\"@id\":\"https:\/\/socialdesignmagazine.com\/mag\/products-selection\/product\/orologi-amazon-bianco-design-ewald-winkelbauer-for-progetti\/#breadcrumb\",\"itemListElement\":[{\"@type\":\"ListItem\",\"position\":1,\"name\":\"Home\",\"item\":\"https:\/\/socialdesignmagazine.com\/mag\/products-selection\/\"},{\"@type\":\"ListItem\",\"position\":2,\"name\":\"Tutti i prodotti\",\"item\":\"https:\/\/socialdesignmagazine.com\/mag\/products-selection\/tutti-i-prodotti\/\"},{\"@type\":\"ListItem\",\"position\":3,\"name\":\"OROLOGI Amazon Bianco design Ewald Winkelbauer for Progetti\"}]},{\"@type\":\"WebSite\",\"@id\":\"https:\/\/socialdesignmagazine.com\/mag\/products-selection\/#website\",\"url\":\"https:\/\/socialdesignmagazine.com\/mag\/products-selection\/\",\"name\":\"SDM Product Selection\",\"description\":\"Una selezioni di prodotti dei brand pi\u00f9 interessanti per arredare e progettare\",\"publisher\":{\"@id\":\"https:\/\/socialdesignmagazine.com\/mag\/products-selection\/#organization\"},\"potentialAction\":[{\"@type\":\"SearchAction\",\"target\":{\"@type\":\"EntryPoint\",\"urlTemplate\":\"https:\/\/socialdesignmagazine.com\/mag\/products-selection\/?s={search_term_string}\"},\"query-input\":{\"@type\":\"PropertyValueSpecification\",\"valueRequired\":true,\"valueName\":\"search_term_string\"}}],\"inLanguage\":\"it-IT\"},{\"@type\":\"Organization\",\"@id\":\"https:\/\/socialdesignmagazine.com\/mag\/products-selection\/#organization\",\"name\":\"Social Design Magazine\",\"url\":\"https:\/\/socialdesignmagazine.com\/mag\/products-selection\/\",\"logo\":{\"@type\":\"ImageObject\",\"inLanguage\":\"it-IT\",\"@id\":\"https:\/\/socialdesignmagazine.com\/mag\/products-selection\/#\/schema\/logo\/image\/\",\"url\":\"https:\/\/socialdesignmagazine.com\/mag\/products-selection\/wp-content\/uploads\/sites\/2\/2015\/05\/social-design-magazine-logo.png\",\"contentUrl\":\"https:\/\/socialdesignmagazine.com\/mag\/products-selection\/wp-content\/uploads\/sites\/2\/2015\/05\/social-design-magazine-logo.png\",\"width\":251,\"height\":101,\"caption\":\"Social Design Magazine\"},\"image\":{\"@id\":\"https:\/\/socialdesignmagazine.com\/mag\/products-selection\/#\/schema\/logo\/image\/\"},\"sameAs\":[\"https:\/\/www.facebook.com\/socialdesignmag\",\"https:\/\/x.com\/socialdesignmag\",\"http:\/\/instagram.com\/social_design_magazine\/\",\"http:\/\/pinterest.com\/socialdesignmag\/\",\"http:\/\/www.youtube.com\/user\/socialdesignmagazine\"]}]}<\/script>\n<!-- \/ Yoast SEO plugin. -->","yoast_head_json":{"title":"OROLOGI Amazon Bianco design Ewald Winkelbauer for Progetti - SDM Product Selection","description":"Orologio AMAZON della serie Made in Italy di Progetti Il cuc\u00f9 Amazon, disegnato da Ewald Winkelbauer, come il nome suggerisce, \u00e8 immerso nella foresta Amazzonica dalla quale esce ogni ora per cantare e battere le ore.","robots":{"index":"index","follow":"follow","max-snippet":"max-snippet:-1","max-image-preview":"max-image-preview:large","max-video-preview":"max-video-preview:-1"},"canonical":"https:\/\/socialdesignmagazine.com\/mag\/products-selection\/product\/orologi-amazon-bianco-design-ewald-winkelbauer-for-progetti\/","og_locale":"it_IT","og_type":"article","og_title":"OROLOGI Amazon Bianco design Ewald Winkelbauer for Progetti - SDM Product Selection","og_description":"Orologio AMAZON della serie Made in Italy di Progetti Il cuc\u00f9 Amazon, disegnato da Ewald Winkelbauer, come il nome suggerisce, \u00e8 immerso nella foresta Amazzonica dalla quale esce ogni ora per cantare e battere le ore.","og_url":"https:\/\/socialdesignmagazine.com\/mag\/products-selection\/product\/orologi-amazon-bianco-design-ewald-winkelbauer-for-progetti\/","og_site_name":"SDM Product Selection","article_publisher":"https:\/\/www.facebook.com\/socialdesignmag","article_modified_time":"2021-05-02T16:33:53+00:00","og_image":[{"width":700,"height":800,"url":"https:\/\/socialdesignmagazine.com\/mag\/products-selection\/wp-content\/uploads\/sites\/2\/2021\/05\/OROLOGI-Amazon-Bianco-Progetti-Ewald-Winkelbauer.jpg","type":"image\/jpeg"}],"twitter_card":"summary_large_image","twitter_site":"@socialdesignmag","twitter_misc":{"Tempo di lettura stimato":"1 minuto"},"schema":{"@context":"https:\/\/schema.org","@graph":[{"@type":"WebPage","@id":"https:\/\/socialdesignmagazine.com\/mag\/products-selection\/product\/orologi-amazon-bianco-design-ewald-winkelbauer-for-progetti\/","url":"https:\/\/socialdesignmagazine.com\/mag\/products-selection\/product\/orologi-amazon-bianco-design-ewald-winkelbauer-for-progetti\/","name":"OROLOGI Amazon Bianco design Ewald Winkelbauer for Progetti - SDM Product Selection","isPartOf":{"@id":"https:\/\/socialdesignmagazine.com\/mag\/products-selection\/#website"},"primaryImageOfPage":{"@id":"https:\/\/socialdesignmagazine.com\/mag\/products-selection\/product\/orologi-amazon-bianco-design-ewald-winkelbauer-for-progetti\/#primaryimage"},"image":{"@id":"https:\/\/socialdesignmagazine.com\/mag\/products-selection\/product\/orologi-amazon-bianco-design-ewald-winkelbauer-for-progetti\/#primaryimage"},"thumbnailUrl":"https:\/\/socialdesignmagazine.com\/mag\/products-selection\/wp-content\/uploads\/sites\/2\/2021\/05\/OROLOGI-Amazon-Bianco-Progetti-Ewald-Winkelbauer.jpg","datePublished":"2021-05-02T16:28:07+00:00","dateModified":"2021-05-02T16:33:53+00:00","description":"Orologio AMAZON della serie Made in Italy di Progetti Il cuc\u00f9 Amazon, disegnato da Ewald Winkelbauer, come il nome suggerisce, \u00e8 immerso nella foresta Amazzonica dalla quale esce ogni ora per cantare e battere le ore.","breadcrumb":{"@id":"https:\/\/socialdesignmagazine.com\/mag\/products-selection\/product\/orologi-amazon-bianco-design-ewald-winkelbauer-for-progetti\/#breadcrumb"},"inLanguage":"it-IT","potentialAction":[{"@type":"ReadAction","target":["https:\/\/socialdesignmagazine.com\/mag\/products-selection\/product\/orologi-amazon-bianco-design-ewald-winkelbauer-for-progetti\/"]}]},{"@type":"ImageObject","inLanguage":"it-IT","@id":"https:\/\/socialdesignmagazine.com\/mag\/products-selection\/product\/orologi-amazon-bianco-design-ewald-winkelbauer-for-progetti\/#primaryimage","url":"https:\/\/socialdesignmagazine.com\/mag\/products-selection\/wp-content\/uploads\/sites\/2\/2021\/05\/OROLOGI-Amazon-Bianco-Progetti-Ewald-Winkelbauer.jpg","contentUrl":"https:\/\/socialdesignmagazine.com\/mag\/products-selection\/wp-content\/uploads\/sites\/2\/2021\/05\/OROLOGI-Amazon-Bianco-Progetti-Ewald-Winkelbauer.jpg","width":700,"height":800,"caption":"OROLOGI Amazon Bianco Progetti Ewald Winkelbauer 1"},{"@type":"BreadcrumbList","@id":"https:\/\/socialdesignmagazine.com\/mag\/products-selection\/product\/orologi-amazon-bianco-design-ewald-winkelbauer-for-progetti\/#breadcrumb","itemListElement":[{"@type":"ListItem","position":1,"name":"Home","item":"https:\/\/socialdesignmagazine.com\/mag\/products-selection\/"},{"@type":"ListItem","position":2,"name":"Tutti i prodotti","item":"https:\/\/socialdesignmagazine.com\/mag\/products-selection\/tutti-i-prodotti\/"},{"@type":"ListItem","position":3,"name":"OROLOGI Amazon Bianco design Ewald Winkelbauer for Progetti"}]},{"@type":"WebSite","@id":"https:\/\/socialdesignmagazine.com\/mag\/products-selection\/#website","url":"https:\/\/socialdesignmagazine.com\/mag\/products-selection\/","name":"SDM Product Selection","description":"Una selezioni di prodotti dei brand pi\u00f9 interessanti per arredare e progettare","publisher":{"@id":"https:\/\/socialdesignmagazine.com\/mag\/products-selection\/#organization"},"potentialAction":[{"@type":"SearchAction","target":{"@type":"EntryPoint","urlTemplate":"https:\/\/socialdesignmagazine.com\/mag\/products-selection\/?s={search_term_string}"},"query-input":{"@type":"PropertyValueSpecification","valueRequired":true,"valueName":"search_term_string"}}],"inLanguage":"it-IT"},{"@type":"Organization","@id":"https:\/\/socialdesignmagazine.com\/mag\/products-selection\/#organization","name":"Social Design Magazine","url":"https:\/\/socialdesignmagazine.com\/mag\/products-selection\/","logo":{"@type":"ImageObject","inLanguage":"it-IT","@id":"https:\/\/socialdesignmagazine.com\/mag\/products-selection\/#\/schema\/logo\/image\/","url":"https:\/\/socialdesignmagazine.com\/mag\/products-selection\/wp-content\/uploads\/sites\/2\/2015\/05\/social-design-magazine-logo.png","contentUrl":"https:\/\/socialdesignmagazine.com\/mag\/products-selection\/wp-content\/uploads\/sites\/2\/2015\/05\/social-design-magazine-logo.png","width":251,"height":101,"caption":"Social Design Magazine"},"image":{"@id":"https:\/\/socialdesignmagazine.com\/mag\/products-selection\/#\/schema\/logo\/image\/"},"sameAs":["https:\/\/www.facebook.com\/socialdesignmag","https:\/\/x.com\/socialdesignmag","http:\/\/instagram.com\/social_design_magazine\/","http:\/\/pinterest.com\/socialdesignmag\/","http:\/\/www.youtube.com\/user\/socialdesignmagazine"]}]}},"jetpack_publicize_connections":[],"jetpack_sharing_enabled":true,"brands":[{"id":2567,"name":"Progetti","slug":"progetti"}],"_links":{"self":[{"href":"https:\/\/socialdesignmagazine.com\/mag\/products-selection\/wp-json\/wp\/v2\/product\/140217","targetHints":{"allow":["GET"]}}],"collection":[{"href":"https:\/\/socialdesignmagazine.com\/mag\/products-selection\/wp-json\/wp\/v2\/product"}],"about":[{"href":"https:\/\/socialdesignmagazine.com\/mag\/products-selection\/wp-json\/wp\/v2\/types\/product"}],"wp:featuredmedia":[{"embeddable":true,"href":"https:\/\/socialdesignmagazine.com\/mag\/products-selection\/wp-json\/wp\/v2\/media\/140218"}],"wp:attachment":[{"href":"https:\/\/socialdesignmagazine.com\/mag\/products-selection\/wp-json\/wp\/v2\/media?parent=140217"}],"wp:term":[{"taxonomy":"pwb-brand","embeddable":true,"href":"https:\/\/socialdesignmagazine.com\/mag\/products-selection\/wp-json\/wp\/v2\/pwb-brand?post=140217"},{"taxonomy":"product_brand","embeddable":true,"href":"https:\/\/socialdesignmagazine.com\/mag\/products-selection\/wp-json\/wp\/v2\/product_brand?post=140217"},{"taxonomy":"product_cat","embeddable":true,"href":"https:\/\/socialdesignmagazine.com\/mag\/products-selection\/wp-json\/wp\/v2\/product_cat?post=140217"},{"taxonomy":"product_tag","embeddable":true,"href":"https:\/\/socialdesignmagazine.com\/mag\/products-selection\/wp-json\/wp\/v2\/product_tag?post=140217"}],"curies":[{"name":"wp","href":"https:\/\/api.w.org\/{rel}","templated":true}]}}