{"id":140221,"date":"2021-05-02T18:28:07","date_gmt":"2021-05-02T16:28:07","guid":{"rendered":"https:\/\/socialdesignmagazine.com\/mag\/products-selection\/?post_type=product&#038;p=140221"},"modified":"2021-05-02T18:33:54","modified_gmt":"2021-05-02T16:33:54","slug":"orologi-birdwatching-neroverde-design-studio-kuadra-for-progetti","status":"publish","type":"product","link":"https:\/\/socialdesignmagazine.com\/mag\/products-selection\/product\/orologi-birdwatching-neroverde-design-studio-kuadra-for-progetti\/","title":{"rendered":"OROLOGI Birdwatching Nero|Verde design Studio Kuadra for Progetti"},"content":{"rendered":"<p>BIRDWATCHING, un orologio dal design ironico, elegante e green disegnato da Studio Kuadra ci porta ad osservare gli uccellini nei boschi o meglio i cuc\u00f9. BIRDWATCHING \u00e8 infatti un cuc\u00f9 da tavolo dedicato agli amanti dello sport &#8230; indoor!!! Ogni ora potrete avvistare in casa un passerotto cinguettante. Un oggetto che arreda scrivanie, mensole e mobili, in casa o in ufficio, composto da due parti cubiche distinte ma collegate tra loro, liberamente posizionabii. Un elemento, l&#8217;orologio, \u00e8 costituito dalla casetta di avvistamento stilizzata, realizzata in legno verniciato nero, sul cui &#8216;tetto&#8217; sono posizionate due sagome di birdwatchers attenti e pronti a fotografare. l&#8217;altro elemento \u00e8, invece, l&#8217;albero tra le cui fronda si cela, nel\u00a0centro, l&#8217;uccellino. Questo volume \u00e8 interamente rivestito in\u00a0MOSS di Verde Profilo, un lichene naturale utilizzabile in\u00a0ambienti interni, anche in stanze prive di illuminazione naturale,\u00a0senza subire variazioni. Un sensore sensibile alla luce ferma\u00a0automaticamente la suoneria in assenza di luce.\u00a0 Design by Studio Kuadra \u00a0 Prodotto da Progetti Srl e interamente Made in Italy.<\/p>\n","protected":false},"excerpt":{"rendered":"<p>BIRDWATCHING, un orologio dal design ironico, elegante e green disegnato da Studio Kuadra ci porta ad osservare gli uccellini nei boschi o meglio i cuc\u00f9.<\/p>\n","protected":false},"featured_media":140222,"template":"","meta":{"_acf_changed":false,"jetpack_post_was_ever_published":false,"jetpack_publicize_message":"","jetpack_publicize_feature_enabled":true,"jetpack_social_post_already_shared":true,"jetpack_social_options":{"image_generator_settings":{"template":"highway","default_image_id":0,"font":"","enabled":false},"version":2}},"pwb-brand":[2567],"product_brand":[],"product_cat":[304,607,2993,2569],"product_tag":[2625,2630],"class_list":{"0":"post-140221","1":"product","2":"type-product","3":"status-publish","4":"has-post-thumbnail","6":"pwb-brand-progetti","7":"product_cat-decor","8":"product_cat-designers","9":"product_cat-orologio-da-tavolo","10":"product_cat-studio-kuadra","11":"product_tag-cucu","12":"product_tag-orologio-da-tavolo","13":"pa_altezza-270-mm","14":"pa_colore-nero","15":"pa_colore-verde","16":"pa_designer-studio-kuadra","17":"pa_downloads-pdf","18":"pa_larghezza-150-mm","19":"pa_materiale-legno-verniciato","20":"pa_materiale-moss","21":"pa_produttore-progetti","22":"pa_profondita-150-mm","23":"pa_serie-cucu","24":"pa_tipo-di-prodotto-orologi","26":"first","27":"instock","28":"product-type-external"},"acf":[],"yoast_head":"<!-- This site is optimized with the Yoast SEO plugin v27.2 - https:\/\/yoast.com\/product\/yoast-seo-wordpress\/ -->\n<title>OROLOGI Birdwatching Nero|Verde design Studio Kuadra for Progetti - SDM Product Selection<\/title>\n<meta name=\"description\" content=\"BIRDWATCHING, un orologio dal design ironico, elegante e green disegnato da Studio Kuadra ci porta ad osservare gli uccellini nei boschi o meglio i cuc\u00f9.\" \/>\n<meta name=\"robots\" content=\"index, follow, max-snippet:-1, max-image-preview:large, max-video-preview:-1\" \/>\n<link rel=\"canonical\" href=\"https:\/\/socialdesignmagazine.com\/mag\/products-selection\/product\/orologi-birdwatching-neroverde-design-studio-kuadra-for-progetti\/\" \/>\n<meta property=\"og:locale\" content=\"it_IT\" \/>\n<meta property=\"og:type\" content=\"article\" \/>\n<meta property=\"og:title\" content=\"OROLOGI Birdwatching Nero|Verde design Studio Kuadra for Progetti - SDM Product Selection\" \/>\n<meta property=\"og:description\" content=\"BIRDWATCHING, un orologio dal design ironico, elegante e green disegnato da Studio Kuadra ci porta ad osservare gli uccellini nei boschi o meglio i cuc\u00f9.\" \/>\n<meta property=\"og:url\" content=\"https:\/\/socialdesignmagazine.com\/mag\/products-selection\/product\/orologi-birdwatching-neroverde-design-studio-kuadra-for-progetti\/\" \/>\n<meta property=\"og:site_name\" content=\"SDM Product Selection\" \/>\n<meta property=\"article:publisher\" content=\"https:\/\/www.facebook.com\/socialdesignmag\" \/>\n<meta property=\"article:modified_time\" content=\"2021-05-02T16:33:54+00:00\" \/>\n<meta property=\"og:image\" content=\"https:\/\/socialdesignmagazine.com\/mag\/products-selection\/wp-content\/uploads\/sites\/2\/2021\/05\/OROLOGI-Birdwatching-NeroVerde-Progetti-Studio-Kuadra.jpg\" \/>\n\t<meta property=\"og:image:width\" content=\"700\" \/>\n\t<meta property=\"og:image:height\" content=\"700\" \/>\n\t<meta property=\"og:image:type\" content=\"image\/jpeg\" \/>\n<meta name=\"twitter:card\" content=\"summary_large_image\" \/>\n<meta name=\"twitter:site\" content=\"@socialdesignmag\" \/>\n<meta name=\"twitter:label1\" content=\"Tempo di lettura stimato\" \/>\n\t<meta name=\"twitter:data1\" content=\"1 minuto\" \/>\n<script type=\"application\/ld+json\" class=\"yoast-schema-graph\">{\"@context\":\"https:\/\/schema.org\",\"@graph\":[{\"@type\":\"WebPage\",\"@id\":\"https:\/\/socialdesignmagazine.com\/mag\/products-selection\/product\/orologi-birdwatching-neroverde-design-studio-kuadra-for-progetti\/\",\"url\":\"https:\/\/socialdesignmagazine.com\/mag\/products-selection\/product\/orologi-birdwatching-neroverde-design-studio-kuadra-for-progetti\/\",\"name\":\"OROLOGI Birdwatching Nero|Verde design Studio Kuadra for Progetti - SDM Product Selection\",\"isPartOf\":{\"@id\":\"https:\/\/socialdesignmagazine.com\/mag\/products-selection\/#website\"},\"primaryImageOfPage\":{\"@id\":\"https:\/\/socialdesignmagazine.com\/mag\/products-selection\/product\/orologi-birdwatching-neroverde-design-studio-kuadra-for-progetti\/#primaryimage\"},\"image\":{\"@id\":\"https:\/\/socialdesignmagazine.com\/mag\/products-selection\/product\/orologi-birdwatching-neroverde-design-studio-kuadra-for-progetti\/#primaryimage\"},\"thumbnailUrl\":\"https:\/\/socialdesignmagazine.com\/mag\/products-selection\/wp-content\/uploads\/sites\/2\/2021\/05\/OROLOGI-Birdwatching-NeroVerde-Progetti-Studio-Kuadra.jpg\",\"datePublished\":\"2021-05-02T16:28:07+00:00\",\"dateModified\":\"2021-05-02T16:33:54+00:00\",\"description\":\"BIRDWATCHING, un orologio dal design ironico, elegante e green disegnato da Studio Kuadra ci porta ad osservare gli uccellini nei boschi o meglio i cuc\u00f9.\",\"breadcrumb\":{\"@id\":\"https:\/\/socialdesignmagazine.com\/mag\/products-selection\/product\/orologi-birdwatching-neroverde-design-studio-kuadra-for-progetti\/#breadcrumb\"},\"inLanguage\":\"it-IT\",\"potentialAction\":[{\"@type\":\"ReadAction\",\"target\":[\"https:\/\/socialdesignmagazine.com\/mag\/products-selection\/product\/orologi-birdwatching-neroverde-design-studio-kuadra-for-progetti\/\"]}]},{\"@type\":\"ImageObject\",\"inLanguage\":\"it-IT\",\"@id\":\"https:\/\/socialdesignmagazine.com\/mag\/products-selection\/product\/orologi-birdwatching-neroverde-design-studio-kuadra-for-progetti\/#primaryimage\",\"url\":\"https:\/\/socialdesignmagazine.com\/mag\/products-selection\/wp-content\/uploads\/sites\/2\/2021\/05\/OROLOGI-Birdwatching-NeroVerde-Progetti-Studio-Kuadra.jpg\",\"contentUrl\":\"https:\/\/socialdesignmagazine.com\/mag\/products-selection\/wp-content\/uploads\/sites\/2\/2021\/05\/OROLOGI-Birdwatching-NeroVerde-Progetti-Studio-Kuadra.jpg\",\"width\":700,\"height\":700,\"caption\":\"OROLOGI Birdwatching Nero|Verde Progetti Studio Kuadra 1\"},{\"@type\":\"BreadcrumbList\",\"@id\":\"https:\/\/socialdesignmagazine.com\/mag\/products-selection\/product\/orologi-birdwatching-neroverde-design-studio-kuadra-for-progetti\/#breadcrumb\",\"itemListElement\":[{\"@type\":\"ListItem\",\"position\":1,\"name\":\"Home\",\"item\":\"https:\/\/socialdesignmagazine.com\/mag\/products-selection\/\"},{\"@type\":\"ListItem\",\"position\":2,\"name\":\"Tutti i prodotti\",\"item\":\"https:\/\/socialdesignmagazine.com\/mag\/products-selection\/tutti-i-prodotti\/\"},{\"@type\":\"ListItem\",\"position\":3,\"name\":\"OROLOGI Birdwatching Nero|Verde design Studio Kuadra for Progetti\"}]},{\"@type\":\"WebSite\",\"@id\":\"https:\/\/socialdesignmagazine.com\/mag\/products-selection\/#website\",\"url\":\"https:\/\/socialdesignmagazine.com\/mag\/products-selection\/\",\"name\":\"SDM Product Selection\",\"description\":\"Una selezioni di prodotti dei brand pi\u00f9 interessanti per arredare e progettare\",\"publisher\":{\"@id\":\"https:\/\/socialdesignmagazine.com\/mag\/products-selection\/#organization\"},\"potentialAction\":[{\"@type\":\"SearchAction\",\"target\":{\"@type\":\"EntryPoint\",\"urlTemplate\":\"https:\/\/socialdesignmagazine.com\/mag\/products-selection\/?s={search_term_string}\"},\"query-input\":{\"@type\":\"PropertyValueSpecification\",\"valueRequired\":true,\"valueName\":\"search_term_string\"}}],\"inLanguage\":\"it-IT\"},{\"@type\":\"Organization\",\"@id\":\"https:\/\/socialdesignmagazine.com\/mag\/products-selection\/#organization\",\"name\":\"Social Design Magazine\",\"url\":\"https:\/\/socialdesignmagazine.com\/mag\/products-selection\/\",\"logo\":{\"@type\":\"ImageObject\",\"inLanguage\":\"it-IT\",\"@id\":\"https:\/\/socialdesignmagazine.com\/mag\/products-selection\/#\/schema\/logo\/image\/\",\"url\":\"https:\/\/socialdesignmagazine.com\/mag\/products-selection\/wp-content\/uploads\/sites\/2\/2015\/05\/social-design-magazine-logo.png\",\"contentUrl\":\"https:\/\/socialdesignmagazine.com\/mag\/products-selection\/wp-content\/uploads\/sites\/2\/2015\/05\/social-design-magazine-logo.png\",\"width\":251,\"height\":101,\"caption\":\"Social Design Magazine\"},\"image\":{\"@id\":\"https:\/\/socialdesignmagazine.com\/mag\/products-selection\/#\/schema\/logo\/image\/\"},\"sameAs\":[\"https:\/\/www.facebook.com\/socialdesignmag\",\"https:\/\/x.com\/socialdesignmag\",\"http:\/\/instagram.com\/social_design_magazine\/\",\"http:\/\/pinterest.com\/socialdesignmag\/\",\"http:\/\/www.youtube.com\/user\/socialdesignmagazine\"]}]}<\/script>\n<!-- \/ Yoast SEO plugin. -->","yoast_head_json":{"title":"OROLOGI Birdwatching Nero|Verde design Studio Kuadra for Progetti - SDM Product Selection","description":"BIRDWATCHING, un orologio dal design ironico, elegante e green disegnato da Studio Kuadra ci porta ad osservare gli uccellini nei boschi o meglio i cuc\u00f9.","robots":{"index":"index","follow":"follow","max-snippet":"max-snippet:-1","max-image-preview":"max-image-preview:large","max-video-preview":"max-video-preview:-1"},"canonical":"https:\/\/socialdesignmagazine.com\/mag\/products-selection\/product\/orologi-birdwatching-neroverde-design-studio-kuadra-for-progetti\/","og_locale":"it_IT","og_type":"article","og_title":"OROLOGI Birdwatching Nero|Verde design Studio Kuadra for Progetti - SDM Product Selection","og_description":"BIRDWATCHING, un orologio dal design ironico, elegante e green disegnato da Studio Kuadra ci porta ad osservare gli uccellini nei boschi o meglio i cuc\u00f9.","og_url":"https:\/\/socialdesignmagazine.com\/mag\/products-selection\/product\/orologi-birdwatching-neroverde-design-studio-kuadra-for-progetti\/","og_site_name":"SDM Product Selection","article_publisher":"https:\/\/www.facebook.com\/socialdesignmag","article_modified_time":"2021-05-02T16:33:54+00:00","og_image":[{"width":700,"height":700,"url":"https:\/\/socialdesignmagazine.com\/mag\/products-selection\/wp-content\/uploads\/sites\/2\/2021\/05\/OROLOGI-Birdwatching-NeroVerde-Progetti-Studio-Kuadra.jpg","type":"image\/jpeg"}],"twitter_card":"summary_large_image","twitter_site":"@socialdesignmag","twitter_misc":{"Tempo di lettura stimato":"1 minuto"},"schema":{"@context":"https:\/\/schema.org","@graph":[{"@type":"WebPage","@id":"https:\/\/socialdesignmagazine.com\/mag\/products-selection\/product\/orologi-birdwatching-neroverde-design-studio-kuadra-for-progetti\/","url":"https:\/\/socialdesignmagazine.com\/mag\/products-selection\/product\/orologi-birdwatching-neroverde-design-studio-kuadra-for-progetti\/","name":"OROLOGI Birdwatching Nero|Verde design Studio Kuadra for Progetti - SDM Product Selection","isPartOf":{"@id":"https:\/\/socialdesignmagazine.com\/mag\/products-selection\/#website"},"primaryImageOfPage":{"@id":"https:\/\/socialdesignmagazine.com\/mag\/products-selection\/product\/orologi-birdwatching-neroverde-design-studio-kuadra-for-progetti\/#primaryimage"},"image":{"@id":"https:\/\/socialdesignmagazine.com\/mag\/products-selection\/product\/orologi-birdwatching-neroverde-design-studio-kuadra-for-progetti\/#primaryimage"},"thumbnailUrl":"https:\/\/socialdesignmagazine.com\/mag\/products-selection\/wp-content\/uploads\/sites\/2\/2021\/05\/OROLOGI-Birdwatching-NeroVerde-Progetti-Studio-Kuadra.jpg","datePublished":"2021-05-02T16:28:07+00:00","dateModified":"2021-05-02T16:33:54+00:00","description":"BIRDWATCHING, un orologio dal design ironico, elegante e green disegnato da Studio Kuadra ci porta ad osservare gli uccellini nei boschi o meglio i cuc\u00f9.","breadcrumb":{"@id":"https:\/\/socialdesignmagazine.com\/mag\/products-selection\/product\/orologi-birdwatching-neroverde-design-studio-kuadra-for-progetti\/#breadcrumb"},"inLanguage":"it-IT","potentialAction":[{"@type":"ReadAction","target":["https:\/\/socialdesignmagazine.com\/mag\/products-selection\/product\/orologi-birdwatching-neroverde-design-studio-kuadra-for-progetti\/"]}]},{"@type":"ImageObject","inLanguage":"it-IT","@id":"https:\/\/socialdesignmagazine.com\/mag\/products-selection\/product\/orologi-birdwatching-neroverde-design-studio-kuadra-for-progetti\/#primaryimage","url":"https:\/\/socialdesignmagazine.com\/mag\/products-selection\/wp-content\/uploads\/sites\/2\/2021\/05\/OROLOGI-Birdwatching-NeroVerde-Progetti-Studio-Kuadra.jpg","contentUrl":"https:\/\/socialdesignmagazine.com\/mag\/products-selection\/wp-content\/uploads\/sites\/2\/2021\/05\/OROLOGI-Birdwatching-NeroVerde-Progetti-Studio-Kuadra.jpg","width":700,"height":700,"caption":"OROLOGI Birdwatching Nero|Verde Progetti Studio Kuadra 1"},{"@type":"BreadcrumbList","@id":"https:\/\/socialdesignmagazine.com\/mag\/products-selection\/product\/orologi-birdwatching-neroverde-design-studio-kuadra-for-progetti\/#breadcrumb","itemListElement":[{"@type":"ListItem","position":1,"name":"Home","item":"https:\/\/socialdesignmagazine.com\/mag\/products-selection\/"},{"@type":"ListItem","position":2,"name":"Tutti i prodotti","item":"https:\/\/socialdesignmagazine.com\/mag\/products-selection\/tutti-i-prodotti\/"},{"@type":"ListItem","position":3,"name":"OROLOGI Birdwatching Nero|Verde design Studio Kuadra for Progetti"}]},{"@type":"WebSite","@id":"https:\/\/socialdesignmagazine.com\/mag\/products-selection\/#website","url":"https:\/\/socialdesignmagazine.com\/mag\/products-selection\/","name":"SDM Product Selection","description":"Una selezioni di prodotti dei brand pi\u00f9 interessanti per arredare e progettare","publisher":{"@id":"https:\/\/socialdesignmagazine.com\/mag\/products-selection\/#organization"},"potentialAction":[{"@type":"SearchAction","target":{"@type":"EntryPoint","urlTemplate":"https:\/\/socialdesignmagazine.com\/mag\/products-selection\/?s={search_term_string}"},"query-input":{"@type":"PropertyValueSpecification","valueRequired":true,"valueName":"search_term_string"}}],"inLanguage":"it-IT"},{"@type":"Organization","@id":"https:\/\/socialdesignmagazine.com\/mag\/products-selection\/#organization","name":"Social Design Magazine","url":"https:\/\/socialdesignmagazine.com\/mag\/products-selection\/","logo":{"@type":"ImageObject","inLanguage":"it-IT","@id":"https:\/\/socialdesignmagazine.com\/mag\/products-selection\/#\/schema\/logo\/image\/","url":"https:\/\/socialdesignmagazine.com\/mag\/products-selection\/wp-content\/uploads\/sites\/2\/2015\/05\/social-design-magazine-logo.png","contentUrl":"https:\/\/socialdesignmagazine.com\/mag\/products-selection\/wp-content\/uploads\/sites\/2\/2015\/05\/social-design-magazine-logo.png","width":251,"height":101,"caption":"Social Design Magazine"},"image":{"@id":"https:\/\/socialdesignmagazine.com\/mag\/products-selection\/#\/schema\/logo\/image\/"},"sameAs":["https:\/\/www.facebook.com\/socialdesignmag","https:\/\/x.com\/socialdesignmag","http:\/\/instagram.com\/social_design_magazine\/","http:\/\/pinterest.com\/socialdesignmag\/","http:\/\/www.youtube.com\/user\/socialdesignmagazine"]}]}},"jetpack_publicize_connections":[],"jetpack_sharing_enabled":true,"brands":[{"id":2567,"name":"Progetti","slug":"progetti"}],"_links":{"self":[{"href":"https:\/\/socialdesignmagazine.com\/mag\/products-selection\/wp-json\/wp\/v2\/product\/140221","targetHints":{"allow":["GET"]}}],"collection":[{"href":"https:\/\/socialdesignmagazine.com\/mag\/products-selection\/wp-json\/wp\/v2\/product"}],"about":[{"href":"https:\/\/socialdesignmagazine.com\/mag\/products-selection\/wp-json\/wp\/v2\/types\/product"}],"wp:featuredmedia":[{"embeddable":true,"href":"https:\/\/socialdesignmagazine.com\/mag\/products-selection\/wp-json\/wp\/v2\/media\/140222"}],"wp:attachment":[{"href":"https:\/\/socialdesignmagazine.com\/mag\/products-selection\/wp-json\/wp\/v2\/media?parent=140221"}],"wp:term":[{"taxonomy":"pwb-brand","embeddable":true,"href":"https:\/\/socialdesignmagazine.com\/mag\/products-selection\/wp-json\/wp\/v2\/pwb-brand?post=140221"},{"taxonomy":"product_brand","embeddable":true,"href":"https:\/\/socialdesignmagazine.com\/mag\/products-selection\/wp-json\/wp\/v2\/product_brand?post=140221"},{"taxonomy":"product_cat","embeddable":true,"href":"https:\/\/socialdesignmagazine.com\/mag\/products-selection\/wp-json\/wp\/v2\/product_cat?post=140221"},{"taxonomy":"product_tag","embeddable":true,"href":"https:\/\/socialdesignmagazine.com\/mag\/products-selection\/wp-json\/wp\/v2\/product_tag?post=140221"}],"curies":[{"name":"wp","href":"https:\/\/api.w.org\/{rel}","templated":true}]}}