{"id":140237,"date":"2021-05-02T18:28:14","date_gmt":"2021-05-02T16:28:14","guid":{"rendered":"https:\/\/socialdesignmagazine.com\/mag\/products-selection\/?post_type=product&#038;p=140237"},"modified":"2021-05-02T18:33:51","modified_gmt":"2021-05-02T16:33:51","slug":"orologi-freebird-badass-bianco-design-gerardo-mari-for-progetti","status":"publish","type":"product","link":"https:\/\/socialdesignmagazine.com\/mag\/products-selection\/product\/orologi-freebird-badass-bianco-design-gerardo-mari-for-progetti\/","title":{"rendered":"OROLOGI Freebird Badass Bianco design Gerardo Mar\u00ec for Progetti"},"content":{"rendered":"<p>Orologio FREEBIRD BADASS della serie Made in Italy di Progetti \u00a0Freebird, disegnato da Gerardo Mar\u00ec, \u00e8 l&#8217;evoluzione ironica del classico Cuc\u00f9. Infatti l&#8217;uccellino, dal design simpatico ed accattivante, si \u00e8 evoluto diventando, prima di tutto libero e poi un ragazzo tosto o un punk o assumendo posizioni diverse: a cavallo sul pendolo o appeso come Tarzan alla liana pendolo. Quando \u00e8 un cattivo ragazzo indossa capello e occhiali neri che sottolineano la sua spregiudicatezza e disinvoltura. Nella versione punk, invece, ha l&#8217;immancabile cresta nera ed una bomboletta spray con la quale ha appena scritto sul quadrante dell&#8217;orologio, in modo del tutto irreverente, la frase time for fun. Nelle due versioni, dove vuole essere pi\u00f9 rassicurante, \u00e8 volato sul pendolo utilizzandolo come un&#8217;altalena oppure come una liana, trasformandosi in Tarzan. I colori di base della casetta sono 5: bianco, nero, azzurro, blu o rosso dove i quadranti o le lancette cambiano colore per essere complementari con il colore della struttura. I pendoli sono neri in tutte le versioni anche se, di volta in volta, cambiano forma. Realizzato in legno verniciato con vernici atossiche. Il movimento al quarzo alimentato a batteria \u00e8 di produzione tedesca di alta qualit\u00e0. Design by Gerardo Mari \u00a0 Prodotto da Progetti Srl e interamente Made in Italy. \u00a0 Dimensioni: H. 42 &#8211; L. 16 &#8211; P. 8 cm<\/p>\n","protected":false},"excerpt":{"rendered":"<p>Orologio FREEBIRD BADASS  della serie Made in Italy di Progetti Freebird, disegnato da Gerardo Mar\u00ec, \u00e8 l&#8217;evoluzione ironica del classico Cuc\u00f9. Infatti l&#8217;uccellino, dal design simpatico ed accattivante, si \u00e8 evoluto diventando, prima di tutto libero e poi un ragazzo tosto o un punk o assumendo posizioni diverse: a cavallo sul pendolo o appeso come Tarzan alla liana pendolo.<\/p>\n","protected":false},"featured_media":140238,"template":"","meta":{"_acf_changed":false,"jetpack_post_was_ever_published":false,"jetpack_publicize_message":"","jetpack_publicize_feature_enabled":true,"jetpack_social_post_already_shared":true,"jetpack_social_options":{"image_generator_settings":{"template":"highway","default_image_id":0,"font":"","enabled":false},"version":2}},"pwb-brand":[2567],"product_brand":[],"product_cat":[304,607,3011,2568],"product_tag":[2625,2619],"class_list":{"0":"post-140237","1":"product","2":"type-product","3":"status-publish","4":"has-post-thumbnail","6":"pwb-brand-progetti","7":"product_cat-decor","8":"product_cat-designers","9":"product_cat-gerardo-mari","10":"product_cat-orologio-da-parete","11":"product_tag-cucu","12":"product_tag-orologio-da-parete","13":"pa_altezza-140-mm","14":"pa_colore-bianco","15":"pa_designer-gerardo-mari","16":"pa_downloads-pdf","17":"pa_larghezza-600-mm","18":"pa_materiale-legno-verniciato","19":"pa_produttore-progetti","20":"pa_profondita-120-mm","21":"pa_serie-cucu","22":"pa_tipo-di-prodotto-orologi","24":"first","25":"instock","26":"product-type-external"},"acf":[],"yoast_head":"<!-- This site is optimized with the Yoast SEO plugin v27.2 - https:\/\/yoast.com\/product\/yoast-seo-wordpress\/ -->\n<title>OROLOGI Freebird Badass Bianco design Gerardo Mar\u00ec for Progetti - SDM Product Selection<\/title>\n<meta name=\"description\" content=\"Orologio FREEBIRD BADASS della serie Made in Italy di Progetti Freebird, disegnato da Gerardo Mar\u00ec, \u00e8 l&#039;evoluzione ironica del classico Cuc\u00f9. Infatti l&#039;uccellino, dal design simpatico ed accattivante, si \u00e8 evoluto diventando, prima di tutto libero e poi un ragazzo tosto o un punk o assumendo posizioni diverse: a cavallo sul pendolo o appeso come Tarzan alla liana pendolo.\" \/>\n<meta name=\"robots\" content=\"index, follow, max-snippet:-1, max-image-preview:large, max-video-preview:-1\" \/>\n<link rel=\"canonical\" href=\"https:\/\/socialdesignmagazine.com\/mag\/products-selection\/product\/orologi-freebird-badass-bianco-design-gerardo-mari-for-progetti\/\" \/>\n<meta property=\"og:locale\" content=\"it_IT\" \/>\n<meta property=\"og:type\" content=\"article\" \/>\n<meta property=\"og:title\" content=\"OROLOGI Freebird Badass Bianco design Gerardo Mar\u00ec for Progetti - SDM Product Selection\" \/>\n<meta property=\"og:description\" content=\"Orologio FREEBIRD BADASS della serie Made in Italy di Progetti Freebird, disegnato da Gerardo Mar\u00ec, \u00e8 l&#039;evoluzione ironica del classico Cuc\u00f9. Infatti l&#039;uccellino, dal design simpatico ed accattivante, si \u00e8 evoluto diventando, prima di tutto libero e poi un ragazzo tosto o un punk o assumendo posizioni diverse: a cavallo sul pendolo o appeso come Tarzan alla liana pendolo.\" \/>\n<meta property=\"og:url\" content=\"https:\/\/socialdesignmagazine.com\/mag\/products-selection\/product\/orologi-freebird-badass-bianco-design-gerardo-mari-for-progetti\/\" \/>\n<meta property=\"og:site_name\" content=\"SDM Product Selection\" \/>\n<meta property=\"article:publisher\" content=\"https:\/\/www.facebook.com\/socialdesignmag\" \/>\n<meta property=\"article:modified_time\" content=\"2021-05-02T16:33:51+00:00\" \/>\n<meta property=\"og:image\" content=\"https:\/\/socialdesignmagazine.com\/mag\/products-selection\/wp-content\/uploads\/sites\/2\/2021\/05\/OROLOGI-Freebird-Badass-Bianco-Progetti-Gerardo-Mari.jpg\" \/>\n\t<meta property=\"og:image:width\" content=\"700\" \/>\n\t<meta property=\"og:image:height\" content=\"800\" \/>\n\t<meta property=\"og:image:type\" content=\"image\/jpeg\" \/>\n<meta name=\"twitter:card\" content=\"summary_large_image\" \/>\n<meta name=\"twitter:site\" content=\"@socialdesignmag\" \/>\n<meta name=\"twitter:label1\" content=\"Tempo di lettura stimato\" \/>\n\t<meta name=\"twitter:data1\" content=\"1 minuto\" \/>\n<script type=\"application\/ld+json\" class=\"yoast-schema-graph\">{\"@context\":\"https:\/\/schema.org\",\"@graph\":[{\"@type\":\"WebPage\",\"@id\":\"https:\/\/socialdesignmagazine.com\/mag\/products-selection\/product\/orologi-freebird-badass-bianco-design-gerardo-mari-for-progetti\/\",\"url\":\"https:\/\/socialdesignmagazine.com\/mag\/products-selection\/product\/orologi-freebird-badass-bianco-design-gerardo-mari-for-progetti\/\",\"name\":\"OROLOGI Freebird Badass Bianco design Gerardo Mar\u00ec for Progetti - SDM Product Selection\",\"isPartOf\":{\"@id\":\"https:\/\/socialdesignmagazine.com\/mag\/products-selection\/#website\"},\"primaryImageOfPage\":{\"@id\":\"https:\/\/socialdesignmagazine.com\/mag\/products-selection\/product\/orologi-freebird-badass-bianco-design-gerardo-mari-for-progetti\/#primaryimage\"},\"image\":{\"@id\":\"https:\/\/socialdesignmagazine.com\/mag\/products-selection\/product\/orologi-freebird-badass-bianco-design-gerardo-mari-for-progetti\/#primaryimage\"},\"thumbnailUrl\":\"https:\/\/socialdesignmagazine.com\/mag\/products-selection\/wp-content\/uploads\/sites\/2\/2021\/05\/OROLOGI-Freebird-Badass-Bianco-Progetti-Gerardo-Mari.jpg\",\"datePublished\":\"2021-05-02T16:28:14+00:00\",\"dateModified\":\"2021-05-02T16:33:51+00:00\",\"description\":\"Orologio FREEBIRD BADASS della serie Made in Italy di Progetti Freebird, disegnato da Gerardo Mar\u00ec, \u00e8 l'evoluzione ironica del classico Cuc\u00f9. Infatti l'uccellino, dal design simpatico ed accattivante, si \u00e8 evoluto diventando, prima di tutto libero e poi un ragazzo tosto o un punk o assumendo posizioni diverse: a cavallo sul pendolo o appeso come Tarzan alla liana pendolo.\",\"breadcrumb\":{\"@id\":\"https:\/\/socialdesignmagazine.com\/mag\/products-selection\/product\/orologi-freebird-badass-bianco-design-gerardo-mari-for-progetti\/#breadcrumb\"},\"inLanguage\":\"it-IT\",\"potentialAction\":[{\"@type\":\"ReadAction\",\"target\":[\"https:\/\/socialdesignmagazine.com\/mag\/products-selection\/product\/orologi-freebird-badass-bianco-design-gerardo-mari-for-progetti\/\"]}]},{\"@type\":\"ImageObject\",\"inLanguage\":\"it-IT\",\"@id\":\"https:\/\/socialdesignmagazine.com\/mag\/products-selection\/product\/orologi-freebird-badass-bianco-design-gerardo-mari-for-progetti\/#primaryimage\",\"url\":\"https:\/\/socialdesignmagazine.com\/mag\/products-selection\/wp-content\/uploads\/sites\/2\/2021\/05\/OROLOGI-Freebird-Badass-Bianco-Progetti-Gerardo-Mari.jpg\",\"contentUrl\":\"https:\/\/socialdesignmagazine.com\/mag\/products-selection\/wp-content\/uploads\/sites\/2\/2021\/05\/OROLOGI-Freebird-Badass-Bianco-Progetti-Gerardo-Mari.jpg\",\"width\":700,\"height\":800,\"caption\":\"OROLOGI Freebird Badass Bianco Progetti Gerardo Mar\u00ec 1\"},{\"@type\":\"BreadcrumbList\",\"@id\":\"https:\/\/socialdesignmagazine.com\/mag\/products-selection\/product\/orologi-freebird-badass-bianco-design-gerardo-mari-for-progetti\/#breadcrumb\",\"itemListElement\":[{\"@type\":\"ListItem\",\"position\":1,\"name\":\"Home\",\"item\":\"https:\/\/socialdesignmagazine.com\/mag\/products-selection\/\"},{\"@type\":\"ListItem\",\"position\":2,\"name\":\"Tutti i prodotti\",\"item\":\"https:\/\/socialdesignmagazine.com\/mag\/products-selection\/tutti-i-prodotti\/\"},{\"@type\":\"ListItem\",\"position\":3,\"name\":\"OROLOGI Freebird Badass Bianco design Gerardo Mar\u00ec for Progetti\"}]},{\"@type\":\"WebSite\",\"@id\":\"https:\/\/socialdesignmagazine.com\/mag\/products-selection\/#website\",\"url\":\"https:\/\/socialdesignmagazine.com\/mag\/products-selection\/\",\"name\":\"SDM Product Selection\",\"description\":\"Una selezioni di prodotti dei brand pi\u00f9 interessanti per arredare e progettare\",\"publisher\":{\"@id\":\"https:\/\/socialdesignmagazine.com\/mag\/products-selection\/#organization\"},\"potentialAction\":[{\"@type\":\"SearchAction\",\"target\":{\"@type\":\"EntryPoint\",\"urlTemplate\":\"https:\/\/socialdesignmagazine.com\/mag\/products-selection\/?s={search_term_string}\"},\"query-input\":{\"@type\":\"PropertyValueSpecification\",\"valueRequired\":true,\"valueName\":\"search_term_string\"}}],\"inLanguage\":\"it-IT\"},{\"@type\":\"Organization\",\"@id\":\"https:\/\/socialdesignmagazine.com\/mag\/products-selection\/#organization\",\"name\":\"Social Design Magazine\",\"url\":\"https:\/\/socialdesignmagazine.com\/mag\/products-selection\/\",\"logo\":{\"@type\":\"ImageObject\",\"inLanguage\":\"it-IT\",\"@id\":\"https:\/\/socialdesignmagazine.com\/mag\/products-selection\/#\/schema\/logo\/image\/\",\"url\":\"https:\/\/socialdesignmagazine.com\/mag\/products-selection\/wp-content\/uploads\/sites\/2\/2015\/05\/social-design-magazine-logo.png\",\"contentUrl\":\"https:\/\/socialdesignmagazine.com\/mag\/products-selection\/wp-content\/uploads\/sites\/2\/2015\/05\/social-design-magazine-logo.png\",\"width\":251,\"height\":101,\"caption\":\"Social Design Magazine\"},\"image\":{\"@id\":\"https:\/\/socialdesignmagazine.com\/mag\/products-selection\/#\/schema\/logo\/image\/\"},\"sameAs\":[\"https:\/\/www.facebook.com\/socialdesignmag\",\"https:\/\/x.com\/socialdesignmag\",\"http:\/\/instagram.com\/social_design_magazine\/\",\"http:\/\/pinterest.com\/socialdesignmag\/\",\"http:\/\/www.youtube.com\/user\/socialdesignmagazine\"]}]}<\/script>\n<!-- \/ Yoast SEO plugin. -->","yoast_head_json":{"title":"OROLOGI Freebird Badass Bianco design Gerardo Mar\u00ec for Progetti - SDM Product Selection","description":"Orologio FREEBIRD BADASS della serie Made in Italy di Progetti Freebird, disegnato da Gerardo Mar\u00ec, \u00e8 l'evoluzione ironica del classico Cuc\u00f9. Infatti l'uccellino, dal design simpatico ed accattivante, si \u00e8 evoluto diventando, prima di tutto libero e poi un ragazzo tosto o un punk o assumendo posizioni diverse: a cavallo sul pendolo o appeso come Tarzan alla liana pendolo.","robots":{"index":"index","follow":"follow","max-snippet":"max-snippet:-1","max-image-preview":"max-image-preview:large","max-video-preview":"max-video-preview:-1"},"canonical":"https:\/\/socialdesignmagazine.com\/mag\/products-selection\/product\/orologi-freebird-badass-bianco-design-gerardo-mari-for-progetti\/","og_locale":"it_IT","og_type":"article","og_title":"OROLOGI Freebird Badass Bianco design Gerardo Mar\u00ec for Progetti - SDM Product Selection","og_description":"Orologio FREEBIRD BADASS della serie Made in Italy di Progetti Freebird, disegnato da Gerardo Mar\u00ec, \u00e8 l'evoluzione ironica del classico Cuc\u00f9. Infatti l'uccellino, dal design simpatico ed accattivante, si \u00e8 evoluto diventando, prima di tutto libero e poi un ragazzo tosto o un punk o assumendo posizioni diverse: a cavallo sul pendolo o appeso come Tarzan alla liana pendolo.","og_url":"https:\/\/socialdesignmagazine.com\/mag\/products-selection\/product\/orologi-freebird-badass-bianco-design-gerardo-mari-for-progetti\/","og_site_name":"SDM Product Selection","article_publisher":"https:\/\/www.facebook.com\/socialdesignmag","article_modified_time":"2021-05-02T16:33:51+00:00","og_image":[{"width":700,"height":800,"url":"https:\/\/socialdesignmagazine.com\/mag\/products-selection\/wp-content\/uploads\/sites\/2\/2021\/05\/OROLOGI-Freebird-Badass-Bianco-Progetti-Gerardo-Mari.jpg","type":"image\/jpeg"}],"twitter_card":"summary_large_image","twitter_site":"@socialdesignmag","twitter_misc":{"Tempo di lettura stimato":"1 minuto"},"schema":{"@context":"https:\/\/schema.org","@graph":[{"@type":"WebPage","@id":"https:\/\/socialdesignmagazine.com\/mag\/products-selection\/product\/orologi-freebird-badass-bianco-design-gerardo-mari-for-progetti\/","url":"https:\/\/socialdesignmagazine.com\/mag\/products-selection\/product\/orologi-freebird-badass-bianco-design-gerardo-mari-for-progetti\/","name":"OROLOGI Freebird Badass Bianco design Gerardo Mar\u00ec for Progetti - SDM Product Selection","isPartOf":{"@id":"https:\/\/socialdesignmagazine.com\/mag\/products-selection\/#website"},"primaryImageOfPage":{"@id":"https:\/\/socialdesignmagazine.com\/mag\/products-selection\/product\/orologi-freebird-badass-bianco-design-gerardo-mari-for-progetti\/#primaryimage"},"image":{"@id":"https:\/\/socialdesignmagazine.com\/mag\/products-selection\/product\/orologi-freebird-badass-bianco-design-gerardo-mari-for-progetti\/#primaryimage"},"thumbnailUrl":"https:\/\/socialdesignmagazine.com\/mag\/products-selection\/wp-content\/uploads\/sites\/2\/2021\/05\/OROLOGI-Freebird-Badass-Bianco-Progetti-Gerardo-Mari.jpg","datePublished":"2021-05-02T16:28:14+00:00","dateModified":"2021-05-02T16:33:51+00:00","description":"Orologio FREEBIRD BADASS della serie Made in Italy di Progetti Freebird, disegnato da Gerardo Mar\u00ec, \u00e8 l'evoluzione ironica del classico Cuc\u00f9. Infatti l'uccellino, dal design simpatico ed accattivante, si \u00e8 evoluto diventando, prima di tutto libero e poi un ragazzo tosto o un punk o assumendo posizioni diverse: a cavallo sul pendolo o appeso come Tarzan alla liana pendolo.","breadcrumb":{"@id":"https:\/\/socialdesignmagazine.com\/mag\/products-selection\/product\/orologi-freebird-badass-bianco-design-gerardo-mari-for-progetti\/#breadcrumb"},"inLanguage":"it-IT","potentialAction":[{"@type":"ReadAction","target":["https:\/\/socialdesignmagazine.com\/mag\/products-selection\/product\/orologi-freebird-badass-bianco-design-gerardo-mari-for-progetti\/"]}]},{"@type":"ImageObject","inLanguage":"it-IT","@id":"https:\/\/socialdesignmagazine.com\/mag\/products-selection\/product\/orologi-freebird-badass-bianco-design-gerardo-mari-for-progetti\/#primaryimage","url":"https:\/\/socialdesignmagazine.com\/mag\/products-selection\/wp-content\/uploads\/sites\/2\/2021\/05\/OROLOGI-Freebird-Badass-Bianco-Progetti-Gerardo-Mari.jpg","contentUrl":"https:\/\/socialdesignmagazine.com\/mag\/products-selection\/wp-content\/uploads\/sites\/2\/2021\/05\/OROLOGI-Freebird-Badass-Bianco-Progetti-Gerardo-Mari.jpg","width":700,"height":800,"caption":"OROLOGI Freebird Badass Bianco Progetti Gerardo Mar\u00ec 1"},{"@type":"BreadcrumbList","@id":"https:\/\/socialdesignmagazine.com\/mag\/products-selection\/product\/orologi-freebird-badass-bianco-design-gerardo-mari-for-progetti\/#breadcrumb","itemListElement":[{"@type":"ListItem","position":1,"name":"Home","item":"https:\/\/socialdesignmagazine.com\/mag\/products-selection\/"},{"@type":"ListItem","position":2,"name":"Tutti i prodotti","item":"https:\/\/socialdesignmagazine.com\/mag\/products-selection\/tutti-i-prodotti\/"},{"@type":"ListItem","position":3,"name":"OROLOGI Freebird Badass Bianco design Gerardo Mar\u00ec for Progetti"}]},{"@type":"WebSite","@id":"https:\/\/socialdesignmagazine.com\/mag\/products-selection\/#website","url":"https:\/\/socialdesignmagazine.com\/mag\/products-selection\/","name":"SDM Product Selection","description":"Una selezioni di prodotti dei brand pi\u00f9 interessanti per arredare e progettare","publisher":{"@id":"https:\/\/socialdesignmagazine.com\/mag\/products-selection\/#organization"},"potentialAction":[{"@type":"SearchAction","target":{"@type":"EntryPoint","urlTemplate":"https:\/\/socialdesignmagazine.com\/mag\/products-selection\/?s={search_term_string}"},"query-input":{"@type":"PropertyValueSpecification","valueRequired":true,"valueName":"search_term_string"}}],"inLanguage":"it-IT"},{"@type":"Organization","@id":"https:\/\/socialdesignmagazine.com\/mag\/products-selection\/#organization","name":"Social Design Magazine","url":"https:\/\/socialdesignmagazine.com\/mag\/products-selection\/","logo":{"@type":"ImageObject","inLanguage":"it-IT","@id":"https:\/\/socialdesignmagazine.com\/mag\/products-selection\/#\/schema\/logo\/image\/","url":"https:\/\/socialdesignmagazine.com\/mag\/products-selection\/wp-content\/uploads\/sites\/2\/2015\/05\/social-design-magazine-logo.png","contentUrl":"https:\/\/socialdesignmagazine.com\/mag\/products-selection\/wp-content\/uploads\/sites\/2\/2015\/05\/social-design-magazine-logo.png","width":251,"height":101,"caption":"Social Design Magazine"},"image":{"@id":"https:\/\/socialdesignmagazine.com\/mag\/products-selection\/#\/schema\/logo\/image\/"},"sameAs":["https:\/\/www.facebook.com\/socialdesignmag","https:\/\/x.com\/socialdesignmag","http:\/\/instagram.com\/social_design_magazine\/","http:\/\/pinterest.com\/socialdesignmag\/","http:\/\/www.youtube.com\/user\/socialdesignmagazine"]}]}},"jetpack_publicize_connections":[],"jetpack_sharing_enabled":true,"brands":[{"id":2567,"name":"Progetti","slug":"progetti"}],"_links":{"self":[{"href":"https:\/\/socialdesignmagazine.com\/mag\/products-selection\/wp-json\/wp\/v2\/product\/140237","targetHints":{"allow":["GET"]}}],"collection":[{"href":"https:\/\/socialdesignmagazine.com\/mag\/products-selection\/wp-json\/wp\/v2\/product"}],"about":[{"href":"https:\/\/socialdesignmagazine.com\/mag\/products-selection\/wp-json\/wp\/v2\/types\/product"}],"wp:featuredmedia":[{"embeddable":true,"href":"https:\/\/socialdesignmagazine.com\/mag\/products-selection\/wp-json\/wp\/v2\/media\/140238"}],"wp:attachment":[{"href":"https:\/\/socialdesignmagazine.com\/mag\/products-selection\/wp-json\/wp\/v2\/media?parent=140237"}],"wp:term":[{"taxonomy":"pwb-brand","embeddable":true,"href":"https:\/\/socialdesignmagazine.com\/mag\/products-selection\/wp-json\/wp\/v2\/pwb-brand?post=140237"},{"taxonomy":"product_brand","embeddable":true,"href":"https:\/\/socialdesignmagazine.com\/mag\/products-selection\/wp-json\/wp\/v2\/product_brand?post=140237"},{"taxonomy":"product_cat","embeddable":true,"href":"https:\/\/socialdesignmagazine.com\/mag\/products-selection\/wp-json\/wp\/v2\/product_cat?post=140237"},{"taxonomy":"product_tag","embeddable":true,"href":"https:\/\/socialdesignmagazine.com\/mag\/products-selection\/wp-json\/wp\/v2\/product_tag?post=140237"}],"curies":[{"name":"wp","href":"https:\/\/api.w.org\/{rel}","templated":true}]}}