{"id":141821,"date":"2023-04-10T18:45:58","date_gmt":"2023-04-10T16:45:58","guid":{"rendered":"https:\/\/socialdesignmagazine.com\/mag\/products-selection\/?post_type=product&#038;p=141821"},"modified":"2023-04-10T19:03:05","modified_gmt":"2023-04-10T17:03:05","slug":"lago-tavolo-air-wildwood-allungabile-190%e2%86%92294-naturale","status":"publish","type":"product","link":"https:\/\/socialdesignmagazine.com\/mag\/products-selection\/product\/lago-tavolo-air-wildwood-allungabile-190%e2%86%92294-naturale\/","title":{"rendered":"Lago Tavolo Air Wildwood Allungabile 190\u2192294 &#8211; Naturale"},"content":{"rendered":"<p>Il Tavolo Air Wildwood di Lago, \u00e8 gi\u00e0 un best seller.\u00a0\u00a0Il tavolo \u00e8 disponibile in legno Wildwood naturale, grigio e in legno scuro. Air Wildwood \u00e8 un tavolo che \u00e8 stato progettato partendo dall&#8217;idea che dovesse avere un top in rovere vissuto. Si caratterizza per essere un tavolo caldo, ma la tempo stesso leggero grazie alle due gambe di cristallo quasi invisibili che sostengono il top, la sensazione \u00e8 che sia sospeso nel vuoto. Il vetro extrachiaro temperato regala una sensazione di grande leggerezza.\u00a0Inutile dire che render\u00e0 il vostro living unico e dal sapore romantico che rimanda ad un tempo lontano, di cui il legno \u00e8 primordiale ambasciatore.In questa versione: Top e prolunghe in Wildwood Naturale, gambe in vetro Extrachiaro<\/p>\n","protected":false},"excerpt":{"rendered":"<p>Il Tavolo Air Wildwood di Lago, \u00e8 gi\u00e0 un best seller.\u00a0\u00a0Il tavolo \u00e8 disponibile in legno Wildwood naturale, grigio e in legno scuro. Air Wildwood \u00e8 un tavolo che \u00e8<\/p>\n","protected":false},"featured_media":141822,"template":"","meta":{"_acf_changed":false,"jetpack_post_was_ever_published":false,"jetpack_publicize_message":"","jetpack_publicize_feature_enabled":true,"jetpack_social_post_already_shared":false,"jetpack_social_options":{"image_generator_settings":{"template":"highway","default_image_id":0,"font":"","enabled":false},"version":2}},"pwb-brand":[3020],"product_brand":[],"product_cat":[337,604,605],"product_tag":[202],"class_list":{"0":"post-141821","1":"product","2":"type-product","3":"status-publish","4":"has-post-thumbnail","6":"pwb-brand-lago","7":"product_cat-arredamento","8":"product_cat-tavoli-arredamento","9":"product_cat-tavolo-tavoli-arredamento","10":"product_tag-tavolo","11":"pa_condizione-nuovo","12":"pa_produttore-lago","13":"pa_serie-air","14":"pa_serie-wildwood","15":"pa_tipo-di-prodotto-tavolo","17":"first","18":"instock","19":"product-type-external"},"acf":[],"yoast_head":"<!-- This site is optimized with the Yoast SEO plugin v27.2 - https:\/\/yoast.com\/product\/yoast-seo-wordpress\/ -->\n<title>Lago Tavolo Air Wildwood Allungabile 190\u2192294 - Naturale - SDM Product Selection<\/title>\n<meta name=\"robots\" content=\"index, follow, max-snippet:-1, max-image-preview:large, max-video-preview:-1\" \/>\n<link rel=\"canonical\" href=\"https:\/\/socialdesignmagazine.com\/mag\/products-selection\/product\/lago-tavolo-air-wildwood-allungabile-190\u2192294-naturale\/\" \/>\n<meta property=\"og:locale\" content=\"it_IT\" \/>\n<meta property=\"og:type\" content=\"article\" \/>\n<meta property=\"og:title\" content=\"Lago Tavolo Air Wildwood Allungabile 190\u2192294 - Naturale - SDM Product Selection\" \/>\n<meta property=\"og:description\" content=\"Il Tavolo Air Wildwood di Lago, \u00e8 gi\u00e0 un best seller.\u00a0\u00a0Il tavolo \u00e8 disponibile in legno Wildwood naturale, grigio e in legno scuro. Air Wildwood \u00e8 un tavolo che \u00e8\" \/>\n<meta property=\"og:url\" content=\"https:\/\/socialdesignmagazine.com\/mag\/products-selection\/product\/lago-tavolo-air-wildwood-allungabile-190\u2192294-naturale\/\" \/>\n<meta property=\"og:site_name\" content=\"SDM Product Selection\" \/>\n<meta property=\"article:publisher\" content=\"https:\/\/www.facebook.com\/socialdesignmag\" \/>\n<meta property=\"article:modified_time\" content=\"2023-04-10T17:03:05+00:00\" \/>\n<meta property=\"og:image\" content=\"https:\/\/socialdesignmagazine.com\/mag\/products-selection\/wp-content\/uploads\/sites\/2\/2023\/04\/Tavolo-Lago-Tavolo-Air-Wildwood-Allungabile-190\u2192294-Naturale-Lago.jpg\" \/>\n\t<meta property=\"og:image:width\" content=\"2000\" \/>\n\t<meta property=\"og:image:height\" content=\"1832\" \/>\n\t<meta property=\"og:image:type\" content=\"image\/jpeg\" \/>\n<meta name=\"twitter:card\" content=\"summary_large_image\" \/>\n<meta name=\"twitter:site\" content=\"@socialdesignmag\" \/>\n<meta name=\"twitter:label1\" content=\"Tempo di lettura stimato\" \/>\n\t<meta name=\"twitter:data1\" content=\"1 minuto\" \/>\n<script type=\"application\/ld+json\" class=\"yoast-schema-graph\">{\"@context\":\"https:\/\/schema.org\",\"@graph\":[{\"@type\":\"WebPage\",\"@id\":\"https:\/\/socialdesignmagazine.com\/mag\/products-selection\/product\/lago-tavolo-air-wildwood-allungabile-190%e2%86%92294-naturale\/\",\"url\":\"https:\/\/socialdesignmagazine.com\/mag\/products-selection\/product\/lago-tavolo-air-wildwood-allungabile-190%e2%86%92294-naturale\/\",\"name\":\"Lago Tavolo Air Wildwood Allungabile 190\u2192294 - Naturale - SDM Product Selection\",\"isPartOf\":{\"@id\":\"https:\/\/socialdesignmagazine.com\/mag\/products-selection\/#website\"},\"primaryImageOfPage\":{\"@id\":\"https:\/\/socialdesignmagazine.com\/mag\/products-selection\/product\/lago-tavolo-air-wildwood-allungabile-190%e2%86%92294-naturale\/#primaryimage\"},\"image\":{\"@id\":\"https:\/\/socialdesignmagazine.com\/mag\/products-selection\/product\/lago-tavolo-air-wildwood-allungabile-190%e2%86%92294-naturale\/#primaryimage\"},\"thumbnailUrl\":\"https:\/\/socialdesignmagazine.com\/mag\/products-selection\/wp-content\/uploads\/sites\/2\/2023\/04\/Tavolo-Lago-Tavolo-Air-Wildwood-Allungabile-190\u2192294-Naturale-Lago.jpg\",\"datePublished\":\"2023-04-10T16:45:58+00:00\",\"dateModified\":\"2023-04-10T17:03:05+00:00\",\"breadcrumb\":{\"@id\":\"https:\/\/socialdesignmagazine.com\/mag\/products-selection\/product\/lago-tavolo-air-wildwood-allungabile-190%e2%86%92294-naturale\/#breadcrumb\"},\"inLanguage\":\"it-IT\",\"potentialAction\":[{\"@type\":\"ReadAction\",\"target\":[\"https:\/\/socialdesignmagazine.com\/mag\/products-selection\/product\/lago-tavolo-air-wildwood-allungabile-190%e2%86%92294-naturale\/\"]}]},{\"@type\":\"ImageObject\",\"inLanguage\":\"it-IT\",\"@id\":\"https:\/\/socialdesignmagazine.com\/mag\/products-selection\/product\/lago-tavolo-air-wildwood-allungabile-190%e2%86%92294-naturale\/#primaryimage\",\"url\":\"https:\/\/socialdesignmagazine.com\/mag\/products-selection\/wp-content\/uploads\/sites\/2\/2023\/04\/Tavolo-Lago-Tavolo-Air-Wildwood-Allungabile-190\u2192294-Naturale-Lago.jpg\",\"contentUrl\":\"https:\/\/socialdesignmagazine.com\/mag\/products-selection\/wp-content\/uploads\/sites\/2\/2023\/04\/Tavolo-Lago-Tavolo-Air-Wildwood-Allungabile-190\u2192294-Naturale-Lago.jpg\",\"width\":2000,\"height\":1832,\"caption\":\"Tavolo Lago Tavolo Air Wildwood Allungabile 190\u2192294 - Naturale Lago 1\"},{\"@type\":\"BreadcrumbList\",\"@id\":\"https:\/\/socialdesignmagazine.com\/mag\/products-selection\/product\/lago-tavolo-air-wildwood-allungabile-190%e2%86%92294-naturale\/#breadcrumb\",\"itemListElement\":[{\"@type\":\"ListItem\",\"position\":1,\"name\":\"Home\",\"item\":\"https:\/\/socialdesignmagazine.com\/mag\/products-selection\/\"},{\"@type\":\"ListItem\",\"position\":2,\"name\":\"Tutti i prodotti\",\"item\":\"https:\/\/socialdesignmagazine.com\/mag\/products-selection\/tutti-i-prodotti\/\"},{\"@type\":\"ListItem\",\"position\":3,\"name\":\"Lago Tavolo Air Wildwood Allungabile 190\u2192294 &#8211; Naturale\"}]},{\"@type\":\"WebSite\",\"@id\":\"https:\/\/socialdesignmagazine.com\/mag\/products-selection\/#website\",\"url\":\"https:\/\/socialdesignmagazine.com\/mag\/products-selection\/\",\"name\":\"SDM Product Selection\",\"description\":\"Una selezioni di prodotti dei brand pi\u00f9 interessanti per arredare e progettare\",\"publisher\":{\"@id\":\"https:\/\/socialdesignmagazine.com\/mag\/products-selection\/#organization\"},\"potentialAction\":[{\"@type\":\"SearchAction\",\"target\":{\"@type\":\"EntryPoint\",\"urlTemplate\":\"https:\/\/socialdesignmagazine.com\/mag\/products-selection\/?s={search_term_string}\"},\"query-input\":{\"@type\":\"PropertyValueSpecification\",\"valueRequired\":true,\"valueName\":\"search_term_string\"}}],\"inLanguage\":\"it-IT\"},{\"@type\":\"Organization\",\"@id\":\"https:\/\/socialdesignmagazine.com\/mag\/products-selection\/#organization\",\"name\":\"Social Design Magazine\",\"url\":\"https:\/\/socialdesignmagazine.com\/mag\/products-selection\/\",\"logo\":{\"@type\":\"ImageObject\",\"inLanguage\":\"it-IT\",\"@id\":\"https:\/\/socialdesignmagazine.com\/mag\/products-selection\/#\/schema\/logo\/image\/\",\"url\":\"https:\/\/socialdesignmagazine.com\/mag\/products-selection\/wp-content\/uploads\/sites\/2\/2015\/05\/social-design-magazine-logo.png\",\"contentUrl\":\"https:\/\/socialdesignmagazine.com\/mag\/products-selection\/wp-content\/uploads\/sites\/2\/2015\/05\/social-design-magazine-logo.png\",\"width\":251,\"height\":101,\"caption\":\"Social Design Magazine\"},\"image\":{\"@id\":\"https:\/\/socialdesignmagazine.com\/mag\/products-selection\/#\/schema\/logo\/image\/\"},\"sameAs\":[\"https:\/\/www.facebook.com\/socialdesignmag\",\"https:\/\/x.com\/socialdesignmag\",\"http:\/\/instagram.com\/social_design_magazine\/\",\"http:\/\/pinterest.com\/socialdesignmag\/\",\"http:\/\/www.youtube.com\/user\/socialdesignmagazine\"]}]}<\/script>\n<!-- \/ Yoast SEO plugin. -->","yoast_head_json":{"title":"Lago Tavolo Air Wildwood Allungabile 190\u2192294 - Naturale - SDM Product Selection","robots":{"index":"index","follow":"follow","max-snippet":"max-snippet:-1","max-image-preview":"max-image-preview:large","max-video-preview":"max-video-preview:-1"},"canonical":"https:\/\/socialdesignmagazine.com\/mag\/products-selection\/product\/lago-tavolo-air-wildwood-allungabile-190\u2192294-naturale\/","og_locale":"it_IT","og_type":"article","og_title":"Lago Tavolo Air Wildwood Allungabile 190\u2192294 - Naturale - SDM Product Selection","og_description":"Il Tavolo Air Wildwood di Lago, \u00e8 gi\u00e0 un best seller.\u00a0\u00a0Il tavolo \u00e8 disponibile in legno Wildwood naturale, grigio e in legno scuro. Air Wildwood \u00e8 un tavolo che \u00e8","og_url":"https:\/\/socialdesignmagazine.com\/mag\/products-selection\/product\/lago-tavolo-air-wildwood-allungabile-190\u2192294-naturale\/","og_site_name":"SDM Product Selection","article_publisher":"https:\/\/www.facebook.com\/socialdesignmag","article_modified_time":"2023-04-10T17:03:05+00:00","og_image":[{"width":2000,"height":1832,"url":"https:\/\/socialdesignmagazine.com\/mag\/products-selection\/wp-content\/uploads\/sites\/2\/2023\/04\/Tavolo-Lago-Tavolo-Air-Wildwood-Allungabile-190\u2192294-Naturale-Lago.jpg","type":"image\/jpeg"}],"twitter_card":"summary_large_image","twitter_site":"@socialdesignmag","twitter_misc":{"Tempo di lettura stimato":"1 minuto"},"schema":{"@context":"https:\/\/schema.org","@graph":[{"@type":"WebPage","@id":"https:\/\/socialdesignmagazine.com\/mag\/products-selection\/product\/lago-tavolo-air-wildwood-allungabile-190%e2%86%92294-naturale\/","url":"https:\/\/socialdesignmagazine.com\/mag\/products-selection\/product\/lago-tavolo-air-wildwood-allungabile-190%e2%86%92294-naturale\/","name":"Lago Tavolo Air Wildwood Allungabile 190\u2192294 - Naturale - SDM Product Selection","isPartOf":{"@id":"https:\/\/socialdesignmagazine.com\/mag\/products-selection\/#website"},"primaryImageOfPage":{"@id":"https:\/\/socialdesignmagazine.com\/mag\/products-selection\/product\/lago-tavolo-air-wildwood-allungabile-190%e2%86%92294-naturale\/#primaryimage"},"image":{"@id":"https:\/\/socialdesignmagazine.com\/mag\/products-selection\/product\/lago-tavolo-air-wildwood-allungabile-190%e2%86%92294-naturale\/#primaryimage"},"thumbnailUrl":"https:\/\/socialdesignmagazine.com\/mag\/products-selection\/wp-content\/uploads\/sites\/2\/2023\/04\/Tavolo-Lago-Tavolo-Air-Wildwood-Allungabile-190\u2192294-Naturale-Lago.jpg","datePublished":"2023-04-10T16:45:58+00:00","dateModified":"2023-04-10T17:03:05+00:00","breadcrumb":{"@id":"https:\/\/socialdesignmagazine.com\/mag\/products-selection\/product\/lago-tavolo-air-wildwood-allungabile-190%e2%86%92294-naturale\/#breadcrumb"},"inLanguage":"it-IT","potentialAction":[{"@type":"ReadAction","target":["https:\/\/socialdesignmagazine.com\/mag\/products-selection\/product\/lago-tavolo-air-wildwood-allungabile-190%e2%86%92294-naturale\/"]}]},{"@type":"ImageObject","inLanguage":"it-IT","@id":"https:\/\/socialdesignmagazine.com\/mag\/products-selection\/product\/lago-tavolo-air-wildwood-allungabile-190%e2%86%92294-naturale\/#primaryimage","url":"https:\/\/socialdesignmagazine.com\/mag\/products-selection\/wp-content\/uploads\/sites\/2\/2023\/04\/Tavolo-Lago-Tavolo-Air-Wildwood-Allungabile-190\u2192294-Naturale-Lago.jpg","contentUrl":"https:\/\/socialdesignmagazine.com\/mag\/products-selection\/wp-content\/uploads\/sites\/2\/2023\/04\/Tavolo-Lago-Tavolo-Air-Wildwood-Allungabile-190\u2192294-Naturale-Lago.jpg","width":2000,"height":1832,"caption":"Tavolo Lago Tavolo Air Wildwood Allungabile 190\u2192294 - Naturale Lago 1"},{"@type":"BreadcrumbList","@id":"https:\/\/socialdesignmagazine.com\/mag\/products-selection\/product\/lago-tavolo-air-wildwood-allungabile-190%e2%86%92294-naturale\/#breadcrumb","itemListElement":[{"@type":"ListItem","position":1,"name":"Home","item":"https:\/\/socialdesignmagazine.com\/mag\/products-selection\/"},{"@type":"ListItem","position":2,"name":"Tutti i prodotti","item":"https:\/\/socialdesignmagazine.com\/mag\/products-selection\/tutti-i-prodotti\/"},{"@type":"ListItem","position":3,"name":"Lago Tavolo Air Wildwood Allungabile 190\u2192294 &#8211; Naturale"}]},{"@type":"WebSite","@id":"https:\/\/socialdesignmagazine.com\/mag\/products-selection\/#website","url":"https:\/\/socialdesignmagazine.com\/mag\/products-selection\/","name":"SDM Product Selection","description":"Una selezioni di prodotti dei brand pi\u00f9 interessanti per arredare e progettare","publisher":{"@id":"https:\/\/socialdesignmagazine.com\/mag\/products-selection\/#organization"},"potentialAction":[{"@type":"SearchAction","target":{"@type":"EntryPoint","urlTemplate":"https:\/\/socialdesignmagazine.com\/mag\/products-selection\/?s={search_term_string}"},"query-input":{"@type":"PropertyValueSpecification","valueRequired":true,"valueName":"search_term_string"}}],"inLanguage":"it-IT"},{"@type":"Organization","@id":"https:\/\/socialdesignmagazine.com\/mag\/products-selection\/#organization","name":"Social Design Magazine","url":"https:\/\/socialdesignmagazine.com\/mag\/products-selection\/","logo":{"@type":"ImageObject","inLanguage":"it-IT","@id":"https:\/\/socialdesignmagazine.com\/mag\/products-selection\/#\/schema\/logo\/image\/","url":"https:\/\/socialdesignmagazine.com\/mag\/products-selection\/wp-content\/uploads\/sites\/2\/2015\/05\/social-design-magazine-logo.png","contentUrl":"https:\/\/socialdesignmagazine.com\/mag\/products-selection\/wp-content\/uploads\/sites\/2\/2015\/05\/social-design-magazine-logo.png","width":251,"height":101,"caption":"Social Design Magazine"},"image":{"@id":"https:\/\/socialdesignmagazine.com\/mag\/products-selection\/#\/schema\/logo\/image\/"},"sameAs":["https:\/\/www.facebook.com\/socialdesignmag","https:\/\/x.com\/socialdesignmag","http:\/\/instagram.com\/social_design_magazine\/","http:\/\/pinterest.com\/socialdesignmag\/","http:\/\/www.youtube.com\/user\/socialdesignmagazine"]}]}},"jetpack_publicize_connections":[],"jetpack_sharing_enabled":true,"brands":[{"id":3020,"name":"Lago","slug":"lago"}],"_links":{"self":[{"href":"https:\/\/socialdesignmagazine.com\/mag\/products-selection\/wp-json\/wp\/v2\/product\/141821","targetHints":{"allow":["GET"]}}],"collection":[{"href":"https:\/\/socialdesignmagazine.com\/mag\/products-selection\/wp-json\/wp\/v2\/product"}],"about":[{"href":"https:\/\/socialdesignmagazine.com\/mag\/products-selection\/wp-json\/wp\/v2\/types\/product"}],"wp:featuredmedia":[{"embeddable":true,"href":"https:\/\/socialdesignmagazine.com\/mag\/products-selection\/wp-json\/wp\/v2\/media\/141822"}],"wp:attachment":[{"href":"https:\/\/socialdesignmagazine.com\/mag\/products-selection\/wp-json\/wp\/v2\/media?parent=141821"}],"wp:term":[{"taxonomy":"pwb-brand","embeddable":true,"href":"https:\/\/socialdesignmagazine.com\/mag\/products-selection\/wp-json\/wp\/v2\/pwb-brand?post=141821"},{"taxonomy":"product_brand","embeddable":true,"href":"https:\/\/socialdesignmagazine.com\/mag\/products-selection\/wp-json\/wp\/v2\/product_brand?post=141821"},{"taxonomy":"product_cat","embeddable":true,"href":"https:\/\/socialdesignmagazine.com\/mag\/products-selection\/wp-json\/wp\/v2\/product_cat?post=141821"},{"taxonomy":"product_tag","embeddable":true,"href":"https:\/\/socialdesignmagazine.com\/mag\/products-selection\/wp-json\/wp\/v2\/product_tag?post=141821"}],"curies":[{"name":"wp","href":"https:\/\/api.w.org\/{rel}","templated":true}]}}