{"id":141925,"date":"2023-04-10T18:47:06","date_gmt":"2023-04-10T16:47:06","guid":{"rendered":"https:\/\/socialdesignmagazine.com\/mag\/products-selection\/?post_type=product&#038;p=141925"},"modified":"2023-04-10T19:01:14","modified_gmt":"2023-04-10T17:01:14","slug":"lago-fluttua-letto-testata-rivestita","status":"publish","type":"product","link":"https:\/\/socialdesignmagazine.com\/mag\/products-selection\/product\/lago-fluttua-letto-testata-rivestita\/","title":{"rendered":"Lago Fluttua Letto &#8211; Testata Rivestita"},"content":{"rendered":"<p>Fluttua con testata rivestita \u00e9 un letto sospeso progettato da Daniele Lago, disponibile nelle numerose finiture e tessuti a catalogo. Regolabile in altezza.Fluttua \u00e9 il letto in cui \u00e8 stato tolto il superfluo lasciando spazio al pensiero. Grazie all&#8217;assenza del giroletto vi \u00e8 un grande recupero di spazio e ogni cm del letto Fluttua \u00e8 destinato al riposo e alla praticit\u00e0. Fluttua \u00e8 un letto sospeso, regolabile in altezza. Una soluzione curiosa, inedita, divertente pensati per un pubblico giovane, attento a tutte le novit\u00e0 del design. Fluttua fa vivere tutta l&#8217;emozione di dormire sospesi galleggiando nell&#8217;aria. La luce opzionale sotto il pianale rende l&#8217;atmosfera ancora pi\u00f9 magica, per una camera da sogno.Materasso non incluso.<\/p>\n","protected":false},"excerpt":{"rendered":"<p>Fluttua con testata rivestita \u00e9 un letto sospeso progettato da Daniele Lago, disponibile nelle numerose finiture e tessuti a catalogo. Regolabile in altezza.Fluttua \u00e9 il letto in cui \u00e8 stato<\/p>\n","protected":false},"featured_media":141926,"template":"","meta":{"_acf_changed":false,"jetpack_post_was_ever_published":false,"jetpack_publicize_message":"","jetpack_publicize_feature_enabled":true,"jetpack_social_post_already_shared":false,"jetpack_social_options":{"image_generator_settings":{"template":"highway","default_image_id":0,"font":"","enabled":false},"version":2}},"pwb-brand":[3020],"product_brand":[],"product_cat":[337,3021,607,3039],"product_tag":[3070],"class_list":{"0":"post-141925","1":"product","2":"type-product","3":"status-publish","4":"has-post-thumbnail","6":"pwb-brand-lago","7":"product_cat-arredamento","8":"product_cat-daniele-lago","9":"product_cat-designers","10":"product_cat-letto","11":"product_tag-letto","12":"pa_condizione-nuovo","13":"pa_designer-daniele-lago","14":"pa_produttore-lago","15":"pa_tipo-di-prodotto-letto","17":"first","18":"instock","19":"product-type-external"},"acf":[],"yoast_head":"<!-- This site is optimized with the Yoast SEO plugin v27.2 - https:\/\/yoast.com\/product\/yoast-seo-wordpress\/ -->\n<title>Lago Fluttua Letto - Testata Rivestita - SDM Product Selection<\/title>\n<meta name=\"robots\" content=\"index, follow, max-snippet:-1, max-image-preview:large, max-video-preview:-1\" \/>\n<link rel=\"canonical\" href=\"https:\/\/socialdesignmagazine.com\/mag\/products-selection\/product\/lago-fluttua-letto-testata-rivestita\/\" \/>\n<meta property=\"og:locale\" content=\"it_IT\" \/>\n<meta property=\"og:type\" content=\"article\" \/>\n<meta property=\"og:title\" content=\"Lago Fluttua Letto - Testata Rivestita - SDM Product Selection\" \/>\n<meta property=\"og:description\" content=\"Fluttua con testata rivestita \u00e9 un letto sospeso progettato da Daniele Lago, disponibile nelle numerose finiture e tessuti a catalogo. Regolabile in altezza.Fluttua \u00e9 il letto in cui \u00e8 stato\" \/>\n<meta property=\"og:url\" content=\"https:\/\/socialdesignmagazine.com\/mag\/products-selection\/product\/lago-fluttua-letto-testata-rivestita\/\" \/>\n<meta property=\"og:site_name\" content=\"SDM Product Selection\" \/>\n<meta property=\"article:publisher\" content=\"https:\/\/www.facebook.com\/socialdesignmag\" \/>\n<meta property=\"article:modified_time\" content=\"2023-04-10T17:01:14+00:00\" \/>\n<meta property=\"og:image\" content=\"https:\/\/socialdesignmagazine.com\/mag\/products-selection\/wp-content\/uploads\/sites\/2\/2023\/04\/Letto-Lago-Fluttua-Letto-Testata-Rivestita-Lago-Daniele-Lago.jpg\" \/>\n\t<meta property=\"og:image:width\" content=\"1600\" \/>\n\t<meta property=\"og:image:height\" content=\"900\" \/>\n\t<meta property=\"og:image:type\" content=\"image\/jpeg\" \/>\n<meta name=\"twitter:card\" content=\"summary_large_image\" \/>\n<meta name=\"twitter:site\" content=\"@socialdesignmag\" \/>\n<meta name=\"twitter:label1\" content=\"Tempo di lettura stimato\" \/>\n\t<meta name=\"twitter:data1\" content=\"1 minuto\" \/>\n<script type=\"application\/ld+json\" class=\"yoast-schema-graph\">{\"@context\":\"https:\/\/schema.org\",\"@graph\":[{\"@type\":\"WebPage\",\"@id\":\"https:\/\/socialdesignmagazine.com\/mag\/products-selection\/product\/lago-fluttua-letto-testata-rivestita\/\",\"url\":\"https:\/\/socialdesignmagazine.com\/mag\/products-selection\/product\/lago-fluttua-letto-testata-rivestita\/\",\"name\":\"Lago Fluttua Letto - Testata Rivestita - SDM Product Selection\",\"isPartOf\":{\"@id\":\"https:\/\/socialdesignmagazine.com\/mag\/products-selection\/#website\"},\"primaryImageOfPage\":{\"@id\":\"https:\/\/socialdesignmagazine.com\/mag\/products-selection\/product\/lago-fluttua-letto-testata-rivestita\/#primaryimage\"},\"image\":{\"@id\":\"https:\/\/socialdesignmagazine.com\/mag\/products-selection\/product\/lago-fluttua-letto-testata-rivestita\/#primaryimage\"},\"thumbnailUrl\":\"https:\/\/socialdesignmagazine.com\/mag\/products-selection\/wp-content\/uploads\/sites\/2\/2023\/04\/Letto-Lago-Fluttua-Letto-Testata-Rivestita-Lago-Daniele-Lago.jpg\",\"datePublished\":\"2023-04-10T16:47:06+00:00\",\"dateModified\":\"2023-04-10T17:01:14+00:00\",\"breadcrumb\":{\"@id\":\"https:\/\/socialdesignmagazine.com\/mag\/products-selection\/product\/lago-fluttua-letto-testata-rivestita\/#breadcrumb\"},\"inLanguage\":\"it-IT\",\"potentialAction\":[{\"@type\":\"ReadAction\",\"target\":[\"https:\/\/socialdesignmagazine.com\/mag\/products-selection\/product\/lago-fluttua-letto-testata-rivestita\/\"]}]},{\"@type\":\"ImageObject\",\"inLanguage\":\"it-IT\",\"@id\":\"https:\/\/socialdesignmagazine.com\/mag\/products-selection\/product\/lago-fluttua-letto-testata-rivestita\/#primaryimage\",\"url\":\"https:\/\/socialdesignmagazine.com\/mag\/products-selection\/wp-content\/uploads\/sites\/2\/2023\/04\/Letto-Lago-Fluttua-Letto-Testata-Rivestita-Lago-Daniele-Lago.jpg\",\"contentUrl\":\"https:\/\/socialdesignmagazine.com\/mag\/products-selection\/wp-content\/uploads\/sites\/2\/2023\/04\/Letto-Lago-Fluttua-Letto-Testata-Rivestita-Lago-Daniele-Lago.jpg\",\"width\":1600,\"height\":900,\"caption\":\"Letto Lago Fluttua Letto - Testata Rivestita Lago Daniele Lago 1\"},{\"@type\":\"BreadcrumbList\",\"@id\":\"https:\/\/socialdesignmagazine.com\/mag\/products-selection\/product\/lago-fluttua-letto-testata-rivestita\/#breadcrumb\",\"itemListElement\":[{\"@type\":\"ListItem\",\"position\":1,\"name\":\"Home\",\"item\":\"https:\/\/socialdesignmagazine.com\/mag\/products-selection\/\"},{\"@type\":\"ListItem\",\"position\":2,\"name\":\"Tutti i prodotti\",\"item\":\"https:\/\/socialdesignmagazine.com\/mag\/products-selection\/tutti-i-prodotti\/\"},{\"@type\":\"ListItem\",\"position\":3,\"name\":\"Lago Fluttua Letto &#8211; Testata Rivestita\"}]},{\"@type\":\"WebSite\",\"@id\":\"https:\/\/socialdesignmagazine.com\/mag\/products-selection\/#website\",\"url\":\"https:\/\/socialdesignmagazine.com\/mag\/products-selection\/\",\"name\":\"SDM Product Selection\",\"description\":\"Una selezioni di prodotti dei brand pi\u00f9 interessanti per arredare e progettare\",\"publisher\":{\"@id\":\"https:\/\/socialdesignmagazine.com\/mag\/products-selection\/#organization\"},\"potentialAction\":[{\"@type\":\"SearchAction\",\"target\":{\"@type\":\"EntryPoint\",\"urlTemplate\":\"https:\/\/socialdesignmagazine.com\/mag\/products-selection\/?s={search_term_string}\"},\"query-input\":{\"@type\":\"PropertyValueSpecification\",\"valueRequired\":true,\"valueName\":\"search_term_string\"}}],\"inLanguage\":\"it-IT\"},{\"@type\":\"Organization\",\"@id\":\"https:\/\/socialdesignmagazine.com\/mag\/products-selection\/#organization\",\"name\":\"Social Design Magazine\",\"url\":\"https:\/\/socialdesignmagazine.com\/mag\/products-selection\/\",\"logo\":{\"@type\":\"ImageObject\",\"inLanguage\":\"it-IT\",\"@id\":\"https:\/\/socialdesignmagazine.com\/mag\/products-selection\/#\/schema\/logo\/image\/\",\"url\":\"https:\/\/socialdesignmagazine.com\/mag\/products-selection\/wp-content\/uploads\/sites\/2\/2015\/05\/social-design-magazine-logo.png\",\"contentUrl\":\"https:\/\/socialdesignmagazine.com\/mag\/products-selection\/wp-content\/uploads\/sites\/2\/2015\/05\/social-design-magazine-logo.png\",\"width\":251,\"height\":101,\"caption\":\"Social Design Magazine\"},\"image\":{\"@id\":\"https:\/\/socialdesignmagazine.com\/mag\/products-selection\/#\/schema\/logo\/image\/\"},\"sameAs\":[\"https:\/\/www.facebook.com\/socialdesignmag\",\"https:\/\/x.com\/socialdesignmag\",\"http:\/\/instagram.com\/social_design_magazine\/\",\"http:\/\/pinterest.com\/socialdesignmag\/\",\"http:\/\/www.youtube.com\/user\/socialdesignmagazine\"]}]}<\/script>\n<!-- \/ Yoast SEO plugin. -->","yoast_head_json":{"title":"Lago Fluttua Letto - Testata Rivestita - SDM Product Selection","robots":{"index":"index","follow":"follow","max-snippet":"max-snippet:-1","max-image-preview":"max-image-preview:large","max-video-preview":"max-video-preview:-1"},"canonical":"https:\/\/socialdesignmagazine.com\/mag\/products-selection\/product\/lago-fluttua-letto-testata-rivestita\/","og_locale":"it_IT","og_type":"article","og_title":"Lago Fluttua Letto - Testata Rivestita - SDM Product Selection","og_description":"Fluttua con testata rivestita \u00e9 un letto sospeso progettato da Daniele Lago, disponibile nelle numerose finiture e tessuti a catalogo. Regolabile in altezza.Fluttua \u00e9 il letto in cui \u00e8 stato","og_url":"https:\/\/socialdesignmagazine.com\/mag\/products-selection\/product\/lago-fluttua-letto-testata-rivestita\/","og_site_name":"SDM Product Selection","article_publisher":"https:\/\/www.facebook.com\/socialdesignmag","article_modified_time":"2023-04-10T17:01:14+00:00","og_image":[{"width":1600,"height":900,"url":"https:\/\/socialdesignmagazine.com\/mag\/products-selection\/wp-content\/uploads\/sites\/2\/2023\/04\/Letto-Lago-Fluttua-Letto-Testata-Rivestita-Lago-Daniele-Lago.jpg","type":"image\/jpeg"}],"twitter_card":"summary_large_image","twitter_site":"@socialdesignmag","twitter_misc":{"Tempo di lettura stimato":"1 minuto"},"schema":{"@context":"https:\/\/schema.org","@graph":[{"@type":"WebPage","@id":"https:\/\/socialdesignmagazine.com\/mag\/products-selection\/product\/lago-fluttua-letto-testata-rivestita\/","url":"https:\/\/socialdesignmagazine.com\/mag\/products-selection\/product\/lago-fluttua-letto-testata-rivestita\/","name":"Lago Fluttua Letto - Testata Rivestita - SDM Product Selection","isPartOf":{"@id":"https:\/\/socialdesignmagazine.com\/mag\/products-selection\/#website"},"primaryImageOfPage":{"@id":"https:\/\/socialdesignmagazine.com\/mag\/products-selection\/product\/lago-fluttua-letto-testata-rivestita\/#primaryimage"},"image":{"@id":"https:\/\/socialdesignmagazine.com\/mag\/products-selection\/product\/lago-fluttua-letto-testata-rivestita\/#primaryimage"},"thumbnailUrl":"https:\/\/socialdesignmagazine.com\/mag\/products-selection\/wp-content\/uploads\/sites\/2\/2023\/04\/Letto-Lago-Fluttua-Letto-Testata-Rivestita-Lago-Daniele-Lago.jpg","datePublished":"2023-04-10T16:47:06+00:00","dateModified":"2023-04-10T17:01:14+00:00","breadcrumb":{"@id":"https:\/\/socialdesignmagazine.com\/mag\/products-selection\/product\/lago-fluttua-letto-testata-rivestita\/#breadcrumb"},"inLanguage":"it-IT","potentialAction":[{"@type":"ReadAction","target":["https:\/\/socialdesignmagazine.com\/mag\/products-selection\/product\/lago-fluttua-letto-testata-rivestita\/"]}]},{"@type":"ImageObject","inLanguage":"it-IT","@id":"https:\/\/socialdesignmagazine.com\/mag\/products-selection\/product\/lago-fluttua-letto-testata-rivestita\/#primaryimage","url":"https:\/\/socialdesignmagazine.com\/mag\/products-selection\/wp-content\/uploads\/sites\/2\/2023\/04\/Letto-Lago-Fluttua-Letto-Testata-Rivestita-Lago-Daniele-Lago.jpg","contentUrl":"https:\/\/socialdesignmagazine.com\/mag\/products-selection\/wp-content\/uploads\/sites\/2\/2023\/04\/Letto-Lago-Fluttua-Letto-Testata-Rivestita-Lago-Daniele-Lago.jpg","width":1600,"height":900,"caption":"Letto Lago Fluttua Letto - Testata Rivestita Lago Daniele Lago 1"},{"@type":"BreadcrumbList","@id":"https:\/\/socialdesignmagazine.com\/mag\/products-selection\/product\/lago-fluttua-letto-testata-rivestita\/#breadcrumb","itemListElement":[{"@type":"ListItem","position":1,"name":"Home","item":"https:\/\/socialdesignmagazine.com\/mag\/products-selection\/"},{"@type":"ListItem","position":2,"name":"Tutti i prodotti","item":"https:\/\/socialdesignmagazine.com\/mag\/products-selection\/tutti-i-prodotti\/"},{"@type":"ListItem","position":3,"name":"Lago Fluttua Letto &#8211; Testata Rivestita"}]},{"@type":"WebSite","@id":"https:\/\/socialdesignmagazine.com\/mag\/products-selection\/#website","url":"https:\/\/socialdesignmagazine.com\/mag\/products-selection\/","name":"SDM Product Selection","description":"Una selezioni di prodotti dei brand pi\u00f9 interessanti per arredare e progettare","publisher":{"@id":"https:\/\/socialdesignmagazine.com\/mag\/products-selection\/#organization"},"potentialAction":[{"@type":"SearchAction","target":{"@type":"EntryPoint","urlTemplate":"https:\/\/socialdesignmagazine.com\/mag\/products-selection\/?s={search_term_string}"},"query-input":{"@type":"PropertyValueSpecification","valueRequired":true,"valueName":"search_term_string"}}],"inLanguage":"it-IT"},{"@type":"Organization","@id":"https:\/\/socialdesignmagazine.com\/mag\/products-selection\/#organization","name":"Social Design Magazine","url":"https:\/\/socialdesignmagazine.com\/mag\/products-selection\/","logo":{"@type":"ImageObject","inLanguage":"it-IT","@id":"https:\/\/socialdesignmagazine.com\/mag\/products-selection\/#\/schema\/logo\/image\/","url":"https:\/\/socialdesignmagazine.com\/mag\/products-selection\/wp-content\/uploads\/sites\/2\/2015\/05\/social-design-magazine-logo.png","contentUrl":"https:\/\/socialdesignmagazine.com\/mag\/products-selection\/wp-content\/uploads\/sites\/2\/2015\/05\/social-design-magazine-logo.png","width":251,"height":101,"caption":"Social Design Magazine"},"image":{"@id":"https:\/\/socialdesignmagazine.com\/mag\/products-selection\/#\/schema\/logo\/image\/"},"sameAs":["https:\/\/www.facebook.com\/socialdesignmag","https:\/\/x.com\/socialdesignmag","http:\/\/instagram.com\/social_design_magazine\/","http:\/\/pinterest.com\/socialdesignmag\/","http:\/\/www.youtube.com\/user\/socialdesignmagazine"]}]}},"jetpack_publicize_connections":[],"jetpack_sharing_enabled":true,"brands":[{"id":3020,"name":"Lago","slug":"lago"}],"_links":{"self":[{"href":"https:\/\/socialdesignmagazine.com\/mag\/products-selection\/wp-json\/wp\/v2\/product\/141925","targetHints":{"allow":["GET"]}}],"collection":[{"href":"https:\/\/socialdesignmagazine.com\/mag\/products-selection\/wp-json\/wp\/v2\/product"}],"about":[{"href":"https:\/\/socialdesignmagazine.com\/mag\/products-selection\/wp-json\/wp\/v2\/types\/product"}],"wp:featuredmedia":[{"embeddable":true,"href":"https:\/\/socialdesignmagazine.com\/mag\/products-selection\/wp-json\/wp\/v2\/media\/141926"}],"wp:attachment":[{"href":"https:\/\/socialdesignmagazine.com\/mag\/products-selection\/wp-json\/wp\/v2\/media?parent=141925"}],"wp:term":[{"taxonomy":"pwb-brand","embeddable":true,"href":"https:\/\/socialdesignmagazine.com\/mag\/products-selection\/wp-json\/wp\/v2\/pwb-brand?post=141925"},{"taxonomy":"product_brand","embeddable":true,"href":"https:\/\/socialdesignmagazine.com\/mag\/products-selection\/wp-json\/wp\/v2\/product_brand?post=141925"},{"taxonomy":"product_cat","embeddable":true,"href":"https:\/\/socialdesignmagazine.com\/mag\/products-selection\/wp-json\/wp\/v2\/product_cat?post=141925"},{"taxonomy":"product_tag","embeddable":true,"href":"https:\/\/socialdesignmagazine.com\/mag\/products-selection\/wp-json\/wp\/v2\/product_tag?post=141925"}],"curies":[{"name":"wp","href":"https:\/\/api.w.org\/{rel}","templated":true}]}}