{"id":142359,"date":"2023-11-20T00:25:04","date_gmt":"2023-11-19T23:25:04","guid":{"rendered":"https:\/\/socialdesignmagazine.com\/mag\/products-selection\/?post_type=product&#038;p=142359"},"modified":"2023-11-20T00:25:04","modified_gmt":"2023-11-19T23:25:04","slug":"lampada-da-terra-arco-versione-led-metallo-lucidatomarmo-design-achille-castiglionipier-giacomo-castiglioni-for-flos","status":"publish","type":"product","link":"https:\/\/socialdesignmagazine.com\/mag\/products-selection\/product\/lampada-da-terra-arco-versione-led-metallo-lucidatomarmo-design-achille-castiglionipier-giacomo-castiglioni-for-flos\/","title":{"rendered":"Lampada Da Terra Arco Versione LED Metallo lucidato|Marmo design Achille Castiglioni|Pier Giacomo Castiglioni for Flos"},"content":{"rendered":"<p>A 50 anni dalla sua progettazione, la lampada da terra Arco di Flos ritorna con il suo design vincente e sempre attuale, ma in una versione LED in linea con le normative energetiche e quindi a basso consumo energetico, dotata di una lampada ad intensit\u00e0 regolabile e di colore bianca e calda.<\/p>\n<h3>Linee vincenti<\/h3>\n<p>La lampada da terra Arco disegnata da Achille e Pier Giacomo Castiglioni nel 1962, mantiene la sua bellezza senza rinunciare ad una illuminazione ottimale per ogni ambiente.<br \/>\nLe linee pulite, la qualit\u00e0 dei materiali, la comodit\u00e0, la funzionalit\u00e0 sono le caratteristiche vincenti di questo prodotto di altissimo livello.<\/p>\n<h3>Caratteristiche tecniche<\/h3>\n<p>Poggiata su una base di marmo con angoli smussati, ha un foro che permette il suo sollevamento tramite l&#8217;utilizzo di un bastone; dal basamento si innalza uno stelo telescopico di acciaio che permette di regolarne l&#8217;altezza e la larghezza (H 240 cm &#8211; L 224 cm). A completamento, una lampada multiLED 18 W che favorisce un consumo energetico molto basso e la possibilit\u00e0 di regolarne l&#8217;intensit\u00e0.<\/p>\n<h3>Il classico incontra il design moderno<\/h3>\n<p>La lampada Arco versione LED non pu\u00f2 non essere amata dagli appassionati di interior design, in quanto si compone di una base di marmo bianco, mantenendosi fedele ai canoni dell&#8217;architettura e della tradizione classica, da cui si innalza uno stelo telescopico di acciaio lucido. Le sue caratteristiche permettono alla lampada di sostituire anche una pi\u00f9 comune lampada da sospensione.<\/p>\n<p>Sorgente luminosa: Multi-LED 18 W (in dotazione) &#8211; Temperatura del colore: 2700 \u00b0 K (bianco caldo).<\/p>\n","protected":false},"excerpt":{"rendered":"<p>La celebre lampada Arco firmata dai fratelli Castiglioni si ripresenta in versione LED per festeggiare i suoi 50 anni! Con il suo immutato design, acquisisce la tecnologia della luminosit\u00e0 regolabile senza rinunciare alla sua base di marmo e stelo di acciaio inossidabile.<\/p>\n","protected":false},"featured_media":142360,"template":"","meta":{"_acf_changed":false,"jetpack_post_was_ever_published":false,"jetpack_publicize_message":"","jetpack_publicize_feature_enabled":true,"jetpack_social_post_already_shared":false,"jetpack_social_options":{"image_generator_settings":{"template":"highway","default_image_id":0,"font":"","enabled":false},"version":2}},"pwb-brand":[1427],"product_brand":[],"product_cat":[779,607,312,316,780],"product_tag":[102,96],"class_list":{"0":"post-142359","1":"product","2":"type-product","3":"status-publish","4":"has-post-thumbnail","6":"pwb-brand-flos","7":"product_cat-achille-castiglioni","8":"product_cat-designers","9":"product_cat-illuminazione","10":"product_cat-lampada-da-terra-illuminazione","11":"product_cat-pier-giacomo-castiglioni","12":"product_tag-lampada-da-terra","13":"product_tag-led","14":"pa_altezza-2320-mm","15":"pa_colore-marmo","16":"pa_colore-metallo-lucidato","17":"pa_designer-achille-castiglioni","18":"pa_designer-pier-giacomo-castiglioni","19":"pa_downloads-2d","20":"pa_downloads-3d","21":"pa_downloads-pdf","22":"pa_larghezza-320-mm","23":"pa_materiale-acciaio-inossidabile","24":"pa_materiale-alluminio-lucido","25":"pa_materiale-marmo","26":"pa_produttore-flos","27":"pa_profondita-2200-mm","28":"pa_tipo-di-prodotto-lampada-da-terra","30":"first","31":"instock","32":"product-type-external"},"acf":[],"yoast_head":"<!-- This site is optimized with the Yoast SEO plugin v27.2 - https:\/\/yoast.com\/product\/yoast-seo-wordpress\/ -->\n<title>Lampada Da Terra Arco Versione LED Metallo lucidato|Marmo design Achille Castiglioni|Pier Giacomo Castiglioni for Flos - SDM Product Selection<\/title>\n<meta name=\"description\" content=\"La celebre lampada Arco firmata dai fratelli Castiglioni si ripresenta in versione LED per festeggiare i suoi 50 anni!\" \/>\n<meta name=\"robots\" content=\"index, follow, max-snippet:-1, max-image-preview:large, max-video-preview:-1\" \/>\n<link rel=\"canonical\" href=\"https:\/\/socialdesignmagazine.com\/mag\/products-selection\/product\/lampada-da-terra-arco-versione-led-metallo-lucidatomarmo-design-achille-castiglionipier-giacomo-castiglioni-for-flos\/\" \/>\n<meta property=\"og:locale\" content=\"it_IT\" \/>\n<meta property=\"og:type\" content=\"article\" \/>\n<meta property=\"og:title\" content=\"Lampada Da Terra Arco Versione LED Metallo lucidato|Marmo design Achille Castiglioni|Pier Giacomo Castiglioni for Flos - SDM Product Selection\" \/>\n<meta property=\"og:description\" content=\"La celebre lampada Arco firmata dai fratelli Castiglioni si ripresenta in versione LED per festeggiare i suoi 50 anni!\" \/>\n<meta property=\"og:url\" content=\"https:\/\/socialdesignmagazine.com\/mag\/products-selection\/product\/lampada-da-terra-arco-versione-led-metallo-lucidatomarmo-design-achille-castiglionipier-giacomo-castiglioni-for-flos\/\" \/>\n<meta property=\"og:site_name\" content=\"SDM Product Selection\" \/>\n<meta property=\"article:publisher\" content=\"https:\/\/www.facebook.com\/socialdesignmag\" \/>\n<meta property=\"og:image\" content=\"https:\/\/socialdesignmagazine.com\/mag\/products-selection\/wp-content\/uploads\/sites\/2\/2023\/11\/Lampada-Da-Terra-Arco-Versione-LED-Metallo-lucidatoMarmo-Flos-Achille-CastiglioniPier-Giacomo-Castiglioni.jpg\" \/>\n\t<meta property=\"og:image:width\" content=\"1890\" \/>\n\t<meta property=\"og:image:height\" content=\"2244\" \/>\n\t<meta property=\"og:image:type\" content=\"image\/jpeg\" \/>\n<meta name=\"twitter:card\" content=\"summary_large_image\" \/>\n<meta name=\"twitter:site\" content=\"@socialdesignmag\" \/>\n<meta name=\"twitter:label1\" content=\"Tempo di lettura stimato\" \/>\n\t<meta name=\"twitter:data1\" content=\"1 minuto\" \/>\n<script type=\"application\/ld+json\" class=\"yoast-schema-graph\">{\"@context\":\"https:\/\/schema.org\",\"@graph\":[{\"@type\":\"WebPage\",\"@id\":\"https:\/\/socialdesignmagazine.com\/mag\/products-selection\/product\/lampada-da-terra-arco-versione-led-metallo-lucidatomarmo-design-achille-castiglionipier-giacomo-castiglioni-for-flos\/\",\"url\":\"https:\/\/socialdesignmagazine.com\/mag\/products-selection\/product\/lampada-da-terra-arco-versione-led-metallo-lucidatomarmo-design-achille-castiglionipier-giacomo-castiglioni-for-flos\/\",\"name\":\"Lampada Da Terra Arco Versione LED Metallo lucidato|Marmo design Achille Castiglioni|Pier Giacomo Castiglioni for Flos - SDM Product Selection\",\"isPartOf\":{\"@id\":\"https:\/\/socialdesignmagazine.com\/mag\/products-selection\/#website\"},\"primaryImageOfPage\":{\"@id\":\"https:\/\/socialdesignmagazine.com\/mag\/products-selection\/product\/lampada-da-terra-arco-versione-led-metallo-lucidatomarmo-design-achille-castiglionipier-giacomo-castiglioni-for-flos\/#primaryimage\"},\"image\":{\"@id\":\"https:\/\/socialdesignmagazine.com\/mag\/products-selection\/product\/lampada-da-terra-arco-versione-led-metallo-lucidatomarmo-design-achille-castiglionipier-giacomo-castiglioni-for-flos\/#primaryimage\"},\"thumbnailUrl\":\"https:\/\/socialdesignmagazine.com\/mag\/products-selection\/wp-content\/uploads\/sites\/2\/2023\/11\/Lampada-Da-Terra-Arco-Versione-LED-Metallo-lucidatoMarmo-Flos-Achille-CastiglioniPier-Giacomo-Castiglioni.jpg\",\"datePublished\":\"2023-11-19T23:25:04+00:00\",\"description\":\"La celebre lampada Arco firmata dai fratelli Castiglioni si ripresenta in versione LED per festeggiare i suoi 50 anni!\",\"breadcrumb\":{\"@id\":\"https:\/\/socialdesignmagazine.com\/mag\/products-selection\/product\/lampada-da-terra-arco-versione-led-metallo-lucidatomarmo-design-achille-castiglionipier-giacomo-castiglioni-for-flos\/#breadcrumb\"},\"inLanguage\":\"it-IT\",\"potentialAction\":[{\"@type\":\"ReadAction\",\"target\":[\"https:\/\/socialdesignmagazine.com\/mag\/products-selection\/product\/lampada-da-terra-arco-versione-led-metallo-lucidatomarmo-design-achille-castiglionipier-giacomo-castiglioni-for-flos\/\"]}]},{\"@type\":\"ImageObject\",\"inLanguage\":\"it-IT\",\"@id\":\"https:\/\/socialdesignmagazine.com\/mag\/products-selection\/product\/lampada-da-terra-arco-versione-led-metallo-lucidatomarmo-design-achille-castiglionipier-giacomo-castiglioni-for-flos\/#primaryimage\",\"url\":\"https:\/\/socialdesignmagazine.com\/mag\/products-selection\/wp-content\/uploads\/sites\/2\/2023\/11\/Lampada-Da-Terra-Arco-Versione-LED-Metallo-lucidatoMarmo-Flos-Achille-CastiglioniPier-Giacomo-Castiglioni.jpg\",\"contentUrl\":\"https:\/\/socialdesignmagazine.com\/mag\/products-selection\/wp-content\/uploads\/sites\/2\/2023\/11\/Lampada-Da-Terra-Arco-Versione-LED-Metallo-lucidatoMarmo-Flos-Achille-CastiglioniPier-Giacomo-Castiglioni.jpg\",\"width\":1890,\"height\":2244,\"caption\":\"Lampada Da Terra Arco Versione LED Metallo lucidato|Marmo Flos Achille Castiglioni|Pier Giacomo Castiglioni\"},{\"@type\":\"BreadcrumbList\",\"@id\":\"https:\/\/socialdesignmagazine.com\/mag\/products-selection\/product\/lampada-da-terra-arco-versione-led-metallo-lucidatomarmo-design-achille-castiglionipier-giacomo-castiglioni-for-flos\/#breadcrumb\",\"itemListElement\":[{\"@type\":\"ListItem\",\"position\":1,\"name\":\"Home\",\"item\":\"https:\/\/socialdesignmagazine.com\/mag\/products-selection\/\"},{\"@type\":\"ListItem\",\"position\":2,\"name\":\"Tutti i prodotti\",\"item\":\"https:\/\/socialdesignmagazine.com\/mag\/products-selection\/tutti-i-prodotti\/\"},{\"@type\":\"ListItem\",\"position\":3,\"name\":\"Lampada Da Terra Arco Versione LED Metallo lucidato|Marmo design Achille Castiglioni|Pier Giacomo Castiglioni for Flos\"}]},{\"@type\":\"WebSite\",\"@id\":\"https:\/\/socialdesignmagazine.com\/mag\/products-selection\/#website\",\"url\":\"https:\/\/socialdesignmagazine.com\/mag\/products-selection\/\",\"name\":\"SDM Product Selection\",\"description\":\"Una selezioni di prodotti dei brand pi\u00f9 interessanti per arredare e progettare\",\"publisher\":{\"@id\":\"https:\/\/socialdesignmagazine.com\/mag\/products-selection\/#organization\"},\"potentialAction\":[{\"@type\":\"SearchAction\",\"target\":{\"@type\":\"EntryPoint\",\"urlTemplate\":\"https:\/\/socialdesignmagazine.com\/mag\/products-selection\/?s={search_term_string}\"},\"query-input\":{\"@type\":\"PropertyValueSpecification\",\"valueRequired\":true,\"valueName\":\"search_term_string\"}}],\"inLanguage\":\"it-IT\"},{\"@type\":\"Organization\",\"@id\":\"https:\/\/socialdesignmagazine.com\/mag\/products-selection\/#organization\",\"name\":\"Social Design Magazine\",\"url\":\"https:\/\/socialdesignmagazine.com\/mag\/products-selection\/\",\"logo\":{\"@type\":\"ImageObject\",\"inLanguage\":\"it-IT\",\"@id\":\"https:\/\/socialdesignmagazine.com\/mag\/products-selection\/#\/schema\/logo\/image\/\",\"url\":\"https:\/\/socialdesignmagazine.com\/mag\/products-selection\/wp-content\/uploads\/sites\/2\/2015\/05\/social-design-magazine-logo.png\",\"contentUrl\":\"https:\/\/socialdesignmagazine.com\/mag\/products-selection\/wp-content\/uploads\/sites\/2\/2015\/05\/social-design-magazine-logo.png\",\"width\":251,\"height\":101,\"caption\":\"Social Design Magazine\"},\"image\":{\"@id\":\"https:\/\/socialdesignmagazine.com\/mag\/products-selection\/#\/schema\/logo\/image\/\"},\"sameAs\":[\"https:\/\/www.facebook.com\/socialdesignmag\",\"https:\/\/x.com\/socialdesignmag\",\"http:\/\/instagram.com\/social_design_magazine\/\",\"http:\/\/pinterest.com\/socialdesignmag\/\",\"http:\/\/www.youtube.com\/user\/socialdesignmagazine\"]}]}<\/script>\n<!-- \/ Yoast SEO plugin. -->","yoast_head_json":{"title":"Lampada Da Terra Arco Versione LED Metallo lucidato|Marmo design Achille Castiglioni|Pier Giacomo Castiglioni for Flos - SDM Product Selection","description":"La celebre lampada Arco firmata dai fratelli Castiglioni si ripresenta in versione LED per festeggiare i suoi 50 anni!","robots":{"index":"index","follow":"follow","max-snippet":"max-snippet:-1","max-image-preview":"max-image-preview:large","max-video-preview":"max-video-preview:-1"},"canonical":"https:\/\/socialdesignmagazine.com\/mag\/products-selection\/product\/lampada-da-terra-arco-versione-led-metallo-lucidatomarmo-design-achille-castiglionipier-giacomo-castiglioni-for-flos\/","og_locale":"it_IT","og_type":"article","og_title":"Lampada Da Terra Arco Versione LED Metallo lucidato|Marmo design Achille Castiglioni|Pier Giacomo Castiglioni for Flos - SDM Product Selection","og_description":"La celebre lampada Arco firmata dai fratelli Castiglioni si ripresenta in versione LED per festeggiare i suoi 50 anni!","og_url":"https:\/\/socialdesignmagazine.com\/mag\/products-selection\/product\/lampada-da-terra-arco-versione-led-metallo-lucidatomarmo-design-achille-castiglionipier-giacomo-castiglioni-for-flos\/","og_site_name":"SDM Product Selection","article_publisher":"https:\/\/www.facebook.com\/socialdesignmag","og_image":[{"width":1890,"height":2244,"url":"https:\/\/socialdesignmagazine.com\/mag\/products-selection\/wp-content\/uploads\/sites\/2\/2023\/11\/Lampada-Da-Terra-Arco-Versione-LED-Metallo-lucidatoMarmo-Flos-Achille-CastiglioniPier-Giacomo-Castiglioni.jpg","type":"image\/jpeg"}],"twitter_card":"summary_large_image","twitter_site":"@socialdesignmag","twitter_misc":{"Tempo di lettura stimato":"1 minuto"},"schema":{"@context":"https:\/\/schema.org","@graph":[{"@type":"WebPage","@id":"https:\/\/socialdesignmagazine.com\/mag\/products-selection\/product\/lampada-da-terra-arco-versione-led-metallo-lucidatomarmo-design-achille-castiglionipier-giacomo-castiglioni-for-flos\/","url":"https:\/\/socialdesignmagazine.com\/mag\/products-selection\/product\/lampada-da-terra-arco-versione-led-metallo-lucidatomarmo-design-achille-castiglionipier-giacomo-castiglioni-for-flos\/","name":"Lampada Da Terra Arco Versione LED Metallo lucidato|Marmo design Achille Castiglioni|Pier Giacomo Castiglioni for Flos - SDM Product Selection","isPartOf":{"@id":"https:\/\/socialdesignmagazine.com\/mag\/products-selection\/#website"},"primaryImageOfPage":{"@id":"https:\/\/socialdesignmagazine.com\/mag\/products-selection\/product\/lampada-da-terra-arco-versione-led-metallo-lucidatomarmo-design-achille-castiglionipier-giacomo-castiglioni-for-flos\/#primaryimage"},"image":{"@id":"https:\/\/socialdesignmagazine.com\/mag\/products-selection\/product\/lampada-da-terra-arco-versione-led-metallo-lucidatomarmo-design-achille-castiglionipier-giacomo-castiglioni-for-flos\/#primaryimage"},"thumbnailUrl":"https:\/\/socialdesignmagazine.com\/mag\/products-selection\/wp-content\/uploads\/sites\/2\/2023\/11\/Lampada-Da-Terra-Arco-Versione-LED-Metallo-lucidatoMarmo-Flos-Achille-CastiglioniPier-Giacomo-Castiglioni.jpg","datePublished":"2023-11-19T23:25:04+00:00","description":"La celebre lampada Arco firmata dai fratelli Castiglioni si ripresenta in versione LED per festeggiare i suoi 50 anni!","breadcrumb":{"@id":"https:\/\/socialdesignmagazine.com\/mag\/products-selection\/product\/lampada-da-terra-arco-versione-led-metallo-lucidatomarmo-design-achille-castiglionipier-giacomo-castiglioni-for-flos\/#breadcrumb"},"inLanguage":"it-IT","potentialAction":[{"@type":"ReadAction","target":["https:\/\/socialdesignmagazine.com\/mag\/products-selection\/product\/lampada-da-terra-arco-versione-led-metallo-lucidatomarmo-design-achille-castiglionipier-giacomo-castiglioni-for-flos\/"]}]},{"@type":"ImageObject","inLanguage":"it-IT","@id":"https:\/\/socialdesignmagazine.com\/mag\/products-selection\/product\/lampada-da-terra-arco-versione-led-metallo-lucidatomarmo-design-achille-castiglionipier-giacomo-castiglioni-for-flos\/#primaryimage","url":"https:\/\/socialdesignmagazine.com\/mag\/products-selection\/wp-content\/uploads\/sites\/2\/2023\/11\/Lampada-Da-Terra-Arco-Versione-LED-Metallo-lucidatoMarmo-Flos-Achille-CastiglioniPier-Giacomo-Castiglioni.jpg","contentUrl":"https:\/\/socialdesignmagazine.com\/mag\/products-selection\/wp-content\/uploads\/sites\/2\/2023\/11\/Lampada-Da-Terra-Arco-Versione-LED-Metallo-lucidatoMarmo-Flos-Achille-CastiglioniPier-Giacomo-Castiglioni.jpg","width":1890,"height":2244,"caption":"Lampada Da Terra Arco Versione LED Metallo lucidato|Marmo Flos Achille Castiglioni|Pier Giacomo Castiglioni"},{"@type":"BreadcrumbList","@id":"https:\/\/socialdesignmagazine.com\/mag\/products-selection\/product\/lampada-da-terra-arco-versione-led-metallo-lucidatomarmo-design-achille-castiglionipier-giacomo-castiglioni-for-flos\/#breadcrumb","itemListElement":[{"@type":"ListItem","position":1,"name":"Home","item":"https:\/\/socialdesignmagazine.com\/mag\/products-selection\/"},{"@type":"ListItem","position":2,"name":"Tutti i prodotti","item":"https:\/\/socialdesignmagazine.com\/mag\/products-selection\/tutti-i-prodotti\/"},{"@type":"ListItem","position":3,"name":"Lampada Da Terra Arco Versione LED Metallo lucidato|Marmo design Achille Castiglioni|Pier Giacomo Castiglioni for Flos"}]},{"@type":"WebSite","@id":"https:\/\/socialdesignmagazine.com\/mag\/products-selection\/#website","url":"https:\/\/socialdesignmagazine.com\/mag\/products-selection\/","name":"SDM Product Selection","description":"Una selezioni di prodotti dei brand pi\u00f9 interessanti per arredare e progettare","publisher":{"@id":"https:\/\/socialdesignmagazine.com\/mag\/products-selection\/#organization"},"potentialAction":[{"@type":"SearchAction","target":{"@type":"EntryPoint","urlTemplate":"https:\/\/socialdesignmagazine.com\/mag\/products-selection\/?s={search_term_string}"},"query-input":{"@type":"PropertyValueSpecification","valueRequired":true,"valueName":"search_term_string"}}],"inLanguage":"it-IT"},{"@type":"Organization","@id":"https:\/\/socialdesignmagazine.com\/mag\/products-selection\/#organization","name":"Social Design Magazine","url":"https:\/\/socialdesignmagazine.com\/mag\/products-selection\/","logo":{"@type":"ImageObject","inLanguage":"it-IT","@id":"https:\/\/socialdesignmagazine.com\/mag\/products-selection\/#\/schema\/logo\/image\/","url":"https:\/\/socialdesignmagazine.com\/mag\/products-selection\/wp-content\/uploads\/sites\/2\/2015\/05\/social-design-magazine-logo.png","contentUrl":"https:\/\/socialdesignmagazine.com\/mag\/products-selection\/wp-content\/uploads\/sites\/2\/2015\/05\/social-design-magazine-logo.png","width":251,"height":101,"caption":"Social Design Magazine"},"image":{"@id":"https:\/\/socialdesignmagazine.com\/mag\/products-selection\/#\/schema\/logo\/image\/"},"sameAs":["https:\/\/www.facebook.com\/socialdesignmag","https:\/\/x.com\/socialdesignmag","http:\/\/instagram.com\/social_design_magazine\/","http:\/\/pinterest.com\/socialdesignmag\/","http:\/\/www.youtube.com\/user\/socialdesignmagazine"]}]}},"jetpack_publicize_connections":[],"jetpack_sharing_enabled":true,"brands":[{"id":1427,"name":"Flos","slug":"flos"}],"_links":{"self":[{"href":"https:\/\/socialdesignmagazine.com\/mag\/products-selection\/wp-json\/wp\/v2\/product\/142359","targetHints":{"allow":["GET"]}}],"collection":[{"href":"https:\/\/socialdesignmagazine.com\/mag\/products-selection\/wp-json\/wp\/v2\/product"}],"about":[{"href":"https:\/\/socialdesignmagazine.com\/mag\/products-selection\/wp-json\/wp\/v2\/types\/product"}],"wp:featuredmedia":[{"embeddable":true,"href":"https:\/\/socialdesignmagazine.com\/mag\/products-selection\/wp-json\/wp\/v2\/media\/142360"}],"wp:attachment":[{"href":"https:\/\/socialdesignmagazine.com\/mag\/products-selection\/wp-json\/wp\/v2\/media?parent=142359"}],"wp:term":[{"taxonomy":"pwb-brand","embeddable":true,"href":"https:\/\/socialdesignmagazine.com\/mag\/products-selection\/wp-json\/wp\/v2\/pwb-brand?post=142359"},{"taxonomy":"product_brand","embeddable":true,"href":"https:\/\/socialdesignmagazine.com\/mag\/products-selection\/wp-json\/wp\/v2\/product_brand?post=142359"},{"taxonomy":"product_cat","embeddable":true,"href":"https:\/\/socialdesignmagazine.com\/mag\/products-selection\/wp-json\/wp\/v2\/product_cat?post=142359"},{"taxonomy":"product_tag","embeddable":true,"href":"https:\/\/socialdesignmagazine.com\/mag\/products-selection\/wp-json\/wp\/v2\/product_tag?post=142359"}],"curies":[{"name":"wp","href":"https:\/\/api.w.org\/{rel}","templated":true}]}}