{"id":28445,"date":"2015-06-27T15:47:25","date_gmt":"2015-06-27T13:47:25","guid":{"rendered":"https:\/\/socialdesignmagazine.com\/mag\/products-selection\/?post_type=product&#038;p=28445"},"modified":"2020-12-19T10:12:18","modified_gmt":"2020-12-19T09:12:18","slug":"poltrona-eva-ufficio-biancoalluminio-design-ora-ito-for-zanotta","status":"publish","type":"product","link":"https:\/\/socialdesignmagazine.com\/mag\/products-selection\/product\/poltrona-eva-ufficio-biancoalluminio-design-ora-ito-for-zanotta\/","title":{"rendered":"Poltrona Eva ufficio Bianco|Alluminio design Ora Ito for Zanotta"},"content":{"rendered":"<p>Universale, senza tempo ed ergonomica: Eva \u00e8 l&#8217;ultima poltroncina di Ora Ito prodotta da Zanotta. La sua forma ergonomica e l&#8217;apertura all&#8217;estremit\u00e0 inferiore dello schienale riflettono lo spirito della poltroncina Evolution (disegnata da Ora Ito per Zanotta nel 2007). La sedia da ufficio Eva si propone come un prodotto decisamente allavanguardia in termini di ricerca tecnologica ed ergonomia. Lo schienale reclinabile pu\u00f2 essere bloccato in cinque diverse posizioni oppure impostato su una posizione basculante che si adatta automaticamente allinclinazione della vostra schiena. va fa immediatamente da specchio ai movimenti del corpo e ne anticipa le necessit\u00e0. La seduta \u00e8 girevole e regolabile in altezza (H da 45 a 57 cm). La scocca arrotondata \u00e8 in poliuretano integrale rinforzato con inserto in acciaio. Le sue forme avvolgenti ed ergonomiche garantiscono un comfort ottimale. La struttura \u00e8 in alluminio lucido. Eva illustra perfettamente l&#8217;opera di Ora Ito: linee sobrie e futuristiche, uno stile universale e senza et\u00e0 in grado di sfidare il tempo che passa, pur rimanendo elegante. La sedia da ufficio Eva \u00e8 disponibile in tre colori: scocca bianca, nera e color sabbia. Eva \u00e8 inoltre disponibile in due tipologie di telaio: con base a slitta oppure con colonna centrale girevole.   Seduta girevole e regolabile in altezza &#8211; Schienale reclinabile (cinque posizioni definite o schienale oscillante con continuit\u00e0): comando situato sotto la seduta &#8211; Base a cinque raggi su rotelle<\/p>\n","protected":false},"excerpt":{"rendered":"<p>Universale, senza tempo ed ergonomica: Eva \u00e8 l&#8217;ultima poltroncina di Ora Ito prodotta da Zanotta. La sua forma ergonomica e l&#8217;apertura all&#8217;estremit\u00e0 inferiore dello schienale riflettono lo spirito della poltroncina<\/p>\n","protected":false},"featured_media":137884,"template":"","meta":{"_acf_changed":false,"jetpack_post_was_ever_published":false,"jetpack_publicize_message":"","jetpack_publicize_feature_enabled":true,"jetpack_social_post_already_shared":false,"jetpack_social_options":{"image_generator_settings":{"template":"highway","default_image_id":0,"font":"","enabled":false},"version":2}},"pwb-brand":[1235],"product_brand":[776],"product_cat":[337,607,799,534,533],"product_tag":[156],"class_list":{"0":"post-28445","1":"product","2":"type-product","3":"status-publish","4":"has-post-thumbnail","6":"pwb-brand-zanotta","7":"product_brand-zanotta","8":"product_cat-arredamento","9":"product_cat-designers","10":"product_cat-ora-ito","11":"product_cat-poltrona-sedute","12":"product_cat-sedute","13":"product_tag-poltrona","14":"pa_colore-alluminio","15":"pa_colore-bianco","16":"pa_designer-ora-ito","17":"pa_materiale-alluminio-lucido","18":"pa_materiale-poliuretano","19":"pa_produttore-zanotta","20":"pa_tipo-di-prodotto-poltrona","22":"first","23":"instock","24":"product-type-external"},"acf":[],"yoast_head":"<!-- This site is optimized with the Yoast SEO plugin v27.2 - https:\/\/yoast.com\/product\/yoast-seo-wordpress\/ -->\n<title>Poltrona Eva ufficio Bianco|Alluminio design Ora Ito for Zanotta - SDM Product Selection<\/title>\n<meta name=\"robots\" content=\"index, follow, max-snippet:-1, max-image-preview:large, max-video-preview:-1\" \/>\n<link rel=\"canonical\" href=\"https:\/\/socialdesignmagazine.com\/mag\/products-selection\/product\/poltrona-eva-ufficio-biancoalluminio-design-ora-ito-for-zanotta\/\" \/>\n<meta property=\"og:locale\" content=\"it_IT\" \/>\n<meta property=\"og:type\" content=\"article\" \/>\n<meta property=\"og:title\" content=\"Poltrona Eva ufficio Bianco|Alluminio design Ora Ito for Zanotta - SDM Product Selection\" \/>\n<meta property=\"og:description\" content=\"Universale, senza tempo ed ergonomica: Eva \u00e8 l&#8217;ultima poltroncina di Ora Ito prodotta da Zanotta. La sua forma ergonomica e l&#8217;apertura all&#8217;estremit\u00e0 inferiore dello schienale riflettono lo spirito della poltroncina\" \/>\n<meta property=\"og:url\" content=\"https:\/\/socialdesignmagazine.com\/mag\/products-selection\/product\/poltrona-eva-ufficio-biancoalluminio-design-ora-ito-for-zanotta\/\" \/>\n<meta property=\"og:site_name\" content=\"SDM Product Selection\" \/>\n<meta property=\"article:publisher\" content=\"https:\/\/www.facebook.com\/socialdesignmag\" \/>\n<meta property=\"article:modified_time\" content=\"2020-12-19T09:12:18+00:00\" \/>\n<meta property=\"og:image\" content=\"https:\/\/socialdesignmagazine.com\/mag\/products-selection\/wp-content\/uploads\/sites\/2\/2020\/12\/Poltrona-Eva-ufficio-BiancoAlluminio-Zanotta-Ora-Ito.jpg\" \/>\n\t<meta property=\"og:image:width\" content=\"300\" \/>\n\t<meta property=\"og:image:height\" content=\"400\" \/>\n\t<meta property=\"og:image:type\" content=\"image\/jpeg\" \/>\n<meta name=\"twitter:card\" content=\"summary_large_image\" \/>\n<meta name=\"twitter:site\" content=\"@socialdesignmag\" \/>\n<meta name=\"twitter:label1\" content=\"Tempo di lettura stimato\" \/>\n\t<meta name=\"twitter:data1\" content=\"1 minuto\" \/>\n<script type=\"application\/ld+json\" class=\"yoast-schema-graph\">{\"@context\":\"https:\/\/schema.org\",\"@graph\":[{\"@type\":\"WebPage\",\"@id\":\"https:\/\/socialdesignmagazine.com\/mag\/products-selection\/product\/poltrona-eva-ufficio-biancoalluminio-design-ora-ito-for-zanotta\/\",\"url\":\"https:\/\/socialdesignmagazine.com\/mag\/products-selection\/product\/poltrona-eva-ufficio-biancoalluminio-design-ora-ito-for-zanotta\/\",\"name\":\"Poltrona Eva ufficio Bianco|Alluminio design Ora Ito for Zanotta - SDM Product Selection\",\"isPartOf\":{\"@id\":\"https:\/\/socialdesignmagazine.com\/mag\/products-selection\/#website\"},\"primaryImageOfPage\":{\"@id\":\"https:\/\/socialdesignmagazine.com\/mag\/products-selection\/product\/poltrona-eva-ufficio-biancoalluminio-design-ora-ito-for-zanotta\/#primaryimage\"},\"image\":{\"@id\":\"https:\/\/socialdesignmagazine.com\/mag\/products-selection\/product\/poltrona-eva-ufficio-biancoalluminio-design-ora-ito-for-zanotta\/#primaryimage\"},\"thumbnailUrl\":\"https:\/\/socialdesignmagazine.com\/mag\/products-selection\/wp-content\/uploads\/sites\/2\/2020\/12\/Poltrona-Eva-ufficio-BiancoAlluminio-Zanotta-Ora-Ito.jpg\",\"datePublished\":\"2015-06-27T13:47:25+00:00\",\"dateModified\":\"2020-12-19T09:12:18+00:00\",\"breadcrumb\":{\"@id\":\"https:\/\/socialdesignmagazine.com\/mag\/products-selection\/product\/poltrona-eva-ufficio-biancoalluminio-design-ora-ito-for-zanotta\/#breadcrumb\"},\"inLanguage\":\"it-IT\",\"potentialAction\":[{\"@type\":\"ReadAction\",\"target\":[\"https:\/\/socialdesignmagazine.com\/mag\/products-selection\/product\/poltrona-eva-ufficio-biancoalluminio-design-ora-ito-for-zanotta\/\"]}]},{\"@type\":\"ImageObject\",\"inLanguage\":\"it-IT\",\"@id\":\"https:\/\/socialdesignmagazine.com\/mag\/products-selection\/product\/poltrona-eva-ufficio-biancoalluminio-design-ora-ito-for-zanotta\/#primaryimage\",\"url\":\"https:\/\/socialdesignmagazine.com\/mag\/products-selection\/wp-content\/uploads\/sites\/2\/2020\/12\/Poltrona-Eva-ufficio-BiancoAlluminio-Zanotta-Ora-Ito.jpg\",\"contentUrl\":\"https:\/\/socialdesignmagazine.com\/mag\/products-selection\/wp-content\/uploads\/sites\/2\/2020\/12\/Poltrona-Eva-ufficio-BiancoAlluminio-Zanotta-Ora-Ito.jpg\",\"width\":300,\"height\":400,\"caption\":\"Poltrona Eva ufficio Bianco|Alluminio Zanotta Ora Ito 1\"},{\"@type\":\"BreadcrumbList\",\"@id\":\"https:\/\/socialdesignmagazine.com\/mag\/products-selection\/product\/poltrona-eva-ufficio-biancoalluminio-design-ora-ito-for-zanotta\/#breadcrumb\",\"itemListElement\":[{\"@type\":\"ListItem\",\"position\":1,\"name\":\"Home\",\"item\":\"https:\/\/socialdesignmagazine.com\/mag\/products-selection\/\"},{\"@type\":\"ListItem\",\"position\":2,\"name\":\"Tutti i prodotti\",\"item\":\"https:\/\/socialdesignmagazine.com\/mag\/products-selection\/tutti-i-prodotti\/\"},{\"@type\":\"ListItem\",\"position\":3,\"name\":\"Poltrona Eva ufficio Bianco|Alluminio design Ora Ito for Zanotta\"}]},{\"@type\":\"WebSite\",\"@id\":\"https:\/\/socialdesignmagazine.com\/mag\/products-selection\/#website\",\"url\":\"https:\/\/socialdesignmagazine.com\/mag\/products-selection\/\",\"name\":\"SDM Product Selection\",\"description\":\"Una selezioni di prodotti dei brand pi\u00f9 interessanti per arredare e progettare\",\"publisher\":{\"@id\":\"https:\/\/socialdesignmagazine.com\/mag\/products-selection\/#organization\"},\"potentialAction\":[{\"@type\":\"SearchAction\",\"target\":{\"@type\":\"EntryPoint\",\"urlTemplate\":\"https:\/\/socialdesignmagazine.com\/mag\/products-selection\/?s={search_term_string}\"},\"query-input\":{\"@type\":\"PropertyValueSpecification\",\"valueRequired\":true,\"valueName\":\"search_term_string\"}}],\"inLanguage\":\"it-IT\"},{\"@type\":\"Organization\",\"@id\":\"https:\/\/socialdesignmagazine.com\/mag\/products-selection\/#organization\",\"name\":\"Social Design Magazine\",\"url\":\"https:\/\/socialdesignmagazine.com\/mag\/products-selection\/\",\"logo\":{\"@type\":\"ImageObject\",\"inLanguage\":\"it-IT\",\"@id\":\"https:\/\/socialdesignmagazine.com\/mag\/products-selection\/#\/schema\/logo\/image\/\",\"url\":\"https:\/\/socialdesignmagazine.com\/mag\/products-selection\/wp-content\/uploads\/sites\/2\/2015\/05\/social-design-magazine-logo.png\",\"contentUrl\":\"https:\/\/socialdesignmagazine.com\/mag\/products-selection\/wp-content\/uploads\/sites\/2\/2015\/05\/social-design-magazine-logo.png\",\"width\":251,\"height\":101,\"caption\":\"Social Design Magazine\"},\"image\":{\"@id\":\"https:\/\/socialdesignmagazine.com\/mag\/products-selection\/#\/schema\/logo\/image\/\"},\"sameAs\":[\"https:\/\/www.facebook.com\/socialdesignmag\",\"https:\/\/x.com\/socialdesignmag\",\"http:\/\/instagram.com\/social_design_magazine\/\",\"http:\/\/pinterest.com\/socialdesignmag\/\",\"http:\/\/www.youtube.com\/user\/socialdesignmagazine\"]}]}<\/script>\n<!-- \/ Yoast SEO plugin. -->","yoast_head_json":{"title":"Poltrona Eva ufficio Bianco|Alluminio design Ora Ito for Zanotta - SDM Product Selection","robots":{"index":"index","follow":"follow","max-snippet":"max-snippet:-1","max-image-preview":"max-image-preview:large","max-video-preview":"max-video-preview:-1"},"canonical":"https:\/\/socialdesignmagazine.com\/mag\/products-selection\/product\/poltrona-eva-ufficio-biancoalluminio-design-ora-ito-for-zanotta\/","og_locale":"it_IT","og_type":"article","og_title":"Poltrona Eva ufficio Bianco|Alluminio design Ora Ito for Zanotta - SDM Product Selection","og_description":"Universale, senza tempo ed ergonomica: Eva \u00e8 l&#8217;ultima poltroncina di Ora Ito prodotta da Zanotta. La sua forma ergonomica e l&#8217;apertura all&#8217;estremit\u00e0 inferiore dello schienale riflettono lo spirito della poltroncina","og_url":"https:\/\/socialdesignmagazine.com\/mag\/products-selection\/product\/poltrona-eva-ufficio-biancoalluminio-design-ora-ito-for-zanotta\/","og_site_name":"SDM Product Selection","article_publisher":"https:\/\/www.facebook.com\/socialdesignmag","article_modified_time":"2020-12-19T09:12:18+00:00","og_image":[{"width":300,"height":400,"url":"https:\/\/socialdesignmagazine.com\/mag\/products-selection\/wp-content\/uploads\/sites\/2\/2020\/12\/Poltrona-Eva-ufficio-BiancoAlluminio-Zanotta-Ora-Ito.jpg","type":"image\/jpeg"}],"twitter_card":"summary_large_image","twitter_site":"@socialdesignmag","twitter_misc":{"Tempo di lettura stimato":"1 minuto"},"schema":{"@context":"https:\/\/schema.org","@graph":[{"@type":"WebPage","@id":"https:\/\/socialdesignmagazine.com\/mag\/products-selection\/product\/poltrona-eva-ufficio-biancoalluminio-design-ora-ito-for-zanotta\/","url":"https:\/\/socialdesignmagazine.com\/mag\/products-selection\/product\/poltrona-eva-ufficio-biancoalluminio-design-ora-ito-for-zanotta\/","name":"Poltrona Eva ufficio Bianco|Alluminio design Ora Ito for Zanotta - SDM Product Selection","isPartOf":{"@id":"https:\/\/socialdesignmagazine.com\/mag\/products-selection\/#website"},"primaryImageOfPage":{"@id":"https:\/\/socialdesignmagazine.com\/mag\/products-selection\/product\/poltrona-eva-ufficio-biancoalluminio-design-ora-ito-for-zanotta\/#primaryimage"},"image":{"@id":"https:\/\/socialdesignmagazine.com\/mag\/products-selection\/product\/poltrona-eva-ufficio-biancoalluminio-design-ora-ito-for-zanotta\/#primaryimage"},"thumbnailUrl":"https:\/\/socialdesignmagazine.com\/mag\/products-selection\/wp-content\/uploads\/sites\/2\/2020\/12\/Poltrona-Eva-ufficio-BiancoAlluminio-Zanotta-Ora-Ito.jpg","datePublished":"2015-06-27T13:47:25+00:00","dateModified":"2020-12-19T09:12:18+00:00","breadcrumb":{"@id":"https:\/\/socialdesignmagazine.com\/mag\/products-selection\/product\/poltrona-eva-ufficio-biancoalluminio-design-ora-ito-for-zanotta\/#breadcrumb"},"inLanguage":"it-IT","potentialAction":[{"@type":"ReadAction","target":["https:\/\/socialdesignmagazine.com\/mag\/products-selection\/product\/poltrona-eva-ufficio-biancoalluminio-design-ora-ito-for-zanotta\/"]}]},{"@type":"ImageObject","inLanguage":"it-IT","@id":"https:\/\/socialdesignmagazine.com\/mag\/products-selection\/product\/poltrona-eva-ufficio-biancoalluminio-design-ora-ito-for-zanotta\/#primaryimage","url":"https:\/\/socialdesignmagazine.com\/mag\/products-selection\/wp-content\/uploads\/sites\/2\/2020\/12\/Poltrona-Eva-ufficio-BiancoAlluminio-Zanotta-Ora-Ito.jpg","contentUrl":"https:\/\/socialdesignmagazine.com\/mag\/products-selection\/wp-content\/uploads\/sites\/2\/2020\/12\/Poltrona-Eva-ufficio-BiancoAlluminio-Zanotta-Ora-Ito.jpg","width":300,"height":400,"caption":"Poltrona Eva ufficio Bianco|Alluminio Zanotta Ora Ito 1"},{"@type":"BreadcrumbList","@id":"https:\/\/socialdesignmagazine.com\/mag\/products-selection\/product\/poltrona-eva-ufficio-biancoalluminio-design-ora-ito-for-zanotta\/#breadcrumb","itemListElement":[{"@type":"ListItem","position":1,"name":"Home","item":"https:\/\/socialdesignmagazine.com\/mag\/products-selection\/"},{"@type":"ListItem","position":2,"name":"Tutti i prodotti","item":"https:\/\/socialdesignmagazine.com\/mag\/products-selection\/tutti-i-prodotti\/"},{"@type":"ListItem","position":3,"name":"Poltrona Eva ufficio Bianco|Alluminio design Ora Ito for Zanotta"}]},{"@type":"WebSite","@id":"https:\/\/socialdesignmagazine.com\/mag\/products-selection\/#website","url":"https:\/\/socialdesignmagazine.com\/mag\/products-selection\/","name":"SDM Product Selection","description":"Una selezioni di prodotti dei brand pi\u00f9 interessanti per arredare e progettare","publisher":{"@id":"https:\/\/socialdesignmagazine.com\/mag\/products-selection\/#organization"},"potentialAction":[{"@type":"SearchAction","target":{"@type":"EntryPoint","urlTemplate":"https:\/\/socialdesignmagazine.com\/mag\/products-selection\/?s={search_term_string}"},"query-input":{"@type":"PropertyValueSpecification","valueRequired":true,"valueName":"search_term_string"}}],"inLanguage":"it-IT"},{"@type":"Organization","@id":"https:\/\/socialdesignmagazine.com\/mag\/products-selection\/#organization","name":"Social Design Magazine","url":"https:\/\/socialdesignmagazine.com\/mag\/products-selection\/","logo":{"@type":"ImageObject","inLanguage":"it-IT","@id":"https:\/\/socialdesignmagazine.com\/mag\/products-selection\/#\/schema\/logo\/image\/","url":"https:\/\/socialdesignmagazine.com\/mag\/products-selection\/wp-content\/uploads\/sites\/2\/2015\/05\/social-design-magazine-logo.png","contentUrl":"https:\/\/socialdesignmagazine.com\/mag\/products-selection\/wp-content\/uploads\/sites\/2\/2015\/05\/social-design-magazine-logo.png","width":251,"height":101,"caption":"Social Design Magazine"},"image":{"@id":"https:\/\/socialdesignmagazine.com\/mag\/products-selection\/#\/schema\/logo\/image\/"},"sameAs":["https:\/\/www.facebook.com\/socialdesignmag","https:\/\/x.com\/socialdesignmag","http:\/\/instagram.com\/social_design_magazine\/","http:\/\/pinterest.com\/socialdesignmag\/","http:\/\/www.youtube.com\/user\/socialdesignmagazine"]}]}},"jetpack_publicize_connections":[],"jetpack_sharing_enabled":true,"brands":[{"id":1235,"name":"Zanotta","slug":"zanotta"}],"_links":{"self":[{"href":"https:\/\/socialdesignmagazine.com\/mag\/products-selection\/wp-json\/wp\/v2\/product\/28445","targetHints":{"allow":["GET"]}}],"collection":[{"href":"https:\/\/socialdesignmagazine.com\/mag\/products-selection\/wp-json\/wp\/v2\/product"}],"about":[{"href":"https:\/\/socialdesignmagazine.com\/mag\/products-selection\/wp-json\/wp\/v2\/types\/product"}],"wp:featuredmedia":[{"embeddable":true,"href":"https:\/\/socialdesignmagazine.com\/mag\/products-selection\/wp-json\/wp\/v2\/media\/137884"}],"wp:attachment":[{"href":"https:\/\/socialdesignmagazine.com\/mag\/products-selection\/wp-json\/wp\/v2\/media?parent=28445"}],"wp:term":[{"taxonomy":"pwb-brand","embeddable":true,"href":"https:\/\/socialdesignmagazine.com\/mag\/products-selection\/wp-json\/wp\/v2\/pwb-brand?post=28445"},{"taxonomy":"product_brand","embeddable":true,"href":"https:\/\/socialdesignmagazine.com\/mag\/products-selection\/wp-json\/wp\/v2\/product_brand?post=28445"},{"taxonomy":"product_cat","embeddable":true,"href":"https:\/\/socialdesignmagazine.com\/mag\/products-selection\/wp-json\/wp\/v2\/product_cat?post=28445"},{"taxonomy":"product_tag","embeddable":true,"href":"https:\/\/socialdesignmagazine.com\/mag\/products-selection\/wp-json\/wp\/v2\/product_tag?post=28445"}],"curies":[{"name":"wp","href":"https:\/\/api.w.org\/{rel}","templated":true}]}}