{"id":35742,"date":"2015-11-25T00:32:24","date_gmt":"2015-11-24T23:32:24","guid":{"rendered":"https:\/\/socialdesignmagazine.com\/mag\/products-selection\/?post_type=product&#038;p=35742"},"modified":"2023-05-08T17:44:54","modified_gmt":"2023-05-08T15:44:54","slug":"lampada-da-terra-pipe-grande-h-183-cm-bianco-diesel-with-foscarini","status":"publish","type":"product","link":"https:\/\/socialdesignmagazine.com\/mag\/products-selection\/product\/lampada-da-terra-pipe-grande-h-183-cm-bianco-diesel-with-foscarini\/","title":{"rendered":"Lampada da terra Pipe Grande H 183 cm Bianco Diesel with Foscarini"},"content":{"rendered":"<p>Spirito casual ed elegante per questo lampadario, interamente ricoperto di tessuto, che rimanda alluniverso della moda, tipico di Diesel. Pipe \u00e8 un vero e proprio totem luminoso, le cui forme cilindriche imponenti sono ispirate dai tubi industriali (\u201cpipes- in inglese). Il lato grezzo delle forme e le dimensioni XXL sono bilanciate dalla dolcezza del rivestimento in lino bianco. La luce calda si diffonde su tutta la superficie della lampada, dalla base alla punta. La collezione di lampade Successful Living \u00e8 firmata dal celebre marchio italiano del pr\u00eat-\u00e0-porter \u201cDiesel-, in collaborazione con Foscarini. Questa collezione unisce la grande creativit\u00e0 della Diesel Creative Team alla qualit\u00e0 propria di Foscarini e ci fa immergere in un universo rock, industriale e vintage, per uno stile rilassato e anticonformista.  Successful Living  gioca con le tendenze della moda e riflette perfettamente lo spirito Diesel: underground, ironico e creativo. Lampadine consigliate (non incluse): fluocompatte 2 x 20W max E27 \/ alogene a basso consumo 2 x 150W max E27 &#8211; Variatore di intensit\u00e0<\/p>\n","protected":false},"excerpt":{"rendered":"<p>Pipe \u00e8 un vero e proprio totem luminoso, le cui forme cilindriche imponenti sono ispirate dai tubi industriali<\/p>\n","protected":false},"featured_media":137542,"template":"","meta":{"_acf_changed":false,"jetpack_post_was_ever_published":false,"jetpack_publicize_message":"","jetpack_publicize_feature_enabled":true,"jetpack_social_post_already_shared":false,"jetpack_social_options":{"image_generator_settings":{"template":"highway","default_image_id":0,"font":"","enabled":false},"version":2}},"pwb-brand":[1216],"product_brand":[259],"product_cat":[607,810,312,316],"product_tag":[102],"class_list":{"0":"post-35742","1":"product","2":"type-product","3":"status-publish","4":"has-post-thumbnail","6":"pwb-brand-diesel-with-foscarini","7":"product_brand-diesel-with-foscarini","8":"product_cat-designers","9":"product_cat-diesel-creative-team","10":"product_cat-illuminazione","11":"product_cat-lampada-da-terra-illuminazione","12":"product_tag-lampada-da-terra","13":"pa_colore-bianco","14":"pa_designer-diesel-creative-team","15":"pa_materiale-metallo","16":"pa_materiale-tessuto","17":"pa_produttore-diesel-with-foscarini","18":"pa_serie-pipe","19":"pa_tipo-di-prodotto-lampada-da-terra","21":"first","22":"instock","23":"product-type-external"},"acf":[],"yoast_head":"<!-- This site is optimized with the Yoast SEO plugin v27.2 - https:\/\/yoast.com\/product\/yoast-seo-wordpress\/ -->\n<title>Lampada da terra Pipe Grande H 183 cm Bianco Diesel with Foscarini - SDM Product Selection<\/title>\n<meta name=\"description\" content=\"Pipe \u00e8 un vero e proprio totem luminoso, le cui forme cilindriche imponenti sono ispirate dai tubi industriali\" \/>\n<meta name=\"robots\" content=\"index, follow, max-snippet:-1, max-image-preview:large, max-video-preview:-1\" \/>\n<link rel=\"canonical\" href=\"https:\/\/socialdesignmagazine.com\/mag\/products-selection\/product\/lampada-da-terra-pipe-grande-h-183-cm-bianco-diesel-with-foscarini\/\" \/>\n<meta property=\"og:locale\" content=\"it_IT\" \/>\n<meta property=\"og:type\" content=\"article\" \/>\n<meta property=\"og:title\" content=\"Lampada da terra Pipe Grande H 183 cm Bianco Diesel with Foscarini - SDM Product Selection\" \/>\n<meta property=\"og:description\" content=\"Pipe \u00e8 un vero e proprio totem luminoso, le cui forme cilindriche imponenti sono ispirate dai tubi industriali\" \/>\n<meta property=\"og:url\" content=\"https:\/\/socialdesignmagazine.com\/mag\/products-selection\/product\/lampada-da-terra-pipe-grande-h-183-cm-bianco-diesel-with-foscarini\/\" \/>\n<meta property=\"og:site_name\" content=\"SDM Product Selection\" \/>\n<meta property=\"article:publisher\" content=\"https:\/\/www.facebook.com\/socialdesignmag\" \/>\n<meta property=\"article:modified_time\" content=\"2023-05-08T15:44:54+00:00\" \/>\n<meta property=\"og:image\" content=\"https:\/\/socialdesignmagazine.com\/mag\/products-selection\/wp-content\/uploads\/sites\/2\/2020\/12\/Lampada-da-terra-Pipe-Grande-H-183-cm-Bianco-Diesel-with-Foscarini-Diesel-Creative-Team.jpg\" \/>\n\t<meta property=\"og:image:width\" content=\"380\" \/>\n\t<meta property=\"og:image:height\" content=\"400\" \/>\n\t<meta property=\"og:image:type\" content=\"image\/jpeg\" \/>\n<meta name=\"twitter:card\" content=\"summary_large_image\" \/>\n<meta name=\"twitter:site\" content=\"@socialdesignmag\" \/>\n<meta name=\"twitter:label1\" content=\"Tempo di lettura stimato\" \/>\n\t<meta name=\"twitter:data1\" content=\"1 minuto\" \/>\n<script type=\"application\/ld+json\" class=\"yoast-schema-graph\">{\"@context\":\"https:\/\/schema.org\",\"@graph\":[{\"@type\":\"WebPage\",\"@id\":\"https:\/\/socialdesignmagazine.com\/mag\/products-selection\/product\/lampada-da-terra-pipe-grande-h-183-cm-bianco-diesel-with-foscarini\/\",\"url\":\"https:\/\/socialdesignmagazine.com\/mag\/products-selection\/product\/lampada-da-terra-pipe-grande-h-183-cm-bianco-diesel-with-foscarini\/\",\"name\":\"Lampada da terra Pipe Grande H 183 cm Bianco Diesel with Foscarini - SDM Product Selection\",\"isPartOf\":{\"@id\":\"https:\/\/socialdesignmagazine.com\/mag\/products-selection\/#website\"},\"primaryImageOfPage\":{\"@id\":\"https:\/\/socialdesignmagazine.com\/mag\/products-selection\/product\/lampada-da-terra-pipe-grande-h-183-cm-bianco-diesel-with-foscarini\/#primaryimage\"},\"image\":{\"@id\":\"https:\/\/socialdesignmagazine.com\/mag\/products-selection\/product\/lampada-da-terra-pipe-grande-h-183-cm-bianco-diesel-with-foscarini\/#primaryimage\"},\"thumbnailUrl\":\"https:\/\/socialdesignmagazine.com\/mag\/products-selection\/wp-content\/uploads\/sites\/2\/2020\/12\/Lampada-da-terra-Pipe-Grande-H-183-cm-Bianco-Diesel-with-Foscarini-Diesel-Creative-Team.jpg\",\"datePublished\":\"2015-11-24T23:32:24+00:00\",\"dateModified\":\"2023-05-08T15:44:54+00:00\",\"description\":\"Pipe \u00e8 un vero e proprio totem luminoso, le cui forme cilindriche imponenti sono ispirate dai tubi industriali\",\"breadcrumb\":{\"@id\":\"https:\/\/socialdesignmagazine.com\/mag\/products-selection\/product\/lampada-da-terra-pipe-grande-h-183-cm-bianco-diesel-with-foscarini\/#breadcrumb\"},\"inLanguage\":\"it-IT\",\"potentialAction\":[{\"@type\":\"ReadAction\",\"target\":[\"https:\/\/socialdesignmagazine.com\/mag\/products-selection\/product\/lampada-da-terra-pipe-grande-h-183-cm-bianco-diesel-with-foscarini\/\"]}]},{\"@type\":\"ImageObject\",\"inLanguage\":\"it-IT\",\"@id\":\"https:\/\/socialdesignmagazine.com\/mag\/products-selection\/product\/lampada-da-terra-pipe-grande-h-183-cm-bianco-diesel-with-foscarini\/#primaryimage\",\"url\":\"https:\/\/socialdesignmagazine.com\/mag\/products-selection\/wp-content\/uploads\/sites\/2\/2020\/12\/Lampada-da-terra-Pipe-Grande-H-183-cm-Bianco-Diesel-with-Foscarini-Diesel-Creative-Team.jpg\",\"contentUrl\":\"https:\/\/socialdesignmagazine.com\/mag\/products-selection\/wp-content\/uploads\/sites\/2\/2020\/12\/Lampada-da-terra-Pipe-Grande-H-183-cm-Bianco-Diesel-with-Foscarini-Diesel-Creative-Team.jpg\",\"width\":380,\"height\":400,\"caption\":\"Lampada da terra Pipe Grande H 183 cm Bianco Diesel with Foscarini Diesel Creative Team 1\"},{\"@type\":\"BreadcrumbList\",\"@id\":\"https:\/\/socialdesignmagazine.com\/mag\/products-selection\/product\/lampada-da-terra-pipe-grande-h-183-cm-bianco-diesel-with-foscarini\/#breadcrumb\",\"itemListElement\":[{\"@type\":\"ListItem\",\"position\":1,\"name\":\"Home\",\"item\":\"https:\/\/socialdesignmagazine.com\/mag\/products-selection\/\"},{\"@type\":\"ListItem\",\"position\":2,\"name\":\"Tutti i prodotti\",\"item\":\"https:\/\/socialdesignmagazine.com\/mag\/products-selection\/tutti-i-prodotti\/\"},{\"@type\":\"ListItem\",\"position\":3,\"name\":\"Lampada da terra Pipe Grande H 183 cm Bianco Diesel with Foscarini\"}]},{\"@type\":\"WebSite\",\"@id\":\"https:\/\/socialdesignmagazine.com\/mag\/products-selection\/#website\",\"url\":\"https:\/\/socialdesignmagazine.com\/mag\/products-selection\/\",\"name\":\"SDM Product Selection\",\"description\":\"Una selezioni di prodotti dei brand pi\u00f9 interessanti per arredare e progettare\",\"publisher\":{\"@id\":\"https:\/\/socialdesignmagazine.com\/mag\/products-selection\/#organization\"},\"potentialAction\":[{\"@type\":\"SearchAction\",\"target\":{\"@type\":\"EntryPoint\",\"urlTemplate\":\"https:\/\/socialdesignmagazine.com\/mag\/products-selection\/?s={search_term_string}\"},\"query-input\":{\"@type\":\"PropertyValueSpecification\",\"valueRequired\":true,\"valueName\":\"search_term_string\"}}],\"inLanguage\":\"it-IT\"},{\"@type\":\"Organization\",\"@id\":\"https:\/\/socialdesignmagazine.com\/mag\/products-selection\/#organization\",\"name\":\"Social Design Magazine\",\"url\":\"https:\/\/socialdesignmagazine.com\/mag\/products-selection\/\",\"logo\":{\"@type\":\"ImageObject\",\"inLanguage\":\"it-IT\",\"@id\":\"https:\/\/socialdesignmagazine.com\/mag\/products-selection\/#\/schema\/logo\/image\/\",\"url\":\"https:\/\/socialdesignmagazine.com\/mag\/products-selection\/wp-content\/uploads\/sites\/2\/2015\/05\/social-design-magazine-logo.png\",\"contentUrl\":\"https:\/\/socialdesignmagazine.com\/mag\/products-selection\/wp-content\/uploads\/sites\/2\/2015\/05\/social-design-magazine-logo.png\",\"width\":251,\"height\":101,\"caption\":\"Social Design Magazine\"},\"image\":{\"@id\":\"https:\/\/socialdesignmagazine.com\/mag\/products-selection\/#\/schema\/logo\/image\/\"},\"sameAs\":[\"https:\/\/www.facebook.com\/socialdesignmag\",\"https:\/\/x.com\/socialdesignmag\",\"http:\/\/instagram.com\/social_design_magazine\/\",\"http:\/\/pinterest.com\/socialdesignmag\/\",\"http:\/\/www.youtube.com\/user\/socialdesignmagazine\"]}]}<\/script>\n<!-- \/ Yoast SEO plugin. -->","yoast_head_json":{"title":"Lampada da terra Pipe Grande H 183 cm Bianco Diesel with Foscarini - SDM Product Selection","description":"Pipe \u00e8 un vero e proprio totem luminoso, le cui forme cilindriche imponenti sono ispirate dai tubi industriali","robots":{"index":"index","follow":"follow","max-snippet":"max-snippet:-1","max-image-preview":"max-image-preview:large","max-video-preview":"max-video-preview:-1"},"canonical":"https:\/\/socialdesignmagazine.com\/mag\/products-selection\/product\/lampada-da-terra-pipe-grande-h-183-cm-bianco-diesel-with-foscarini\/","og_locale":"it_IT","og_type":"article","og_title":"Lampada da terra Pipe Grande H 183 cm Bianco Diesel with Foscarini - SDM Product Selection","og_description":"Pipe \u00e8 un vero e proprio totem luminoso, le cui forme cilindriche imponenti sono ispirate dai tubi industriali","og_url":"https:\/\/socialdesignmagazine.com\/mag\/products-selection\/product\/lampada-da-terra-pipe-grande-h-183-cm-bianco-diesel-with-foscarini\/","og_site_name":"SDM Product Selection","article_publisher":"https:\/\/www.facebook.com\/socialdesignmag","article_modified_time":"2023-05-08T15:44:54+00:00","og_image":[{"width":380,"height":400,"url":"https:\/\/socialdesignmagazine.com\/mag\/products-selection\/wp-content\/uploads\/sites\/2\/2020\/12\/Lampada-da-terra-Pipe-Grande-H-183-cm-Bianco-Diesel-with-Foscarini-Diesel-Creative-Team.jpg","type":"image\/jpeg"}],"twitter_card":"summary_large_image","twitter_site":"@socialdesignmag","twitter_misc":{"Tempo di lettura stimato":"1 minuto"},"schema":{"@context":"https:\/\/schema.org","@graph":[{"@type":"WebPage","@id":"https:\/\/socialdesignmagazine.com\/mag\/products-selection\/product\/lampada-da-terra-pipe-grande-h-183-cm-bianco-diesel-with-foscarini\/","url":"https:\/\/socialdesignmagazine.com\/mag\/products-selection\/product\/lampada-da-terra-pipe-grande-h-183-cm-bianco-diesel-with-foscarini\/","name":"Lampada da terra Pipe Grande H 183 cm Bianco Diesel with Foscarini - SDM Product Selection","isPartOf":{"@id":"https:\/\/socialdesignmagazine.com\/mag\/products-selection\/#website"},"primaryImageOfPage":{"@id":"https:\/\/socialdesignmagazine.com\/mag\/products-selection\/product\/lampada-da-terra-pipe-grande-h-183-cm-bianco-diesel-with-foscarini\/#primaryimage"},"image":{"@id":"https:\/\/socialdesignmagazine.com\/mag\/products-selection\/product\/lampada-da-terra-pipe-grande-h-183-cm-bianco-diesel-with-foscarini\/#primaryimage"},"thumbnailUrl":"https:\/\/socialdesignmagazine.com\/mag\/products-selection\/wp-content\/uploads\/sites\/2\/2020\/12\/Lampada-da-terra-Pipe-Grande-H-183-cm-Bianco-Diesel-with-Foscarini-Diesel-Creative-Team.jpg","datePublished":"2015-11-24T23:32:24+00:00","dateModified":"2023-05-08T15:44:54+00:00","description":"Pipe \u00e8 un vero e proprio totem luminoso, le cui forme cilindriche imponenti sono ispirate dai tubi industriali","breadcrumb":{"@id":"https:\/\/socialdesignmagazine.com\/mag\/products-selection\/product\/lampada-da-terra-pipe-grande-h-183-cm-bianco-diesel-with-foscarini\/#breadcrumb"},"inLanguage":"it-IT","potentialAction":[{"@type":"ReadAction","target":["https:\/\/socialdesignmagazine.com\/mag\/products-selection\/product\/lampada-da-terra-pipe-grande-h-183-cm-bianco-diesel-with-foscarini\/"]}]},{"@type":"ImageObject","inLanguage":"it-IT","@id":"https:\/\/socialdesignmagazine.com\/mag\/products-selection\/product\/lampada-da-terra-pipe-grande-h-183-cm-bianco-diesel-with-foscarini\/#primaryimage","url":"https:\/\/socialdesignmagazine.com\/mag\/products-selection\/wp-content\/uploads\/sites\/2\/2020\/12\/Lampada-da-terra-Pipe-Grande-H-183-cm-Bianco-Diesel-with-Foscarini-Diesel-Creative-Team.jpg","contentUrl":"https:\/\/socialdesignmagazine.com\/mag\/products-selection\/wp-content\/uploads\/sites\/2\/2020\/12\/Lampada-da-terra-Pipe-Grande-H-183-cm-Bianco-Diesel-with-Foscarini-Diesel-Creative-Team.jpg","width":380,"height":400,"caption":"Lampada da terra Pipe Grande H 183 cm Bianco Diesel with Foscarini Diesel Creative Team 1"},{"@type":"BreadcrumbList","@id":"https:\/\/socialdesignmagazine.com\/mag\/products-selection\/product\/lampada-da-terra-pipe-grande-h-183-cm-bianco-diesel-with-foscarini\/#breadcrumb","itemListElement":[{"@type":"ListItem","position":1,"name":"Home","item":"https:\/\/socialdesignmagazine.com\/mag\/products-selection\/"},{"@type":"ListItem","position":2,"name":"Tutti i prodotti","item":"https:\/\/socialdesignmagazine.com\/mag\/products-selection\/tutti-i-prodotti\/"},{"@type":"ListItem","position":3,"name":"Lampada da terra Pipe Grande H 183 cm Bianco Diesel with Foscarini"}]},{"@type":"WebSite","@id":"https:\/\/socialdesignmagazine.com\/mag\/products-selection\/#website","url":"https:\/\/socialdesignmagazine.com\/mag\/products-selection\/","name":"SDM Product Selection","description":"Una selezioni di prodotti dei brand pi\u00f9 interessanti per arredare e progettare","publisher":{"@id":"https:\/\/socialdesignmagazine.com\/mag\/products-selection\/#organization"},"potentialAction":[{"@type":"SearchAction","target":{"@type":"EntryPoint","urlTemplate":"https:\/\/socialdesignmagazine.com\/mag\/products-selection\/?s={search_term_string}"},"query-input":{"@type":"PropertyValueSpecification","valueRequired":true,"valueName":"search_term_string"}}],"inLanguage":"it-IT"},{"@type":"Organization","@id":"https:\/\/socialdesignmagazine.com\/mag\/products-selection\/#organization","name":"Social Design Magazine","url":"https:\/\/socialdesignmagazine.com\/mag\/products-selection\/","logo":{"@type":"ImageObject","inLanguage":"it-IT","@id":"https:\/\/socialdesignmagazine.com\/mag\/products-selection\/#\/schema\/logo\/image\/","url":"https:\/\/socialdesignmagazine.com\/mag\/products-selection\/wp-content\/uploads\/sites\/2\/2015\/05\/social-design-magazine-logo.png","contentUrl":"https:\/\/socialdesignmagazine.com\/mag\/products-selection\/wp-content\/uploads\/sites\/2\/2015\/05\/social-design-magazine-logo.png","width":251,"height":101,"caption":"Social Design Magazine"},"image":{"@id":"https:\/\/socialdesignmagazine.com\/mag\/products-selection\/#\/schema\/logo\/image\/"},"sameAs":["https:\/\/www.facebook.com\/socialdesignmag","https:\/\/x.com\/socialdesignmag","http:\/\/instagram.com\/social_design_magazine\/","http:\/\/pinterest.com\/socialdesignmag\/","http:\/\/www.youtube.com\/user\/socialdesignmagazine"]}]}},"jetpack_publicize_connections":[],"jetpack_sharing_enabled":true,"brands":[{"id":1216,"name":"Diesel with Foscarini","slug":"diesel-with-foscarini"}],"_links":{"self":[{"href":"https:\/\/socialdesignmagazine.com\/mag\/products-selection\/wp-json\/wp\/v2\/product\/35742","targetHints":{"allow":["GET"]}}],"collection":[{"href":"https:\/\/socialdesignmagazine.com\/mag\/products-selection\/wp-json\/wp\/v2\/product"}],"about":[{"href":"https:\/\/socialdesignmagazine.com\/mag\/products-selection\/wp-json\/wp\/v2\/types\/product"}],"wp:featuredmedia":[{"embeddable":true,"href":"https:\/\/socialdesignmagazine.com\/mag\/products-selection\/wp-json\/wp\/v2\/media\/137542"}],"wp:attachment":[{"href":"https:\/\/socialdesignmagazine.com\/mag\/products-selection\/wp-json\/wp\/v2\/media?parent=35742"}],"wp:term":[{"taxonomy":"pwb-brand","embeddable":true,"href":"https:\/\/socialdesignmagazine.com\/mag\/products-selection\/wp-json\/wp\/v2\/pwb-brand?post=35742"},{"taxonomy":"product_brand","embeddable":true,"href":"https:\/\/socialdesignmagazine.com\/mag\/products-selection\/wp-json\/wp\/v2\/product_brand?post=35742"},{"taxonomy":"product_cat","embeddable":true,"href":"https:\/\/socialdesignmagazine.com\/mag\/products-selection\/wp-json\/wp\/v2\/product_cat?post=35742"},{"taxonomy":"product_tag","embeddable":true,"href":"https:\/\/socialdesignmagazine.com\/mag\/products-selection\/wp-json\/wp\/v2\/product_tag?post=35742"}],"curies":[{"name":"wp","href":"https:\/\/api.w.org\/{rel}","templated":true}]}}