{"id":35858,"date":"2015-11-25T00:32:49","date_gmt":"2015-11-24T23:32:49","guid":{"rendered":"https:\/\/socialdesignmagazine.com\/mag\/products-selection\/?post_type=product&#038;p=35858"},"modified":"2023-05-08T17:46:10","modified_gmt":"2023-05-08T15:46:10","slug":"poltrona-cloudscape-bianco-diesel-with-moroso","status":"publish","type":"product","link":"https:\/\/socialdesignmagazine.com\/mag\/products-selection\/product\/poltrona-cloudscape-bianco-diesel-with-moroso\/","title":{"rendered":"Poltrona Cloudscape Bianco Diesel with Moroso"},"content":{"rendered":"<p>Il celebre marchio italiano del pr\u00eat-\u00e0-porter &#8220;Diesel&#8221; arreda ormai i nostri interni con la collezione di arredo &#8220;Successful Living&#8221;! Legno tinto tipo denim, pelle nera con borchie, mobile da studio di registrazione rivisitato, tavolino tipo console da DJ&#8230; Un universo rock, industriale e vintage per uno stile rilassato e anticonformista! Successful Living \u00e8 la prima collezione di arredo firmata Diesel in collaborazione con Moroso, l&#8217;editore pi\u00f9 rispettato nel mondo del design. Un incontro al vertice! Questa collezione unisce la grande creativit\u00e0 del Diesel Creative Team alla qualit\u00e0 di fabbricazione tipica di Moroso. Ispirata al mondo underground della musica e dell&#8217;universo urbano, Successful living rivoluziona il mondo dell&#8217;arredo! Questa collezione gioca con le tendenze della moda e riflette perfettamente lo spirito Diesel: uno stile anticonformista, ironico e creativo. Sperimentate un comfort unico&#8230; Soffice come un&#8217;immensa nuvola, la poltrona Cloudscape \u00e8 un vero e proprio guscio dalle forme morbide ed accoglienti. Ci si pu\u00f2 riposare su grandi cuscini confortevoli, rivestiti di lino. La seduta sovradimensionata (Largh. 60 cm x Prof. 60 cm) permette di sedersi e di accoccolarsi in diverse posizioni. Sono i cuscini che definiscono le forme leggere della poltrona Cloudscape. Per facilitare la pulizia, il rivestimento in lino \u00e8 sfoderabile. Il basamento in filo d&#8217;acciaio si sdoppia per creare un effetto molto scenografico. Questa poltrona \u00e8 disponibile in due colori: beige e blu jeans. Interamente sfoderabile Rivestimento sfoderabile<\/p>\n","protected":false},"excerpt":{"rendered":"<p>Soffice come un&#8217;immensa nuvola, la poltrona Cloudscape \u00e8 un vero e proprio guscio dalle forme morbide ed accoglienti.<\/p>\n","protected":false},"featured_media":137611,"template":"","meta":{"_acf_changed":false,"jetpack_post_was_ever_published":false,"jetpack_publicize_message":"","jetpack_publicize_feature_enabled":true,"jetpack_social_post_already_shared":false,"jetpack_social_options":{"image_generator_settings":{"template":"highway","default_image_id":0,"font":"","enabled":false},"version":2}},"pwb-brand":[1217],"product_brand":[260],"product_cat":[337,607,810,534,533],"product_tag":[156],"class_list":{"0":"post-35858","1":"product","2":"type-product","3":"status-publish","4":"has-post-thumbnail","6":"pwb-brand-diesel-with-moroso","7":"product_brand-diesel-with-moroso","8":"product_cat-arredamento","9":"product_cat-designers","10":"product_cat-diesel-creative-team","11":"product_cat-poltrona-sedute","12":"product_cat-sedute","13":"product_tag-poltrona","14":"pa_colore-bianco","15":"pa_designer-diesel-creative-team","16":"pa_materiale-lino","17":"pa_produttore-diesel-with-moroso","18":"pa_tipo-di-prodotto-poltrona","20":"first","21":"instock","22":"product-type-external"},"acf":[],"yoast_head":"<!-- This site is optimized with the Yoast SEO plugin v27.2 - https:\/\/yoast.com\/product\/yoast-seo-wordpress\/ -->\n<title>Poltrona Cloudscape Bianco Diesel with Moroso - SDM Product Selection<\/title>\n<meta name=\"description\" content=\"Soffice come un&#039;immensa nuvola, la poltrona Cloudscape \u00e8 un vero e proprio guscio dalle forme morbide ed accoglienti.\" \/>\n<meta name=\"robots\" content=\"index, follow, max-snippet:-1, max-image-preview:large, max-video-preview:-1\" \/>\n<link rel=\"canonical\" href=\"https:\/\/socialdesignmagazine.com\/mag\/products-selection\/product\/poltrona-cloudscape-bianco-diesel-with-moroso\/\" \/>\n<meta property=\"og:locale\" content=\"it_IT\" \/>\n<meta property=\"og:type\" content=\"article\" \/>\n<meta property=\"og:title\" content=\"Poltrona Cloudscape Bianco Diesel with Moroso - SDM Product Selection\" \/>\n<meta property=\"og:description\" content=\"Soffice come un&#039;immensa nuvola, la poltrona Cloudscape \u00e8 un vero e proprio guscio dalle forme morbide ed accoglienti.\" \/>\n<meta property=\"og:url\" content=\"https:\/\/socialdesignmagazine.com\/mag\/products-selection\/product\/poltrona-cloudscape-bianco-diesel-with-moroso\/\" \/>\n<meta property=\"og:site_name\" content=\"SDM Product Selection\" \/>\n<meta property=\"article:publisher\" content=\"https:\/\/www.facebook.com\/socialdesignmag\" \/>\n<meta property=\"article:modified_time\" content=\"2023-05-08T15:46:10+00:00\" \/>\n<meta property=\"og:image\" content=\"https:\/\/socialdesignmagazine.com\/mag\/products-selection\/wp-content\/uploads\/sites\/2\/2020\/12\/Poltrona-Cloudscape-Bianco-Diesel-with-Moroso-Diesel-Creative-Team.jpg\" \/>\n\t<meta property=\"og:image:width\" content=\"400\" \/>\n\t<meta property=\"og:image:height\" content=\"368\" \/>\n\t<meta property=\"og:image:type\" content=\"image\/jpeg\" \/>\n<meta name=\"twitter:card\" content=\"summary_large_image\" \/>\n<meta name=\"twitter:site\" content=\"@socialdesignmag\" \/>\n<meta name=\"twitter:label1\" content=\"Tempo di lettura stimato\" \/>\n\t<meta name=\"twitter:data1\" content=\"1 minuto\" \/>\n<script type=\"application\/ld+json\" class=\"yoast-schema-graph\">{\"@context\":\"https:\/\/schema.org\",\"@graph\":[{\"@type\":\"WebPage\",\"@id\":\"https:\/\/socialdesignmagazine.com\/mag\/products-selection\/product\/poltrona-cloudscape-bianco-diesel-with-moroso\/\",\"url\":\"https:\/\/socialdesignmagazine.com\/mag\/products-selection\/product\/poltrona-cloudscape-bianco-diesel-with-moroso\/\",\"name\":\"Poltrona Cloudscape Bianco Diesel with Moroso - SDM Product Selection\",\"isPartOf\":{\"@id\":\"https:\/\/socialdesignmagazine.com\/mag\/products-selection\/#website\"},\"primaryImageOfPage\":{\"@id\":\"https:\/\/socialdesignmagazine.com\/mag\/products-selection\/product\/poltrona-cloudscape-bianco-diesel-with-moroso\/#primaryimage\"},\"image\":{\"@id\":\"https:\/\/socialdesignmagazine.com\/mag\/products-selection\/product\/poltrona-cloudscape-bianco-diesel-with-moroso\/#primaryimage\"},\"thumbnailUrl\":\"https:\/\/socialdesignmagazine.com\/mag\/products-selection\/wp-content\/uploads\/sites\/2\/2020\/12\/Poltrona-Cloudscape-Bianco-Diesel-with-Moroso-Diesel-Creative-Team.jpg\",\"datePublished\":\"2015-11-24T23:32:49+00:00\",\"dateModified\":\"2023-05-08T15:46:10+00:00\",\"description\":\"Soffice come un'immensa nuvola, la poltrona Cloudscape \u00e8 un vero e proprio guscio dalle forme morbide ed accoglienti.\",\"breadcrumb\":{\"@id\":\"https:\/\/socialdesignmagazine.com\/mag\/products-selection\/product\/poltrona-cloudscape-bianco-diesel-with-moroso\/#breadcrumb\"},\"inLanguage\":\"it-IT\",\"potentialAction\":[{\"@type\":\"ReadAction\",\"target\":[\"https:\/\/socialdesignmagazine.com\/mag\/products-selection\/product\/poltrona-cloudscape-bianco-diesel-with-moroso\/\"]}]},{\"@type\":\"ImageObject\",\"inLanguage\":\"it-IT\",\"@id\":\"https:\/\/socialdesignmagazine.com\/mag\/products-selection\/product\/poltrona-cloudscape-bianco-diesel-with-moroso\/#primaryimage\",\"url\":\"https:\/\/socialdesignmagazine.com\/mag\/products-selection\/wp-content\/uploads\/sites\/2\/2020\/12\/Poltrona-Cloudscape-Bianco-Diesel-with-Moroso-Diesel-Creative-Team.jpg\",\"contentUrl\":\"https:\/\/socialdesignmagazine.com\/mag\/products-selection\/wp-content\/uploads\/sites\/2\/2020\/12\/Poltrona-Cloudscape-Bianco-Diesel-with-Moroso-Diesel-Creative-Team.jpg\",\"width\":400,\"height\":368,\"caption\":\"Poltrona Cloudscape Bianco Diesel with Moroso Diesel Creative Team 1\"},{\"@type\":\"BreadcrumbList\",\"@id\":\"https:\/\/socialdesignmagazine.com\/mag\/products-selection\/product\/poltrona-cloudscape-bianco-diesel-with-moroso\/#breadcrumb\",\"itemListElement\":[{\"@type\":\"ListItem\",\"position\":1,\"name\":\"Home\",\"item\":\"https:\/\/socialdesignmagazine.com\/mag\/products-selection\/\"},{\"@type\":\"ListItem\",\"position\":2,\"name\":\"Tutti i prodotti\",\"item\":\"https:\/\/socialdesignmagazine.com\/mag\/products-selection\/tutti-i-prodotti\/\"},{\"@type\":\"ListItem\",\"position\":3,\"name\":\"Poltrona Cloudscape Bianco Diesel with Moroso\"}]},{\"@type\":\"WebSite\",\"@id\":\"https:\/\/socialdesignmagazine.com\/mag\/products-selection\/#website\",\"url\":\"https:\/\/socialdesignmagazine.com\/mag\/products-selection\/\",\"name\":\"SDM Product Selection\",\"description\":\"Una selezioni di prodotti dei brand pi\u00f9 interessanti per arredare e progettare\",\"publisher\":{\"@id\":\"https:\/\/socialdesignmagazine.com\/mag\/products-selection\/#organization\"},\"potentialAction\":[{\"@type\":\"SearchAction\",\"target\":{\"@type\":\"EntryPoint\",\"urlTemplate\":\"https:\/\/socialdesignmagazine.com\/mag\/products-selection\/?s={search_term_string}\"},\"query-input\":{\"@type\":\"PropertyValueSpecification\",\"valueRequired\":true,\"valueName\":\"search_term_string\"}}],\"inLanguage\":\"it-IT\"},{\"@type\":\"Organization\",\"@id\":\"https:\/\/socialdesignmagazine.com\/mag\/products-selection\/#organization\",\"name\":\"Social Design Magazine\",\"url\":\"https:\/\/socialdesignmagazine.com\/mag\/products-selection\/\",\"logo\":{\"@type\":\"ImageObject\",\"inLanguage\":\"it-IT\",\"@id\":\"https:\/\/socialdesignmagazine.com\/mag\/products-selection\/#\/schema\/logo\/image\/\",\"url\":\"https:\/\/socialdesignmagazine.com\/mag\/products-selection\/wp-content\/uploads\/sites\/2\/2015\/05\/social-design-magazine-logo.png\",\"contentUrl\":\"https:\/\/socialdesignmagazine.com\/mag\/products-selection\/wp-content\/uploads\/sites\/2\/2015\/05\/social-design-magazine-logo.png\",\"width\":251,\"height\":101,\"caption\":\"Social Design Magazine\"},\"image\":{\"@id\":\"https:\/\/socialdesignmagazine.com\/mag\/products-selection\/#\/schema\/logo\/image\/\"},\"sameAs\":[\"https:\/\/www.facebook.com\/socialdesignmag\",\"https:\/\/x.com\/socialdesignmag\",\"http:\/\/instagram.com\/social_design_magazine\/\",\"http:\/\/pinterest.com\/socialdesignmag\/\",\"http:\/\/www.youtube.com\/user\/socialdesignmagazine\"]}]}<\/script>\n<!-- \/ Yoast SEO plugin. -->","yoast_head_json":{"title":"Poltrona Cloudscape Bianco Diesel with Moroso - SDM Product Selection","description":"Soffice come un'immensa nuvola, la poltrona Cloudscape \u00e8 un vero e proprio guscio dalle forme morbide ed accoglienti.","robots":{"index":"index","follow":"follow","max-snippet":"max-snippet:-1","max-image-preview":"max-image-preview:large","max-video-preview":"max-video-preview:-1"},"canonical":"https:\/\/socialdesignmagazine.com\/mag\/products-selection\/product\/poltrona-cloudscape-bianco-diesel-with-moroso\/","og_locale":"it_IT","og_type":"article","og_title":"Poltrona Cloudscape Bianco Diesel with Moroso - SDM Product Selection","og_description":"Soffice come un'immensa nuvola, la poltrona Cloudscape \u00e8 un vero e proprio guscio dalle forme morbide ed accoglienti.","og_url":"https:\/\/socialdesignmagazine.com\/mag\/products-selection\/product\/poltrona-cloudscape-bianco-diesel-with-moroso\/","og_site_name":"SDM Product Selection","article_publisher":"https:\/\/www.facebook.com\/socialdesignmag","article_modified_time":"2023-05-08T15:46:10+00:00","og_image":[{"width":400,"height":368,"url":"https:\/\/socialdesignmagazine.com\/mag\/products-selection\/wp-content\/uploads\/sites\/2\/2020\/12\/Poltrona-Cloudscape-Bianco-Diesel-with-Moroso-Diesel-Creative-Team.jpg","type":"image\/jpeg"}],"twitter_card":"summary_large_image","twitter_site":"@socialdesignmag","twitter_misc":{"Tempo di lettura stimato":"1 minuto"},"schema":{"@context":"https:\/\/schema.org","@graph":[{"@type":"WebPage","@id":"https:\/\/socialdesignmagazine.com\/mag\/products-selection\/product\/poltrona-cloudscape-bianco-diesel-with-moroso\/","url":"https:\/\/socialdesignmagazine.com\/mag\/products-selection\/product\/poltrona-cloudscape-bianco-diesel-with-moroso\/","name":"Poltrona Cloudscape Bianco Diesel with Moroso - SDM Product Selection","isPartOf":{"@id":"https:\/\/socialdesignmagazine.com\/mag\/products-selection\/#website"},"primaryImageOfPage":{"@id":"https:\/\/socialdesignmagazine.com\/mag\/products-selection\/product\/poltrona-cloudscape-bianco-diesel-with-moroso\/#primaryimage"},"image":{"@id":"https:\/\/socialdesignmagazine.com\/mag\/products-selection\/product\/poltrona-cloudscape-bianco-diesel-with-moroso\/#primaryimage"},"thumbnailUrl":"https:\/\/socialdesignmagazine.com\/mag\/products-selection\/wp-content\/uploads\/sites\/2\/2020\/12\/Poltrona-Cloudscape-Bianco-Diesel-with-Moroso-Diesel-Creative-Team.jpg","datePublished":"2015-11-24T23:32:49+00:00","dateModified":"2023-05-08T15:46:10+00:00","description":"Soffice come un'immensa nuvola, la poltrona Cloudscape \u00e8 un vero e proprio guscio dalle forme morbide ed accoglienti.","breadcrumb":{"@id":"https:\/\/socialdesignmagazine.com\/mag\/products-selection\/product\/poltrona-cloudscape-bianco-diesel-with-moroso\/#breadcrumb"},"inLanguage":"it-IT","potentialAction":[{"@type":"ReadAction","target":["https:\/\/socialdesignmagazine.com\/mag\/products-selection\/product\/poltrona-cloudscape-bianco-diesel-with-moroso\/"]}]},{"@type":"ImageObject","inLanguage":"it-IT","@id":"https:\/\/socialdesignmagazine.com\/mag\/products-selection\/product\/poltrona-cloudscape-bianco-diesel-with-moroso\/#primaryimage","url":"https:\/\/socialdesignmagazine.com\/mag\/products-selection\/wp-content\/uploads\/sites\/2\/2020\/12\/Poltrona-Cloudscape-Bianco-Diesel-with-Moroso-Diesel-Creative-Team.jpg","contentUrl":"https:\/\/socialdesignmagazine.com\/mag\/products-selection\/wp-content\/uploads\/sites\/2\/2020\/12\/Poltrona-Cloudscape-Bianco-Diesel-with-Moroso-Diesel-Creative-Team.jpg","width":400,"height":368,"caption":"Poltrona Cloudscape Bianco Diesel with Moroso Diesel Creative Team 1"},{"@type":"BreadcrumbList","@id":"https:\/\/socialdesignmagazine.com\/mag\/products-selection\/product\/poltrona-cloudscape-bianco-diesel-with-moroso\/#breadcrumb","itemListElement":[{"@type":"ListItem","position":1,"name":"Home","item":"https:\/\/socialdesignmagazine.com\/mag\/products-selection\/"},{"@type":"ListItem","position":2,"name":"Tutti i prodotti","item":"https:\/\/socialdesignmagazine.com\/mag\/products-selection\/tutti-i-prodotti\/"},{"@type":"ListItem","position":3,"name":"Poltrona Cloudscape Bianco Diesel with Moroso"}]},{"@type":"WebSite","@id":"https:\/\/socialdesignmagazine.com\/mag\/products-selection\/#website","url":"https:\/\/socialdesignmagazine.com\/mag\/products-selection\/","name":"SDM Product Selection","description":"Una selezioni di prodotti dei brand pi\u00f9 interessanti per arredare e progettare","publisher":{"@id":"https:\/\/socialdesignmagazine.com\/mag\/products-selection\/#organization"},"potentialAction":[{"@type":"SearchAction","target":{"@type":"EntryPoint","urlTemplate":"https:\/\/socialdesignmagazine.com\/mag\/products-selection\/?s={search_term_string}"},"query-input":{"@type":"PropertyValueSpecification","valueRequired":true,"valueName":"search_term_string"}}],"inLanguage":"it-IT"},{"@type":"Organization","@id":"https:\/\/socialdesignmagazine.com\/mag\/products-selection\/#organization","name":"Social Design Magazine","url":"https:\/\/socialdesignmagazine.com\/mag\/products-selection\/","logo":{"@type":"ImageObject","inLanguage":"it-IT","@id":"https:\/\/socialdesignmagazine.com\/mag\/products-selection\/#\/schema\/logo\/image\/","url":"https:\/\/socialdesignmagazine.com\/mag\/products-selection\/wp-content\/uploads\/sites\/2\/2015\/05\/social-design-magazine-logo.png","contentUrl":"https:\/\/socialdesignmagazine.com\/mag\/products-selection\/wp-content\/uploads\/sites\/2\/2015\/05\/social-design-magazine-logo.png","width":251,"height":101,"caption":"Social Design Magazine"},"image":{"@id":"https:\/\/socialdesignmagazine.com\/mag\/products-selection\/#\/schema\/logo\/image\/"},"sameAs":["https:\/\/www.facebook.com\/socialdesignmag","https:\/\/x.com\/socialdesignmag","http:\/\/instagram.com\/social_design_magazine\/","http:\/\/pinterest.com\/socialdesignmag\/","http:\/\/www.youtube.com\/user\/socialdesignmagazine"]}]}},"jetpack_publicize_connections":[],"jetpack_sharing_enabled":true,"brands":[{"id":1217,"name":"Diesel with Moroso","slug":"diesel-with-moroso"}],"_links":{"self":[{"href":"https:\/\/socialdesignmagazine.com\/mag\/products-selection\/wp-json\/wp\/v2\/product\/35858","targetHints":{"allow":["GET"]}}],"collection":[{"href":"https:\/\/socialdesignmagazine.com\/mag\/products-selection\/wp-json\/wp\/v2\/product"}],"about":[{"href":"https:\/\/socialdesignmagazine.com\/mag\/products-selection\/wp-json\/wp\/v2\/types\/product"}],"wp:featuredmedia":[{"embeddable":true,"href":"https:\/\/socialdesignmagazine.com\/mag\/products-selection\/wp-json\/wp\/v2\/media\/137611"}],"wp:attachment":[{"href":"https:\/\/socialdesignmagazine.com\/mag\/products-selection\/wp-json\/wp\/v2\/media?parent=35858"}],"wp:term":[{"taxonomy":"pwb-brand","embeddable":true,"href":"https:\/\/socialdesignmagazine.com\/mag\/products-selection\/wp-json\/wp\/v2\/pwb-brand?post=35858"},{"taxonomy":"product_brand","embeddable":true,"href":"https:\/\/socialdesignmagazine.com\/mag\/products-selection\/wp-json\/wp\/v2\/product_brand?post=35858"},{"taxonomy":"product_cat","embeddable":true,"href":"https:\/\/socialdesignmagazine.com\/mag\/products-selection\/wp-json\/wp\/v2\/product_cat?post=35858"},{"taxonomy":"product_tag","embeddable":true,"href":"https:\/\/socialdesignmagazine.com\/mag\/products-selection\/wp-json\/wp\/v2\/product_tag?post=35858"}],"curies":[{"name":"wp","href":"https:\/\/api.w.org\/{rel}","templated":true}]}}