{"id":35862,"date":"2015-11-25T00:32:49","date_gmt":"2015-11-24T23:32:49","guid":{"rendered":"https:\/\/socialdesignmagazine.com\/mag\/products-selection\/?post_type=product&#038;p=35862"},"modified":"2023-05-08T17:46:11","modified_gmt":"2023-05-08T15:46:11","slug":"poltrona-chubby-chic-grigio-chiarogrigio-scuro-diesel-with-moroso","status":"publish","type":"product","link":"https:\/\/socialdesignmagazine.com\/mag\/products-selection\/product\/poltrona-chubby-chic-grigio-chiarogrigio-scuro-diesel-with-moroso\/","title":{"rendered":"Poltrona Chubby chic Grigio chiaro|Grigio scuro Diesel with Moroso"},"content":{"rendered":"<p>Il celebre marchio italiano del pr\u00eat-\u00e0-porter Diesel&#8221; ha ora conquistato i nostri interni con la collezione d&#8217;arredo &#8220;Successful Living&#8221;! Un universo rock, industriale e vintage che rivoluziona il mondo dell&#8217;arredamento! Provate il massimo del comfort con questa poltrona dallo stile anticonformista, ironico e creativo. Come un vestito cucito su misura, il rivestimento bicolore in lino \u00e8 tenuto insieme da una grossa cinghia in cuoio marrone che fa il giro della poltrona. Uno stile d&#8217;alta moda e molto rock che richiama subito il DNA del marchio Diesel. Chubby Chic \u00e8 caratterizzata anche dalla forma originale dei piedini, in faggio tinto di nero. Grazie al rivestimento morbidissimo, questa poltrona \u00e8 un vero e proprio bozzolo dalle forme dolci e accoglienti. La seduta particolarmente ampia (Larg 85 cm x Prof 54 cm) permette di sedersi e accoccolarsi in diverse posizioni. La pulizia non sar\u00e0 un problema: il rivestimento in lino \u00e8 sfoderabile. Successful Living \u00e8 la prima collezione d&#8217;arredo firmata Diesel in collaborazione con Moroso, la pi\u00f9 rinomata azienda di complementi d&#8217;arredo nel mondo del design. Un connubio ai massimi livelli! Questa collezione fonde la grande creativit\u00e0 del Diesel Creative Team con la qualit\u00e0 della produzione a marchio Moroso.   Sfoderabile<\/p>\n","protected":false},"excerpt":{"rendered":"<p>Questa poltrona \u00e8 un vero e proprio bozzolo dalle forme dolci e accoglienti. La seduta particolarmente ampia permette di sedersi e accoccolarsi in diverse posizioni.<\/p>\n","protected":false},"featured_media":137613,"template":"","meta":{"_acf_changed":false,"jetpack_post_was_ever_published":false,"jetpack_publicize_message":"","jetpack_publicize_feature_enabled":true,"jetpack_social_post_already_shared":false,"jetpack_social_options":{"image_generator_settings":{"template":"highway","default_image_id":0,"font":"","enabled":false},"version":2}},"pwb-brand":[1217],"product_brand":[260],"product_cat":[337,607,810,534,533],"product_tag":[156],"class_list":{"0":"post-35862","1":"product","2":"type-product","3":"status-publish","4":"has-post-thumbnail","6":"pwb-brand-diesel-with-moroso","7":"product_brand-diesel-with-moroso","8":"product_cat-arredamento","9":"product_cat-designers","10":"product_cat-diesel-creative-team","11":"product_cat-poltrona-sedute","12":"product_cat-sedute","13":"product_tag-poltrona","14":"pa_colore-grigio-chiaro","15":"pa_colore-grigio-scuro","16":"pa_designer-diesel-creative-team","17":"pa_materiale-lino","18":"pa_produttore-diesel-with-moroso","19":"pa_tipo-di-prodotto-poltrona","21":"first","22":"instock","23":"product-type-external"},"acf":[],"yoast_head":"<!-- This site is optimized with the Yoast SEO plugin v27.2 - https:\/\/yoast.com\/product\/yoast-seo-wordpress\/ -->\n<title>Poltrona Chubby chic Grigio chiaro|Grigio scuro Diesel with Moroso - SDM Product Selection<\/title>\n<meta name=\"description\" content=\"Questa poltrona \u00e8 un vero e proprio bozzolo dalle forme dolci e accoglienti. La seduta particolarmente ampia permette di sedersi e accoccolarsi in diverse posizioni.\" \/>\n<meta name=\"robots\" content=\"index, follow, max-snippet:-1, max-image-preview:large, max-video-preview:-1\" \/>\n<link rel=\"canonical\" href=\"https:\/\/socialdesignmagazine.com\/mag\/products-selection\/product\/poltrona-chubby-chic-grigio-chiarogrigio-scuro-diesel-with-moroso\/\" \/>\n<meta property=\"og:locale\" content=\"it_IT\" \/>\n<meta property=\"og:type\" content=\"article\" \/>\n<meta property=\"og:title\" content=\"Poltrona Chubby chic Grigio chiaro|Grigio scuro Diesel with Moroso - SDM Product Selection\" \/>\n<meta property=\"og:description\" content=\"Questa poltrona \u00e8 un vero e proprio bozzolo dalle forme dolci e accoglienti. La seduta particolarmente ampia permette di sedersi e accoccolarsi in diverse posizioni.\" \/>\n<meta property=\"og:url\" content=\"https:\/\/socialdesignmagazine.com\/mag\/products-selection\/product\/poltrona-chubby-chic-grigio-chiarogrigio-scuro-diesel-with-moroso\/\" \/>\n<meta property=\"og:site_name\" content=\"SDM Product Selection\" \/>\n<meta property=\"article:publisher\" content=\"https:\/\/www.facebook.com\/socialdesignmag\" \/>\n<meta property=\"article:modified_time\" content=\"2023-05-08T15:46:11+00:00\" \/>\n<meta property=\"og:image\" content=\"https:\/\/socialdesignmagazine.com\/mag\/products-selection\/wp-content\/uploads\/sites\/2\/2020\/12\/Poltrona-Chubby-chic-Grigio-chiaroGrigio-scuro-Diesel-with-Moroso-Diesel-Creative-Team.jpg\" \/>\n\t<meta property=\"og:image:width\" content=\"400\" \/>\n\t<meta property=\"og:image:height\" content=\"380\" \/>\n\t<meta property=\"og:image:type\" content=\"image\/jpeg\" \/>\n<meta name=\"twitter:card\" content=\"summary_large_image\" \/>\n<meta name=\"twitter:site\" content=\"@socialdesignmag\" \/>\n<meta name=\"twitter:label1\" content=\"Tempo di lettura stimato\" \/>\n\t<meta name=\"twitter:data1\" content=\"1 minuto\" \/>\n<script type=\"application\/ld+json\" class=\"yoast-schema-graph\">{\"@context\":\"https:\/\/schema.org\",\"@graph\":[{\"@type\":\"WebPage\",\"@id\":\"https:\/\/socialdesignmagazine.com\/mag\/products-selection\/product\/poltrona-chubby-chic-grigio-chiarogrigio-scuro-diesel-with-moroso\/\",\"url\":\"https:\/\/socialdesignmagazine.com\/mag\/products-selection\/product\/poltrona-chubby-chic-grigio-chiarogrigio-scuro-diesel-with-moroso\/\",\"name\":\"Poltrona Chubby chic Grigio chiaro|Grigio scuro Diesel with Moroso - SDM Product Selection\",\"isPartOf\":{\"@id\":\"https:\/\/socialdesignmagazine.com\/mag\/products-selection\/#website\"},\"primaryImageOfPage\":{\"@id\":\"https:\/\/socialdesignmagazine.com\/mag\/products-selection\/product\/poltrona-chubby-chic-grigio-chiarogrigio-scuro-diesel-with-moroso\/#primaryimage\"},\"image\":{\"@id\":\"https:\/\/socialdesignmagazine.com\/mag\/products-selection\/product\/poltrona-chubby-chic-grigio-chiarogrigio-scuro-diesel-with-moroso\/#primaryimage\"},\"thumbnailUrl\":\"https:\/\/socialdesignmagazine.com\/mag\/products-selection\/wp-content\/uploads\/sites\/2\/2020\/12\/Poltrona-Chubby-chic-Grigio-chiaroGrigio-scuro-Diesel-with-Moroso-Diesel-Creative-Team.jpg\",\"datePublished\":\"2015-11-24T23:32:49+00:00\",\"dateModified\":\"2023-05-08T15:46:11+00:00\",\"description\":\"Questa poltrona \u00e8 un vero e proprio bozzolo dalle forme dolci e accoglienti. La seduta particolarmente ampia permette di sedersi e accoccolarsi in diverse posizioni.\",\"breadcrumb\":{\"@id\":\"https:\/\/socialdesignmagazine.com\/mag\/products-selection\/product\/poltrona-chubby-chic-grigio-chiarogrigio-scuro-diesel-with-moroso\/#breadcrumb\"},\"inLanguage\":\"it-IT\",\"potentialAction\":[{\"@type\":\"ReadAction\",\"target\":[\"https:\/\/socialdesignmagazine.com\/mag\/products-selection\/product\/poltrona-chubby-chic-grigio-chiarogrigio-scuro-diesel-with-moroso\/\"]}]},{\"@type\":\"ImageObject\",\"inLanguage\":\"it-IT\",\"@id\":\"https:\/\/socialdesignmagazine.com\/mag\/products-selection\/product\/poltrona-chubby-chic-grigio-chiarogrigio-scuro-diesel-with-moroso\/#primaryimage\",\"url\":\"https:\/\/socialdesignmagazine.com\/mag\/products-selection\/wp-content\/uploads\/sites\/2\/2020\/12\/Poltrona-Chubby-chic-Grigio-chiaroGrigio-scuro-Diesel-with-Moroso-Diesel-Creative-Team.jpg\",\"contentUrl\":\"https:\/\/socialdesignmagazine.com\/mag\/products-selection\/wp-content\/uploads\/sites\/2\/2020\/12\/Poltrona-Chubby-chic-Grigio-chiaroGrigio-scuro-Diesel-with-Moroso-Diesel-Creative-Team.jpg\",\"width\":400,\"height\":380,\"caption\":\"Poltrona Chubby chic Grigio chiaro|Grigio scuro Diesel with Moroso Diesel Creative Team 1\"},{\"@type\":\"BreadcrumbList\",\"@id\":\"https:\/\/socialdesignmagazine.com\/mag\/products-selection\/product\/poltrona-chubby-chic-grigio-chiarogrigio-scuro-diesel-with-moroso\/#breadcrumb\",\"itemListElement\":[{\"@type\":\"ListItem\",\"position\":1,\"name\":\"Home\",\"item\":\"https:\/\/socialdesignmagazine.com\/mag\/products-selection\/\"},{\"@type\":\"ListItem\",\"position\":2,\"name\":\"Tutti i prodotti\",\"item\":\"https:\/\/socialdesignmagazine.com\/mag\/products-selection\/tutti-i-prodotti\/\"},{\"@type\":\"ListItem\",\"position\":3,\"name\":\"Poltrona Chubby chic Grigio chiaro|Grigio scuro Diesel with Moroso\"}]},{\"@type\":\"WebSite\",\"@id\":\"https:\/\/socialdesignmagazine.com\/mag\/products-selection\/#website\",\"url\":\"https:\/\/socialdesignmagazine.com\/mag\/products-selection\/\",\"name\":\"SDM Product Selection\",\"description\":\"Una selezioni di prodotti dei brand pi\u00f9 interessanti per arredare e progettare\",\"publisher\":{\"@id\":\"https:\/\/socialdesignmagazine.com\/mag\/products-selection\/#organization\"},\"potentialAction\":[{\"@type\":\"SearchAction\",\"target\":{\"@type\":\"EntryPoint\",\"urlTemplate\":\"https:\/\/socialdesignmagazine.com\/mag\/products-selection\/?s={search_term_string}\"},\"query-input\":{\"@type\":\"PropertyValueSpecification\",\"valueRequired\":true,\"valueName\":\"search_term_string\"}}],\"inLanguage\":\"it-IT\"},{\"@type\":\"Organization\",\"@id\":\"https:\/\/socialdesignmagazine.com\/mag\/products-selection\/#organization\",\"name\":\"Social Design Magazine\",\"url\":\"https:\/\/socialdesignmagazine.com\/mag\/products-selection\/\",\"logo\":{\"@type\":\"ImageObject\",\"inLanguage\":\"it-IT\",\"@id\":\"https:\/\/socialdesignmagazine.com\/mag\/products-selection\/#\/schema\/logo\/image\/\",\"url\":\"https:\/\/socialdesignmagazine.com\/mag\/products-selection\/wp-content\/uploads\/sites\/2\/2015\/05\/social-design-magazine-logo.png\",\"contentUrl\":\"https:\/\/socialdesignmagazine.com\/mag\/products-selection\/wp-content\/uploads\/sites\/2\/2015\/05\/social-design-magazine-logo.png\",\"width\":251,\"height\":101,\"caption\":\"Social Design Magazine\"},\"image\":{\"@id\":\"https:\/\/socialdesignmagazine.com\/mag\/products-selection\/#\/schema\/logo\/image\/\"},\"sameAs\":[\"https:\/\/www.facebook.com\/socialdesignmag\",\"https:\/\/x.com\/socialdesignmag\",\"http:\/\/instagram.com\/social_design_magazine\/\",\"http:\/\/pinterest.com\/socialdesignmag\/\",\"http:\/\/www.youtube.com\/user\/socialdesignmagazine\"]}]}<\/script>\n<!-- \/ Yoast SEO plugin. -->","yoast_head_json":{"title":"Poltrona Chubby chic Grigio chiaro|Grigio scuro Diesel with Moroso - SDM Product Selection","description":"Questa poltrona \u00e8 un vero e proprio bozzolo dalle forme dolci e accoglienti. La seduta particolarmente ampia permette di sedersi e accoccolarsi in diverse posizioni.","robots":{"index":"index","follow":"follow","max-snippet":"max-snippet:-1","max-image-preview":"max-image-preview:large","max-video-preview":"max-video-preview:-1"},"canonical":"https:\/\/socialdesignmagazine.com\/mag\/products-selection\/product\/poltrona-chubby-chic-grigio-chiarogrigio-scuro-diesel-with-moroso\/","og_locale":"it_IT","og_type":"article","og_title":"Poltrona Chubby chic Grigio chiaro|Grigio scuro Diesel with Moroso - SDM Product Selection","og_description":"Questa poltrona \u00e8 un vero e proprio bozzolo dalle forme dolci e accoglienti. La seduta particolarmente ampia permette di sedersi e accoccolarsi in diverse posizioni.","og_url":"https:\/\/socialdesignmagazine.com\/mag\/products-selection\/product\/poltrona-chubby-chic-grigio-chiarogrigio-scuro-diesel-with-moroso\/","og_site_name":"SDM Product Selection","article_publisher":"https:\/\/www.facebook.com\/socialdesignmag","article_modified_time":"2023-05-08T15:46:11+00:00","og_image":[{"width":400,"height":380,"url":"https:\/\/socialdesignmagazine.com\/mag\/products-selection\/wp-content\/uploads\/sites\/2\/2020\/12\/Poltrona-Chubby-chic-Grigio-chiaroGrigio-scuro-Diesel-with-Moroso-Diesel-Creative-Team.jpg","type":"image\/jpeg"}],"twitter_card":"summary_large_image","twitter_site":"@socialdesignmag","twitter_misc":{"Tempo di lettura stimato":"1 minuto"},"schema":{"@context":"https:\/\/schema.org","@graph":[{"@type":"WebPage","@id":"https:\/\/socialdesignmagazine.com\/mag\/products-selection\/product\/poltrona-chubby-chic-grigio-chiarogrigio-scuro-diesel-with-moroso\/","url":"https:\/\/socialdesignmagazine.com\/mag\/products-selection\/product\/poltrona-chubby-chic-grigio-chiarogrigio-scuro-diesel-with-moroso\/","name":"Poltrona Chubby chic Grigio chiaro|Grigio scuro Diesel with Moroso - SDM Product Selection","isPartOf":{"@id":"https:\/\/socialdesignmagazine.com\/mag\/products-selection\/#website"},"primaryImageOfPage":{"@id":"https:\/\/socialdesignmagazine.com\/mag\/products-selection\/product\/poltrona-chubby-chic-grigio-chiarogrigio-scuro-diesel-with-moroso\/#primaryimage"},"image":{"@id":"https:\/\/socialdesignmagazine.com\/mag\/products-selection\/product\/poltrona-chubby-chic-grigio-chiarogrigio-scuro-diesel-with-moroso\/#primaryimage"},"thumbnailUrl":"https:\/\/socialdesignmagazine.com\/mag\/products-selection\/wp-content\/uploads\/sites\/2\/2020\/12\/Poltrona-Chubby-chic-Grigio-chiaroGrigio-scuro-Diesel-with-Moroso-Diesel-Creative-Team.jpg","datePublished":"2015-11-24T23:32:49+00:00","dateModified":"2023-05-08T15:46:11+00:00","description":"Questa poltrona \u00e8 un vero e proprio bozzolo dalle forme dolci e accoglienti. La seduta particolarmente ampia permette di sedersi e accoccolarsi in diverse posizioni.","breadcrumb":{"@id":"https:\/\/socialdesignmagazine.com\/mag\/products-selection\/product\/poltrona-chubby-chic-grigio-chiarogrigio-scuro-diesel-with-moroso\/#breadcrumb"},"inLanguage":"it-IT","potentialAction":[{"@type":"ReadAction","target":["https:\/\/socialdesignmagazine.com\/mag\/products-selection\/product\/poltrona-chubby-chic-grigio-chiarogrigio-scuro-diesel-with-moroso\/"]}]},{"@type":"ImageObject","inLanguage":"it-IT","@id":"https:\/\/socialdesignmagazine.com\/mag\/products-selection\/product\/poltrona-chubby-chic-grigio-chiarogrigio-scuro-diesel-with-moroso\/#primaryimage","url":"https:\/\/socialdesignmagazine.com\/mag\/products-selection\/wp-content\/uploads\/sites\/2\/2020\/12\/Poltrona-Chubby-chic-Grigio-chiaroGrigio-scuro-Diesel-with-Moroso-Diesel-Creative-Team.jpg","contentUrl":"https:\/\/socialdesignmagazine.com\/mag\/products-selection\/wp-content\/uploads\/sites\/2\/2020\/12\/Poltrona-Chubby-chic-Grigio-chiaroGrigio-scuro-Diesel-with-Moroso-Diesel-Creative-Team.jpg","width":400,"height":380,"caption":"Poltrona Chubby chic Grigio chiaro|Grigio scuro Diesel with Moroso Diesel Creative Team 1"},{"@type":"BreadcrumbList","@id":"https:\/\/socialdesignmagazine.com\/mag\/products-selection\/product\/poltrona-chubby-chic-grigio-chiarogrigio-scuro-diesel-with-moroso\/#breadcrumb","itemListElement":[{"@type":"ListItem","position":1,"name":"Home","item":"https:\/\/socialdesignmagazine.com\/mag\/products-selection\/"},{"@type":"ListItem","position":2,"name":"Tutti i prodotti","item":"https:\/\/socialdesignmagazine.com\/mag\/products-selection\/tutti-i-prodotti\/"},{"@type":"ListItem","position":3,"name":"Poltrona Chubby chic Grigio chiaro|Grigio scuro Diesel with Moroso"}]},{"@type":"WebSite","@id":"https:\/\/socialdesignmagazine.com\/mag\/products-selection\/#website","url":"https:\/\/socialdesignmagazine.com\/mag\/products-selection\/","name":"SDM Product Selection","description":"Una selezioni di prodotti dei brand pi\u00f9 interessanti per arredare e progettare","publisher":{"@id":"https:\/\/socialdesignmagazine.com\/mag\/products-selection\/#organization"},"potentialAction":[{"@type":"SearchAction","target":{"@type":"EntryPoint","urlTemplate":"https:\/\/socialdesignmagazine.com\/mag\/products-selection\/?s={search_term_string}"},"query-input":{"@type":"PropertyValueSpecification","valueRequired":true,"valueName":"search_term_string"}}],"inLanguage":"it-IT"},{"@type":"Organization","@id":"https:\/\/socialdesignmagazine.com\/mag\/products-selection\/#organization","name":"Social Design Magazine","url":"https:\/\/socialdesignmagazine.com\/mag\/products-selection\/","logo":{"@type":"ImageObject","inLanguage":"it-IT","@id":"https:\/\/socialdesignmagazine.com\/mag\/products-selection\/#\/schema\/logo\/image\/","url":"https:\/\/socialdesignmagazine.com\/mag\/products-selection\/wp-content\/uploads\/sites\/2\/2015\/05\/social-design-magazine-logo.png","contentUrl":"https:\/\/socialdesignmagazine.com\/mag\/products-selection\/wp-content\/uploads\/sites\/2\/2015\/05\/social-design-magazine-logo.png","width":251,"height":101,"caption":"Social Design Magazine"},"image":{"@id":"https:\/\/socialdesignmagazine.com\/mag\/products-selection\/#\/schema\/logo\/image\/"},"sameAs":["https:\/\/www.facebook.com\/socialdesignmag","https:\/\/x.com\/socialdesignmag","http:\/\/instagram.com\/social_design_magazine\/","http:\/\/pinterest.com\/socialdesignmag\/","http:\/\/www.youtube.com\/user\/socialdesignmagazine"]}]}},"jetpack_publicize_connections":[],"jetpack_sharing_enabled":true,"brands":[{"id":1217,"name":"Diesel with Moroso","slug":"diesel-with-moroso"}],"_links":{"self":[{"href":"https:\/\/socialdesignmagazine.com\/mag\/products-selection\/wp-json\/wp\/v2\/product\/35862","targetHints":{"allow":["GET"]}}],"collection":[{"href":"https:\/\/socialdesignmagazine.com\/mag\/products-selection\/wp-json\/wp\/v2\/product"}],"about":[{"href":"https:\/\/socialdesignmagazine.com\/mag\/products-selection\/wp-json\/wp\/v2\/types\/product"}],"wp:featuredmedia":[{"embeddable":true,"href":"https:\/\/socialdesignmagazine.com\/mag\/products-selection\/wp-json\/wp\/v2\/media\/137613"}],"wp:attachment":[{"href":"https:\/\/socialdesignmagazine.com\/mag\/products-selection\/wp-json\/wp\/v2\/media?parent=35862"}],"wp:term":[{"taxonomy":"pwb-brand","embeddable":true,"href":"https:\/\/socialdesignmagazine.com\/mag\/products-selection\/wp-json\/wp\/v2\/pwb-brand?post=35862"},{"taxonomy":"product_brand","embeddable":true,"href":"https:\/\/socialdesignmagazine.com\/mag\/products-selection\/wp-json\/wp\/v2\/product_brand?post=35862"},{"taxonomy":"product_cat","embeddable":true,"href":"https:\/\/socialdesignmagazine.com\/mag\/products-selection\/wp-json\/wp\/v2\/product_cat?post=35862"},{"taxonomy":"product_tag","embeddable":true,"href":"https:\/\/socialdesignmagazine.com\/mag\/products-selection\/wp-json\/wp\/v2\/product_tag?post=35862"}],"curies":[{"name":"wp","href":"https:\/\/api.w.org\/{rel}","templated":true}]}}