{"id":35870,"date":"2015-11-25T00:32:55","date_gmt":"2015-11-24T23:32:55","guid":{"rendered":"https:\/\/socialdesignmagazine.com\/mag\/products-selection\/?post_type=product&#038;p=35870"},"modified":"2023-05-08T17:46:16","modified_gmt":"2023-05-08T15:46:16","slug":"specchio-my-moon-diesel-with-moroso","status":"publish","type":"product","link":"https:\/\/socialdesignmagazine.com\/mag\/products-selection\/product\/specchio-my-moon-diesel-with-moroso\/","title":{"rendered":"Specchio My moon  Diesel with Moroso"},"content":{"rendered":"<p>La famosa marca italiana di pr\u00eat-\u00e0-porter Diesel investe i nostri interni con la collezione di arredamento Successful Living! Legno verniciato stile denim, pelle borchiata nera, console da studio di registazione rivisitato, tavolino basso stile giradischi da DJ&#8230; Un universo rock, industriale e vintage per uno stile casual e originale! Successful Living \u00e8 la prima collezione di mobili firmata Diesel in associazione con Moroso, l&#8217;editore pi\u00f9 rispettato nel mondo del design. Questa collezione associa la grande creativit\u00e0 del Diesel Creative Team alla qualit\u00e0 di produzione di Moroso. Ispirato al mondo underground della musica e dell&#8217;universo urbano, Successful living rivoluziona l&#8217;universo del mobile! Questa collezione gioca con le tendenze della moda e riflette perfettamente lo stile Diesel: uno stile anticonformista, ironico e creativo. Realizzato in vetro temperato argentato e serigrafato con stampa fotografica, questo bello specchio \u00abluna\u00bb ser\u00e0 sicuramente un oggetto importante nel vostro arredo! Amirate la vostra immagine con la luna in tela che fa da sfondo e lasciate spazio alla vostra immaginazione per farvi portare verso le stelle&#8230; Di grandissime dimensioni (\u00d8 100 cm), My Moon My Mirror sapr\u00e0 sorprendere i vostri ospiti. Luna serigrafata sulla superficie dello specchio<\/p>\n","protected":false},"excerpt":{"rendered":"<p>Realizzato in vetro temperato argentato e serigrafato con stampa fotografica, questo bello specchio \u00abluna\u00bb ser\u00e0 sicuramente un oggetto importante nel vostro arredo!<\/p>\n","protected":false},"featured_media":137617,"template":"","meta":{"_acf_changed":false,"jetpack_post_was_ever_published":false,"jetpack_publicize_message":"","jetpack_publicize_feature_enabled":true,"jetpack_social_post_already_shared":false,"jetpack_social_options":{"image_generator_settings":{"template":"highway","default_image_id":0,"font":"","enabled":false},"version":2}},"pwb-brand":[1217],"product_brand":[260],"product_cat":[304,607,810,351],"product_tag":[352],"class_list":{"0":"post-35870","1":"product","2":"type-product","3":"status-publish","4":"has-post-thumbnail","6":"pwb-brand-diesel-with-moroso","7":"product_brand-diesel-with-moroso","8":"product_cat-decor","9":"product_cat-designers","10":"product_cat-diesel-creative-team","11":"product_cat-specchio","12":"product_tag-specchio","13":"pa_designer-diesel-creative-team","14":"pa_materiale-vetro","15":"pa_produttore-diesel-with-moroso","16":"pa_tipo-di-prodotto-specchio","18":"first","19":"instock","20":"product-type-external"},"acf":[],"yoast_head":"<!-- This site is optimized with the Yoast SEO plugin v27.2 - https:\/\/yoast.com\/product\/yoast-seo-wordpress\/ -->\n<title>Specchio My moon Diesel with Moroso - SDM Product Selection<\/title>\n<meta name=\"description\" content=\"Realizzato in vetro temperato argentato e serigrafato con stampa fotografica, questo bello specchio \u00abluna\u00bb ser\u00e0 sicuramente un oggetto importante nel vostro arredo!\" \/>\n<meta name=\"robots\" content=\"index, follow, max-snippet:-1, max-image-preview:large, max-video-preview:-1\" \/>\n<link rel=\"canonical\" href=\"https:\/\/socialdesignmagazine.com\/mag\/products-selection\/product\/specchio-my-moon-diesel-with-moroso\/\" \/>\n<meta property=\"og:locale\" content=\"it_IT\" \/>\n<meta property=\"og:type\" content=\"article\" \/>\n<meta property=\"og:title\" content=\"Specchio My moon Diesel with Moroso - SDM Product Selection\" \/>\n<meta property=\"og:description\" content=\"Realizzato in vetro temperato argentato e serigrafato con stampa fotografica, questo bello specchio \u00abluna\u00bb ser\u00e0 sicuramente un oggetto importante nel vostro arredo!\" \/>\n<meta property=\"og:url\" content=\"https:\/\/socialdesignmagazine.com\/mag\/products-selection\/product\/specchio-my-moon-diesel-with-moroso\/\" \/>\n<meta property=\"og:site_name\" content=\"SDM Product Selection\" \/>\n<meta property=\"article:publisher\" content=\"https:\/\/www.facebook.com\/socialdesignmag\" \/>\n<meta property=\"article:modified_time\" content=\"2023-05-08T15:46:16+00:00\" \/>\n<meta property=\"og:image\" content=\"https:\/\/socialdesignmagazine.com\/mag\/products-selection\/wp-content\/uploads\/sites\/2\/2020\/12\/Specchio-My-moon-Diesel-with-Moroso-Diesel-Creative-Team.jpg\" \/>\n\t<meta property=\"og:image:width\" content=\"398\" \/>\n\t<meta property=\"og:image:height\" content=\"400\" \/>\n\t<meta property=\"og:image:type\" content=\"image\/jpeg\" \/>\n<meta name=\"twitter:card\" content=\"summary_large_image\" \/>\n<meta name=\"twitter:site\" content=\"@socialdesignmag\" \/>\n<meta name=\"twitter:label1\" content=\"Tempo di lettura stimato\" \/>\n\t<meta name=\"twitter:data1\" content=\"1 minuto\" \/>\n<script type=\"application\/ld+json\" class=\"yoast-schema-graph\">{\"@context\":\"https:\/\/schema.org\",\"@graph\":[{\"@type\":\"WebPage\",\"@id\":\"https:\/\/socialdesignmagazine.com\/mag\/products-selection\/product\/specchio-my-moon-diesel-with-moroso\/\",\"url\":\"https:\/\/socialdesignmagazine.com\/mag\/products-selection\/product\/specchio-my-moon-diesel-with-moroso\/\",\"name\":\"Specchio My moon Diesel with Moroso - SDM Product Selection\",\"isPartOf\":{\"@id\":\"https:\/\/socialdesignmagazine.com\/mag\/products-selection\/#website\"},\"primaryImageOfPage\":{\"@id\":\"https:\/\/socialdesignmagazine.com\/mag\/products-selection\/product\/specchio-my-moon-diesel-with-moroso\/#primaryimage\"},\"image\":{\"@id\":\"https:\/\/socialdesignmagazine.com\/mag\/products-selection\/product\/specchio-my-moon-diesel-with-moroso\/#primaryimage\"},\"thumbnailUrl\":\"https:\/\/socialdesignmagazine.com\/mag\/products-selection\/wp-content\/uploads\/sites\/2\/2020\/12\/Specchio-My-moon-Diesel-with-Moroso-Diesel-Creative-Team.jpg\",\"datePublished\":\"2015-11-24T23:32:55+00:00\",\"dateModified\":\"2023-05-08T15:46:16+00:00\",\"description\":\"Realizzato in vetro temperato argentato e serigrafato con stampa fotografica, questo bello specchio \u00abluna\u00bb ser\u00e0 sicuramente un oggetto importante nel vostro arredo!\",\"breadcrumb\":{\"@id\":\"https:\/\/socialdesignmagazine.com\/mag\/products-selection\/product\/specchio-my-moon-diesel-with-moroso\/#breadcrumb\"},\"inLanguage\":\"it-IT\",\"potentialAction\":[{\"@type\":\"ReadAction\",\"target\":[\"https:\/\/socialdesignmagazine.com\/mag\/products-selection\/product\/specchio-my-moon-diesel-with-moroso\/\"]}]},{\"@type\":\"ImageObject\",\"inLanguage\":\"it-IT\",\"@id\":\"https:\/\/socialdesignmagazine.com\/mag\/products-selection\/product\/specchio-my-moon-diesel-with-moroso\/#primaryimage\",\"url\":\"https:\/\/socialdesignmagazine.com\/mag\/products-selection\/wp-content\/uploads\/sites\/2\/2020\/12\/Specchio-My-moon-Diesel-with-Moroso-Diesel-Creative-Team.jpg\",\"contentUrl\":\"https:\/\/socialdesignmagazine.com\/mag\/products-selection\/wp-content\/uploads\/sites\/2\/2020\/12\/Specchio-My-moon-Diesel-with-Moroso-Diesel-Creative-Team.jpg\",\"width\":398,\"height\":400,\"caption\":\"Specchio My moon Diesel with Moroso Diesel Creative Team 1\"},{\"@type\":\"BreadcrumbList\",\"@id\":\"https:\/\/socialdesignmagazine.com\/mag\/products-selection\/product\/specchio-my-moon-diesel-with-moroso\/#breadcrumb\",\"itemListElement\":[{\"@type\":\"ListItem\",\"position\":1,\"name\":\"Home\",\"item\":\"https:\/\/socialdesignmagazine.com\/mag\/products-selection\/\"},{\"@type\":\"ListItem\",\"position\":2,\"name\":\"Tutti i prodotti\",\"item\":\"https:\/\/socialdesignmagazine.com\/mag\/products-selection\/tutti-i-prodotti\/\"},{\"@type\":\"ListItem\",\"position\":3,\"name\":\"Specchio My moon Diesel with Moroso\"}]},{\"@type\":\"WebSite\",\"@id\":\"https:\/\/socialdesignmagazine.com\/mag\/products-selection\/#website\",\"url\":\"https:\/\/socialdesignmagazine.com\/mag\/products-selection\/\",\"name\":\"SDM Product Selection\",\"description\":\"Una selezioni di prodotti dei brand pi\u00f9 interessanti per arredare e progettare\",\"publisher\":{\"@id\":\"https:\/\/socialdesignmagazine.com\/mag\/products-selection\/#organization\"},\"potentialAction\":[{\"@type\":\"SearchAction\",\"target\":{\"@type\":\"EntryPoint\",\"urlTemplate\":\"https:\/\/socialdesignmagazine.com\/mag\/products-selection\/?s={search_term_string}\"},\"query-input\":{\"@type\":\"PropertyValueSpecification\",\"valueRequired\":true,\"valueName\":\"search_term_string\"}}],\"inLanguage\":\"it-IT\"},{\"@type\":\"Organization\",\"@id\":\"https:\/\/socialdesignmagazine.com\/mag\/products-selection\/#organization\",\"name\":\"Social Design Magazine\",\"url\":\"https:\/\/socialdesignmagazine.com\/mag\/products-selection\/\",\"logo\":{\"@type\":\"ImageObject\",\"inLanguage\":\"it-IT\",\"@id\":\"https:\/\/socialdesignmagazine.com\/mag\/products-selection\/#\/schema\/logo\/image\/\",\"url\":\"https:\/\/socialdesignmagazine.com\/mag\/products-selection\/wp-content\/uploads\/sites\/2\/2015\/05\/social-design-magazine-logo.png\",\"contentUrl\":\"https:\/\/socialdesignmagazine.com\/mag\/products-selection\/wp-content\/uploads\/sites\/2\/2015\/05\/social-design-magazine-logo.png\",\"width\":251,\"height\":101,\"caption\":\"Social Design Magazine\"},\"image\":{\"@id\":\"https:\/\/socialdesignmagazine.com\/mag\/products-selection\/#\/schema\/logo\/image\/\"},\"sameAs\":[\"https:\/\/www.facebook.com\/socialdesignmag\",\"https:\/\/x.com\/socialdesignmag\",\"http:\/\/instagram.com\/social_design_magazine\/\",\"http:\/\/pinterest.com\/socialdesignmag\/\",\"http:\/\/www.youtube.com\/user\/socialdesignmagazine\"]}]}<\/script>\n<!-- \/ Yoast SEO plugin. -->","yoast_head_json":{"title":"Specchio My moon Diesel with Moroso - SDM Product Selection","description":"Realizzato in vetro temperato argentato e serigrafato con stampa fotografica, questo bello specchio \u00abluna\u00bb ser\u00e0 sicuramente un oggetto importante nel vostro arredo!","robots":{"index":"index","follow":"follow","max-snippet":"max-snippet:-1","max-image-preview":"max-image-preview:large","max-video-preview":"max-video-preview:-1"},"canonical":"https:\/\/socialdesignmagazine.com\/mag\/products-selection\/product\/specchio-my-moon-diesel-with-moroso\/","og_locale":"it_IT","og_type":"article","og_title":"Specchio My moon Diesel with Moroso - SDM Product Selection","og_description":"Realizzato in vetro temperato argentato e serigrafato con stampa fotografica, questo bello specchio \u00abluna\u00bb ser\u00e0 sicuramente un oggetto importante nel vostro arredo!","og_url":"https:\/\/socialdesignmagazine.com\/mag\/products-selection\/product\/specchio-my-moon-diesel-with-moroso\/","og_site_name":"SDM Product Selection","article_publisher":"https:\/\/www.facebook.com\/socialdesignmag","article_modified_time":"2023-05-08T15:46:16+00:00","og_image":[{"width":398,"height":400,"url":"https:\/\/socialdesignmagazine.com\/mag\/products-selection\/wp-content\/uploads\/sites\/2\/2020\/12\/Specchio-My-moon-Diesel-with-Moroso-Diesel-Creative-Team.jpg","type":"image\/jpeg"}],"twitter_card":"summary_large_image","twitter_site":"@socialdesignmag","twitter_misc":{"Tempo di lettura stimato":"1 minuto"},"schema":{"@context":"https:\/\/schema.org","@graph":[{"@type":"WebPage","@id":"https:\/\/socialdesignmagazine.com\/mag\/products-selection\/product\/specchio-my-moon-diesel-with-moroso\/","url":"https:\/\/socialdesignmagazine.com\/mag\/products-selection\/product\/specchio-my-moon-diesel-with-moroso\/","name":"Specchio My moon Diesel with Moroso - SDM Product Selection","isPartOf":{"@id":"https:\/\/socialdesignmagazine.com\/mag\/products-selection\/#website"},"primaryImageOfPage":{"@id":"https:\/\/socialdesignmagazine.com\/mag\/products-selection\/product\/specchio-my-moon-diesel-with-moroso\/#primaryimage"},"image":{"@id":"https:\/\/socialdesignmagazine.com\/mag\/products-selection\/product\/specchio-my-moon-diesel-with-moroso\/#primaryimage"},"thumbnailUrl":"https:\/\/socialdesignmagazine.com\/mag\/products-selection\/wp-content\/uploads\/sites\/2\/2020\/12\/Specchio-My-moon-Diesel-with-Moroso-Diesel-Creative-Team.jpg","datePublished":"2015-11-24T23:32:55+00:00","dateModified":"2023-05-08T15:46:16+00:00","description":"Realizzato in vetro temperato argentato e serigrafato con stampa fotografica, questo bello specchio \u00abluna\u00bb ser\u00e0 sicuramente un oggetto importante nel vostro arredo!","breadcrumb":{"@id":"https:\/\/socialdesignmagazine.com\/mag\/products-selection\/product\/specchio-my-moon-diesel-with-moroso\/#breadcrumb"},"inLanguage":"it-IT","potentialAction":[{"@type":"ReadAction","target":["https:\/\/socialdesignmagazine.com\/mag\/products-selection\/product\/specchio-my-moon-diesel-with-moroso\/"]}]},{"@type":"ImageObject","inLanguage":"it-IT","@id":"https:\/\/socialdesignmagazine.com\/mag\/products-selection\/product\/specchio-my-moon-diesel-with-moroso\/#primaryimage","url":"https:\/\/socialdesignmagazine.com\/mag\/products-selection\/wp-content\/uploads\/sites\/2\/2020\/12\/Specchio-My-moon-Diesel-with-Moroso-Diesel-Creative-Team.jpg","contentUrl":"https:\/\/socialdesignmagazine.com\/mag\/products-selection\/wp-content\/uploads\/sites\/2\/2020\/12\/Specchio-My-moon-Diesel-with-Moroso-Diesel-Creative-Team.jpg","width":398,"height":400,"caption":"Specchio My moon Diesel with Moroso Diesel Creative Team 1"},{"@type":"BreadcrumbList","@id":"https:\/\/socialdesignmagazine.com\/mag\/products-selection\/product\/specchio-my-moon-diesel-with-moroso\/#breadcrumb","itemListElement":[{"@type":"ListItem","position":1,"name":"Home","item":"https:\/\/socialdesignmagazine.com\/mag\/products-selection\/"},{"@type":"ListItem","position":2,"name":"Tutti i prodotti","item":"https:\/\/socialdesignmagazine.com\/mag\/products-selection\/tutti-i-prodotti\/"},{"@type":"ListItem","position":3,"name":"Specchio My moon Diesel with Moroso"}]},{"@type":"WebSite","@id":"https:\/\/socialdesignmagazine.com\/mag\/products-selection\/#website","url":"https:\/\/socialdesignmagazine.com\/mag\/products-selection\/","name":"SDM Product Selection","description":"Una selezioni di prodotti dei brand pi\u00f9 interessanti per arredare e progettare","publisher":{"@id":"https:\/\/socialdesignmagazine.com\/mag\/products-selection\/#organization"},"potentialAction":[{"@type":"SearchAction","target":{"@type":"EntryPoint","urlTemplate":"https:\/\/socialdesignmagazine.com\/mag\/products-selection\/?s={search_term_string}"},"query-input":{"@type":"PropertyValueSpecification","valueRequired":true,"valueName":"search_term_string"}}],"inLanguage":"it-IT"},{"@type":"Organization","@id":"https:\/\/socialdesignmagazine.com\/mag\/products-selection\/#organization","name":"Social Design Magazine","url":"https:\/\/socialdesignmagazine.com\/mag\/products-selection\/","logo":{"@type":"ImageObject","inLanguage":"it-IT","@id":"https:\/\/socialdesignmagazine.com\/mag\/products-selection\/#\/schema\/logo\/image\/","url":"https:\/\/socialdesignmagazine.com\/mag\/products-selection\/wp-content\/uploads\/sites\/2\/2015\/05\/social-design-magazine-logo.png","contentUrl":"https:\/\/socialdesignmagazine.com\/mag\/products-selection\/wp-content\/uploads\/sites\/2\/2015\/05\/social-design-magazine-logo.png","width":251,"height":101,"caption":"Social Design Magazine"},"image":{"@id":"https:\/\/socialdesignmagazine.com\/mag\/products-selection\/#\/schema\/logo\/image\/"},"sameAs":["https:\/\/www.facebook.com\/socialdesignmag","https:\/\/x.com\/socialdesignmag","http:\/\/instagram.com\/social_design_magazine\/","http:\/\/pinterest.com\/socialdesignmag\/","http:\/\/www.youtube.com\/user\/socialdesignmagazine"]}]}},"jetpack_publicize_connections":[],"jetpack_sharing_enabled":true,"brands":[{"id":1217,"name":"Diesel with Moroso","slug":"diesel-with-moroso"}],"_links":{"self":[{"href":"https:\/\/socialdesignmagazine.com\/mag\/products-selection\/wp-json\/wp\/v2\/product\/35870","targetHints":{"allow":["GET"]}}],"collection":[{"href":"https:\/\/socialdesignmagazine.com\/mag\/products-selection\/wp-json\/wp\/v2\/product"}],"about":[{"href":"https:\/\/socialdesignmagazine.com\/mag\/products-selection\/wp-json\/wp\/v2\/types\/product"}],"wp:featuredmedia":[{"embeddable":true,"href":"https:\/\/socialdesignmagazine.com\/mag\/products-selection\/wp-json\/wp\/v2\/media\/137617"}],"wp:attachment":[{"href":"https:\/\/socialdesignmagazine.com\/mag\/products-selection\/wp-json\/wp\/v2\/media?parent=35870"}],"wp:term":[{"taxonomy":"pwb-brand","embeddable":true,"href":"https:\/\/socialdesignmagazine.com\/mag\/products-selection\/wp-json\/wp\/v2\/pwb-brand?post=35870"},{"taxonomy":"product_brand","embeddable":true,"href":"https:\/\/socialdesignmagazine.com\/mag\/products-selection\/wp-json\/wp\/v2\/product_brand?post=35870"},{"taxonomy":"product_cat","embeddable":true,"href":"https:\/\/socialdesignmagazine.com\/mag\/products-selection\/wp-json\/wp\/v2\/product_cat?post=35870"},{"taxonomy":"product_tag","embeddable":true,"href":"https:\/\/socialdesignmagazine.com\/mag\/products-selection\/wp-json\/wp\/v2\/product_tag?post=35870"}],"curies":[{"name":"wp","href":"https:\/\/api.w.org\/{rel}","templated":true}]}}