{"id":35874,"date":"2015-11-25T00:32:55","date_gmt":"2015-11-24T23:32:55","guid":{"rendered":"https:\/\/socialdesignmagazine.com\/mag\/products-selection\/?post_type=product&#038;p=35874"},"modified":"2023-05-08T17:46:17","modified_gmt":"2023-05-08T15:46:17","slug":"credenza-perf-verde-diesel-with-moroso","status":"publish","type":"product","link":"https:\/\/socialdesignmagazine.com\/mag\/products-selection\/product\/credenza-perf-verde-diesel-with-moroso\/","title":{"rendered":"Credenza Perf Verde Diesel with Moroso"},"content":{"rendered":"<p>Ecco un mobiletto in acciaio che rappresenta l&#8217;incarnazione contemporanea dello stile industriale di una volta! Solida e allo stesso tempo leggera, questa credenza mescola il metallo grezzo a dei dettagli eleganti, come i fori sugli sportelli e il listino di apertura rosso acceso. Adoriamo l&#8217;effetto grafico moderno di questa linea colorata lungo l&#8217;apertura degli sportelli. Perf ha due porticine: all&#8217;interno, c&#8217;\u00e8 un ripiano che si estende su tutta la lunghezza sul mobile e offre un ampio spazio per riporre oggetti. La credenza \u00e8 perfetta per diversi tipi di utilizzo: pu\u00f2 fungere da mobiletto del salone, della cucina o dell&#8217;entrata, o da mobile per un ufficio o una camera da letto. La famosa marca di pr\u00eat \u00e0 porter Diesel arriva finalmente nelle vostre case con questa incredibile collezione di prodotti dallo spirito rock, industriale e unico nel suo genere. Questa collezione combina la creativit\u00e0 della Diesel Creative Team alla qualit\u00e0 della fabbricazione italiana Moroso. La collezione Successful Living \u00e8 ispirata al mondo underground della musica e all&#8217;universo urbano ed esprime perfettamente lo spirito Diesel: anticonformista, ironico e creativo. 2 sportelli &#8211; 1 ripiano<\/p>\n","protected":false},"excerpt":{"rendered":"<p>La credenza \u00e8 perfetta per diversi tipi di utilizzo: pu\u00f2 fungere da mobiletto del salone, della cucina o dell&#8217;entrata, o da mobile per un ufficio o una camera da letto.<\/p>\n","protected":false},"featured_media":137619,"template":"","meta":{"_acf_changed":false,"jetpack_post_was_ever_published":false,"jetpack_publicize_message":"","jetpack_publicize_feature_enabled":true,"jetpack_social_post_already_shared":false,"jetpack_social_options":{"image_generator_settings":{"template":"highway","default_image_id":0,"font":"","enabled":false},"version":2}},"pwb-brand":[1217],"product_brand":[260],"product_cat":[337,358,607,810],"product_tag":[359],"class_list":{"0":"post-35874","1":"product","2":"type-product","3":"status-publish","4":"has-post-thumbnail","6":"pwb-brand-diesel-with-moroso","7":"product_brand-diesel-with-moroso","8":"product_cat-arredamento","9":"product_cat-credenza","10":"product_cat-designers","11":"product_cat-diesel-creative-team","12":"product_tag-credenza","13":"pa_colore-verde","14":"pa_designer-diesel-creative-team","15":"pa_materiale-metallo","16":"pa_produttore-diesel-with-moroso","17":"pa_tipo-di-prodotto-credenza","19":"first","20":"instock","21":"product-type-external"},"acf":[],"yoast_head":"<!-- This site is optimized with the Yoast SEO plugin v27.2 - https:\/\/yoast.com\/product\/yoast-seo-wordpress\/ -->\n<title>Credenza Perf Verde Diesel with Moroso - SDM Product Selection<\/title>\n<meta name=\"description\" content=\"La credenza \u00e8 perfetta per diversi tipi di utilizzo: pu\u00f2 fungere da mobiletto del salone, della cucina o dell&#039;entrata, o da mobile per un ufficio o una camera da letto.\" \/>\n<meta name=\"robots\" content=\"index, follow, max-snippet:-1, max-image-preview:large, max-video-preview:-1\" \/>\n<link rel=\"canonical\" href=\"https:\/\/socialdesignmagazine.com\/mag\/products-selection\/product\/credenza-perf-verde-diesel-with-moroso\/\" \/>\n<meta property=\"og:locale\" content=\"it_IT\" \/>\n<meta property=\"og:type\" content=\"article\" \/>\n<meta property=\"og:title\" content=\"Credenza Perf Verde Diesel with Moroso - SDM Product Selection\" \/>\n<meta property=\"og:description\" content=\"La credenza \u00e8 perfetta per diversi tipi di utilizzo: pu\u00f2 fungere da mobiletto del salone, della cucina o dell&#039;entrata, o da mobile per un ufficio o una camera da letto.\" \/>\n<meta property=\"og:url\" content=\"https:\/\/socialdesignmagazine.com\/mag\/products-selection\/product\/credenza-perf-verde-diesel-with-moroso\/\" \/>\n<meta property=\"og:site_name\" content=\"SDM Product Selection\" \/>\n<meta property=\"article:publisher\" content=\"https:\/\/www.facebook.com\/socialdesignmag\" \/>\n<meta property=\"article:modified_time\" content=\"2023-05-08T15:46:17+00:00\" \/>\n<meta property=\"og:image\" content=\"https:\/\/socialdesignmagazine.com\/mag\/products-selection\/wp-content\/uploads\/sites\/2\/2020\/12\/Credenza-Perf-Verde-Diesel-with-Moroso-Diesel-Creative-Team.jpg\" \/>\n\t<meta property=\"og:image:width\" content=\"400\" \/>\n\t<meta property=\"og:image:height\" content=\"187\" \/>\n\t<meta property=\"og:image:type\" content=\"image\/jpeg\" \/>\n<meta name=\"twitter:card\" content=\"summary_large_image\" \/>\n<meta name=\"twitter:site\" content=\"@socialdesignmag\" \/>\n<meta name=\"twitter:label1\" content=\"Tempo di lettura stimato\" \/>\n\t<meta name=\"twitter:data1\" content=\"1 minuto\" \/>\n<script type=\"application\/ld+json\" class=\"yoast-schema-graph\">{\"@context\":\"https:\/\/schema.org\",\"@graph\":[{\"@type\":\"WebPage\",\"@id\":\"https:\/\/socialdesignmagazine.com\/mag\/products-selection\/product\/credenza-perf-verde-diesel-with-moroso\/\",\"url\":\"https:\/\/socialdesignmagazine.com\/mag\/products-selection\/product\/credenza-perf-verde-diesel-with-moroso\/\",\"name\":\"Credenza Perf Verde Diesel with Moroso - SDM Product Selection\",\"isPartOf\":{\"@id\":\"https:\/\/socialdesignmagazine.com\/mag\/products-selection\/#website\"},\"primaryImageOfPage\":{\"@id\":\"https:\/\/socialdesignmagazine.com\/mag\/products-selection\/product\/credenza-perf-verde-diesel-with-moroso\/#primaryimage\"},\"image\":{\"@id\":\"https:\/\/socialdesignmagazine.com\/mag\/products-selection\/product\/credenza-perf-verde-diesel-with-moroso\/#primaryimage\"},\"thumbnailUrl\":\"https:\/\/socialdesignmagazine.com\/mag\/products-selection\/wp-content\/uploads\/sites\/2\/2020\/12\/Credenza-Perf-Verde-Diesel-with-Moroso-Diesel-Creative-Team.jpg\",\"datePublished\":\"2015-11-24T23:32:55+00:00\",\"dateModified\":\"2023-05-08T15:46:17+00:00\",\"description\":\"La credenza \u00e8 perfetta per diversi tipi di utilizzo: pu\u00f2 fungere da mobiletto del salone, della cucina o dell'entrata, o da mobile per un ufficio o una camera da letto.\",\"breadcrumb\":{\"@id\":\"https:\/\/socialdesignmagazine.com\/mag\/products-selection\/product\/credenza-perf-verde-diesel-with-moroso\/#breadcrumb\"},\"inLanguage\":\"it-IT\",\"potentialAction\":[{\"@type\":\"ReadAction\",\"target\":[\"https:\/\/socialdesignmagazine.com\/mag\/products-selection\/product\/credenza-perf-verde-diesel-with-moroso\/\"]}]},{\"@type\":\"ImageObject\",\"inLanguage\":\"it-IT\",\"@id\":\"https:\/\/socialdesignmagazine.com\/mag\/products-selection\/product\/credenza-perf-verde-diesel-with-moroso\/#primaryimage\",\"url\":\"https:\/\/socialdesignmagazine.com\/mag\/products-selection\/wp-content\/uploads\/sites\/2\/2020\/12\/Credenza-Perf-Verde-Diesel-with-Moroso-Diesel-Creative-Team.jpg\",\"contentUrl\":\"https:\/\/socialdesignmagazine.com\/mag\/products-selection\/wp-content\/uploads\/sites\/2\/2020\/12\/Credenza-Perf-Verde-Diesel-with-Moroso-Diesel-Creative-Team.jpg\",\"width\":400,\"height\":187,\"caption\":\"Credenza Perf Verde Diesel with Moroso Diesel Creative Team 1\"},{\"@type\":\"BreadcrumbList\",\"@id\":\"https:\/\/socialdesignmagazine.com\/mag\/products-selection\/product\/credenza-perf-verde-diesel-with-moroso\/#breadcrumb\",\"itemListElement\":[{\"@type\":\"ListItem\",\"position\":1,\"name\":\"Home\",\"item\":\"https:\/\/socialdesignmagazine.com\/mag\/products-selection\/\"},{\"@type\":\"ListItem\",\"position\":2,\"name\":\"Tutti i prodotti\",\"item\":\"https:\/\/socialdesignmagazine.com\/mag\/products-selection\/tutti-i-prodotti\/\"},{\"@type\":\"ListItem\",\"position\":3,\"name\":\"Credenza Perf Verde Diesel with Moroso\"}]},{\"@type\":\"WebSite\",\"@id\":\"https:\/\/socialdesignmagazine.com\/mag\/products-selection\/#website\",\"url\":\"https:\/\/socialdesignmagazine.com\/mag\/products-selection\/\",\"name\":\"SDM Product Selection\",\"description\":\"Una selezioni di prodotti dei brand pi\u00f9 interessanti per arredare e progettare\",\"publisher\":{\"@id\":\"https:\/\/socialdesignmagazine.com\/mag\/products-selection\/#organization\"},\"potentialAction\":[{\"@type\":\"SearchAction\",\"target\":{\"@type\":\"EntryPoint\",\"urlTemplate\":\"https:\/\/socialdesignmagazine.com\/mag\/products-selection\/?s={search_term_string}\"},\"query-input\":{\"@type\":\"PropertyValueSpecification\",\"valueRequired\":true,\"valueName\":\"search_term_string\"}}],\"inLanguage\":\"it-IT\"},{\"@type\":\"Organization\",\"@id\":\"https:\/\/socialdesignmagazine.com\/mag\/products-selection\/#organization\",\"name\":\"Social Design Magazine\",\"url\":\"https:\/\/socialdesignmagazine.com\/mag\/products-selection\/\",\"logo\":{\"@type\":\"ImageObject\",\"inLanguage\":\"it-IT\",\"@id\":\"https:\/\/socialdesignmagazine.com\/mag\/products-selection\/#\/schema\/logo\/image\/\",\"url\":\"https:\/\/socialdesignmagazine.com\/mag\/products-selection\/wp-content\/uploads\/sites\/2\/2015\/05\/social-design-magazine-logo.png\",\"contentUrl\":\"https:\/\/socialdesignmagazine.com\/mag\/products-selection\/wp-content\/uploads\/sites\/2\/2015\/05\/social-design-magazine-logo.png\",\"width\":251,\"height\":101,\"caption\":\"Social Design Magazine\"},\"image\":{\"@id\":\"https:\/\/socialdesignmagazine.com\/mag\/products-selection\/#\/schema\/logo\/image\/\"},\"sameAs\":[\"https:\/\/www.facebook.com\/socialdesignmag\",\"https:\/\/x.com\/socialdesignmag\",\"http:\/\/instagram.com\/social_design_magazine\/\",\"http:\/\/pinterest.com\/socialdesignmag\/\",\"http:\/\/www.youtube.com\/user\/socialdesignmagazine\"]}]}<\/script>\n<!-- \/ Yoast SEO plugin. -->","yoast_head_json":{"title":"Credenza Perf Verde Diesel with Moroso - SDM Product Selection","description":"La credenza \u00e8 perfetta per diversi tipi di utilizzo: pu\u00f2 fungere da mobiletto del salone, della cucina o dell'entrata, o da mobile per un ufficio o una camera da letto.","robots":{"index":"index","follow":"follow","max-snippet":"max-snippet:-1","max-image-preview":"max-image-preview:large","max-video-preview":"max-video-preview:-1"},"canonical":"https:\/\/socialdesignmagazine.com\/mag\/products-selection\/product\/credenza-perf-verde-diesel-with-moroso\/","og_locale":"it_IT","og_type":"article","og_title":"Credenza Perf Verde Diesel with Moroso - SDM Product Selection","og_description":"La credenza \u00e8 perfetta per diversi tipi di utilizzo: pu\u00f2 fungere da mobiletto del salone, della cucina o dell'entrata, o da mobile per un ufficio o una camera da letto.","og_url":"https:\/\/socialdesignmagazine.com\/mag\/products-selection\/product\/credenza-perf-verde-diesel-with-moroso\/","og_site_name":"SDM Product Selection","article_publisher":"https:\/\/www.facebook.com\/socialdesignmag","article_modified_time":"2023-05-08T15:46:17+00:00","og_image":[{"width":400,"height":187,"url":"https:\/\/socialdesignmagazine.com\/mag\/products-selection\/wp-content\/uploads\/sites\/2\/2020\/12\/Credenza-Perf-Verde-Diesel-with-Moroso-Diesel-Creative-Team.jpg","type":"image\/jpeg"}],"twitter_card":"summary_large_image","twitter_site":"@socialdesignmag","twitter_misc":{"Tempo di lettura stimato":"1 minuto"},"schema":{"@context":"https:\/\/schema.org","@graph":[{"@type":"WebPage","@id":"https:\/\/socialdesignmagazine.com\/mag\/products-selection\/product\/credenza-perf-verde-diesel-with-moroso\/","url":"https:\/\/socialdesignmagazine.com\/mag\/products-selection\/product\/credenza-perf-verde-diesel-with-moroso\/","name":"Credenza Perf Verde Diesel with Moroso - SDM Product Selection","isPartOf":{"@id":"https:\/\/socialdesignmagazine.com\/mag\/products-selection\/#website"},"primaryImageOfPage":{"@id":"https:\/\/socialdesignmagazine.com\/mag\/products-selection\/product\/credenza-perf-verde-diesel-with-moroso\/#primaryimage"},"image":{"@id":"https:\/\/socialdesignmagazine.com\/mag\/products-selection\/product\/credenza-perf-verde-diesel-with-moroso\/#primaryimage"},"thumbnailUrl":"https:\/\/socialdesignmagazine.com\/mag\/products-selection\/wp-content\/uploads\/sites\/2\/2020\/12\/Credenza-Perf-Verde-Diesel-with-Moroso-Diesel-Creative-Team.jpg","datePublished":"2015-11-24T23:32:55+00:00","dateModified":"2023-05-08T15:46:17+00:00","description":"La credenza \u00e8 perfetta per diversi tipi di utilizzo: pu\u00f2 fungere da mobiletto del salone, della cucina o dell'entrata, o da mobile per un ufficio o una camera da letto.","breadcrumb":{"@id":"https:\/\/socialdesignmagazine.com\/mag\/products-selection\/product\/credenza-perf-verde-diesel-with-moroso\/#breadcrumb"},"inLanguage":"it-IT","potentialAction":[{"@type":"ReadAction","target":["https:\/\/socialdesignmagazine.com\/mag\/products-selection\/product\/credenza-perf-verde-diesel-with-moroso\/"]}]},{"@type":"ImageObject","inLanguage":"it-IT","@id":"https:\/\/socialdesignmagazine.com\/mag\/products-selection\/product\/credenza-perf-verde-diesel-with-moroso\/#primaryimage","url":"https:\/\/socialdesignmagazine.com\/mag\/products-selection\/wp-content\/uploads\/sites\/2\/2020\/12\/Credenza-Perf-Verde-Diesel-with-Moroso-Diesel-Creative-Team.jpg","contentUrl":"https:\/\/socialdesignmagazine.com\/mag\/products-selection\/wp-content\/uploads\/sites\/2\/2020\/12\/Credenza-Perf-Verde-Diesel-with-Moroso-Diesel-Creative-Team.jpg","width":400,"height":187,"caption":"Credenza Perf Verde Diesel with Moroso Diesel Creative Team 1"},{"@type":"BreadcrumbList","@id":"https:\/\/socialdesignmagazine.com\/mag\/products-selection\/product\/credenza-perf-verde-diesel-with-moroso\/#breadcrumb","itemListElement":[{"@type":"ListItem","position":1,"name":"Home","item":"https:\/\/socialdesignmagazine.com\/mag\/products-selection\/"},{"@type":"ListItem","position":2,"name":"Tutti i prodotti","item":"https:\/\/socialdesignmagazine.com\/mag\/products-selection\/tutti-i-prodotti\/"},{"@type":"ListItem","position":3,"name":"Credenza Perf Verde Diesel with Moroso"}]},{"@type":"WebSite","@id":"https:\/\/socialdesignmagazine.com\/mag\/products-selection\/#website","url":"https:\/\/socialdesignmagazine.com\/mag\/products-selection\/","name":"SDM Product Selection","description":"Una selezioni di prodotti dei brand pi\u00f9 interessanti per arredare e progettare","publisher":{"@id":"https:\/\/socialdesignmagazine.com\/mag\/products-selection\/#organization"},"potentialAction":[{"@type":"SearchAction","target":{"@type":"EntryPoint","urlTemplate":"https:\/\/socialdesignmagazine.com\/mag\/products-selection\/?s={search_term_string}"},"query-input":{"@type":"PropertyValueSpecification","valueRequired":true,"valueName":"search_term_string"}}],"inLanguage":"it-IT"},{"@type":"Organization","@id":"https:\/\/socialdesignmagazine.com\/mag\/products-selection\/#organization","name":"Social Design Magazine","url":"https:\/\/socialdesignmagazine.com\/mag\/products-selection\/","logo":{"@type":"ImageObject","inLanguage":"it-IT","@id":"https:\/\/socialdesignmagazine.com\/mag\/products-selection\/#\/schema\/logo\/image\/","url":"https:\/\/socialdesignmagazine.com\/mag\/products-selection\/wp-content\/uploads\/sites\/2\/2015\/05\/social-design-magazine-logo.png","contentUrl":"https:\/\/socialdesignmagazine.com\/mag\/products-selection\/wp-content\/uploads\/sites\/2\/2015\/05\/social-design-magazine-logo.png","width":251,"height":101,"caption":"Social Design Magazine"},"image":{"@id":"https:\/\/socialdesignmagazine.com\/mag\/products-selection\/#\/schema\/logo\/image\/"},"sameAs":["https:\/\/www.facebook.com\/socialdesignmag","https:\/\/x.com\/socialdesignmag","http:\/\/instagram.com\/social_design_magazine\/","http:\/\/pinterest.com\/socialdesignmag\/","http:\/\/www.youtube.com\/user\/socialdesignmagazine"]}]}},"jetpack_publicize_connections":[],"jetpack_sharing_enabled":true,"brands":[{"id":1217,"name":"Diesel with Moroso","slug":"diesel-with-moroso"}],"_links":{"self":[{"href":"https:\/\/socialdesignmagazine.com\/mag\/products-selection\/wp-json\/wp\/v2\/product\/35874","targetHints":{"allow":["GET"]}}],"collection":[{"href":"https:\/\/socialdesignmagazine.com\/mag\/products-selection\/wp-json\/wp\/v2\/product"}],"about":[{"href":"https:\/\/socialdesignmagazine.com\/mag\/products-selection\/wp-json\/wp\/v2\/types\/product"}],"wp:featuredmedia":[{"embeddable":true,"href":"https:\/\/socialdesignmagazine.com\/mag\/products-selection\/wp-json\/wp\/v2\/media\/137619"}],"wp:attachment":[{"href":"https:\/\/socialdesignmagazine.com\/mag\/products-selection\/wp-json\/wp\/v2\/media?parent=35874"}],"wp:term":[{"taxonomy":"pwb-brand","embeddable":true,"href":"https:\/\/socialdesignmagazine.com\/mag\/products-selection\/wp-json\/wp\/v2\/pwb-brand?post=35874"},{"taxonomy":"product_brand","embeddable":true,"href":"https:\/\/socialdesignmagazine.com\/mag\/products-selection\/wp-json\/wp\/v2\/product_brand?post=35874"},{"taxonomy":"product_cat","embeddable":true,"href":"https:\/\/socialdesignmagazine.com\/mag\/products-selection\/wp-json\/wp\/v2\/product_cat?post=35874"},{"taxonomy":"product_tag","embeddable":true,"href":"https:\/\/socialdesignmagazine.com\/mag\/products-selection\/wp-json\/wp\/v2\/product_tag?post=35874"}],"curies":[{"name":"wp","href":"https:\/\/api.w.org\/{rel}","templated":true}]}}