{"id":36444,"date":"2015-11-25T01:36:27","date_gmt":"2015-11-25T00:36:27","guid":{"rendered":"https:\/\/socialdesignmagazine.com\/mag\/products-selection\/?post_type=product&#038;p=36444"},"modified":"2021-08-03T15:33:10","modified_gmt":"2021-08-03T13:33:10","slug":"mobile-di-stoccaggio-h-133-cm-acciaio-grezzo-verniciato-design-frederic-gaunet-for-tolix","status":"publish","type":"product","link":"https:\/\/socialdesignmagazine.com\/mag\/products-selection\/product\/mobile-di-stoccaggio-h-133-cm-acciaio-grezzo-verniciato-design-frederic-gaunet-for-tolix\/","title":{"rendered":"Mobile di stoccaggio H 133 cm Acciaio grezzo verniciato design Fr\u00e9d\u00e9ric Gaunet for Tolix"},"content":{"rendered":"<p>Questo modulo di stoccaggio (H133, 5 cm) pu\u00f2 essere posizionato e vivere ovunque: ingresso, soggiorno, bagno&#8230; Ci piace il suo stile ibrido, a met\u00e0 tra design contemporaneo e stile vintage e industriale. Icona del design industriale per quasi un secolo, l&#8217;arredamento Tolix ha attraversato epoche e stili per diventare un classico iscritto nella memoria collettiva, un &#8220;patrimonio vivente&#8221; che illustra l&#8217;arte di vivere francese&#8230; Dal 2004, Chantal Andriot apporta uno stile giovane al marchio e sceglie i designer Jean-Francois Dingjian e Eloi Chafa\u00ef, alias Normal Studio, per assisterla nella direzione artistica. Le nuove collezioni Tolix sono l&#8217;espressione contemporanea del design industriale e offrono lo stesso fascino delle creazioni storiche del marchio! Simbolico e democratico, l&#8217;arredamento metallico Tolix segna una tappa significativa nella storia del design. Il merito va al designer Xavier Pauchard che per primo ha usato lamiera stampata e zinco per la produzione di mobili prodotti in serie. Oggi, l&#8217;azienda ha acquisito macchine digitali ad alte prestazioni che accompagnano molte operazioni manuali e l&#8217;utensileria ereditata dalla storia. Ogni elemento che esce dall&#8217;atelier \u00e8 unico e porta la firma Tolix impressa nel metallo. E&#8217; con autentico riconoscimento che Tolix ha ricevuto nel 2006, l&#8217;etichetta di &#8220;Azienda del patrimonio vivente&#8221; conferita dal Ministero dell&#8217;Economia, delle Finanze e dell&#8217;Industria. In questa versione con vernice trasparente, i punti di saldatura sono volutamente visibili per comunicare un&#8217;idea artigianale e mettere in evidenza l&#8217;estetica grezza del prodotto. 6 livelli<\/p>\n","protected":false},"excerpt":{"rendered":"<p>Questo modulo di stoccaggio pu\u00f2 essere posizionato e vivere ovunque: ingresso, soggiorno, bagno. Ci piace il suo stile ibrido, a met\u00e0 tra design contemporaneo e stile vintage e industriale.<\/p>\n","protected":false},"featured_media":137311,"template":"","meta":{"_acf_changed":false,"jetpack_post_was_ever_published":false,"jetpack_publicize_message":"","jetpack_publicize_feature_enabled":true,"jetpack_social_post_already_shared":false,"jetpack_social_options":{"image_generator_settings":{"template":"highway","default_image_id":0,"font":"","enabled":false},"version":2}},"pwb-brand":[1234],"product_brand":[256],"product_cat":[337,607,808,367],"product_tag":[172],"class_list":{"0":"post-36444","1":"product","2":"type-product","3":"status-publish","4":"has-post-thumbnail","6":"pwb-brand-tolix","7":"product_brand-tolix","8":"product_cat-arredamento","9":"product_cat-designers","10":"product_cat-frederic-gaunet","11":"product_cat-mobile-di-stoccaggio-arredamento","12":"product_tag-mobile-di-stoccaggio","13":"pa_colore-acciaio-grezzo-verniciato","14":"pa_designer-frederic-gaunet","15":"pa_produttore-tolix","16":"pa_tipo-di-prodotto-mobile-di-stoccaggio","18":"first","19":"instock","20":"product-type-external"},"acf":[],"yoast_head":"<!-- This site is optimized with the Yoast SEO plugin v27.2 - https:\/\/yoast.com\/product\/yoast-seo-wordpress\/ -->\n<title>Mobile di stoccaggio H 133 cm Acciaio grezzo verniciato design Fr\u00e9d\u00e9ric Gaunet for Tolix - SDM Product Selection<\/title>\n<meta name=\"description\" content=\"Questo modulo di stoccaggio pu\u00f2 essere posizionato e vivere ovunque: ingresso, soggiorno, bagno. Ci piace il suo stile ibrido, a met\u00e0 tra design contemporaneo e stile vintage e industriale.\" \/>\n<meta name=\"robots\" content=\"index, follow, max-snippet:-1, max-image-preview:large, max-video-preview:-1\" \/>\n<link rel=\"canonical\" href=\"https:\/\/socialdesignmagazine.com\/mag\/products-selection\/product\/mobile-di-stoccaggio-h-133-cm-acciaio-grezzo-verniciato-design-frederic-gaunet-for-tolix\/\" \/>\n<meta property=\"og:locale\" content=\"it_IT\" \/>\n<meta property=\"og:type\" content=\"article\" \/>\n<meta property=\"og:title\" content=\"Mobile di stoccaggio H 133 cm Acciaio grezzo verniciato design Fr\u00e9d\u00e9ric Gaunet for Tolix - SDM Product Selection\" \/>\n<meta property=\"og:description\" content=\"Questo modulo di stoccaggio pu\u00f2 essere posizionato e vivere ovunque: ingresso, soggiorno, bagno. Ci piace il suo stile ibrido, a met\u00e0 tra design contemporaneo e stile vintage e industriale.\" \/>\n<meta property=\"og:url\" content=\"https:\/\/socialdesignmagazine.com\/mag\/products-selection\/product\/mobile-di-stoccaggio-h-133-cm-acciaio-grezzo-verniciato-design-frederic-gaunet-for-tolix\/\" \/>\n<meta property=\"og:site_name\" content=\"SDM Product Selection\" \/>\n<meta property=\"article:publisher\" content=\"https:\/\/www.facebook.com\/socialdesignmag\" \/>\n<meta property=\"article:modified_time\" content=\"2021-08-03T13:33:10+00:00\" \/>\n<meta property=\"og:image\" content=\"https:\/\/socialdesignmagazine.com\/mag\/products-selection\/wp-content\/uploads\/sites\/2\/2020\/12\/Mobile-di-stoccaggio-H-133-cm-Acciaio-grezzo-verniciato-Tolix-Fr\u00e9d\u00e9ric-Gaunet.jpg\" \/>\n\t<meta property=\"og:image:width\" content=\"150\" \/>\n\t<meta property=\"og:image:height\" content=\"400\" \/>\n\t<meta property=\"og:image:type\" content=\"image\/jpeg\" \/>\n<meta name=\"twitter:card\" content=\"summary_large_image\" \/>\n<meta name=\"twitter:site\" content=\"@socialdesignmag\" \/>\n<meta name=\"twitter:label1\" content=\"Tempo di lettura stimato\" \/>\n\t<meta name=\"twitter:data1\" content=\"1 minuto\" \/>\n<script type=\"application\/ld+json\" class=\"yoast-schema-graph\">{\"@context\":\"https:\/\/schema.org\",\"@graph\":[{\"@type\":\"WebPage\",\"@id\":\"https:\/\/socialdesignmagazine.com\/mag\/products-selection\/product\/mobile-di-stoccaggio-h-133-cm-acciaio-grezzo-verniciato-design-frederic-gaunet-for-tolix\/\",\"url\":\"https:\/\/socialdesignmagazine.com\/mag\/products-selection\/product\/mobile-di-stoccaggio-h-133-cm-acciaio-grezzo-verniciato-design-frederic-gaunet-for-tolix\/\",\"name\":\"Mobile di stoccaggio H 133 cm Acciaio grezzo verniciato design Fr\u00e9d\u00e9ric Gaunet for Tolix - SDM Product Selection\",\"isPartOf\":{\"@id\":\"https:\/\/socialdesignmagazine.com\/mag\/products-selection\/#website\"},\"primaryImageOfPage\":{\"@id\":\"https:\/\/socialdesignmagazine.com\/mag\/products-selection\/product\/mobile-di-stoccaggio-h-133-cm-acciaio-grezzo-verniciato-design-frederic-gaunet-for-tolix\/#primaryimage\"},\"image\":{\"@id\":\"https:\/\/socialdesignmagazine.com\/mag\/products-selection\/product\/mobile-di-stoccaggio-h-133-cm-acciaio-grezzo-verniciato-design-frederic-gaunet-for-tolix\/#primaryimage\"},\"thumbnailUrl\":\"https:\/\/socialdesignmagazine.com\/mag\/products-selection\/wp-content\/uploads\/sites\/2\/2020\/12\/Mobile-di-stoccaggio-H-133-cm-Acciaio-grezzo-verniciato-Tolix-Fr\u00e9d\u00e9ric-Gaunet.jpg\",\"datePublished\":\"2015-11-25T00:36:27+00:00\",\"dateModified\":\"2021-08-03T13:33:10+00:00\",\"description\":\"Questo modulo di stoccaggio pu\u00f2 essere posizionato e vivere ovunque: ingresso, soggiorno, bagno. Ci piace il suo stile ibrido, a met\u00e0 tra design contemporaneo e stile vintage e industriale.\",\"breadcrumb\":{\"@id\":\"https:\/\/socialdesignmagazine.com\/mag\/products-selection\/product\/mobile-di-stoccaggio-h-133-cm-acciaio-grezzo-verniciato-design-frederic-gaunet-for-tolix\/#breadcrumb\"},\"inLanguage\":\"it-IT\",\"potentialAction\":[{\"@type\":\"ReadAction\",\"target\":[\"https:\/\/socialdesignmagazine.com\/mag\/products-selection\/product\/mobile-di-stoccaggio-h-133-cm-acciaio-grezzo-verniciato-design-frederic-gaunet-for-tolix\/\"]}]},{\"@type\":\"ImageObject\",\"inLanguage\":\"it-IT\",\"@id\":\"https:\/\/socialdesignmagazine.com\/mag\/products-selection\/product\/mobile-di-stoccaggio-h-133-cm-acciaio-grezzo-verniciato-design-frederic-gaunet-for-tolix\/#primaryimage\",\"url\":\"https:\/\/socialdesignmagazine.com\/mag\/products-selection\/wp-content\/uploads\/sites\/2\/2020\/12\/Mobile-di-stoccaggio-H-133-cm-Acciaio-grezzo-verniciato-Tolix-Fr\u00e9d\u00e9ric-Gaunet.jpg\",\"contentUrl\":\"https:\/\/socialdesignmagazine.com\/mag\/products-selection\/wp-content\/uploads\/sites\/2\/2020\/12\/Mobile-di-stoccaggio-H-133-cm-Acciaio-grezzo-verniciato-Tolix-Fr\u00e9d\u00e9ric-Gaunet.jpg\",\"width\":150,\"height\":400,\"caption\":\"Mobile di stoccaggio H 133 cm Acciaio grezzo verniciato Tolix Fr\u00e9d\u00e9ric Gaunet 1\"},{\"@type\":\"BreadcrumbList\",\"@id\":\"https:\/\/socialdesignmagazine.com\/mag\/products-selection\/product\/mobile-di-stoccaggio-h-133-cm-acciaio-grezzo-verniciato-design-frederic-gaunet-for-tolix\/#breadcrumb\",\"itemListElement\":[{\"@type\":\"ListItem\",\"position\":1,\"name\":\"Home\",\"item\":\"https:\/\/socialdesignmagazine.com\/mag\/products-selection\/\"},{\"@type\":\"ListItem\",\"position\":2,\"name\":\"Tutti i prodotti\",\"item\":\"https:\/\/socialdesignmagazine.com\/mag\/products-selection\/tutti-i-prodotti\/\"},{\"@type\":\"ListItem\",\"position\":3,\"name\":\"Mobile di stoccaggio H 133 cm Acciaio grezzo verniciato design Fr\u00e9d\u00e9ric Gaunet for Tolix\"}]},{\"@type\":\"WebSite\",\"@id\":\"https:\/\/socialdesignmagazine.com\/mag\/products-selection\/#website\",\"url\":\"https:\/\/socialdesignmagazine.com\/mag\/products-selection\/\",\"name\":\"SDM Product Selection\",\"description\":\"Una selezioni di prodotti dei brand pi\u00f9 interessanti per arredare e progettare\",\"publisher\":{\"@id\":\"https:\/\/socialdesignmagazine.com\/mag\/products-selection\/#organization\"},\"potentialAction\":[{\"@type\":\"SearchAction\",\"target\":{\"@type\":\"EntryPoint\",\"urlTemplate\":\"https:\/\/socialdesignmagazine.com\/mag\/products-selection\/?s={search_term_string}\"},\"query-input\":{\"@type\":\"PropertyValueSpecification\",\"valueRequired\":true,\"valueName\":\"search_term_string\"}}],\"inLanguage\":\"it-IT\"},{\"@type\":\"Organization\",\"@id\":\"https:\/\/socialdesignmagazine.com\/mag\/products-selection\/#organization\",\"name\":\"Social Design Magazine\",\"url\":\"https:\/\/socialdesignmagazine.com\/mag\/products-selection\/\",\"logo\":{\"@type\":\"ImageObject\",\"inLanguage\":\"it-IT\",\"@id\":\"https:\/\/socialdesignmagazine.com\/mag\/products-selection\/#\/schema\/logo\/image\/\",\"url\":\"https:\/\/socialdesignmagazine.com\/mag\/products-selection\/wp-content\/uploads\/sites\/2\/2015\/05\/social-design-magazine-logo.png\",\"contentUrl\":\"https:\/\/socialdesignmagazine.com\/mag\/products-selection\/wp-content\/uploads\/sites\/2\/2015\/05\/social-design-magazine-logo.png\",\"width\":251,\"height\":101,\"caption\":\"Social Design Magazine\"},\"image\":{\"@id\":\"https:\/\/socialdesignmagazine.com\/mag\/products-selection\/#\/schema\/logo\/image\/\"},\"sameAs\":[\"https:\/\/www.facebook.com\/socialdesignmag\",\"https:\/\/x.com\/socialdesignmag\",\"http:\/\/instagram.com\/social_design_magazine\/\",\"http:\/\/pinterest.com\/socialdesignmag\/\",\"http:\/\/www.youtube.com\/user\/socialdesignmagazine\"]}]}<\/script>\n<!-- \/ Yoast SEO plugin. -->","yoast_head_json":{"title":"Mobile di stoccaggio H 133 cm Acciaio grezzo verniciato design Fr\u00e9d\u00e9ric Gaunet for Tolix - SDM Product Selection","description":"Questo modulo di stoccaggio pu\u00f2 essere posizionato e vivere ovunque: ingresso, soggiorno, bagno. Ci piace il suo stile ibrido, a met\u00e0 tra design contemporaneo e stile vintage e industriale.","robots":{"index":"index","follow":"follow","max-snippet":"max-snippet:-1","max-image-preview":"max-image-preview:large","max-video-preview":"max-video-preview:-1"},"canonical":"https:\/\/socialdesignmagazine.com\/mag\/products-selection\/product\/mobile-di-stoccaggio-h-133-cm-acciaio-grezzo-verniciato-design-frederic-gaunet-for-tolix\/","og_locale":"it_IT","og_type":"article","og_title":"Mobile di stoccaggio H 133 cm Acciaio grezzo verniciato design Fr\u00e9d\u00e9ric Gaunet for Tolix - SDM Product Selection","og_description":"Questo modulo di stoccaggio pu\u00f2 essere posizionato e vivere ovunque: ingresso, soggiorno, bagno. Ci piace il suo stile ibrido, a met\u00e0 tra design contemporaneo e stile vintage e industriale.","og_url":"https:\/\/socialdesignmagazine.com\/mag\/products-selection\/product\/mobile-di-stoccaggio-h-133-cm-acciaio-grezzo-verniciato-design-frederic-gaunet-for-tolix\/","og_site_name":"SDM Product Selection","article_publisher":"https:\/\/www.facebook.com\/socialdesignmag","article_modified_time":"2021-08-03T13:33:10+00:00","og_image":[{"width":150,"height":400,"url":"https:\/\/socialdesignmagazine.com\/mag\/products-selection\/wp-content\/uploads\/sites\/2\/2020\/12\/Mobile-di-stoccaggio-H-133-cm-Acciaio-grezzo-verniciato-Tolix-Fr\u00e9d\u00e9ric-Gaunet.jpg","type":"image\/jpeg"}],"twitter_card":"summary_large_image","twitter_site":"@socialdesignmag","twitter_misc":{"Tempo di lettura stimato":"1 minuto"},"schema":{"@context":"https:\/\/schema.org","@graph":[{"@type":"WebPage","@id":"https:\/\/socialdesignmagazine.com\/mag\/products-selection\/product\/mobile-di-stoccaggio-h-133-cm-acciaio-grezzo-verniciato-design-frederic-gaunet-for-tolix\/","url":"https:\/\/socialdesignmagazine.com\/mag\/products-selection\/product\/mobile-di-stoccaggio-h-133-cm-acciaio-grezzo-verniciato-design-frederic-gaunet-for-tolix\/","name":"Mobile di stoccaggio H 133 cm Acciaio grezzo verniciato design Fr\u00e9d\u00e9ric Gaunet for Tolix - SDM Product Selection","isPartOf":{"@id":"https:\/\/socialdesignmagazine.com\/mag\/products-selection\/#website"},"primaryImageOfPage":{"@id":"https:\/\/socialdesignmagazine.com\/mag\/products-selection\/product\/mobile-di-stoccaggio-h-133-cm-acciaio-grezzo-verniciato-design-frederic-gaunet-for-tolix\/#primaryimage"},"image":{"@id":"https:\/\/socialdesignmagazine.com\/mag\/products-selection\/product\/mobile-di-stoccaggio-h-133-cm-acciaio-grezzo-verniciato-design-frederic-gaunet-for-tolix\/#primaryimage"},"thumbnailUrl":"https:\/\/socialdesignmagazine.com\/mag\/products-selection\/wp-content\/uploads\/sites\/2\/2020\/12\/Mobile-di-stoccaggio-H-133-cm-Acciaio-grezzo-verniciato-Tolix-Fr\u00e9d\u00e9ric-Gaunet.jpg","datePublished":"2015-11-25T00:36:27+00:00","dateModified":"2021-08-03T13:33:10+00:00","description":"Questo modulo di stoccaggio pu\u00f2 essere posizionato e vivere ovunque: ingresso, soggiorno, bagno. Ci piace il suo stile ibrido, a met\u00e0 tra design contemporaneo e stile vintage e industriale.","breadcrumb":{"@id":"https:\/\/socialdesignmagazine.com\/mag\/products-selection\/product\/mobile-di-stoccaggio-h-133-cm-acciaio-grezzo-verniciato-design-frederic-gaunet-for-tolix\/#breadcrumb"},"inLanguage":"it-IT","potentialAction":[{"@type":"ReadAction","target":["https:\/\/socialdesignmagazine.com\/mag\/products-selection\/product\/mobile-di-stoccaggio-h-133-cm-acciaio-grezzo-verniciato-design-frederic-gaunet-for-tolix\/"]}]},{"@type":"ImageObject","inLanguage":"it-IT","@id":"https:\/\/socialdesignmagazine.com\/mag\/products-selection\/product\/mobile-di-stoccaggio-h-133-cm-acciaio-grezzo-verniciato-design-frederic-gaunet-for-tolix\/#primaryimage","url":"https:\/\/socialdesignmagazine.com\/mag\/products-selection\/wp-content\/uploads\/sites\/2\/2020\/12\/Mobile-di-stoccaggio-H-133-cm-Acciaio-grezzo-verniciato-Tolix-Fr\u00e9d\u00e9ric-Gaunet.jpg","contentUrl":"https:\/\/socialdesignmagazine.com\/mag\/products-selection\/wp-content\/uploads\/sites\/2\/2020\/12\/Mobile-di-stoccaggio-H-133-cm-Acciaio-grezzo-verniciato-Tolix-Fr\u00e9d\u00e9ric-Gaunet.jpg","width":150,"height":400,"caption":"Mobile di stoccaggio H 133 cm Acciaio grezzo verniciato Tolix Fr\u00e9d\u00e9ric Gaunet 1"},{"@type":"BreadcrumbList","@id":"https:\/\/socialdesignmagazine.com\/mag\/products-selection\/product\/mobile-di-stoccaggio-h-133-cm-acciaio-grezzo-verniciato-design-frederic-gaunet-for-tolix\/#breadcrumb","itemListElement":[{"@type":"ListItem","position":1,"name":"Home","item":"https:\/\/socialdesignmagazine.com\/mag\/products-selection\/"},{"@type":"ListItem","position":2,"name":"Tutti i prodotti","item":"https:\/\/socialdesignmagazine.com\/mag\/products-selection\/tutti-i-prodotti\/"},{"@type":"ListItem","position":3,"name":"Mobile di stoccaggio H 133 cm Acciaio grezzo verniciato design Fr\u00e9d\u00e9ric Gaunet for Tolix"}]},{"@type":"WebSite","@id":"https:\/\/socialdesignmagazine.com\/mag\/products-selection\/#website","url":"https:\/\/socialdesignmagazine.com\/mag\/products-selection\/","name":"SDM Product Selection","description":"Una selezioni di prodotti dei brand pi\u00f9 interessanti per arredare e progettare","publisher":{"@id":"https:\/\/socialdesignmagazine.com\/mag\/products-selection\/#organization"},"potentialAction":[{"@type":"SearchAction","target":{"@type":"EntryPoint","urlTemplate":"https:\/\/socialdesignmagazine.com\/mag\/products-selection\/?s={search_term_string}"},"query-input":{"@type":"PropertyValueSpecification","valueRequired":true,"valueName":"search_term_string"}}],"inLanguage":"it-IT"},{"@type":"Organization","@id":"https:\/\/socialdesignmagazine.com\/mag\/products-selection\/#organization","name":"Social Design Magazine","url":"https:\/\/socialdesignmagazine.com\/mag\/products-selection\/","logo":{"@type":"ImageObject","inLanguage":"it-IT","@id":"https:\/\/socialdesignmagazine.com\/mag\/products-selection\/#\/schema\/logo\/image\/","url":"https:\/\/socialdesignmagazine.com\/mag\/products-selection\/wp-content\/uploads\/sites\/2\/2015\/05\/social-design-magazine-logo.png","contentUrl":"https:\/\/socialdesignmagazine.com\/mag\/products-selection\/wp-content\/uploads\/sites\/2\/2015\/05\/social-design-magazine-logo.png","width":251,"height":101,"caption":"Social Design Magazine"},"image":{"@id":"https:\/\/socialdesignmagazine.com\/mag\/products-selection\/#\/schema\/logo\/image\/"},"sameAs":["https:\/\/www.facebook.com\/socialdesignmag","https:\/\/x.com\/socialdesignmag","http:\/\/instagram.com\/social_design_magazine\/","http:\/\/pinterest.com\/socialdesignmag\/","http:\/\/www.youtube.com\/user\/socialdesignmagazine"]}]}},"jetpack_publicize_connections":[],"jetpack_sharing_enabled":true,"brands":[{"id":1234,"name":"Tolix","slug":"tolix"}],"_links":{"self":[{"href":"https:\/\/socialdesignmagazine.com\/mag\/products-selection\/wp-json\/wp\/v2\/product\/36444","targetHints":{"allow":["GET"]}}],"collection":[{"href":"https:\/\/socialdesignmagazine.com\/mag\/products-selection\/wp-json\/wp\/v2\/product"}],"about":[{"href":"https:\/\/socialdesignmagazine.com\/mag\/products-selection\/wp-json\/wp\/v2\/types\/product"}],"wp:featuredmedia":[{"embeddable":true,"href":"https:\/\/socialdesignmagazine.com\/mag\/products-selection\/wp-json\/wp\/v2\/media\/137311"}],"wp:attachment":[{"href":"https:\/\/socialdesignmagazine.com\/mag\/products-selection\/wp-json\/wp\/v2\/media?parent=36444"}],"wp:term":[{"taxonomy":"pwb-brand","embeddable":true,"href":"https:\/\/socialdesignmagazine.com\/mag\/products-selection\/wp-json\/wp\/v2\/pwb-brand?post=36444"},{"taxonomy":"product_brand","embeddable":true,"href":"https:\/\/socialdesignmagazine.com\/mag\/products-selection\/wp-json\/wp\/v2\/product_brand?post=36444"},{"taxonomy":"product_cat","embeddable":true,"href":"https:\/\/socialdesignmagazine.com\/mag\/products-selection\/wp-json\/wp\/v2\/product_cat?post=36444"},{"taxonomy":"product_tag","embeddable":true,"href":"https:\/\/socialdesignmagazine.com\/mag\/products-selection\/wp-json\/wp\/v2\/product_tag?post=36444"}],"curies":[{"name":"wp","href":"https:\/\/api.w.org\/{rel}","templated":true}]}}