{"id":36506,"date":"2015-11-25T01:36:42","date_gmt":"2015-11-25T00:36:42","guid":{"rendered":"https:\/\/socialdesignmagazine.com\/mag\/products-selection\/?post_type=product&#038;p=36506"},"modified":"2021-08-03T15:33:16","modified_gmt":"2021-08-03T13:33:16","slug":"poltrona-t14-inox-per-lesterno-rosso-design-patrick-norguet-for-tolix","status":"publish","type":"product","link":"https:\/\/socialdesignmagazine.com\/mag\/products-selection\/product\/poltrona-t14-inox-per-lesterno-rosso-design-patrick-norguet-for-tolix\/","title":{"rendered":"Poltrona T14 \/ Inox &#8211; Per l&#8217;esterno Rosso design Patrick Norguet for Tolix"},"content":{"rendered":"<p>TOLIX arreda ormai terrazzi e balconi con il suo nuovo materiale: l&#8217;inox, perfettamente adatto ad un utilizzo in esterno. Presenta una perfetta resistenza alla corrosione, anche in ambienti quali piscine o al mare. Con la poltrona T14, Tolix \u00e8 nata una nuova icona del mobilio industriale francese! Dopo la sedia &#8220;A&#8221; del 1934, vero emblema di Tolix, il marchio presenta una nuova poltrona in collaborazione con il designer francese Patrick Norguet: la &#8220;T14&#8221;. Patrick Norguet lavora sull&#8217;arte della transizione cambiando tutto pur rimanendo fedele alle caratteristiche del marchio: semplicit\u00e0, funzionalit\u00e0, confronto, qualit\u00e0, robustezza. Degno erede del modello A, T14 presenta una propria personalit\u00e0, un&#8217;identit\u00e0 contemporanea forte, in linea con lo stile Tolix. Questa nuova poltrona \u00e8 essenziale e raffinata ed \u00e8 il risultato di una grande abilit\u00e0 tecnica, di artigianato metallurgico. L&#8217;obiettivo di T14 \u00e8 di ottenere un mobile leggero e molto robusto prodotto grazie alla lavorazione di una lamiera d&#8217;acciaio ultra fine, per un effetto di grande leggerezza. Per ottenere quest&#8217;effetto durante la lavorazione, il materiale \u00e8 stato modellato creando pieghe, sporgenze, rientranze per aumentarne la rigidit\u00e0. Per aumentarne la solidit\u00e0, la seduta e lo schienale sono creati da una sola forma. Il taglio, oltre all&#8217;assemblaggio e allo stampaggio avvengono in modo manuale con il supporto di operazioni automatizzate. Un know-how fedele alle origini che sa adattarsi alle nuove esigenze ecologiche: 100% dei materiali sono oggi riciclati, la lamiera non utilizzata \u00e8 rivenduta a delle fonderie e la linea di verniciatura \u00e8 priva di emissioni di CO2. Per l&#8217;interno e l&#8217;esterno &#8211; Perfetta tenuta alla corrosione, anche in ambienti umidi come mare o piscina &#8211; Impilabile fino a 8 poltrone &#8211; Produzione 100% francese<\/p>\n","protected":false},"excerpt":{"rendered":"<p>La poltrona T14 Tolix presenta una perfetta resistenza alla corrosione, anche in ambienti quali piscine o al mare.<\/p>\n","protected":false},"featured_media":137321,"template":"","meta":{"_acf_changed":false,"jetpack_post_was_ever_published":false,"jetpack_publicize_message":"","jetpack_publicize_feature_enabled":true,"jetpack_social_post_already_shared":false,"jetpack_social_options":{"image_generator_settings":{"template":"highway","default_image_id":0,"font":"","enabled":false},"version":2}},"pwb-brand":[1234],"product_brand":[256],"product_cat":[337,607,492,809,534,536,533,535],"product_tag":[156],"class_list":{"0":"post-36506","1":"product","2":"type-product","3":"status-publish","4":"has-post-thumbnail","6":"pwb-brand-tolix","7":"product_brand-tolix","8":"product_cat-arredamento","9":"product_cat-designers","10":"product_cat-outdoor","11":"product_cat-patrick-norguet","12":"product_cat-poltrona-sedute","13":"product_cat-poltrona-sedute-outdoor","14":"product_cat-sedute","15":"product_cat-sedute-outdoor","16":"product_tag-poltrona","17":"pa_colore-rosso","18":"pa_designer-patrick-norguet","19":"pa_produttore-tolix","20":"pa_tipo-di-prodotto-poltrona","22":"first","23":"instock","24":"product-type-external"},"acf":[],"yoast_head":"<!-- This site is optimized with the Yoast SEO plugin v27.2 - https:\/\/yoast.com\/product\/yoast-seo-wordpress\/ -->\n<title>Poltrona T14 \/ Inox - Per l&#039;esterno Rosso design Patrick Norguet for Tolix - SDM Product Selection<\/title>\n<meta name=\"description\" content=\"La poltrona T14 Tolix presenta una perfetta resistenza alla corrosione, anche in ambienti quali piscine o al mare.\" \/>\n<meta name=\"robots\" content=\"index, follow, max-snippet:-1, max-image-preview:large, max-video-preview:-1\" \/>\n<link rel=\"canonical\" href=\"https:\/\/socialdesignmagazine.com\/mag\/products-selection\/product\/poltrona-t14-inox-per-lesterno-rosso-design-patrick-norguet-for-tolix\/\" \/>\n<meta property=\"og:locale\" content=\"it_IT\" \/>\n<meta property=\"og:type\" content=\"article\" \/>\n<meta property=\"og:title\" content=\"Poltrona T14 \/ Inox - Per l&#039;esterno Rosso design Patrick Norguet for Tolix - SDM Product Selection\" \/>\n<meta property=\"og:description\" content=\"La poltrona T14 Tolix presenta una perfetta resistenza alla corrosione, anche in ambienti quali piscine o al mare.\" \/>\n<meta property=\"og:url\" content=\"https:\/\/socialdesignmagazine.com\/mag\/products-selection\/product\/poltrona-t14-inox-per-lesterno-rosso-design-patrick-norguet-for-tolix\/\" \/>\n<meta property=\"og:site_name\" content=\"SDM Product Selection\" \/>\n<meta property=\"article:publisher\" content=\"https:\/\/www.facebook.com\/socialdesignmag\" \/>\n<meta property=\"article:modified_time\" content=\"2021-08-03T13:33:16+00:00\" \/>\n<meta property=\"og:image\" content=\"https:\/\/socialdesignmagazine.com\/mag\/products-selection\/wp-content\/uploads\/sites\/2\/2020\/12\/Poltrona-T14-Inox-Per-lesterno-Rosso-Tolix-Patrick-Norguet.jpg\" \/>\n\t<meta property=\"og:image:width\" content=\"264\" \/>\n\t<meta property=\"og:image:height\" content=\"400\" \/>\n\t<meta property=\"og:image:type\" content=\"image\/jpeg\" \/>\n<meta name=\"twitter:card\" content=\"summary_large_image\" \/>\n<meta name=\"twitter:site\" content=\"@socialdesignmag\" \/>\n<meta name=\"twitter:label1\" content=\"Tempo di lettura stimato\" \/>\n\t<meta name=\"twitter:data1\" content=\"1 minuto\" \/>\n<script type=\"application\/ld+json\" class=\"yoast-schema-graph\">{\"@context\":\"https:\/\/schema.org\",\"@graph\":[{\"@type\":\"WebPage\",\"@id\":\"https:\/\/socialdesignmagazine.com\/mag\/products-selection\/product\/poltrona-t14-inox-per-lesterno-rosso-design-patrick-norguet-for-tolix\/\",\"url\":\"https:\/\/socialdesignmagazine.com\/mag\/products-selection\/product\/poltrona-t14-inox-per-lesterno-rosso-design-patrick-norguet-for-tolix\/\",\"name\":\"Poltrona T14 \/ Inox - Per l'esterno Rosso design Patrick Norguet for Tolix - SDM Product Selection\",\"isPartOf\":{\"@id\":\"https:\/\/socialdesignmagazine.com\/mag\/products-selection\/#website\"},\"primaryImageOfPage\":{\"@id\":\"https:\/\/socialdesignmagazine.com\/mag\/products-selection\/product\/poltrona-t14-inox-per-lesterno-rosso-design-patrick-norguet-for-tolix\/#primaryimage\"},\"image\":{\"@id\":\"https:\/\/socialdesignmagazine.com\/mag\/products-selection\/product\/poltrona-t14-inox-per-lesterno-rosso-design-patrick-norguet-for-tolix\/#primaryimage\"},\"thumbnailUrl\":\"https:\/\/socialdesignmagazine.com\/mag\/products-selection\/wp-content\/uploads\/sites\/2\/2020\/12\/Poltrona-T14-Inox-Per-lesterno-Rosso-Tolix-Patrick-Norguet.jpg\",\"datePublished\":\"2015-11-25T00:36:42+00:00\",\"dateModified\":\"2021-08-03T13:33:16+00:00\",\"description\":\"La poltrona T14 Tolix presenta una perfetta resistenza alla corrosione, anche in ambienti quali piscine o al mare.\",\"breadcrumb\":{\"@id\":\"https:\/\/socialdesignmagazine.com\/mag\/products-selection\/product\/poltrona-t14-inox-per-lesterno-rosso-design-patrick-norguet-for-tolix\/#breadcrumb\"},\"inLanguage\":\"it-IT\",\"potentialAction\":[{\"@type\":\"ReadAction\",\"target\":[\"https:\/\/socialdesignmagazine.com\/mag\/products-selection\/product\/poltrona-t14-inox-per-lesterno-rosso-design-patrick-norguet-for-tolix\/\"]}]},{\"@type\":\"ImageObject\",\"inLanguage\":\"it-IT\",\"@id\":\"https:\/\/socialdesignmagazine.com\/mag\/products-selection\/product\/poltrona-t14-inox-per-lesterno-rosso-design-patrick-norguet-for-tolix\/#primaryimage\",\"url\":\"https:\/\/socialdesignmagazine.com\/mag\/products-selection\/wp-content\/uploads\/sites\/2\/2020\/12\/Poltrona-T14-Inox-Per-lesterno-Rosso-Tolix-Patrick-Norguet.jpg\",\"contentUrl\":\"https:\/\/socialdesignmagazine.com\/mag\/products-selection\/wp-content\/uploads\/sites\/2\/2020\/12\/Poltrona-T14-Inox-Per-lesterno-Rosso-Tolix-Patrick-Norguet.jpg\",\"width\":264,\"height\":400,\"caption\":\"Poltrona T14 \/ Inox - Per l'esterno Rosso Tolix Patrick Norguet 1\"},{\"@type\":\"BreadcrumbList\",\"@id\":\"https:\/\/socialdesignmagazine.com\/mag\/products-selection\/product\/poltrona-t14-inox-per-lesterno-rosso-design-patrick-norguet-for-tolix\/#breadcrumb\",\"itemListElement\":[{\"@type\":\"ListItem\",\"position\":1,\"name\":\"Home\",\"item\":\"https:\/\/socialdesignmagazine.com\/mag\/products-selection\/\"},{\"@type\":\"ListItem\",\"position\":2,\"name\":\"Tutti i prodotti\",\"item\":\"https:\/\/socialdesignmagazine.com\/mag\/products-selection\/tutti-i-prodotti\/\"},{\"@type\":\"ListItem\",\"position\":3,\"name\":\"Poltrona T14 \/ Inox &#8211; Per l&#8217;esterno Rosso design Patrick Norguet for Tolix\"}]},{\"@type\":\"WebSite\",\"@id\":\"https:\/\/socialdesignmagazine.com\/mag\/products-selection\/#website\",\"url\":\"https:\/\/socialdesignmagazine.com\/mag\/products-selection\/\",\"name\":\"SDM Product Selection\",\"description\":\"Una selezioni di prodotti dei brand pi\u00f9 interessanti per arredare e progettare\",\"publisher\":{\"@id\":\"https:\/\/socialdesignmagazine.com\/mag\/products-selection\/#organization\"},\"potentialAction\":[{\"@type\":\"SearchAction\",\"target\":{\"@type\":\"EntryPoint\",\"urlTemplate\":\"https:\/\/socialdesignmagazine.com\/mag\/products-selection\/?s={search_term_string}\"},\"query-input\":{\"@type\":\"PropertyValueSpecification\",\"valueRequired\":true,\"valueName\":\"search_term_string\"}}],\"inLanguage\":\"it-IT\"},{\"@type\":\"Organization\",\"@id\":\"https:\/\/socialdesignmagazine.com\/mag\/products-selection\/#organization\",\"name\":\"Social Design Magazine\",\"url\":\"https:\/\/socialdesignmagazine.com\/mag\/products-selection\/\",\"logo\":{\"@type\":\"ImageObject\",\"inLanguage\":\"it-IT\",\"@id\":\"https:\/\/socialdesignmagazine.com\/mag\/products-selection\/#\/schema\/logo\/image\/\",\"url\":\"https:\/\/socialdesignmagazine.com\/mag\/products-selection\/wp-content\/uploads\/sites\/2\/2015\/05\/social-design-magazine-logo.png\",\"contentUrl\":\"https:\/\/socialdesignmagazine.com\/mag\/products-selection\/wp-content\/uploads\/sites\/2\/2015\/05\/social-design-magazine-logo.png\",\"width\":251,\"height\":101,\"caption\":\"Social Design Magazine\"},\"image\":{\"@id\":\"https:\/\/socialdesignmagazine.com\/mag\/products-selection\/#\/schema\/logo\/image\/\"},\"sameAs\":[\"https:\/\/www.facebook.com\/socialdesignmag\",\"https:\/\/x.com\/socialdesignmag\",\"http:\/\/instagram.com\/social_design_magazine\/\",\"http:\/\/pinterest.com\/socialdesignmag\/\",\"http:\/\/www.youtube.com\/user\/socialdesignmagazine\"]}]}<\/script>\n<!-- \/ Yoast SEO plugin. -->","yoast_head_json":{"title":"Poltrona T14 \/ Inox - Per l'esterno Rosso design Patrick Norguet for Tolix - SDM Product Selection","description":"La poltrona T14 Tolix presenta una perfetta resistenza alla corrosione, anche in ambienti quali piscine o al mare.","robots":{"index":"index","follow":"follow","max-snippet":"max-snippet:-1","max-image-preview":"max-image-preview:large","max-video-preview":"max-video-preview:-1"},"canonical":"https:\/\/socialdesignmagazine.com\/mag\/products-selection\/product\/poltrona-t14-inox-per-lesterno-rosso-design-patrick-norguet-for-tolix\/","og_locale":"it_IT","og_type":"article","og_title":"Poltrona T14 \/ Inox - Per l'esterno Rosso design Patrick Norguet for Tolix - SDM Product Selection","og_description":"La poltrona T14 Tolix presenta una perfetta resistenza alla corrosione, anche in ambienti quali piscine o al mare.","og_url":"https:\/\/socialdesignmagazine.com\/mag\/products-selection\/product\/poltrona-t14-inox-per-lesterno-rosso-design-patrick-norguet-for-tolix\/","og_site_name":"SDM Product Selection","article_publisher":"https:\/\/www.facebook.com\/socialdesignmag","article_modified_time":"2021-08-03T13:33:16+00:00","og_image":[{"width":264,"height":400,"url":"https:\/\/socialdesignmagazine.com\/mag\/products-selection\/wp-content\/uploads\/sites\/2\/2020\/12\/Poltrona-T14-Inox-Per-lesterno-Rosso-Tolix-Patrick-Norguet.jpg","type":"image\/jpeg"}],"twitter_card":"summary_large_image","twitter_site":"@socialdesignmag","twitter_misc":{"Tempo di lettura stimato":"1 minuto"},"schema":{"@context":"https:\/\/schema.org","@graph":[{"@type":"WebPage","@id":"https:\/\/socialdesignmagazine.com\/mag\/products-selection\/product\/poltrona-t14-inox-per-lesterno-rosso-design-patrick-norguet-for-tolix\/","url":"https:\/\/socialdesignmagazine.com\/mag\/products-selection\/product\/poltrona-t14-inox-per-lesterno-rosso-design-patrick-norguet-for-tolix\/","name":"Poltrona T14 \/ Inox - Per l'esterno Rosso design Patrick Norguet for Tolix - SDM Product Selection","isPartOf":{"@id":"https:\/\/socialdesignmagazine.com\/mag\/products-selection\/#website"},"primaryImageOfPage":{"@id":"https:\/\/socialdesignmagazine.com\/mag\/products-selection\/product\/poltrona-t14-inox-per-lesterno-rosso-design-patrick-norguet-for-tolix\/#primaryimage"},"image":{"@id":"https:\/\/socialdesignmagazine.com\/mag\/products-selection\/product\/poltrona-t14-inox-per-lesterno-rosso-design-patrick-norguet-for-tolix\/#primaryimage"},"thumbnailUrl":"https:\/\/socialdesignmagazine.com\/mag\/products-selection\/wp-content\/uploads\/sites\/2\/2020\/12\/Poltrona-T14-Inox-Per-lesterno-Rosso-Tolix-Patrick-Norguet.jpg","datePublished":"2015-11-25T00:36:42+00:00","dateModified":"2021-08-03T13:33:16+00:00","description":"La poltrona T14 Tolix presenta una perfetta resistenza alla corrosione, anche in ambienti quali piscine o al mare.","breadcrumb":{"@id":"https:\/\/socialdesignmagazine.com\/mag\/products-selection\/product\/poltrona-t14-inox-per-lesterno-rosso-design-patrick-norguet-for-tolix\/#breadcrumb"},"inLanguage":"it-IT","potentialAction":[{"@type":"ReadAction","target":["https:\/\/socialdesignmagazine.com\/mag\/products-selection\/product\/poltrona-t14-inox-per-lesterno-rosso-design-patrick-norguet-for-tolix\/"]}]},{"@type":"ImageObject","inLanguage":"it-IT","@id":"https:\/\/socialdesignmagazine.com\/mag\/products-selection\/product\/poltrona-t14-inox-per-lesterno-rosso-design-patrick-norguet-for-tolix\/#primaryimage","url":"https:\/\/socialdesignmagazine.com\/mag\/products-selection\/wp-content\/uploads\/sites\/2\/2020\/12\/Poltrona-T14-Inox-Per-lesterno-Rosso-Tolix-Patrick-Norguet.jpg","contentUrl":"https:\/\/socialdesignmagazine.com\/mag\/products-selection\/wp-content\/uploads\/sites\/2\/2020\/12\/Poltrona-T14-Inox-Per-lesterno-Rosso-Tolix-Patrick-Norguet.jpg","width":264,"height":400,"caption":"Poltrona T14 \/ Inox - Per l'esterno Rosso Tolix Patrick Norguet 1"},{"@type":"BreadcrumbList","@id":"https:\/\/socialdesignmagazine.com\/mag\/products-selection\/product\/poltrona-t14-inox-per-lesterno-rosso-design-patrick-norguet-for-tolix\/#breadcrumb","itemListElement":[{"@type":"ListItem","position":1,"name":"Home","item":"https:\/\/socialdesignmagazine.com\/mag\/products-selection\/"},{"@type":"ListItem","position":2,"name":"Tutti i prodotti","item":"https:\/\/socialdesignmagazine.com\/mag\/products-selection\/tutti-i-prodotti\/"},{"@type":"ListItem","position":3,"name":"Poltrona T14 \/ Inox &#8211; Per l&#8217;esterno Rosso design Patrick Norguet for Tolix"}]},{"@type":"WebSite","@id":"https:\/\/socialdesignmagazine.com\/mag\/products-selection\/#website","url":"https:\/\/socialdesignmagazine.com\/mag\/products-selection\/","name":"SDM Product Selection","description":"Una selezioni di prodotti dei brand pi\u00f9 interessanti per arredare e progettare","publisher":{"@id":"https:\/\/socialdesignmagazine.com\/mag\/products-selection\/#organization"},"potentialAction":[{"@type":"SearchAction","target":{"@type":"EntryPoint","urlTemplate":"https:\/\/socialdesignmagazine.com\/mag\/products-selection\/?s={search_term_string}"},"query-input":{"@type":"PropertyValueSpecification","valueRequired":true,"valueName":"search_term_string"}}],"inLanguage":"it-IT"},{"@type":"Organization","@id":"https:\/\/socialdesignmagazine.com\/mag\/products-selection\/#organization","name":"Social Design Magazine","url":"https:\/\/socialdesignmagazine.com\/mag\/products-selection\/","logo":{"@type":"ImageObject","inLanguage":"it-IT","@id":"https:\/\/socialdesignmagazine.com\/mag\/products-selection\/#\/schema\/logo\/image\/","url":"https:\/\/socialdesignmagazine.com\/mag\/products-selection\/wp-content\/uploads\/sites\/2\/2015\/05\/social-design-magazine-logo.png","contentUrl":"https:\/\/socialdesignmagazine.com\/mag\/products-selection\/wp-content\/uploads\/sites\/2\/2015\/05\/social-design-magazine-logo.png","width":251,"height":101,"caption":"Social Design Magazine"},"image":{"@id":"https:\/\/socialdesignmagazine.com\/mag\/products-selection\/#\/schema\/logo\/image\/"},"sameAs":["https:\/\/www.facebook.com\/socialdesignmag","https:\/\/x.com\/socialdesignmag","http:\/\/instagram.com\/social_design_magazine\/","http:\/\/pinterest.com\/socialdesignmag\/","http:\/\/www.youtube.com\/user\/socialdesignmagazine"]}]}},"jetpack_publicize_connections":[],"jetpack_sharing_enabled":true,"brands":[{"id":1234,"name":"Tolix","slug":"tolix"}],"_links":{"self":[{"href":"https:\/\/socialdesignmagazine.com\/mag\/products-selection\/wp-json\/wp\/v2\/product\/36506","targetHints":{"allow":["GET"]}}],"collection":[{"href":"https:\/\/socialdesignmagazine.com\/mag\/products-selection\/wp-json\/wp\/v2\/product"}],"about":[{"href":"https:\/\/socialdesignmagazine.com\/mag\/products-selection\/wp-json\/wp\/v2\/types\/product"}],"wp:featuredmedia":[{"embeddable":true,"href":"https:\/\/socialdesignmagazine.com\/mag\/products-selection\/wp-json\/wp\/v2\/media\/137321"}],"wp:attachment":[{"href":"https:\/\/socialdesignmagazine.com\/mag\/products-selection\/wp-json\/wp\/v2\/media?parent=36506"}],"wp:term":[{"taxonomy":"pwb-brand","embeddable":true,"href":"https:\/\/socialdesignmagazine.com\/mag\/products-selection\/wp-json\/wp\/v2\/pwb-brand?post=36506"},{"taxonomy":"product_brand","embeddable":true,"href":"https:\/\/socialdesignmagazine.com\/mag\/products-selection\/wp-json\/wp\/v2\/product_brand?post=36506"},{"taxonomy":"product_cat","embeddable":true,"href":"https:\/\/socialdesignmagazine.com\/mag\/products-selection\/wp-json\/wp\/v2\/product_cat?post=36506"},{"taxonomy":"product_tag","embeddable":true,"href":"https:\/\/socialdesignmagazine.com\/mag\/products-selection\/wp-json\/wp\/v2\/product_tag?post=36506"}],"curies":[{"name":"wp","href":"https:\/\/api.w.org\/{rel}","templated":true}]}}