{"id":46132,"date":"2016-12-30T01:50:50","date_gmt":"2016-12-30T00:50:50","guid":{"rendered":"https:\/\/socialdesignmagazine.com\/mag\/products-selection\/?post_type=product&#038;p=46132"},"modified":"2021-08-02T18:04:24","modified_gmt":"2021-08-02T16:04:24","slug":"poltrona-tropicalia-nero-design-patricia-urquiola-for-moroso","status":"publish","type":"product","link":"https:\/\/socialdesignmagazine.com\/mag\/products-selection\/product\/poltrona-tropicalia-nero-design-patricia-urquiola-for-moroso\/","title":{"rendered":"Poltrona Tropicalia Nero design Patricia Urquiola for Moroso"},"content":{"rendered":"<p>Uno stile etnico e chic che dar\u00e0 bella mostra di s\u00e9 nel vostro salotto! A met\u00e0 tra artigianato e alta moda, Patricia Urquiola ci offre un autentico inno all&#8217;intreccio. La poltroncina Tropicalia \u00e8 costituita da fili di plastica nera abilmente intrecciati su una leggera struttura in acciaio. L&#8217;intreccio minuzioso dei fili, che segue un disegno ben preciso, crea un effetto visivo affascinante. I motivi geometrici intrecciati si sovrappongono creando diversi gradi di opacit\u00e0. Le ombre proiettate sul pavimento valorizzano la seduta. Questa nuova creazione della regina del design contemporaneo si configura come una ricerca di autenticit\u00e0 che unisce passato e presente, il lavoro artigianale e l&#8217;alta tecnologia. I fili intrecciati formano una seduta confortevole e morbida che si adatta perfettamente alla forma del corpo. In perfetta armonia con la seduta, la struttura in acciaio \u00e8 dipinta di vernice nera. La collezione Tropicalia comprende una sedia, una poltroncina (con o senza braccioli) e una chaise longue.   Da interno<\/p>\n","protected":false},"excerpt":{"rendered":"<p>Uno stile etnico e chic che dar\u00e0 bella mostra di s\u00e9 nel vostro salotto! A met\u00e0 tra artigianato e alta moda, Patricia Urquiola ci offre un autentico inno all&#8217;intreccio. La<\/p>\n","protected":false},"featured_media":137164,"template":"","meta":{"_acf_changed":false,"jetpack_post_was_ever_published":false,"jetpack_publicize_message":"","jetpack_publicize_feature_enabled":true,"jetpack_social_post_already_shared":false,"jetpack_social_options":{"image_generator_settings":{"template":"highway","default_image_id":0,"font":"","enabled":false},"version":2}},"pwb-brand":[1233],"product_brand":[802],"product_cat":[337,607,492,678,536,534,535,533],"product_tag":[531,156],"class_list":{"0":"post-46132","1":"product","2":"type-product","3":"status-publish","4":"has-post-thumbnail","6":"pwb-brand-moroso","7":"product_brand-moroso","8":"product_cat-arredamento","9":"product_cat-designers","10":"product_cat-outdoor","11":"product_cat-patricia-urquiola","12":"product_cat-poltrona-sedute-outdoor","13":"product_cat-poltrona-sedute","14":"product_cat-sedute-outdoor","15":"product_cat-sedute","16":"product_tag-outdoor","17":"product_tag-poltrona","18":"pa_altezza-810-mm","19":"pa_colore-nero","20":"pa_designer-patricia-urquiola","21":"pa_downloads-2d","22":"pa_downloads-3d","23":"pa_downloads-pdf","24":"pa_larghezza-590-mm","25":"pa_materiale-acciaio-verniciato","26":"pa_materiale-materiale-plastico","27":"pa_produttore-moroso","28":"pa_profondita-560-mm","29":"pa_serie-tropicalia","30":"pa_tipo-di-prodotto-poltrona","32":"first","33":"instock","34":"product-type-external"},"acf":[],"yoast_head":"<!-- This site is optimized with the Yoast SEO plugin v27.2 - https:\/\/yoast.com\/product\/yoast-seo-wordpress\/ -->\n<title>Poltrona Tropicalia Nero design Patricia Urquiola for Moroso - SDM Product Selection<\/title>\n<meta name=\"robots\" content=\"index, follow, max-snippet:-1, max-image-preview:large, max-video-preview:-1\" \/>\n<link rel=\"canonical\" href=\"https:\/\/socialdesignmagazine.com\/mag\/products-selection\/product\/poltrona-tropicalia-nero-design-patricia-urquiola-for-moroso\/\" \/>\n<meta property=\"og:locale\" content=\"it_IT\" \/>\n<meta property=\"og:type\" content=\"article\" \/>\n<meta property=\"og:title\" content=\"Poltrona Tropicalia Nero design Patricia Urquiola for Moroso - SDM Product Selection\" \/>\n<meta property=\"og:description\" content=\"Uno stile etnico e chic che dar\u00e0 bella mostra di s\u00e9 nel vostro salotto! A met\u00e0 tra artigianato e alta moda, Patricia Urquiola ci offre un autentico inno all&#8217;intreccio. La\" \/>\n<meta property=\"og:url\" content=\"https:\/\/socialdesignmagazine.com\/mag\/products-selection\/product\/poltrona-tropicalia-nero-design-patricia-urquiola-for-moroso\/\" \/>\n<meta property=\"og:site_name\" content=\"SDM Product Selection\" \/>\n<meta property=\"article:publisher\" content=\"https:\/\/www.facebook.com\/socialdesignmag\" \/>\n<meta property=\"article:modified_time\" content=\"2021-08-02T16:04:24+00:00\" \/>\n<meta property=\"og:image\" content=\"https:\/\/socialdesignmagazine.com\/mag\/products-selection\/wp-content\/uploads\/sites\/2\/2020\/12\/Poltrona-Tropicalia-Nero-Moroso-Patricia-Urquiola.jpg\" \/>\n\t<meta property=\"og:image:width\" content=\"400\" \/>\n\t<meta property=\"og:image:height\" content=\"300\" \/>\n\t<meta property=\"og:image:type\" content=\"image\/jpeg\" \/>\n<meta name=\"twitter:card\" content=\"summary_large_image\" \/>\n<meta name=\"twitter:site\" content=\"@socialdesignmag\" \/>\n<meta name=\"twitter:label1\" content=\"Tempo di lettura stimato\" \/>\n\t<meta name=\"twitter:data1\" content=\"1 minuto\" \/>\n<script type=\"application\/ld+json\" class=\"yoast-schema-graph\">{\"@context\":\"https:\/\/schema.org\",\"@graph\":[{\"@type\":\"WebPage\",\"@id\":\"https:\/\/socialdesignmagazine.com\/mag\/products-selection\/product\/poltrona-tropicalia-nero-design-patricia-urquiola-for-moroso\/\",\"url\":\"https:\/\/socialdesignmagazine.com\/mag\/products-selection\/product\/poltrona-tropicalia-nero-design-patricia-urquiola-for-moroso\/\",\"name\":\"Poltrona Tropicalia Nero design Patricia Urquiola for Moroso - SDM Product Selection\",\"isPartOf\":{\"@id\":\"https:\/\/socialdesignmagazine.com\/mag\/products-selection\/#website\"},\"primaryImageOfPage\":{\"@id\":\"https:\/\/socialdesignmagazine.com\/mag\/products-selection\/product\/poltrona-tropicalia-nero-design-patricia-urquiola-for-moroso\/#primaryimage\"},\"image\":{\"@id\":\"https:\/\/socialdesignmagazine.com\/mag\/products-selection\/product\/poltrona-tropicalia-nero-design-patricia-urquiola-for-moroso\/#primaryimage\"},\"thumbnailUrl\":\"https:\/\/socialdesignmagazine.com\/mag\/products-selection\/wp-content\/uploads\/sites\/2\/2020\/12\/Poltrona-Tropicalia-Nero-Moroso-Patricia-Urquiola.jpg\",\"datePublished\":\"2016-12-30T00:50:50+00:00\",\"dateModified\":\"2021-08-02T16:04:24+00:00\",\"breadcrumb\":{\"@id\":\"https:\/\/socialdesignmagazine.com\/mag\/products-selection\/product\/poltrona-tropicalia-nero-design-patricia-urquiola-for-moroso\/#breadcrumb\"},\"inLanguage\":\"it-IT\",\"potentialAction\":[{\"@type\":\"ReadAction\",\"target\":[\"https:\/\/socialdesignmagazine.com\/mag\/products-selection\/product\/poltrona-tropicalia-nero-design-patricia-urquiola-for-moroso\/\"]}]},{\"@type\":\"ImageObject\",\"inLanguage\":\"it-IT\",\"@id\":\"https:\/\/socialdesignmagazine.com\/mag\/products-selection\/product\/poltrona-tropicalia-nero-design-patricia-urquiola-for-moroso\/#primaryimage\",\"url\":\"https:\/\/socialdesignmagazine.com\/mag\/products-selection\/wp-content\/uploads\/sites\/2\/2020\/12\/Poltrona-Tropicalia-Nero-Moroso-Patricia-Urquiola.jpg\",\"contentUrl\":\"https:\/\/socialdesignmagazine.com\/mag\/products-selection\/wp-content\/uploads\/sites\/2\/2020\/12\/Poltrona-Tropicalia-Nero-Moroso-Patricia-Urquiola.jpg\",\"width\":400,\"height\":300,\"caption\":\"Poltrona Tropicalia Nero Moroso Patricia Urquiola 1\"},{\"@type\":\"BreadcrumbList\",\"@id\":\"https:\/\/socialdesignmagazine.com\/mag\/products-selection\/product\/poltrona-tropicalia-nero-design-patricia-urquiola-for-moroso\/#breadcrumb\",\"itemListElement\":[{\"@type\":\"ListItem\",\"position\":1,\"name\":\"Home\",\"item\":\"https:\/\/socialdesignmagazine.com\/mag\/products-selection\/\"},{\"@type\":\"ListItem\",\"position\":2,\"name\":\"Tutti i prodotti\",\"item\":\"https:\/\/socialdesignmagazine.com\/mag\/products-selection\/tutti-i-prodotti\/\"},{\"@type\":\"ListItem\",\"position\":3,\"name\":\"Poltrona Tropicalia Nero design Patricia Urquiola for Moroso\"}]},{\"@type\":\"WebSite\",\"@id\":\"https:\/\/socialdesignmagazine.com\/mag\/products-selection\/#website\",\"url\":\"https:\/\/socialdesignmagazine.com\/mag\/products-selection\/\",\"name\":\"SDM Product Selection\",\"description\":\"Una selezioni di prodotti dei brand pi\u00f9 interessanti per arredare e progettare\",\"publisher\":{\"@id\":\"https:\/\/socialdesignmagazine.com\/mag\/products-selection\/#organization\"},\"potentialAction\":[{\"@type\":\"SearchAction\",\"target\":{\"@type\":\"EntryPoint\",\"urlTemplate\":\"https:\/\/socialdesignmagazine.com\/mag\/products-selection\/?s={search_term_string}\"},\"query-input\":{\"@type\":\"PropertyValueSpecification\",\"valueRequired\":true,\"valueName\":\"search_term_string\"}}],\"inLanguage\":\"it-IT\"},{\"@type\":\"Organization\",\"@id\":\"https:\/\/socialdesignmagazine.com\/mag\/products-selection\/#organization\",\"name\":\"Social Design Magazine\",\"url\":\"https:\/\/socialdesignmagazine.com\/mag\/products-selection\/\",\"logo\":{\"@type\":\"ImageObject\",\"inLanguage\":\"it-IT\",\"@id\":\"https:\/\/socialdesignmagazine.com\/mag\/products-selection\/#\/schema\/logo\/image\/\",\"url\":\"https:\/\/socialdesignmagazine.com\/mag\/products-selection\/wp-content\/uploads\/sites\/2\/2015\/05\/social-design-magazine-logo.png\",\"contentUrl\":\"https:\/\/socialdesignmagazine.com\/mag\/products-selection\/wp-content\/uploads\/sites\/2\/2015\/05\/social-design-magazine-logo.png\",\"width\":251,\"height\":101,\"caption\":\"Social Design Magazine\"},\"image\":{\"@id\":\"https:\/\/socialdesignmagazine.com\/mag\/products-selection\/#\/schema\/logo\/image\/\"},\"sameAs\":[\"https:\/\/www.facebook.com\/socialdesignmag\",\"https:\/\/x.com\/socialdesignmag\",\"http:\/\/instagram.com\/social_design_magazine\/\",\"http:\/\/pinterest.com\/socialdesignmag\/\",\"http:\/\/www.youtube.com\/user\/socialdesignmagazine\"]}]}<\/script>\n<!-- \/ Yoast SEO plugin. -->","yoast_head_json":{"title":"Poltrona Tropicalia Nero design Patricia Urquiola for Moroso - SDM Product Selection","robots":{"index":"index","follow":"follow","max-snippet":"max-snippet:-1","max-image-preview":"max-image-preview:large","max-video-preview":"max-video-preview:-1"},"canonical":"https:\/\/socialdesignmagazine.com\/mag\/products-selection\/product\/poltrona-tropicalia-nero-design-patricia-urquiola-for-moroso\/","og_locale":"it_IT","og_type":"article","og_title":"Poltrona Tropicalia Nero design Patricia Urquiola for Moroso - SDM Product Selection","og_description":"Uno stile etnico e chic che dar\u00e0 bella mostra di s\u00e9 nel vostro salotto! A met\u00e0 tra artigianato e alta moda, Patricia Urquiola ci offre un autentico inno all&#8217;intreccio. La","og_url":"https:\/\/socialdesignmagazine.com\/mag\/products-selection\/product\/poltrona-tropicalia-nero-design-patricia-urquiola-for-moroso\/","og_site_name":"SDM Product Selection","article_publisher":"https:\/\/www.facebook.com\/socialdesignmag","article_modified_time":"2021-08-02T16:04:24+00:00","og_image":[{"width":400,"height":300,"url":"https:\/\/socialdesignmagazine.com\/mag\/products-selection\/wp-content\/uploads\/sites\/2\/2020\/12\/Poltrona-Tropicalia-Nero-Moroso-Patricia-Urquiola.jpg","type":"image\/jpeg"}],"twitter_card":"summary_large_image","twitter_site":"@socialdesignmag","twitter_misc":{"Tempo di lettura stimato":"1 minuto"},"schema":{"@context":"https:\/\/schema.org","@graph":[{"@type":"WebPage","@id":"https:\/\/socialdesignmagazine.com\/mag\/products-selection\/product\/poltrona-tropicalia-nero-design-patricia-urquiola-for-moroso\/","url":"https:\/\/socialdesignmagazine.com\/mag\/products-selection\/product\/poltrona-tropicalia-nero-design-patricia-urquiola-for-moroso\/","name":"Poltrona Tropicalia Nero design Patricia Urquiola for Moroso - SDM Product Selection","isPartOf":{"@id":"https:\/\/socialdesignmagazine.com\/mag\/products-selection\/#website"},"primaryImageOfPage":{"@id":"https:\/\/socialdesignmagazine.com\/mag\/products-selection\/product\/poltrona-tropicalia-nero-design-patricia-urquiola-for-moroso\/#primaryimage"},"image":{"@id":"https:\/\/socialdesignmagazine.com\/mag\/products-selection\/product\/poltrona-tropicalia-nero-design-patricia-urquiola-for-moroso\/#primaryimage"},"thumbnailUrl":"https:\/\/socialdesignmagazine.com\/mag\/products-selection\/wp-content\/uploads\/sites\/2\/2020\/12\/Poltrona-Tropicalia-Nero-Moroso-Patricia-Urquiola.jpg","datePublished":"2016-12-30T00:50:50+00:00","dateModified":"2021-08-02T16:04:24+00:00","breadcrumb":{"@id":"https:\/\/socialdesignmagazine.com\/mag\/products-selection\/product\/poltrona-tropicalia-nero-design-patricia-urquiola-for-moroso\/#breadcrumb"},"inLanguage":"it-IT","potentialAction":[{"@type":"ReadAction","target":["https:\/\/socialdesignmagazine.com\/mag\/products-selection\/product\/poltrona-tropicalia-nero-design-patricia-urquiola-for-moroso\/"]}]},{"@type":"ImageObject","inLanguage":"it-IT","@id":"https:\/\/socialdesignmagazine.com\/mag\/products-selection\/product\/poltrona-tropicalia-nero-design-patricia-urquiola-for-moroso\/#primaryimage","url":"https:\/\/socialdesignmagazine.com\/mag\/products-selection\/wp-content\/uploads\/sites\/2\/2020\/12\/Poltrona-Tropicalia-Nero-Moroso-Patricia-Urquiola.jpg","contentUrl":"https:\/\/socialdesignmagazine.com\/mag\/products-selection\/wp-content\/uploads\/sites\/2\/2020\/12\/Poltrona-Tropicalia-Nero-Moroso-Patricia-Urquiola.jpg","width":400,"height":300,"caption":"Poltrona Tropicalia Nero Moroso Patricia Urquiola 1"},{"@type":"BreadcrumbList","@id":"https:\/\/socialdesignmagazine.com\/mag\/products-selection\/product\/poltrona-tropicalia-nero-design-patricia-urquiola-for-moroso\/#breadcrumb","itemListElement":[{"@type":"ListItem","position":1,"name":"Home","item":"https:\/\/socialdesignmagazine.com\/mag\/products-selection\/"},{"@type":"ListItem","position":2,"name":"Tutti i prodotti","item":"https:\/\/socialdesignmagazine.com\/mag\/products-selection\/tutti-i-prodotti\/"},{"@type":"ListItem","position":3,"name":"Poltrona Tropicalia Nero design Patricia Urquiola for Moroso"}]},{"@type":"WebSite","@id":"https:\/\/socialdesignmagazine.com\/mag\/products-selection\/#website","url":"https:\/\/socialdesignmagazine.com\/mag\/products-selection\/","name":"SDM Product Selection","description":"Una selezioni di prodotti dei brand pi\u00f9 interessanti per arredare e progettare","publisher":{"@id":"https:\/\/socialdesignmagazine.com\/mag\/products-selection\/#organization"},"potentialAction":[{"@type":"SearchAction","target":{"@type":"EntryPoint","urlTemplate":"https:\/\/socialdesignmagazine.com\/mag\/products-selection\/?s={search_term_string}"},"query-input":{"@type":"PropertyValueSpecification","valueRequired":true,"valueName":"search_term_string"}}],"inLanguage":"it-IT"},{"@type":"Organization","@id":"https:\/\/socialdesignmagazine.com\/mag\/products-selection\/#organization","name":"Social Design Magazine","url":"https:\/\/socialdesignmagazine.com\/mag\/products-selection\/","logo":{"@type":"ImageObject","inLanguage":"it-IT","@id":"https:\/\/socialdesignmagazine.com\/mag\/products-selection\/#\/schema\/logo\/image\/","url":"https:\/\/socialdesignmagazine.com\/mag\/products-selection\/wp-content\/uploads\/sites\/2\/2015\/05\/social-design-magazine-logo.png","contentUrl":"https:\/\/socialdesignmagazine.com\/mag\/products-selection\/wp-content\/uploads\/sites\/2\/2015\/05\/social-design-magazine-logo.png","width":251,"height":101,"caption":"Social Design Magazine"},"image":{"@id":"https:\/\/socialdesignmagazine.com\/mag\/products-selection\/#\/schema\/logo\/image\/"},"sameAs":["https:\/\/www.facebook.com\/socialdesignmag","https:\/\/x.com\/socialdesignmag","http:\/\/instagram.com\/social_design_magazine\/","http:\/\/pinterest.com\/socialdesignmag\/","http:\/\/www.youtube.com\/user\/socialdesignmagazine"]}]}},"jetpack_publicize_connections":[],"jetpack_sharing_enabled":true,"brands":[{"id":1233,"name":"Moroso","slug":"moroso"}],"_links":{"self":[{"href":"https:\/\/socialdesignmagazine.com\/mag\/products-selection\/wp-json\/wp\/v2\/product\/46132","targetHints":{"allow":["GET"]}}],"collection":[{"href":"https:\/\/socialdesignmagazine.com\/mag\/products-selection\/wp-json\/wp\/v2\/product"}],"about":[{"href":"https:\/\/socialdesignmagazine.com\/mag\/products-selection\/wp-json\/wp\/v2\/types\/product"}],"wp:featuredmedia":[{"embeddable":true,"href":"https:\/\/socialdesignmagazine.com\/mag\/products-selection\/wp-json\/wp\/v2\/media\/137164"}],"wp:attachment":[{"href":"https:\/\/socialdesignmagazine.com\/mag\/products-selection\/wp-json\/wp\/v2\/media?parent=46132"}],"wp:term":[{"taxonomy":"pwb-brand","embeddable":true,"href":"https:\/\/socialdesignmagazine.com\/mag\/products-selection\/wp-json\/wp\/v2\/pwb-brand?post=46132"},{"taxonomy":"product_brand","embeddable":true,"href":"https:\/\/socialdesignmagazine.com\/mag\/products-selection\/wp-json\/wp\/v2\/product_brand?post=46132"},{"taxonomy":"product_cat","embeddable":true,"href":"https:\/\/socialdesignmagazine.com\/mag\/products-selection\/wp-json\/wp\/v2\/product_cat?post=46132"},{"taxonomy":"product_tag","embeddable":true,"href":"https:\/\/socialdesignmagazine.com\/mag\/products-selection\/wp-json\/wp\/v2\/product_tag?post=46132"}],"curies":[{"name":"wp","href":"https:\/\/api.w.org\/{rel}","templated":true}]}}