{"id":46212,"date":"2016-12-30T01:51:01","date_gmt":"2016-12-30T00:51:01","guid":{"rendered":"https:\/\/socialdesignmagazine.com\/mag\/products-selection\/?post_type=product&#038;p=46212"},"modified":"2021-08-02T18:04:39","modified_gmt":"2021-08-02T16:04:39","slug":"sgabello-shitake-nero-design-marcel-wanders-for-moroso","status":"publish","type":"product","link":"https:\/\/socialdesignmagazine.com\/mag\/products-selection\/product\/sgabello-shitake-nero-design-marcel-wanders-for-moroso\/","title":{"rendered":"Sgabello Shitake Nero design Marcel Wanders for Moroso"},"content":{"rendered":"<p>Shitake&#8221; \u00e8 un nuovo esempio dello spirito anticonvenzionale, espressivo e bizzarro del celebre Marcel Wanders. La forma di questo sgabello \u00e8 ispirata a un fungo giapponese omonimo, che nasce sugli alberi e che, nella lingua madre del designer, l&#8217;olandese, significa &#8220;panchina degli elfi&#8221;. Con &#8221;Shitake&#8221;, il designer olandese sperimenta il potenziale dello stampaggio rotativo su plastica, per creare motivi decorativi incastonati nel materiale. L&#8217;effetto visivo \u00e8 affascinante: la superficie \u00e8 interamente ricoperta da un ricamo in rilievo&#8230; Perfettamente resistente ai raggi UV e agli agenti atmosferici, Shitake potr\u00e0 essere utilizzato sia all&#8217;interno che all&#8217;esterno. L&#8217;interno dello sgabello \u00e8 cavo e chiuso con un tappo, affinch\u00e9 possa essere riempito d&#8217;acqua o di sabbia. \u00c8 disponibile in diversi colori: bianco, nero, rosso, marrone, giallo e verde. Interno \/ Esterno<\/p>\n","protected":false},"excerpt":{"rendered":"<p>Shitake&#8221; \u00e8 un nuovo esempio dello spirito anticonvenzionale, espressivo e bizzarro del celebre Marcel Wanders. La forma di questo sgabello \u00e8 ispirata a un fungo giapponese omonimo, che nasce sugli<\/p>\n","protected":false},"featured_media":137190,"template":"","meta":{"_acf_changed":false,"jetpack_post_was_ever_published":false,"jetpack_publicize_message":"","jetpack_publicize_feature_enabled":true,"jetpack_social_post_already_shared":false,"jetpack_social_options":{"image_generator_settings":{"template":"highway","default_image_id":0,"font":"","enabled":false},"version":2}},"pwb-brand":[1233],"product_brand":[802],"product_cat":[337,607,830,492,533,535,554,555],"product_tag":[531,10],"class_list":{"0":"post-46212","1":"product","2":"type-product","3":"status-publish","4":"has-post-thumbnail","6":"pwb-brand-moroso","7":"product_brand-moroso","8":"product_cat-arredamento","9":"product_cat-designers","10":"product_cat-marcel-wanders","11":"product_cat-outdoor","12":"product_cat-sedute","13":"product_cat-sedute-outdoor","14":"product_cat-sgabello","15":"product_cat-sgabello-sedute-outdoor","16":"product_tag-outdoor","17":"product_tag-sgabello","18":"pa_altezza-430-mm","19":"pa_colore-nero","20":"pa_designer-marcel-wanders","21":"pa_downloads-pdf","22":"pa_larghezza-520-mm","23":"pa_materiale-polietilene","24":"pa_produttore-moroso","25":"pa_profondita-370-mm","26":"pa_tipo-di-prodotto-sgabello","28":"first","29":"instock","30":"product-type-external"},"acf":[],"yoast_head":"<!-- This site is optimized with the Yoast SEO plugin v27.2 - https:\/\/yoast.com\/product\/yoast-seo-wordpress\/ -->\n<title>Sgabello Shitake Nero design Marcel Wanders for Moroso - SDM Product Selection<\/title>\n<meta name=\"robots\" content=\"index, follow, max-snippet:-1, max-image-preview:large, max-video-preview:-1\" \/>\n<link rel=\"canonical\" href=\"https:\/\/socialdesignmagazine.com\/mag\/products-selection\/product\/sgabello-shitake-nero-design-marcel-wanders-for-moroso\/\" \/>\n<meta property=\"og:locale\" content=\"it_IT\" \/>\n<meta property=\"og:type\" content=\"article\" \/>\n<meta property=\"og:title\" content=\"Sgabello Shitake Nero design Marcel Wanders for Moroso - SDM Product Selection\" \/>\n<meta property=\"og:description\" content=\"Shitake&#8221; \u00e8 un nuovo esempio dello spirito anticonvenzionale, espressivo e bizzarro del celebre Marcel Wanders. La forma di questo sgabello \u00e8 ispirata a un fungo giapponese omonimo, che nasce sugli\" \/>\n<meta property=\"og:url\" content=\"https:\/\/socialdesignmagazine.com\/mag\/products-selection\/product\/sgabello-shitake-nero-design-marcel-wanders-for-moroso\/\" \/>\n<meta property=\"og:site_name\" content=\"SDM Product Selection\" \/>\n<meta property=\"article:publisher\" content=\"https:\/\/www.facebook.com\/socialdesignmag\" \/>\n<meta property=\"article:modified_time\" content=\"2021-08-02T16:04:39+00:00\" \/>\n<meta property=\"og:image\" content=\"https:\/\/socialdesignmagazine.com\/mag\/products-selection\/wp-content\/uploads\/sites\/2\/2020\/12\/Sgabello-Shitake-Nero-Moroso-Marcel-Wanders.jpg\" \/>\n\t<meta property=\"og:image:width\" content=\"400\" \/>\n\t<meta property=\"og:image:height\" content=\"352\" \/>\n\t<meta property=\"og:image:type\" content=\"image\/jpeg\" \/>\n<meta name=\"twitter:card\" content=\"summary_large_image\" \/>\n<meta name=\"twitter:site\" content=\"@socialdesignmag\" \/>\n<meta name=\"twitter:label1\" content=\"Tempo di lettura stimato\" \/>\n\t<meta name=\"twitter:data1\" content=\"1 minuto\" \/>\n<script type=\"application\/ld+json\" class=\"yoast-schema-graph\">{\"@context\":\"https:\/\/schema.org\",\"@graph\":[{\"@type\":\"WebPage\",\"@id\":\"https:\/\/socialdesignmagazine.com\/mag\/products-selection\/product\/sgabello-shitake-nero-design-marcel-wanders-for-moroso\/\",\"url\":\"https:\/\/socialdesignmagazine.com\/mag\/products-selection\/product\/sgabello-shitake-nero-design-marcel-wanders-for-moroso\/\",\"name\":\"Sgabello Shitake Nero design Marcel Wanders for Moroso - SDM Product Selection\",\"isPartOf\":{\"@id\":\"https:\/\/socialdesignmagazine.com\/mag\/products-selection\/#website\"},\"primaryImageOfPage\":{\"@id\":\"https:\/\/socialdesignmagazine.com\/mag\/products-selection\/product\/sgabello-shitake-nero-design-marcel-wanders-for-moroso\/#primaryimage\"},\"image\":{\"@id\":\"https:\/\/socialdesignmagazine.com\/mag\/products-selection\/product\/sgabello-shitake-nero-design-marcel-wanders-for-moroso\/#primaryimage\"},\"thumbnailUrl\":\"https:\/\/socialdesignmagazine.com\/mag\/products-selection\/wp-content\/uploads\/sites\/2\/2020\/12\/Sgabello-Shitake-Nero-Moroso-Marcel-Wanders.jpg\",\"datePublished\":\"2016-12-30T00:51:01+00:00\",\"dateModified\":\"2021-08-02T16:04:39+00:00\",\"breadcrumb\":{\"@id\":\"https:\/\/socialdesignmagazine.com\/mag\/products-selection\/product\/sgabello-shitake-nero-design-marcel-wanders-for-moroso\/#breadcrumb\"},\"inLanguage\":\"it-IT\",\"potentialAction\":[{\"@type\":\"ReadAction\",\"target\":[\"https:\/\/socialdesignmagazine.com\/mag\/products-selection\/product\/sgabello-shitake-nero-design-marcel-wanders-for-moroso\/\"]}]},{\"@type\":\"ImageObject\",\"inLanguage\":\"it-IT\",\"@id\":\"https:\/\/socialdesignmagazine.com\/mag\/products-selection\/product\/sgabello-shitake-nero-design-marcel-wanders-for-moroso\/#primaryimage\",\"url\":\"https:\/\/socialdesignmagazine.com\/mag\/products-selection\/wp-content\/uploads\/sites\/2\/2020\/12\/Sgabello-Shitake-Nero-Moroso-Marcel-Wanders.jpg\",\"contentUrl\":\"https:\/\/socialdesignmagazine.com\/mag\/products-selection\/wp-content\/uploads\/sites\/2\/2020\/12\/Sgabello-Shitake-Nero-Moroso-Marcel-Wanders.jpg\",\"width\":400,\"height\":352,\"caption\":\"Sgabello Shitake Nero Moroso Marcel Wanders 1\"},{\"@type\":\"BreadcrumbList\",\"@id\":\"https:\/\/socialdesignmagazine.com\/mag\/products-selection\/product\/sgabello-shitake-nero-design-marcel-wanders-for-moroso\/#breadcrumb\",\"itemListElement\":[{\"@type\":\"ListItem\",\"position\":1,\"name\":\"Home\",\"item\":\"https:\/\/socialdesignmagazine.com\/mag\/products-selection\/\"},{\"@type\":\"ListItem\",\"position\":2,\"name\":\"Tutti i prodotti\",\"item\":\"https:\/\/socialdesignmagazine.com\/mag\/products-selection\/tutti-i-prodotti\/\"},{\"@type\":\"ListItem\",\"position\":3,\"name\":\"Sgabello Shitake Nero design Marcel Wanders for Moroso\"}]},{\"@type\":\"WebSite\",\"@id\":\"https:\/\/socialdesignmagazine.com\/mag\/products-selection\/#website\",\"url\":\"https:\/\/socialdesignmagazine.com\/mag\/products-selection\/\",\"name\":\"SDM Product Selection\",\"description\":\"Una selezioni di prodotti dei brand pi\u00f9 interessanti per arredare e progettare\",\"publisher\":{\"@id\":\"https:\/\/socialdesignmagazine.com\/mag\/products-selection\/#organization\"},\"potentialAction\":[{\"@type\":\"SearchAction\",\"target\":{\"@type\":\"EntryPoint\",\"urlTemplate\":\"https:\/\/socialdesignmagazine.com\/mag\/products-selection\/?s={search_term_string}\"},\"query-input\":{\"@type\":\"PropertyValueSpecification\",\"valueRequired\":true,\"valueName\":\"search_term_string\"}}],\"inLanguage\":\"it-IT\"},{\"@type\":\"Organization\",\"@id\":\"https:\/\/socialdesignmagazine.com\/mag\/products-selection\/#organization\",\"name\":\"Social Design Magazine\",\"url\":\"https:\/\/socialdesignmagazine.com\/mag\/products-selection\/\",\"logo\":{\"@type\":\"ImageObject\",\"inLanguage\":\"it-IT\",\"@id\":\"https:\/\/socialdesignmagazine.com\/mag\/products-selection\/#\/schema\/logo\/image\/\",\"url\":\"https:\/\/socialdesignmagazine.com\/mag\/products-selection\/wp-content\/uploads\/sites\/2\/2015\/05\/social-design-magazine-logo.png\",\"contentUrl\":\"https:\/\/socialdesignmagazine.com\/mag\/products-selection\/wp-content\/uploads\/sites\/2\/2015\/05\/social-design-magazine-logo.png\",\"width\":251,\"height\":101,\"caption\":\"Social Design Magazine\"},\"image\":{\"@id\":\"https:\/\/socialdesignmagazine.com\/mag\/products-selection\/#\/schema\/logo\/image\/\"},\"sameAs\":[\"https:\/\/www.facebook.com\/socialdesignmag\",\"https:\/\/x.com\/socialdesignmag\",\"http:\/\/instagram.com\/social_design_magazine\/\",\"http:\/\/pinterest.com\/socialdesignmag\/\",\"http:\/\/www.youtube.com\/user\/socialdesignmagazine\"]}]}<\/script>\n<!-- \/ Yoast SEO plugin. -->","yoast_head_json":{"title":"Sgabello Shitake Nero design Marcel Wanders for Moroso - SDM Product Selection","robots":{"index":"index","follow":"follow","max-snippet":"max-snippet:-1","max-image-preview":"max-image-preview:large","max-video-preview":"max-video-preview:-1"},"canonical":"https:\/\/socialdesignmagazine.com\/mag\/products-selection\/product\/sgabello-shitake-nero-design-marcel-wanders-for-moroso\/","og_locale":"it_IT","og_type":"article","og_title":"Sgabello Shitake Nero design Marcel Wanders for Moroso - SDM Product Selection","og_description":"Shitake&#8221; \u00e8 un nuovo esempio dello spirito anticonvenzionale, espressivo e bizzarro del celebre Marcel Wanders. La forma di questo sgabello \u00e8 ispirata a un fungo giapponese omonimo, che nasce sugli","og_url":"https:\/\/socialdesignmagazine.com\/mag\/products-selection\/product\/sgabello-shitake-nero-design-marcel-wanders-for-moroso\/","og_site_name":"SDM Product Selection","article_publisher":"https:\/\/www.facebook.com\/socialdesignmag","article_modified_time":"2021-08-02T16:04:39+00:00","og_image":[{"width":400,"height":352,"url":"https:\/\/socialdesignmagazine.com\/mag\/products-selection\/wp-content\/uploads\/sites\/2\/2020\/12\/Sgabello-Shitake-Nero-Moroso-Marcel-Wanders.jpg","type":"image\/jpeg"}],"twitter_card":"summary_large_image","twitter_site":"@socialdesignmag","twitter_misc":{"Tempo di lettura stimato":"1 minuto"},"schema":{"@context":"https:\/\/schema.org","@graph":[{"@type":"WebPage","@id":"https:\/\/socialdesignmagazine.com\/mag\/products-selection\/product\/sgabello-shitake-nero-design-marcel-wanders-for-moroso\/","url":"https:\/\/socialdesignmagazine.com\/mag\/products-selection\/product\/sgabello-shitake-nero-design-marcel-wanders-for-moroso\/","name":"Sgabello Shitake Nero design Marcel Wanders for Moroso - SDM Product Selection","isPartOf":{"@id":"https:\/\/socialdesignmagazine.com\/mag\/products-selection\/#website"},"primaryImageOfPage":{"@id":"https:\/\/socialdesignmagazine.com\/mag\/products-selection\/product\/sgabello-shitake-nero-design-marcel-wanders-for-moroso\/#primaryimage"},"image":{"@id":"https:\/\/socialdesignmagazine.com\/mag\/products-selection\/product\/sgabello-shitake-nero-design-marcel-wanders-for-moroso\/#primaryimage"},"thumbnailUrl":"https:\/\/socialdesignmagazine.com\/mag\/products-selection\/wp-content\/uploads\/sites\/2\/2020\/12\/Sgabello-Shitake-Nero-Moroso-Marcel-Wanders.jpg","datePublished":"2016-12-30T00:51:01+00:00","dateModified":"2021-08-02T16:04:39+00:00","breadcrumb":{"@id":"https:\/\/socialdesignmagazine.com\/mag\/products-selection\/product\/sgabello-shitake-nero-design-marcel-wanders-for-moroso\/#breadcrumb"},"inLanguage":"it-IT","potentialAction":[{"@type":"ReadAction","target":["https:\/\/socialdesignmagazine.com\/mag\/products-selection\/product\/sgabello-shitake-nero-design-marcel-wanders-for-moroso\/"]}]},{"@type":"ImageObject","inLanguage":"it-IT","@id":"https:\/\/socialdesignmagazine.com\/mag\/products-selection\/product\/sgabello-shitake-nero-design-marcel-wanders-for-moroso\/#primaryimage","url":"https:\/\/socialdesignmagazine.com\/mag\/products-selection\/wp-content\/uploads\/sites\/2\/2020\/12\/Sgabello-Shitake-Nero-Moroso-Marcel-Wanders.jpg","contentUrl":"https:\/\/socialdesignmagazine.com\/mag\/products-selection\/wp-content\/uploads\/sites\/2\/2020\/12\/Sgabello-Shitake-Nero-Moroso-Marcel-Wanders.jpg","width":400,"height":352,"caption":"Sgabello Shitake Nero Moroso Marcel Wanders 1"},{"@type":"BreadcrumbList","@id":"https:\/\/socialdesignmagazine.com\/mag\/products-selection\/product\/sgabello-shitake-nero-design-marcel-wanders-for-moroso\/#breadcrumb","itemListElement":[{"@type":"ListItem","position":1,"name":"Home","item":"https:\/\/socialdesignmagazine.com\/mag\/products-selection\/"},{"@type":"ListItem","position":2,"name":"Tutti i prodotti","item":"https:\/\/socialdesignmagazine.com\/mag\/products-selection\/tutti-i-prodotti\/"},{"@type":"ListItem","position":3,"name":"Sgabello Shitake Nero design Marcel Wanders for Moroso"}]},{"@type":"WebSite","@id":"https:\/\/socialdesignmagazine.com\/mag\/products-selection\/#website","url":"https:\/\/socialdesignmagazine.com\/mag\/products-selection\/","name":"SDM Product Selection","description":"Una selezioni di prodotti dei brand pi\u00f9 interessanti per arredare e progettare","publisher":{"@id":"https:\/\/socialdesignmagazine.com\/mag\/products-selection\/#organization"},"potentialAction":[{"@type":"SearchAction","target":{"@type":"EntryPoint","urlTemplate":"https:\/\/socialdesignmagazine.com\/mag\/products-selection\/?s={search_term_string}"},"query-input":{"@type":"PropertyValueSpecification","valueRequired":true,"valueName":"search_term_string"}}],"inLanguage":"it-IT"},{"@type":"Organization","@id":"https:\/\/socialdesignmagazine.com\/mag\/products-selection\/#organization","name":"Social Design Magazine","url":"https:\/\/socialdesignmagazine.com\/mag\/products-selection\/","logo":{"@type":"ImageObject","inLanguage":"it-IT","@id":"https:\/\/socialdesignmagazine.com\/mag\/products-selection\/#\/schema\/logo\/image\/","url":"https:\/\/socialdesignmagazine.com\/mag\/products-selection\/wp-content\/uploads\/sites\/2\/2015\/05\/social-design-magazine-logo.png","contentUrl":"https:\/\/socialdesignmagazine.com\/mag\/products-selection\/wp-content\/uploads\/sites\/2\/2015\/05\/social-design-magazine-logo.png","width":251,"height":101,"caption":"Social Design Magazine"},"image":{"@id":"https:\/\/socialdesignmagazine.com\/mag\/products-selection\/#\/schema\/logo\/image\/"},"sameAs":["https:\/\/www.facebook.com\/socialdesignmag","https:\/\/x.com\/socialdesignmag","http:\/\/instagram.com\/social_design_magazine\/","http:\/\/pinterest.com\/socialdesignmag\/","http:\/\/www.youtube.com\/user\/socialdesignmagazine"]}]}},"jetpack_publicize_connections":[],"jetpack_sharing_enabled":true,"brands":[{"id":1233,"name":"Moroso","slug":"moroso"}],"_links":{"self":[{"href":"https:\/\/socialdesignmagazine.com\/mag\/products-selection\/wp-json\/wp\/v2\/product\/46212","targetHints":{"allow":["GET"]}}],"collection":[{"href":"https:\/\/socialdesignmagazine.com\/mag\/products-selection\/wp-json\/wp\/v2\/product"}],"about":[{"href":"https:\/\/socialdesignmagazine.com\/mag\/products-selection\/wp-json\/wp\/v2\/types\/product"}],"wp:featuredmedia":[{"embeddable":true,"href":"https:\/\/socialdesignmagazine.com\/mag\/products-selection\/wp-json\/wp\/v2\/media\/137190"}],"wp:attachment":[{"href":"https:\/\/socialdesignmagazine.com\/mag\/products-selection\/wp-json\/wp\/v2\/media?parent=46212"}],"wp:term":[{"taxonomy":"pwb-brand","embeddable":true,"href":"https:\/\/socialdesignmagazine.com\/mag\/products-selection\/wp-json\/wp\/v2\/pwb-brand?post=46212"},{"taxonomy":"product_brand","embeddable":true,"href":"https:\/\/socialdesignmagazine.com\/mag\/products-selection\/wp-json\/wp\/v2\/product_brand?post=46212"},{"taxonomy":"product_cat","embeddable":true,"href":"https:\/\/socialdesignmagazine.com\/mag\/products-selection\/wp-json\/wp\/v2\/product_cat?post=46212"},{"taxonomy":"product_tag","embeddable":true,"href":"https:\/\/socialdesignmagazine.com\/mag\/products-selection\/wp-json\/wp\/v2\/product_tag?post=46212"}],"curies":[{"name":"wp","href":"https:\/\/api.w.org\/{rel}","templated":true}]}}