{"id":5182,"date":"2015-11-27T01:43:18","date_gmt":"2015-11-27T00:43:18","guid":{"rendered":"https:\/\/socialdesignmagazine.com\/mag\/products-selection\/?post_type=product&#038;p=5182"},"modified":"2021-08-03T20:55:11","modified_gmt":"2021-08-03T18:55:11","slug":"caffettiera-coffee-it-inox-lucido-design-wiel-arets-for-alessi","status":"publish","type":"product","link":"https:\/\/socialdesignmagazine.com\/mag\/products-selection\/product\/caffettiera-coffee-it-inox-lucido-design-wiel-arets-for-alessi\/","title":{"rendered":"Caffettiera COFFEE.IT Inox lucido design Wiel Arets for ALESSI"},"content":{"rendered":"<p>Architetto singolare, pensatore indipendente, parte integrante della scena olandese pur rappresentando un caso a s\u00e9, Wiel Arets non segue trend n\u00e9 pu\u00f2 essere facilmente classificato in una categoria. Esponente di punta dell\u2019approccio ontologico invece che rappresentazionale dell\u2019architettura (K. Frampton), il suo lavoro tende alla regolarit\u00e0 delle parti ma non \u00e8 minimalista in senso riduttivo, include un grado molto elevato di complessit\u00e0 intellettuale ma \u00e8 anche molto concreto e guarda con attenzione e modestia alla gente comune. Maestro nell\u2019uso dei materiali sia nella loro forma pi\u00f9 grezza che sorprendentemente raffinata, la centralit\u00e0 della sua architettura non consiste in un\u2019attivit\u00e0 di elaborazione formale di tipo scultoreo o iconico come molti suoi colleghi ma tende a una condensazione e a una intensit\u00e0 che sono la ragione dell\u2019aura speciale di Leggerezza e di Consistenza che caratterizza le sue opere. La versione elettrica della Caffettiera espresso \u201ccoffee.it\u201d \u00e8 corredata di un timer che consente di programmare l\u2019orario desiderato di preparazione del caff\u00e8.<\/p>\n","protected":false},"excerpt":{"rendered":"<p>La versione elettrica della Caffettiera espresso \u201ccoffee.it\u201d \u00e8 corredata di un timer che consente di programmare l\u2019orario desiderato di preparazione del caff\u00e8.<\/p>\n","protected":false},"featured_media":138041,"template":"","meta":{"_acf_changed":false,"jetpack_post_was_ever_published":false,"jetpack_publicize_message":"","jetpack_publicize_feature_enabled":true,"jetpack_social_post_already_shared":false,"jetpack_social_options":{"image_generator_settings":{"template":"highway","default_image_id":0,"font":"","enabled":false},"version":2}},"pwb-brand":[1221],"product_brand":[261],"product_cat":[386,290,607,827],"product_tag":[41],"class_list":{"0":"post-5182","1":"product","2":"type-product","3":"status-publish","4":"has-post-thumbnail","6":"pwb-brand-alessi","7":"product_brand-alessi","8":"product_cat-caffettiera-cucina","9":"product_cat-cucina","10":"product_cat-designers","11":"product_cat-wiel-arets","12":"product_tag-caffettiera","13":"pa_colore-inox-lucido","14":"pa_designer-wiel-arets","15":"pa_materiale-acciaio-inox","16":"pa_produttore-alessi","17":"pa_tipo-di-prodotto-caffettiera","19":"first","20":"instock","21":"product-type-external"},"acf":[],"yoast_head":"<!-- This site is optimized with the Yoast SEO plugin v27.2 - https:\/\/yoast.com\/product\/yoast-seo-wordpress\/ -->\n<title>Caffettiera COFFEE.IT Inox lucido design Wiel Arets for ALESSI - SDM Product Selection<\/title>\n<meta name=\"description\" content=\"La versione elettrica della Caffettiera espresso \u201ccoffee.it\u201d \u00e8 corredata di un timer che consente di programmare l\u2019orario desiderato di preparazione del caff\u00e8.\" \/>\n<meta name=\"robots\" content=\"index, follow, max-snippet:-1, max-image-preview:large, max-video-preview:-1\" \/>\n<link rel=\"canonical\" href=\"https:\/\/socialdesignmagazine.com\/mag\/products-selection\/product\/caffettiera-coffee-it-inox-lucido-design-wiel-arets-for-alessi\/\" \/>\n<meta property=\"og:locale\" content=\"it_IT\" \/>\n<meta property=\"og:type\" content=\"article\" \/>\n<meta property=\"og:title\" content=\"Caffettiera COFFEE.IT Inox lucido design Wiel Arets for ALESSI - SDM Product Selection\" \/>\n<meta property=\"og:description\" content=\"La versione elettrica della Caffettiera espresso \u201ccoffee.it\u201d \u00e8 corredata di un timer che consente di programmare l\u2019orario desiderato di preparazione del caff\u00e8.\" \/>\n<meta property=\"og:url\" content=\"https:\/\/socialdesignmagazine.com\/mag\/products-selection\/product\/caffettiera-coffee-it-inox-lucido-design-wiel-arets-for-alessi\/\" \/>\n<meta property=\"og:site_name\" content=\"SDM Product Selection\" \/>\n<meta property=\"article:publisher\" content=\"https:\/\/www.facebook.com\/socialdesignmag\" \/>\n<meta property=\"article:modified_time\" content=\"2021-08-03T18:55:11+00:00\" \/>\n<meta property=\"og:image\" content=\"https:\/\/socialdesignmagazine.com\/mag\/products-selection\/wp-content\/uploads\/sites\/2\/2020\/12\/Caffettiera-COFFEE.IT-Inox-lucido-ALESSI-Wiel-Arets.jpg\" \/>\n\t<meta property=\"og:image:width\" content=\"387\" \/>\n\t<meta property=\"og:image:height\" content=\"490\" \/>\n\t<meta property=\"og:image:type\" content=\"image\/jpeg\" \/>\n<meta name=\"twitter:card\" content=\"summary_large_image\" \/>\n<meta name=\"twitter:site\" content=\"@socialdesignmag\" \/>\n<meta name=\"twitter:label1\" content=\"Tempo di lettura stimato\" \/>\n\t<meta name=\"twitter:data1\" content=\"1 minuto\" \/>\n<script type=\"application\/ld+json\" class=\"yoast-schema-graph\">{\"@context\":\"https:\/\/schema.org\",\"@graph\":[{\"@type\":\"WebPage\",\"@id\":\"https:\/\/socialdesignmagazine.com\/mag\/products-selection\/product\/caffettiera-coffee-it-inox-lucido-design-wiel-arets-for-alessi\/\",\"url\":\"https:\/\/socialdesignmagazine.com\/mag\/products-selection\/product\/caffettiera-coffee-it-inox-lucido-design-wiel-arets-for-alessi\/\",\"name\":\"Caffettiera COFFEE.IT Inox lucido design Wiel Arets for ALESSI - SDM Product Selection\",\"isPartOf\":{\"@id\":\"https:\/\/socialdesignmagazine.com\/mag\/products-selection\/#website\"},\"primaryImageOfPage\":{\"@id\":\"https:\/\/socialdesignmagazine.com\/mag\/products-selection\/product\/caffettiera-coffee-it-inox-lucido-design-wiel-arets-for-alessi\/#primaryimage\"},\"image\":{\"@id\":\"https:\/\/socialdesignmagazine.com\/mag\/products-selection\/product\/caffettiera-coffee-it-inox-lucido-design-wiel-arets-for-alessi\/#primaryimage\"},\"thumbnailUrl\":\"https:\/\/socialdesignmagazine.com\/mag\/products-selection\/wp-content\/uploads\/sites\/2\/2020\/12\/Caffettiera-COFFEE.IT-Inox-lucido-ALESSI-Wiel-Arets.jpg\",\"datePublished\":\"2015-11-27T00:43:18+00:00\",\"dateModified\":\"2021-08-03T18:55:11+00:00\",\"description\":\"La versione elettrica della Caffettiera espresso \u201ccoffee.it\u201d \u00e8 corredata di un timer che consente di programmare l\u2019orario desiderato di preparazione del caff\u00e8.\",\"breadcrumb\":{\"@id\":\"https:\/\/socialdesignmagazine.com\/mag\/products-selection\/product\/caffettiera-coffee-it-inox-lucido-design-wiel-arets-for-alessi\/#breadcrumb\"},\"inLanguage\":\"it-IT\",\"potentialAction\":[{\"@type\":\"ReadAction\",\"target\":[\"https:\/\/socialdesignmagazine.com\/mag\/products-selection\/product\/caffettiera-coffee-it-inox-lucido-design-wiel-arets-for-alessi\/\"]}]},{\"@type\":\"ImageObject\",\"inLanguage\":\"it-IT\",\"@id\":\"https:\/\/socialdesignmagazine.com\/mag\/products-selection\/product\/caffettiera-coffee-it-inox-lucido-design-wiel-arets-for-alessi\/#primaryimage\",\"url\":\"https:\/\/socialdesignmagazine.com\/mag\/products-selection\/wp-content\/uploads\/sites\/2\/2020\/12\/Caffettiera-COFFEE.IT-Inox-lucido-ALESSI-Wiel-Arets.jpg\",\"contentUrl\":\"https:\/\/socialdesignmagazine.com\/mag\/products-selection\/wp-content\/uploads\/sites\/2\/2020\/12\/Caffettiera-COFFEE.IT-Inox-lucido-ALESSI-Wiel-Arets.jpg\",\"width\":387,\"height\":490,\"caption\":\"Caffettiera COFFEE.IT Inox lucido ALESSI Wiel Arets 1\"},{\"@type\":\"BreadcrumbList\",\"@id\":\"https:\/\/socialdesignmagazine.com\/mag\/products-selection\/product\/caffettiera-coffee-it-inox-lucido-design-wiel-arets-for-alessi\/#breadcrumb\",\"itemListElement\":[{\"@type\":\"ListItem\",\"position\":1,\"name\":\"Home\",\"item\":\"https:\/\/socialdesignmagazine.com\/mag\/products-selection\/\"},{\"@type\":\"ListItem\",\"position\":2,\"name\":\"Tutti i prodotti\",\"item\":\"https:\/\/socialdesignmagazine.com\/mag\/products-selection\/tutti-i-prodotti\/\"},{\"@type\":\"ListItem\",\"position\":3,\"name\":\"Caffettiera COFFEE.IT Inox lucido design Wiel Arets for ALESSI\"}]},{\"@type\":\"WebSite\",\"@id\":\"https:\/\/socialdesignmagazine.com\/mag\/products-selection\/#website\",\"url\":\"https:\/\/socialdesignmagazine.com\/mag\/products-selection\/\",\"name\":\"SDM Product Selection\",\"description\":\"Una selezioni di prodotti dei brand pi\u00f9 interessanti per arredare e progettare\",\"publisher\":{\"@id\":\"https:\/\/socialdesignmagazine.com\/mag\/products-selection\/#organization\"},\"potentialAction\":[{\"@type\":\"SearchAction\",\"target\":{\"@type\":\"EntryPoint\",\"urlTemplate\":\"https:\/\/socialdesignmagazine.com\/mag\/products-selection\/?s={search_term_string}\"},\"query-input\":{\"@type\":\"PropertyValueSpecification\",\"valueRequired\":true,\"valueName\":\"search_term_string\"}}],\"inLanguage\":\"it-IT\"},{\"@type\":\"Organization\",\"@id\":\"https:\/\/socialdesignmagazine.com\/mag\/products-selection\/#organization\",\"name\":\"Social Design Magazine\",\"url\":\"https:\/\/socialdesignmagazine.com\/mag\/products-selection\/\",\"logo\":{\"@type\":\"ImageObject\",\"inLanguage\":\"it-IT\",\"@id\":\"https:\/\/socialdesignmagazine.com\/mag\/products-selection\/#\/schema\/logo\/image\/\",\"url\":\"https:\/\/socialdesignmagazine.com\/mag\/products-selection\/wp-content\/uploads\/sites\/2\/2015\/05\/social-design-magazine-logo.png\",\"contentUrl\":\"https:\/\/socialdesignmagazine.com\/mag\/products-selection\/wp-content\/uploads\/sites\/2\/2015\/05\/social-design-magazine-logo.png\",\"width\":251,\"height\":101,\"caption\":\"Social Design Magazine\"},\"image\":{\"@id\":\"https:\/\/socialdesignmagazine.com\/mag\/products-selection\/#\/schema\/logo\/image\/\"},\"sameAs\":[\"https:\/\/www.facebook.com\/socialdesignmag\",\"https:\/\/x.com\/socialdesignmag\",\"http:\/\/instagram.com\/social_design_magazine\/\",\"http:\/\/pinterest.com\/socialdesignmag\/\",\"http:\/\/www.youtube.com\/user\/socialdesignmagazine\"]}]}<\/script>\n<!-- \/ Yoast SEO plugin. -->","yoast_head_json":{"title":"Caffettiera COFFEE.IT Inox lucido design Wiel Arets for ALESSI - SDM Product Selection","description":"La versione elettrica della Caffettiera espresso \u201ccoffee.it\u201d \u00e8 corredata di un timer che consente di programmare l\u2019orario desiderato di preparazione del caff\u00e8.","robots":{"index":"index","follow":"follow","max-snippet":"max-snippet:-1","max-image-preview":"max-image-preview:large","max-video-preview":"max-video-preview:-1"},"canonical":"https:\/\/socialdesignmagazine.com\/mag\/products-selection\/product\/caffettiera-coffee-it-inox-lucido-design-wiel-arets-for-alessi\/","og_locale":"it_IT","og_type":"article","og_title":"Caffettiera COFFEE.IT Inox lucido design Wiel Arets for ALESSI - SDM Product Selection","og_description":"La versione elettrica della Caffettiera espresso \u201ccoffee.it\u201d \u00e8 corredata di un timer che consente di programmare l\u2019orario desiderato di preparazione del caff\u00e8.","og_url":"https:\/\/socialdesignmagazine.com\/mag\/products-selection\/product\/caffettiera-coffee-it-inox-lucido-design-wiel-arets-for-alessi\/","og_site_name":"SDM Product Selection","article_publisher":"https:\/\/www.facebook.com\/socialdesignmag","article_modified_time":"2021-08-03T18:55:11+00:00","og_image":[{"width":387,"height":490,"url":"https:\/\/socialdesignmagazine.com\/mag\/products-selection\/wp-content\/uploads\/sites\/2\/2020\/12\/Caffettiera-COFFEE.IT-Inox-lucido-ALESSI-Wiel-Arets.jpg","type":"image\/jpeg"}],"twitter_card":"summary_large_image","twitter_site":"@socialdesignmag","twitter_misc":{"Tempo di lettura stimato":"1 minuto"},"schema":{"@context":"https:\/\/schema.org","@graph":[{"@type":"WebPage","@id":"https:\/\/socialdesignmagazine.com\/mag\/products-selection\/product\/caffettiera-coffee-it-inox-lucido-design-wiel-arets-for-alessi\/","url":"https:\/\/socialdesignmagazine.com\/mag\/products-selection\/product\/caffettiera-coffee-it-inox-lucido-design-wiel-arets-for-alessi\/","name":"Caffettiera COFFEE.IT Inox lucido design Wiel Arets for ALESSI - SDM Product Selection","isPartOf":{"@id":"https:\/\/socialdesignmagazine.com\/mag\/products-selection\/#website"},"primaryImageOfPage":{"@id":"https:\/\/socialdesignmagazine.com\/mag\/products-selection\/product\/caffettiera-coffee-it-inox-lucido-design-wiel-arets-for-alessi\/#primaryimage"},"image":{"@id":"https:\/\/socialdesignmagazine.com\/mag\/products-selection\/product\/caffettiera-coffee-it-inox-lucido-design-wiel-arets-for-alessi\/#primaryimage"},"thumbnailUrl":"https:\/\/socialdesignmagazine.com\/mag\/products-selection\/wp-content\/uploads\/sites\/2\/2020\/12\/Caffettiera-COFFEE.IT-Inox-lucido-ALESSI-Wiel-Arets.jpg","datePublished":"2015-11-27T00:43:18+00:00","dateModified":"2021-08-03T18:55:11+00:00","description":"La versione elettrica della Caffettiera espresso \u201ccoffee.it\u201d \u00e8 corredata di un timer che consente di programmare l\u2019orario desiderato di preparazione del caff\u00e8.","breadcrumb":{"@id":"https:\/\/socialdesignmagazine.com\/mag\/products-selection\/product\/caffettiera-coffee-it-inox-lucido-design-wiel-arets-for-alessi\/#breadcrumb"},"inLanguage":"it-IT","potentialAction":[{"@type":"ReadAction","target":["https:\/\/socialdesignmagazine.com\/mag\/products-selection\/product\/caffettiera-coffee-it-inox-lucido-design-wiel-arets-for-alessi\/"]}]},{"@type":"ImageObject","inLanguage":"it-IT","@id":"https:\/\/socialdesignmagazine.com\/mag\/products-selection\/product\/caffettiera-coffee-it-inox-lucido-design-wiel-arets-for-alessi\/#primaryimage","url":"https:\/\/socialdesignmagazine.com\/mag\/products-selection\/wp-content\/uploads\/sites\/2\/2020\/12\/Caffettiera-COFFEE.IT-Inox-lucido-ALESSI-Wiel-Arets.jpg","contentUrl":"https:\/\/socialdesignmagazine.com\/mag\/products-selection\/wp-content\/uploads\/sites\/2\/2020\/12\/Caffettiera-COFFEE.IT-Inox-lucido-ALESSI-Wiel-Arets.jpg","width":387,"height":490,"caption":"Caffettiera COFFEE.IT Inox lucido ALESSI Wiel Arets 1"},{"@type":"BreadcrumbList","@id":"https:\/\/socialdesignmagazine.com\/mag\/products-selection\/product\/caffettiera-coffee-it-inox-lucido-design-wiel-arets-for-alessi\/#breadcrumb","itemListElement":[{"@type":"ListItem","position":1,"name":"Home","item":"https:\/\/socialdesignmagazine.com\/mag\/products-selection\/"},{"@type":"ListItem","position":2,"name":"Tutti i prodotti","item":"https:\/\/socialdesignmagazine.com\/mag\/products-selection\/tutti-i-prodotti\/"},{"@type":"ListItem","position":3,"name":"Caffettiera COFFEE.IT Inox lucido design Wiel Arets for ALESSI"}]},{"@type":"WebSite","@id":"https:\/\/socialdesignmagazine.com\/mag\/products-selection\/#website","url":"https:\/\/socialdesignmagazine.com\/mag\/products-selection\/","name":"SDM Product Selection","description":"Una selezioni di prodotti dei brand pi\u00f9 interessanti per arredare e progettare","publisher":{"@id":"https:\/\/socialdesignmagazine.com\/mag\/products-selection\/#organization"},"potentialAction":[{"@type":"SearchAction","target":{"@type":"EntryPoint","urlTemplate":"https:\/\/socialdesignmagazine.com\/mag\/products-selection\/?s={search_term_string}"},"query-input":{"@type":"PropertyValueSpecification","valueRequired":true,"valueName":"search_term_string"}}],"inLanguage":"it-IT"},{"@type":"Organization","@id":"https:\/\/socialdesignmagazine.com\/mag\/products-selection\/#organization","name":"Social Design Magazine","url":"https:\/\/socialdesignmagazine.com\/mag\/products-selection\/","logo":{"@type":"ImageObject","inLanguage":"it-IT","@id":"https:\/\/socialdesignmagazine.com\/mag\/products-selection\/#\/schema\/logo\/image\/","url":"https:\/\/socialdesignmagazine.com\/mag\/products-selection\/wp-content\/uploads\/sites\/2\/2015\/05\/social-design-magazine-logo.png","contentUrl":"https:\/\/socialdesignmagazine.com\/mag\/products-selection\/wp-content\/uploads\/sites\/2\/2015\/05\/social-design-magazine-logo.png","width":251,"height":101,"caption":"Social Design Magazine"},"image":{"@id":"https:\/\/socialdesignmagazine.com\/mag\/products-selection\/#\/schema\/logo\/image\/"},"sameAs":["https:\/\/www.facebook.com\/socialdesignmag","https:\/\/x.com\/socialdesignmag","http:\/\/instagram.com\/social_design_magazine\/","http:\/\/pinterest.com\/socialdesignmag\/","http:\/\/www.youtube.com\/user\/socialdesignmagazine"]}]}},"jetpack_publicize_connections":[],"jetpack_sharing_enabled":true,"brands":[{"id":1221,"name":"ALESSI","slug":"alessi"}],"_links":{"self":[{"href":"https:\/\/socialdesignmagazine.com\/mag\/products-selection\/wp-json\/wp\/v2\/product\/5182","targetHints":{"allow":["GET"]}}],"collection":[{"href":"https:\/\/socialdesignmagazine.com\/mag\/products-selection\/wp-json\/wp\/v2\/product"}],"about":[{"href":"https:\/\/socialdesignmagazine.com\/mag\/products-selection\/wp-json\/wp\/v2\/types\/product"}],"wp:featuredmedia":[{"embeddable":true,"href":"https:\/\/socialdesignmagazine.com\/mag\/products-selection\/wp-json\/wp\/v2\/media\/138041"}],"wp:attachment":[{"href":"https:\/\/socialdesignmagazine.com\/mag\/products-selection\/wp-json\/wp\/v2\/media?parent=5182"}],"wp:term":[{"taxonomy":"pwb-brand","embeddable":true,"href":"https:\/\/socialdesignmagazine.com\/mag\/products-selection\/wp-json\/wp\/v2\/pwb-brand?post=5182"},{"taxonomy":"product_brand","embeddable":true,"href":"https:\/\/socialdesignmagazine.com\/mag\/products-selection\/wp-json\/wp\/v2\/product_brand?post=5182"},{"taxonomy":"product_cat","embeddable":true,"href":"https:\/\/socialdesignmagazine.com\/mag\/products-selection\/wp-json\/wp\/v2\/product_cat?post=5182"},{"taxonomy":"product_tag","embeddable":true,"href":"https:\/\/socialdesignmagazine.com\/mag\/products-selection\/wp-json\/wp\/v2\/product_tag?post=5182"}],"curies":[{"name":"wp","href":"https:\/\/api.w.org\/{rel}","templated":true}]}}