{"id":52007,"date":"2018-08-22T21:26:11","date_gmt":"2018-08-22T19:26:11","guid":{"rendered":"https:\/\/socialdesignmagazine.com\/mag\/products-selection\/?post_type=product&#038;p=52007"},"modified":"2023-05-08T17:45:47","modified_gmt":"2023-05-08T15:45:47","slug":"sedia-overdyed-grigio-slavato-diesel-with-moroso","status":"publish","type":"product","link":"https:\/\/socialdesignmagazine.com\/mag\/products-selection\/product\/sedia-overdyed-grigio-slavato-diesel-with-moroso\/","title":{"rendered":"Sedia Overdyed Grigio slavato Diesel with Moroso"},"content":{"rendered":"<p>Il celebre marchio italiano del pr\u00eat-\u00e0-porter &#8220;Diesel&#8221; arreda ormai i nostri interni con la collezione di arredo &#8220;Successful Living&#8221;! Legno tinto tipo denim, pelle nera con borchie, mobile da studio di registrazione rivisitato, tavolino tipo console da DJ&#8230; Un universo rock, industriale e vintage per uno stile rilassato e anticonformista! Successful Living \u00e8 la prima collezione di arredo firmata Diesel in collaborazione con Moroso, l&#8217;editore pi\u00f9 rispettato nel mondo del design. Un incontro al vertice! Questa collezione unisce la grande creativit\u00e0 del Diesel Creative Team alla qualit\u00e0 di fabbricazione tipica di Moroso. Ispirata al mondo underground della musica e dell&#8217;universo urbano, Successful living rivoluziona il mondo dell&#8217;arredo! Questa collezione gioca con le tendenze della moda e riflette perfettamente lo spirito Diesel: uno stile anticonformista, ironico e creativo. Uno splendido look vintage per questa sedia Overdyed. Il legno della seduta e dello schienale \u00e8 tinto tipo denim: il compensato di faggio \u00e8 colorato e in seguito scolorito a mano. Questo riferimento ai jeans riflette perfettamente lo spirito Diesel che l&#8217;ha presentato e rappresentato con una buona dose di audacia! Questo procedimento permette inoltre di lasciare ben visibili le venature del legno. La struttura \u00e8 in filo d&#8217;acciaio laccato colore &#8220;Raw Black&#8221;. Il basamento si sdoppia per creare un effetto molto scenografico. Questo stile retr\u00f2 totalmente attualizzato \u00e8 adorabile. La sedia Overdyed \u00e8 disponibile in blu indaco e grigio d\u00e9lav\u00e9. Colorato e sbiadito a mano per creare un effetto vintage<\/p>\n","protected":false},"excerpt":{"rendered":"<p>Uno splendido look vintage per questa sedia Overdyed. Il legno della seduta e dello schienale \u00e8 tinto tipo denim: il compensato di faggio \u00e8 colorato e in seguito scolorito a mano.<\/p>\n","protected":false},"featured_media":137593,"template":"","meta":{"_acf_changed":false,"jetpack_post_was_ever_published":false,"jetpack_publicize_message":"","jetpack_publicize_feature_enabled":true,"jetpack_social_post_already_shared":false,"jetpack_social_options":{"image_generator_settings":{"template":"highway","default_image_id":0,"font":"","enabled":false},"version":2}},"pwb-brand":[1217],"product_brand":[],"product_cat":[337,607,810,537,533],"product_tag":[154],"class_list":{"0":"post-52007","1":"product","2":"type-product","3":"status-publish","4":"has-post-thumbnail","6":"pwb-brand-diesel-with-moroso","7":"product_cat-arredamento","8":"product_cat-designers","9":"product_cat-diesel-creative-team","10":"product_cat-sedia-sedute","11":"product_cat-sedute","12":"product_tag-sedia","13":"pa_colore-grigio-slavato","14":"pa_designer-diesel-creative-team","15":"pa_materiale-legno","16":"pa_materiale-metallo","17":"pa_produttore-diesel-with-moroso","18":"pa_serie-overdyed","19":"pa_tipo-di-prodotto-sedia","21":"first","22":"instock","23":"product-type-external"},"acf":[],"yoast_head":"<!-- This site is optimized with the Yoast SEO plugin v27.2 - https:\/\/yoast.com\/product\/yoast-seo-wordpress\/ -->\n<title>Sedia Overdyed Grigio slavato Diesel with Moroso - SDM Product Selection<\/title>\n<meta name=\"description\" content=\"Uno splendido look vintage per questa sedia Overdyed. Il legno della seduta e dello schienale \u00e8 tinto tipo denim: il compensato di faggio \u00e8 colorato e in seguito scolorito a mano.\" \/>\n<meta name=\"robots\" content=\"index, follow, max-snippet:-1, max-image-preview:large, max-video-preview:-1\" \/>\n<link rel=\"canonical\" href=\"https:\/\/socialdesignmagazine.com\/mag\/products-selection\/product\/sedia-overdyed-grigio-slavato-diesel-with-moroso\/\" \/>\n<meta property=\"og:locale\" content=\"it_IT\" \/>\n<meta property=\"og:type\" content=\"article\" \/>\n<meta property=\"og:title\" content=\"Sedia Overdyed Grigio slavato Diesel with Moroso - SDM Product Selection\" \/>\n<meta property=\"og:description\" content=\"Uno splendido look vintage per questa sedia Overdyed. Il legno della seduta e dello schienale \u00e8 tinto tipo denim: il compensato di faggio \u00e8 colorato e in seguito scolorito a mano.\" \/>\n<meta property=\"og:url\" content=\"https:\/\/socialdesignmagazine.com\/mag\/products-selection\/product\/sedia-overdyed-grigio-slavato-diesel-with-moroso\/\" \/>\n<meta property=\"og:site_name\" content=\"SDM Product Selection\" \/>\n<meta property=\"article:publisher\" content=\"https:\/\/www.facebook.com\/socialdesignmag\" \/>\n<meta property=\"article:modified_time\" content=\"2023-05-08T15:45:47+00:00\" \/>\n<meta property=\"og:image\" content=\"https:\/\/socialdesignmagazine.com\/mag\/products-selection\/wp-content\/uploads\/sites\/2\/2020\/12\/Sedia-Overdyed-Grigio-slavato-Diesel-with-Moroso-Diesel-Creative-Team-scaled.jpg\" \/>\n\t<meta property=\"og:image:width\" content=\"1455\" \/>\n\t<meta property=\"og:image:height\" content=\"2560\" \/>\n\t<meta property=\"og:image:type\" content=\"image\/jpeg\" \/>\n<meta name=\"twitter:card\" content=\"summary_large_image\" \/>\n<meta name=\"twitter:site\" content=\"@socialdesignmag\" \/>\n<meta name=\"twitter:label1\" content=\"Tempo di lettura stimato\" \/>\n\t<meta name=\"twitter:data1\" content=\"1 minuto\" \/>\n<script type=\"application\/ld+json\" class=\"yoast-schema-graph\">{\"@context\":\"https:\/\/schema.org\",\"@graph\":[{\"@type\":\"WebPage\",\"@id\":\"https:\/\/socialdesignmagazine.com\/mag\/products-selection\/product\/sedia-overdyed-grigio-slavato-diesel-with-moroso\/\",\"url\":\"https:\/\/socialdesignmagazine.com\/mag\/products-selection\/product\/sedia-overdyed-grigio-slavato-diesel-with-moroso\/\",\"name\":\"Sedia Overdyed Grigio slavato Diesel with Moroso - SDM Product Selection\",\"isPartOf\":{\"@id\":\"https:\/\/socialdesignmagazine.com\/mag\/products-selection\/#website\"},\"primaryImageOfPage\":{\"@id\":\"https:\/\/socialdesignmagazine.com\/mag\/products-selection\/product\/sedia-overdyed-grigio-slavato-diesel-with-moroso\/#primaryimage\"},\"image\":{\"@id\":\"https:\/\/socialdesignmagazine.com\/mag\/products-selection\/product\/sedia-overdyed-grigio-slavato-diesel-with-moroso\/#primaryimage\"},\"thumbnailUrl\":\"https:\/\/socialdesignmagazine.com\/mag\/products-selection\/wp-content\/uploads\/sites\/2\/2020\/12\/Sedia-Overdyed-Grigio-slavato-Diesel-with-Moroso-Diesel-Creative-Team-scaled.jpg\",\"datePublished\":\"2018-08-22T19:26:11+00:00\",\"dateModified\":\"2023-05-08T15:45:47+00:00\",\"description\":\"Uno splendido look vintage per questa sedia Overdyed. Il legno della seduta e dello schienale \u00e8 tinto tipo denim: il compensato di faggio \u00e8 colorato e in seguito scolorito a mano.\",\"breadcrumb\":{\"@id\":\"https:\/\/socialdesignmagazine.com\/mag\/products-selection\/product\/sedia-overdyed-grigio-slavato-diesel-with-moroso\/#breadcrumb\"},\"inLanguage\":\"it-IT\",\"potentialAction\":[{\"@type\":\"ReadAction\",\"target\":[\"https:\/\/socialdesignmagazine.com\/mag\/products-selection\/product\/sedia-overdyed-grigio-slavato-diesel-with-moroso\/\"]}]},{\"@type\":\"ImageObject\",\"inLanguage\":\"it-IT\",\"@id\":\"https:\/\/socialdesignmagazine.com\/mag\/products-selection\/product\/sedia-overdyed-grigio-slavato-diesel-with-moroso\/#primaryimage\",\"url\":\"https:\/\/socialdesignmagazine.com\/mag\/products-selection\/wp-content\/uploads\/sites\/2\/2020\/12\/Sedia-Overdyed-Grigio-slavato-Diesel-with-Moroso-Diesel-Creative-Team-scaled.jpg\",\"contentUrl\":\"https:\/\/socialdesignmagazine.com\/mag\/products-selection\/wp-content\/uploads\/sites\/2\/2020\/12\/Sedia-Overdyed-Grigio-slavato-Diesel-with-Moroso-Diesel-Creative-Team-scaled.jpg\",\"width\":1455,\"height\":2560,\"caption\":\"Sedia Overdyed Grigio slavato Diesel with Moroso Diesel Creative Team 1\"},{\"@type\":\"BreadcrumbList\",\"@id\":\"https:\/\/socialdesignmagazine.com\/mag\/products-selection\/product\/sedia-overdyed-grigio-slavato-diesel-with-moroso\/#breadcrumb\",\"itemListElement\":[{\"@type\":\"ListItem\",\"position\":1,\"name\":\"Home\",\"item\":\"https:\/\/socialdesignmagazine.com\/mag\/products-selection\/\"},{\"@type\":\"ListItem\",\"position\":2,\"name\":\"Tutti i prodotti\",\"item\":\"https:\/\/socialdesignmagazine.com\/mag\/products-selection\/tutti-i-prodotti\/\"},{\"@type\":\"ListItem\",\"position\":3,\"name\":\"Sedia Overdyed Grigio slavato Diesel with Moroso\"}]},{\"@type\":\"WebSite\",\"@id\":\"https:\/\/socialdesignmagazine.com\/mag\/products-selection\/#website\",\"url\":\"https:\/\/socialdesignmagazine.com\/mag\/products-selection\/\",\"name\":\"SDM Product Selection\",\"description\":\"Una selezioni di prodotti dei brand pi\u00f9 interessanti per arredare e progettare\",\"publisher\":{\"@id\":\"https:\/\/socialdesignmagazine.com\/mag\/products-selection\/#organization\"},\"potentialAction\":[{\"@type\":\"SearchAction\",\"target\":{\"@type\":\"EntryPoint\",\"urlTemplate\":\"https:\/\/socialdesignmagazine.com\/mag\/products-selection\/?s={search_term_string}\"},\"query-input\":{\"@type\":\"PropertyValueSpecification\",\"valueRequired\":true,\"valueName\":\"search_term_string\"}}],\"inLanguage\":\"it-IT\"},{\"@type\":\"Organization\",\"@id\":\"https:\/\/socialdesignmagazine.com\/mag\/products-selection\/#organization\",\"name\":\"Social Design Magazine\",\"url\":\"https:\/\/socialdesignmagazine.com\/mag\/products-selection\/\",\"logo\":{\"@type\":\"ImageObject\",\"inLanguage\":\"it-IT\",\"@id\":\"https:\/\/socialdesignmagazine.com\/mag\/products-selection\/#\/schema\/logo\/image\/\",\"url\":\"https:\/\/socialdesignmagazine.com\/mag\/products-selection\/wp-content\/uploads\/sites\/2\/2015\/05\/social-design-magazine-logo.png\",\"contentUrl\":\"https:\/\/socialdesignmagazine.com\/mag\/products-selection\/wp-content\/uploads\/sites\/2\/2015\/05\/social-design-magazine-logo.png\",\"width\":251,\"height\":101,\"caption\":\"Social Design Magazine\"},\"image\":{\"@id\":\"https:\/\/socialdesignmagazine.com\/mag\/products-selection\/#\/schema\/logo\/image\/\"},\"sameAs\":[\"https:\/\/www.facebook.com\/socialdesignmag\",\"https:\/\/x.com\/socialdesignmag\",\"http:\/\/instagram.com\/social_design_magazine\/\",\"http:\/\/pinterest.com\/socialdesignmag\/\",\"http:\/\/www.youtube.com\/user\/socialdesignmagazine\"]}]}<\/script>\n<!-- \/ Yoast SEO plugin. -->","yoast_head_json":{"title":"Sedia Overdyed Grigio slavato Diesel with Moroso - SDM Product Selection","description":"Uno splendido look vintage per questa sedia Overdyed. Il legno della seduta e dello schienale \u00e8 tinto tipo denim: il compensato di faggio \u00e8 colorato e in seguito scolorito a mano.","robots":{"index":"index","follow":"follow","max-snippet":"max-snippet:-1","max-image-preview":"max-image-preview:large","max-video-preview":"max-video-preview:-1"},"canonical":"https:\/\/socialdesignmagazine.com\/mag\/products-selection\/product\/sedia-overdyed-grigio-slavato-diesel-with-moroso\/","og_locale":"it_IT","og_type":"article","og_title":"Sedia Overdyed Grigio slavato Diesel with Moroso - SDM Product Selection","og_description":"Uno splendido look vintage per questa sedia Overdyed. Il legno della seduta e dello schienale \u00e8 tinto tipo denim: il compensato di faggio \u00e8 colorato e in seguito scolorito a mano.","og_url":"https:\/\/socialdesignmagazine.com\/mag\/products-selection\/product\/sedia-overdyed-grigio-slavato-diesel-with-moroso\/","og_site_name":"SDM Product Selection","article_publisher":"https:\/\/www.facebook.com\/socialdesignmag","article_modified_time":"2023-05-08T15:45:47+00:00","og_image":[{"width":1455,"height":2560,"url":"https:\/\/socialdesignmagazine.com\/mag\/products-selection\/wp-content\/uploads\/sites\/2\/2020\/12\/Sedia-Overdyed-Grigio-slavato-Diesel-with-Moroso-Diesel-Creative-Team-scaled.jpg","type":"image\/jpeg"}],"twitter_card":"summary_large_image","twitter_site":"@socialdesignmag","twitter_misc":{"Tempo di lettura stimato":"1 minuto"},"schema":{"@context":"https:\/\/schema.org","@graph":[{"@type":"WebPage","@id":"https:\/\/socialdesignmagazine.com\/mag\/products-selection\/product\/sedia-overdyed-grigio-slavato-diesel-with-moroso\/","url":"https:\/\/socialdesignmagazine.com\/mag\/products-selection\/product\/sedia-overdyed-grigio-slavato-diesel-with-moroso\/","name":"Sedia Overdyed Grigio slavato Diesel with Moroso - SDM Product Selection","isPartOf":{"@id":"https:\/\/socialdesignmagazine.com\/mag\/products-selection\/#website"},"primaryImageOfPage":{"@id":"https:\/\/socialdesignmagazine.com\/mag\/products-selection\/product\/sedia-overdyed-grigio-slavato-diesel-with-moroso\/#primaryimage"},"image":{"@id":"https:\/\/socialdesignmagazine.com\/mag\/products-selection\/product\/sedia-overdyed-grigio-slavato-diesel-with-moroso\/#primaryimage"},"thumbnailUrl":"https:\/\/socialdesignmagazine.com\/mag\/products-selection\/wp-content\/uploads\/sites\/2\/2020\/12\/Sedia-Overdyed-Grigio-slavato-Diesel-with-Moroso-Diesel-Creative-Team-scaled.jpg","datePublished":"2018-08-22T19:26:11+00:00","dateModified":"2023-05-08T15:45:47+00:00","description":"Uno splendido look vintage per questa sedia Overdyed. Il legno della seduta e dello schienale \u00e8 tinto tipo denim: il compensato di faggio \u00e8 colorato e in seguito scolorito a mano.","breadcrumb":{"@id":"https:\/\/socialdesignmagazine.com\/mag\/products-selection\/product\/sedia-overdyed-grigio-slavato-diesel-with-moroso\/#breadcrumb"},"inLanguage":"it-IT","potentialAction":[{"@type":"ReadAction","target":["https:\/\/socialdesignmagazine.com\/mag\/products-selection\/product\/sedia-overdyed-grigio-slavato-diesel-with-moroso\/"]}]},{"@type":"ImageObject","inLanguage":"it-IT","@id":"https:\/\/socialdesignmagazine.com\/mag\/products-selection\/product\/sedia-overdyed-grigio-slavato-diesel-with-moroso\/#primaryimage","url":"https:\/\/socialdesignmagazine.com\/mag\/products-selection\/wp-content\/uploads\/sites\/2\/2020\/12\/Sedia-Overdyed-Grigio-slavato-Diesel-with-Moroso-Diesel-Creative-Team-scaled.jpg","contentUrl":"https:\/\/socialdesignmagazine.com\/mag\/products-selection\/wp-content\/uploads\/sites\/2\/2020\/12\/Sedia-Overdyed-Grigio-slavato-Diesel-with-Moroso-Diesel-Creative-Team-scaled.jpg","width":1455,"height":2560,"caption":"Sedia Overdyed Grigio slavato Diesel with Moroso Diesel Creative Team 1"},{"@type":"BreadcrumbList","@id":"https:\/\/socialdesignmagazine.com\/mag\/products-selection\/product\/sedia-overdyed-grigio-slavato-diesel-with-moroso\/#breadcrumb","itemListElement":[{"@type":"ListItem","position":1,"name":"Home","item":"https:\/\/socialdesignmagazine.com\/mag\/products-selection\/"},{"@type":"ListItem","position":2,"name":"Tutti i prodotti","item":"https:\/\/socialdesignmagazine.com\/mag\/products-selection\/tutti-i-prodotti\/"},{"@type":"ListItem","position":3,"name":"Sedia Overdyed Grigio slavato Diesel with Moroso"}]},{"@type":"WebSite","@id":"https:\/\/socialdesignmagazine.com\/mag\/products-selection\/#website","url":"https:\/\/socialdesignmagazine.com\/mag\/products-selection\/","name":"SDM Product Selection","description":"Una selezioni di prodotti dei brand pi\u00f9 interessanti per arredare e progettare","publisher":{"@id":"https:\/\/socialdesignmagazine.com\/mag\/products-selection\/#organization"},"potentialAction":[{"@type":"SearchAction","target":{"@type":"EntryPoint","urlTemplate":"https:\/\/socialdesignmagazine.com\/mag\/products-selection\/?s={search_term_string}"},"query-input":{"@type":"PropertyValueSpecification","valueRequired":true,"valueName":"search_term_string"}}],"inLanguage":"it-IT"},{"@type":"Organization","@id":"https:\/\/socialdesignmagazine.com\/mag\/products-selection\/#organization","name":"Social Design Magazine","url":"https:\/\/socialdesignmagazine.com\/mag\/products-selection\/","logo":{"@type":"ImageObject","inLanguage":"it-IT","@id":"https:\/\/socialdesignmagazine.com\/mag\/products-selection\/#\/schema\/logo\/image\/","url":"https:\/\/socialdesignmagazine.com\/mag\/products-selection\/wp-content\/uploads\/sites\/2\/2015\/05\/social-design-magazine-logo.png","contentUrl":"https:\/\/socialdesignmagazine.com\/mag\/products-selection\/wp-content\/uploads\/sites\/2\/2015\/05\/social-design-magazine-logo.png","width":251,"height":101,"caption":"Social Design Magazine"},"image":{"@id":"https:\/\/socialdesignmagazine.com\/mag\/products-selection\/#\/schema\/logo\/image\/"},"sameAs":["https:\/\/www.facebook.com\/socialdesignmag","https:\/\/x.com\/socialdesignmag","http:\/\/instagram.com\/social_design_magazine\/","http:\/\/pinterest.com\/socialdesignmag\/","http:\/\/www.youtube.com\/user\/socialdesignmagazine"]}]}},"jetpack_publicize_connections":[],"jetpack_sharing_enabled":true,"brands":[{"id":1217,"name":"Diesel with Moroso","slug":"diesel-with-moroso"}],"_links":{"self":[{"href":"https:\/\/socialdesignmagazine.com\/mag\/products-selection\/wp-json\/wp\/v2\/product\/52007","targetHints":{"allow":["GET"]}}],"collection":[{"href":"https:\/\/socialdesignmagazine.com\/mag\/products-selection\/wp-json\/wp\/v2\/product"}],"about":[{"href":"https:\/\/socialdesignmagazine.com\/mag\/products-selection\/wp-json\/wp\/v2\/types\/product"}],"wp:featuredmedia":[{"embeddable":true,"href":"https:\/\/socialdesignmagazine.com\/mag\/products-selection\/wp-json\/wp\/v2\/media\/137593"}],"wp:attachment":[{"href":"https:\/\/socialdesignmagazine.com\/mag\/products-selection\/wp-json\/wp\/v2\/media?parent=52007"}],"wp:term":[{"taxonomy":"pwb-brand","embeddable":true,"href":"https:\/\/socialdesignmagazine.com\/mag\/products-selection\/wp-json\/wp\/v2\/pwb-brand?post=52007"},{"taxonomy":"product_brand","embeddable":true,"href":"https:\/\/socialdesignmagazine.com\/mag\/products-selection\/wp-json\/wp\/v2\/product_brand?post=52007"},{"taxonomy":"product_cat","embeddable":true,"href":"https:\/\/socialdesignmagazine.com\/mag\/products-selection\/wp-json\/wp\/v2\/product_cat?post=52007"},{"taxonomy":"product_tag","embeddable":true,"href":"https:\/\/socialdesignmagazine.com\/mag\/products-selection\/wp-json\/wp\/v2\/product_tag?post=52007"}],"curies":[{"name":"wp","href":"https:\/\/api.w.org\/{rel}","templated":true}]}}