{"id":66375,"date":"2018-09-13T01:21:38","date_gmt":"2018-09-12T23:21:38","guid":{"rendered":"https:\/\/socialdesignmagazine.com\/mag\/products-selection\/?post_type=product&#038;p=66375"},"modified":"2023-05-20T22:41:39","modified_gmt":"2023-05-20T20:41:39","slug":"tavolino-heaven-bianco-design-jean-marie-massaud-for-emu-2","status":"publish","type":"product","link":"https:\/\/socialdesignmagazine.com\/mag\/products-selection\/product\/tavolino-heaven-bianco-design-jean-marie-massaud-for-emu-2\/","title":{"rendered":"Tavolino Heaven Bianco design Jean-Marie Massaud for Emu"},"content":{"rendered":"<p>Con le sue forme morbide e il suo profilo aereo, il tavolino Heaven rappresenta per il suo designer, Jean-Marie Massaud, &#8220;un manifesto di eleganza, tra glamour e sensualit\u00e0 senza tempo&#8221;. Vera e propria prodezza tecnica, la collezione Heaven trasforma l&#8217;acciaio, rigido e freddo, in materiale &#8220;plastico&#8221;, morbido ed estensibile. Grazie ad un procedimento tecnico innovativo, il metallo reso flessibile viene intrecciato come un tessuto prezioso, per poi essere modellato per generare linee morbide e sinuose. La trasparenza del piano in vetro fum\u00e9 (\u00d8 120 cm), combinato con l&#8217;intreccio metallico del basamento, rende il volume del tavolo incorporeo. Sottoposta ad un trattamento anticorrosivo, questa creazione trover\u00e0 posto sia in casa che in giardino. Crea un bellissimo insieme con la poltroncina della stessa collezione. Il tavolino Heaven \u00e8 disponibile in due tonalit\u00e0 cromatiche: bianco e alluminio. \u00c8 anche disponibile nella versione tavolo alto. Uso esterno e interno \/ Trattamento anticorrosione<\/p>\n","protected":false},"excerpt":{"rendered":"<p>Con le sue forme morbide e il suo profilo aereo, il tavolino Heaven rappresenta per il suo designer, Jean-Marie Massaud, &#8220;un manifesto di eleganza, tra glamour e sensualit\u00e0 senza tempo&#8221;.<\/p>\n","protected":false},"featured_media":112483,"template":"","meta":{"_acf_changed":false,"jetpack_post_was_ever_published":false,"jetpack_publicize_message":"","jetpack_publicize_feature_enabled":true,"jetpack_social_post_already_shared":false,"jetpack_social_options":{"image_generator_settings":{"template":"highway","default_image_id":0,"font":"","enabled":false},"version":2}},"pwb-brand":[1236],"product_brand":[],"product_cat":[337,607,665,492,561,604,586,653],"product_tag":[531,342],"class_list":{"0":"post-66375","1":"product","2":"type-product","3":"status-publish","4":"has-post-thumbnail","6":"pwb-brand-emu","7":"product_cat-arredamento","8":"product_cat-designers","9":"product_cat-jean-marie-massaud","10":"product_cat-outdoor","11":"product_cat-tavoli","12":"product_cat-tavoli-arredamento","13":"product_cat-tavolino-tavoli","14":"product_cat-tavolino-tavoli-arredamento","15":"product_tag-outdoor","16":"product_tag-tavolino","17":"pa_colore-bianco","18":"pa_designer-jean-marie-massaud","19":"pa_materiale-acciaio-verniciato","20":"pa_materiale-vetro","21":"pa_produttore-emu","22":"pa_serie-heaven","24":"first","25":"instock","26":"product-type-external"},"acf":[],"yoast_head":"<!-- This site is optimized with the Yoast SEO plugin v27.2 - https:\/\/yoast.com\/product\/yoast-seo-wordpress\/ -->\n<title>Tavolino Heaven Bianco design Jean-Marie Massaud for Emu - SDM Product Selection<\/title>\n<meta name=\"robots\" content=\"index, follow, max-snippet:-1, max-image-preview:large, max-video-preview:-1\" \/>\n<link rel=\"canonical\" href=\"https:\/\/socialdesignmagazine.com\/mag\/products-selection\/product\/tavolino-heaven-bianco-design-jean-marie-massaud-for-emu-2\/\" \/>\n<meta property=\"og:locale\" content=\"it_IT\" \/>\n<meta property=\"og:type\" content=\"article\" \/>\n<meta property=\"og:title\" content=\"Tavolino Heaven Bianco design Jean-Marie Massaud for Emu - SDM Product Selection\" \/>\n<meta property=\"og:description\" content=\"Con le sue forme morbide e il suo profilo aereo, il tavolino Heaven rappresenta per il suo designer, Jean-Marie Massaud, &#8220;un manifesto di eleganza, tra glamour e sensualit\u00e0 senza tempo&#8221;.\" \/>\n<meta property=\"og:url\" content=\"https:\/\/socialdesignmagazine.com\/mag\/products-selection\/product\/tavolino-heaven-bianco-design-jean-marie-massaud-for-emu-2\/\" \/>\n<meta property=\"og:site_name\" content=\"SDM Product Selection\" \/>\n<meta property=\"article:publisher\" content=\"https:\/\/www.facebook.com\/socialdesignmag\" \/>\n<meta property=\"article:modified_time\" content=\"2023-05-20T20:41:39+00:00\" \/>\n<meta property=\"og:image\" content=\"https:\/\/socialdesignmagazine.com\/mag\/products-selection\/wp-content\/uploads\/sites\/2\/2020\/08\/Tavolino-Heaven-Bianco-Emu-Jean-Marie-Massaud.jpg\" \/>\n\t<meta property=\"og:image:width\" content=\"352\" \/>\n\t<meta property=\"og:image:height\" content=\"400\" \/>\n\t<meta property=\"og:image:type\" content=\"image\/jpeg\" \/>\n<meta name=\"twitter:card\" content=\"summary_large_image\" \/>\n<meta name=\"twitter:site\" content=\"@socialdesignmag\" \/>\n<meta name=\"twitter:label1\" content=\"Tempo di lettura stimato\" \/>\n\t<meta name=\"twitter:data1\" content=\"1 minuto\" \/>\n<script type=\"application\/ld+json\" class=\"yoast-schema-graph\">{\"@context\":\"https:\/\/schema.org\",\"@graph\":[{\"@type\":\"WebPage\",\"@id\":\"https:\/\/socialdesignmagazine.com\/mag\/products-selection\/product\/tavolino-heaven-bianco-design-jean-marie-massaud-for-emu-2\/\",\"url\":\"https:\/\/socialdesignmagazine.com\/mag\/products-selection\/product\/tavolino-heaven-bianco-design-jean-marie-massaud-for-emu-2\/\",\"name\":\"Tavolino Heaven Bianco design Jean-Marie Massaud for Emu - SDM Product Selection\",\"isPartOf\":{\"@id\":\"https:\/\/socialdesignmagazine.com\/mag\/products-selection\/#website\"},\"primaryImageOfPage\":{\"@id\":\"https:\/\/socialdesignmagazine.com\/mag\/products-selection\/product\/tavolino-heaven-bianco-design-jean-marie-massaud-for-emu-2\/#primaryimage\"},\"image\":{\"@id\":\"https:\/\/socialdesignmagazine.com\/mag\/products-selection\/product\/tavolino-heaven-bianco-design-jean-marie-massaud-for-emu-2\/#primaryimage\"},\"thumbnailUrl\":\"https:\/\/socialdesignmagazine.com\/mag\/products-selection\/wp-content\/uploads\/sites\/2\/2020\/08\/Tavolino-Heaven-Bianco-Emu-Jean-Marie-Massaud.jpg\",\"datePublished\":\"2018-09-12T23:21:38+00:00\",\"dateModified\":\"2023-05-20T20:41:39+00:00\",\"breadcrumb\":{\"@id\":\"https:\/\/socialdesignmagazine.com\/mag\/products-selection\/product\/tavolino-heaven-bianco-design-jean-marie-massaud-for-emu-2\/#breadcrumb\"},\"inLanguage\":\"it-IT\",\"potentialAction\":[{\"@type\":\"ReadAction\",\"target\":[\"https:\/\/socialdesignmagazine.com\/mag\/products-selection\/product\/tavolino-heaven-bianco-design-jean-marie-massaud-for-emu-2\/\"]}]},{\"@type\":\"ImageObject\",\"inLanguage\":\"it-IT\",\"@id\":\"https:\/\/socialdesignmagazine.com\/mag\/products-selection\/product\/tavolino-heaven-bianco-design-jean-marie-massaud-for-emu-2\/#primaryimage\",\"url\":\"https:\/\/socialdesignmagazine.com\/mag\/products-selection\/wp-content\/uploads\/sites\/2\/2020\/08\/Tavolino-Heaven-Bianco-Emu-Jean-Marie-Massaud.jpg\",\"contentUrl\":\"https:\/\/socialdesignmagazine.com\/mag\/products-selection\/wp-content\/uploads\/sites\/2\/2020\/08\/Tavolino-Heaven-Bianco-Emu-Jean-Marie-Massaud.jpg\",\"width\":352,\"height\":400,\"caption\":\"Tavolino Heaven Bianco Emu Jean-Marie Massaud 1\"},{\"@type\":\"BreadcrumbList\",\"@id\":\"https:\/\/socialdesignmagazine.com\/mag\/products-selection\/product\/tavolino-heaven-bianco-design-jean-marie-massaud-for-emu-2\/#breadcrumb\",\"itemListElement\":[{\"@type\":\"ListItem\",\"position\":1,\"name\":\"Home\",\"item\":\"https:\/\/socialdesignmagazine.com\/mag\/products-selection\/\"},{\"@type\":\"ListItem\",\"position\":2,\"name\":\"Tutti i prodotti\",\"item\":\"https:\/\/socialdesignmagazine.com\/mag\/products-selection\/tutti-i-prodotti\/\"},{\"@type\":\"ListItem\",\"position\":3,\"name\":\"Tavolino Heaven Bianco design Jean-Marie Massaud for Emu\"}]},{\"@type\":\"WebSite\",\"@id\":\"https:\/\/socialdesignmagazine.com\/mag\/products-selection\/#website\",\"url\":\"https:\/\/socialdesignmagazine.com\/mag\/products-selection\/\",\"name\":\"SDM Product Selection\",\"description\":\"Una selezioni di prodotti dei brand pi\u00f9 interessanti per arredare e progettare\",\"publisher\":{\"@id\":\"https:\/\/socialdesignmagazine.com\/mag\/products-selection\/#organization\"},\"potentialAction\":[{\"@type\":\"SearchAction\",\"target\":{\"@type\":\"EntryPoint\",\"urlTemplate\":\"https:\/\/socialdesignmagazine.com\/mag\/products-selection\/?s={search_term_string}\"},\"query-input\":{\"@type\":\"PropertyValueSpecification\",\"valueRequired\":true,\"valueName\":\"search_term_string\"}}],\"inLanguage\":\"it-IT\"},{\"@type\":\"Organization\",\"@id\":\"https:\/\/socialdesignmagazine.com\/mag\/products-selection\/#organization\",\"name\":\"Social Design Magazine\",\"url\":\"https:\/\/socialdesignmagazine.com\/mag\/products-selection\/\",\"logo\":{\"@type\":\"ImageObject\",\"inLanguage\":\"it-IT\",\"@id\":\"https:\/\/socialdesignmagazine.com\/mag\/products-selection\/#\/schema\/logo\/image\/\",\"url\":\"https:\/\/socialdesignmagazine.com\/mag\/products-selection\/wp-content\/uploads\/sites\/2\/2015\/05\/social-design-magazine-logo.png\",\"contentUrl\":\"https:\/\/socialdesignmagazine.com\/mag\/products-selection\/wp-content\/uploads\/sites\/2\/2015\/05\/social-design-magazine-logo.png\",\"width\":251,\"height\":101,\"caption\":\"Social Design Magazine\"},\"image\":{\"@id\":\"https:\/\/socialdesignmagazine.com\/mag\/products-selection\/#\/schema\/logo\/image\/\"},\"sameAs\":[\"https:\/\/www.facebook.com\/socialdesignmag\",\"https:\/\/x.com\/socialdesignmag\",\"http:\/\/instagram.com\/social_design_magazine\/\",\"http:\/\/pinterest.com\/socialdesignmag\/\",\"http:\/\/www.youtube.com\/user\/socialdesignmagazine\"]}]}<\/script>\n<!-- \/ Yoast SEO plugin. -->","yoast_head_json":{"title":"Tavolino Heaven Bianco design Jean-Marie Massaud for Emu - SDM Product Selection","robots":{"index":"index","follow":"follow","max-snippet":"max-snippet:-1","max-image-preview":"max-image-preview:large","max-video-preview":"max-video-preview:-1"},"canonical":"https:\/\/socialdesignmagazine.com\/mag\/products-selection\/product\/tavolino-heaven-bianco-design-jean-marie-massaud-for-emu-2\/","og_locale":"it_IT","og_type":"article","og_title":"Tavolino Heaven Bianco design Jean-Marie Massaud for Emu - SDM Product Selection","og_description":"Con le sue forme morbide e il suo profilo aereo, il tavolino Heaven rappresenta per il suo designer, Jean-Marie Massaud, &#8220;un manifesto di eleganza, tra glamour e sensualit\u00e0 senza tempo&#8221;.","og_url":"https:\/\/socialdesignmagazine.com\/mag\/products-selection\/product\/tavolino-heaven-bianco-design-jean-marie-massaud-for-emu-2\/","og_site_name":"SDM Product Selection","article_publisher":"https:\/\/www.facebook.com\/socialdesignmag","article_modified_time":"2023-05-20T20:41:39+00:00","og_image":[{"width":352,"height":400,"url":"https:\/\/socialdesignmagazine.com\/mag\/products-selection\/wp-content\/uploads\/sites\/2\/2020\/08\/Tavolino-Heaven-Bianco-Emu-Jean-Marie-Massaud.jpg","type":"image\/jpeg"}],"twitter_card":"summary_large_image","twitter_site":"@socialdesignmag","twitter_misc":{"Tempo di lettura stimato":"1 minuto"},"schema":{"@context":"https:\/\/schema.org","@graph":[{"@type":"WebPage","@id":"https:\/\/socialdesignmagazine.com\/mag\/products-selection\/product\/tavolino-heaven-bianco-design-jean-marie-massaud-for-emu-2\/","url":"https:\/\/socialdesignmagazine.com\/mag\/products-selection\/product\/tavolino-heaven-bianco-design-jean-marie-massaud-for-emu-2\/","name":"Tavolino Heaven Bianco design Jean-Marie Massaud for Emu - SDM Product Selection","isPartOf":{"@id":"https:\/\/socialdesignmagazine.com\/mag\/products-selection\/#website"},"primaryImageOfPage":{"@id":"https:\/\/socialdesignmagazine.com\/mag\/products-selection\/product\/tavolino-heaven-bianco-design-jean-marie-massaud-for-emu-2\/#primaryimage"},"image":{"@id":"https:\/\/socialdesignmagazine.com\/mag\/products-selection\/product\/tavolino-heaven-bianco-design-jean-marie-massaud-for-emu-2\/#primaryimage"},"thumbnailUrl":"https:\/\/socialdesignmagazine.com\/mag\/products-selection\/wp-content\/uploads\/sites\/2\/2020\/08\/Tavolino-Heaven-Bianco-Emu-Jean-Marie-Massaud.jpg","datePublished":"2018-09-12T23:21:38+00:00","dateModified":"2023-05-20T20:41:39+00:00","breadcrumb":{"@id":"https:\/\/socialdesignmagazine.com\/mag\/products-selection\/product\/tavolino-heaven-bianco-design-jean-marie-massaud-for-emu-2\/#breadcrumb"},"inLanguage":"it-IT","potentialAction":[{"@type":"ReadAction","target":["https:\/\/socialdesignmagazine.com\/mag\/products-selection\/product\/tavolino-heaven-bianco-design-jean-marie-massaud-for-emu-2\/"]}]},{"@type":"ImageObject","inLanguage":"it-IT","@id":"https:\/\/socialdesignmagazine.com\/mag\/products-selection\/product\/tavolino-heaven-bianco-design-jean-marie-massaud-for-emu-2\/#primaryimage","url":"https:\/\/socialdesignmagazine.com\/mag\/products-selection\/wp-content\/uploads\/sites\/2\/2020\/08\/Tavolino-Heaven-Bianco-Emu-Jean-Marie-Massaud.jpg","contentUrl":"https:\/\/socialdesignmagazine.com\/mag\/products-selection\/wp-content\/uploads\/sites\/2\/2020\/08\/Tavolino-Heaven-Bianco-Emu-Jean-Marie-Massaud.jpg","width":352,"height":400,"caption":"Tavolino Heaven Bianco Emu Jean-Marie Massaud 1"},{"@type":"BreadcrumbList","@id":"https:\/\/socialdesignmagazine.com\/mag\/products-selection\/product\/tavolino-heaven-bianco-design-jean-marie-massaud-for-emu-2\/#breadcrumb","itemListElement":[{"@type":"ListItem","position":1,"name":"Home","item":"https:\/\/socialdesignmagazine.com\/mag\/products-selection\/"},{"@type":"ListItem","position":2,"name":"Tutti i prodotti","item":"https:\/\/socialdesignmagazine.com\/mag\/products-selection\/tutti-i-prodotti\/"},{"@type":"ListItem","position":3,"name":"Tavolino Heaven Bianco design Jean-Marie Massaud for Emu"}]},{"@type":"WebSite","@id":"https:\/\/socialdesignmagazine.com\/mag\/products-selection\/#website","url":"https:\/\/socialdesignmagazine.com\/mag\/products-selection\/","name":"SDM Product Selection","description":"Una selezioni di prodotti dei brand pi\u00f9 interessanti per arredare e progettare","publisher":{"@id":"https:\/\/socialdesignmagazine.com\/mag\/products-selection\/#organization"},"potentialAction":[{"@type":"SearchAction","target":{"@type":"EntryPoint","urlTemplate":"https:\/\/socialdesignmagazine.com\/mag\/products-selection\/?s={search_term_string}"},"query-input":{"@type":"PropertyValueSpecification","valueRequired":true,"valueName":"search_term_string"}}],"inLanguage":"it-IT"},{"@type":"Organization","@id":"https:\/\/socialdesignmagazine.com\/mag\/products-selection\/#organization","name":"Social Design Magazine","url":"https:\/\/socialdesignmagazine.com\/mag\/products-selection\/","logo":{"@type":"ImageObject","inLanguage":"it-IT","@id":"https:\/\/socialdesignmagazine.com\/mag\/products-selection\/#\/schema\/logo\/image\/","url":"https:\/\/socialdesignmagazine.com\/mag\/products-selection\/wp-content\/uploads\/sites\/2\/2015\/05\/social-design-magazine-logo.png","contentUrl":"https:\/\/socialdesignmagazine.com\/mag\/products-selection\/wp-content\/uploads\/sites\/2\/2015\/05\/social-design-magazine-logo.png","width":251,"height":101,"caption":"Social Design Magazine"},"image":{"@id":"https:\/\/socialdesignmagazine.com\/mag\/products-selection\/#\/schema\/logo\/image\/"},"sameAs":["https:\/\/www.facebook.com\/socialdesignmag","https:\/\/x.com\/socialdesignmag","http:\/\/instagram.com\/social_design_magazine\/","http:\/\/pinterest.com\/socialdesignmag\/","http:\/\/www.youtube.com\/user\/socialdesignmagazine"]}]}},"jetpack_publicize_connections":[],"jetpack_sharing_enabled":true,"brands":[{"id":1236,"name":"Emu","slug":"emu"}],"_links":{"self":[{"href":"https:\/\/socialdesignmagazine.com\/mag\/products-selection\/wp-json\/wp\/v2\/product\/66375","targetHints":{"allow":["GET"]}}],"collection":[{"href":"https:\/\/socialdesignmagazine.com\/mag\/products-selection\/wp-json\/wp\/v2\/product"}],"about":[{"href":"https:\/\/socialdesignmagazine.com\/mag\/products-selection\/wp-json\/wp\/v2\/types\/product"}],"wp:featuredmedia":[{"embeddable":true,"href":"https:\/\/socialdesignmagazine.com\/mag\/products-selection\/wp-json\/wp\/v2\/media\/112483"}],"wp:attachment":[{"href":"https:\/\/socialdesignmagazine.com\/mag\/products-selection\/wp-json\/wp\/v2\/media?parent=66375"}],"wp:term":[{"taxonomy":"pwb-brand","embeddable":true,"href":"https:\/\/socialdesignmagazine.com\/mag\/products-selection\/wp-json\/wp\/v2\/pwb-brand?post=66375"},{"taxonomy":"product_brand","embeddable":true,"href":"https:\/\/socialdesignmagazine.com\/mag\/products-selection\/wp-json\/wp\/v2\/product_brand?post=66375"},{"taxonomy":"product_cat","embeddable":true,"href":"https:\/\/socialdesignmagazine.com\/mag\/products-selection\/wp-json\/wp\/v2\/product_cat?post=66375"},{"taxonomy":"product_tag","embeddable":true,"href":"https:\/\/socialdesignmagazine.com\/mag\/products-selection\/wp-json\/wp\/v2\/product_tag?post=66375"}],"curies":[{"name":"wp","href":"https:\/\/api.w.org\/{rel}","templated":true}]}}