{"id":68117,"date":"2018-11-23T14:10:36","date_gmt":"2018-11-23T13:10:36","guid":{"rendered":"https:\/\/socialdesignmagazine.com\/mag\/products-selection\/?post_type=product&#038;p=68117"},"modified":"2020-12-19T10:12:29","modified_gmt":"2020-12-19T09:12:29","slug":"pouf-sacco-outdoor-grigio-design-cesare-paolinifranco-teodoropiero-gatti-for-zanotta","status":"publish","type":"product","link":"https:\/\/socialdesignmagazine.com\/mag\/products-selection\/product\/pouf-sacco-outdoor-grigio-design-cesare-paolinifranco-teodoropiero-gatti-for-zanotta\/","title":{"rendered":"Pouf Sacco Outdoor Grigio design Cesare Paolini|Franco Teodoro|Piero Gatti for Zanotta"},"content":{"rendered":"<p>Novit\u00e0 Zanotta molto attesa: il Sacco Outdoor&#8230; Presente nelle collezioni dei pi\u00f9 prestigiosi musei, il famoso Sacco \u00e8 ora esposto nei nostri giardini e terrazzi! Grazie al rivestimento per l&#8217;esterno in Tecnopelle non teme n\u00e9 il sole n\u00e9 la pioggia. Questo involucro in similpelle \u00e8 molto spesso e resistente. Ergonomica e confortevole, questa poltrona contenente microsfere di polistirolo espanso segue i movimenti del corpo sposandone le forme. Creato nel 1968 dai designer italiani Gatti, Paolini e Teodoro, questo oggetto di culto vive un costante successo da 40 anni&#8230; e non \u00e8 ancora finito grazie a questa nuova versione da esterno! Sacco Outdoor \u00e8 disponibile in molteplici colori, dai pi\u00f9 classici ai pi\u00f9 accesi&#8230; Da interno e da esterno &#8211; Resistente alle intemperie<\/p>\n","protected":false},"excerpt":{"rendered":"<p>Novit\u00e0 Zanotta molto attesa: il Sacco Outdoor&#8230; Presente nelle collezioni dei pi\u00f9 prestigiosi musei, il famoso Sacco \u00e8 ora esposto nei nostri giardini e terrazzi! Grazie al rivestimento per l&#8217;esterno<\/p>\n","protected":false},"featured_media":137916,"template":"","meta":{"_acf_changed":false,"jetpack_post_was_ever_published":false,"jetpack_publicize_message":"","jetpack_publicize_feature_enabled":true,"jetpack_social_post_already_shared":false,"jetpack_social_options":{"image_generator_settings":{"template":"highway","default_image_id":0,"font":"","enabled":false},"version":2}},"pwb-brand":[1235],"product_brand":[],"product_cat":[337,787,607,788,492,1248,791,786,535,533],"product_tag":[531,790],"class_list":{"0":"post-68117","1":"product","2":"type-product","3":"status-publish","4":"has-post-thumbnail","6":"pwb-brand-zanotta","7":"product_cat-arredamento","8":"product_cat-cesare-paolini","9":"product_cat-designers","10":"product_cat-franco-teodoro","11":"product_cat-outdoor","12":"product_cat-piero-gatti","13":"product_cat-pouf-sedute-outdoor","14":"product_cat-pouf","15":"product_cat-sedute-outdoor","16":"product_cat-sedute","17":"product_tag-outdoor","18":"product_tag-pouf","19":"pa_colore-grigio","20":"pa_designer-cesare-paolini","21":"pa_designer-franco-teodoro","22":"pa_designer-piero-gatti","23":"pa_materiale-perle-di-polistirolo","24":"pa_materiale-tessuto","25":"pa_produttore-zanotta","26":"pa_tipo-di-prodotto-pouf","28":"first","29":"instock","30":"product-type-external"},"acf":[],"yoast_head":"<!-- This site is optimized with the Yoast SEO plugin v27.2 - https:\/\/yoast.com\/product\/yoast-seo-wordpress\/ -->\n<title>Pouf Sacco Outdoor Grigio design Cesare Paolini|Franco Teodoro|Piero Gatti for Zanotta - SDM Product Selection<\/title>\n<meta name=\"robots\" content=\"index, follow, max-snippet:-1, max-image-preview:large, max-video-preview:-1\" \/>\n<link rel=\"canonical\" href=\"https:\/\/socialdesignmagazine.com\/mag\/products-selection\/product\/pouf-sacco-outdoor-grigio-design-cesare-paolinifranco-teodoropiero-gatti-for-zanotta\/\" \/>\n<meta property=\"og:locale\" content=\"it_IT\" \/>\n<meta property=\"og:type\" content=\"article\" \/>\n<meta property=\"og:title\" content=\"Pouf Sacco Outdoor Grigio design Cesare Paolini|Franco Teodoro|Piero Gatti for Zanotta - SDM Product Selection\" \/>\n<meta property=\"og:description\" content=\"Novit\u00e0 Zanotta molto attesa: il Sacco Outdoor&#8230; Presente nelle collezioni dei pi\u00f9 prestigiosi musei, il famoso Sacco \u00e8 ora esposto nei nostri giardini e terrazzi! Grazie al rivestimento per l&#8217;esterno\" \/>\n<meta property=\"og:url\" content=\"https:\/\/socialdesignmagazine.com\/mag\/products-selection\/product\/pouf-sacco-outdoor-grigio-design-cesare-paolinifranco-teodoropiero-gatti-for-zanotta\/\" \/>\n<meta property=\"og:site_name\" content=\"SDM Product Selection\" \/>\n<meta property=\"article:publisher\" content=\"https:\/\/www.facebook.com\/socialdesignmag\" \/>\n<meta property=\"article:modified_time\" content=\"2020-12-19T09:12:29+00:00\" \/>\n<meta property=\"og:image\" content=\"https:\/\/socialdesignmagazine.com\/mag\/products-selection\/wp-content\/uploads\/sites\/2\/2020\/12\/Pouf-Sacco-Outdoor-Grigio-Zanotta-Cesare-PaoliniFranco-TeodoroPiero-Gatti.jpg\" \/>\n\t<meta property=\"og:image:width\" content=\"1717\" \/>\n\t<meta property=\"og:image:height\" content=\"2081\" \/>\n\t<meta property=\"og:image:type\" content=\"image\/jpeg\" \/>\n<meta name=\"twitter:card\" content=\"summary_large_image\" \/>\n<meta name=\"twitter:site\" content=\"@socialdesignmag\" \/>\n<meta name=\"twitter:label1\" content=\"Tempo di lettura stimato\" \/>\n\t<meta name=\"twitter:data1\" content=\"1 minuto\" \/>\n<script type=\"application\/ld+json\" class=\"yoast-schema-graph\">{\"@context\":\"https:\/\/schema.org\",\"@graph\":[{\"@type\":\"WebPage\",\"@id\":\"https:\/\/socialdesignmagazine.com\/mag\/products-selection\/product\/pouf-sacco-outdoor-grigio-design-cesare-paolinifranco-teodoropiero-gatti-for-zanotta\/\",\"url\":\"https:\/\/socialdesignmagazine.com\/mag\/products-selection\/product\/pouf-sacco-outdoor-grigio-design-cesare-paolinifranco-teodoropiero-gatti-for-zanotta\/\",\"name\":\"Pouf Sacco Outdoor Grigio design Cesare Paolini|Franco Teodoro|Piero Gatti for Zanotta - SDM Product Selection\",\"isPartOf\":{\"@id\":\"https:\/\/socialdesignmagazine.com\/mag\/products-selection\/#website\"},\"primaryImageOfPage\":{\"@id\":\"https:\/\/socialdesignmagazine.com\/mag\/products-selection\/product\/pouf-sacco-outdoor-grigio-design-cesare-paolinifranco-teodoropiero-gatti-for-zanotta\/#primaryimage\"},\"image\":{\"@id\":\"https:\/\/socialdesignmagazine.com\/mag\/products-selection\/product\/pouf-sacco-outdoor-grigio-design-cesare-paolinifranco-teodoropiero-gatti-for-zanotta\/#primaryimage\"},\"thumbnailUrl\":\"https:\/\/socialdesignmagazine.com\/mag\/products-selection\/wp-content\/uploads\/sites\/2\/2020\/12\/Pouf-Sacco-Outdoor-Grigio-Zanotta-Cesare-PaoliniFranco-TeodoroPiero-Gatti.jpg\",\"datePublished\":\"2018-11-23T13:10:36+00:00\",\"dateModified\":\"2020-12-19T09:12:29+00:00\",\"breadcrumb\":{\"@id\":\"https:\/\/socialdesignmagazine.com\/mag\/products-selection\/product\/pouf-sacco-outdoor-grigio-design-cesare-paolinifranco-teodoropiero-gatti-for-zanotta\/#breadcrumb\"},\"inLanguage\":\"it-IT\",\"potentialAction\":[{\"@type\":\"ReadAction\",\"target\":[\"https:\/\/socialdesignmagazine.com\/mag\/products-selection\/product\/pouf-sacco-outdoor-grigio-design-cesare-paolinifranco-teodoropiero-gatti-for-zanotta\/\"]}]},{\"@type\":\"ImageObject\",\"inLanguage\":\"it-IT\",\"@id\":\"https:\/\/socialdesignmagazine.com\/mag\/products-selection\/product\/pouf-sacco-outdoor-grigio-design-cesare-paolinifranco-teodoropiero-gatti-for-zanotta\/#primaryimage\",\"url\":\"https:\/\/socialdesignmagazine.com\/mag\/products-selection\/wp-content\/uploads\/sites\/2\/2020\/12\/Pouf-Sacco-Outdoor-Grigio-Zanotta-Cesare-PaoliniFranco-TeodoroPiero-Gatti.jpg\",\"contentUrl\":\"https:\/\/socialdesignmagazine.com\/mag\/products-selection\/wp-content\/uploads\/sites\/2\/2020\/12\/Pouf-Sacco-Outdoor-Grigio-Zanotta-Cesare-PaoliniFranco-TeodoroPiero-Gatti.jpg\",\"width\":1717,\"height\":2081,\"caption\":\"Pouf Sacco Outdoor Grigio Zanotta Cesare Paolini|Franco Teodoro|Piero Gatti 1\"},{\"@type\":\"BreadcrumbList\",\"@id\":\"https:\/\/socialdesignmagazine.com\/mag\/products-selection\/product\/pouf-sacco-outdoor-grigio-design-cesare-paolinifranco-teodoropiero-gatti-for-zanotta\/#breadcrumb\",\"itemListElement\":[{\"@type\":\"ListItem\",\"position\":1,\"name\":\"Home\",\"item\":\"https:\/\/socialdesignmagazine.com\/mag\/products-selection\/\"},{\"@type\":\"ListItem\",\"position\":2,\"name\":\"Tutti i prodotti\",\"item\":\"https:\/\/socialdesignmagazine.com\/mag\/products-selection\/tutti-i-prodotti\/\"},{\"@type\":\"ListItem\",\"position\":3,\"name\":\"Pouf Sacco Outdoor Grigio design Cesare Paolini|Franco Teodoro|Piero Gatti for Zanotta\"}]},{\"@type\":\"WebSite\",\"@id\":\"https:\/\/socialdesignmagazine.com\/mag\/products-selection\/#website\",\"url\":\"https:\/\/socialdesignmagazine.com\/mag\/products-selection\/\",\"name\":\"SDM Product Selection\",\"description\":\"Una selezioni di prodotti dei brand pi\u00f9 interessanti per arredare e progettare\",\"publisher\":{\"@id\":\"https:\/\/socialdesignmagazine.com\/mag\/products-selection\/#organization\"},\"potentialAction\":[{\"@type\":\"SearchAction\",\"target\":{\"@type\":\"EntryPoint\",\"urlTemplate\":\"https:\/\/socialdesignmagazine.com\/mag\/products-selection\/?s={search_term_string}\"},\"query-input\":{\"@type\":\"PropertyValueSpecification\",\"valueRequired\":true,\"valueName\":\"search_term_string\"}}],\"inLanguage\":\"it-IT\"},{\"@type\":\"Organization\",\"@id\":\"https:\/\/socialdesignmagazine.com\/mag\/products-selection\/#organization\",\"name\":\"Social Design Magazine\",\"url\":\"https:\/\/socialdesignmagazine.com\/mag\/products-selection\/\",\"logo\":{\"@type\":\"ImageObject\",\"inLanguage\":\"it-IT\",\"@id\":\"https:\/\/socialdesignmagazine.com\/mag\/products-selection\/#\/schema\/logo\/image\/\",\"url\":\"https:\/\/socialdesignmagazine.com\/mag\/products-selection\/wp-content\/uploads\/sites\/2\/2015\/05\/social-design-magazine-logo.png\",\"contentUrl\":\"https:\/\/socialdesignmagazine.com\/mag\/products-selection\/wp-content\/uploads\/sites\/2\/2015\/05\/social-design-magazine-logo.png\",\"width\":251,\"height\":101,\"caption\":\"Social Design Magazine\"},\"image\":{\"@id\":\"https:\/\/socialdesignmagazine.com\/mag\/products-selection\/#\/schema\/logo\/image\/\"},\"sameAs\":[\"https:\/\/www.facebook.com\/socialdesignmag\",\"https:\/\/x.com\/socialdesignmag\",\"http:\/\/instagram.com\/social_design_magazine\/\",\"http:\/\/pinterest.com\/socialdesignmag\/\",\"http:\/\/www.youtube.com\/user\/socialdesignmagazine\"]}]}<\/script>\n<!-- \/ Yoast SEO plugin. -->","yoast_head_json":{"title":"Pouf Sacco Outdoor Grigio design Cesare Paolini|Franco Teodoro|Piero Gatti for Zanotta - SDM Product Selection","robots":{"index":"index","follow":"follow","max-snippet":"max-snippet:-1","max-image-preview":"max-image-preview:large","max-video-preview":"max-video-preview:-1"},"canonical":"https:\/\/socialdesignmagazine.com\/mag\/products-selection\/product\/pouf-sacco-outdoor-grigio-design-cesare-paolinifranco-teodoropiero-gatti-for-zanotta\/","og_locale":"it_IT","og_type":"article","og_title":"Pouf Sacco Outdoor Grigio design Cesare Paolini|Franco Teodoro|Piero Gatti for Zanotta - SDM Product Selection","og_description":"Novit\u00e0 Zanotta molto attesa: il Sacco Outdoor&#8230; Presente nelle collezioni dei pi\u00f9 prestigiosi musei, il famoso Sacco \u00e8 ora esposto nei nostri giardini e terrazzi! Grazie al rivestimento per l&#8217;esterno","og_url":"https:\/\/socialdesignmagazine.com\/mag\/products-selection\/product\/pouf-sacco-outdoor-grigio-design-cesare-paolinifranco-teodoropiero-gatti-for-zanotta\/","og_site_name":"SDM Product Selection","article_publisher":"https:\/\/www.facebook.com\/socialdesignmag","article_modified_time":"2020-12-19T09:12:29+00:00","og_image":[{"width":1717,"height":2081,"url":"https:\/\/socialdesignmagazine.com\/mag\/products-selection\/wp-content\/uploads\/sites\/2\/2020\/12\/Pouf-Sacco-Outdoor-Grigio-Zanotta-Cesare-PaoliniFranco-TeodoroPiero-Gatti.jpg","type":"image\/jpeg"}],"twitter_card":"summary_large_image","twitter_site":"@socialdesignmag","twitter_misc":{"Tempo di lettura stimato":"1 minuto"},"schema":{"@context":"https:\/\/schema.org","@graph":[{"@type":"WebPage","@id":"https:\/\/socialdesignmagazine.com\/mag\/products-selection\/product\/pouf-sacco-outdoor-grigio-design-cesare-paolinifranco-teodoropiero-gatti-for-zanotta\/","url":"https:\/\/socialdesignmagazine.com\/mag\/products-selection\/product\/pouf-sacco-outdoor-grigio-design-cesare-paolinifranco-teodoropiero-gatti-for-zanotta\/","name":"Pouf Sacco Outdoor Grigio design Cesare Paolini|Franco Teodoro|Piero Gatti for Zanotta - SDM Product Selection","isPartOf":{"@id":"https:\/\/socialdesignmagazine.com\/mag\/products-selection\/#website"},"primaryImageOfPage":{"@id":"https:\/\/socialdesignmagazine.com\/mag\/products-selection\/product\/pouf-sacco-outdoor-grigio-design-cesare-paolinifranco-teodoropiero-gatti-for-zanotta\/#primaryimage"},"image":{"@id":"https:\/\/socialdesignmagazine.com\/mag\/products-selection\/product\/pouf-sacco-outdoor-grigio-design-cesare-paolinifranco-teodoropiero-gatti-for-zanotta\/#primaryimage"},"thumbnailUrl":"https:\/\/socialdesignmagazine.com\/mag\/products-selection\/wp-content\/uploads\/sites\/2\/2020\/12\/Pouf-Sacco-Outdoor-Grigio-Zanotta-Cesare-PaoliniFranco-TeodoroPiero-Gatti.jpg","datePublished":"2018-11-23T13:10:36+00:00","dateModified":"2020-12-19T09:12:29+00:00","breadcrumb":{"@id":"https:\/\/socialdesignmagazine.com\/mag\/products-selection\/product\/pouf-sacco-outdoor-grigio-design-cesare-paolinifranco-teodoropiero-gatti-for-zanotta\/#breadcrumb"},"inLanguage":"it-IT","potentialAction":[{"@type":"ReadAction","target":["https:\/\/socialdesignmagazine.com\/mag\/products-selection\/product\/pouf-sacco-outdoor-grigio-design-cesare-paolinifranco-teodoropiero-gatti-for-zanotta\/"]}]},{"@type":"ImageObject","inLanguage":"it-IT","@id":"https:\/\/socialdesignmagazine.com\/mag\/products-selection\/product\/pouf-sacco-outdoor-grigio-design-cesare-paolinifranco-teodoropiero-gatti-for-zanotta\/#primaryimage","url":"https:\/\/socialdesignmagazine.com\/mag\/products-selection\/wp-content\/uploads\/sites\/2\/2020\/12\/Pouf-Sacco-Outdoor-Grigio-Zanotta-Cesare-PaoliniFranco-TeodoroPiero-Gatti.jpg","contentUrl":"https:\/\/socialdesignmagazine.com\/mag\/products-selection\/wp-content\/uploads\/sites\/2\/2020\/12\/Pouf-Sacco-Outdoor-Grigio-Zanotta-Cesare-PaoliniFranco-TeodoroPiero-Gatti.jpg","width":1717,"height":2081,"caption":"Pouf Sacco Outdoor Grigio Zanotta Cesare Paolini|Franco Teodoro|Piero Gatti 1"},{"@type":"BreadcrumbList","@id":"https:\/\/socialdesignmagazine.com\/mag\/products-selection\/product\/pouf-sacco-outdoor-grigio-design-cesare-paolinifranco-teodoropiero-gatti-for-zanotta\/#breadcrumb","itemListElement":[{"@type":"ListItem","position":1,"name":"Home","item":"https:\/\/socialdesignmagazine.com\/mag\/products-selection\/"},{"@type":"ListItem","position":2,"name":"Tutti i prodotti","item":"https:\/\/socialdesignmagazine.com\/mag\/products-selection\/tutti-i-prodotti\/"},{"@type":"ListItem","position":3,"name":"Pouf Sacco Outdoor Grigio design Cesare Paolini|Franco Teodoro|Piero Gatti for Zanotta"}]},{"@type":"WebSite","@id":"https:\/\/socialdesignmagazine.com\/mag\/products-selection\/#website","url":"https:\/\/socialdesignmagazine.com\/mag\/products-selection\/","name":"SDM Product Selection","description":"Una selezioni di prodotti dei brand pi\u00f9 interessanti per arredare e progettare","publisher":{"@id":"https:\/\/socialdesignmagazine.com\/mag\/products-selection\/#organization"},"potentialAction":[{"@type":"SearchAction","target":{"@type":"EntryPoint","urlTemplate":"https:\/\/socialdesignmagazine.com\/mag\/products-selection\/?s={search_term_string}"},"query-input":{"@type":"PropertyValueSpecification","valueRequired":true,"valueName":"search_term_string"}}],"inLanguage":"it-IT"},{"@type":"Organization","@id":"https:\/\/socialdesignmagazine.com\/mag\/products-selection\/#organization","name":"Social Design Magazine","url":"https:\/\/socialdesignmagazine.com\/mag\/products-selection\/","logo":{"@type":"ImageObject","inLanguage":"it-IT","@id":"https:\/\/socialdesignmagazine.com\/mag\/products-selection\/#\/schema\/logo\/image\/","url":"https:\/\/socialdesignmagazine.com\/mag\/products-selection\/wp-content\/uploads\/sites\/2\/2015\/05\/social-design-magazine-logo.png","contentUrl":"https:\/\/socialdesignmagazine.com\/mag\/products-selection\/wp-content\/uploads\/sites\/2\/2015\/05\/social-design-magazine-logo.png","width":251,"height":101,"caption":"Social Design Magazine"},"image":{"@id":"https:\/\/socialdesignmagazine.com\/mag\/products-selection\/#\/schema\/logo\/image\/"},"sameAs":["https:\/\/www.facebook.com\/socialdesignmag","https:\/\/x.com\/socialdesignmag","http:\/\/instagram.com\/social_design_magazine\/","http:\/\/pinterest.com\/socialdesignmag\/","http:\/\/www.youtube.com\/user\/socialdesignmagazine"]}]}},"jetpack_publicize_connections":[],"jetpack_sharing_enabled":true,"brands":[{"id":1235,"name":"Zanotta","slug":"zanotta"}],"_links":{"self":[{"href":"https:\/\/socialdesignmagazine.com\/mag\/products-selection\/wp-json\/wp\/v2\/product\/68117","targetHints":{"allow":["GET"]}}],"collection":[{"href":"https:\/\/socialdesignmagazine.com\/mag\/products-selection\/wp-json\/wp\/v2\/product"}],"about":[{"href":"https:\/\/socialdesignmagazine.com\/mag\/products-selection\/wp-json\/wp\/v2\/types\/product"}],"wp:featuredmedia":[{"embeddable":true,"href":"https:\/\/socialdesignmagazine.com\/mag\/products-selection\/wp-json\/wp\/v2\/media\/137916"}],"wp:attachment":[{"href":"https:\/\/socialdesignmagazine.com\/mag\/products-selection\/wp-json\/wp\/v2\/media?parent=68117"}],"wp:term":[{"taxonomy":"pwb-brand","embeddable":true,"href":"https:\/\/socialdesignmagazine.com\/mag\/products-selection\/wp-json\/wp\/v2\/pwb-brand?post=68117"},{"taxonomy":"product_brand","embeddable":true,"href":"https:\/\/socialdesignmagazine.com\/mag\/products-selection\/wp-json\/wp\/v2\/product_brand?post=68117"},{"taxonomy":"product_cat","embeddable":true,"href":"https:\/\/socialdesignmagazine.com\/mag\/products-selection\/wp-json\/wp\/v2\/product_cat?post=68117"},{"taxonomy":"product_tag","embeddable":true,"href":"https:\/\/socialdesignmagazine.com\/mag\/products-selection\/wp-json\/wp\/v2\/product_tag?post=68117"}],"curies":[{"name":"wp","href":"https:\/\/api.w.org\/{rel}","templated":true}]}}