{"id":79948,"date":"2019-07-29T17:40:08","date_gmt":"2019-07-29T15:40:08","guid":{"rendered":"https:\/\/socialdesignmagazine.com\/mag\/products-selection\/?post_type=product&#038;p=79948"},"modified":"2023-02-20T19:13:38","modified_gmt":"2023-02-20T18:13:38","slug":"poltrona-toiletpaper-shit-l-60-cm-multicoloregiallo-design-maurizio-cattelanpierpaolo-ferrari-for-seletti","status":"publish","type":"product","link":"https:\/\/socialdesignmagazine.com\/mag\/products-selection\/product\/poltrona-toiletpaper-shit-l-60-cm-multicoloregiallo-design-maurizio-cattelanpierpaolo-ferrari-for-seletti\/","title":{"rendered":"Poltrona Toiletpaper &#8211; Shit &#8211; L 60 cm Multicolore|Giallo design Maurizio Cattelan|Pierpaolo Ferrari for Seletti"},"content":{"rendered":"<p>Maurizio Cattelan, figura affermata nel panorama dell&#8217;arte contemporanea, e il fotografo Pierpaolo Ferrari firmano per Seletti una collezione unica, \u00e0 la fois provocatrice, al tempo stesso provocatrice, assurda, divertente&#8230; Piatti, mug, tovaglie e saponi di questa collezione sono decorati da immagini surrealiste prese dalla rivista Toilet Paper, fondata nel 2010 da due artisti italiani. Dita mozzate con perfetta manicure, sapone addentato, pesce farcito con pietre preziose, canarino dall&#8217;ala tagliata&#8230; I motivi onirici e ricchi di humour nero di Toilet Paper prendono ispirazione dalla moda, dalla pubblicit\u00e0, abbinando fotografia commerciale, narrazioni visive inquietanti e immaginario surrealista. Toilet Paper si riferisce alla nostra ossessione contemporanea per le immagini, esplorando i nostri desideri e pulsioni pi\u00f9 assurde. I diversi elementi della collezione Toilet Paper sono diversi ritratti che catturano, mixano normalit\u00e0 inquietante e ambiguit\u00e0, in cui il sentimento di turbamento si unisce ad un piacere visivo. Si tratta di vere e proprie opere d&#8217;arte! La collezione Toilet Paper si interroga, pur avendo prezzi accessibili e un&#8217;ampia distribuzione, sulla natura e i limiti del mercato dell&#8217;arte contemporanea. Una questione che da sempre \u00e8 al centro del lavoro di Maurizio Cattelan. Delle linee retr\u00f2 e scandinave, una grafica audace rivelata da colori vivaci e contrastati, sicuramente le sedie imbottite Toiletpaper attireranno tutti gli sguardi! Dotate di una seduta profonda e avvolgente, sono accoglienti e molto comode. Il loro rivestimento in poliestere dai colori intensi e la base in metallo nero e tinto oro sul bordo, daranno uno stile regale e classico che sar\u00e0 controbilanciato dallo stile humour delle illustrazioni.<\/p>\n","protected":false},"excerpt":{"rendered":"<p>Maurizio Cattelan, figura affermata nel panorama dell&#8217;arte contemporanea, e il fotografo Pierpaolo Ferrari firmano per Seletti una collezione unica, al tempo stesso provocatrice, assurda, divertente.<\/p>\n","protected":false},"featured_media":138477,"template":"","meta":{"_acf_changed":false,"jetpack_post_was_ever_published":false,"jetpack_publicize_message":"","jetpack_publicize_feature_enabled":true,"jetpack_social_post_already_shared":false,"jetpack_social_options":{"image_generator_settings":{"template":"highway","default_image_id":0,"font":"","enabled":false},"version":2}},"pwb-brand":[1288],"product_brand":[],"product_cat":[337,607,1313,1314,534,533],"product_tag":[156,1337],"class_list":{"0":"post-79948","1":"product","2":"type-product","3":"status-publish","4":"has-post-thumbnail","6":"pwb-brand-seletti","7":"product_cat-arredamento","8":"product_cat-designers","9":"product_cat-maurizio-cattelan","10":"product_cat-pierpaolo-ferrari","11":"product_cat-poltrona-sedute","12":"product_cat-sedute","13":"product_tag-poltrona","14":"product_tag-toiletpaper","15":"pa_altezza-720-mm","16":"pa_colore-giallo","17":"pa_colore-multicolore","18":"pa_designer-maurizio-cattelan","19":"pa_designer-pierpaolo-ferrari","20":"pa_larghezza-600-mm","21":"pa_materiale-legno","22":"pa_materiale-metallo","23":"pa_materiale-schiuma-di-poliuretano","24":"pa_materiale-tessuto-poliestere","25":"pa_produttore-seletti","26":"pa_profondita-500-mm","27":"pa_serie-toiletpaper","28":"pa_tipo-di-prodotto-poltrona","30":"first","31":"instock","32":"product-type-external"},"acf":[],"yoast_head":"<!-- This site is optimized with the Yoast SEO plugin v27.2 - https:\/\/yoast.com\/product\/yoast-seo-wordpress\/ -->\n<title>Poltrona Toiletpaper - Shit - L 60 cm Multicolore|Giallo design Maurizio Cattelan|Pierpaolo Ferrari for Seletti - SDM Product Selection<\/title>\n<meta name=\"description\" content=\"Maurizio Cattelan, figura affermata nel panorama dell&#039;arte contemporanea, e il fotografo Pierpaolo Ferrari firmano per Seletti una collezione unica, al tempo stesso provocatrice, assurda, divertente.\" \/>\n<meta name=\"robots\" content=\"index, follow, max-snippet:-1, max-image-preview:large, max-video-preview:-1\" \/>\n<link rel=\"canonical\" href=\"https:\/\/socialdesignmagazine.com\/mag\/products-selection\/product\/poltrona-toiletpaper-shit-l-60-cm-multicoloregiallo-design-maurizio-cattelanpierpaolo-ferrari-for-seletti\/\" \/>\n<meta property=\"og:locale\" content=\"it_IT\" \/>\n<meta property=\"og:type\" content=\"article\" \/>\n<meta property=\"og:title\" content=\"Poltrona Toiletpaper - Shit - L 60 cm Multicolore|Giallo design Maurizio Cattelan|Pierpaolo Ferrari for Seletti - SDM Product Selection\" \/>\n<meta property=\"og:description\" content=\"Maurizio Cattelan, figura affermata nel panorama dell&#039;arte contemporanea, e il fotografo Pierpaolo Ferrari firmano per Seletti una collezione unica, al tempo stesso provocatrice, assurda, divertente.\" \/>\n<meta property=\"og:url\" content=\"https:\/\/socialdesignmagazine.com\/mag\/products-selection\/product\/poltrona-toiletpaper-shit-l-60-cm-multicoloregiallo-design-maurizio-cattelanpierpaolo-ferrari-for-seletti\/\" \/>\n<meta property=\"og:site_name\" content=\"SDM Product Selection\" \/>\n<meta property=\"article:publisher\" content=\"https:\/\/www.facebook.com\/socialdesignmag\" \/>\n<meta property=\"article:modified_time\" content=\"2023-02-20T18:13:38+00:00\" \/>\n<meta property=\"og:image\" content=\"https:\/\/socialdesignmagazine.com\/mag\/products-selection\/wp-content\/uploads\/sites\/2\/2020\/12\/Poltrona-Toiletpaper-Shit-L-60-cm-MulticoloreGiallo-Seletti-Maurizio-CattelanPierpaolo-Ferrari.jpg\" \/>\n\t<meta property=\"og:image:width\" content=\"900\" \/>\n\t<meta property=\"og:image:height\" content=\"1200\" \/>\n\t<meta property=\"og:image:type\" content=\"image\/jpeg\" \/>\n<meta name=\"twitter:card\" content=\"summary_large_image\" \/>\n<meta name=\"twitter:site\" content=\"@socialdesignmag\" \/>\n<meta name=\"twitter:label1\" content=\"Tempo di lettura stimato\" \/>\n\t<meta name=\"twitter:data1\" content=\"1 minuto\" \/>\n<script type=\"application\/ld+json\" class=\"yoast-schema-graph\">{\"@context\":\"https:\/\/schema.org\",\"@graph\":[{\"@type\":\"WebPage\",\"@id\":\"https:\/\/socialdesignmagazine.com\/mag\/products-selection\/product\/poltrona-toiletpaper-shit-l-60-cm-multicoloregiallo-design-maurizio-cattelanpierpaolo-ferrari-for-seletti\/\",\"url\":\"https:\/\/socialdesignmagazine.com\/mag\/products-selection\/product\/poltrona-toiletpaper-shit-l-60-cm-multicoloregiallo-design-maurizio-cattelanpierpaolo-ferrari-for-seletti\/\",\"name\":\"Poltrona Toiletpaper - Shit - L 60 cm Multicolore|Giallo design Maurizio Cattelan|Pierpaolo Ferrari for Seletti - SDM Product Selection\",\"isPartOf\":{\"@id\":\"https:\/\/socialdesignmagazine.com\/mag\/products-selection\/#website\"},\"primaryImageOfPage\":{\"@id\":\"https:\/\/socialdesignmagazine.com\/mag\/products-selection\/product\/poltrona-toiletpaper-shit-l-60-cm-multicoloregiallo-design-maurizio-cattelanpierpaolo-ferrari-for-seletti\/#primaryimage\"},\"image\":{\"@id\":\"https:\/\/socialdesignmagazine.com\/mag\/products-selection\/product\/poltrona-toiletpaper-shit-l-60-cm-multicoloregiallo-design-maurizio-cattelanpierpaolo-ferrari-for-seletti\/#primaryimage\"},\"thumbnailUrl\":\"https:\/\/socialdesignmagazine.com\/mag\/products-selection\/wp-content\/uploads\/sites\/2\/2020\/12\/Poltrona-Toiletpaper-Shit-L-60-cm-MulticoloreGiallo-Seletti-Maurizio-CattelanPierpaolo-Ferrari.jpg\",\"datePublished\":\"2019-07-29T15:40:08+00:00\",\"dateModified\":\"2023-02-20T18:13:38+00:00\",\"description\":\"Maurizio Cattelan, figura affermata nel panorama dell'arte contemporanea, e il fotografo Pierpaolo Ferrari firmano per Seletti una collezione unica, al tempo stesso provocatrice, assurda, divertente.\",\"breadcrumb\":{\"@id\":\"https:\/\/socialdesignmagazine.com\/mag\/products-selection\/product\/poltrona-toiletpaper-shit-l-60-cm-multicoloregiallo-design-maurizio-cattelanpierpaolo-ferrari-for-seletti\/#breadcrumb\"},\"inLanguage\":\"it-IT\",\"potentialAction\":[{\"@type\":\"ReadAction\",\"target\":[\"https:\/\/socialdesignmagazine.com\/mag\/products-selection\/product\/poltrona-toiletpaper-shit-l-60-cm-multicoloregiallo-design-maurizio-cattelanpierpaolo-ferrari-for-seletti\/\"]}]},{\"@type\":\"ImageObject\",\"inLanguage\":\"it-IT\",\"@id\":\"https:\/\/socialdesignmagazine.com\/mag\/products-selection\/product\/poltrona-toiletpaper-shit-l-60-cm-multicoloregiallo-design-maurizio-cattelanpierpaolo-ferrari-for-seletti\/#primaryimage\",\"url\":\"https:\/\/socialdesignmagazine.com\/mag\/products-selection\/wp-content\/uploads\/sites\/2\/2020\/12\/Poltrona-Toiletpaper-Shit-L-60-cm-MulticoloreGiallo-Seletti-Maurizio-CattelanPierpaolo-Ferrari.jpg\",\"contentUrl\":\"https:\/\/socialdesignmagazine.com\/mag\/products-selection\/wp-content\/uploads\/sites\/2\/2020\/12\/Poltrona-Toiletpaper-Shit-L-60-cm-MulticoloreGiallo-Seletti-Maurizio-CattelanPierpaolo-Ferrari.jpg\",\"width\":900,\"height\":1200,\"caption\":\"Poltrona Toiletpaper - Shit - L 60 cm Multicolore|Giallo Seletti Maurizio Cattelan|Pierpaolo Ferrari\"},{\"@type\":\"BreadcrumbList\",\"@id\":\"https:\/\/socialdesignmagazine.com\/mag\/products-selection\/product\/poltrona-toiletpaper-shit-l-60-cm-multicoloregiallo-design-maurizio-cattelanpierpaolo-ferrari-for-seletti\/#breadcrumb\",\"itemListElement\":[{\"@type\":\"ListItem\",\"position\":1,\"name\":\"Home\",\"item\":\"https:\/\/socialdesignmagazine.com\/mag\/products-selection\/\"},{\"@type\":\"ListItem\",\"position\":2,\"name\":\"Tutti i prodotti\",\"item\":\"https:\/\/socialdesignmagazine.com\/mag\/products-selection\/tutti-i-prodotti\/\"},{\"@type\":\"ListItem\",\"position\":3,\"name\":\"Poltrona Toiletpaper &#8211; Shit &#8211; L 60 cm Multicolore|Giallo design Maurizio Cattelan|Pierpaolo Ferrari for Seletti\"}]},{\"@type\":\"WebSite\",\"@id\":\"https:\/\/socialdesignmagazine.com\/mag\/products-selection\/#website\",\"url\":\"https:\/\/socialdesignmagazine.com\/mag\/products-selection\/\",\"name\":\"SDM Product Selection\",\"description\":\"Una selezioni di prodotti dei brand pi\u00f9 interessanti per arredare e progettare\",\"publisher\":{\"@id\":\"https:\/\/socialdesignmagazine.com\/mag\/products-selection\/#organization\"},\"potentialAction\":[{\"@type\":\"SearchAction\",\"target\":{\"@type\":\"EntryPoint\",\"urlTemplate\":\"https:\/\/socialdesignmagazine.com\/mag\/products-selection\/?s={search_term_string}\"},\"query-input\":{\"@type\":\"PropertyValueSpecification\",\"valueRequired\":true,\"valueName\":\"search_term_string\"}}],\"inLanguage\":\"it-IT\"},{\"@type\":\"Organization\",\"@id\":\"https:\/\/socialdesignmagazine.com\/mag\/products-selection\/#organization\",\"name\":\"Social Design Magazine\",\"url\":\"https:\/\/socialdesignmagazine.com\/mag\/products-selection\/\",\"logo\":{\"@type\":\"ImageObject\",\"inLanguage\":\"it-IT\",\"@id\":\"https:\/\/socialdesignmagazine.com\/mag\/products-selection\/#\/schema\/logo\/image\/\",\"url\":\"https:\/\/socialdesignmagazine.com\/mag\/products-selection\/wp-content\/uploads\/sites\/2\/2015\/05\/social-design-magazine-logo.png\",\"contentUrl\":\"https:\/\/socialdesignmagazine.com\/mag\/products-selection\/wp-content\/uploads\/sites\/2\/2015\/05\/social-design-magazine-logo.png\",\"width\":251,\"height\":101,\"caption\":\"Social Design Magazine\"},\"image\":{\"@id\":\"https:\/\/socialdesignmagazine.com\/mag\/products-selection\/#\/schema\/logo\/image\/\"},\"sameAs\":[\"https:\/\/www.facebook.com\/socialdesignmag\",\"https:\/\/x.com\/socialdesignmag\",\"http:\/\/instagram.com\/social_design_magazine\/\",\"http:\/\/pinterest.com\/socialdesignmag\/\",\"http:\/\/www.youtube.com\/user\/socialdesignmagazine\"]}]}<\/script>\n<!-- \/ Yoast SEO plugin. -->","yoast_head_json":{"title":"Poltrona Toiletpaper - Shit - L 60 cm Multicolore|Giallo design Maurizio Cattelan|Pierpaolo Ferrari for Seletti - SDM Product Selection","description":"Maurizio Cattelan, figura affermata nel panorama dell'arte contemporanea, e il fotografo Pierpaolo Ferrari firmano per Seletti una collezione unica, al tempo stesso provocatrice, assurda, divertente.","robots":{"index":"index","follow":"follow","max-snippet":"max-snippet:-1","max-image-preview":"max-image-preview:large","max-video-preview":"max-video-preview:-1"},"canonical":"https:\/\/socialdesignmagazine.com\/mag\/products-selection\/product\/poltrona-toiletpaper-shit-l-60-cm-multicoloregiallo-design-maurizio-cattelanpierpaolo-ferrari-for-seletti\/","og_locale":"it_IT","og_type":"article","og_title":"Poltrona Toiletpaper - Shit - L 60 cm Multicolore|Giallo design Maurizio Cattelan|Pierpaolo Ferrari for Seletti - SDM Product Selection","og_description":"Maurizio Cattelan, figura affermata nel panorama dell'arte contemporanea, e il fotografo Pierpaolo Ferrari firmano per Seletti una collezione unica, al tempo stesso provocatrice, assurda, divertente.","og_url":"https:\/\/socialdesignmagazine.com\/mag\/products-selection\/product\/poltrona-toiletpaper-shit-l-60-cm-multicoloregiallo-design-maurizio-cattelanpierpaolo-ferrari-for-seletti\/","og_site_name":"SDM Product Selection","article_publisher":"https:\/\/www.facebook.com\/socialdesignmag","article_modified_time":"2023-02-20T18:13:38+00:00","og_image":[{"width":900,"height":1200,"url":"https:\/\/socialdesignmagazine.com\/mag\/products-selection\/wp-content\/uploads\/sites\/2\/2020\/12\/Poltrona-Toiletpaper-Shit-L-60-cm-MulticoloreGiallo-Seletti-Maurizio-CattelanPierpaolo-Ferrari.jpg","type":"image\/jpeg"}],"twitter_card":"summary_large_image","twitter_site":"@socialdesignmag","twitter_misc":{"Tempo di lettura stimato":"1 minuto"},"schema":{"@context":"https:\/\/schema.org","@graph":[{"@type":"WebPage","@id":"https:\/\/socialdesignmagazine.com\/mag\/products-selection\/product\/poltrona-toiletpaper-shit-l-60-cm-multicoloregiallo-design-maurizio-cattelanpierpaolo-ferrari-for-seletti\/","url":"https:\/\/socialdesignmagazine.com\/mag\/products-selection\/product\/poltrona-toiletpaper-shit-l-60-cm-multicoloregiallo-design-maurizio-cattelanpierpaolo-ferrari-for-seletti\/","name":"Poltrona Toiletpaper - Shit - L 60 cm Multicolore|Giallo design Maurizio Cattelan|Pierpaolo Ferrari for Seletti - SDM Product Selection","isPartOf":{"@id":"https:\/\/socialdesignmagazine.com\/mag\/products-selection\/#website"},"primaryImageOfPage":{"@id":"https:\/\/socialdesignmagazine.com\/mag\/products-selection\/product\/poltrona-toiletpaper-shit-l-60-cm-multicoloregiallo-design-maurizio-cattelanpierpaolo-ferrari-for-seletti\/#primaryimage"},"image":{"@id":"https:\/\/socialdesignmagazine.com\/mag\/products-selection\/product\/poltrona-toiletpaper-shit-l-60-cm-multicoloregiallo-design-maurizio-cattelanpierpaolo-ferrari-for-seletti\/#primaryimage"},"thumbnailUrl":"https:\/\/socialdesignmagazine.com\/mag\/products-selection\/wp-content\/uploads\/sites\/2\/2020\/12\/Poltrona-Toiletpaper-Shit-L-60-cm-MulticoloreGiallo-Seletti-Maurizio-CattelanPierpaolo-Ferrari.jpg","datePublished":"2019-07-29T15:40:08+00:00","dateModified":"2023-02-20T18:13:38+00:00","description":"Maurizio Cattelan, figura affermata nel panorama dell'arte contemporanea, e il fotografo Pierpaolo Ferrari firmano per Seletti una collezione unica, al tempo stesso provocatrice, assurda, divertente.","breadcrumb":{"@id":"https:\/\/socialdesignmagazine.com\/mag\/products-selection\/product\/poltrona-toiletpaper-shit-l-60-cm-multicoloregiallo-design-maurizio-cattelanpierpaolo-ferrari-for-seletti\/#breadcrumb"},"inLanguage":"it-IT","potentialAction":[{"@type":"ReadAction","target":["https:\/\/socialdesignmagazine.com\/mag\/products-selection\/product\/poltrona-toiletpaper-shit-l-60-cm-multicoloregiallo-design-maurizio-cattelanpierpaolo-ferrari-for-seletti\/"]}]},{"@type":"ImageObject","inLanguage":"it-IT","@id":"https:\/\/socialdesignmagazine.com\/mag\/products-selection\/product\/poltrona-toiletpaper-shit-l-60-cm-multicoloregiallo-design-maurizio-cattelanpierpaolo-ferrari-for-seletti\/#primaryimage","url":"https:\/\/socialdesignmagazine.com\/mag\/products-selection\/wp-content\/uploads\/sites\/2\/2020\/12\/Poltrona-Toiletpaper-Shit-L-60-cm-MulticoloreGiallo-Seletti-Maurizio-CattelanPierpaolo-Ferrari.jpg","contentUrl":"https:\/\/socialdesignmagazine.com\/mag\/products-selection\/wp-content\/uploads\/sites\/2\/2020\/12\/Poltrona-Toiletpaper-Shit-L-60-cm-MulticoloreGiallo-Seletti-Maurizio-CattelanPierpaolo-Ferrari.jpg","width":900,"height":1200,"caption":"Poltrona Toiletpaper - Shit - L 60 cm Multicolore|Giallo Seletti Maurizio Cattelan|Pierpaolo Ferrari"},{"@type":"BreadcrumbList","@id":"https:\/\/socialdesignmagazine.com\/mag\/products-selection\/product\/poltrona-toiletpaper-shit-l-60-cm-multicoloregiallo-design-maurizio-cattelanpierpaolo-ferrari-for-seletti\/#breadcrumb","itemListElement":[{"@type":"ListItem","position":1,"name":"Home","item":"https:\/\/socialdesignmagazine.com\/mag\/products-selection\/"},{"@type":"ListItem","position":2,"name":"Tutti i prodotti","item":"https:\/\/socialdesignmagazine.com\/mag\/products-selection\/tutti-i-prodotti\/"},{"@type":"ListItem","position":3,"name":"Poltrona Toiletpaper &#8211; Shit &#8211; L 60 cm Multicolore|Giallo design Maurizio Cattelan|Pierpaolo Ferrari for Seletti"}]},{"@type":"WebSite","@id":"https:\/\/socialdesignmagazine.com\/mag\/products-selection\/#website","url":"https:\/\/socialdesignmagazine.com\/mag\/products-selection\/","name":"SDM Product Selection","description":"Una selezioni di prodotti dei brand pi\u00f9 interessanti per arredare e progettare","publisher":{"@id":"https:\/\/socialdesignmagazine.com\/mag\/products-selection\/#organization"},"potentialAction":[{"@type":"SearchAction","target":{"@type":"EntryPoint","urlTemplate":"https:\/\/socialdesignmagazine.com\/mag\/products-selection\/?s={search_term_string}"},"query-input":{"@type":"PropertyValueSpecification","valueRequired":true,"valueName":"search_term_string"}}],"inLanguage":"it-IT"},{"@type":"Organization","@id":"https:\/\/socialdesignmagazine.com\/mag\/products-selection\/#organization","name":"Social Design Magazine","url":"https:\/\/socialdesignmagazine.com\/mag\/products-selection\/","logo":{"@type":"ImageObject","inLanguage":"it-IT","@id":"https:\/\/socialdesignmagazine.com\/mag\/products-selection\/#\/schema\/logo\/image\/","url":"https:\/\/socialdesignmagazine.com\/mag\/products-selection\/wp-content\/uploads\/sites\/2\/2015\/05\/social-design-magazine-logo.png","contentUrl":"https:\/\/socialdesignmagazine.com\/mag\/products-selection\/wp-content\/uploads\/sites\/2\/2015\/05\/social-design-magazine-logo.png","width":251,"height":101,"caption":"Social Design Magazine"},"image":{"@id":"https:\/\/socialdesignmagazine.com\/mag\/products-selection\/#\/schema\/logo\/image\/"},"sameAs":["https:\/\/www.facebook.com\/socialdesignmag","https:\/\/x.com\/socialdesignmag","http:\/\/instagram.com\/social_design_magazine\/","http:\/\/pinterest.com\/socialdesignmag\/","http:\/\/www.youtube.com\/user\/socialdesignmagazine"]}]}},"jetpack_publicize_connections":[],"jetpack_sharing_enabled":true,"brands":[{"id":1288,"name":"Seletti","slug":"seletti"}],"_links":{"self":[{"href":"https:\/\/socialdesignmagazine.com\/mag\/products-selection\/wp-json\/wp\/v2\/product\/79948","targetHints":{"allow":["GET"]}}],"collection":[{"href":"https:\/\/socialdesignmagazine.com\/mag\/products-selection\/wp-json\/wp\/v2\/product"}],"about":[{"href":"https:\/\/socialdesignmagazine.com\/mag\/products-selection\/wp-json\/wp\/v2\/types\/product"}],"wp:featuredmedia":[{"embeddable":true,"href":"https:\/\/socialdesignmagazine.com\/mag\/products-selection\/wp-json\/wp\/v2\/media\/138477"}],"wp:attachment":[{"href":"https:\/\/socialdesignmagazine.com\/mag\/products-selection\/wp-json\/wp\/v2\/media?parent=79948"}],"wp:term":[{"taxonomy":"pwb-brand","embeddable":true,"href":"https:\/\/socialdesignmagazine.com\/mag\/products-selection\/wp-json\/wp\/v2\/pwb-brand?post=79948"},{"taxonomy":"product_brand","embeddable":true,"href":"https:\/\/socialdesignmagazine.com\/mag\/products-selection\/wp-json\/wp\/v2\/product_brand?post=79948"},{"taxonomy":"product_cat","embeddable":true,"href":"https:\/\/socialdesignmagazine.com\/mag\/products-selection\/wp-json\/wp\/v2\/product_cat?post=79948"},{"taxonomy":"product_tag","embeddable":true,"href":"https:\/\/socialdesignmagazine.com\/mag\/products-selection\/wp-json\/wp\/v2\/product_tag?post=79948"}],"curies":[{"name":"wp","href":"https:\/\/api.w.org\/{rel}","templated":true}]}}