{"id":83677,"date":"2019-08-15T16:24:43","date_gmt":"2019-08-15T14:24:43","guid":{"rendered":"https:\/\/socialdesignmagazine.com\/mag\/products-selection\/?post_type=product&#038;p=83677"},"modified":"2023-02-22T19:51:17","modified_gmt":"2023-02-22T18:51:17","slug":"specchio-caadre-tv-155-x-140-cm-nerotitanio-design-philippe-starck-for-fiam","status":"publish","type":"product","link":"https:\/\/socialdesignmagazine.com\/mag\/products-selection\/product\/specchio-caadre-tv-155-x-140-cm-nerotitanio-design-philippe-starck-for-fiam\/","title":{"rendered":"Specchio Caadre TV &#8211; 155 x 140 cm Nero|Titanio design Philippe Starck for FIAM"},"content":{"rendered":"<p>Televisore LCD&#8230; e specchio! Starck ci fa sognare con questo specchio che da spento si trasforma in uno specchio classico e luminoso&#8230; Questa \u00e8 la magia di questa nuova tecnologia di alta gamma che vi permetter\u00e0 di far sparire il vostro televisore per creare un tutt&#8217;uno con l&#8217;ambiente. Al centro di questo splendido specchio in vetro \u00e8 integrato uno schermo piatto LCD 42 pollici Sony. Nel momento in cui \u00e8 spento la superficie dello schermo \u00e8 completamente riflettenete e riflette l&#8217;ambiente&#8230; Oggetto magico avvolto dal mistero, Caadre TV \u00e8 il tratto di unione tra passato e futuro, tra stile classsico e tecnologia innovativa. Il televisore LCD Sony disponde di un&#8217;eccellente qualit\u00e0 d&#8217;immagine ma anche di un suono straordinario. L&#8217;unione di tecnologie di punta e del know-how d&#8217;eccellenza dei vetrai di FIAM rende Caadre TV una creazione unica ed eccezionale. Caadre TV pu\u00f2 integrarsi in assoluta armonia in qualsiasi stanza di casa, ufficio, atrio, sala conferenza, commercio o in qualsiasi ambiente pubblico o edificio. Lo specchio \u00e8 in vetro semi-riflettente (5 mm), la cornice \u00e8 costituita da 4 elementi separati curvati in vetro semi-riflettente con retro-pittura in titanio. CARATTERISTICHE TV LCD SONY 42&#8221;: tecnologia LCD &#8211; Risoluzione 1920&#215;1080 &#8211; Definizione HD &#8211; Porta USB &#8211; Ingresso(i) HDMI 2 &#8211; Numero di prese Scart 1 &#8211; Ingresso(i) Audio 1 &#8211; Uscita(e) Audio 1 &#8211; Ingresso(i) Video Composito &#8211; WiFi integrato &#8211; Ethernet si &#8211; Classe energetica A &#8211; Frequenza di campionamento: 200Hz &#8211; Connessione: TV connessa &#8211; Tuner: TNT HD (MPEG4) &#8211; Potenza max: 5w+5w &#8211; Compatibilit\u00e0 DLNA: si &#8211; Presa casco: si 2 funzioni: televisore schermo piatto LCD 42 pollici SONY + specchio a parete &#8211; Lo schermo sparisce nel momento in cui \u00e8 spento per diventare una superficie riflettente e con la funzione di specchio &#8211; Peso: 54 Kg &#8211; Telecomando incluso<\/p>\n","protected":false},"excerpt":{"rendered":"<p>Televisore LCD&#8230; e specchio! Starck ci fa sognare con questo specchio che da spento si trasforma in uno specchio classico e luminoso.<\/p>\n","protected":false},"featured_media":137373,"template":"","meta":{"_acf_changed":false,"jetpack_post_was_ever_published":false,"jetpack_publicize_message":"","jetpack_publicize_feature_enabled":true,"jetpack_social_post_already_shared":false,"jetpack_social_options":{"image_generator_settings":{"template":"highway","default_image_id":0,"font":"","enabled":false},"version":2}},"pwb-brand":[1452],"product_brand":[],"product_cat":[304,607,746,351],"product_tag":[352],"class_list":{"0":"post-83677","1":"product","2":"type-product","3":"status-publish","4":"has-post-thumbnail","6":"pwb-brand-fiam","7":"product_cat-decor","8":"product_cat-designers","9":"product_cat-philippe-starck","10":"product_cat-specchio","11":"product_tag-specchio","12":"pa_altezza-1400-mm","13":"pa_colore-nero","14":"pa_colore-titanio","15":"pa_designer-philippe-starck","16":"pa_downloads-2d","17":"pa_downloads-3d","18":"pa_downloads-pdf","19":"pa_larghezza-1550-mm","20":"pa_materiale-vetro","21":"pa_produttore-fiam","22":"pa_profondita-200-mm","23":"pa_tipo-di-prodotto-specchio","25":"first","26":"instock","27":"product-type-external"},"acf":[],"yoast_head":"<!-- This site is optimized with the Yoast SEO plugin v27.2 - https:\/\/yoast.com\/product\/yoast-seo-wordpress\/ -->\n<title>Specchio Caadre TV - 155 x 140 cm Nero|Titanio design Philippe Starck for FIAM - SDM Product Selection<\/title>\n<meta name=\"description\" content=\"Televisore LCD... e specchio! Starck ci fa sognare con questo specchio che da spento si trasforma in uno specchio classico e luminoso.\" \/>\n<meta name=\"robots\" content=\"index, follow, max-snippet:-1, max-image-preview:large, max-video-preview:-1\" \/>\n<link rel=\"canonical\" href=\"https:\/\/socialdesignmagazine.com\/mag\/products-selection\/product\/specchio-caadre-tv-155-x-140-cm-nerotitanio-design-philippe-starck-for-fiam\/\" \/>\n<meta property=\"og:locale\" content=\"it_IT\" \/>\n<meta property=\"og:type\" content=\"article\" \/>\n<meta property=\"og:title\" content=\"Specchio Caadre TV - 155 x 140 cm Nero|Titanio design Philippe Starck for FIAM - SDM Product Selection\" \/>\n<meta property=\"og:description\" content=\"Televisore LCD... e specchio! Starck ci fa sognare con questo specchio che da spento si trasforma in uno specchio classico e luminoso.\" \/>\n<meta property=\"og:url\" content=\"https:\/\/socialdesignmagazine.com\/mag\/products-selection\/product\/specchio-caadre-tv-155-x-140-cm-nerotitanio-design-philippe-starck-for-fiam\/\" \/>\n<meta property=\"og:site_name\" content=\"SDM Product Selection\" \/>\n<meta property=\"article:publisher\" content=\"https:\/\/www.facebook.com\/socialdesignmag\" \/>\n<meta property=\"article:modified_time\" content=\"2023-02-22T18:51:17+00:00\" \/>\n<meta property=\"og:image\" content=\"https:\/\/socialdesignmagazine.com\/mag\/products-selection\/wp-content\/uploads\/sites\/2\/2020\/12\/Specchio-Caadre-TV-155-x-140-cm-NeroTitanio-FIAM-Philippe-Starck.jpg\" \/>\n\t<meta property=\"og:image:width\" content=\"1235\" \/>\n\t<meta property=\"og:image:height\" content=\"1288\" \/>\n\t<meta property=\"og:image:type\" content=\"image\/jpeg\" \/>\n<meta name=\"twitter:card\" content=\"summary_large_image\" \/>\n<meta name=\"twitter:site\" content=\"@socialdesignmag\" \/>\n<meta name=\"twitter:label1\" content=\"Tempo di lettura stimato\" \/>\n\t<meta name=\"twitter:data1\" content=\"1 minuto\" \/>\n<script type=\"application\/ld+json\" class=\"yoast-schema-graph\">{\"@context\":\"https:\/\/schema.org\",\"@graph\":[{\"@type\":\"WebPage\",\"@id\":\"https:\/\/socialdesignmagazine.com\/mag\/products-selection\/product\/specchio-caadre-tv-155-x-140-cm-nerotitanio-design-philippe-starck-for-fiam\/\",\"url\":\"https:\/\/socialdesignmagazine.com\/mag\/products-selection\/product\/specchio-caadre-tv-155-x-140-cm-nerotitanio-design-philippe-starck-for-fiam\/\",\"name\":\"Specchio Caadre TV - 155 x 140 cm Nero|Titanio design Philippe Starck for FIAM - SDM Product Selection\",\"isPartOf\":{\"@id\":\"https:\/\/socialdesignmagazine.com\/mag\/products-selection\/#website\"},\"primaryImageOfPage\":{\"@id\":\"https:\/\/socialdesignmagazine.com\/mag\/products-selection\/product\/specchio-caadre-tv-155-x-140-cm-nerotitanio-design-philippe-starck-for-fiam\/#primaryimage\"},\"image\":{\"@id\":\"https:\/\/socialdesignmagazine.com\/mag\/products-selection\/product\/specchio-caadre-tv-155-x-140-cm-nerotitanio-design-philippe-starck-for-fiam\/#primaryimage\"},\"thumbnailUrl\":\"https:\/\/socialdesignmagazine.com\/mag\/products-selection\/wp-content\/uploads\/sites\/2\/2020\/12\/Specchio-Caadre-TV-155-x-140-cm-NeroTitanio-FIAM-Philippe-Starck.jpg\",\"datePublished\":\"2019-08-15T14:24:43+00:00\",\"dateModified\":\"2023-02-22T18:51:17+00:00\",\"description\":\"Televisore LCD... e specchio! Starck ci fa sognare con questo specchio che da spento si trasforma in uno specchio classico e luminoso.\",\"breadcrumb\":{\"@id\":\"https:\/\/socialdesignmagazine.com\/mag\/products-selection\/product\/specchio-caadre-tv-155-x-140-cm-nerotitanio-design-philippe-starck-for-fiam\/#breadcrumb\"},\"inLanguage\":\"it-IT\",\"potentialAction\":[{\"@type\":\"ReadAction\",\"target\":[\"https:\/\/socialdesignmagazine.com\/mag\/products-selection\/product\/specchio-caadre-tv-155-x-140-cm-nerotitanio-design-philippe-starck-for-fiam\/\"]}]},{\"@type\":\"ImageObject\",\"inLanguage\":\"it-IT\",\"@id\":\"https:\/\/socialdesignmagazine.com\/mag\/products-selection\/product\/specchio-caadre-tv-155-x-140-cm-nerotitanio-design-philippe-starck-for-fiam\/#primaryimage\",\"url\":\"https:\/\/socialdesignmagazine.com\/mag\/products-selection\/wp-content\/uploads\/sites\/2\/2020\/12\/Specchio-Caadre-TV-155-x-140-cm-NeroTitanio-FIAM-Philippe-Starck.jpg\",\"contentUrl\":\"https:\/\/socialdesignmagazine.com\/mag\/products-selection\/wp-content\/uploads\/sites\/2\/2020\/12\/Specchio-Caadre-TV-155-x-140-cm-NeroTitanio-FIAM-Philippe-Starck.jpg\",\"width\":1235,\"height\":1288,\"caption\":\"Specchio Caadre TV - 155 x 140 cm Nero|Titanio FIAM Philippe Starck\"},{\"@type\":\"BreadcrumbList\",\"@id\":\"https:\/\/socialdesignmagazine.com\/mag\/products-selection\/product\/specchio-caadre-tv-155-x-140-cm-nerotitanio-design-philippe-starck-for-fiam\/#breadcrumb\",\"itemListElement\":[{\"@type\":\"ListItem\",\"position\":1,\"name\":\"Home\",\"item\":\"https:\/\/socialdesignmagazine.com\/mag\/products-selection\/\"},{\"@type\":\"ListItem\",\"position\":2,\"name\":\"Tutti i prodotti\",\"item\":\"https:\/\/socialdesignmagazine.com\/mag\/products-selection\/tutti-i-prodotti\/\"},{\"@type\":\"ListItem\",\"position\":3,\"name\":\"Specchio Caadre TV &#8211; 155 x 140 cm Nero|Titanio design Philippe Starck for FIAM\"}]},{\"@type\":\"WebSite\",\"@id\":\"https:\/\/socialdesignmagazine.com\/mag\/products-selection\/#website\",\"url\":\"https:\/\/socialdesignmagazine.com\/mag\/products-selection\/\",\"name\":\"SDM Product Selection\",\"description\":\"Una selezioni di prodotti dei brand pi\u00f9 interessanti per arredare e progettare\",\"publisher\":{\"@id\":\"https:\/\/socialdesignmagazine.com\/mag\/products-selection\/#organization\"},\"potentialAction\":[{\"@type\":\"SearchAction\",\"target\":{\"@type\":\"EntryPoint\",\"urlTemplate\":\"https:\/\/socialdesignmagazine.com\/mag\/products-selection\/?s={search_term_string}\"},\"query-input\":{\"@type\":\"PropertyValueSpecification\",\"valueRequired\":true,\"valueName\":\"search_term_string\"}}],\"inLanguage\":\"it-IT\"},{\"@type\":\"Organization\",\"@id\":\"https:\/\/socialdesignmagazine.com\/mag\/products-selection\/#organization\",\"name\":\"Social Design Magazine\",\"url\":\"https:\/\/socialdesignmagazine.com\/mag\/products-selection\/\",\"logo\":{\"@type\":\"ImageObject\",\"inLanguage\":\"it-IT\",\"@id\":\"https:\/\/socialdesignmagazine.com\/mag\/products-selection\/#\/schema\/logo\/image\/\",\"url\":\"https:\/\/socialdesignmagazine.com\/mag\/products-selection\/wp-content\/uploads\/sites\/2\/2015\/05\/social-design-magazine-logo.png\",\"contentUrl\":\"https:\/\/socialdesignmagazine.com\/mag\/products-selection\/wp-content\/uploads\/sites\/2\/2015\/05\/social-design-magazine-logo.png\",\"width\":251,\"height\":101,\"caption\":\"Social Design Magazine\"},\"image\":{\"@id\":\"https:\/\/socialdesignmagazine.com\/mag\/products-selection\/#\/schema\/logo\/image\/\"},\"sameAs\":[\"https:\/\/www.facebook.com\/socialdesignmag\",\"https:\/\/x.com\/socialdesignmag\",\"http:\/\/instagram.com\/social_design_magazine\/\",\"http:\/\/pinterest.com\/socialdesignmag\/\",\"http:\/\/www.youtube.com\/user\/socialdesignmagazine\"]}]}<\/script>\n<!-- \/ Yoast SEO plugin. -->","yoast_head_json":{"title":"Specchio Caadre TV - 155 x 140 cm Nero|Titanio design Philippe Starck for FIAM - SDM Product Selection","description":"Televisore LCD... e specchio! Starck ci fa sognare con questo specchio che da spento si trasforma in uno specchio classico e luminoso.","robots":{"index":"index","follow":"follow","max-snippet":"max-snippet:-1","max-image-preview":"max-image-preview:large","max-video-preview":"max-video-preview:-1"},"canonical":"https:\/\/socialdesignmagazine.com\/mag\/products-selection\/product\/specchio-caadre-tv-155-x-140-cm-nerotitanio-design-philippe-starck-for-fiam\/","og_locale":"it_IT","og_type":"article","og_title":"Specchio Caadre TV - 155 x 140 cm Nero|Titanio design Philippe Starck for FIAM - SDM Product Selection","og_description":"Televisore LCD... e specchio! Starck ci fa sognare con questo specchio che da spento si trasforma in uno specchio classico e luminoso.","og_url":"https:\/\/socialdesignmagazine.com\/mag\/products-selection\/product\/specchio-caadre-tv-155-x-140-cm-nerotitanio-design-philippe-starck-for-fiam\/","og_site_name":"SDM Product Selection","article_publisher":"https:\/\/www.facebook.com\/socialdesignmag","article_modified_time":"2023-02-22T18:51:17+00:00","og_image":[{"width":1235,"height":1288,"url":"https:\/\/socialdesignmagazine.com\/mag\/products-selection\/wp-content\/uploads\/sites\/2\/2020\/12\/Specchio-Caadre-TV-155-x-140-cm-NeroTitanio-FIAM-Philippe-Starck.jpg","type":"image\/jpeg"}],"twitter_card":"summary_large_image","twitter_site":"@socialdesignmag","twitter_misc":{"Tempo di lettura stimato":"1 minuto"},"schema":{"@context":"https:\/\/schema.org","@graph":[{"@type":"WebPage","@id":"https:\/\/socialdesignmagazine.com\/mag\/products-selection\/product\/specchio-caadre-tv-155-x-140-cm-nerotitanio-design-philippe-starck-for-fiam\/","url":"https:\/\/socialdesignmagazine.com\/mag\/products-selection\/product\/specchio-caadre-tv-155-x-140-cm-nerotitanio-design-philippe-starck-for-fiam\/","name":"Specchio Caadre TV - 155 x 140 cm Nero|Titanio design Philippe Starck for FIAM - SDM Product Selection","isPartOf":{"@id":"https:\/\/socialdesignmagazine.com\/mag\/products-selection\/#website"},"primaryImageOfPage":{"@id":"https:\/\/socialdesignmagazine.com\/mag\/products-selection\/product\/specchio-caadre-tv-155-x-140-cm-nerotitanio-design-philippe-starck-for-fiam\/#primaryimage"},"image":{"@id":"https:\/\/socialdesignmagazine.com\/mag\/products-selection\/product\/specchio-caadre-tv-155-x-140-cm-nerotitanio-design-philippe-starck-for-fiam\/#primaryimage"},"thumbnailUrl":"https:\/\/socialdesignmagazine.com\/mag\/products-selection\/wp-content\/uploads\/sites\/2\/2020\/12\/Specchio-Caadre-TV-155-x-140-cm-NeroTitanio-FIAM-Philippe-Starck.jpg","datePublished":"2019-08-15T14:24:43+00:00","dateModified":"2023-02-22T18:51:17+00:00","description":"Televisore LCD... e specchio! Starck ci fa sognare con questo specchio che da spento si trasforma in uno specchio classico e luminoso.","breadcrumb":{"@id":"https:\/\/socialdesignmagazine.com\/mag\/products-selection\/product\/specchio-caadre-tv-155-x-140-cm-nerotitanio-design-philippe-starck-for-fiam\/#breadcrumb"},"inLanguage":"it-IT","potentialAction":[{"@type":"ReadAction","target":["https:\/\/socialdesignmagazine.com\/mag\/products-selection\/product\/specchio-caadre-tv-155-x-140-cm-nerotitanio-design-philippe-starck-for-fiam\/"]}]},{"@type":"ImageObject","inLanguage":"it-IT","@id":"https:\/\/socialdesignmagazine.com\/mag\/products-selection\/product\/specchio-caadre-tv-155-x-140-cm-nerotitanio-design-philippe-starck-for-fiam\/#primaryimage","url":"https:\/\/socialdesignmagazine.com\/mag\/products-selection\/wp-content\/uploads\/sites\/2\/2020\/12\/Specchio-Caadre-TV-155-x-140-cm-NeroTitanio-FIAM-Philippe-Starck.jpg","contentUrl":"https:\/\/socialdesignmagazine.com\/mag\/products-selection\/wp-content\/uploads\/sites\/2\/2020\/12\/Specchio-Caadre-TV-155-x-140-cm-NeroTitanio-FIAM-Philippe-Starck.jpg","width":1235,"height":1288,"caption":"Specchio Caadre TV - 155 x 140 cm Nero|Titanio FIAM Philippe Starck"},{"@type":"BreadcrumbList","@id":"https:\/\/socialdesignmagazine.com\/mag\/products-selection\/product\/specchio-caadre-tv-155-x-140-cm-nerotitanio-design-philippe-starck-for-fiam\/#breadcrumb","itemListElement":[{"@type":"ListItem","position":1,"name":"Home","item":"https:\/\/socialdesignmagazine.com\/mag\/products-selection\/"},{"@type":"ListItem","position":2,"name":"Tutti i prodotti","item":"https:\/\/socialdesignmagazine.com\/mag\/products-selection\/tutti-i-prodotti\/"},{"@type":"ListItem","position":3,"name":"Specchio Caadre TV &#8211; 155 x 140 cm Nero|Titanio design Philippe Starck for FIAM"}]},{"@type":"WebSite","@id":"https:\/\/socialdesignmagazine.com\/mag\/products-selection\/#website","url":"https:\/\/socialdesignmagazine.com\/mag\/products-selection\/","name":"SDM Product Selection","description":"Una selezioni di prodotti dei brand pi\u00f9 interessanti per arredare e progettare","publisher":{"@id":"https:\/\/socialdesignmagazine.com\/mag\/products-selection\/#organization"},"potentialAction":[{"@type":"SearchAction","target":{"@type":"EntryPoint","urlTemplate":"https:\/\/socialdesignmagazine.com\/mag\/products-selection\/?s={search_term_string}"},"query-input":{"@type":"PropertyValueSpecification","valueRequired":true,"valueName":"search_term_string"}}],"inLanguage":"it-IT"},{"@type":"Organization","@id":"https:\/\/socialdesignmagazine.com\/mag\/products-selection\/#organization","name":"Social Design Magazine","url":"https:\/\/socialdesignmagazine.com\/mag\/products-selection\/","logo":{"@type":"ImageObject","inLanguage":"it-IT","@id":"https:\/\/socialdesignmagazine.com\/mag\/products-selection\/#\/schema\/logo\/image\/","url":"https:\/\/socialdesignmagazine.com\/mag\/products-selection\/wp-content\/uploads\/sites\/2\/2015\/05\/social-design-magazine-logo.png","contentUrl":"https:\/\/socialdesignmagazine.com\/mag\/products-selection\/wp-content\/uploads\/sites\/2\/2015\/05\/social-design-magazine-logo.png","width":251,"height":101,"caption":"Social Design Magazine"},"image":{"@id":"https:\/\/socialdesignmagazine.com\/mag\/products-selection\/#\/schema\/logo\/image\/"},"sameAs":["https:\/\/www.facebook.com\/socialdesignmag","https:\/\/x.com\/socialdesignmag","http:\/\/instagram.com\/social_design_magazine\/","http:\/\/pinterest.com\/socialdesignmag\/","http:\/\/www.youtube.com\/user\/socialdesignmagazine"]}]}},"jetpack_publicize_connections":[],"jetpack_sharing_enabled":true,"brands":[{"id":1452,"name":"FIAM","slug":"fiam"}],"_links":{"self":[{"href":"https:\/\/socialdesignmagazine.com\/mag\/products-selection\/wp-json\/wp\/v2\/product\/83677","targetHints":{"allow":["GET"]}}],"collection":[{"href":"https:\/\/socialdesignmagazine.com\/mag\/products-selection\/wp-json\/wp\/v2\/product"}],"about":[{"href":"https:\/\/socialdesignmagazine.com\/mag\/products-selection\/wp-json\/wp\/v2\/types\/product"}],"wp:featuredmedia":[{"embeddable":true,"href":"https:\/\/socialdesignmagazine.com\/mag\/products-selection\/wp-json\/wp\/v2\/media\/137373"}],"wp:attachment":[{"href":"https:\/\/socialdesignmagazine.com\/mag\/products-selection\/wp-json\/wp\/v2\/media?parent=83677"}],"wp:term":[{"taxonomy":"pwb-brand","embeddable":true,"href":"https:\/\/socialdesignmagazine.com\/mag\/products-selection\/wp-json\/wp\/v2\/pwb-brand?post=83677"},{"taxonomy":"product_brand","embeddable":true,"href":"https:\/\/socialdesignmagazine.com\/mag\/products-selection\/wp-json\/wp\/v2\/product_brand?post=83677"},{"taxonomy":"product_cat","embeddable":true,"href":"https:\/\/socialdesignmagazine.com\/mag\/products-selection\/wp-json\/wp\/v2\/product_cat?post=83677"},{"taxonomy":"product_tag","embeddable":true,"href":"https:\/\/socialdesignmagazine.com\/mag\/products-selection\/wp-json\/wp\/v2\/product_tag?post=83677"}],"curies":[{"name":"wp","href":"https:\/\/api.w.org\/{rel}","templated":true}]}}