{"id":83683,"date":"2019-08-15T16:24:45","date_gmt":"2019-08-15T14:24:45","guid":{"rendered":"https:\/\/socialdesignmagazine.com\/mag\/products-selection\/?post_type=product&#038;p=83683"},"modified":"2023-02-22T19:51:21","modified_gmt":"2023-02-22T18:51:21","slug":"poltrona-bassa-ghost-trasparente-design-cini-boeri-for-fiam","status":"publish","type":"product","link":"https:\/\/socialdesignmagazine.com\/mag\/products-selection\/product\/poltrona-bassa-ghost-trasparente-design-cini-boeri-for-fiam\/","title":{"rendered":"Poltrona bassa Ghost Trasparente design Cini Boeri for FIAM"},"content":{"rendered":"<p>Disegnata nel 1987 da Cini Boeri, la poltrona Ghost \u00e8 divenuta un classico del design contemporaneo esposta nei pi\u00f9 prestigiosi musei del mondo. Vera riuscita tecnica, la poltrona Ghost \u00e8 realizzata in un solo elemento di vetro curvato di un sottile spessore (solamente di 12 mm). La poltrona in vetro \u00e8 tagliata e piegata come un origami gigante. Abbina un know-how artigianale d&#8217;eccellenza ad una tecnologia innovativa, Ghost mostra a che punto FIAM presenti sfide sempre pi\u00f9 innovative in termini di lavorazione del vetro. Il vetro reso flessibile adotta delle forme curve e sinuose, incredibilmente fluide. Nonostante la sua finezza incredibile, Ghost \u00e8 ultra resistente (peso supportato: 150 Kg). La trasparenza assoluta del vetro lascia filtrare la luce e lo sguardo. Evanescente, Ghost sembra cancellarsi e diventare un elemento smaterializzato che arricchisce l&#8217;ambiente della sua presenza senza appensantirlo. Il designer Cini Boeri dichiara a proposito di Ghost: &#8220;Non avrei mai pensato di realizzare un giorno una poltrona in vetro&#8230; il mio dubbio iniziale verso un&#8217;idea che sembrava irreale \u00e8 stato superato dal desiderio\/obiettivo di vedere se era possibile concretizzarlo e se Fiam sarebbe stata all&#8217;altezza di realizzarlo&#8221;. Prodotto artigianalmente in Italia &#8211; Peso massimo supportato: 150 Kg &#8211; Peso della poltrona: 36 Kg<\/p>\n","protected":false},"excerpt":{"rendered":"<p>Disegnata nel 1987 da Cini Boeri, la poltrona Ghost \u00e8 divenuta un classico del design contemporaneo esposta nei pi\u00f9 prestigiosi musei del mondo.<\/p>\n","protected":false},"featured_media":137379,"template":"","meta":{"_acf_changed":false,"jetpack_post_was_ever_published":false,"jetpack_publicize_message":"","jetpack_publicize_feature_enabled":true,"jetpack_social_post_already_shared":false,"jetpack_social_options":{"image_generator_settings":{"template":"highway","default_image_id":0,"font":"","enabled":false},"version":2}},"pwb-brand":[1452],"product_brand":[],"product_cat":[337,1480,607,651,533],"product_tag":[156],"class_list":{"0":"post-83683","1":"product","2":"type-product","3":"status-publish","4":"has-post-thumbnail","6":"pwb-brand-fiam","7":"product_cat-arredamento","8":"product_cat-cini-boeri","9":"product_cat-designers","10":"product_cat-poltrona-bassa-sedute","11":"product_cat-sedute","12":"product_tag-poltrona","13":"pa_altezza-680-mm","14":"pa_colore-trasparente","15":"pa_designer-cini-boeri","16":"pa_downloads-3d","17":"pa_downloads-pdf","18":"pa_larghezza-950-mm","19":"pa_materiale-vetro","20":"pa_produttore-fiam","21":"pa_profondita-750-mm","22":"pa_tipo-di-prodotto-poltrona-bassa","24":"first","25":"instock","26":"product-type-external"},"acf":[],"yoast_head":"<!-- This site is optimized with the Yoast SEO plugin v27.2 - https:\/\/yoast.com\/product\/yoast-seo-wordpress\/ -->\n<title>Poltrona bassa Ghost Trasparente design Cini Boeri for FIAM - SDM Product Selection<\/title>\n<meta name=\"description\" content=\"Disegnata nel 1987 da Cini Boeri, la poltrona Ghost \u00e8 divenuta un classico del design contemporaneo esposta nei pi\u00f9 prestigiosi musei del mondo.\" \/>\n<meta name=\"robots\" content=\"index, follow, max-snippet:-1, max-image-preview:large, max-video-preview:-1\" \/>\n<link rel=\"canonical\" href=\"https:\/\/socialdesignmagazine.com\/mag\/products-selection\/product\/poltrona-bassa-ghost-trasparente-design-cini-boeri-for-fiam\/\" \/>\n<meta property=\"og:locale\" content=\"it_IT\" \/>\n<meta property=\"og:type\" content=\"article\" \/>\n<meta property=\"og:title\" content=\"Poltrona bassa Ghost Trasparente design Cini Boeri for FIAM - SDM Product Selection\" \/>\n<meta property=\"og:description\" content=\"Disegnata nel 1987 da Cini Boeri, la poltrona Ghost \u00e8 divenuta un classico del design contemporaneo esposta nei pi\u00f9 prestigiosi musei del mondo.\" \/>\n<meta property=\"og:url\" content=\"https:\/\/socialdesignmagazine.com\/mag\/products-selection\/product\/poltrona-bassa-ghost-trasparente-design-cini-boeri-for-fiam\/\" \/>\n<meta property=\"og:site_name\" content=\"SDM Product Selection\" \/>\n<meta property=\"article:publisher\" content=\"https:\/\/www.facebook.com\/socialdesignmag\" \/>\n<meta property=\"article:modified_time\" content=\"2023-02-22T18:51:21+00:00\" \/>\n<meta property=\"og:image\" content=\"https:\/\/socialdesignmagazine.com\/mag\/products-selection\/wp-content\/uploads\/sites\/2\/2020\/12\/Poltrona-bassa-Ghost-Trasparente-FIAM-Cini-Boeri.jpg\" \/>\n\t<meta property=\"og:image:width\" content=\"1206\" \/>\n\t<meta property=\"og:image:height\" content=\"1102\" \/>\n\t<meta property=\"og:image:type\" content=\"image\/jpeg\" \/>\n<meta name=\"twitter:card\" content=\"summary_large_image\" \/>\n<meta name=\"twitter:site\" content=\"@socialdesignmag\" \/>\n<meta name=\"twitter:label1\" content=\"Tempo di lettura stimato\" \/>\n\t<meta name=\"twitter:data1\" content=\"1 minuto\" \/>\n<script type=\"application\/ld+json\" class=\"yoast-schema-graph\">{\"@context\":\"https:\/\/schema.org\",\"@graph\":[{\"@type\":\"WebPage\",\"@id\":\"https:\/\/socialdesignmagazine.com\/mag\/products-selection\/product\/poltrona-bassa-ghost-trasparente-design-cini-boeri-for-fiam\/\",\"url\":\"https:\/\/socialdesignmagazine.com\/mag\/products-selection\/product\/poltrona-bassa-ghost-trasparente-design-cini-boeri-for-fiam\/\",\"name\":\"Poltrona bassa Ghost Trasparente design Cini Boeri for FIAM - SDM Product Selection\",\"isPartOf\":{\"@id\":\"https:\/\/socialdesignmagazine.com\/mag\/products-selection\/#website\"},\"primaryImageOfPage\":{\"@id\":\"https:\/\/socialdesignmagazine.com\/mag\/products-selection\/product\/poltrona-bassa-ghost-trasparente-design-cini-boeri-for-fiam\/#primaryimage\"},\"image\":{\"@id\":\"https:\/\/socialdesignmagazine.com\/mag\/products-selection\/product\/poltrona-bassa-ghost-trasparente-design-cini-boeri-for-fiam\/#primaryimage\"},\"thumbnailUrl\":\"https:\/\/socialdesignmagazine.com\/mag\/products-selection\/wp-content\/uploads\/sites\/2\/2020\/12\/Poltrona-bassa-Ghost-Trasparente-FIAM-Cini-Boeri.jpg\",\"datePublished\":\"2019-08-15T14:24:45+00:00\",\"dateModified\":\"2023-02-22T18:51:21+00:00\",\"description\":\"Disegnata nel 1987 da Cini Boeri, la poltrona Ghost \u00e8 divenuta un classico del design contemporaneo esposta nei pi\u00f9 prestigiosi musei del mondo.\",\"breadcrumb\":{\"@id\":\"https:\/\/socialdesignmagazine.com\/mag\/products-selection\/product\/poltrona-bassa-ghost-trasparente-design-cini-boeri-for-fiam\/#breadcrumb\"},\"inLanguage\":\"it-IT\",\"potentialAction\":[{\"@type\":\"ReadAction\",\"target\":[\"https:\/\/socialdesignmagazine.com\/mag\/products-selection\/product\/poltrona-bassa-ghost-trasparente-design-cini-boeri-for-fiam\/\"]}]},{\"@type\":\"ImageObject\",\"inLanguage\":\"it-IT\",\"@id\":\"https:\/\/socialdesignmagazine.com\/mag\/products-selection\/product\/poltrona-bassa-ghost-trasparente-design-cini-boeri-for-fiam\/#primaryimage\",\"url\":\"https:\/\/socialdesignmagazine.com\/mag\/products-selection\/wp-content\/uploads\/sites\/2\/2020\/12\/Poltrona-bassa-Ghost-Trasparente-FIAM-Cini-Boeri.jpg\",\"contentUrl\":\"https:\/\/socialdesignmagazine.com\/mag\/products-selection\/wp-content\/uploads\/sites\/2\/2020\/12\/Poltrona-bassa-Ghost-Trasparente-FIAM-Cini-Boeri.jpg\",\"width\":1206,\"height\":1102,\"caption\":\"Poltrona bassa Ghost Trasparente FIAM Cini Boeri\"},{\"@type\":\"BreadcrumbList\",\"@id\":\"https:\/\/socialdesignmagazine.com\/mag\/products-selection\/product\/poltrona-bassa-ghost-trasparente-design-cini-boeri-for-fiam\/#breadcrumb\",\"itemListElement\":[{\"@type\":\"ListItem\",\"position\":1,\"name\":\"Home\",\"item\":\"https:\/\/socialdesignmagazine.com\/mag\/products-selection\/\"},{\"@type\":\"ListItem\",\"position\":2,\"name\":\"Tutti i prodotti\",\"item\":\"https:\/\/socialdesignmagazine.com\/mag\/products-selection\/tutti-i-prodotti\/\"},{\"@type\":\"ListItem\",\"position\":3,\"name\":\"Poltrona bassa Ghost Trasparente design Cini Boeri for FIAM\"}]},{\"@type\":\"WebSite\",\"@id\":\"https:\/\/socialdesignmagazine.com\/mag\/products-selection\/#website\",\"url\":\"https:\/\/socialdesignmagazine.com\/mag\/products-selection\/\",\"name\":\"SDM Product Selection\",\"description\":\"Una selezioni di prodotti dei brand pi\u00f9 interessanti per arredare e progettare\",\"publisher\":{\"@id\":\"https:\/\/socialdesignmagazine.com\/mag\/products-selection\/#organization\"},\"potentialAction\":[{\"@type\":\"SearchAction\",\"target\":{\"@type\":\"EntryPoint\",\"urlTemplate\":\"https:\/\/socialdesignmagazine.com\/mag\/products-selection\/?s={search_term_string}\"},\"query-input\":{\"@type\":\"PropertyValueSpecification\",\"valueRequired\":true,\"valueName\":\"search_term_string\"}}],\"inLanguage\":\"it-IT\"},{\"@type\":\"Organization\",\"@id\":\"https:\/\/socialdesignmagazine.com\/mag\/products-selection\/#organization\",\"name\":\"Social Design Magazine\",\"url\":\"https:\/\/socialdesignmagazine.com\/mag\/products-selection\/\",\"logo\":{\"@type\":\"ImageObject\",\"inLanguage\":\"it-IT\",\"@id\":\"https:\/\/socialdesignmagazine.com\/mag\/products-selection\/#\/schema\/logo\/image\/\",\"url\":\"https:\/\/socialdesignmagazine.com\/mag\/products-selection\/wp-content\/uploads\/sites\/2\/2015\/05\/social-design-magazine-logo.png\",\"contentUrl\":\"https:\/\/socialdesignmagazine.com\/mag\/products-selection\/wp-content\/uploads\/sites\/2\/2015\/05\/social-design-magazine-logo.png\",\"width\":251,\"height\":101,\"caption\":\"Social Design Magazine\"},\"image\":{\"@id\":\"https:\/\/socialdesignmagazine.com\/mag\/products-selection\/#\/schema\/logo\/image\/\"},\"sameAs\":[\"https:\/\/www.facebook.com\/socialdesignmag\",\"https:\/\/x.com\/socialdesignmag\",\"http:\/\/instagram.com\/social_design_magazine\/\",\"http:\/\/pinterest.com\/socialdesignmag\/\",\"http:\/\/www.youtube.com\/user\/socialdesignmagazine\"]}]}<\/script>\n<!-- \/ Yoast SEO plugin. -->","yoast_head_json":{"title":"Poltrona bassa Ghost Trasparente design Cini Boeri for FIAM - SDM Product Selection","description":"Disegnata nel 1987 da Cini Boeri, la poltrona Ghost \u00e8 divenuta un classico del design contemporaneo esposta nei pi\u00f9 prestigiosi musei del mondo.","robots":{"index":"index","follow":"follow","max-snippet":"max-snippet:-1","max-image-preview":"max-image-preview:large","max-video-preview":"max-video-preview:-1"},"canonical":"https:\/\/socialdesignmagazine.com\/mag\/products-selection\/product\/poltrona-bassa-ghost-trasparente-design-cini-boeri-for-fiam\/","og_locale":"it_IT","og_type":"article","og_title":"Poltrona bassa Ghost Trasparente design Cini Boeri for FIAM - SDM Product Selection","og_description":"Disegnata nel 1987 da Cini Boeri, la poltrona Ghost \u00e8 divenuta un classico del design contemporaneo esposta nei pi\u00f9 prestigiosi musei del mondo.","og_url":"https:\/\/socialdesignmagazine.com\/mag\/products-selection\/product\/poltrona-bassa-ghost-trasparente-design-cini-boeri-for-fiam\/","og_site_name":"SDM Product Selection","article_publisher":"https:\/\/www.facebook.com\/socialdesignmag","article_modified_time":"2023-02-22T18:51:21+00:00","og_image":[{"width":1206,"height":1102,"url":"https:\/\/socialdesignmagazine.com\/mag\/products-selection\/wp-content\/uploads\/sites\/2\/2020\/12\/Poltrona-bassa-Ghost-Trasparente-FIAM-Cini-Boeri.jpg","type":"image\/jpeg"}],"twitter_card":"summary_large_image","twitter_site":"@socialdesignmag","twitter_misc":{"Tempo di lettura stimato":"1 minuto"},"schema":{"@context":"https:\/\/schema.org","@graph":[{"@type":"WebPage","@id":"https:\/\/socialdesignmagazine.com\/mag\/products-selection\/product\/poltrona-bassa-ghost-trasparente-design-cini-boeri-for-fiam\/","url":"https:\/\/socialdesignmagazine.com\/mag\/products-selection\/product\/poltrona-bassa-ghost-trasparente-design-cini-boeri-for-fiam\/","name":"Poltrona bassa Ghost Trasparente design Cini Boeri for FIAM - SDM Product Selection","isPartOf":{"@id":"https:\/\/socialdesignmagazine.com\/mag\/products-selection\/#website"},"primaryImageOfPage":{"@id":"https:\/\/socialdesignmagazine.com\/mag\/products-selection\/product\/poltrona-bassa-ghost-trasparente-design-cini-boeri-for-fiam\/#primaryimage"},"image":{"@id":"https:\/\/socialdesignmagazine.com\/mag\/products-selection\/product\/poltrona-bassa-ghost-trasparente-design-cini-boeri-for-fiam\/#primaryimage"},"thumbnailUrl":"https:\/\/socialdesignmagazine.com\/mag\/products-selection\/wp-content\/uploads\/sites\/2\/2020\/12\/Poltrona-bassa-Ghost-Trasparente-FIAM-Cini-Boeri.jpg","datePublished":"2019-08-15T14:24:45+00:00","dateModified":"2023-02-22T18:51:21+00:00","description":"Disegnata nel 1987 da Cini Boeri, la poltrona Ghost \u00e8 divenuta un classico del design contemporaneo esposta nei pi\u00f9 prestigiosi musei del mondo.","breadcrumb":{"@id":"https:\/\/socialdesignmagazine.com\/mag\/products-selection\/product\/poltrona-bassa-ghost-trasparente-design-cini-boeri-for-fiam\/#breadcrumb"},"inLanguage":"it-IT","potentialAction":[{"@type":"ReadAction","target":["https:\/\/socialdesignmagazine.com\/mag\/products-selection\/product\/poltrona-bassa-ghost-trasparente-design-cini-boeri-for-fiam\/"]}]},{"@type":"ImageObject","inLanguage":"it-IT","@id":"https:\/\/socialdesignmagazine.com\/mag\/products-selection\/product\/poltrona-bassa-ghost-trasparente-design-cini-boeri-for-fiam\/#primaryimage","url":"https:\/\/socialdesignmagazine.com\/mag\/products-selection\/wp-content\/uploads\/sites\/2\/2020\/12\/Poltrona-bassa-Ghost-Trasparente-FIAM-Cini-Boeri.jpg","contentUrl":"https:\/\/socialdesignmagazine.com\/mag\/products-selection\/wp-content\/uploads\/sites\/2\/2020\/12\/Poltrona-bassa-Ghost-Trasparente-FIAM-Cini-Boeri.jpg","width":1206,"height":1102,"caption":"Poltrona bassa Ghost Trasparente FIAM Cini Boeri"},{"@type":"BreadcrumbList","@id":"https:\/\/socialdesignmagazine.com\/mag\/products-selection\/product\/poltrona-bassa-ghost-trasparente-design-cini-boeri-for-fiam\/#breadcrumb","itemListElement":[{"@type":"ListItem","position":1,"name":"Home","item":"https:\/\/socialdesignmagazine.com\/mag\/products-selection\/"},{"@type":"ListItem","position":2,"name":"Tutti i prodotti","item":"https:\/\/socialdesignmagazine.com\/mag\/products-selection\/tutti-i-prodotti\/"},{"@type":"ListItem","position":3,"name":"Poltrona bassa Ghost Trasparente design Cini Boeri for FIAM"}]},{"@type":"WebSite","@id":"https:\/\/socialdesignmagazine.com\/mag\/products-selection\/#website","url":"https:\/\/socialdesignmagazine.com\/mag\/products-selection\/","name":"SDM Product Selection","description":"Una selezioni di prodotti dei brand pi\u00f9 interessanti per arredare e progettare","publisher":{"@id":"https:\/\/socialdesignmagazine.com\/mag\/products-selection\/#organization"},"potentialAction":[{"@type":"SearchAction","target":{"@type":"EntryPoint","urlTemplate":"https:\/\/socialdesignmagazine.com\/mag\/products-selection\/?s={search_term_string}"},"query-input":{"@type":"PropertyValueSpecification","valueRequired":true,"valueName":"search_term_string"}}],"inLanguage":"it-IT"},{"@type":"Organization","@id":"https:\/\/socialdesignmagazine.com\/mag\/products-selection\/#organization","name":"Social Design Magazine","url":"https:\/\/socialdesignmagazine.com\/mag\/products-selection\/","logo":{"@type":"ImageObject","inLanguage":"it-IT","@id":"https:\/\/socialdesignmagazine.com\/mag\/products-selection\/#\/schema\/logo\/image\/","url":"https:\/\/socialdesignmagazine.com\/mag\/products-selection\/wp-content\/uploads\/sites\/2\/2015\/05\/social-design-magazine-logo.png","contentUrl":"https:\/\/socialdesignmagazine.com\/mag\/products-selection\/wp-content\/uploads\/sites\/2\/2015\/05\/social-design-magazine-logo.png","width":251,"height":101,"caption":"Social Design Magazine"},"image":{"@id":"https:\/\/socialdesignmagazine.com\/mag\/products-selection\/#\/schema\/logo\/image\/"},"sameAs":["https:\/\/www.facebook.com\/socialdesignmag","https:\/\/x.com\/socialdesignmag","http:\/\/instagram.com\/social_design_magazine\/","http:\/\/pinterest.com\/socialdesignmag\/","http:\/\/www.youtube.com\/user\/socialdesignmagazine"]}]}},"jetpack_publicize_connections":[],"jetpack_sharing_enabled":true,"brands":[{"id":1452,"name":"FIAM","slug":"fiam"}],"_links":{"self":[{"href":"https:\/\/socialdesignmagazine.com\/mag\/products-selection\/wp-json\/wp\/v2\/product\/83683","targetHints":{"allow":["GET"]}}],"collection":[{"href":"https:\/\/socialdesignmagazine.com\/mag\/products-selection\/wp-json\/wp\/v2\/product"}],"about":[{"href":"https:\/\/socialdesignmagazine.com\/mag\/products-selection\/wp-json\/wp\/v2\/types\/product"}],"wp:featuredmedia":[{"embeddable":true,"href":"https:\/\/socialdesignmagazine.com\/mag\/products-selection\/wp-json\/wp\/v2\/media\/137379"}],"wp:attachment":[{"href":"https:\/\/socialdesignmagazine.com\/mag\/products-selection\/wp-json\/wp\/v2\/media?parent=83683"}],"wp:term":[{"taxonomy":"pwb-brand","embeddable":true,"href":"https:\/\/socialdesignmagazine.com\/mag\/products-selection\/wp-json\/wp\/v2\/pwb-brand?post=83683"},{"taxonomy":"product_brand","embeddable":true,"href":"https:\/\/socialdesignmagazine.com\/mag\/products-selection\/wp-json\/wp\/v2\/product_brand?post=83683"},{"taxonomy":"product_cat","embeddable":true,"href":"https:\/\/socialdesignmagazine.com\/mag\/products-selection\/wp-json\/wp\/v2\/product_cat?post=83683"},{"taxonomy":"product_tag","embeddable":true,"href":"https:\/\/socialdesignmagazine.com\/mag\/products-selection\/wp-json\/wp\/v2\/product_tag?post=83683"}],"curies":[{"name":"wp","href":"https:\/\/api.w.org\/{rel}","templated":true}]}}