{"id":83685,"date":"2019-08-15T16:24:47","date_gmt":"2019-08-15T14:24:47","guid":{"rendered":"https:\/\/socialdesignmagazine.com\/mag\/products-selection\/?post_type=product&#038;p=83685"},"modified":"2023-02-22T19:51:24","modified_gmt":"2023-02-22T18:51:24","slug":"specchio-lollipop-argento-design-marcel-wanders-for-fiam","status":"publish","type":"product","link":"https:\/\/socialdesignmagazine.com\/mag\/products-selection\/product\/specchio-lollipop-argento-design-marcel-wanders-for-fiam\/","title":{"rendered":"Specchio Lollipop Argento design Marcel Wanders for FIAM"},"content":{"rendered":"<p>Lollipop ci conduce nell&#8217;universo stravagante, originale e rock del geniale Marcel Wanders. Come proveniente da una meravigliosa fiaba, questo specchio di dimensioni smisurate (H 200 cm) incanta i vostri interni, come una porta che consente di accedere ad un universo altro&#8230; Questo specchio surrealista \u00e8 un omaggio ricco di humour ad un oggetto antico, femminile e prezioso, parte della memoria collettiva. Lo specchio Lollipop \u00e8 l&#8217;ennesima dimostrazione del modo in cui Fiam fa della tecnologia una delle sue caratteristiche distintive. Per poter produrre questo grande specchio, l&#8217;azienda deve fondere un&#8217;enorme quantit\u00e0 di vetro ad una temperatura di 1000\u00b0. La cornice in vetro retr\u00f2 argentato \u00e8 riflettente: in perfetta continuit\u00e0 con lo specchio, ne prolunga il riflesso. Le linee curve del manico deformano la realt\u00e0, rendendo quest&#8217;ultima affascinante da contemplare. Il mondo vi si proietta, vi si riflette, vi si ricrea: nessuno pu\u00f2 resistere al suo effetto magico! Specchio a parete &#8211; Da fissare al muro &#8211; Prodotto artigianalmente in Italia<\/p>\n","protected":false},"excerpt":{"rendered":"<p>Lollipop ci conduce nell&#8217;universo stravagante, originale e rock del geniale Marcel Wanders. Come proveniente da una meravigliosa fiaba, questo specchio di dimensioni smisurate (H 200 cm) incanta i vostri interni.<\/p>\n","protected":false},"featured_media":137381,"template":"","meta":{"_acf_changed":false,"jetpack_post_was_ever_published":false,"jetpack_publicize_message":"","jetpack_publicize_feature_enabled":true,"jetpack_social_post_already_shared":false,"jetpack_social_options":{"image_generator_settings":{"template":"highway","default_image_id":0,"font":"","enabled":false},"version":2}},"pwb-brand":[1452],"product_brand":[],"product_cat":[304,607,830,351],"product_tag":[352],"class_list":{"0":"post-83685","1":"product","2":"type-product","3":"status-publish","4":"has-post-thumbnail","6":"pwb-brand-fiam","7":"product_cat-decor","8":"product_cat-designers","9":"product_cat-marcel-wanders","10":"product_cat-specchio","11":"product_tag-specchio","12":"pa_altezza-2000-mm","13":"pa_colore-argento","14":"pa_designer-marcel-wanders","15":"pa_downloads-2d","16":"pa_downloads-3d","17":"pa_downloads-pdf","18":"pa_larghezza-900-mm","19":"pa_materiale-vetro","20":"pa_produttore-fiam","21":"pa_profondita-100-mm","22":"pa_tipo-di-prodotto-specchio","24":"first","25":"instock","26":"product-type-external"},"acf":[],"yoast_head":"<!-- This site is optimized with the Yoast SEO plugin v27.2 - https:\/\/yoast.com\/product\/yoast-seo-wordpress\/ -->\n<title>Specchio Lollipop Argento design Marcel Wanders for FIAM - SDM Product Selection<\/title>\n<meta name=\"description\" content=\"Lollipop ci conduce nell&#039;universo stravagante, originale e rock del geniale Marcel Wanders. Come proveniente da una meravigliosa fiaba, questo specchio di dimensioni smisurate (H 200 cm) incanta i vostri interni.\" \/>\n<meta name=\"robots\" content=\"index, follow, max-snippet:-1, max-image-preview:large, max-video-preview:-1\" \/>\n<link rel=\"canonical\" href=\"https:\/\/socialdesignmagazine.com\/mag\/products-selection\/product\/specchio-lollipop-argento-design-marcel-wanders-for-fiam\/\" \/>\n<meta property=\"og:locale\" content=\"it_IT\" \/>\n<meta property=\"og:type\" content=\"article\" \/>\n<meta property=\"og:title\" content=\"Specchio Lollipop Argento design Marcel Wanders for FIAM - SDM Product Selection\" \/>\n<meta property=\"og:description\" content=\"Lollipop ci conduce nell&#039;universo stravagante, originale e rock del geniale Marcel Wanders. Come proveniente da una meravigliosa fiaba, questo specchio di dimensioni smisurate (H 200 cm) incanta i vostri interni.\" \/>\n<meta property=\"og:url\" content=\"https:\/\/socialdesignmagazine.com\/mag\/products-selection\/product\/specchio-lollipop-argento-design-marcel-wanders-for-fiam\/\" \/>\n<meta property=\"og:site_name\" content=\"SDM Product Selection\" \/>\n<meta property=\"article:publisher\" content=\"https:\/\/www.facebook.com\/socialdesignmag\" \/>\n<meta property=\"article:modified_time\" content=\"2023-02-22T18:51:24+00:00\" \/>\n<meta property=\"og:image\" content=\"https:\/\/socialdesignmagazine.com\/mag\/products-selection\/wp-content\/uploads\/sites\/2\/2020\/12\/Specchio-Lollipop-Argento-FIAM-Marcel-Wanders.jpg\" \/>\n\t<meta property=\"og:image:width\" content=\"2556\" \/>\n\t<meta property=\"og:image:height\" content=\"2556\" \/>\n\t<meta property=\"og:image:type\" content=\"image\/jpeg\" \/>\n<meta name=\"twitter:card\" content=\"summary_large_image\" \/>\n<meta name=\"twitter:site\" content=\"@socialdesignmag\" \/>\n<meta name=\"twitter:label1\" content=\"Tempo di lettura stimato\" \/>\n\t<meta name=\"twitter:data1\" content=\"1 minuto\" \/>\n<script type=\"application\/ld+json\" class=\"yoast-schema-graph\">{\"@context\":\"https:\/\/schema.org\",\"@graph\":[{\"@type\":\"WebPage\",\"@id\":\"https:\/\/socialdesignmagazine.com\/mag\/products-selection\/product\/specchio-lollipop-argento-design-marcel-wanders-for-fiam\/\",\"url\":\"https:\/\/socialdesignmagazine.com\/mag\/products-selection\/product\/specchio-lollipop-argento-design-marcel-wanders-for-fiam\/\",\"name\":\"Specchio Lollipop Argento design Marcel Wanders for FIAM - SDM Product Selection\",\"isPartOf\":{\"@id\":\"https:\/\/socialdesignmagazine.com\/mag\/products-selection\/#website\"},\"primaryImageOfPage\":{\"@id\":\"https:\/\/socialdesignmagazine.com\/mag\/products-selection\/product\/specchio-lollipop-argento-design-marcel-wanders-for-fiam\/#primaryimage\"},\"image\":{\"@id\":\"https:\/\/socialdesignmagazine.com\/mag\/products-selection\/product\/specchio-lollipop-argento-design-marcel-wanders-for-fiam\/#primaryimage\"},\"thumbnailUrl\":\"https:\/\/socialdesignmagazine.com\/mag\/products-selection\/wp-content\/uploads\/sites\/2\/2020\/12\/Specchio-Lollipop-Argento-FIAM-Marcel-Wanders.jpg\",\"datePublished\":\"2019-08-15T14:24:47+00:00\",\"dateModified\":\"2023-02-22T18:51:24+00:00\",\"description\":\"Lollipop ci conduce nell'universo stravagante, originale e rock del geniale Marcel Wanders. Come proveniente da una meravigliosa fiaba, questo specchio di dimensioni smisurate (H 200 cm) incanta i vostri interni.\",\"breadcrumb\":{\"@id\":\"https:\/\/socialdesignmagazine.com\/mag\/products-selection\/product\/specchio-lollipop-argento-design-marcel-wanders-for-fiam\/#breadcrumb\"},\"inLanguage\":\"it-IT\",\"potentialAction\":[{\"@type\":\"ReadAction\",\"target\":[\"https:\/\/socialdesignmagazine.com\/mag\/products-selection\/product\/specchio-lollipop-argento-design-marcel-wanders-for-fiam\/\"]}]},{\"@type\":\"ImageObject\",\"inLanguage\":\"it-IT\",\"@id\":\"https:\/\/socialdesignmagazine.com\/mag\/products-selection\/product\/specchio-lollipop-argento-design-marcel-wanders-for-fiam\/#primaryimage\",\"url\":\"https:\/\/socialdesignmagazine.com\/mag\/products-selection\/wp-content\/uploads\/sites\/2\/2020\/12\/Specchio-Lollipop-Argento-FIAM-Marcel-Wanders.jpg\",\"contentUrl\":\"https:\/\/socialdesignmagazine.com\/mag\/products-selection\/wp-content\/uploads\/sites\/2\/2020\/12\/Specchio-Lollipop-Argento-FIAM-Marcel-Wanders.jpg\",\"width\":2556,\"height\":2556,\"caption\":\"Specchio Lollipop Argento FIAM Marcel Wanders\"},{\"@type\":\"BreadcrumbList\",\"@id\":\"https:\/\/socialdesignmagazine.com\/mag\/products-selection\/product\/specchio-lollipop-argento-design-marcel-wanders-for-fiam\/#breadcrumb\",\"itemListElement\":[{\"@type\":\"ListItem\",\"position\":1,\"name\":\"Home\",\"item\":\"https:\/\/socialdesignmagazine.com\/mag\/products-selection\/\"},{\"@type\":\"ListItem\",\"position\":2,\"name\":\"Tutti i prodotti\",\"item\":\"https:\/\/socialdesignmagazine.com\/mag\/products-selection\/tutti-i-prodotti\/\"},{\"@type\":\"ListItem\",\"position\":3,\"name\":\"Specchio Lollipop Argento design Marcel Wanders for FIAM\"}]},{\"@type\":\"WebSite\",\"@id\":\"https:\/\/socialdesignmagazine.com\/mag\/products-selection\/#website\",\"url\":\"https:\/\/socialdesignmagazine.com\/mag\/products-selection\/\",\"name\":\"SDM Product Selection\",\"description\":\"Una selezioni di prodotti dei brand pi\u00f9 interessanti per arredare e progettare\",\"publisher\":{\"@id\":\"https:\/\/socialdesignmagazine.com\/mag\/products-selection\/#organization\"},\"potentialAction\":[{\"@type\":\"SearchAction\",\"target\":{\"@type\":\"EntryPoint\",\"urlTemplate\":\"https:\/\/socialdesignmagazine.com\/mag\/products-selection\/?s={search_term_string}\"},\"query-input\":{\"@type\":\"PropertyValueSpecification\",\"valueRequired\":true,\"valueName\":\"search_term_string\"}}],\"inLanguage\":\"it-IT\"},{\"@type\":\"Organization\",\"@id\":\"https:\/\/socialdesignmagazine.com\/mag\/products-selection\/#organization\",\"name\":\"Social Design Magazine\",\"url\":\"https:\/\/socialdesignmagazine.com\/mag\/products-selection\/\",\"logo\":{\"@type\":\"ImageObject\",\"inLanguage\":\"it-IT\",\"@id\":\"https:\/\/socialdesignmagazine.com\/mag\/products-selection\/#\/schema\/logo\/image\/\",\"url\":\"https:\/\/socialdesignmagazine.com\/mag\/products-selection\/wp-content\/uploads\/sites\/2\/2015\/05\/social-design-magazine-logo.png\",\"contentUrl\":\"https:\/\/socialdesignmagazine.com\/mag\/products-selection\/wp-content\/uploads\/sites\/2\/2015\/05\/social-design-magazine-logo.png\",\"width\":251,\"height\":101,\"caption\":\"Social Design Magazine\"},\"image\":{\"@id\":\"https:\/\/socialdesignmagazine.com\/mag\/products-selection\/#\/schema\/logo\/image\/\"},\"sameAs\":[\"https:\/\/www.facebook.com\/socialdesignmag\",\"https:\/\/x.com\/socialdesignmag\",\"http:\/\/instagram.com\/social_design_magazine\/\",\"http:\/\/pinterest.com\/socialdesignmag\/\",\"http:\/\/www.youtube.com\/user\/socialdesignmagazine\"]}]}<\/script>\n<!-- \/ Yoast SEO plugin. -->","yoast_head_json":{"title":"Specchio Lollipop Argento design Marcel Wanders for FIAM - SDM Product Selection","description":"Lollipop ci conduce nell'universo stravagante, originale e rock del geniale Marcel Wanders. Come proveniente da una meravigliosa fiaba, questo specchio di dimensioni smisurate (H 200 cm) incanta i vostri interni.","robots":{"index":"index","follow":"follow","max-snippet":"max-snippet:-1","max-image-preview":"max-image-preview:large","max-video-preview":"max-video-preview:-1"},"canonical":"https:\/\/socialdesignmagazine.com\/mag\/products-selection\/product\/specchio-lollipop-argento-design-marcel-wanders-for-fiam\/","og_locale":"it_IT","og_type":"article","og_title":"Specchio Lollipop Argento design Marcel Wanders for FIAM - SDM Product Selection","og_description":"Lollipop ci conduce nell'universo stravagante, originale e rock del geniale Marcel Wanders. Come proveniente da una meravigliosa fiaba, questo specchio di dimensioni smisurate (H 200 cm) incanta i vostri interni.","og_url":"https:\/\/socialdesignmagazine.com\/mag\/products-selection\/product\/specchio-lollipop-argento-design-marcel-wanders-for-fiam\/","og_site_name":"SDM Product Selection","article_publisher":"https:\/\/www.facebook.com\/socialdesignmag","article_modified_time":"2023-02-22T18:51:24+00:00","og_image":[{"width":2556,"height":2556,"url":"https:\/\/socialdesignmagazine.com\/mag\/products-selection\/wp-content\/uploads\/sites\/2\/2020\/12\/Specchio-Lollipop-Argento-FIAM-Marcel-Wanders.jpg","type":"image\/jpeg"}],"twitter_card":"summary_large_image","twitter_site":"@socialdesignmag","twitter_misc":{"Tempo di lettura stimato":"1 minuto"},"schema":{"@context":"https:\/\/schema.org","@graph":[{"@type":"WebPage","@id":"https:\/\/socialdesignmagazine.com\/mag\/products-selection\/product\/specchio-lollipop-argento-design-marcel-wanders-for-fiam\/","url":"https:\/\/socialdesignmagazine.com\/mag\/products-selection\/product\/specchio-lollipop-argento-design-marcel-wanders-for-fiam\/","name":"Specchio Lollipop Argento design Marcel Wanders for FIAM - SDM Product Selection","isPartOf":{"@id":"https:\/\/socialdesignmagazine.com\/mag\/products-selection\/#website"},"primaryImageOfPage":{"@id":"https:\/\/socialdesignmagazine.com\/mag\/products-selection\/product\/specchio-lollipop-argento-design-marcel-wanders-for-fiam\/#primaryimage"},"image":{"@id":"https:\/\/socialdesignmagazine.com\/mag\/products-selection\/product\/specchio-lollipop-argento-design-marcel-wanders-for-fiam\/#primaryimage"},"thumbnailUrl":"https:\/\/socialdesignmagazine.com\/mag\/products-selection\/wp-content\/uploads\/sites\/2\/2020\/12\/Specchio-Lollipop-Argento-FIAM-Marcel-Wanders.jpg","datePublished":"2019-08-15T14:24:47+00:00","dateModified":"2023-02-22T18:51:24+00:00","description":"Lollipop ci conduce nell'universo stravagante, originale e rock del geniale Marcel Wanders. Come proveniente da una meravigliosa fiaba, questo specchio di dimensioni smisurate (H 200 cm) incanta i vostri interni.","breadcrumb":{"@id":"https:\/\/socialdesignmagazine.com\/mag\/products-selection\/product\/specchio-lollipop-argento-design-marcel-wanders-for-fiam\/#breadcrumb"},"inLanguage":"it-IT","potentialAction":[{"@type":"ReadAction","target":["https:\/\/socialdesignmagazine.com\/mag\/products-selection\/product\/specchio-lollipop-argento-design-marcel-wanders-for-fiam\/"]}]},{"@type":"ImageObject","inLanguage":"it-IT","@id":"https:\/\/socialdesignmagazine.com\/mag\/products-selection\/product\/specchio-lollipop-argento-design-marcel-wanders-for-fiam\/#primaryimage","url":"https:\/\/socialdesignmagazine.com\/mag\/products-selection\/wp-content\/uploads\/sites\/2\/2020\/12\/Specchio-Lollipop-Argento-FIAM-Marcel-Wanders.jpg","contentUrl":"https:\/\/socialdesignmagazine.com\/mag\/products-selection\/wp-content\/uploads\/sites\/2\/2020\/12\/Specchio-Lollipop-Argento-FIAM-Marcel-Wanders.jpg","width":2556,"height":2556,"caption":"Specchio Lollipop Argento FIAM Marcel Wanders"},{"@type":"BreadcrumbList","@id":"https:\/\/socialdesignmagazine.com\/mag\/products-selection\/product\/specchio-lollipop-argento-design-marcel-wanders-for-fiam\/#breadcrumb","itemListElement":[{"@type":"ListItem","position":1,"name":"Home","item":"https:\/\/socialdesignmagazine.com\/mag\/products-selection\/"},{"@type":"ListItem","position":2,"name":"Tutti i prodotti","item":"https:\/\/socialdesignmagazine.com\/mag\/products-selection\/tutti-i-prodotti\/"},{"@type":"ListItem","position":3,"name":"Specchio Lollipop Argento design Marcel Wanders for FIAM"}]},{"@type":"WebSite","@id":"https:\/\/socialdesignmagazine.com\/mag\/products-selection\/#website","url":"https:\/\/socialdesignmagazine.com\/mag\/products-selection\/","name":"SDM Product Selection","description":"Una selezioni di prodotti dei brand pi\u00f9 interessanti per arredare e progettare","publisher":{"@id":"https:\/\/socialdesignmagazine.com\/mag\/products-selection\/#organization"},"potentialAction":[{"@type":"SearchAction","target":{"@type":"EntryPoint","urlTemplate":"https:\/\/socialdesignmagazine.com\/mag\/products-selection\/?s={search_term_string}"},"query-input":{"@type":"PropertyValueSpecification","valueRequired":true,"valueName":"search_term_string"}}],"inLanguage":"it-IT"},{"@type":"Organization","@id":"https:\/\/socialdesignmagazine.com\/mag\/products-selection\/#organization","name":"Social Design Magazine","url":"https:\/\/socialdesignmagazine.com\/mag\/products-selection\/","logo":{"@type":"ImageObject","inLanguage":"it-IT","@id":"https:\/\/socialdesignmagazine.com\/mag\/products-selection\/#\/schema\/logo\/image\/","url":"https:\/\/socialdesignmagazine.com\/mag\/products-selection\/wp-content\/uploads\/sites\/2\/2015\/05\/social-design-magazine-logo.png","contentUrl":"https:\/\/socialdesignmagazine.com\/mag\/products-selection\/wp-content\/uploads\/sites\/2\/2015\/05\/social-design-magazine-logo.png","width":251,"height":101,"caption":"Social Design Magazine"},"image":{"@id":"https:\/\/socialdesignmagazine.com\/mag\/products-selection\/#\/schema\/logo\/image\/"},"sameAs":["https:\/\/www.facebook.com\/socialdesignmag","https:\/\/x.com\/socialdesignmag","http:\/\/instagram.com\/social_design_magazine\/","http:\/\/pinterest.com\/socialdesignmag\/","http:\/\/www.youtube.com\/user\/socialdesignmagazine"]}]}},"jetpack_publicize_connections":[],"jetpack_sharing_enabled":true,"brands":[{"id":1452,"name":"FIAM","slug":"fiam"}],"_links":{"self":[{"href":"https:\/\/socialdesignmagazine.com\/mag\/products-selection\/wp-json\/wp\/v2\/product\/83685","targetHints":{"allow":["GET"]}}],"collection":[{"href":"https:\/\/socialdesignmagazine.com\/mag\/products-selection\/wp-json\/wp\/v2\/product"}],"about":[{"href":"https:\/\/socialdesignmagazine.com\/mag\/products-selection\/wp-json\/wp\/v2\/types\/product"}],"wp:featuredmedia":[{"embeddable":true,"href":"https:\/\/socialdesignmagazine.com\/mag\/products-selection\/wp-json\/wp\/v2\/media\/137381"}],"wp:attachment":[{"href":"https:\/\/socialdesignmagazine.com\/mag\/products-selection\/wp-json\/wp\/v2\/media?parent=83685"}],"wp:term":[{"taxonomy":"pwb-brand","embeddable":true,"href":"https:\/\/socialdesignmagazine.com\/mag\/products-selection\/wp-json\/wp\/v2\/pwb-brand?post=83685"},{"taxonomy":"product_brand","embeddable":true,"href":"https:\/\/socialdesignmagazine.com\/mag\/products-selection\/wp-json\/wp\/v2\/product_brand?post=83685"},{"taxonomy":"product_cat","embeddable":true,"href":"https:\/\/socialdesignmagazine.com\/mag\/products-selection\/wp-json\/wp\/v2\/product_cat?post=83685"},{"taxonomy":"product_tag","embeddable":true,"href":"https:\/\/socialdesignmagazine.com\/mag\/products-selection\/wp-json\/wp\/v2\/product_tag?post=83685"}],"curies":[{"name":"wp","href":"https:\/\/api.w.org\/{rel}","templated":true}]}}