{"id":84369,"date":"2019-08-18T21:00:39","date_gmt":"2019-08-18T19:00:39","guid":{"rendered":"https:\/\/socialdesignmagazine.com\/mag\/products-selection\/?post_type=product&#038;p=84369"},"modified":"2020-12-08T15:09:00","modified_gmt":"2020-12-08T14:09:00","slug":"sgabello-alto-regolabile-kant-bianco-design-karim-rashid-for-casamania","status":"publish","type":"product","link":"https:\/\/socialdesignmagazine.com\/mag\/products-selection\/product\/sgabello-alto-regolabile-kant-bianco-design-karim-rashid-for-casamania\/","title":{"rendered":"Sgabello Alto regolabile Kant Bianco design Karim Rashid for Casamania"},"content":{"rendered":"<p>Design biomorfico e forme arrotondate per questo splendido sgabello firmato Karim Rashid. Si riconosce lo stile fluido del famoso designer, appassionato di ultra minimalismo. Le linee curve e morbide di Kant stabiliscono una rottura con gli ambienti severi e lineari che costituiscono il nostro quotidiano. Una creazione che emana energia positiva, miscelata alla sensualit\u00e0 delle forme biomorfe. Karim Rashid: &#8220;Penso che il mio lavoro sia fluido, morbido, organico, umano, ossia ci\u00f2 che rinvia all&#8217;aspetto sensuale&#8221;. La seduta dello sgabello \u00e8 in polygiene, una versione anti-batterica del polipropilene. La base e il poggiapiedi sono in alluminio lucidato. La seduta \u00e8 girevole e regolabile in altezza (da 65 a 76 cm). Per un&#8217;estetica perfetta, la pompa a gas che regola l&#8217;altezza \u00e8 completamente inserita all&#8217;interno della base e il tasto che la aziona \u00e8 nascosto sotto la seduta. E&#8217; disponibile anche in una versione ad altezza fissa (utilizzabile sia in interni che all&#8217;aperto). Per l&#8217;interno &#8211; Seduta girevole e regolabile in altezza (alzata a gas comandata dal bottone sotto la seduta) &#8211; Possibilit\u00e0 di scegliere un colore di seduta diverso dalla struttura: non esitate a contattarci &#8211; Supporta fino a 200 kg<\/p>\n","protected":false},"excerpt":{"rendered":"<p>Design biomorfico e forme arrotondate per questo splendido sgabello firmato Karim Rashid.<\/p>\n","protected":false},"featured_media":134898,"template":"","meta":{"_acf_changed":false,"jetpack_post_was_ever_published":false,"jetpack_publicize_message":"","jetpack_publicize_feature_enabled":true,"jetpack_social_post_already_shared":false,"jetpack_social_options":{"image_generator_settings":{"template":"highway","default_image_id":0,"font":"","enabled":false},"version":2}},"pwb-brand":[1486],"product_brand":[],"product_cat":[337,607,609,533,539],"product_tag":[10],"class_list":{"0":"post-84369","1":"product","2":"type-product","3":"status-publish","4":"has-post-thumbnail","6":"pwb-brand-casamania","7":"product_cat-arredamento","8":"product_cat-designers","9":"product_cat-karim-rashid","10":"product_cat-sedute","11":"product_cat-sgabello-alto-sedute","12":"product_tag-sgabello","13":"pa_altezza-760-mm","14":"pa_colore-bianco","15":"pa_designer-karim-rashid","16":"pa_downloads-3d","17":"pa_downloads-pdf","18":"pa_larghezza-375-mm","19":"pa_materiale-alluminio-lucido","20":"pa_materiale-polietilene","21":"pa_produttore-casamania","22":"pa_profondita-460-mm","23":"pa_tipo-di-prodotto-sgabello-alto","25":"first","26":"instock","27":"product-type-external"},"acf":[],"yoast_head":"<!-- This site is optimized with the Yoast SEO plugin v27.2 - https:\/\/yoast.com\/product\/yoast-seo-wordpress\/ -->\n<title>Sgabello Alto regolabile Kant Bianco design Karim Rashid for Casamania - SDM Product Selection<\/title>\n<meta name=\"description\" content=\"Design biomorfico e forme arrotondate per questo splendido sgabello firmato Karim Rashid.\" \/>\n<meta name=\"robots\" content=\"index, follow, max-snippet:-1, max-image-preview:large, max-video-preview:-1\" \/>\n<link rel=\"canonical\" href=\"https:\/\/socialdesignmagazine.com\/mag\/products-selection\/product\/sgabello-alto-regolabile-kant-bianco-design-karim-rashid-for-casamania\/\" \/>\n<meta property=\"og:locale\" content=\"it_IT\" \/>\n<meta property=\"og:type\" content=\"article\" \/>\n<meta property=\"og:title\" content=\"Sgabello Alto regolabile Kant Bianco design Karim Rashid for Casamania - SDM Product Selection\" \/>\n<meta property=\"og:description\" content=\"Design biomorfico e forme arrotondate per questo splendido sgabello firmato Karim Rashid.\" \/>\n<meta property=\"og:url\" content=\"https:\/\/socialdesignmagazine.com\/mag\/products-selection\/product\/sgabello-alto-regolabile-kant-bianco-design-karim-rashid-for-casamania\/\" \/>\n<meta property=\"og:site_name\" content=\"SDM Product Selection\" \/>\n<meta property=\"article:publisher\" content=\"https:\/\/www.facebook.com\/socialdesignmag\" \/>\n<meta property=\"article:modified_time\" content=\"2020-12-08T14:09:00+00:00\" \/>\n<meta property=\"og:image\" content=\"https:\/\/socialdesignmagazine.com\/mag\/products-selection\/wp-content\/uploads\/sites\/2\/2020\/12\/Sgabello-Alto-regolabile-Kant-Bianco-Casamania-Karim-Rashid.jpg\" \/>\n\t<meta property=\"og:image:width\" content=\"1476\" \/>\n\t<meta property=\"og:image:height\" content=\"2484\" \/>\n\t<meta property=\"og:image:type\" content=\"image\/jpeg\" \/>\n<meta name=\"twitter:card\" content=\"summary_large_image\" \/>\n<meta name=\"twitter:site\" content=\"@socialdesignmag\" \/>\n<meta name=\"twitter:label1\" content=\"Tempo di lettura stimato\" \/>\n\t<meta name=\"twitter:data1\" content=\"1 minuto\" \/>\n<script type=\"application\/ld+json\" class=\"yoast-schema-graph\">{\"@context\":\"https:\/\/schema.org\",\"@graph\":[{\"@type\":\"WebPage\",\"@id\":\"https:\/\/socialdesignmagazine.com\/mag\/products-selection\/product\/sgabello-alto-regolabile-kant-bianco-design-karim-rashid-for-casamania\/\",\"url\":\"https:\/\/socialdesignmagazine.com\/mag\/products-selection\/product\/sgabello-alto-regolabile-kant-bianco-design-karim-rashid-for-casamania\/\",\"name\":\"Sgabello Alto regolabile Kant Bianco design Karim Rashid for Casamania - SDM Product Selection\",\"isPartOf\":{\"@id\":\"https:\/\/socialdesignmagazine.com\/mag\/products-selection\/#website\"},\"primaryImageOfPage\":{\"@id\":\"https:\/\/socialdesignmagazine.com\/mag\/products-selection\/product\/sgabello-alto-regolabile-kant-bianco-design-karim-rashid-for-casamania\/#primaryimage\"},\"image\":{\"@id\":\"https:\/\/socialdesignmagazine.com\/mag\/products-selection\/product\/sgabello-alto-regolabile-kant-bianco-design-karim-rashid-for-casamania\/#primaryimage\"},\"thumbnailUrl\":\"https:\/\/socialdesignmagazine.com\/mag\/products-selection\/wp-content\/uploads\/sites\/2\/2020\/12\/Sgabello-Alto-regolabile-Kant-Bianco-Casamania-Karim-Rashid.jpg\",\"datePublished\":\"2019-08-18T19:00:39+00:00\",\"dateModified\":\"2020-12-08T14:09:00+00:00\",\"description\":\"Design biomorfico e forme arrotondate per questo splendido sgabello firmato Karim Rashid.\",\"breadcrumb\":{\"@id\":\"https:\/\/socialdesignmagazine.com\/mag\/products-selection\/product\/sgabello-alto-regolabile-kant-bianco-design-karim-rashid-for-casamania\/#breadcrumb\"},\"inLanguage\":\"it-IT\",\"potentialAction\":[{\"@type\":\"ReadAction\",\"target\":[\"https:\/\/socialdesignmagazine.com\/mag\/products-selection\/product\/sgabello-alto-regolabile-kant-bianco-design-karim-rashid-for-casamania\/\"]}]},{\"@type\":\"ImageObject\",\"inLanguage\":\"it-IT\",\"@id\":\"https:\/\/socialdesignmagazine.com\/mag\/products-selection\/product\/sgabello-alto-regolabile-kant-bianco-design-karim-rashid-for-casamania\/#primaryimage\",\"url\":\"https:\/\/socialdesignmagazine.com\/mag\/products-selection\/wp-content\/uploads\/sites\/2\/2020\/12\/Sgabello-Alto-regolabile-Kant-Bianco-Casamania-Karim-Rashid.jpg\",\"contentUrl\":\"https:\/\/socialdesignmagazine.com\/mag\/products-selection\/wp-content\/uploads\/sites\/2\/2020\/12\/Sgabello-Alto-regolabile-Kant-Bianco-Casamania-Karim-Rashid.jpg\",\"width\":1476,\"height\":2484,\"caption\":\"Sgabello Alto regolabile Kant Bianco Casamania Karim Rashid\"},{\"@type\":\"BreadcrumbList\",\"@id\":\"https:\/\/socialdesignmagazine.com\/mag\/products-selection\/product\/sgabello-alto-regolabile-kant-bianco-design-karim-rashid-for-casamania\/#breadcrumb\",\"itemListElement\":[{\"@type\":\"ListItem\",\"position\":1,\"name\":\"Home\",\"item\":\"https:\/\/socialdesignmagazine.com\/mag\/products-selection\/\"},{\"@type\":\"ListItem\",\"position\":2,\"name\":\"Tutti i prodotti\",\"item\":\"https:\/\/socialdesignmagazine.com\/mag\/products-selection\/tutti-i-prodotti\/\"},{\"@type\":\"ListItem\",\"position\":3,\"name\":\"Sgabello Alto regolabile Kant Bianco design Karim Rashid for Casamania\"}]},{\"@type\":\"WebSite\",\"@id\":\"https:\/\/socialdesignmagazine.com\/mag\/products-selection\/#website\",\"url\":\"https:\/\/socialdesignmagazine.com\/mag\/products-selection\/\",\"name\":\"SDM Product Selection\",\"description\":\"Una selezioni di prodotti dei brand pi\u00f9 interessanti per arredare e progettare\",\"publisher\":{\"@id\":\"https:\/\/socialdesignmagazine.com\/mag\/products-selection\/#organization\"},\"potentialAction\":[{\"@type\":\"SearchAction\",\"target\":{\"@type\":\"EntryPoint\",\"urlTemplate\":\"https:\/\/socialdesignmagazine.com\/mag\/products-selection\/?s={search_term_string}\"},\"query-input\":{\"@type\":\"PropertyValueSpecification\",\"valueRequired\":true,\"valueName\":\"search_term_string\"}}],\"inLanguage\":\"it-IT\"},{\"@type\":\"Organization\",\"@id\":\"https:\/\/socialdesignmagazine.com\/mag\/products-selection\/#organization\",\"name\":\"Social Design Magazine\",\"url\":\"https:\/\/socialdesignmagazine.com\/mag\/products-selection\/\",\"logo\":{\"@type\":\"ImageObject\",\"inLanguage\":\"it-IT\",\"@id\":\"https:\/\/socialdesignmagazine.com\/mag\/products-selection\/#\/schema\/logo\/image\/\",\"url\":\"https:\/\/socialdesignmagazine.com\/mag\/products-selection\/wp-content\/uploads\/sites\/2\/2015\/05\/social-design-magazine-logo.png\",\"contentUrl\":\"https:\/\/socialdesignmagazine.com\/mag\/products-selection\/wp-content\/uploads\/sites\/2\/2015\/05\/social-design-magazine-logo.png\",\"width\":251,\"height\":101,\"caption\":\"Social Design Magazine\"},\"image\":{\"@id\":\"https:\/\/socialdesignmagazine.com\/mag\/products-selection\/#\/schema\/logo\/image\/\"},\"sameAs\":[\"https:\/\/www.facebook.com\/socialdesignmag\",\"https:\/\/x.com\/socialdesignmag\",\"http:\/\/instagram.com\/social_design_magazine\/\",\"http:\/\/pinterest.com\/socialdesignmag\/\",\"http:\/\/www.youtube.com\/user\/socialdesignmagazine\"]}]}<\/script>\n<!-- \/ Yoast SEO plugin. -->","yoast_head_json":{"title":"Sgabello Alto regolabile Kant Bianco design Karim Rashid for Casamania - SDM Product Selection","description":"Design biomorfico e forme arrotondate per questo splendido sgabello firmato Karim Rashid.","robots":{"index":"index","follow":"follow","max-snippet":"max-snippet:-1","max-image-preview":"max-image-preview:large","max-video-preview":"max-video-preview:-1"},"canonical":"https:\/\/socialdesignmagazine.com\/mag\/products-selection\/product\/sgabello-alto-regolabile-kant-bianco-design-karim-rashid-for-casamania\/","og_locale":"it_IT","og_type":"article","og_title":"Sgabello Alto regolabile Kant Bianco design Karim Rashid for Casamania - SDM Product Selection","og_description":"Design biomorfico e forme arrotondate per questo splendido sgabello firmato Karim Rashid.","og_url":"https:\/\/socialdesignmagazine.com\/mag\/products-selection\/product\/sgabello-alto-regolabile-kant-bianco-design-karim-rashid-for-casamania\/","og_site_name":"SDM Product Selection","article_publisher":"https:\/\/www.facebook.com\/socialdesignmag","article_modified_time":"2020-12-08T14:09:00+00:00","og_image":[{"width":1476,"height":2484,"url":"https:\/\/socialdesignmagazine.com\/mag\/products-selection\/wp-content\/uploads\/sites\/2\/2020\/12\/Sgabello-Alto-regolabile-Kant-Bianco-Casamania-Karim-Rashid.jpg","type":"image\/jpeg"}],"twitter_card":"summary_large_image","twitter_site":"@socialdesignmag","twitter_misc":{"Tempo di lettura stimato":"1 minuto"},"schema":{"@context":"https:\/\/schema.org","@graph":[{"@type":"WebPage","@id":"https:\/\/socialdesignmagazine.com\/mag\/products-selection\/product\/sgabello-alto-regolabile-kant-bianco-design-karim-rashid-for-casamania\/","url":"https:\/\/socialdesignmagazine.com\/mag\/products-selection\/product\/sgabello-alto-regolabile-kant-bianco-design-karim-rashid-for-casamania\/","name":"Sgabello Alto regolabile Kant Bianco design Karim Rashid for Casamania - SDM Product Selection","isPartOf":{"@id":"https:\/\/socialdesignmagazine.com\/mag\/products-selection\/#website"},"primaryImageOfPage":{"@id":"https:\/\/socialdesignmagazine.com\/mag\/products-selection\/product\/sgabello-alto-regolabile-kant-bianco-design-karim-rashid-for-casamania\/#primaryimage"},"image":{"@id":"https:\/\/socialdesignmagazine.com\/mag\/products-selection\/product\/sgabello-alto-regolabile-kant-bianco-design-karim-rashid-for-casamania\/#primaryimage"},"thumbnailUrl":"https:\/\/socialdesignmagazine.com\/mag\/products-selection\/wp-content\/uploads\/sites\/2\/2020\/12\/Sgabello-Alto-regolabile-Kant-Bianco-Casamania-Karim-Rashid.jpg","datePublished":"2019-08-18T19:00:39+00:00","dateModified":"2020-12-08T14:09:00+00:00","description":"Design biomorfico e forme arrotondate per questo splendido sgabello firmato Karim Rashid.","breadcrumb":{"@id":"https:\/\/socialdesignmagazine.com\/mag\/products-selection\/product\/sgabello-alto-regolabile-kant-bianco-design-karim-rashid-for-casamania\/#breadcrumb"},"inLanguage":"it-IT","potentialAction":[{"@type":"ReadAction","target":["https:\/\/socialdesignmagazine.com\/mag\/products-selection\/product\/sgabello-alto-regolabile-kant-bianco-design-karim-rashid-for-casamania\/"]}]},{"@type":"ImageObject","inLanguage":"it-IT","@id":"https:\/\/socialdesignmagazine.com\/mag\/products-selection\/product\/sgabello-alto-regolabile-kant-bianco-design-karim-rashid-for-casamania\/#primaryimage","url":"https:\/\/socialdesignmagazine.com\/mag\/products-selection\/wp-content\/uploads\/sites\/2\/2020\/12\/Sgabello-Alto-regolabile-Kant-Bianco-Casamania-Karim-Rashid.jpg","contentUrl":"https:\/\/socialdesignmagazine.com\/mag\/products-selection\/wp-content\/uploads\/sites\/2\/2020\/12\/Sgabello-Alto-regolabile-Kant-Bianco-Casamania-Karim-Rashid.jpg","width":1476,"height":2484,"caption":"Sgabello Alto regolabile Kant Bianco Casamania Karim Rashid"},{"@type":"BreadcrumbList","@id":"https:\/\/socialdesignmagazine.com\/mag\/products-selection\/product\/sgabello-alto-regolabile-kant-bianco-design-karim-rashid-for-casamania\/#breadcrumb","itemListElement":[{"@type":"ListItem","position":1,"name":"Home","item":"https:\/\/socialdesignmagazine.com\/mag\/products-selection\/"},{"@type":"ListItem","position":2,"name":"Tutti i prodotti","item":"https:\/\/socialdesignmagazine.com\/mag\/products-selection\/tutti-i-prodotti\/"},{"@type":"ListItem","position":3,"name":"Sgabello Alto regolabile Kant Bianco design Karim Rashid for Casamania"}]},{"@type":"WebSite","@id":"https:\/\/socialdesignmagazine.com\/mag\/products-selection\/#website","url":"https:\/\/socialdesignmagazine.com\/mag\/products-selection\/","name":"SDM Product Selection","description":"Una selezioni di prodotti dei brand pi\u00f9 interessanti per arredare e progettare","publisher":{"@id":"https:\/\/socialdesignmagazine.com\/mag\/products-selection\/#organization"},"potentialAction":[{"@type":"SearchAction","target":{"@type":"EntryPoint","urlTemplate":"https:\/\/socialdesignmagazine.com\/mag\/products-selection\/?s={search_term_string}"},"query-input":{"@type":"PropertyValueSpecification","valueRequired":true,"valueName":"search_term_string"}}],"inLanguage":"it-IT"},{"@type":"Organization","@id":"https:\/\/socialdesignmagazine.com\/mag\/products-selection\/#organization","name":"Social Design Magazine","url":"https:\/\/socialdesignmagazine.com\/mag\/products-selection\/","logo":{"@type":"ImageObject","inLanguage":"it-IT","@id":"https:\/\/socialdesignmagazine.com\/mag\/products-selection\/#\/schema\/logo\/image\/","url":"https:\/\/socialdesignmagazine.com\/mag\/products-selection\/wp-content\/uploads\/sites\/2\/2015\/05\/social-design-magazine-logo.png","contentUrl":"https:\/\/socialdesignmagazine.com\/mag\/products-selection\/wp-content\/uploads\/sites\/2\/2015\/05\/social-design-magazine-logo.png","width":251,"height":101,"caption":"Social Design Magazine"},"image":{"@id":"https:\/\/socialdesignmagazine.com\/mag\/products-selection\/#\/schema\/logo\/image\/"},"sameAs":["https:\/\/www.facebook.com\/socialdesignmag","https:\/\/x.com\/socialdesignmag","http:\/\/instagram.com\/social_design_magazine\/","http:\/\/pinterest.com\/socialdesignmag\/","http:\/\/www.youtube.com\/user\/socialdesignmagazine"]}]}},"jetpack_publicize_connections":[],"jetpack_sharing_enabled":true,"brands":[{"id":1486,"name":"Casamania","slug":"casamania"}],"_links":{"self":[{"href":"https:\/\/socialdesignmagazine.com\/mag\/products-selection\/wp-json\/wp\/v2\/product\/84369","targetHints":{"allow":["GET"]}}],"collection":[{"href":"https:\/\/socialdesignmagazine.com\/mag\/products-selection\/wp-json\/wp\/v2\/product"}],"about":[{"href":"https:\/\/socialdesignmagazine.com\/mag\/products-selection\/wp-json\/wp\/v2\/types\/product"}],"wp:featuredmedia":[{"embeddable":true,"href":"https:\/\/socialdesignmagazine.com\/mag\/products-selection\/wp-json\/wp\/v2\/media\/134898"}],"wp:attachment":[{"href":"https:\/\/socialdesignmagazine.com\/mag\/products-selection\/wp-json\/wp\/v2\/media?parent=84369"}],"wp:term":[{"taxonomy":"pwb-brand","embeddable":true,"href":"https:\/\/socialdesignmagazine.com\/mag\/products-selection\/wp-json\/wp\/v2\/pwb-brand?post=84369"},{"taxonomy":"product_brand","embeddable":true,"href":"https:\/\/socialdesignmagazine.com\/mag\/products-selection\/wp-json\/wp\/v2\/product_brand?post=84369"},{"taxonomy":"product_cat","embeddable":true,"href":"https:\/\/socialdesignmagazine.com\/mag\/products-selection\/wp-json\/wp\/v2\/product_cat?post=84369"},{"taxonomy":"product_tag","embeddable":true,"href":"https:\/\/socialdesignmagazine.com\/mag\/products-selection\/wp-json\/wp\/v2\/product_tag?post=84369"}],"curies":[{"name":"wp","href":"https:\/\/api.w.org\/{rel}","templated":true}]}}