{"id":84841,"date":"2019-08-25T00:20:07","date_gmt":"2019-08-24T22:20:07","guid":{"rendered":"https:\/\/socialdesignmagazine.com\/mag\/products-selection\/?post_type=product&#038;p=84841"},"modified":"2021-08-02T21:38:45","modified_gmt":"2021-08-02T19:38:45","slug":"lampada-da-tavolo-atman-trasparente-by-catellani-smith","status":"publish","type":"product","link":"https:\/\/socialdesignmagazine.com\/mag\/products-selection\/product\/lampada-da-tavolo-atman-trasparente-by-catellani-smith\/","title":{"rendered":"Lampada Da Tavolo Atman Trasparente by Catellani &#038; Smith"},"content":{"rendered":"<p>Atman non \u00e8 una semplice lampada da tavolo: \u00e8 un oggetto magico, che diffone una luce dolce e calda, simile a quella del sole che filtra da una finestra aperta. Atman \u00e8 formata da un ciottolo realizzato in cristallo, dietro il quale \u00e8 fissata una lampadina LED che proietta sul muro la luce, creando ombre naturali, simili a quelle prodotte dalle foglie di un albero. La qualit\u00e0 della luce crea un&#8217;atmosfera zen, rilassante, che invita alla contemplazione. Per modificare la luminosit\u00e0, non c&#8217;\u00e8 niente di pi\u00f9 semplice: basta toccare il cavo di alimentazione, che \u00e8 dotato di un regolatore di intensit\u00e0. (2 posizioni). Lampadina: 1x3W LED (inclusa) &#8211; 230V &#8211; Bianco caldo (3500\u00b0 K) &#8211; Regolatore di intesit\u00e0 della luce (2 posizioni)<\/p>\n","protected":false},"excerpt":{"rendered":"<p>Atman non \u00e8 una semplice lampada da tavolo: \u00e8 un oggetto magico, che diffone una luce dolce e calda, simile a quella del sole che filtra da una finestra aperta.<\/p>\n","protected":false},"featured_media":136794,"template":"","meta":{"_acf_changed":false,"jetpack_post_was_ever_published":false,"jetpack_publicize_message":"","jetpack_publicize_feature_enabled":true,"jetpack_social_post_already_shared":false,"jetpack_social_options":{"image_generator_settings":{"template":"highway","default_image_id":0,"font":"","enabled":false},"version":2}},"pwb-brand":[1511],"product_brand":[],"product_cat":[1512,607,312,313],"product_tag":[101],"class_list":{"0":"post-84841","1":"product","2":"type-product","3":"status-publish","4":"has-post-thumbnail","6":"pwb-brand-catellani-smith","7":"product_cat-catellani-smith","8":"product_cat-designers","9":"product_cat-illuminazione","10":"product_cat-lampada-da-tavolo-illuminazione","11":"product_tag-lampada-da-tavolo","12":"pa_altezza-80-mm","13":"pa_colore-trasparente","14":"pa_designer-catellani-smith","15":"pa_larghezza-160-mm","16":"pa_materiale-vetro","17":"pa_produttore-catellani-smith","18":"pa_tipo-di-prodotto-lampada-da-tavolo","20":"first","21":"instock","22":"product-type-external"},"acf":[],"yoast_head":"<!-- This site is optimized with the Yoast SEO plugin v27.2 - https:\/\/yoast.com\/product\/yoast-seo-wordpress\/ -->\n<title>Lampada Da Tavolo Atman Trasparente by Catellani &amp; Smith - SDM Product Selection<\/title>\n<meta name=\"description\" content=\"Atman non \u00e8 una semplice lampada da tavolo: \u00e8 un oggetto magico, che diffone una luce dolce e calda, simile a quella del sole che filtra da una finestra aperta.\" \/>\n<meta name=\"robots\" content=\"index, follow, max-snippet:-1, max-image-preview:large, max-video-preview:-1\" \/>\n<link rel=\"canonical\" href=\"https:\/\/socialdesignmagazine.com\/mag\/products-selection\/product\/lampada-da-tavolo-atman-trasparente-by-catellani-smith\/\" \/>\n<meta property=\"og:locale\" content=\"it_IT\" \/>\n<meta property=\"og:type\" content=\"article\" \/>\n<meta property=\"og:title\" content=\"Lampada Da Tavolo Atman Trasparente by Catellani &amp; Smith - SDM Product Selection\" \/>\n<meta property=\"og:description\" content=\"Atman non \u00e8 una semplice lampada da tavolo: \u00e8 un oggetto magico, che diffone una luce dolce e calda, simile a quella del sole che filtra da una finestra aperta.\" \/>\n<meta property=\"og:url\" content=\"https:\/\/socialdesignmagazine.com\/mag\/products-selection\/product\/lampada-da-tavolo-atman-trasparente-by-catellani-smith\/\" \/>\n<meta property=\"og:site_name\" content=\"SDM Product Selection\" \/>\n<meta property=\"article:publisher\" content=\"https:\/\/www.facebook.com\/socialdesignmag\" \/>\n<meta property=\"article:modified_time\" content=\"2021-08-02T19:38:45+00:00\" \/>\n<meta property=\"og:image\" content=\"https:\/\/socialdesignmagazine.com\/mag\/products-selection\/wp-content\/uploads\/sites\/2\/2020\/12\/Lampada-Da-Tavolo-Atman-Trasparente-Catellani-Smith-Catellani-Smith-scaled.jpg\" \/>\n\t<meta property=\"og:image:width\" content=\"2560\" \/>\n\t<meta property=\"og:image:height\" content=\"1703\" \/>\n\t<meta property=\"og:image:type\" content=\"image\/jpeg\" \/>\n<meta name=\"twitter:card\" content=\"summary_large_image\" \/>\n<meta name=\"twitter:site\" content=\"@socialdesignmag\" \/>\n<meta name=\"twitter:label1\" content=\"Tempo di lettura stimato\" \/>\n\t<meta name=\"twitter:data1\" content=\"1 minuto\" \/>\n<script type=\"application\/ld+json\" class=\"yoast-schema-graph\">{\"@context\":\"https:\/\/schema.org\",\"@graph\":[{\"@type\":\"WebPage\",\"@id\":\"https:\/\/socialdesignmagazine.com\/mag\/products-selection\/product\/lampada-da-tavolo-atman-trasparente-by-catellani-smith\/\",\"url\":\"https:\/\/socialdesignmagazine.com\/mag\/products-selection\/product\/lampada-da-tavolo-atman-trasparente-by-catellani-smith\/\",\"name\":\"Lampada Da Tavolo Atman Trasparente by Catellani & Smith - SDM Product Selection\",\"isPartOf\":{\"@id\":\"https:\/\/socialdesignmagazine.com\/mag\/products-selection\/#website\"},\"primaryImageOfPage\":{\"@id\":\"https:\/\/socialdesignmagazine.com\/mag\/products-selection\/product\/lampada-da-tavolo-atman-trasparente-by-catellani-smith\/#primaryimage\"},\"image\":{\"@id\":\"https:\/\/socialdesignmagazine.com\/mag\/products-selection\/product\/lampada-da-tavolo-atman-trasparente-by-catellani-smith\/#primaryimage\"},\"thumbnailUrl\":\"https:\/\/socialdesignmagazine.com\/mag\/products-selection\/wp-content\/uploads\/sites\/2\/2020\/12\/Lampada-Da-Tavolo-Atman-Trasparente-Catellani-Smith-Catellani-Smith-scaled.jpg\",\"datePublished\":\"2019-08-24T22:20:07+00:00\",\"dateModified\":\"2021-08-02T19:38:45+00:00\",\"description\":\"Atman non \u00e8 una semplice lampada da tavolo: \u00e8 un oggetto magico, che diffone una luce dolce e calda, simile a quella del sole che filtra da una finestra aperta.\",\"breadcrumb\":{\"@id\":\"https:\/\/socialdesignmagazine.com\/mag\/products-selection\/product\/lampada-da-tavolo-atman-trasparente-by-catellani-smith\/#breadcrumb\"},\"inLanguage\":\"it-IT\",\"potentialAction\":[{\"@type\":\"ReadAction\",\"target\":[\"https:\/\/socialdesignmagazine.com\/mag\/products-selection\/product\/lampada-da-tavolo-atman-trasparente-by-catellani-smith\/\"]}]},{\"@type\":\"ImageObject\",\"inLanguage\":\"it-IT\",\"@id\":\"https:\/\/socialdesignmagazine.com\/mag\/products-selection\/product\/lampada-da-tavolo-atman-trasparente-by-catellani-smith\/#primaryimage\",\"url\":\"https:\/\/socialdesignmagazine.com\/mag\/products-selection\/wp-content\/uploads\/sites\/2\/2020\/12\/Lampada-Da-Tavolo-Atman-Trasparente-Catellani-Smith-Catellani-Smith-scaled.jpg\",\"contentUrl\":\"https:\/\/socialdesignmagazine.com\/mag\/products-selection\/wp-content\/uploads\/sites\/2\/2020\/12\/Lampada-Da-Tavolo-Atman-Trasparente-Catellani-Smith-Catellani-Smith-scaled.jpg\",\"width\":2560,\"height\":1703,\"caption\":\"Lampada Da Tavolo Atman Trasparente Catellani & Smith Catellani & Smith\"},{\"@type\":\"BreadcrumbList\",\"@id\":\"https:\/\/socialdesignmagazine.com\/mag\/products-selection\/product\/lampada-da-tavolo-atman-trasparente-by-catellani-smith\/#breadcrumb\",\"itemListElement\":[{\"@type\":\"ListItem\",\"position\":1,\"name\":\"Home\",\"item\":\"https:\/\/socialdesignmagazine.com\/mag\/products-selection\/\"},{\"@type\":\"ListItem\",\"position\":2,\"name\":\"Tutti i prodotti\",\"item\":\"https:\/\/socialdesignmagazine.com\/mag\/products-selection\/tutti-i-prodotti\/\"},{\"@type\":\"ListItem\",\"position\":3,\"name\":\"Lampada Da Tavolo Atman Trasparente by Catellani &#038; Smith\"}]},{\"@type\":\"WebSite\",\"@id\":\"https:\/\/socialdesignmagazine.com\/mag\/products-selection\/#website\",\"url\":\"https:\/\/socialdesignmagazine.com\/mag\/products-selection\/\",\"name\":\"SDM Product Selection\",\"description\":\"Una selezioni di prodotti dei brand pi\u00f9 interessanti per arredare e progettare\",\"publisher\":{\"@id\":\"https:\/\/socialdesignmagazine.com\/mag\/products-selection\/#organization\"},\"potentialAction\":[{\"@type\":\"SearchAction\",\"target\":{\"@type\":\"EntryPoint\",\"urlTemplate\":\"https:\/\/socialdesignmagazine.com\/mag\/products-selection\/?s={search_term_string}\"},\"query-input\":{\"@type\":\"PropertyValueSpecification\",\"valueRequired\":true,\"valueName\":\"search_term_string\"}}],\"inLanguage\":\"it-IT\"},{\"@type\":\"Organization\",\"@id\":\"https:\/\/socialdesignmagazine.com\/mag\/products-selection\/#organization\",\"name\":\"Social Design Magazine\",\"url\":\"https:\/\/socialdesignmagazine.com\/mag\/products-selection\/\",\"logo\":{\"@type\":\"ImageObject\",\"inLanguage\":\"it-IT\",\"@id\":\"https:\/\/socialdesignmagazine.com\/mag\/products-selection\/#\/schema\/logo\/image\/\",\"url\":\"https:\/\/socialdesignmagazine.com\/mag\/products-selection\/wp-content\/uploads\/sites\/2\/2015\/05\/social-design-magazine-logo.png\",\"contentUrl\":\"https:\/\/socialdesignmagazine.com\/mag\/products-selection\/wp-content\/uploads\/sites\/2\/2015\/05\/social-design-magazine-logo.png\",\"width\":251,\"height\":101,\"caption\":\"Social Design Magazine\"},\"image\":{\"@id\":\"https:\/\/socialdesignmagazine.com\/mag\/products-selection\/#\/schema\/logo\/image\/\"},\"sameAs\":[\"https:\/\/www.facebook.com\/socialdesignmag\",\"https:\/\/x.com\/socialdesignmag\",\"http:\/\/instagram.com\/social_design_magazine\/\",\"http:\/\/pinterest.com\/socialdesignmag\/\",\"http:\/\/www.youtube.com\/user\/socialdesignmagazine\"]}]}<\/script>\n<!-- \/ Yoast SEO plugin. -->","yoast_head_json":{"title":"Lampada Da Tavolo Atman Trasparente by Catellani & Smith - SDM Product Selection","description":"Atman non \u00e8 una semplice lampada da tavolo: \u00e8 un oggetto magico, che diffone una luce dolce e calda, simile a quella del sole che filtra da una finestra aperta.","robots":{"index":"index","follow":"follow","max-snippet":"max-snippet:-1","max-image-preview":"max-image-preview:large","max-video-preview":"max-video-preview:-1"},"canonical":"https:\/\/socialdesignmagazine.com\/mag\/products-selection\/product\/lampada-da-tavolo-atman-trasparente-by-catellani-smith\/","og_locale":"it_IT","og_type":"article","og_title":"Lampada Da Tavolo Atman Trasparente by Catellani & Smith - SDM Product Selection","og_description":"Atman non \u00e8 una semplice lampada da tavolo: \u00e8 un oggetto magico, che diffone una luce dolce e calda, simile a quella del sole che filtra da una finestra aperta.","og_url":"https:\/\/socialdesignmagazine.com\/mag\/products-selection\/product\/lampada-da-tavolo-atman-trasparente-by-catellani-smith\/","og_site_name":"SDM Product Selection","article_publisher":"https:\/\/www.facebook.com\/socialdesignmag","article_modified_time":"2021-08-02T19:38:45+00:00","og_image":[{"width":2560,"height":1703,"url":"https:\/\/socialdesignmagazine.com\/mag\/products-selection\/wp-content\/uploads\/sites\/2\/2020\/12\/Lampada-Da-Tavolo-Atman-Trasparente-Catellani-Smith-Catellani-Smith-scaled.jpg","type":"image\/jpeg"}],"twitter_card":"summary_large_image","twitter_site":"@socialdesignmag","twitter_misc":{"Tempo di lettura stimato":"1 minuto"},"schema":{"@context":"https:\/\/schema.org","@graph":[{"@type":"WebPage","@id":"https:\/\/socialdesignmagazine.com\/mag\/products-selection\/product\/lampada-da-tavolo-atman-trasparente-by-catellani-smith\/","url":"https:\/\/socialdesignmagazine.com\/mag\/products-selection\/product\/lampada-da-tavolo-atman-trasparente-by-catellani-smith\/","name":"Lampada Da Tavolo Atman Trasparente by Catellani & Smith - SDM Product Selection","isPartOf":{"@id":"https:\/\/socialdesignmagazine.com\/mag\/products-selection\/#website"},"primaryImageOfPage":{"@id":"https:\/\/socialdesignmagazine.com\/mag\/products-selection\/product\/lampada-da-tavolo-atman-trasparente-by-catellani-smith\/#primaryimage"},"image":{"@id":"https:\/\/socialdesignmagazine.com\/mag\/products-selection\/product\/lampada-da-tavolo-atman-trasparente-by-catellani-smith\/#primaryimage"},"thumbnailUrl":"https:\/\/socialdesignmagazine.com\/mag\/products-selection\/wp-content\/uploads\/sites\/2\/2020\/12\/Lampada-Da-Tavolo-Atman-Trasparente-Catellani-Smith-Catellani-Smith-scaled.jpg","datePublished":"2019-08-24T22:20:07+00:00","dateModified":"2021-08-02T19:38:45+00:00","description":"Atman non \u00e8 una semplice lampada da tavolo: \u00e8 un oggetto magico, che diffone una luce dolce e calda, simile a quella del sole che filtra da una finestra aperta.","breadcrumb":{"@id":"https:\/\/socialdesignmagazine.com\/mag\/products-selection\/product\/lampada-da-tavolo-atman-trasparente-by-catellani-smith\/#breadcrumb"},"inLanguage":"it-IT","potentialAction":[{"@type":"ReadAction","target":["https:\/\/socialdesignmagazine.com\/mag\/products-selection\/product\/lampada-da-tavolo-atman-trasparente-by-catellani-smith\/"]}]},{"@type":"ImageObject","inLanguage":"it-IT","@id":"https:\/\/socialdesignmagazine.com\/mag\/products-selection\/product\/lampada-da-tavolo-atman-trasparente-by-catellani-smith\/#primaryimage","url":"https:\/\/socialdesignmagazine.com\/mag\/products-selection\/wp-content\/uploads\/sites\/2\/2020\/12\/Lampada-Da-Tavolo-Atman-Trasparente-Catellani-Smith-Catellani-Smith-scaled.jpg","contentUrl":"https:\/\/socialdesignmagazine.com\/mag\/products-selection\/wp-content\/uploads\/sites\/2\/2020\/12\/Lampada-Da-Tavolo-Atman-Trasparente-Catellani-Smith-Catellani-Smith-scaled.jpg","width":2560,"height":1703,"caption":"Lampada Da Tavolo Atman Trasparente Catellani & Smith Catellani & Smith"},{"@type":"BreadcrumbList","@id":"https:\/\/socialdesignmagazine.com\/mag\/products-selection\/product\/lampada-da-tavolo-atman-trasparente-by-catellani-smith\/#breadcrumb","itemListElement":[{"@type":"ListItem","position":1,"name":"Home","item":"https:\/\/socialdesignmagazine.com\/mag\/products-selection\/"},{"@type":"ListItem","position":2,"name":"Tutti i prodotti","item":"https:\/\/socialdesignmagazine.com\/mag\/products-selection\/tutti-i-prodotti\/"},{"@type":"ListItem","position":3,"name":"Lampada Da Tavolo Atman Trasparente by Catellani &#038; Smith"}]},{"@type":"WebSite","@id":"https:\/\/socialdesignmagazine.com\/mag\/products-selection\/#website","url":"https:\/\/socialdesignmagazine.com\/mag\/products-selection\/","name":"SDM Product Selection","description":"Una selezioni di prodotti dei brand pi\u00f9 interessanti per arredare e progettare","publisher":{"@id":"https:\/\/socialdesignmagazine.com\/mag\/products-selection\/#organization"},"potentialAction":[{"@type":"SearchAction","target":{"@type":"EntryPoint","urlTemplate":"https:\/\/socialdesignmagazine.com\/mag\/products-selection\/?s={search_term_string}"},"query-input":{"@type":"PropertyValueSpecification","valueRequired":true,"valueName":"search_term_string"}}],"inLanguage":"it-IT"},{"@type":"Organization","@id":"https:\/\/socialdesignmagazine.com\/mag\/products-selection\/#organization","name":"Social Design Magazine","url":"https:\/\/socialdesignmagazine.com\/mag\/products-selection\/","logo":{"@type":"ImageObject","inLanguage":"it-IT","@id":"https:\/\/socialdesignmagazine.com\/mag\/products-selection\/#\/schema\/logo\/image\/","url":"https:\/\/socialdesignmagazine.com\/mag\/products-selection\/wp-content\/uploads\/sites\/2\/2015\/05\/social-design-magazine-logo.png","contentUrl":"https:\/\/socialdesignmagazine.com\/mag\/products-selection\/wp-content\/uploads\/sites\/2\/2015\/05\/social-design-magazine-logo.png","width":251,"height":101,"caption":"Social Design Magazine"},"image":{"@id":"https:\/\/socialdesignmagazine.com\/mag\/products-selection\/#\/schema\/logo\/image\/"},"sameAs":["https:\/\/www.facebook.com\/socialdesignmag","https:\/\/x.com\/socialdesignmag","http:\/\/instagram.com\/social_design_magazine\/","http:\/\/pinterest.com\/socialdesignmag\/","http:\/\/www.youtube.com\/user\/socialdesignmagazine"]}]}},"jetpack_publicize_connections":[],"jetpack_sharing_enabled":true,"brands":[{"id":1511,"name":"Catellani &amp; Smith","slug":"catellani-smith"}],"_links":{"self":[{"href":"https:\/\/socialdesignmagazine.com\/mag\/products-selection\/wp-json\/wp\/v2\/product\/84841","targetHints":{"allow":["GET"]}}],"collection":[{"href":"https:\/\/socialdesignmagazine.com\/mag\/products-selection\/wp-json\/wp\/v2\/product"}],"about":[{"href":"https:\/\/socialdesignmagazine.com\/mag\/products-selection\/wp-json\/wp\/v2\/types\/product"}],"wp:featuredmedia":[{"embeddable":true,"href":"https:\/\/socialdesignmagazine.com\/mag\/products-selection\/wp-json\/wp\/v2\/media\/136794"}],"wp:attachment":[{"href":"https:\/\/socialdesignmagazine.com\/mag\/products-selection\/wp-json\/wp\/v2\/media?parent=84841"}],"wp:term":[{"taxonomy":"pwb-brand","embeddable":true,"href":"https:\/\/socialdesignmagazine.com\/mag\/products-selection\/wp-json\/wp\/v2\/pwb-brand?post=84841"},{"taxonomy":"product_brand","embeddable":true,"href":"https:\/\/socialdesignmagazine.com\/mag\/products-selection\/wp-json\/wp\/v2\/product_brand?post=84841"},{"taxonomy":"product_cat","embeddable":true,"href":"https:\/\/socialdesignmagazine.com\/mag\/products-selection\/wp-json\/wp\/v2\/product_cat?post=84841"},{"taxonomy":"product_tag","embeddable":true,"href":"https:\/\/socialdesignmagazine.com\/mag\/products-selection\/wp-json\/wp\/v2\/product_tag?post=84841"}],"curies":[{"name":"wp","href":"https:\/\/api.w.org\/{rel}","templated":true}]}}