{"id":84861,"date":"2019-08-25T00:20:30","date_gmt":"2019-08-24T22:20:30","guid":{"rendered":"https:\/\/socialdesignmagazine.com\/mag\/products-selection\/?post_type=product&#038;p=84861"},"modified":"2021-08-02T21:38:59","modified_gmt":"2021-08-02T19:38:59","slug":"lampada-da-terra-sorry-giotto-led-h-220-cm-blu-notte-by-catellani-smith","status":"publish","type":"product","link":"https:\/\/socialdesignmagazine.com\/mag\/products-selection\/product\/lampada-da-terra-sorry-giotto-led-h-220-cm-blu-notte-by-catellani-smith\/","title":{"rendered":"Lampada Da Terra Sorry Giotto &#8211; LED &#8211; H 220 cm Blu notte by Catellani &#038; Smith"},"content":{"rendered":"<p>Le lampade LED della collezione Sorry Giotto presentano pi\u00f9 variazioni sul tema del cerchio perfetto del famoso artista. Non passeranno inosservate! Il nome Sorry Giotto si riferisce al pittore italiano Giotto di Bondone. Secondo la leggenda, egli avrebbe disegnato un cerchio perfetto a mani nude, senza l&#8217;aiuto di strumenti. Questo lampadario \u00e8 una vera e propria scultura luminosa (H 220 cm); \u00e8 realizzato in rame e dipinto in colore blu notte. La struttura \u00e8 composta da un&#8217;asta surmontata da tre anelli sovrapposti (\u00d8 60, 50, 40 cm). Le lampadine LED sono situate dietro al cerchio e proiettano sul muro un alone di luce indiretta e esalta la forma del lampadario. La qualit\u00e0 della luce \u00e8 ottima: crea un&#8217;atmosfera zen molto rilassante e invita al riposo, riducendo le tensioni dello sguardo e degli spazi. Questo lampadario ha vinto il Wallpaper Award 2012. Lampadine: 16 x 1W LED (incluse) &#8211; 230 V &#8211; Bianco caldo (2800\u00b0 K) &#8211; Regolatore di intensit\u00e0 &#8211; Luce indiretta<\/p>\n","protected":false},"excerpt":{"rendered":"<p>Le lampade LED della collezione Sorry Giotto presentano pi\u00f9 variazioni sul tema del cerchio perfetto del famoso artista.<\/p>\n","protected":false},"featured_media":136805,"template":"","meta":{"_acf_changed":false,"jetpack_post_was_ever_published":false,"jetpack_publicize_message":"","jetpack_publicize_feature_enabled":true,"jetpack_social_post_already_shared":false,"jetpack_social_options":{"image_generator_settings":{"template":"highway","default_image_id":0,"font":"","enabled":false},"version":2}},"pwb-brand":[1511],"product_brand":[],"product_cat":[1512,607,312,316],"product_tag":[102],"class_list":{"0":"post-84861","1":"product","2":"type-product","3":"status-publish","4":"has-post-thumbnail","6":"pwb-brand-catellani-smith","7":"product_cat-catellani-smith","8":"product_cat-designers","9":"product_cat-illuminazione","10":"product_cat-lampada-da-terra-illuminazione","11":"product_tag-lampada-da-terra","12":"pa_altezza-2200-mm","13":"pa_colore-blu-notte","14":"pa_designer-catellani-smith","15":"pa_materiale-rame","16":"pa_produttore-catellani-smith","17":"pa_tipo-di-prodotto-lampada-da-terra","19":"first","20":"instock","21":"product-type-external"},"acf":[],"yoast_head":"<!-- This site is optimized with the Yoast SEO plugin v27.2 - https:\/\/yoast.com\/product\/yoast-seo-wordpress\/ -->\n<title>Lampada Da Terra Sorry Giotto - LED - H 220 cm Blu notte by Catellani &amp; Smith - SDM Product Selection<\/title>\n<meta name=\"description\" content=\"Le lampade LED della collezione Sorry Giotto presentano pi\u00f9 variazioni sul tema del cerchio perfetto del famoso artista.\" \/>\n<meta name=\"robots\" content=\"index, follow, max-snippet:-1, max-image-preview:large, max-video-preview:-1\" \/>\n<link rel=\"canonical\" href=\"https:\/\/socialdesignmagazine.com\/mag\/products-selection\/product\/lampada-da-terra-sorry-giotto-led-h-220-cm-blu-notte-by-catellani-smith\/\" \/>\n<meta property=\"og:locale\" content=\"it_IT\" \/>\n<meta property=\"og:type\" content=\"article\" \/>\n<meta property=\"og:title\" content=\"Lampada Da Terra Sorry Giotto - LED - H 220 cm Blu notte by Catellani &amp; Smith - SDM Product Selection\" \/>\n<meta property=\"og:description\" content=\"Le lampade LED della collezione Sorry Giotto presentano pi\u00f9 variazioni sul tema del cerchio perfetto del famoso artista.\" \/>\n<meta property=\"og:url\" content=\"https:\/\/socialdesignmagazine.com\/mag\/products-selection\/product\/lampada-da-terra-sorry-giotto-led-h-220-cm-blu-notte-by-catellani-smith\/\" \/>\n<meta property=\"og:site_name\" content=\"SDM Product Selection\" \/>\n<meta property=\"article:publisher\" content=\"https:\/\/www.facebook.com\/socialdesignmag\" \/>\n<meta property=\"article:modified_time\" content=\"2021-08-02T19:38:59+00:00\" \/>\n<meta property=\"og:image\" content=\"https:\/\/socialdesignmagazine.com\/mag\/products-selection\/wp-content\/uploads\/sites\/2\/2020\/12\/Lampada-Da-Terra-Sorry-Giotto-LED-H-220-cm-Blu-notte-Catellani-Smith-Catellani-Smith.jpg\" \/>\n\t<meta property=\"og:image:width\" content=\"709\" \/>\n\t<meta property=\"og:image:height\" content=\"1198\" \/>\n\t<meta property=\"og:image:type\" content=\"image\/jpeg\" \/>\n<meta name=\"twitter:card\" content=\"summary_large_image\" \/>\n<meta name=\"twitter:site\" content=\"@socialdesignmag\" \/>\n<meta name=\"twitter:label1\" content=\"Tempo di lettura stimato\" \/>\n\t<meta name=\"twitter:data1\" content=\"1 minuto\" \/>\n<script type=\"application\/ld+json\" class=\"yoast-schema-graph\">{\"@context\":\"https:\/\/schema.org\",\"@graph\":[{\"@type\":\"WebPage\",\"@id\":\"https:\/\/socialdesignmagazine.com\/mag\/products-selection\/product\/lampada-da-terra-sorry-giotto-led-h-220-cm-blu-notte-by-catellani-smith\/\",\"url\":\"https:\/\/socialdesignmagazine.com\/mag\/products-selection\/product\/lampada-da-terra-sorry-giotto-led-h-220-cm-blu-notte-by-catellani-smith\/\",\"name\":\"Lampada Da Terra Sorry Giotto - LED - H 220 cm Blu notte by Catellani & Smith - SDM Product Selection\",\"isPartOf\":{\"@id\":\"https:\/\/socialdesignmagazine.com\/mag\/products-selection\/#website\"},\"primaryImageOfPage\":{\"@id\":\"https:\/\/socialdesignmagazine.com\/mag\/products-selection\/product\/lampada-da-terra-sorry-giotto-led-h-220-cm-blu-notte-by-catellani-smith\/#primaryimage\"},\"image\":{\"@id\":\"https:\/\/socialdesignmagazine.com\/mag\/products-selection\/product\/lampada-da-terra-sorry-giotto-led-h-220-cm-blu-notte-by-catellani-smith\/#primaryimage\"},\"thumbnailUrl\":\"https:\/\/socialdesignmagazine.com\/mag\/products-selection\/wp-content\/uploads\/sites\/2\/2020\/12\/Lampada-Da-Terra-Sorry-Giotto-LED-H-220-cm-Blu-notte-Catellani-Smith-Catellani-Smith.jpg\",\"datePublished\":\"2019-08-24T22:20:30+00:00\",\"dateModified\":\"2021-08-02T19:38:59+00:00\",\"description\":\"Le lampade LED della collezione Sorry Giotto presentano pi\u00f9 variazioni sul tema del cerchio perfetto del famoso artista.\",\"breadcrumb\":{\"@id\":\"https:\/\/socialdesignmagazine.com\/mag\/products-selection\/product\/lampada-da-terra-sorry-giotto-led-h-220-cm-blu-notte-by-catellani-smith\/#breadcrumb\"},\"inLanguage\":\"it-IT\",\"potentialAction\":[{\"@type\":\"ReadAction\",\"target\":[\"https:\/\/socialdesignmagazine.com\/mag\/products-selection\/product\/lampada-da-terra-sorry-giotto-led-h-220-cm-blu-notte-by-catellani-smith\/\"]}]},{\"@type\":\"ImageObject\",\"inLanguage\":\"it-IT\",\"@id\":\"https:\/\/socialdesignmagazine.com\/mag\/products-selection\/product\/lampada-da-terra-sorry-giotto-led-h-220-cm-blu-notte-by-catellani-smith\/#primaryimage\",\"url\":\"https:\/\/socialdesignmagazine.com\/mag\/products-selection\/wp-content\/uploads\/sites\/2\/2020\/12\/Lampada-Da-Terra-Sorry-Giotto-LED-H-220-cm-Blu-notte-Catellani-Smith-Catellani-Smith.jpg\",\"contentUrl\":\"https:\/\/socialdesignmagazine.com\/mag\/products-selection\/wp-content\/uploads\/sites\/2\/2020\/12\/Lampada-Da-Terra-Sorry-Giotto-LED-H-220-cm-Blu-notte-Catellani-Smith-Catellani-Smith.jpg\",\"width\":709,\"height\":1198,\"caption\":\"Lampada Da Terra Sorry Giotto - LED - H 220 cm Blu notte Catellani & Smith Catellani & Smith\"},{\"@type\":\"BreadcrumbList\",\"@id\":\"https:\/\/socialdesignmagazine.com\/mag\/products-selection\/product\/lampada-da-terra-sorry-giotto-led-h-220-cm-blu-notte-by-catellani-smith\/#breadcrumb\",\"itemListElement\":[{\"@type\":\"ListItem\",\"position\":1,\"name\":\"Home\",\"item\":\"https:\/\/socialdesignmagazine.com\/mag\/products-selection\/\"},{\"@type\":\"ListItem\",\"position\":2,\"name\":\"Tutti i prodotti\",\"item\":\"https:\/\/socialdesignmagazine.com\/mag\/products-selection\/tutti-i-prodotti\/\"},{\"@type\":\"ListItem\",\"position\":3,\"name\":\"Lampada Da Terra Sorry Giotto &#8211; LED &#8211; H 220 cm Blu notte by Catellani &#038; Smith\"}]},{\"@type\":\"WebSite\",\"@id\":\"https:\/\/socialdesignmagazine.com\/mag\/products-selection\/#website\",\"url\":\"https:\/\/socialdesignmagazine.com\/mag\/products-selection\/\",\"name\":\"SDM Product Selection\",\"description\":\"Una selezioni di prodotti dei brand pi\u00f9 interessanti per arredare e progettare\",\"publisher\":{\"@id\":\"https:\/\/socialdesignmagazine.com\/mag\/products-selection\/#organization\"},\"potentialAction\":[{\"@type\":\"SearchAction\",\"target\":{\"@type\":\"EntryPoint\",\"urlTemplate\":\"https:\/\/socialdesignmagazine.com\/mag\/products-selection\/?s={search_term_string}\"},\"query-input\":{\"@type\":\"PropertyValueSpecification\",\"valueRequired\":true,\"valueName\":\"search_term_string\"}}],\"inLanguage\":\"it-IT\"},{\"@type\":\"Organization\",\"@id\":\"https:\/\/socialdesignmagazine.com\/mag\/products-selection\/#organization\",\"name\":\"Social Design Magazine\",\"url\":\"https:\/\/socialdesignmagazine.com\/mag\/products-selection\/\",\"logo\":{\"@type\":\"ImageObject\",\"inLanguage\":\"it-IT\",\"@id\":\"https:\/\/socialdesignmagazine.com\/mag\/products-selection\/#\/schema\/logo\/image\/\",\"url\":\"https:\/\/socialdesignmagazine.com\/mag\/products-selection\/wp-content\/uploads\/sites\/2\/2015\/05\/social-design-magazine-logo.png\",\"contentUrl\":\"https:\/\/socialdesignmagazine.com\/mag\/products-selection\/wp-content\/uploads\/sites\/2\/2015\/05\/social-design-magazine-logo.png\",\"width\":251,\"height\":101,\"caption\":\"Social Design Magazine\"},\"image\":{\"@id\":\"https:\/\/socialdesignmagazine.com\/mag\/products-selection\/#\/schema\/logo\/image\/\"},\"sameAs\":[\"https:\/\/www.facebook.com\/socialdesignmag\",\"https:\/\/x.com\/socialdesignmag\",\"http:\/\/instagram.com\/social_design_magazine\/\",\"http:\/\/pinterest.com\/socialdesignmag\/\",\"http:\/\/www.youtube.com\/user\/socialdesignmagazine\"]}]}<\/script>\n<!-- \/ Yoast SEO plugin. -->","yoast_head_json":{"title":"Lampada Da Terra Sorry Giotto - LED - H 220 cm Blu notte by Catellani & Smith - SDM Product Selection","description":"Le lampade LED della collezione Sorry Giotto presentano pi\u00f9 variazioni sul tema del cerchio perfetto del famoso artista.","robots":{"index":"index","follow":"follow","max-snippet":"max-snippet:-1","max-image-preview":"max-image-preview:large","max-video-preview":"max-video-preview:-1"},"canonical":"https:\/\/socialdesignmagazine.com\/mag\/products-selection\/product\/lampada-da-terra-sorry-giotto-led-h-220-cm-blu-notte-by-catellani-smith\/","og_locale":"it_IT","og_type":"article","og_title":"Lampada Da Terra Sorry Giotto - LED - H 220 cm Blu notte by Catellani & Smith - SDM Product Selection","og_description":"Le lampade LED della collezione Sorry Giotto presentano pi\u00f9 variazioni sul tema del cerchio perfetto del famoso artista.","og_url":"https:\/\/socialdesignmagazine.com\/mag\/products-selection\/product\/lampada-da-terra-sorry-giotto-led-h-220-cm-blu-notte-by-catellani-smith\/","og_site_name":"SDM Product Selection","article_publisher":"https:\/\/www.facebook.com\/socialdesignmag","article_modified_time":"2021-08-02T19:38:59+00:00","og_image":[{"width":709,"height":1198,"url":"https:\/\/socialdesignmagazine.com\/mag\/products-selection\/wp-content\/uploads\/sites\/2\/2020\/12\/Lampada-Da-Terra-Sorry-Giotto-LED-H-220-cm-Blu-notte-Catellani-Smith-Catellani-Smith.jpg","type":"image\/jpeg"}],"twitter_card":"summary_large_image","twitter_site":"@socialdesignmag","twitter_misc":{"Tempo di lettura stimato":"1 minuto"},"schema":{"@context":"https:\/\/schema.org","@graph":[{"@type":"WebPage","@id":"https:\/\/socialdesignmagazine.com\/mag\/products-selection\/product\/lampada-da-terra-sorry-giotto-led-h-220-cm-blu-notte-by-catellani-smith\/","url":"https:\/\/socialdesignmagazine.com\/mag\/products-selection\/product\/lampada-da-terra-sorry-giotto-led-h-220-cm-blu-notte-by-catellani-smith\/","name":"Lampada Da Terra Sorry Giotto - LED - H 220 cm Blu notte by Catellani & Smith - SDM Product Selection","isPartOf":{"@id":"https:\/\/socialdesignmagazine.com\/mag\/products-selection\/#website"},"primaryImageOfPage":{"@id":"https:\/\/socialdesignmagazine.com\/mag\/products-selection\/product\/lampada-da-terra-sorry-giotto-led-h-220-cm-blu-notte-by-catellani-smith\/#primaryimage"},"image":{"@id":"https:\/\/socialdesignmagazine.com\/mag\/products-selection\/product\/lampada-da-terra-sorry-giotto-led-h-220-cm-blu-notte-by-catellani-smith\/#primaryimage"},"thumbnailUrl":"https:\/\/socialdesignmagazine.com\/mag\/products-selection\/wp-content\/uploads\/sites\/2\/2020\/12\/Lampada-Da-Terra-Sorry-Giotto-LED-H-220-cm-Blu-notte-Catellani-Smith-Catellani-Smith.jpg","datePublished":"2019-08-24T22:20:30+00:00","dateModified":"2021-08-02T19:38:59+00:00","description":"Le lampade LED della collezione Sorry Giotto presentano pi\u00f9 variazioni sul tema del cerchio perfetto del famoso artista.","breadcrumb":{"@id":"https:\/\/socialdesignmagazine.com\/mag\/products-selection\/product\/lampada-da-terra-sorry-giotto-led-h-220-cm-blu-notte-by-catellani-smith\/#breadcrumb"},"inLanguage":"it-IT","potentialAction":[{"@type":"ReadAction","target":["https:\/\/socialdesignmagazine.com\/mag\/products-selection\/product\/lampada-da-terra-sorry-giotto-led-h-220-cm-blu-notte-by-catellani-smith\/"]}]},{"@type":"ImageObject","inLanguage":"it-IT","@id":"https:\/\/socialdesignmagazine.com\/mag\/products-selection\/product\/lampada-da-terra-sorry-giotto-led-h-220-cm-blu-notte-by-catellani-smith\/#primaryimage","url":"https:\/\/socialdesignmagazine.com\/mag\/products-selection\/wp-content\/uploads\/sites\/2\/2020\/12\/Lampada-Da-Terra-Sorry-Giotto-LED-H-220-cm-Blu-notte-Catellani-Smith-Catellani-Smith.jpg","contentUrl":"https:\/\/socialdesignmagazine.com\/mag\/products-selection\/wp-content\/uploads\/sites\/2\/2020\/12\/Lampada-Da-Terra-Sorry-Giotto-LED-H-220-cm-Blu-notte-Catellani-Smith-Catellani-Smith.jpg","width":709,"height":1198,"caption":"Lampada Da Terra Sorry Giotto - LED - H 220 cm Blu notte Catellani & Smith Catellani & Smith"},{"@type":"BreadcrumbList","@id":"https:\/\/socialdesignmagazine.com\/mag\/products-selection\/product\/lampada-da-terra-sorry-giotto-led-h-220-cm-blu-notte-by-catellani-smith\/#breadcrumb","itemListElement":[{"@type":"ListItem","position":1,"name":"Home","item":"https:\/\/socialdesignmagazine.com\/mag\/products-selection\/"},{"@type":"ListItem","position":2,"name":"Tutti i prodotti","item":"https:\/\/socialdesignmagazine.com\/mag\/products-selection\/tutti-i-prodotti\/"},{"@type":"ListItem","position":3,"name":"Lampada Da Terra Sorry Giotto &#8211; LED &#8211; H 220 cm Blu notte by Catellani &#038; Smith"}]},{"@type":"WebSite","@id":"https:\/\/socialdesignmagazine.com\/mag\/products-selection\/#website","url":"https:\/\/socialdesignmagazine.com\/mag\/products-selection\/","name":"SDM Product Selection","description":"Una selezioni di prodotti dei brand pi\u00f9 interessanti per arredare e progettare","publisher":{"@id":"https:\/\/socialdesignmagazine.com\/mag\/products-selection\/#organization"},"potentialAction":[{"@type":"SearchAction","target":{"@type":"EntryPoint","urlTemplate":"https:\/\/socialdesignmagazine.com\/mag\/products-selection\/?s={search_term_string}"},"query-input":{"@type":"PropertyValueSpecification","valueRequired":true,"valueName":"search_term_string"}}],"inLanguage":"it-IT"},{"@type":"Organization","@id":"https:\/\/socialdesignmagazine.com\/mag\/products-selection\/#organization","name":"Social Design Magazine","url":"https:\/\/socialdesignmagazine.com\/mag\/products-selection\/","logo":{"@type":"ImageObject","inLanguage":"it-IT","@id":"https:\/\/socialdesignmagazine.com\/mag\/products-selection\/#\/schema\/logo\/image\/","url":"https:\/\/socialdesignmagazine.com\/mag\/products-selection\/wp-content\/uploads\/sites\/2\/2015\/05\/social-design-magazine-logo.png","contentUrl":"https:\/\/socialdesignmagazine.com\/mag\/products-selection\/wp-content\/uploads\/sites\/2\/2015\/05\/social-design-magazine-logo.png","width":251,"height":101,"caption":"Social Design Magazine"},"image":{"@id":"https:\/\/socialdesignmagazine.com\/mag\/products-selection\/#\/schema\/logo\/image\/"},"sameAs":["https:\/\/www.facebook.com\/socialdesignmag","https:\/\/x.com\/socialdesignmag","http:\/\/instagram.com\/social_design_magazine\/","http:\/\/pinterest.com\/socialdesignmag\/","http:\/\/www.youtube.com\/user\/socialdesignmagazine"]}]}},"jetpack_publicize_connections":[],"jetpack_sharing_enabled":true,"brands":[{"id":1511,"name":"Catellani &amp; Smith","slug":"catellani-smith"}],"_links":{"self":[{"href":"https:\/\/socialdesignmagazine.com\/mag\/products-selection\/wp-json\/wp\/v2\/product\/84861","targetHints":{"allow":["GET"]}}],"collection":[{"href":"https:\/\/socialdesignmagazine.com\/mag\/products-selection\/wp-json\/wp\/v2\/product"}],"about":[{"href":"https:\/\/socialdesignmagazine.com\/mag\/products-selection\/wp-json\/wp\/v2\/types\/product"}],"wp:featuredmedia":[{"embeddable":true,"href":"https:\/\/socialdesignmagazine.com\/mag\/products-selection\/wp-json\/wp\/v2\/media\/136805"}],"wp:attachment":[{"href":"https:\/\/socialdesignmagazine.com\/mag\/products-selection\/wp-json\/wp\/v2\/media?parent=84861"}],"wp:term":[{"taxonomy":"pwb-brand","embeddable":true,"href":"https:\/\/socialdesignmagazine.com\/mag\/products-selection\/wp-json\/wp\/v2\/pwb-brand?post=84861"},{"taxonomy":"product_brand","embeddable":true,"href":"https:\/\/socialdesignmagazine.com\/mag\/products-selection\/wp-json\/wp\/v2\/product_brand?post=84861"},{"taxonomy":"product_cat","embeddable":true,"href":"https:\/\/socialdesignmagazine.com\/mag\/products-selection\/wp-json\/wp\/v2\/product_cat?post=84861"},{"taxonomy":"product_tag","embeddable":true,"href":"https:\/\/socialdesignmagazine.com\/mag\/products-selection\/wp-json\/wp\/v2\/product_tag?post=84861"}],"curies":[{"name":"wp","href":"https:\/\/api.w.org\/{rel}","templated":true}]}}