{"id":84879,"date":"2019-08-25T00:20:44","date_gmt":"2019-08-24T22:20:44","guid":{"rendered":"https:\/\/socialdesignmagazine.com\/mag\/products-selection\/?post_type=product&#038;p=84879"},"modified":"2021-08-02T21:39:04","modified_gmt":"2021-08-02T19:39:04","slug":"lampada-da-parete-lederam-wf-led-1-disco-fisso-o-17-cm-nero-by-catellani-smith","status":"publish","type":"product","link":"https:\/\/socialdesignmagazine.com\/mag\/products-selection\/product\/lampada-da-parete-lederam-wf-led-1-disco-fisso-o-17-cm-nero-by-catellani-smith\/","title":{"rendered":"Lampada Da Parete Lederam WF \/ LED &#8211; 1 disco fisso \u00d8 17 cm Nero by Catellani &#038; Smith"},"content":{"rendered":"<p>Lederam \u00e8 un&#8217;applique minimal e poetica. Questo disco luminoso in metallo nero sembra essere in levitazione sulla parete. L&#8217;effetto luminoso si ispira ad un&#8217;eclissi lunare. La sorgente LED posta dietro al disco nero offre un&#8217;illuminazione indiretta che crea uno splendido alone di luce a parete. La forma circolare del paralume nero emerge perfettamente netta in controluce. Quest&#8217;applique integra l&#8217;ultima generazione di LED. Una tecnologia che non necessita di trasformatore e che \u00e8 adatta ai variatori. La produzione Castellani &#038; Smith \u00e8 per la maggior parte artigianale. Queste lampade sono prodotte a mano da diversi artigiani. Ogni lampada \u00e8 sottoposta ad un controllo che ne garantisce la qualit\u00e0. Le piccole imperfezioni non sono un difetto ma una caratteristica del lavoro manuale. Prodotto artigianalmente in Italia &#8211; 1 disco-diffusore fisso &#8211; Modulo LED incluso (sostituibile): 1 x 17W, 1590 lumen, 2700K, bianco caldo, CRI80, durata di vita 30.000 ore &#8211; Classe energetica A &#8211; Compatibile variatore<\/p>\n","protected":false},"excerpt":{"rendered":"<p>Questo disco luminoso in metallo nero sembra essere in levitazione sulla parete.<\/p>\n","protected":false},"featured_media":136816,"template":"","meta":{"_acf_changed":false,"jetpack_post_was_ever_published":false,"jetpack_publicize_message":"","jetpack_publicize_feature_enabled":true,"jetpack_social_post_already_shared":false,"jetpack_social_options":{"image_generator_settings":{"template":"highway","default_image_id":0,"font":"","enabled":false},"version":2}},"pwb-brand":[1511],"product_brand":[],"product_cat":[607,1527,312,317],"product_tag":[100],"class_list":{"0":"post-84879","1":"product","2":"type-product","3":"status-publish","4":"has-post-thumbnail","6":"pwb-brand-catellani-smith","7":"product_cat-designers","8":"product_cat-enzo-catellani","9":"product_cat-illuminazione","10":"product_cat-lampada-da-parete-illuminazione","11":"product_tag-lampada-da-parete","12":"pa_colore-nero","13":"pa_designer-enzo-catellani","14":"pa_larghezza-170-mm","15":"pa_materiale-alluminio-verniciato","16":"pa_produttore-catellani-smith","17":"pa_serie-lederam","18":"pa_tipo-di-prodotto-lampada-da-parete","20":"first","21":"instock","22":"product-type-external"},"acf":[],"yoast_head":"<!-- This site is optimized with the Yoast SEO plugin v27.2 - https:\/\/yoast.com\/product\/yoast-seo-wordpress\/ -->\n<title>Lampada Da Parete Lederam WF \/ LED - 1 disco fisso \u00d8 17 cm Nero by Catellani &amp; Smith - SDM Product Selection<\/title>\n<meta name=\"description\" content=\"Questo disco luminoso in metallo nero sembra essere in levitazione sulla parete.\" \/>\n<meta name=\"robots\" content=\"index, follow, max-snippet:-1, max-image-preview:large, max-video-preview:-1\" \/>\n<link rel=\"canonical\" href=\"https:\/\/socialdesignmagazine.com\/mag\/products-selection\/product\/lampada-da-parete-lederam-wf-led-1-disco-fisso-o-17-cm-nero-by-catellani-smith\/\" \/>\n<meta property=\"og:locale\" content=\"it_IT\" \/>\n<meta property=\"og:type\" content=\"article\" \/>\n<meta property=\"og:title\" content=\"Lampada Da Parete Lederam WF \/ LED - 1 disco fisso \u00d8 17 cm Nero by Catellani &amp; Smith - SDM Product Selection\" \/>\n<meta property=\"og:description\" content=\"Questo disco luminoso in metallo nero sembra essere in levitazione sulla parete.\" \/>\n<meta property=\"og:url\" content=\"https:\/\/socialdesignmagazine.com\/mag\/products-selection\/product\/lampada-da-parete-lederam-wf-led-1-disco-fisso-o-17-cm-nero-by-catellani-smith\/\" \/>\n<meta property=\"og:site_name\" content=\"SDM Product Selection\" \/>\n<meta property=\"article:publisher\" content=\"https:\/\/www.facebook.com\/socialdesignmag\" \/>\n<meta property=\"article:modified_time\" content=\"2021-08-02T19:39:04+00:00\" \/>\n<meta property=\"og:image\" content=\"https:\/\/socialdesignmagazine.com\/mag\/products-selection\/wp-content\/uploads\/sites\/2\/2020\/12\/Lampada-Da-Parete-Lederam-WF-LED-1-disco-fisso-\u00d8-17-cm-Nero-Catellani-Smith-Enzo-Catellani.jpg\" \/>\n\t<meta property=\"og:image:width\" content=\"1712\" \/>\n\t<meta property=\"og:image:height\" content=\"1432\" \/>\n\t<meta property=\"og:image:type\" content=\"image\/jpeg\" \/>\n<meta name=\"twitter:card\" content=\"summary_large_image\" \/>\n<meta name=\"twitter:site\" content=\"@socialdesignmag\" \/>\n<meta name=\"twitter:label1\" content=\"Tempo di lettura stimato\" \/>\n\t<meta name=\"twitter:data1\" content=\"1 minuto\" \/>\n<script type=\"application\/ld+json\" class=\"yoast-schema-graph\">{\"@context\":\"https:\/\/schema.org\",\"@graph\":[{\"@type\":\"WebPage\",\"@id\":\"https:\/\/socialdesignmagazine.com\/mag\/products-selection\/product\/lampada-da-parete-lederam-wf-led-1-disco-fisso-o-17-cm-nero-by-catellani-smith\/\",\"url\":\"https:\/\/socialdesignmagazine.com\/mag\/products-selection\/product\/lampada-da-parete-lederam-wf-led-1-disco-fisso-o-17-cm-nero-by-catellani-smith\/\",\"name\":\"Lampada Da Parete Lederam WF \/ LED - 1 disco fisso \u00d8 17 cm Nero by Catellani & Smith - SDM Product Selection\",\"isPartOf\":{\"@id\":\"https:\/\/socialdesignmagazine.com\/mag\/products-selection\/#website\"},\"primaryImageOfPage\":{\"@id\":\"https:\/\/socialdesignmagazine.com\/mag\/products-selection\/product\/lampada-da-parete-lederam-wf-led-1-disco-fisso-o-17-cm-nero-by-catellani-smith\/#primaryimage\"},\"image\":{\"@id\":\"https:\/\/socialdesignmagazine.com\/mag\/products-selection\/product\/lampada-da-parete-lederam-wf-led-1-disco-fisso-o-17-cm-nero-by-catellani-smith\/#primaryimage\"},\"thumbnailUrl\":\"https:\/\/socialdesignmagazine.com\/mag\/products-selection\/wp-content\/uploads\/sites\/2\/2020\/12\/Lampada-Da-Parete-Lederam-WF-LED-1-disco-fisso-\u00d8-17-cm-Nero-Catellani-Smith-Enzo-Catellani.jpg\",\"datePublished\":\"2019-08-24T22:20:44+00:00\",\"dateModified\":\"2021-08-02T19:39:04+00:00\",\"description\":\"Questo disco luminoso in metallo nero sembra essere in levitazione sulla parete.\",\"breadcrumb\":{\"@id\":\"https:\/\/socialdesignmagazine.com\/mag\/products-selection\/product\/lampada-da-parete-lederam-wf-led-1-disco-fisso-o-17-cm-nero-by-catellani-smith\/#breadcrumb\"},\"inLanguage\":\"it-IT\",\"potentialAction\":[{\"@type\":\"ReadAction\",\"target\":[\"https:\/\/socialdesignmagazine.com\/mag\/products-selection\/product\/lampada-da-parete-lederam-wf-led-1-disco-fisso-o-17-cm-nero-by-catellani-smith\/\"]}]},{\"@type\":\"ImageObject\",\"inLanguage\":\"it-IT\",\"@id\":\"https:\/\/socialdesignmagazine.com\/mag\/products-selection\/product\/lampada-da-parete-lederam-wf-led-1-disco-fisso-o-17-cm-nero-by-catellani-smith\/#primaryimage\",\"url\":\"https:\/\/socialdesignmagazine.com\/mag\/products-selection\/wp-content\/uploads\/sites\/2\/2020\/12\/Lampada-Da-Parete-Lederam-WF-LED-1-disco-fisso-\u00d8-17-cm-Nero-Catellani-Smith-Enzo-Catellani.jpg\",\"contentUrl\":\"https:\/\/socialdesignmagazine.com\/mag\/products-selection\/wp-content\/uploads\/sites\/2\/2020\/12\/Lampada-Da-Parete-Lederam-WF-LED-1-disco-fisso-\u00d8-17-cm-Nero-Catellani-Smith-Enzo-Catellani.jpg\",\"width\":1712,\"height\":1432,\"caption\":\"Lampada Da Parete Lederam WF \/ LED - 1 disco fisso \u00d8 17 cm Nero Catellani & Smith Enzo Catellani\"},{\"@type\":\"BreadcrumbList\",\"@id\":\"https:\/\/socialdesignmagazine.com\/mag\/products-selection\/product\/lampada-da-parete-lederam-wf-led-1-disco-fisso-o-17-cm-nero-by-catellani-smith\/#breadcrumb\",\"itemListElement\":[{\"@type\":\"ListItem\",\"position\":1,\"name\":\"Home\",\"item\":\"https:\/\/socialdesignmagazine.com\/mag\/products-selection\/\"},{\"@type\":\"ListItem\",\"position\":2,\"name\":\"Tutti i prodotti\",\"item\":\"https:\/\/socialdesignmagazine.com\/mag\/products-selection\/tutti-i-prodotti\/\"},{\"@type\":\"ListItem\",\"position\":3,\"name\":\"Lampada Da Parete Lederam WF \/ LED &#8211; 1 disco fisso \u00d8 17 cm Nero by Catellani &#038; Smith\"}]},{\"@type\":\"WebSite\",\"@id\":\"https:\/\/socialdesignmagazine.com\/mag\/products-selection\/#website\",\"url\":\"https:\/\/socialdesignmagazine.com\/mag\/products-selection\/\",\"name\":\"SDM Product Selection\",\"description\":\"Una selezioni di prodotti dei brand pi\u00f9 interessanti per arredare e progettare\",\"publisher\":{\"@id\":\"https:\/\/socialdesignmagazine.com\/mag\/products-selection\/#organization\"},\"potentialAction\":[{\"@type\":\"SearchAction\",\"target\":{\"@type\":\"EntryPoint\",\"urlTemplate\":\"https:\/\/socialdesignmagazine.com\/mag\/products-selection\/?s={search_term_string}\"},\"query-input\":{\"@type\":\"PropertyValueSpecification\",\"valueRequired\":true,\"valueName\":\"search_term_string\"}}],\"inLanguage\":\"it-IT\"},{\"@type\":\"Organization\",\"@id\":\"https:\/\/socialdesignmagazine.com\/mag\/products-selection\/#organization\",\"name\":\"Social Design Magazine\",\"url\":\"https:\/\/socialdesignmagazine.com\/mag\/products-selection\/\",\"logo\":{\"@type\":\"ImageObject\",\"inLanguage\":\"it-IT\",\"@id\":\"https:\/\/socialdesignmagazine.com\/mag\/products-selection\/#\/schema\/logo\/image\/\",\"url\":\"https:\/\/socialdesignmagazine.com\/mag\/products-selection\/wp-content\/uploads\/sites\/2\/2015\/05\/social-design-magazine-logo.png\",\"contentUrl\":\"https:\/\/socialdesignmagazine.com\/mag\/products-selection\/wp-content\/uploads\/sites\/2\/2015\/05\/social-design-magazine-logo.png\",\"width\":251,\"height\":101,\"caption\":\"Social Design Magazine\"},\"image\":{\"@id\":\"https:\/\/socialdesignmagazine.com\/mag\/products-selection\/#\/schema\/logo\/image\/\"},\"sameAs\":[\"https:\/\/www.facebook.com\/socialdesignmag\",\"https:\/\/x.com\/socialdesignmag\",\"http:\/\/instagram.com\/social_design_magazine\/\",\"http:\/\/pinterest.com\/socialdesignmag\/\",\"http:\/\/www.youtube.com\/user\/socialdesignmagazine\"]}]}<\/script>\n<!-- \/ Yoast SEO plugin. -->","yoast_head_json":{"title":"Lampada Da Parete Lederam WF \/ LED - 1 disco fisso \u00d8 17 cm Nero by Catellani & Smith - SDM Product Selection","description":"Questo disco luminoso in metallo nero sembra essere in levitazione sulla parete.","robots":{"index":"index","follow":"follow","max-snippet":"max-snippet:-1","max-image-preview":"max-image-preview:large","max-video-preview":"max-video-preview:-1"},"canonical":"https:\/\/socialdesignmagazine.com\/mag\/products-selection\/product\/lampada-da-parete-lederam-wf-led-1-disco-fisso-o-17-cm-nero-by-catellani-smith\/","og_locale":"it_IT","og_type":"article","og_title":"Lampada Da Parete Lederam WF \/ LED - 1 disco fisso \u00d8 17 cm Nero by Catellani & Smith - SDM Product Selection","og_description":"Questo disco luminoso in metallo nero sembra essere in levitazione sulla parete.","og_url":"https:\/\/socialdesignmagazine.com\/mag\/products-selection\/product\/lampada-da-parete-lederam-wf-led-1-disco-fisso-o-17-cm-nero-by-catellani-smith\/","og_site_name":"SDM Product Selection","article_publisher":"https:\/\/www.facebook.com\/socialdesignmag","article_modified_time":"2021-08-02T19:39:04+00:00","og_image":[{"width":1712,"height":1432,"url":"https:\/\/socialdesignmagazine.com\/mag\/products-selection\/wp-content\/uploads\/sites\/2\/2020\/12\/Lampada-Da-Parete-Lederam-WF-LED-1-disco-fisso-\u00d8-17-cm-Nero-Catellani-Smith-Enzo-Catellani.jpg","type":"image\/jpeg"}],"twitter_card":"summary_large_image","twitter_site":"@socialdesignmag","twitter_misc":{"Tempo di lettura stimato":"1 minuto"},"schema":{"@context":"https:\/\/schema.org","@graph":[{"@type":"WebPage","@id":"https:\/\/socialdesignmagazine.com\/mag\/products-selection\/product\/lampada-da-parete-lederam-wf-led-1-disco-fisso-o-17-cm-nero-by-catellani-smith\/","url":"https:\/\/socialdesignmagazine.com\/mag\/products-selection\/product\/lampada-da-parete-lederam-wf-led-1-disco-fisso-o-17-cm-nero-by-catellani-smith\/","name":"Lampada Da Parete Lederam WF \/ LED - 1 disco fisso \u00d8 17 cm Nero by Catellani & Smith - SDM Product Selection","isPartOf":{"@id":"https:\/\/socialdesignmagazine.com\/mag\/products-selection\/#website"},"primaryImageOfPage":{"@id":"https:\/\/socialdesignmagazine.com\/mag\/products-selection\/product\/lampada-da-parete-lederam-wf-led-1-disco-fisso-o-17-cm-nero-by-catellani-smith\/#primaryimage"},"image":{"@id":"https:\/\/socialdesignmagazine.com\/mag\/products-selection\/product\/lampada-da-parete-lederam-wf-led-1-disco-fisso-o-17-cm-nero-by-catellani-smith\/#primaryimage"},"thumbnailUrl":"https:\/\/socialdesignmagazine.com\/mag\/products-selection\/wp-content\/uploads\/sites\/2\/2020\/12\/Lampada-Da-Parete-Lederam-WF-LED-1-disco-fisso-\u00d8-17-cm-Nero-Catellani-Smith-Enzo-Catellani.jpg","datePublished":"2019-08-24T22:20:44+00:00","dateModified":"2021-08-02T19:39:04+00:00","description":"Questo disco luminoso in metallo nero sembra essere in levitazione sulla parete.","breadcrumb":{"@id":"https:\/\/socialdesignmagazine.com\/mag\/products-selection\/product\/lampada-da-parete-lederam-wf-led-1-disco-fisso-o-17-cm-nero-by-catellani-smith\/#breadcrumb"},"inLanguage":"it-IT","potentialAction":[{"@type":"ReadAction","target":["https:\/\/socialdesignmagazine.com\/mag\/products-selection\/product\/lampada-da-parete-lederam-wf-led-1-disco-fisso-o-17-cm-nero-by-catellani-smith\/"]}]},{"@type":"ImageObject","inLanguage":"it-IT","@id":"https:\/\/socialdesignmagazine.com\/mag\/products-selection\/product\/lampada-da-parete-lederam-wf-led-1-disco-fisso-o-17-cm-nero-by-catellani-smith\/#primaryimage","url":"https:\/\/socialdesignmagazine.com\/mag\/products-selection\/wp-content\/uploads\/sites\/2\/2020\/12\/Lampada-Da-Parete-Lederam-WF-LED-1-disco-fisso-\u00d8-17-cm-Nero-Catellani-Smith-Enzo-Catellani.jpg","contentUrl":"https:\/\/socialdesignmagazine.com\/mag\/products-selection\/wp-content\/uploads\/sites\/2\/2020\/12\/Lampada-Da-Parete-Lederam-WF-LED-1-disco-fisso-\u00d8-17-cm-Nero-Catellani-Smith-Enzo-Catellani.jpg","width":1712,"height":1432,"caption":"Lampada Da Parete Lederam WF \/ LED - 1 disco fisso \u00d8 17 cm Nero Catellani & Smith Enzo Catellani"},{"@type":"BreadcrumbList","@id":"https:\/\/socialdesignmagazine.com\/mag\/products-selection\/product\/lampada-da-parete-lederam-wf-led-1-disco-fisso-o-17-cm-nero-by-catellani-smith\/#breadcrumb","itemListElement":[{"@type":"ListItem","position":1,"name":"Home","item":"https:\/\/socialdesignmagazine.com\/mag\/products-selection\/"},{"@type":"ListItem","position":2,"name":"Tutti i prodotti","item":"https:\/\/socialdesignmagazine.com\/mag\/products-selection\/tutti-i-prodotti\/"},{"@type":"ListItem","position":3,"name":"Lampada Da Parete Lederam WF \/ LED &#8211; 1 disco fisso \u00d8 17 cm Nero by Catellani &#038; Smith"}]},{"@type":"WebSite","@id":"https:\/\/socialdesignmagazine.com\/mag\/products-selection\/#website","url":"https:\/\/socialdesignmagazine.com\/mag\/products-selection\/","name":"SDM Product Selection","description":"Una selezioni di prodotti dei brand pi\u00f9 interessanti per arredare e progettare","publisher":{"@id":"https:\/\/socialdesignmagazine.com\/mag\/products-selection\/#organization"},"potentialAction":[{"@type":"SearchAction","target":{"@type":"EntryPoint","urlTemplate":"https:\/\/socialdesignmagazine.com\/mag\/products-selection\/?s={search_term_string}"},"query-input":{"@type":"PropertyValueSpecification","valueRequired":true,"valueName":"search_term_string"}}],"inLanguage":"it-IT"},{"@type":"Organization","@id":"https:\/\/socialdesignmagazine.com\/mag\/products-selection\/#organization","name":"Social Design Magazine","url":"https:\/\/socialdesignmagazine.com\/mag\/products-selection\/","logo":{"@type":"ImageObject","inLanguage":"it-IT","@id":"https:\/\/socialdesignmagazine.com\/mag\/products-selection\/#\/schema\/logo\/image\/","url":"https:\/\/socialdesignmagazine.com\/mag\/products-selection\/wp-content\/uploads\/sites\/2\/2015\/05\/social-design-magazine-logo.png","contentUrl":"https:\/\/socialdesignmagazine.com\/mag\/products-selection\/wp-content\/uploads\/sites\/2\/2015\/05\/social-design-magazine-logo.png","width":251,"height":101,"caption":"Social Design Magazine"},"image":{"@id":"https:\/\/socialdesignmagazine.com\/mag\/products-selection\/#\/schema\/logo\/image\/"},"sameAs":["https:\/\/www.facebook.com\/socialdesignmag","https:\/\/x.com\/socialdesignmag","http:\/\/instagram.com\/social_design_magazine\/","http:\/\/pinterest.com\/socialdesignmag\/","http:\/\/www.youtube.com\/user\/socialdesignmagazine"]}]}},"jetpack_publicize_connections":[],"jetpack_sharing_enabled":true,"brands":[{"id":1511,"name":"Catellani &amp; Smith","slug":"catellani-smith"}],"_links":{"self":[{"href":"https:\/\/socialdesignmagazine.com\/mag\/products-selection\/wp-json\/wp\/v2\/product\/84879","targetHints":{"allow":["GET"]}}],"collection":[{"href":"https:\/\/socialdesignmagazine.com\/mag\/products-selection\/wp-json\/wp\/v2\/product"}],"about":[{"href":"https:\/\/socialdesignmagazine.com\/mag\/products-selection\/wp-json\/wp\/v2\/types\/product"}],"wp:featuredmedia":[{"embeddable":true,"href":"https:\/\/socialdesignmagazine.com\/mag\/products-selection\/wp-json\/wp\/v2\/media\/136816"}],"wp:attachment":[{"href":"https:\/\/socialdesignmagazine.com\/mag\/products-selection\/wp-json\/wp\/v2\/media?parent=84879"}],"wp:term":[{"taxonomy":"pwb-brand","embeddable":true,"href":"https:\/\/socialdesignmagazine.com\/mag\/products-selection\/wp-json\/wp\/v2\/pwb-brand?post=84879"},{"taxonomy":"product_brand","embeddable":true,"href":"https:\/\/socialdesignmagazine.com\/mag\/products-selection\/wp-json\/wp\/v2\/product_brand?post=84879"},{"taxonomy":"product_cat","embeddable":true,"href":"https:\/\/socialdesignmagazine.com\/mag\/products-selection\/wp-json\/wp\/v2\/product_cat?post=84879"},{"taxonomy":"product_tag","embeddable":true,"href":"https:\/\/socialdesignmagazine.com\/mag\/products-selection\/wp-json\/wp\/v2\/product_tag?post=84879"}],"curies":[{"name":"wp","href":"https:\/\/api.w.org\/{rel}","templated":true}]}}