{"id":84893,"date":"2019-08-25T00:21:03","date_gmt":"2019-08-24T22:21:03","guid":{"rendered":"https:\/\/socialdesignmagazine.com\/mag\/products-selection\/?post_type=product&#038;p=84893"},"modified":"2021-08-02T21:39:09","modified_gmt":"2021-08-02T19:39:09","slug":"lampada-da-parete-light-stick-led-l-61-cm-argento-by-catellani-smith","status":"publish","type":"product","link":"https:\/\/socialdesignmagazine.com\/mag\/products-selection\/product\/lampada-da-parete-light-stick-led-l-61-cm-argento-by-catellani-smith\/","title":{"rendered":"Lampada Da Parete Light stick &#8211; LED &#8211; L 61 cm Argento by Catellani &#038; Smith"},"content":{"rendered":"<p>Elegante e minimal, Light stick \u00e8 molto originale; pu\u00f2 anche essere utilizzata come plafoniera. La struttura in metallo \u00e8 quasi inesistente (L 61 cm) e mette in risalto solo la luce. Le quattro lampadine LED bianco neutro conferiscono una luminosit\u00e0 indiretta ed elegante, in quanto la luce \u00e8 indirizzata verso il muro. Light Stick \u00e8 ideale per illuminare un salotto, un entrata o un ufficio; potrete anche fissarla ad un muro e mettere in risalto i vostri quadri e fotografie preferiti. La semplicit\u00e0 geometrica della forma di questa lampada permettono di collocarla in qualsiasi spazio, privato o pubblico. Lampadine: 4 x 1 W LED (incluse) &#8211; Luce indiretta &#8211; 230V &#8211; Bianco neutro (4100\u00b0 K) &#8211; Kit di fissaggio e muro e istruzioni inclusi<\/p>\n","protected":false},"excerpt":{"rendered":"<p>Light Stick \u00e8 una lampada molto originale. La struttura in metallo \u00e8 quasi inesistente e mette in risalto solo la luce.<\/p>\n","protected":false},"featured_media":136825,"template":"","meta":{"_acf_changed":false,"jetpack_post_was_ever_published":false,"jetpack_publicize_message":"","jetpack_publicize_feature_enabled":true,"jetpack_social_post_already_shared":false,"jetpack_social_options":{"image_generator_settings":{"template":"highway","default_image_id":0,"font":"","enabled":false},"version":2}},"pwb-brand":[1511],"product_brand":[],"product_cat":[1512,607,312,317],"product_tag":[1521,100],"class_list":{"0":"post-84893","1":"product","2":"type-product","3":"status-publish","4":"has-post-thumbnail","6":"pwb-brand-catellani-smith","7":"product_cat-catellani-smith","8":"product_cat-designers","9":"product_cat-illuminazione","10":"product_cat-lampada-da-parete-illuminazione","11":"product_tag-applique","12":"product_tag-lampada-da-parete","13":"pa_colore-argento","14":"pa_designer-catellani-smith","15":"pa_larghezza-610-mm","16":"pa_materiale-metallo-nichelato","17":"pa_produttore-catellani-smith","18":"pa_serie-light-stick","19":"pa_tipo-di-prodotto-lampada-da-parete","21":"first","22":"instock","23":"product-type-external"},"acf":[],"yoast_head":"<!-- This site is optimized with the Yoast SEO plugin v27.2 - https:\/\/yoast.com\/product\/yoast-seo-wordpress\/ -->\n<title>Lampada Da Parete Light stick - LED - L 61 cm Argento by Catellani &amp; Smith - SDM Product Selection<\/title>\n<meta name=\"description\" content=\"Light Stick \u00e8 una lampada molto originale. La struttura in metallo \u00e8 quasi inesistente e mette in risalto solo la luce.\" \/>\n<meta name=\"robots\" content=\"index, follow, max-snippet:-1, max-image-preview:large, max-video-preview:-1\" \/>\n<link rel=\"canonical\" href=\"https:\/\/socialdesignmagazine.com\/mag\/products-selection\/product\/lampada-da-parete-light-stick-led-l-61-cm-argento-by-catellani-smith\/\" \/>\n<meta property=\"og:locale\" content=\"it_IT\" \/>\n<meta property=\"og:type\" content=\"article\" \/>\n<meta property=\"og:title\" content=\"Lampada Da Parete Light stick - LED - L 61 cm Argento by Catellani &amp; Smith - SDM Product Selection\" \/>\n<meta property=\"og:description\" content=\"Light Stick \u00e8 una lampada molto originale. La struttura in metallo \u00e8 quasi inesistente e mette in risalto solo la luce.\" \/>\n<meta property=\"og:url\" content=\"https:\/\/socialdesignmagazine.com\/mag\/products-selection\/product\/lampada-da-parete-light-stick-led-l-61-cm-argento-by-catellani-smith\/\" \/>\n<meta property=\"og:site_name\" content=\"SDM Product Selection\" \/>\n<meta property=\"article:publisher\" content=\"https:\/\/www.facebook.com\/socialdesignmag\" \/>\n<meta property=\"article:modified_time\" content=\"2021-08-02T19:39:09+00:00\" \/>\n<meta property=\"og:image\" content=\"https:\/\/socialdesignmagazine.com\/mag\/products-selection\/wp-content\/uploads\/sites\/2\/2020\/12\/Lampada-Da-Parete-Light-stick-LED-L-61-cm-Argento-Catellani-Smith-Catellani-Smith-scaled.jpg\" \/>\n\t<meta property=\"og:image:width\" content=\"2560\" \/>\n\t<meta property=\"og:image:height\" content=\"1966\" \/>\n\t<meta property=\"og:image:type\" content=\"image\/jpeg\" \/>\n<meta name=\"twitter:card\" content=\"summary_large_image\" \/>\n<meta name=\"twitter:site\" content=\"@socialdesignmag\" \/>\n<meta name=\"twitter:label1\" content=\"Tempo di lettura stimato\" \/>\n\t<meta name=\"twitter:data1\" content=\"1 minuto\" \/>\n<script type=\"application\/ld+json\" class=\"yoast-schema-graph\">{\"@context\":\"https:\/\/schema.org\",\"@graph\":[{\"@type\":\"WebPage\",\"@id\":\"https:\/\/socialdesignmagazine.com\/mag\/products-selection\/product\/lampada-da-parete-light-stick-led-l-61-cm-argento-by-catellani-smith\/\",\"url\":\"https:\/\/socialdesignmagazine.com\/mag\/products-selection\/product\/lampada-da-parete-light-stick-led-l-61-cm-argento-by-catellani-smith\/\",\"name\":\"Lampada Da Parete Light stick - LED - L 61 cm Argento by Catellani & Smith - SDM Product Selection\",\"isPartOf\":{\"@id\":\"https:\/\/socialdesignmagazine.com\/mag\/products-selection\/#website\"},\"primaryImageOfPage\":{\"@id\":\"https:\/\/socialdesignmagazine.com\/mag\/products-selection\/product\/lampada-da-parete-light-stick-led-l-61-cm-argento-by-catellani-smith\/#primaryimage\"},\"image\":{\"@id\":\"https:\/\/socialdesignmagazine.com\/mag\/products-selection\/product\/lampada-da-parete-light-stick-led-l-61-cm-argento-by-catellani-smith\/#primaryimage\"},\"thumbnailUrl\":\"https:\/\/socialdesignmagazine.com\/mag\/products-selection\/wp-content\/uploads\/sites\/2\/2020\/12\/Lampada-Da-Parete-Light-stick-LED-L-61-cm-Argento-Catellani-Smith-Catellani-Smith-scaled.jpg\",\"datePublished\":\"2019-08-24T22:21:03+00:00\",\"dateModified\":\"2021-08-02T19:39:09+00:00\",\"description\":\"Light Stick \u00e8 una lampada molto originale. La struttura in metallo \u00e8 quasi inesistente e mette in risalto solo la luce.\",\"breadcrumb\":{\"@id\":\"https:\/\/socialdesignmagazine.com\/mag\/products-selection\/product\/lampada-da-parete-light-stick-led-l-61-cm-argento-by-catellani-smith\/#breadcrumb\"},\"inLanguage\":\"it-IT\",\"potentialAction\":[{\"@type\":\"ReadAction\",\"target\":[\"https:\/\/socialdesignmagazine.com\/mag\/products-selection\/product\/lampada-da-parete-light-stick-led-l-61-cm-argento-by-catellani-smith\/\"]}]},{\"@type\":\"ImageObject\",\"inLanguage\":\"it-IT\",\"@id\":\"https:\/\/socialdesignmagazine.com\/mag\/products-selection\/product\/lampada-da-parete-light-stick-led-l-61-cm-argento-by-catellani-smith\/#primaryimage\",\"url\":\"https:\/\/socialdesignmagazine.com\/mag\/products-selection\/wp-content\/uploads\/sites\/2\/2020\/12\/Lampada-Da-Parete-Light-stick-LED-L-61-cm-Argento-Catellani-Smith-Catellani-Smith-scaled.jpg\",\"contentUrl\":\"https:\/\/socialdesignmagazine.com\/mag\/products-selection\/wp-content\/uploads\/sites\/2\/2020\/12\/Lampada-Da-Parete-Light-stick-LED-L-61-cm-Argento-Catellani-Smith-Catellani-Smith-scaled.jpg\",\"width\":2560,\"height\":1966,\"caption\":\"Lampada Da Parete Light stick - LED - L 61 cm Argento Catellani & Smith Catellani & Smith\"},{\"@type\":\"BreadcrumbList\",\"@id\":\"https:\/\/socialdesignmagazine.com\/mag\/products-selection\/product\/lampada-da-parete-light-stick-led-l-61-cm-argento-by-catellani-smith\/#breadcrumb\",\"itemListElement\":[{\"@type\":\"ListItem\",\"position\":1,\"name\":\"Home\",\"item\":\"https:\/\/socialdesignmagazine.com\/mag\/products-selection\/\"},{\"@type\":\"ListItem\",\"position\":2,\"name\":\"Tutti i prodotti\",\"item\":\"https:\/\/socialdesignmagazine.com\/mag\/products-selection\/tutti-i-prodotti\/\"},{\"@type\":\"ListItem\",\"position\":3,\"name\":\"Lampada Da Parete Light stick &#8211; LED &#8211; L 61 cm Argento by Catellani &#038; Smith\"}]},{\"@type\":\"WebSite\",\"@id\":\"https:\/\/socialdesignmagazine.com\/mag\/products-selection\/#website\",\"url\":\"https:\/\/socialdesignmagazine.com\/mag\/products-selection\/\",\"name\":\"SDM Product Selection\",\"description\":\"Una selezioni di prodotti dei brand pi\u00f9 interessanti per arredare e progettare\",\"publisher\":{\"@id\":\"https:\/\/socialdesignmagazine.com\/mag\/products-selection\/#organization\"},\"potentialAction\":[{\"@type\":\"SearchAction\",\"target\":{\"@type\":\"EntryPoint\",\"urlTemplate\":\"https:\/\/socialdesignmagazine.com\/mag\/products-selection\/?s={search_term_string}\"},\"query-input\":{\"@type\":\"PropertyValueSpecification\",\"valueRequired\":true,\"valueName\":\"search_term_string\"}}],\"inLanguage\":\"it-IT\"},{\"@type\":\"Organization\",\"@id\":\"https:\/\/socialdesignmagazine.com\/mag\/products-selection\/#organization\",\"name\":\"Social Design Magazine\",\"url\":\"https:\/\/socialdesignmagazine.com\/mag\/products-selection\/\",\"logo\":{\"@type\":\"ImageObject\",\"inLanguage\":\"it-IT\",\"@id\":\"https:\/\/socialdesignmagazine.com\/mag\/products-selection\/#\/schema\/logo\/image\/\",\"url\":\"https:\/\/socialdesignmagazine.com\/mag\/products-selection\/wp-content\/uploads\/sites\/2\/2015\/05\/social-design-magazine-logo.png\",\"contentUrl\":\"https:\/\/socialdesignmagazine.com\/mag\/products-selection\/wp-content\/uploads\/sites\/2\/2015\/05\/social-design-magazine-logo.png\",\"width\":251,\"height\":101,\"caption\":\"Social Design Magazine\"},\"image\":{\"@id\":\"https:\/\/socialdesignmagazine.com\/mag\/products-selection\/#\/schema\/logo\/image\/\"},\"sameAs\":[\"https:\/\/www.facebook.com\/socialdesignmag\",\"https:\/\/x.com\/socialdesignmag\",\"http:\/\/instagram.com\/social_design_magazine\/\",\"http:\/\/pinterest.com\/socialdesignmag\/\",\"http:\/\/www.youtube.com\/user\/socialdesignmagazine\"]}]}<\/script>\n<!-- \/ Yoast SEO plugin. -->","yoast_head_json":{"title":"Lampada Da Parete Light stick - LED - L 61 cm Argento by Catellani & Smith - SDM Product Selection","description":"Light Stick \u00e8 una lampada molto originale. La struttura in metallo \u00e8 quasi inesistente e mette in risalto solo la luce.","robots":{"index":"index","follow":"follow","max-snippet":"max-snippet:-1","max-image-preview":"max-image-preview:large","max-video-preview":"max-video-preview:-1"},"canonical":"https:\/\/socialdesignmagazine.com\/mag\/products-selection\/product\/lampada-da-parete-light-stick-led-l-61-cm-argento-by-catellani-smith\/","og_locale":"it_IT","og_type":"article","og_title":"Lampada Da Parete Light stick - LED - L 61 cm Argento by Catellani & Smith - SDM Product Selection","og_description":"Light Stick \u00e8 una lampada molto originale. La struttura in metallo \u00e8 quasi inesistente e mette in risalto solo la luce.","og_url":"https:\/\/socialdesignmagazine.com\/mag\/products-selection\/product\/lampada-da-parete-light-stick-led-l-61-cm-argento-by-catellani-smith\/","og_site_name":"SDM Product Selection","article_publisher":"https:\/\/www.facebook.com\/socialdesignmag","article_modified_time":"2021-08-02T19:39:09+00:00","og_image":[{"width":2560,"height":1966,"url":"https:\/\/socialdesignmagazine.com\/mag\/products-selection\/wp-content\/uploads\/sites\/2\/2020\/12\/Lampada-Da-Parete-Light-stick-LED-L-61-cm-Argento-Catellani-Smith-Catellani-Smith-scaled.jpg","type":"image\/jpeg"}],"twitter_card":"summary_large_image","twitter_site":"@socialdesignmag","twitter_misc":{"Tempo di lettura stimato":"1 minuto"},"schema":{"@context":"https:\/\/schema.org","@graph":[{"@type":"WebPage","@id":"https:\/\/socialdesignmagazine.com\/mag\/products-selection\/product\/lampada-da-parete-light-stick-led-l-61-cm-argento-by-catellani-smith\/","url":"https:\/\/socialdesignmagazine.com\/mag\/products-selection\/product\/lampada-da-parete-light-stick-led-l-61-cm-argento-by-catellani-smith\/","name":"Lampada Da Parete Light stick - LED - L 61 cm Argento by Catellani & Smith - SDM Product Selection","isPartOf":{"@id":"https:\/\/socialdesignmagazine.com\/mag\/products-selection\/#website"},"primaryImageOfPage":{"@id":"https:\/\/socialdesignmagazine.com\/mag\/products-selection\/product\/lampada-da-parete-light-stick-led-l-61-cm-argento-by-catellani-smith\/#primaryimage"},"image":{"@id":"https:\/\/socialdesignmagazine.com\/mag\/products-selection\/product\/lampada-da-parete-light-stick-led-l-61-cm-argento-by-catellani-smith\/#primaryimage"},"thumbnailUrl":"https:\/\/socialdesignmagazine.com\/mag\/products-selection\/wp-content\/uploads\/sites\/2\/2020\/12\/Lampada-Da-Parete-Light-stick-LED-L-61-cm-Argento-Catellani-Smith-Catellani-Smith-scaled.jpg","datePublished":"2019-08-24T22:21:03+00:00","dateModified":"2021-08-02T19:39:09+00:00","description":"Light Stick \u00e8 una lampada molto originale. La struttura in metallo \u00e8 quasi inesistente e mette in risalto solo la luce.","breadcrumb":{"@id":"https:\/\/socialdesignmagazine.com\/mag\/products-selection\/product\/lampada-da-parete-light-stick-led-l-61-cm-argento-by-catellani-smith\/#breadcrumb"},"inLanguage":"it-IT","potentialAction":[{"@type":"ReadAction","target":["https:\/\/socialdesignmagazine.com\/mag\/products-selection\/product\/lampada-da-parete-light-stick-led-l-61-cm-argento-by-catellani-smith\/"]}]},{"@type":"ImageObject","inLanguage":"it-IT","@id":"https:\/\/socialdesignmagazine.com\/mag\/products-selection\/product\/lampada-da-parete-light-stick-led-l-61-cm-argento-by-catellani-smith\/#primaryimage","url":"https:\/\/socialdesignmagazine.com\/mag\/products-selection\/wp-content\/uploads\/sites\/2\/2020\/12\/Lampada-Da-Parete-Light-stick-LED-L-61-cm-Argento-Catellani-Smith-Catellani-Smith-scaled.jpg","contentUrl":"https:\/\/socialdesignmagazine.com\/mag\/products-selection\/wp-content\/uploads\/sites\/2\/2020\/12\/Lampada-Da-Parete-Light-stick-LED-L-61-cm-Argento-Catellani-Smith-Catellani-Smith-scaled.jpg","width":2560,"height":1966,"caption":"Lampada Da Parete Light stick - LED - L 61 cm Argento Catellani & Smith Catellani & Smith"},{"@type":"BreadcrumbList","@id":"https:\/\/socialdesignmagazine.com\/mag\/products-selection\/product\/lampada-da-parete-light-stick-led-l-61-cm-argento-by-catellani-smith\/#breadcrumb","itemListElement":[{"@type":"ListItem","position":1,"name":"Home","item":"https:\/\/socialdesignmagazine.com\/mag\/products-selection\/"},{"@type":"ListItem","position":2,"name":"Tutti i prodotti","item":"https:\/\/socialdesignmagazine.com\/mag\/products-selection\/tutti-i-prodotti\/"},{"@type":"ListItem","position":3,"name":"Lampada Da Parete Light stick &#8211; LED &#8211; L 61 cm Argento by Catellani &#038; Smith"}]},{"@type":"WebSite","@id":"https:\/\/socialdesignmagazine.com\/mag\/products-selection\/#website","url":"https:\/\/socialdesignmagazine.com\/mag\/products-selection\/","name":"SDM Product Selection","description":"Una selezioni di prodotti dei brand pi\u00f9 interessanti per arredare e progettare","publisher":{"@id":"https:\/\/socialdesignmagazine.com\/mag\/products-selection\/#organization"},"potentialAction":[{"@type":"SearchAction","target":{"@type":"EntryPoint","urlTemplate":"https:\/\/socialdesignmagazine.com\/mag\/products-selection\/?s={search_term_string}"},"query-input":{"@type":"PropertyValueSpecification","valueRequired":true,"valueName":"search_term_string"}}],"inLanguage":"it-IT"},{"@type":"Organization","@id":"https:\/\/socialdesignmagazine.com\/mag\/products-selection\/#organization","name":"Social Design Magazine","url":"https:\/\/socialdesignmagazine.com\/mag\/products-selection\/","logo":{"@type":"ImageObject","inLanguage":"it-IT","@id":"https:\/\/socialdesignmagazine.com\/mag\/products-selection\/#\/schema\/logo\/image\/","url":"https:\/\/socialdesignmagazine.com\/mag\/products-selection\/wp-content\/uploads\/sites\/2\/2015\/05\/social-design-magazine-logo.png","contentUrl":"https:\/\/socialdesignmagazine.com\/mag\/products-selection\/wp-content\/uploads\/sites\/2\/2015\/05\/social-design-magazine-logo.png","width":251,"height":101,"caption":"Social Design Magazine"},"image":{"@id":"https:\/\/socialdesignmagazine.com\/mag\/products-selection\/#\/schema\/logo\/image\/"},"sameAs":["https:\/\/www.facebook.com\/socialdesignmag","https:\/\/x.com\/socialdesignmag","http:\/\/instagram.com\/social_design_magazine\/","http:\/\/pinterest.com\/socialdesignmag\/","http:\/\/www.youtube.com\/user\/socialdesignmagazine"]}]}},"jetpack_publicize_connections":[],"jetpack_sharing_enabled":true,"brands":[{"id":1511,"name":"Catellani &amp; Smith","slug":"catellani-smith"}],"_links":{"self":[{"href":"https:\/\/socialdesignmagazine.com\/mag\/products-selection\/wp-json\/wp\/v2\/product\/84893","targetHints":{"allow":["GET"]}}],"collection":[{"href":"https:\/\/socialdesignmagazine.com\/mag\/products-selection\/wp-json\/wp\/v2\/product"}],"about":[{"href":"https:\/\/socialdesignmagazine.com\/mag\/products-selection\/wp-json\/wp\/v2\/types\/product"}],"wp:featuredmedia":[{"embeddable":true,"href":"https:\/\/socialdesignmagazine.com\/mag\/products-selection\/wp-json\/wp\/v2\/media\/136825"}],"wp:attachment":[{"href":"https:\/\/socialdesignmagazine.com\/mag\/products-selection\/wp-json\/wp\/v2\/media?parent=84893"}],"wp:term":[{"taxonomy":"pwb-brand","embeddable":true,"href":"https:\/\/socialdesignmagazine.com\/mag\/products-selection\/wp-json\/wp\/v2\/pwb-brand?post=84893"},{"taxonomy":"product_brand","embeddable":true,"href":"https:\/\/socialdesignmagazine.com\/mag\/products-selection\/wp-json\/wp\/v2\/product_brand?post=84893"},{"taxonomy":"product_cat","embeddable":true,"href":"https:\/\/socialdesignmagazine.com\/mag\/products-selection\/wp-json\/wp\/v2\/product_cat?post=84893"},{"taxonomy":"product_tag","embeddable":true,"href":"https:\/\/socialdesignmagazine.com\/mag\/products-selection\/wp-json\/wp\/v2\/product_tag?post=84893"}],"curies":[{"name":"wp","href":"https:\/\/api.w.org\/{rel}","templated":true}]}}