{"id":84895,"date":"2019-08-25T00:21:03","date_gmt":"2019-08-24T22:21:03","guid":{"rendered":"https:\/\/socialdesignmagazine.com\/mag\/products-selection\/?post_type=product&#038;p=84895"},"modified":"2021-08-02T21:39:09","modified_gmt":"2021-08-02T19:39:09","slug":"lampada-a-sospensione-sorry-giotto-led-o-120-cm-blu-notte-by-catellani-smith","status":"publish","type":"product","link":"https:\/\/socialdesignmagazine.com\/mag\/products-selection\/product\/lampada-a-sospensione-sorry-giotto-led-o-120-cm-blu-notte-by-catellani-smith\/","title":{"rendered":"Lampada A Sospensione Sorry Giotto &#8211; LED \/ \u00d8 120 cm Blu notte by Catellani &#038; Smith"},"content":{"rendered":"<p>La lampade LED della collezione Sorry Giotto presentano pi\u00f9 variazioni sul tema del cerchio perfetto del famoso artista. Non passeranno inosservate! Il nome Sorry Giotto si riferisce al pittore italiano Giotto di Bondone. Secondo la leggenda, egli avrebbe disegnato un cerchio perfetto a mani nude, senza l&#8217;aiuto di strumenti. Questa lampada \u00e8 una vera e propria scultura luminosa; \u00e8 composta da un grande anello (\u00d8 120 cm) in rame, dipinto in colore blu notte. Questo anello \u00e8 sospeso grazie a due cavi (di colore blu notte, inclusi). Una piccola incudine d\u00e0 il peso necessario all&#8217;anello, permettendone l&#8217;equilibrio perfetto. Il cavo elettrico termina con una presa elettrica tradizionale. Sorry Giotto crea un superbo gioco di luce: le 15 lampadine LED (incluse) sono situate dietro al cerchio e proiettano sul muro un alone di luce indiretta e esalta la forma della lampada. La qualit\u00e0 della luce \u00e8 ottima: crea un&#8217;atmosfera zen molto rilassante e invita al riposo, riducendo le tensioni dello sguardo e degli spazi. Sorry Giotto \u00e8 anche dotata di un regolatore di intensit\u00e0. 2 cavi per la sospensione color blu notte (inclusi) &#8211; Cavo elettrico che termina con una presa elettrica tradizionale (lampadine: 15 X 1 W LED, incluse) &#8211; Luce indiretta &#8211; 230 V &#8211; Bianco caldo (2800\u00b0 K) &#8211; Regolatore di intensit\u00e0<\/p>\n","protected":false},"excerpt":{"rendered":"<p>Non passeranno inosservate! Il nome Sorry Giotto si riferisce al pittore italiano Giotto di Bondone. Secondo la leggenda, egli avrebbe disegnato un cerchio perfetto a mani nude.<\/p>\n","protected":false},"featured_media":136826,"template":"","meta":{"_acf_changed":false,"jetpack_post_was_ever_published":false,"jetpack_publicize_message":"","jetpack_publicize_feature_enabled":true,"jetpack_social_post_already_shared":false,"jetpack_social_options":{"image_generator_settings":{"template":"highway","default_image_id":0,"font":"","enabled":false},"version":2}},"pwb-brand":[1511],"product_brand":[],"product_cat":[1512,607,312,314],"product_tag":[94],"class_list":{"0":"post-84895","1":"product","2":"type-product","3":"status-publish","4":"has-post-thumbnail","6":"pwb-brand-catellani-smith","7":"product_cat-catellani-smith","8":"product_cat-designers","9":"product_cat-illuminazione","10":"product_cat-lampada-a-sospensione-illuminazione","11":"product_tag-lampada-a-sospensione","12":"pa_colore-blu-notte","13":"pa_designer-catellani-smith","14":"pa_larghezza-1200-mm","15":"pa_materiale-rame","16":"pa_produttore-catellani-smith","17":"pa_tipo-di-prodotto-lampada-a-sospensione","19":"first","20":"instock","21":"product-type-external"},"acf":[],"yoast_head":"<!-- This site is optimized with the Yoast SEO plugin v27.2 - https:\/\/yoast.com\/product\/yoast-seo-wordpress\/ -->\n<title>Lampada A Sospensione Sorry Giotto - LED \/ \u00d8 120 cm Blu notte by Catellani &amp; Smith - SDM Product Selection<\/title>\n<meta name=\"description\" content=\"Non passeranno inosservate! Il nome Sorry Giotto si riferisce al pittore italiano Giotto di Bondone. Secondo la leggenda, egli avrebbe disegnato un cerchio perfetto a mani nude.\" \/>\n<meta name=\"robots\" content=\"index, follow, max-snippet:-1, max-image-preview:large, max-video-preview:-1\" \/>\n<link rel=\"canonical\" href=\"https:\/\/socialdesignmagazine.com\/mag\/products-selection\/product\/lampada-a-sospensione-sorry-giotto-led-o-120-cm-blu-notte-by-catellani-smith\/\" \/>\n<meta property=\"og:locale\" content=\"it_IT\" \/>\n<meta property=\"og:type\" content=\"article\" \/>\n<meta property=\"og:title\" content=\"Lampada A Sospensione Sorry Giotto - LED \/ \u00d8 120 cm Blu notte by Catellani &amp; Smith - SDM Product Selection\" \/>\n<meta property=\"og:description\" content=\"Non passeranno inosservate! Il nome Sorry Giotto si riferisce al pittore italiano Giotto di Bondone. Secondo la leggenda, egli avrebbe disegnato un cerchio perfetto a mani nude.\" \/>\n<meta property=\"og:url\" content=\"https:\/\/socialdesignmagazine.com\/mag\/products-selection\/product\/lampada-a-sospensione-sorry-giotto-led-o-120-cm-blu-notte-by-catellani-smith\/\" \/>\n<meta property=\"og:site_name\" content=\"SDM Product Selection\" \/>\n<meta property=\"article:publisher\" content=\"https:\/\/www.facebook.com\/socialdesignmag\" \/>\n<meta property=\"article:modified_time\" content=\"2021-08-02T19:39:09+00:00\" \/>\n<meta property=\"og:image\" content=\"https:\/\/socialdesignmagazine.com\/mag\/products-selection\/wp-content\/uploads\/sites\/2\/2020\/12\/Lampada-A-Sospensione-Sorry-Giotto-LED-\u00d8-120-cm-Blu-notte-Catellani-Smith-Catellani-Smith-scaled.jpg\" \/>\n\t<meta property=\"og:image:width\" content=\"1573\" \/>\n\t<meta property=\"og:image:height\" content=\"2560\" \/>\n\t<meta property=\"og:image:type\" content=\"image\/jpeg\" \/>\n<meta name=\"twitter:card\" content=\"summary_large_image\" \/>\n<meta name=\"twitter:site\" content=\"@socialdesignmag\" \/>\n<meta name=\"twitter:label1\" content=\"Tempo di lettura stimato\" \/>\n\t<meta name=\"twitter:data1\" content=\"1 minuto\" \/>\n<script type=\"application\/ld+json\" class=\"yoast-schema-graph\">{\"@context\":\"https:\/\/schema.org\",\"@graph\":[{\"@type\":\"WebPage\",\"@id\":\"https:\/\/socialdesignmagazine.com\/mag\/products-selection\/product\/lampada-a-sospensione-sorry-giotto-led-o-120-cm-blu-notte-by-catellani-smith\/\",\"url\":\"https:\/\/socialdesignmagazine.com\/mag\/products-selection\/product\/lampada-a-sospensione-sorry-giotto-led-o-120-cm-blu-notte-by-catellani-smith\/\",\"name\":\"Lampada A Sospensione Sorry Giotto - LED \/ \u00d8 120 cm Blu notte by Catellani & Smith - SDM Product Selection\",\"isPartOf\":{\"@id\":\"https:\/\/socialdesignmagazine.com\/mag\/products-selection\/#website\"},\"primaryImageOfPage\":{\"@id\":\"https:\/\/socialdesignmagazine.com\/mag\/products-selection\/product\/lampada-a-sospensione-sorry-giotto-led-o-120-cm-blu-notte-by-catellani-smith\/#primaryimage\"},\"image\":{\"@id\":\"https:\/\/socialdesignmagazine.com\/mag\/products-selection\/product\/lampada-a-sospensione-sorry-giotto-led-o-120-cm-blu-notte-by-catellani-smith\/#primaryimage\"},\"thumbnailUrl\":\"https:\/\/socialdesignmagazine.com\/mag\/products-selection\/wp-content\/uploads\/sites\/2\/2020\/12\/Lampada-A-Sospensione-Sorry-Giotto-LED-\u00d8-120-cm-Blu-notte-Catellani-Smith-Catellani-Smith-scaled.jpg\",\"datePublished\":\"2019-08-24T22:21:03+00:00\",\"dateModified\":\"2021-08-02T19:39:09+00:00\",\"description\":\"Non passeranno inosservate! Il nome Sorry Giotto si riferisce al pittore italiano Giotto di Bondone. Secondo la leggenda, egli avrebbe disegnato un cerchio perfetto a mani nude.\",\"breadcrumb\":{\"@id\":\"https:\/\/socialdesignmagazine.com\/mag\/products-selection\/product\/lampada-a-sospensione-sorry-giotto-led-o-120-cm-blu-notte-by-catellani-smith\/#breadcrumb\"},\"inLanguage\":\"it-IT\",\"potentialAction\":[{\"@type\":\"ReadAction\",\"target\":[\"https:\/\/socialdesignmagazine.com\/mag\/products-selection\/product\/lampada-a-sospensione-sorry-giotto-led-o-120-cm-blu-notte-by-catellani-smith\/\"]}]},{\"@type\":\"ImageObject\",\"inLanguage\":\"it-IT\",\"@id\":\"https:\/\/socialdesignmagazine.com\/mag\/products-selection\/product\/lampada-a-sospensione-sorry-giotto-led-o-120-cm-blu-notte-by-catellani-smith\/#primaryimage\",\"url\":\"https:\/\/socialdesignmagazine.com\/mag\/products-selection\/wp-content\/uploads\/sites\/2\/2020\/12\/Lampada-A-Sospensione-Sorry-Giotto-LED-\u00d8-120-cm-Blu-notte-Catellani-Smith-Catellani-Smith-scaled.jpg\",\"contentUrl\":\"https:\/\/socialdesignmagazine.com\/mag\/products-selection\/wp-content\/uploads\/sites\/2\/2020\/12\/Lampada-A-Sospensione-Sorry-Giotto-LED-\u00d8-120-cm-Blu-notte-Catellani-Smith-Catellani-Smith-scaled.jpg\",\"width\":1573,\"height\":2560,\"caption\":\"Lampada A Sospensione Sorry Giotto - LED \/ \u00d8 120 cm Blu notte Catellani & Smith Catellani & Smith\"},{\"@type\":\"BreadcrumbList\",\"@id\":\"https:\/\/socialdesignmagazine.com\/mag\/products-selection\/product\/lampada-a-sospensione-sorry-giotto-led-o-120-cm-blu-notte-by-catellani-smith\/#breadcrumb\",\"itemListElement\":[{\"@type\":\"ListItem\",\"position\":1,\"name\":\"Home\",\"item\":\"https:\/\/socialdesignmagazine.com\/mag\/products-selection\/\"},{\"@type\":\"ListItem\",\"position\":2,\"name\":\"Tutti i prodotti\",\"item\":\"https:\/\/socialdesignmagazine.com\/mag\/products-selection\/tutti-i-prodotti\/\"},{\"@type\":\"ListItem\",\"position\":3,\"name\":\"Lampada A Sospensione Sorry Giotto &#8211; LED \/ \u00d8 120 cm Blu notte by Catellani &#038; Smith\"}]},{\"@type\":\"WebSite\",\"@id\":\"https:\/\/socialdesignmagazine.com\/mag\/products-selection\/#website\",\"url\":\"https:\/\/socialdesignmagazine.com\/mag\/products-selection\/\",\"name\":\"SDM Product Selection\",\"description\":\"Una selezioni di prodotti dei brand pi\u00f9 interessanti per arredare e progettare\",\"publisher\":{\"@id\":\"https:\/\/socialdesignmagazine.com\/mag\/products-selection\/#organization\"},\"potentialAction\":[{\"@type\":\"SearchAction\",\"target\":{\"@type\":\"EntryPoint\",\"urlTemplate\":\"https:\/\/socialdesignmagazine.com\/mag\/products-selection\/?s={search_term_string}\"},\"query-input\":{\"@type\":\"PropertyValueSpecification\",\"valueRequired\":true,\"valueName\":\"search_term_string\"}}],\"inLanguage\":\"it-IT\"},{\"@type\":\"Organization\",\"@id\":\"https:\/\/socialdesignmagazine.com\/mag\/products-selection\/#organization\",\"name\":\"Social Design Magazine\",\"url\":\"https:\/\/socialdesignmagazine.com\/mag\/products-selection\/\",\"logo\":{\"@type\":\"ImageObject\",\"inLanguage\":\"it-IT\",\"@id\":\"https:\/\/socialdesignmagazine.com\/mag\/products-selection\/#\/schema\/logo\/image\/\",\"url\":\"https:\/\/socialdesignmagazine.com\/mag\/products-selection\/wp-content\/uploads\/sites\/2\/2015\/05\/social-design-magazine-logo.png\",\"contentUrl\":\"https:\/\/socialdesignmagazine.com\/mag\/products-selection\/wp-content\/uploads\/sites\/2\/2015\/05\/social-design-magazine-logo.png\",\"width\":251,\"height\":101,\"caption\":\"Social Design Magazine\"},\"image\":{\"@id\":\"https:\/\/socialdesignmagazine.com\/mag\/products-selection\/#\/schema\/logo\/image\/\"},\"sameAs\":[\"https:\/\/www.facebook.com\/socialdesignmag\",\"https:\/\/x.com\/socialdesignmag\",\"http:\/\/instagram.com\/social_design_magazine\/\",\"http:\/\/pinterest.com\/socialdesignmag\/\",\"http:\/\/www.youtube.com\/user\/socialdesignmagazine\"]}]}<\/script>\n<!-- \/ Yoast SEO plugin. -->","yoast_head_json":{"title":"Lampada A Sospensione Sorry Giotto - LED \/ \u00d8 120 cm Blu notte by Catellani & Smith - SDM Product Selection","description":"Non passeranno inosservate! Il nome Sorry Giotto si riferisce al pittore italiano Giotto di Bondone. Secondo la leggenda, egli avrebbe disegnato un cerchio perfetto a mani nude.","robots":{"index":"index","follow":"follow","max-snippet":"max-snippet:-1","max-image-preview":"max-image-preview:large","max-video-preview":"max-video-preview:-1"},"canonical":"https:\/\/socialdesignmagazine.com\/mag\/products-selection\/product\/lampada-a-sospensione-sorry-giotto-led-o-120-cm-blu-notte-by-catellani-smith\/","og_locale":"it_IT","og_type":"article","og_title":"Lampada A Sospensione Sorry Giotto - LED \/ \u00d8 120 cm Blu notte by Catellani & Smith - SDM Product Selection","og_description":"Non passeranno inosservate! Il nome Sorry Giotto si riferisce al pittore italiano Giotto di Bondone. Secondo la leggenda, egli avrebbe disegnato un cerchio perfetto a mani nude.","og_url":"https:\/\/socialdesignmagazine.com\/mag\/products-selection\/product\/lampada-a-sospensione-sorry-giotto-led-o-120-cm-blu-notte-by-catellani-smith\/","og_site_name":"SDM Product Selection","article_publisher":"https:\/\/www.facebook.com\/socialdesignmag","article_modified_time":"2021-08-02T19:39:09+00:00","og_image":[{"width":1573,"height":2560,"url":"https:\/\/socialdesignmagazine.com\/mag\/products-selection\/wp-content\/uploads\/sites\/2\/2020\/12\/Lampada-A-Sospensione-Sorry-Giotto-LED-\u00d8-120-cm-Blu-notte-Catellani-Smith-Catellani-Smith-scaled.jpg","type":"image\/jpeg"}],"twitter_card":"summary_large_image","twitter_site":"@socialdesignmag","twitter_misc":{"Tempo di lettura stimato":"1 minuto"},"schema":{"@context":"https:\/\/schema.org","@graph":[{"@type":"WebPage","@id":"https:\/\/socialdesignmagazine.com\/mag\/products-selection\/product\/lampada-a-sospensione-sorry-giotto-led-o-120-cm-blu-notte-by-catellani-smith\/","url":"https:\/\/socialdesignmagazine.com\/mag\/products-selection\/product\/lampada-a-sospensione-sorry-giotto-led-o-120-cm-blu-notte-by-catellani-smith\/","name":"Lampada A Sospensione Sorry Giotto - LED \/ \u00d8 120 cm Blu notte by Catellani & Smith - SDM Product Selection","isPartOf":{"@id":"https:\/\/socialdesignmagazine.com\/mag\/products-selection\/#website"},"primaryImageOfPage":{"@id":"https:\/\/socialdesignmagazine.com\/mag\/products-selection\/product\/lampada-a-sospensione-sorry-giotto-led-o-120-cm-blu-notte-by-catellani-smith\/#primaryimage"},"image":{"@id":"https:\/\/socialdesignmagazine.com\/mag\/products-selection\/product\/lampada-a-sospensione-sorry-giotto-led-o-120-cm-blu-notte-by-catellani-smith\/#primaryimage"},"thumbnailUrl":"https:\/\/socialdesignmagazine.com\/mag\/products-selection\/wp-content\/uploads\/sites\/2\/2020\/12\/Lampada-A-Sospensione-Sorry-Giotto-LED-\u00d8-120-cm-Blu-notte-Catellani-Smith-Catellani-Smith-scaled.jpg","datePublished":"2019-08-24T22:21:03+00:00","dateModified":"2021-08-02T19:39:09+00:00","description":"Non passeranno inosservate! Il nome Sorry Giotto si riferisce al pittore italiano Giotto di Bondone. Secondo la leggenda, egli avrebbe disegnato un cerchio perfetto a mani nude.","breadcrumb":{"@id":"https:\/\/socialdesignmagazine.com\/mag\/products-selection\/product\/lampada-a-sospensione-sorry-giotto-led-o-120-cm-blu-notte-by-catellani-smith\/#breadcrumb"},"inLanguage":"it-IT","potentialAction":[{"@type":"ReadAction","target":["https:\/\/socialdesignmagazine.com\/mag\/products-selection\/product\/lampada-a-sospensione-sorry-giotto-led-o-120-cm-blu-notte-by-catellani-smith\/"]}]},{"@type":"ImageObject","inLanguage":"it-IT","@id":"https:\/\/socialdesignmagazine.com\/mag\/products-selection\/product\/lampada-a-sospensione-sorry-giotto-led-o-120-cm-blu-notte-by-catellani-smith\/#primaryimage","url":"https:\/\/socialdesignmagazine.com\/mag\/products-selection\/wp-content\/uploads\/sites\/2\/2020\/12\/Lampada-A-Sospensione-Sorry-Giotto-LED-\u00d8-120-cm-Blu-notte-Catellani-Smith-Catellani-Smith-scaled.jpg","contentUrl":"https:\/\/socialdesignmagazine.com\/mag\/products-selection\/wp-content\/uploads\/sites\/2\/2020\/12\/Lampada-A-Sospensione-Sorry-Giotto-LED-\u00d8-120-cm-Blu-notte-Catellani-Smith-Catellani-Smith-scaled.jpg","width":1573,"height":2560,"caption":"Lampada A Sospensione Sorry Giotto - LED \/ \u00d8 120 cm Blu notte Catellani & Smith Catellani & Smith"},{"@type":"BreadcrumbList","@id":"https:\/\/socialdesignmagazine.com\/mag\/products-selection\/product\/lampada-a-sospensione-sorry-giotto-led-o-120-cm-blu-notte-by-catellani-smith\/#breadcrumb","itemListElement":[{"@type":"ListItem","position":1,"name":"Home","item":"https:\/\/socialdesignmagazine.com\/mag\/products-selection\/"},{"@type":"ListItem","position":2,"name":"Tutti i prodotti","item":"https:\/\/socialdesignmagazine.com\/mag\/products-selection\/tutti-i-prodotti\/"},{"@type":"ListItem","position":3,"name":"Lampada A Sospensione Sorry Giotto &#8211; LED \/ \u00d8 120 cm Blu notte by Catellani &#038; Smith"}]},{"@type":"WebSite","@id":"https:\/\/socialdesignmagazine.com\/mag\/products-selection\/#website","url":"https:\/\/socialdesignmagazine.com\/mag\/products-selection\/","name":"SDM Product Selection","description":"Una selezioni di prodotti dei brand pi\u00f9 interessanti per arredare e progettare","publisher":{"@id":"https:\/\/socialdesignmagazine.com\/mag\/products-selection\/#organization"},"potentialAction":[{"@type":"SearchAction","target":{"@type":"EntryPoint","urlTemplate":"https:\/\/socialdesignmagazine.com\/mag\/products-selection\/?s={search_term_string}"},"query-input":{"@type":"PropertyValueSpecification","valueRequired":true,"valueName":"search_term_string"}}],"inLanguage":"it-IT"},{"@type":"Organization","@id":"https:\/\/socialdesignmagazine.com\/mag\/products-selection\/#organization","name":"Social Design Magazine","url":"https:\/\/socialdesignmagazine.com\/mag\/products-selection\/","logo":{"@type":"ImageObject","inLanguage":"it-IT","@id":"https:\/\/socialdesignmagazine.com\/mag\/products-selection\/#\/schema\/logo\/image\/","url":"https:\/\/socialdesignmagazine.com\/mag\/products-selection\/wp-content\/uploads\/sites\/2\/2015\/05\/social-design-magazine-logo.png","contentUrl":"https:\/\/socialdesignmagazine.com\/mag\/products-selection\/wp-content\/uploads\/sites\/2\/2015\/05\/social-design-magazine-logo.png","width":251,"height":101,"caption":"Social Design Magazine"},"image":{"@id":"https:\/\/socialdesignmagazine.com\/mag\/products-selection\/#\/schema\/logo\/image\/"},"sameAs":["https:\/\/www.facebook.com\/socialdesignmag","https:\/\/x.com\/socialdesignmag","http:\/\/instagram.com\/social_design_magazine\/","http:\/\/pinterest.com\/socialdesignmag\/","http:\/\/www.youtube.com\/user\/socialdesignmagazine"]}]}},"jetpack_publicize_connections":[],"jetpack_sharing_enabled":true,"brands":[{"id":1511,"name":"Catellani &amp; Smith","slug":"catellani-smith"}],"_links":{"self":[{"href":"https:\/\/socialdesignmagazine.com\/mag\/products-selection\/wp-json\/wp\/v2\/product\/84895","targetHints":{"allow":["GET"]}}],"collection":[{"href":"https:\/\/socialdesignmagazine.com\/mag\/products-selection\/wp-json\/wp\/v2\/product"}],"about":[{"href":"https:\/\/socialdesignmagazine.com\/mag\/products-selection\/wp-json\/wp\/v2\/types\/product"}],"wp:featuredmedia":[{"embeddable":true,"href":"https:\/\/socialdesignmagazine.com\/mag\/products-selection\/wp-json\/wp\/v2\/media\/136826"}],"wp:attachment":[{"href":"https:\/\/socialdesignmagazine.com\/mag\/products-selection\/wp-json\/wp\/v2\/media?parent=84895"}],"wp:term":[{"taxonomy":"pwb-brand","embeddable":true,"href":"https:\/\/socialdesignmagazine.com\/mag\/products-selection\/wp-json\/wp\/v2\/pwb-brand?post=84895"},{"taxonomy":"product_brand","embeddable":true,"href":"https:\/\/socialdesignmagazine.com\/mag\/products-selection\/wp-json\/wp\/v2\/product_brand?post=84895"},{"taxonomy":"product_cat","embeddable":true,"href":"https:\/\/socialdesignmagazine.com\/mag\/products-selection\/wp-json\/wp\/v2\/product_cat?post=84895"},{"taxonomy":"product_tag","embeddable":true,"href":"https:\/\/socialdesignmagazine.com\/mag\/products-selection\/wp-json\/wp\/v2\/product_tag?post=84895"}],"curies":[{"name":"wp","href":"https:\/\/api.w.org\/{rel}","templated":true}]}}